{"id":5492,"date":"2023-04-01T04:31:36","date_gmt":"2023-04-01T04:31:36","guid":{"rendered":"https:\/\/decolights.eu\/?post_type=product&#038;p=5492"},"modified":"2023-04-24T12:58:46","modified_gmt":"2023-04-24T12:58:46","slug":"solar-led-string-lights","status":"publish","type":"product","link":"https:\/\/decolights.eu\/hu\/termek-2\/solar-led-string-lights\/","title":{"rendered":"Solar LED-es l\u00e1mp\u00e1k"},"content":{"rendered":"<p>Napelemes f\u00e9nyl\u00e1nc 100 meleg feh\u00e9r LED-del. K\u00fcl\u00f6n panel, amely megk\u00f6nny\u00edti a f\u00e9nyl\u00e1nc \u00e1rny\u00e9kba helyez\u00e9s\u00e9t \u00e9s a panel napf\u00e9nybe helyez\u00e9s\u00e9t.<\/p>\n<ul>\n<li><strong>LED sz\u00edn<\/strong>: meleg feh\u00e9r<\/li>\n<li><strong>LED-ek sz\u00e1ma<\/strong><strong>: <\/strong>100 LED<\/li>\n<li><strong>Teljes hossz (tartoz\u00e9k t\u00e1pk\u00e1bel): <\/strong>13M<\/li>\n<li><strong>Vil\u00e1g\u00edt\u00e1s hossza: <\/strong>10M<\/li>\n<li><strong>T\u00e1pk\u00e1bel:<\/strong> 3M<\/li>\n<li><strong>Az izz\u00f3k k\u00f6z\u00f6tti t\u00e1vols\u00e1g:<\/strong> 10cm<\/li>\n<li><strong>K\u00e1bel sz\u00edne: <\/strong>fekete<\/li>\n<li><strong>IP besorol\u00e1s: <\/strong>IP44<\/li>\n<li><strong>\u00c1ramforr\u00e1s:\u00a0<\/strong>Nap<\/li>\n<li><strong>Id\u0151z\u00edt\u0151:\u00a0<\/strong>Vil\u00e1g\u00edt a s\u00f6t\u00e9tben<\/li>\n<li><strong>K\u00e1bel anyaga:\u00a0<\/strong>PVC<\/li>\n<li><strong>Csatlakoztathat\u00f3:\u00a0<\/strong>Nem<\/li>\n<li><strong>Kupak\/foglalat:\u00a0<\/strong>Nem cser\u00e9lhet\u0151<\/li>\n<li><strong>CE tan\u00fas\u00edtv\u00e1nnyal rendelkezik:\u00a0<\/strong>Igen<\/li>\n<li>1,2oV DC 0,30W<\/li>\n<\/ul>","protected":false},"excerpt":{"rendered":"<p>Solar light chain with 100 warm white LED. Separate panel that makes it easy to have the light chain placed in the shadow, and the panel into the sun. LED colour: warm white Number of LEDs: 100LED Total length (included power lead cable): 13M Lit length: 10M Power lead cable: 3M Spacing between bulbs: 10CM [&#8230;]\n","protected":false},"featured_media":5614,"comment_status":"open","ping_status":"closed","template":"","meta":[],"product_brand":[],"product_cat":[236,226,232,195,171],"product_tag":[],"class_list":{"0":"post-5492","1":"product","2":"type-product","3":"status-publish","4":"has-post-thumbnail","6":"product_cat-led-string-lights-outdoor-lights","7":"product_cat-outdoor-lights","8":"product_cat-solar-festoon-lights-outdoor-lights","9":"product_cat-solar-festoon-lights","10":"product_cat-solar-lights","11":"pa_brand-deco","12":"pa_led-colour-warm-white","14":"first","15":"instock","16":"sale","17":"shipping-taxable","18":"purchasable","19":"product-type-simple"},"yoast_head":"<!-- This site is optimized with the Yoast SEO plugin v27.3 - https:\/\/yoast.com\/product\/yoast-seo-wordpress\/ -->\n<title>Solar LED String lights - Best price guarantee - Decolights.eu<\/title>\n<meta name=\"description\" content=\"Decorate your patio or garden with a nice solar LED string lights to get a cosy atmosphere. Do not hesitate and buy now the get the best price!\" \/>\n<meta name=\"robots\" content=\"index, follow, max-snippet:-1, max-image-preview:large, max-video-preview:-1\" \/>\n<link rel=\"canonical\" href=\"https:\/\/decolights.eu\/hu\/termek-2\/solar-led-string-lights\/\" \/>\n<meta property=\"og:locale\" content=\"hu_HU\" \/>\n<meta property=\"og:type\" content=\"article\" \/>\n<meta property=\"og:title\" content=\"Solar LED String lights - Best price guarantee - Decolights.eu\" \/>\n<meta property=\"og:description\" content=\"Decorate your patio or garden with a nice solar LED string lights to get a cosy atmosphere. Do not hesitate and buy now the get the best price!\" \/>\n<meta property=\"og:url\" content=\"https:\/\/decolights.eu\/hu\/termek-2\/solar-led-string-lights\/\" \/>\n<meta property=\"og:site_name\" content=\"Decolights.eu\" \/>\n<meta property=\"article:modified_time\" content=\"2023-04-24T12:58:46+00:00\" \/>\n<meta property=\"og:image\" content=\"https:\/\/decolights.eu\/wp-content\/uploads\/2023\/04\/480-21_M2.png\" \/>\n\t<meta property=\"og:image:width\" content=\"600\" \/>\n\t<meta property=\"og:image:height\" content=\"602\" \/>\n\t<meta property=\"og:image:type\" content=\"image\/png\" \/>\n<meta name=\"twitter:card\" content=\"summary_large_image\" \/>\n<meta name=\"twitter:label1\" content=\"Becs\u00fclt olvas\u00e1si id\u0151\" \/>\n\t<meta name=\"twitter:data1\" content=\"1 perc\" \/>\n<script type=\"application\/ld+json\" class=\"yoast-schema-graph\">{\"@context\":\"https:\\\/\\\/schema.org\",\"@graph\":[{\"@type\":\"WebPage\",\"@id\":\"https:\\\/\\\/decolights.eu\\\/product\\\/solar-led-string-lights\\\/\",\"url\":\"https:\\\/\\\/decolights.eu\\\/product\\\/solar-led-string-lights\\\/\",\"name\":\"Solar LED String lights - Best price guarantee - Decolights.eu\",\"isPartOf\":{\"@id\":\"https:\\\/\\\/decolights.eu\\\/#website\"},\"primaryImageOfPage\":{\"@id\":\"https:\\\/\\\/decolights.eu\\\/product\\\/solar-led-string-lights\\\/#primaryimage\"},\"image\":{\"@id\":\"https:\\\/\\\/decolights.eu\\\/product\\\/solar-led-string-lights\\\/#primaryimage\"},\"thumbnailUrl\":\"https:\\\/\\\/decolights.eu\\\/wp-content\\\/uploads\\\/2023\\\/04\\\/480-21_M2.png\",\"datePublished\":\"2023-04-01T04:31:36+00:00\",\"dateModified\":\"2023-04-24T12:58:46+00:00\",\"description\":\"Decorate your patio or garden with a nice solar LED string lights to get a cosy atmosphere. Do not hesitate and buy now the get the best price!\",\"breadcrumb\":{\"@id\":\"https:\\\/\\\/decolights.eu\\\/product\\\/solar-led-string-lights\\\/#breadcrumb\"},\"inLanguage\":\"hu\",\"potentialAction\":[{\"@type\":\"ReadAction\",\"target\":[\"https:\\\/\\\/decolights.eu\\\/product\\\/solar-led-string-lights\\\/\"]}]},{\"@type\":\"ImageObject\",\"inLanguage\":\"hu\",\"@id\":\"https:\\\/\\\/decolights.eu\\\/product\\\/solar-led-string-lights\\\/#primaryimage\",\"url\":\"https:\\\/\\\/decolights.eu\\\/wp-content\\\/uploads\\\/2023\\\/04\\\/480-21_M2.png\",\"contentUrl\":\"https:\\\/\\\/decolights.eu\\\/wp-content\\\/uploads\\\/2023\\\/04\\\/480-21_M2.png\",\"width\":600,\"height\":602},{\"@type\":\"BreadcrumbList\",\"@id\":\"https:\\\/\\\/decolights.eu\\\/product\\\/solar-led-string-lights\\\/#breadcrumb\",\"itemListElement\":[{\"@type\":\"ListItem\",\"position\":1,\"name\":\"Shop\",\"item\":\"https:\\\/\\\/decolights.eu\\\/shop\\\/\"},{\"@type\":\"ListItem\",\"position\":2,\"name\":\"Solar LED String lights\"}]},{\"@type\":\"WebSite\",\"@id\":\"https:\\\/\\\/decolights.eu\\\/#website\",\"url\":\"https:\\\/\\\/decolights.eu\\\/\",\"name\":\"decolights\",\"description\":\"Led Decorations for Home and Garden\",\"publisher\":{\"@id\":\"https:\\\/\\\/decolights.eu\\\/#organization\"},\"alternateName\":\"decolights.eu\",\"potentialAction\":[{\"@type\":\"SearchAction\",\"target\":{\"@type\":\"EntryPoint\",\"urlTemplate\":\"https:\\\/\\\/decolights.eu\\\/?s={search_term_string}\"},\"query-input\":{\"@type\":\"PropertyValueSpecification\",\"valueRequired\":true,\"valueName\":\"search_term_string\"}}],\"inLanguage\":\"hu\"},{\"@type\":\"Organization\",\"@id\":\"https:\\\/\\\/decolights.eu\\\/#organization\",\"name\":\"decolights\",\"url\":\"https:\\\/\\\/decolights.eu\\\/\",\"logo\":{\"@type\":\"ImageObject\",\"inLanguage\":\"hu\",\"@id\":\"https:\\\/\\\/decolights.eu\\\/#\\\/schema\\\/logo\\\/image\\\/\",\"url\":\"https:\\\/\\\/decolights.eu\\\/wp-content\\\/uploads\\\/2023\\\/07\\\/cropped-decolight-siteicon.png\",\"contentUrl\":\"https:\\\/\\\/decolights.eu\\\/wp-content\\\/uploads\\\/2023\\\/07\\\/cropped-decolight-siteicon.png\",\"width\":512,\"height\":512,\"caption\":\"decolights\"},\"image\":{\"@id\":\"https:\\\/\\\/decolights.eu\\\/#\\\/schema\\\/logo\\\/image\\\/\"}}]}<\/script>\n<!-- \/ Yoast SEO plugin. -->","yoast_head_json":{"title":"Solar LED string l\u00e1mp\u00e1k - A legjobb \u00e1r garancia - Decolights.eu","description":"D\u00edsz\u00edtse terasz\u00e1t vagy kertj\u00e9t egy sz\u00e9p napelemes LED-l\u00e1mp\u00e1kkal, hogy hangulatos l\u00e9gk\u00f6rt teremtsen. Ne habozzon \u00e9s v\u00e1s\u00e1rolja meg most a legjobb \u00e1ron!","robots":{"index":"index","follow":"follow","max-snippet":"max-snippet:-1","max-image-preview":"max-image-preview:large","max-video-preview":"max-video-preview:-1"},"canonical":"https:\/\/decolights.eu\/hu\/termek-2\/solar-led-string-lights\/","og_locale":"hu_HU","og_type":"article","og_title":"Solar LED String lights - Best price guarantee - Decolights.eu","og_description":"Decorate your patio or garden with a nice solar LED string lights to get a cosy atmosphere. Do not hesitate and buy now the get the best price!","og_url":"https:\/\/decolights.eu\/hu\/termek-2\/solar-led-string-lights\/","og_site_name":"Decolights.eu","article_modified_time":"2023-04-24T12:58:46+00:00","og_image":[{"width":600,"height":602,"url":"https:\/\/decolights.eu\/wp-content\/uploads\/2023\/04\/480-21_M2.png","type":"image\/png"}],"twitter_card":"summary_large_image","twitter_misc":{"Becs\u00fclt olvas\u00e1si id\u0151":"1 perc"},"schema":{"@context":"https:\/\/schema.org","@graph":[{"@type":"WebPage","@id":"https:\/\/decolights.eu\/product\/solar-led-string-lights\/","url":"https:\/\/decolights.eu\/product\/solar-led-string-lights\/","name":"Solar LED string l\u00e1mp\u00e1k - A legjobb \u00e1r garancia - Decolights.eu","isPartOf":{"@id":"https:\/\/decolights.eu\/#website"},"primaryImageOfPage":{"@id":"https:\/\/decolights.eu\/product\/solar-led-string-lights\/#primaryimage"},"image":{"@id":"https:\/\/decolights.eu\/product\/solar-led-string-lights\/#primaryimage"},"thumbnailUrl":"https:\/\/decolights.eu\/wp-content\/uploads\/2023\/04\/480-21_M2.png","datePublished":"2023-04-01T04:31:36+00:00","dateModified":"2023-04-24T12:58:46+00:00","description":"D\u00edsz\u00edtse terasz\u00e1t vagy kertj\u00e9t egy sz\u00e9p napelemes LED-l\u00e1mp\u00e1kkal, hogy hangulatos l\u00e9gk\u00f6rt teremtsen. Ne habozzon \u00e9s v\u00e1s\u00e1rolja meg most a legjobb \u00e1ron!","breadcrumb":{"@id":"https:\/\/decolights.eu\/product\/solar-led-string-lights\/#breadcrumb"},"inLanguage":"hu","potentialAction":[{"@type":"ReadAction","target":["https:\/\/decolights.eu\/product\/solar-led-string-lights\/"]}]},{"@type":"ImageObject","inLanguage":"hu","@id":"https:\/\/decolights.eu\/product\/solar-led-string-lights\/#primaryimage","url":"https:\/\/decolights.eu\/wp-content\/uploads\/2023\/04\/480-21_M2.png","contentUrl":"https:\/\/decolights.eu\/wp-content\/uploads\/2023\/04\/480-21_M2.png","width":600,"height":602},{"@type":"BreadcrumbList","@id":"https:\/\/decolights.eu\/product\/solar-led-string-lights\/#breadcrumb","itemListElement":[{"@type":"ListItem","position":1,"name":"Shop","item":"https:\/\/decolights.eu\/shop\/"},{"@type":"ListItem","position":2,"name":"Solar LED String lights"}]},{"@type":"WebSite","@id":"https:\/\/decolights.eu\/#website","url":"https:\/\/decolights.eu\/","name":"decolights","description":"Led dekor\u00e1ci\u00f3 otthonra \u00e9s kertre","publisher":{"@id":"https:\/\/decolights.eu\/#organization"},"alternateName":"decolights.eu","potentialAction":[{"@type":"SearchAction","target":{"@type":"EntryPoint","urlTemplate":"https:\/\/decolights.eu\/?s={search_term_string}"},"query-input":{"@type":"PropertyValueSpecification","valueRequired":true,"valueName":"search_term_string"}}],"inLanguage":"hu"},{"@type":"Organization","@id":"https:\/\/decolights.eu\/#organization","name":"decolights","url":"https:\/\/decolights.eu\/","logo":{"@type":"ImageObject","inLanguage":"hu","@id":"https:\/\/decolights.eu\/#\/schema\/logo\/image\/","url":"https:\/\/decolights.eu\/wp-content\/uploads\/2023\/07\/cropped-decolight-siteicon.png","contentUrl":"https:\/\/decolights.eu\/wp-content\/uploads\/2023\/07\/cropped-decolight-siteicon.png","width":512,"height":512,"caption":"decolights"},"image":{"@id":"https:\/\/decolights.eu\/#\/schema\/logo\/image\/"}}]}},"jetpack_sharing_enabled":true,"_links":{"self":[{"href":"https:\/\/decolights.eu\/hu\/wp-json\/wp\/v2\/product\/5492","targetHints":{"allow":["GET"]}}],"collection":[{"href":"https:\/\/decolights.eu\/hu\/wp-json\/wp\/v2\/product"}],"about":[{"href":"https:\/\/decolights.eu\/hu\/wp-json\/wp\/v2\/types\/product"}],"replies":[{"embeddable":true,"href":"https:\/\/decolights.eu\/hu\/wp-json\/wp\/v2\/comments?post=5492"}],"wp:featuredmedia":[{"embeddable":true,"href":"https:\/\/decolights.eu\/hu\/wp-json\/wp\/v2\/media\/5614"}],"wp:attachment":[{"href":"https:\/\/decolights.eu\/hu\/wp-json\/wp\/v2\/media?parent=5492"}],"wp:term":[{"taxonomy":"product_brand","embeddable":true,"href":"https:\/\/decolights.eu\/hu\/wp-json\/wp\/v2\/product_brand?post=5492"},{"taxonomy":"product_cat","embeddable":true,"href":"https:\/\/decolights.eu\/hu\/wp-json\/wp\/v2\/product_cat?post=5492"},{"taxonomy":"product_tag","embeddable":true,"href":"https:\/\/decolights.eu\/hu\/wp-json\/wp\/v2\/product_tag?post=5492"}],"curies":[{"name":"wp","href":"https:\/\/api.w.org\/{rel}","templated":true}]}}