{"id":5609,"date":"2023-04-01T04:33:34","date_gmt":"2023-04-01T04:33:34","guid":{"rendered":"https:\/\/decolights.eu\/?post_type=product&#038;p=5609"},"modified":"2023-05-09T12:30:46","modified_gmt":"2023-05-09T12:30:46","slug":"smart-festoon-lights-rgb-20m-40-bulbs-twinkly-festoon-gen-ii","status":"publish","type":"product","link":"https:\/\/decolights.eu\/hu\/termek-2\/smart-festoon-lights-rgb-20m-40-bulbs-twinkly-festoon-gen-ii\/","title":{"rendered":"Intelligens d\u00edszl\u00e1mp\u00e1k RGB 20M 40 izz\u00f3s Twinkly Festoon (Gen II)"},"content":{"rendered":"<p>A Twinkly Christmas vil\u00e1g\u00edt\u00e1s a t\u00f6bbsz\u00edn\u0171 RGB LED-l\u00e1mp\u00e1kat \u00e9s az intelligens technol\u00f3gi\u00e1kat \u00f6tv\u00f6zi. A l\u00e1mp\u00e1kat Wi-Fi h\u00e1l\u00f3zaton vagy Bluetooth seg\u00edts\u00e9g\u00e9vel vez\u00e9relheti \u2013 pontosan olyan vil\u00e1g\u00edt\u00e1st \u00e9s mint\u00e1t hozhat l\u00e9tre, amilyennek tetszik. Haszn\u00e1ljon k\u00fcl\u00f6nb\u00f6z\u0151 effektusokat \u00e9s anim\u00e1ci\u00f3kat. <strong>MusicSync<\/strong> lehet\u0151v\u00e9 teszi a vil\u00e1g\u00edt\u00e1s \u00f6sszekapcsol\u00e1s\u00e1t a zen\u00e9vel.<\/p>\n<p>A Twinkly a Google Assistant \u00e9s az Amazon Alexa virtu\u00e1lis asszisztensekkel is m\u0171k\u00f6dik. IP44-es, \u00edgy a l\u00e1mp\u00e1k belt\u00e9ri \u00e9s k\u00fclt\u00e9ri haszn\u00e1latra is alkalmasak.<\/p>\n<p><strong>A kar\u00e1csonyi f\u00e9nyek zsin\u00f3rj\u00e1nak teljes hossza 24 m\u00e9ter (ebb\u0151l 20 m\u00e9ter kivil\u00e1g\u00edtott), \u00e9s 40 darab G45-\u00f6s l\u00e1mp\u00e1t tartalmaz. A l\u00e1mp\u00e1k \u00e9lettartama meghaladja a 30 000 \u00f3r\u00e1t.<\/strong><\/p>\n<p><iframe loading=\"lazy\" title=\"Vil\u00e1gos\u00edtsa meg ny\u00e1ri \u00e9jszak\u00e1it a Festoon seg\u00edts\u00e9g\u00e9vel\" width=\"1020\" height=\"574\" src=\"https:\/\/www.youtube.com\/embed\/WIS5tJTZ0PQ?feature=oembed\" frameborder=\"0\" allow=\"accelerometer; autoplay; clipboard-write; encrypted-media; gyroscope; picture-in-picture; web-share\" allowfullscreen><\/iframe><\/p>\n<p><em>Ui: A vide\u00f3 illusztr\u00e1ci\u00f3, \u00e9s el\u0151fordulhat, hogy az adott term\u00e9k nem rendelkezik a vide\u00f3n l\u00e1that\u00f3 \u00f6sszes funkci\u00f3val.<\/em><\/p>\n<p><strong>IP besorol\u00e1s:<\/strong> IP44<br \/>\n<strong>Izz\u00f3k mennyis\u00e9ge:<\/strong> 40 db<br \/>\n<strong>A l\u00e1mp\u00e1k k\u00f6z\u00f6tti t\u00e1vols\u00e1g:<\/strong> 50 cm<br \/>\n<strong>Izz\u00f3 \u00e1tm\u00e9r\u0151je:<\/strong> 4,5 cm<br \/>\n<strong>Zene szinkroniz\u00e1l\u00e1s:<\/strong> Igen, csak Twinkly Music USB mikrofon<br \/>\n<strong>Csatlakoz\u00e1s:<\/strong> Bluetooth\u00ae \u00e9s Wi-Fi<\/p>","protected":false},"excerpt":{"rendered":"<p>Twinkly Christmas lighting combines multi-colored RGB LED lights and smart technologies. You can control the lights over a Wi-Fi network or using Bluetooth &#8211; create exactly the kind of lighting and pattern you like. Use different effects and animations. MusicSync allows lighting to be connected to music. Twinkly also works with Google Assistant and Amazon [&#8230;]\n","protected":false},"featured_media":5689,"comment_status":"open","ping_status":"closed","template":"","meta":[],"product_brand":[],"product_cat":[226,235],"product_tag":[],"class_list":{"0":"post-5609","1":"product","2":"type-product","3":"status-publish","4":"has-post-thumbnail","6":"product_cat-outdoor-lights","7":"product_cat-twinkly-outdoor-lights","8":"pa_brand-twinkly","9":"pa_led-colour-multi-coloured","11":"first","12":"instock","13":"sale","14":"shipping-taxable","15":"purchasable","16":"product-type-simple"},"yoast_head":"<!-- This site is optimized with the Yoast SEO plugin v27.3 - https:\/\/yoast.com\/product\/yoast-seo-wordpress\/ -->\n<title>Smart festoon lights RGB 20M 40 bulbs Twinkly Festoon (Gen II) - Best price -Decolights.eu<\/title>\n<meta name=\"description\" content=\"Twinkly festoon lights is a smart light chain with RGB bulbs that can be controlled via app and voice assistants. Get it now for the best price!\" \/>\n<meta name=\"robots\" content=\"index, follow, max-snippet:-1, max-image-preview:large, max-video-preview:-1\" \/>\n<link rel=\"canonical\" href=\"https:\/\/decolights.eu\/hu\/termek-2\/smart-festoon-lights-rgb-20m-40-bulbs-twinkly-festoon-gen-ii\/\" \/>\n<meta property=\"og:locale\" content=\"hu_HU\" \/>\n<meta property=\"og:type\" content=\"article\" \/>\n<meta property=\"og:title\" content=\"Smart festoon lights RGB 20M 40 bulbs Twinkly Festoon (Gen II) - Best price -Decolights.eu\" \/>\n<meta property=\"og:description\" content=\"Twinkly festoon lights is a smart light chain with RGB bulbs that can be controlled via app and voice assistants. Get it now for the best price!\" \/>\n<meta property=\"og:url\" content=\"https:\/\/decolights.eu\/hu\/termek-2\/smart-festoon-lights-rgb-20m-40-bulbs-twinkly-festoon-gen-ii\/\" \/>\n<meta property=\"og:site_name\" content=\"Decolights.eu\" \/>\n<meta property=\"article:modified_time\" content=\"2023-05-09T12:30:46+00:00\" \/>\n<meta property=\"og:image\" content=\"https:\/\/decolights.eu\/wp-content\/uploads\/2023\/04\/TWF040STP-BEU_Out-of-the-box.jpg\" \/>\n\t<meta property=\"og:image:width\" content=\"600\" \/>\n\t<meta property=\"og:image:height\" content=\"600\" \/>\n\t<meta property=\"og:image:type\" content=\"image\/jpeg\" \/>\n<meta name=\"twitter:card\" content=\"summary_large_image\" \/>\n<meta name=\"twitter:label1\" content=\"Becs\u00fclt olvas\u00e1si id\u0151\" \/>\n\t<meta name=\"twitter:data1\" content=\"1 perc\" \/>\n<script type=\"application\/ld+json\" class=\"yoast-schema-graph\">{\"@context\":\"https:\\\/\\\/schema.org\",\"@graph\":[{\"@type\":\"WebPage\",\"@id\":\"https:\\\/\\\/decolights.eu\\\/product\\\/smart-festoon-lights-rgb-20m-40-bulbs-twinkly-festoon-gen-ii\\\/\",\"url\":\"https:\\\/\\\/decolights.eu\\\/product\\\/smart-festoon-lights-rgb-20m-40-bulbs-twinkly-festoon-gen-ii\\\/\",\"name\":\"Smart festoon lights RGB 20M 40 bulbs Twinkly Festoon (Gen II) - Best price -Decolights.eu\",\"isPartOf\":{\"@id\":\"https:\\\/\\\/decolights.eu\\\/#website\"},\"primaryImageOfPage\":{\"@id\":\"https:\\\/\\\/decolights.eu\\\/product\\\/smart-festoon-lights-rgb-20m-40-bulbs-twinkly-festoon-gen-ii\\\/#primaryimage\"},\"image\":{\"@id\":\"https:\\\/\\\/decolights.eu\\\/product\\\/smart-festoon-lights-rgb-20m-40-bulbs-twinkly-festoon-gen-ii\\\/#primaryimage\"},\"thumbnailUrl\":\"https:\\\/\\\/decolights.eu\\\/wp-content\\\/uploads\\\/2023\\\/04\\\/TWF040STP-BEU_Out-of-the-box.jpg\",\"datePublished\":\"2023-04-01T04:33:34+00:00\",\"dateModified\":\"2023-05-09T12:30:46+00:00\",\"description\":\"Twinkly festoon lights is a smart light chain with RGB bulbs that can be controlled via app and voice assistants. Get it now for the best price!\",\"breadcrumb\":{\"@id\":\"https:\\\/\\\/decolights.eu\\\/product\\\/smart-festoon-lights-rgb-20m-40-bulbs-twinkly-festoon-gen-ii\\\/#breadcrumb\"},\"inLanguage\":\"hu\",\"potentialAction\":[{\"@type\":\"ReadAction\",\"target\":[\"https:\\\/\\\/decolights.eu\\\/product\\\/smart-festoon-lights-rgb-20m-40-bulbs-twinkly-festoon-gen-ii\\\/\"]}]},{\"@type\":\"ImageObject\",\"inLanguage\":\"hu\",\"@id\":\"https:\\\/\\\/decolights.eu\\\/product\\\/smart-festoon-lights-rgb-20m-40-bulbs-twinkly-festoon-gen-ii\\\/#primaryimage\",\"url\":\"https:\\\/\\\/decolights.eu\\\/wp-content\\\/uploads\\\/2023\\\/04\\\/TWF040STP-BEU_Out-of-the-box.jpg\",\"contentUrl\":\"https:\\\/\\\/decolights.eu\\\/wp-content\\\/uploads\\\/2023\\\/04\\\/TWF040STP-BEU_Out-of-the-box.jpg\",\"width\":600,\"height\":600},{\"@type\":\"BreadcrumbList\",\"@id\":\"https:\\\/\\\/decolights.eu\\\/product\\\/smart-festoon-lights-rgb-20m-40-bulbs-twinkly-festoon-gen-ii\\\/#breadcrumb\",\"itemListElement\":[{\"@type\":\"ListItem\",\"position\":1,\"name\":\"Shop\",\"item\":\"https:\\\/\\\/decolights.eu\\\/shop\\\/\"},{\"@type\":\"ListItem\",\"position\":2,\"name\":\"Smart festoon lights RGB 20M 40 bulbs Twinkly Festoon (Gen II)\"}]},{\"@type\":\"WebSite\",\"@id\":\"https:\\\/\\\/decolights.eu\\\/#website\",\"url\":\"https:\\\/\\\/decolights.eu\\\/\",\"name\":\"decolights\",\"description\":\"Led Decorations for Home and Garden\",\"publisher\":{\"@id\":\"https:\\\/\\\/decolights.eu\\\/#organization\"},\"alternateName\":\"decolights.eu\",\"potentialAction\":[{\"@type\":\"SearchAction\",\"target\":{\"@type\":\"EntryPoint\",\"urlTemplate\":\"https:\\\/\\\/decolights.eu\\\/?s={search_term_string}\"},\"query-input\":{\"@type\":\"PropertyValueSpecification\",\"valueRequired\":true,\"valueName\":\"search_term_string\"}}],\"inLanguage\":\"hu\"},{\"@type\":\"Organization\",\"@id\":\"https:\\\/\\\/decolights.eu\\\/#organization\",\"name\":\"decolights\",\"url\":\"https:\\\/\\\/decolights.eu\\\/\",\"logo\":{\"@type\":\"ImageObject\",\"inLanguage\":\"hu\",\"@id\":\"https:\\\/\\\/decolights.eu\\\/#\\\/schema\\\/logo\\\/image\\\/\",\"url\":\"https:\\\/\\\/decolights.eu\\\/wp-content\\\/uploads\\\/2023\\\/07\\\/cropped-decolight-siteicon.png\",\"contentUrl\":\"https:\\\/\\\/decolights.eu\\\/wp-content\\\/uploads\\\/2023\\\/07\\\/cropped-decolight-siteicon.png\",\"width\":512,\"height\":512,\"caption\":\"decolights\"},\"image\":{\"@id\":\"https:\\\/\\\/decolights.eu\\\/#\\\/schema\\\/logo\\\/image\\\/\"}}]}<\/script>\n<!-- \/ Yoast SEO plugin. -->","yoast_head_json":{"title":"Intelligens d\u00edszl\u00e1mp\u00e1k RGB 20M 40 izz\u00f3s Twinkly Festoon (Gen II) - Legjobb \u00e1r -Decolights.eu","description":"A Twinkly festoon lights egy intelligens f\u00e9nyl\u00e1nc RGB izz\u00f3kkal, amelyek alkalmaz\u00e1ssal \u00e9s hangseg\u00e9dekkel vez\u00e9relhet\u0151k. Szerezd meg most a legjobb \u00e1ron!","robots":{"index":"index","follow":"follow","max-snippet":"max-snippet:-1","max-image-preview":"max-image-preview:large","max-video-preview":"max-video-preview:-1"},"canonical":"https:\/\/decolights.eu\/hu\/termek-2\/smart-festoon-lights-rgb-20m-40-bulbs-twinkly-festoon-gen-ii\/","og_locale":"hu_HU","og_type":"article","og_title":"Smart festoon lights RGB 20M 40 bulbs Twinkly Festoon (Gen II) - Best price -Decolights.eu","og_description":"Twinkly festoon lights is a smart light chain with RGB bulbs that can be controlled via app and voice assistants. Get it now for the best price!","og_url":"https:\/\/decolights.eu\/hu\/termek-2\/smart-festoon-lights-rgb-20m-40-bulbs-twinkly-festoon-gen-ii\/","og_site_name":"Decolights.eu","article_modified_time":"2023-05-09T12:30:46+00:00","og_image":[{"width":600,"height":600,"url":"https:\/\/decolights.eu\/wp-content\/uploads\/2023\/04\/TWF040STP-BEU_Out-of-the-box.jpg","type":"image\/jpeg"}],"twitter_card":"summary_large_image","twitter_misc":{"Becs\u00fclt olvas\u00e1si id\u0151":"1 perc"},"schema":{"@context":"https:\/\/schema.org","@graph":[{"@type":"WebPage","@id":"https:\/\/decolights.eu\/product\/smart-festoon-lights-rgb-20m-40-bulbs-twinkly-festoon-gen-ii\/","url":"https:\/\/decolights.eu\/product\/smart-festoon-lights-rgb-20m-40-bulbs-twinkly-festoon-gen-ii\/","name":"Intelligens d\u00edszl\u00e1mp\u00e1k RGB 20M 40 izz\u00f3s Twinkly Festoon (Gen II) - Legjobb \u00e1r -Decolights.eu","isPartOf":{"@id":"https:\/\/decolights.eu\/#website"},"primaryImageOfPage":{"@id":"https:\/\/decolights.eu\/product\/smart-festoon-lights-rgb-20m-40-bulbs-twinkly-festoon-gen-ii\/#primaryimage"},"image":{"@id":"https:\/\/decolights.eu\/product\/smart-festoon-lights-rgb-20m-40-bulbs-twinkly-festoon-gen-ii\/#primaryimage"},"thumbnailUrl":"https:\/\/decolights.eu\/wp-content\/uploads\/2023\/04\/TWF040STP-BEU_Out-of-the-box.jpg","datePublished":"2023-04-01T04:33:34+00:00","dateModified":"2023-05-09T12:30:46+00:00","description":"A Twinkly festoon lights egy intelligens f\u00e9nyl\u00e1nc RGB izz\u00f3kkal, amelyek alkalmaz\u00e1ssal \u00e9s hangseg\u00e9dekkel vez\u00e9relhet\u0151k. Szerezd meg most a legjobb \u00e1ron!","breadcrumb":{"@id":"https:\/\/decolights.eu\/product\/smart-festoon-lights-rgb-20m-40-bulbs-twinkly-festoon-gen-ii\/#breadcrumb"},"inLanguage":"hu","potentialAction":[{"@type":"ReadAction","target":["https:\/\/decolights.eu\/product\/smart-festoon-lights-rgb-20m-40-bulbs-twinkly-festoon-gen-ii\/"]}]},{"@type":"ImageObject","inLanguage":"hu","@id":"https:\/\/decolights.eu\/product\/smart-festoon-lights-rgb-20m-40-bulbs-twinkly-festoon-gen-ii\/#primaryimage","url":"https:\/\/decolights.eu\/wp-content\/uploads\/2023\/04\/TWF040STP-BEU_Out-of-the-box.jpg","contentUrl":"https:\/\/decolights.eu\/wp-content\/uploads\/2023\/04\/TWF040STP-BEU_Out-of-the-box.jpg","width":600,"height":600},{"@type":"BreadcrumbList","@id":"https:\/\/decolights.eu\/product\/smart-festoon-lights-rgb-20m-40-bulbs-twinkly-festoon-gen-ii\/#breadcrumb","itemListElement":[{"@type":"ListItem","position":1,"name":"Shop","item":"https:\/\/decolights.eu\/shop\/"},{"@type":"ListItem","position":2,"name":"Smart festoon lights RGB 20M 40 bulbs Twinkly Festoon (Gen II)"}]},{"@type":"WebSite","@id":"https:\/\/decolights.eu\/#website","url":"https:\/\/decolights.eu\/","name":"decolights","description":"Led dekor\u00e1ci\u00f3 otthonra \u00e9s kertre","publisher":{"@id":"https:\/\/decolights.eu\/#organization"},"alternateName":"decolights.eu","potentialAction":[{"@type":"SearchAction","target":{"@type":"EntryPoint","urlTemplate":"https:\/\/decolights.eu\/?s={search_term_string}"},"query-input":{"@type":"PropertyValueSpecification","valueRequired":true,"valueName":"search_term_string"}}],"inLanguage":"hu"},{"@type":"Organization","@id":"https:\/\/decolights.eu\/#organization","name":"decolights","url":"https:\/\/decolights.eu\/","logo":{"@type":"ImageObject","inLanguage":"hu","@id":"https:\/\/decolights.eu\/#\/schema\/logo\/image\/","url":"https:\/\/decolights.eu\/wp-content\/uploads\/2023\/07\/cropped-decolight-siteicon.png","contentUrl":"https:\/\/decolights.eu\/wp-content\/uploads\/2023\/07\/cropped-decolight-siteicon.png","width":512,"height":512,"caption":"decolights"},"image":{"@id":"https:\/\/decolights.eu\/#\/schema\/logo\/image\/"}}]}},"jetpack_sharing_enabled":true,"_links":{"self":[{"href":"https:\/\/decolights.eu\/hu\/wp-json\/wp\/v2\/product\/5609","targetHints":{"allow":["GET"]}}],"collection":[{"href":"https:\/\/decolights.eu\/hu\/wp-json\/wp\/v2\/product"}],"about":[{"href":"https:\/\/decolights.eu\/hu\/wp-json\/wp\/v2\/types\/product"}],"replies":[{"embeddable":true,"href":"https:\/\/decolights.eu\/hu\/wp-json\/wp\/v2\/comments?post=5609"}],"wp:featuredmedia":[{"embeddable":true,"href":"https:\/\/decolights.eu\/hu\/wp-json\/wp\/v2\/media\/5689"}],"wp:attachment":[{"href":"https:\/\/decolights.eu\/hu\/wp-json\/wp\/v2\/media?parent=5609"}],"wp:term":[{"taxonomy":"product_brand","embeddable":true,"href":"https:\/\/decolights.eu\/hu\/wp-json\/wp\/v2\/product_brand?post=5609"},{"taxonomy":"product_cat","embeddable":true,"href":"https:\/\/decolights.eu\/hu\/wp-json\/wp\/v2\/product_cat?post=5609"},{"taxonomy":"product_tag","embeddable":true,"href":"https:\/\/decolights.eu\/hu\/wp-json\/wp\/v2\/product_tag?post=5609"}],"curies":[{"name":"wp","href":"https:\/\/api.w.org\/{rel}","templated":true}]}}