{"id":5666,"date":"2023-04-01T04:34:25","date_gmt":"2023-04-01T04:34:25","guid":{"rendered":"https:\/\/decolights.eu\/?post_type=product&#038;p=5666"},"modified":"2023-05-10T09:13:53","modified_gmt":"2023-05-10T09:13:53","slug":"led-lights-chain","status":"publish","type":"product","link":"https:\/\/decolights.eu\/hu\/termek-2\/led-lights-chain\/","title":{"rendered":"LED l\u00e1mpa l\u00e1nc"},"content":{"rendered":"<p>F\u00e9nyl\u00e1nc 64 meleg feh\u00e9r LED l\u00e1mp\u00e1val \u00e9s elemtart\u00f3val bel- vagy k\u00fclt\u00e9ri haszn\u00e1latra, 3xAA elemmel m\u0171k\u00f6dik. Az optim\u00e1lis akkumul\u00e1tor-\u00e9lettartam \u00e9rdek\u00e9ben a f\u00e9nyl\u00e1nc ism\u00e9tl\u0151d\u0151 id\u0151z\u00edt\u0151 funkci\u00f3val rendelkezik, 6 \u00f3r\u00e1s be- \u00e9s 18 \u00f3r\u00e1s kikapcsol\u00e1ssal.<\/p>\n<p>Haszn\u00e1lja ny\u00e1ron naperny\u0151k\u00e9nt, kar\u00e1csonykor fal\u00e1mpak\u00e9nt.<\/p>\n<ul>\n<li><strong>LED sz\u00edn<\/strong>: meleg feh\u00e9r<\/li>\n<li><strong>LED-ek sz\u00e1ma<\/strong><strong>: <\/strong>64 LED (8 l\u00e1nc x 8 LED)<\/li>\n<li><b>Hossz:\u00a0<\/b>140cm<\/li>\n<li><strong>Az izz\u00f3k k\u00f6z\u00f6tti t\u00e1vols\u00e1g:<\/strong> 7cm<\/li>\n<li><strong>K\u00e1bel sz\u00edne: <\/strong>fekete<\/li>\n<li><strong>IP besorol\u00e1s: <\/strong>IP44<\/li>\n<li dir=\"ltr\" data-placeholder=\"Translation\"><strong>\u00c1ramforr\u00e1s:<\/strong> 3 x AA elem (nem tartoz\u00e9k)<\/li>\n<li dir=\"ltr\" data-placeholder=\"Translation\"><strong>Id\u0151z\u00edt\u0151:<\/strong> 6H be\/18H ki, ism\u00e9telje meg<\/li>\n<li><strong>K\u00e1bel anyaga:\u00a0<\/strong>PVC<\/li>\n<li><strong>Csatlakoztathat\u00f3:\u00a0<\/strong>Nem<\/li>\n<li><strong>Kupak\/foglalat:\u00a0<\/strong>Nem cser\u00e9lhet\u0151<\/li>\n<li><strong>CE tan\u00fas\u00edtv\u00e1nnyal rendelkezik:\u00a0<\/strong>Igen<\/li>\n<li>4,5V DC<\/li>\n<\/ul>","protected":false},"excerpt":{"rendered":"<p>Light chain with 64 warm white LED lights and with battery box for in- or outdoor use, run by 3xAA batteries. For optimal battery life, the light chain has repeating timer function, 6h on and 18h off. Use as both parasol light in summer time and as a tree light for Christmas. LED colour: warm [&#8230;]\n","protected":false},"featured_media":5722,"comment_status":"open","ping_status":"closed","template":"","meta":[],"product_brand":[],"product_cat":[236,226,230],"product_tag":[],"class_list":{"0":"post-5666","1":"product","2":"type-product","3":"status-publish","4":"has-post-thumbnail","6":"product_cat-led-string-lights-outdoor-lights","7":"product_cat-outdoor-lights","8":"product_cat-patio-lights","9":"pa_brand-deco","10":"pa_led-colour-warm-white","12":"first","13":"instock","14":"sale","15":"shipping-taxable","16":"purchasable","17":"product-type-simple"},"yoast_head":"<!-- This site is optimized with the Yoast SEO plugin v27.3 - https:\/\/yoast.com\/product\/yoast-seo-wordpress\/ -->\n<title>LED Lights Chain - Best price - Decolights.eu<\/title>\n<meta name=\"description\" content=\"Decorate your patio or garden with a nice string LED lights to get a cosy atmosphere. Do not hesitate and buy now the get the best price!\" \/>\n<meta name=\"robots\" content=\"index, follow, max-snippet:-1, max-image-preview:large, max-video-preview:-1\" \/>\n<link rel=\"canonical\" href=\"https:\/\/decolights.eu\/hu\/termek-2\/led-lights-chain\/\" \/>\n<meta property=\"og:locale\" content=\"hu_HU\" \/>\n<meta property=\"og:type\" content=\"article\" \/>\n<meta property=\"og:title\" content=\"LED Lights Chain - Best price - Decolights.eu\" \/>\n<meta property=\"og:description\" content=\"Decorate your patio or garden with a nice string LED lights to get a cosy atmosphere. Do not hesitate and buy now the get the best price!\" \/>\n<meta property=\"og:url\" content=\"https:\/\/decolights.eu\/hu\/termek-2\/led-lights-chain\/\" \/>\n<meta property=\"og:site_name\" content=\"Decolights.eu\" \/>\n<meta property=\"article:modified_time\" content=\"2023-05-10T09:13:53+00:00\" \/>\n<meta property=\"og:image\" content=\"https:\/\/decolights.eu\/wp-content\/uploads\/2023\/04\/727-04_MB_001.png\" \/>\n\t<meta property=\"og:image:width\" content=\"600\" \/>\n\t<meta property=\"og:image:height\" content=\"600\" \/>\n\t<meta property=\"og:image:type\" content=\"image\/png\" \/>\n<meta name=\"twitter:card\" content=\"summary_large_image\" \/>\n<meta name=\"twitter:label1\" content=\"Becs\u00fclt olvas\u00e1si id\u0151\" \/>\n\t<meta name=\"twitter:data1\" content=\"1 perc\" \/>\n<script type=\"application\/ld+json\" class=\"yoast-schema-graph\">{\"@context\":\"https:\\\/\\\/schema.org\",\"@graph\":[{\"@type\":\"WebPage\",\"@id\":\"https:\\\/\\\/decolights.eu\\\/product\\\/led-lights-chain\\\/\",\"url\":\"https:\\\/\\\/decolights.eu\\\/product\\\/led-lights-chain\\\/\",\"name\":\"LED Lights Chain - Best price - Decolights.eu\",\"isPartOf\":{\"@id\":\"https:\\\/\\\/decolights.eu\\\/#website\"},\"primaryImageOfPage\":{\"@id\":\"https:\\\/\\\/decolights.eu\\\/product\\\/led-lights-chain\\\/#primaryimage\"},\"image\":{\"@id\":\"https:\\\/\\\/decolights.eu\\\/product\\\/led-lights-chain\\\/#primaryimage\"},\"thumbnailUrl\":\"https:\\\/\\\/decolights.eu\\\/wp-content\\\/uploads\\\/2023\\\/04\\\/727-04_MB_001.png\",\"datePublished\":\"2023-04-01T04:34:25+00:00\",\"dateModified\":\"2023-05-10T09:13:53+00:00\",\"description\":\"Decorate your patio or garden with a nice string LED lights to get a cosy atmosphere. Do not hesitate and buy now the get the best price!\",\"breadcrumb\":{\"@id\":\"https:\\\/\\\/decolights.eu\\\/product\\\/led-lights-chain\\\/#breadcrumb\"},\"inLanguage\":\"hu\",\"potentialAction\":[{\"@type\":\"ReadAction\",\"target\":[\"https:\\\/\\\/decolights.eu\\\/product\\\/led-lights-chain\\\/\"]}]},{\"@type\":\"ImageObject\",\"inLanguage\":\"hu\",\"@id\":\"https:\\\/\\\/decolights.eu\\\/product\\\/led-lights-chain\\\/#primaryimage\",\"url\":\"https:\\\/\\\/decolights.eu\\\/wp-content\\\/uploads\\\/2023\\\/04\\\/727-04_MB_001.png\",\"contentUrl\":\"https:\\\/\\\/decolights.eu\\\/wp-content\\\/uploads\\\/2023\\\/04\\\/727-04_MB_001.png\",\"width\":600,\"height\":600},{\"@type\":\"BreadcrumbList\",\"@id\":\"https:\\\/\\\/decolights.eu\\\/product\\\/led-lights-chain\\\/#breadcrumb\",\"itemListElement\":[{\"@type\":\"ListItem\",\"position\":1,\"name\":\"Shop\",\"item\":\"https:\\\/\\\/decolights.eu\\\/shop\\\/\"},{\"@type\":\"ListItem\",\"position\":2,\"name\":\"LED Lights Chain\"}]},{\"@type\":\"WebSite\",\"@id\":\"https:\\\/\\\/decolights.eu\\\/#website\",\"url\":\"https:\\\/\\\/decolights.eu\\\/\",\"name\":\"decolights\",\"description\":\"Led Decorations for Home and Garden\",\"publisher\":{\"@id\":\"https:\\\/\\\/decolights.eu\\\/#organization\"},\"alternateName\":\"decolights.eu\",\"potentialAction\":[{\"@type\":\"SearchAction\",\"target\":{\"@type\":\"EntryPoint\",\"urlTemplate\":\"https:\\\/\\\/decolights.eu\\\/?s={search_term_string}\"},\"query-input\":{\"@type\":\"PropertyValueSpecification\",\"valueRequired\":true,\"valueName\":\"search_term_string\"}}],\"inLanguage\":\"hu\"},{\"@type\":\"Organization\",\"@id\":\"https:\\\/\\\/decolights.eu\\\/#organization\",\"name\":\"decolights\",\"url\":\"https:\\\/\\\/decolights.eu\\\/\",\"logo\":{\"@type\":\"ImageObject\",\"inLanguage\":\"hu\",\"@id\":\"https:\\\/\\\/decolights.eu\\\/#\\\/schema\\\/logo\\\/image\\\/\",\"url\":\"https:\\\/\\\/decolights.eu\\\/wp-content\\\/uploads\\\/2023\\\/07\\\/cropped-decolight-siteicon.png\",\"contentUrl\":\"https:\\\/\\\/decolights.eu\\\/wp-content\\\/uploads\\\/2023\\\/07\\\/cropped-decolight-siteicon.png\",\"width\":512,\"height\":512,\"caption\":\"decolights\"},\"image\":{\"@id\":\"https:\\\/\\\/decolights.eu\\\/#\\\/schema\\\/logo\\\/image\\\/\"}}]}<\/script>\n<!-- \/ Yoast SEO plugin. -->","yoast_head_json":{"title":"LED l\u00e1mpal\u00e1nc - Legjobb \u00e1r - Decolights.eu","description":"D\u00edsz\u00edtse terasz\u00e1t vagy kertj\u00e9t sz\u00e9p LED-l\u00e1mp\u00e1kkal, hogy hangulatos l\u00e9gk\u00f6rt teremtsen. Ne habozzon \u00e9s v\u00e1s\u00e1rolja meg most a legjobb \u00e1ron!","robots":{"index":"index","follow":"follow","max-snippet":"max-snippet:-1","max-image-preview":"max-image-preview:large","max-video-preview":"max-video-preview:-1"},"canonical":"https:\/\/decolights.eu\/hu\/termek-2\/led-lights-chain\/","og_locale":"hu_HU","og_type":"article","og_title":"LED Lights Chain - Best price - Decolights.eu","og_description":"Decorate your patio or garden with a nice string LED lights to get a cosy atmosphere. Do not hesitate and buy now the get the best price!","og_url":"https:\/\/decolights.eu\/hu\/termek-2\/led-lights-chain\/","og_site_name":"Decolights.eu","article_modified_time":"2023-05-10T09:13:53+00:00","og_image":[{"width":600,"height":600,"url":"https:\/\/decolights.eu\/wp-content\/uploads\/2023\/04\/727-04_MB_001.png","type":"image\/png"}],"twitter_card":"summary_large_image","twitter_misc":{"Becs\u00fclt olvas\u00e1si id\u0151":"1 perc"},"schema":{"@context":"https:\/\/schema.org","@graph":[{"@type":"WebPage","@id":"https:\/\/decolights.eu\/product\/led-lights-chain\/","url":"https:\/\/decolights.eu\/product\/led-lights-chain\/","name":"LED l\u00e1mpal\u00e1nc - Legjobb \u00e1r - Decolights.eu","isPartOf":{"@id":"https:\/\/decolights.eu\/#website"},"primaryImageOfPage":{"@id":"https:\/\/decolights.eu\/product\/led-lights-chain\/#primaryimage"},"image":{"@id":"https:\/\/decolights.eu\/product\/led-lights-chain\/#primaryimage"},"thumbnailUrl":"https:\/\/decolights.eu\/wp-content\/uploads\/2023\/04\/727-04_MB_001.png","datePublished":"2023-04-01T04:34:25+00:00","dateModified":"2023-05-10T09:13:53+00:00","description":"D\u00edsz\u00edtse terasz\u00e1t vagy kertj\u00e9t sz\u00e9p LED-l\u00e1mp\u00e1kkal, hogy hangulatos l\u00e9gk\u00f6rt teremtsen. Ne habozzon \u00e9s v\u00e1s\u00e1rolja meg most a legjobb \u00e1ron!","breadcrumb":{"@id":"https:\/\/decolights.eu\/product\/led-lights-chain\/#breadcrumb"},"inLanguage":"hu","potentialAction":[{"@type":"ReadAction","target":["https:\/\/decolights.eu\/product\/led-lights-chain\/"]}]},{"@type":"ImageObject","inLanguage":"hu","@id":"https:\/\/decolights.eu\/product\/led-lights-chain\/#primaryimage","url":"https:\/\/decolights.eu\/wp-content\/uploads\/2023\/04\/727-04_MB_001.png","contentUrl":"https:\/\/decolights.eu\/wp-content\/uploads\/2023\/04\/727-04_MB_001.png","width":600,"height":600},{"@type":"BreadcrumbList","@id":"https:\/\/decolights.eu\/product\/led-lights-chain\/#breadcrumb","itemListElement":[{"@type":"ListItem","position":1,"name":"Shop","item":"https:\/\/decolights.eu\/shop\/"},{"@type":"ListItem","position":2,"name":"LED Lights Chain"}]},{"@type":"WebSite","@id":"https:\/\/decolights.eu\/#website","url":"https:\/\/decolights.eu\/","name":"decolights","description":"Led dekor\u00e1ci\u00f3 otthonra \u00e9s kertre","publisher":{"@id":"https:\/\/decolights.eu\/#organization"},"alternateName":"decolights.eu","potentialAction":[{"@type":"SearchAction","target":{"@type":"EntryPoint","urlTemplate":"https:\/\/decolights.eu\/?s={search_term_string}"},"query-input":{"@type":"PropertyValueSpecification","valueRequired":true,"valueName":"search_term_string"}}],"inLanguage":"hu"},{"@type":"Organization","@id":"https:\/\/decolights.eu\/#organization","name":"decolights","url":"https:\/\/decolights.eu\/","logo":{"@type":"ImageObject","inLanguage":"hu","@id":"https:\/\/decolights.eu\/#\/schema\/logo\/image\/","url":"https:\/\/decolights.eu\/wp-content\/uploads\/2023\/07\/cropped-decolight-siteicon.png","contentUrl":"https:\/\/decolights.eu\/wp-content\/uploads\/2023\/07\/cropped-decolight-siteicon.png","width":512,"height":512,"caption":"decolights"},"image":{"@id":"https:\/\/decolights.eu\/#\/schema\/logo\/image\/"}}]}},"jetpack_sharing_enabled":true,"_links":{"self":[{"href":"https:\/\/decolights.eu\/hu\/wp-json\/wp\/v2\/product\/5666","targetHints":{"allow":["GET"]}}],"collection":[{"href":"https:\/\/decolights.eu\/hu\/wp-json\/wp\/v2\/product"}],"about":[{"href":"https:\/\/decolights.eu\/hu\/wp-json\/wp\/v2\/types\/product"}],"replies":[{"embeddable":true,"href":"https:\/\/decolights.eu\/hu\/wp-json\/wp\/v2\/comments?post=5666"}],"wp:featuredmedia":[{"embeddable":true,"href":"https:\/\/decolights.eu\/hu\/wp-json\/wp\/v2\/media\/5722"}],"wp:attachment":[{"href":"https:\/\/decolights.eu\/hu\/wp-json\/wp\/v2\/media?parent=5666"}],"wp:term":[{"taxonomy":"product_brand","embeddable":true,"href":"https:\/\/decolights.eu\/hu\/wp-json\/wp\/v2\/product_brand?post=5666"},{"taxonomy":"product_cat","embeddable":true,"href":"https:\/\/decolights.eu\/hu\/wp-json\/wp\/v2\/product_cat?post=5666"},{"taxonomy":"product_tag","embeddable":true,"href":"https:\/\/decolights.eu\/hu\/wp-json\/wp\/v2\/product_tag?post=5666"}],"curies":[{"name":"wp","href":"https:\/\/api.w.org\/{rel}","templated":true}]}}