{"id":5709,"date":"2023-04-01T04:34:53","date_gmt":"2023-04-01T04:34:53","guid":{"rendered":"https:\/\/decolights.eu\/?post_type=product&#038;p=5709"},"modified":"2023-05-10T08:44:05","modified_gmt":"2023-05-10T08:44:05","slug":"solar-decoration-rundi-2pcs","status":"publish","type":"product","link":"https:\/\/decolights.eu\/hu\/termek-2\/solar-decoration-rundi-2pcs\/","title":{"rendered":"Solar Decoration Rundi 2db"},"content":{"rendered":"<p>Napelemes l\u00e1mp\u00e1ink, a Rundi egy 2 csomagb\u00f3l \u00e1ll\u00f3, kerek form\u00e1j\u00fa, gy\u00f6ny\u00f6r\u0171 r\u00e1csozat\u00fa, s\u00f6t\u00e9tben 3 Lumennel vil\u00e1g\u00edt\u00f3 p\u00e1lyal\u00e1mpa. Ezek a napelemes dekor\u00e1ci\u00f3k meleg feh\u00e9r f\u00e9nyt k\u00f6lcs\u00f6n\u00f6znek kertj\u00e9nek, erk\u00e9ly\u00e9nek vagy terasz\u00e1nak. Helyezze a napelemes teraszd\u00edszeket olyan helyre, ahol a nap napk\u00f6zben el\u00e9rheti a panelt, hogy maxim\u00e1lisan felt\u00f6lt\u0151dhessen a mell\u00e9kelt akkumul\u00e1torral.<\/p>\n<ul>\n<li><strong>LED sz\u00edn:<\/strong> meleg feh\u00e9r<\/li>\n<li><strong>Sz\u00edn:\u00a0<\/strong>fekete<\/li>\n<li>2db benne<\/li>\n<li><strong>M\u00e9ret: <\/strong>28 cm<\/li>\n<li><strong>IP besorol\u00e1s: <\/strong>IP44<\/li>\n<li><strong>\u00c1ramforr\u00e1s:\u00a0<\/strong>Nap<\/li>\n<li><strong>Id\u0151z\u00edt\u0151:\u00a0<\/strong>Vil\u00e1g\u00edt a s\u00f6t\u00e9tben<\/li>\n<li><strong>CE tan\u00fas\u00edtv\u00e1nnyal rendelkezik:\u00a0<\/strong>Igen<\/li>\n<\/ul>","protected":false},"excerpt":{"rendered":"<p>Our solar lights Rundi is a 2-pack path light in a round shape with a beautiful grid that lights up with 3 Lumens in the dark. These solar decorations provide a warm white glow in your garden, balcony, or terrace. Place the solar decking decorations where the sun can reach the panel during the day [&#8230;]\n","protected":false},"featured_media":5775,"comment_status":"open","ping_status":"closed","template":"","meta":[],"product_brand":[],"product_cat":[226,231,194,171],"product_tag":[],"class_list":{"0":"post-5709","1":"product","2":"type-product","3":"status-publish","4":"has-post-thumbnail","6":"product_cat-outdoor-lights","7":"product_cat-solar-decking-lights-outdoor-lights","8":"product_cat-solar-decking-lights","9":"product_cat-solar-lights","10":"pa_brand-deco","11":"pa_led-colour-warm-white","13":"first","14":"instock","15":"sale","16":"shipping-taxable","17":"purchasable","18":"product-type-simple"},"yoast_head":"<!-- This site is optimized with the Yoast SEO plugin v27.3 - https:\/\/yoast.com\/product\/yoast-seo-wordpress\/ -->\n<title>Solar Decoration Rundi 2pcs - Best price guarantee - Decolights.eu<\/title>\n<meta name=\"description\" content=\"Buy solar decking lights for the best prices on Decolights.eu. Decorate your patio and terrace and create cozy ambience at home.\" \/>\n<meta name=\"robots\" content=\"index, follow, max-snippet:-1, max-image-preview:large, max-video-preview:-1\" \/>\n<link rel=\"canonical\" href=\"https:\/\/decolights.eu\/hu\/producto\/solar-decoration-rundi-2pcs\/\" \/>\n<meta property=\"og:locale\" content=\"hu_HU\" \/>\n<meta property=\"og:type\" content=\"article\" \/>\n<meta property=\"og:title\" content=\"Solar Decoration Rundi 2pcs - Best price guarantee - Decolights.eu\" \/>\n<meta property=\"og:description\" content=\"Buy solar decking lights for the best prices on Decolights.eu. Decorate your patio and terrace and create cozy ambience at home.\" \/>\n<meta property=\"og:url\" content=\"https:\/\/decolights.eu\/hu\/producto\/solar-decoration-rundi-2pcs\/\" \/>\n<meta property=\"og:site_name\" content=\"Decolights.eu\" \/>\n<meta property=\"article:modified_time\" content=\"2023-05-10T08:44:05+00:00\" \/>\n<meta property=\"og:image\" content=\"https:\/\/decolights.eu\/wp-content\/uploads\/2023\/04\/482-26_M2.png\" \/>\n\t<meta property=\"og:image:width\" content=\"600\" \/>\n\t<meta property=\"og:image:height\" content=\"602\" \/>\n\t<meta property=\"og:image:type\" content=\"image\/png\" \/>\n<meta name=\"twitter:card\" content=\"summary_large_image\" \/>\n<meta name=\"twitter:label1\" content=\"Becs\u00fclt olvas\u00e1si id\u0151\" \/>\n\t<meta name=\"twitter:data1\" content=\"1 perc\" \/>\n<script type=\"application\/ld+json\" class=\"yoast-schema-graph\">{\"@context\":\"https:\\\/\\\/schema.org\",\"@graph\":[{\"@type\":\"WebPage\",\"@id\":\"https:\\\/\\\/decolights.eu\\\/es\\\/producto\\\/solar-decoration-rundi-2pcs\\\/\",\"url\":\"https:\\\/\\\/decolights.eu\\\/es\\\/producto\\\/solar-decoration-rundi-2pcs\\\/\",\"name\":\"Solar Decoration Rundi 2pcs - Best price guarantee - Decolights.eu\",\"isPartOf\":{\"@id\":\"https:\\\/\\\/decolights.eu\\\/#website\"},\"primaryImageOfPage\":{\"@id\":\"https:\\\/\\\/decolights.eu\\\/es\\\/producto\\\/solar-decoration-rundi-2pcs\\\/#primaryimage\"},\"image\":{\"@id\":\"https:\\\/\\\/decolights.eu\\\/es\\\/producto\\\/solar-decoration-rundi-2pcs\\\/#primaryimage\"},\"thumbnailUrl\":\"https:\\\/\\\/decolights.eu\\\/wp-content\\\/uploads\\\/2023\\\/04\\\/482-26_M2.png\",\"datePublished\":\"2023-04-01T04:34:53+00:00\",\"dateModified\":\"2023-05-10T08:44:05+00:00\",\"description\":\"Buy solar decking lights for the best prices on Decolights.eu. Decorate your patio and terrace and create cozy ambience at home.\",\"breadcrumb\":{\"@id\":\"https:\\\/\\\/decolights.eu\\\/es\\\/producto\\\/solar-decoration-rundi-2pcs\\\/#breadcrumb\"},\"inLanguage\":\"hu\",\"potentialAction\":[{\"@type\":\"ReadAction\",\"target\":[\"https:\\\/\\\/decolights.eu\\\/es\\\/producto\\\/solar-decoration-rundi-2pcs\\\/\"]}]},{\"@type\":\"ImageObject\",\"inLanguage\":\"hu\",\"@id\":\"https:\\\/\\\/decolights.eu\\\/es\\\/producto\\\/solar-decoration-rundi-2pcs\\\/#primaryimage\",\"url\":\"https:\\\/\\\/decolights.eu\\\/wp-content\\\/uploads\\\/2023\\\/04\\\/482-26_M2.png\",\"contentUrl\":\"https:\\\/\\\/decolights.eu\\\/wp-content\\\/uploads\\\/2023\\\/04\\\/482-26_M2.png\",\"width\":600,\"height\":602},{\"@type\":\"BreadcrumbList\",\"@id\":\"https:\\\/\\\/decolights.eu\\\/es\\\/producto\\\/solar-decoration-rundi-2pcs\\\/#breadcrumb\",\"itemListElement\":[{\"@type\":\"ListItem\",\"position\":1,\"name\":\"Shop\",\"item\":\"https:\\\/\\\/decolights.eu\\\/shop\\\/\"},{\"@type\":\"ListItem\",\"position\":2,\"name\":\"Solar Decoration Rundi 2pcs\"}]},{\"@type\":\"WebSite\",\"@id\":\"https:\\\/\\\/decolights.eu\\\/#website\",\"url\":\"https:\\\/\\\/decolights.eu\\\/\",\"name\":\"decolights\",\"description\":\"Led Decorations for Home and Garden\",\"publisher\":{\"@id\":\"https:\\\/\\\/decolights.eu\\\/#organization\"},\"alternateName\":\"decolights.eu\",\"potentialAction\":[{\"@type\":\"SearchAction\",\"target\":{\"@type\":\"EntryPoint\",\"urlTemplate\":\"https:\\\/\\\/decolights.eu\\\/?s={search_term_string}\"},\"query-input\":{\"@type\":\"PropertyValueSpecification\",\"valueRequired\":true,\"valueName\":\"search_term_string\"}}],\"inLanguage\":\"hu\"},{\"@type\":\"Organization\",\"@id\":\"https:\\\/\\\/decolights.eu\\\/#organization\",\"name\":\"decolights\",\"url\":\"https:\\\/\\\/decolights.eu\\\/\",\"logo\":{\"@type\":\"ImageObject\",\"inLanguage\":\"hu\",\"@id\":\"https:\\\/\\\/decolights.eu\\\/#\\\/schema\\\/logo\\\/image\\\/\",\"url\":\"https:\\\/\\\/decolights.eu\\\/wp-content\\\/uploads\\\/2023\\\/07\\\/cropped-decolight-siteicon.png\",\"contentUrl\":\"https:\\\/\\\/decolights.eu\\\/wp-content\\\/uploads\\\/2023\\\/07\\\/cropped-decolight-siteicon.png\",\"width\":512,\"height\":512,\"caption\":\"decolights\"},\"image\":{\"@id\":\"https:\\\/\\\/decolights.eu\\\/#\\\/schema\\\/logo\\\/image\\\/\"}}]}<\/script>\n<!-- \/ Yoast SEO plugin. -->","yoast_head_json":{"title":"Solar Decoration Rundi 2db - Garant\u00e1lt legjobb \u00e1r - Decolights.eu","description":"V\u00e1s\u00e1roljon napelemes teraszl\u00e1mp\u00e1kat a legjobb \u00e1rak\u00e9rt a Decolights.eu oldalon. D\u00edsz\u00edtse fel terasz\u00e1t, \u00e9s teremtsen otthonos l\u00e9gk\u00f6rt.","robots":{"index":"index","follow":"follow","max-snippet":"max-snippet:-1","max-image-preview":"max-image-preview:large","max-video-preview":"max-video-preview:-1"},"canonical":"https:\/\/decolights.eu\/hu\/producto\/solar-decoration-rundi-2pcs\/","og_locale":"hu_HU","og_type":"article","og_title":"Solar Decoration Rundi 2pcs - Best price guarantee - Decolights.eu","og_description":"Buy solar decking lights for the best prices on Decolights.eu. Decorate your patio and terrace and create cozy ambience at home.","og_url":"https:\/\/decolights.eu\/hu\/producto\/solar-decoration-rundi-2pcs\/","og_site_name":"Decolights.eu","article_modified_time":"2023-05-10T08:44:05+00:00","og_image":[{"width":600,"height":602,"url":"https:\/\/decolights.eu\/wp-content\/uploads\/2023\/04\/482-26_M2.png","type":"image\/png"}],"twitter_card":"summary_large_image","twitter_misc":{"Becs\u00fclt olvas\u00e1si id\u0151":"1 perc"},"schema":{"@context":"https:\/\/schema.org","@graph":[{"@type":"WebPage","@id":"https:\/\/decolights.eu\/es\/producto\/solar-decoration-rundi-2pcs\/","url":"https:\/\/decolights.eu\/es\/producto\/solar-decoration-rundi-2pcs\/","name":"Solar Decoration Rundi 2db - Garant\u00e1lt legjobb \u00e1r - Decolights.eu","isPartOf":{"@id":"https:\/\/decolights.eu\/#website"},"primaryImageOfPage":{"@id":"https:\/\/decolights.eu\/es\/producto\/solar-decoration-rundi-2pcs\/#primaryimage"},"image":{"@id":"https:\/\/decolights.eu\/es\/producto\/solar-decoration-rundi-2pcs\/#primaryimage"},"thumbnailUrl":"https:\/\/decolights.eu\/wp-content\/uploads\/2023\/04\/482-26_M2.png","datePublished":"2023-04-01T04:34:53+00:00","dateModified":"2023-05-10T08:44:05+00:00","description":"V\u00e1s\u00e1roljon napelemes teraszl\u00e1mp\u00e1kat a legjobb \u00e1rak\u00e9rt a Decolights.eu oldalon. D\u00edsz\u00edtse fel terasz\u00e1t, \u00e9s teremtsen otthonos l\u00e9gk\u00f6rt.","breadcrumb":{"@id":"https:\/\/decolights.eu\/es\/producto\/solar-decoration-rundi-2pcs\/#breadcrumb"},"inLanguage":"hu","potentialAction":[{"@type":"ReadAction","target":["https:\/\/decolights.eu\/es\/producto\/solar-decoration-rundi-2pcs\/"]}]},{"@type":"ImageObject","inLanguage":"hu","@id":"https:\/\/decolights.eu\/es\/producto\/solar-decoration-rundi-2pcs\/#primaryimage","url":"https:\/\/decolights.eu\/wp-content\/uploads\/2023\/04\/482-26_M2.png","contentUrl":"https:\/\/decolights.eu\/wp-content\/uploads\/2023\/04\/482-26_M2.png","width":600,"height":602},{"@type":"BreadcrumbList","@id":"https:\/\/decolights.eu\/es\/producto\/solar-decoration-rundi-2pcs\/#breadcrumb","itemListElement":[{"@type":"ListItem","position":1,"name":"Shop","item":"https:\/\/decolights.eu\/shop\/"},{"@type":"ListItem","position":2,"name":"Solar Decoration Rundi 2pcs"}]},{"@type":"WebSite","@id":"https:\/\/decolights.eu\/#website","url":"https:\/\/decolights.eu\/","name":"decolights","description":"Led dekor\u00e1ci\u00f3 otthonra \u00e9s kertre","publisher":{"@id":"https:\/\/decolights.eu\/#organization"},"alternateName":"decolights.eu","potentialAction":[{"@type":"SearchAction","target":{"@type":"EntryPoint","urlTemplate":"https:\/\/decolights.eu\/?s={search_term_string}"},"query-input":{"@type":"PropertyValueSpecification","valueRequired":true,"valueName":"search_term_string"}}],"inLanguage":"hu"},{"@type":"Organization","@id":"https:\/\/decolights.eu\/#organization","name":"decolights","url":"https:\/\/decolights.eu\/","logo":{"@type":"ImageObject","inLanguage":"hu","@id":"https:\/\/decolights.eu\/#\/schema\/logo\/image\/","url":"https:\/\/decolights.eu\/wp-content\/uploads\/2023\/07\/cropped-decolight-siteicon.png","contentUrl":"https:\/\/decolights.eu\/wp-content\/uploads\/2023\/07\/cropped-decolight-siteicon.png","width":512,"height":512,"caption":"decolights"},"image":{"@id":"https:\/\/decolights.eu\/#\/schema\/logo\/image\/"}}]}},"jetpack_sharing_enabled":true,"_links":{"self":[{"href":"https:\/\/decolights.eu\/hu\/wp-json\/wp\/v2\/product\/5709","targetHints":{"allow":["GET"]}}],"collection":[{"href":"https:\/\/decolights.eu\/hu\/wp-json\/wp\/v2\/product"}],"about":[{"href":"https:\/\/decolights.eu\/hu\/wp-json\/wp\/v2\/types\/product"}],"replies":[{"embeddable":true,"href":"https:\/\/decolights.eu\/hu\/wp-json\/wp\/v2\/comments?post=5709"}],"wp:featuredmedia":[{"embeddable":true,"href":"https:\/\/decolights.eu\/hu\/wp-json\/wp\/v2\/media\/5775"}],"wp:attachment":[{"href":"https:\/\/decolights.eu\/hu\/wp-json\/wp\/v2\/media?parent=5709"}],"wp:term":[{"taxonomy":"product_brand","embeddable":true,"href":"https:\/\/decolights.eu\/hu\/wp-json\/wp\/v2\/product_brand?post=5709"},{"taxonomy":"product_cat","embeddable":true,"href":"https:\/\/decolights.eu\/hu\/wp-json\/wp\/v2\/product_cat?post=5709"},{"taxonomy":"product_tag","embeddable":true,"href":"https:\/\/decolights.eu\/hu\/wp-json\/wp\/v2\/product_tag?post=5709"}],"curies":[{"name":"wp","href":"https:\/\/api.w.org\/{rel}","templated":true}]}}