{"id":5735,"date":"2023-04-01T04:35:16","date_gmt":"2023-04-01T04:35:16","guid":{"rendered":"https:\/\/decolights.eu\/?post_type=product&#038;p=5735"},"modified":"2023-05-10T08:56:43","modified_gmt":"2023-05-10T08:56:43","slug":"solar-spotlight-3-pcs","status":"publish","type":"product","link":"https:\/\/decolights.eu\/hu\/termek-2\/solar-spotlight-3-pcs\/","title":{"rendered":"Napelemes Spotl\u00e1mpa 3 db"},"content":{"rendered":"<p>Napenergi\u00e1val m\u0171k\u00f6d\u0151 vil\u00e1g\u00edt\u00e1s, amely 3 spotl\u00e1mp\u00e1b\u00f3l \u00e1ll, amelyek k\u00f6z\u00f6tt 1 m\u00e9ter k\u00e1bel tal\u00e1lhat\u00f3. A napelemes l\u00e1mp\u00e1k a kertben vagy a teraszon 75 lumen f\u00e9nyer\u0151vel vil\u00e1g\u00edtanak a s\u00f6t\u00e9tben, \u00e9s j\u00f3 v\u00e1laszt\u00e1s egy bokor vagy fa ir\u00e1ny\u00e1ba t\u00f6rt\u00e9n\u0151 vil\u00e1g\u00edt\u00e1shoz. Maga a napelem r\u00e9sz az utols\u00f3 reflektort\u00f3l 2 m\u00e9teres k\u00e1bellel ker\u00fcl elhelyez\u00e9sre, \u00edgy k\u00f6nnyen elhelyezhet\u0151 a panel k\u00f6zvetlen napf\u00e9nyben, ami a hozz\u00e1 tartoz\u00f3 akkumul\u00e1torok t\u00f6lt\u00e9s\u00e9hez sz\u00fcks\u00e9ges.<\/p>\n<ul>\n<li><strong>LED sz\u00edn:<\/strong> meleg feh\u00e9r<\/li>\n<li><strong>Sz\u00edn:\u00a0<\/strong>fekete<\/li>\n<li>3db benne<\/li>\n<li><strong>M\u00e9ret: <\/strong>23 cm<\/li>\n<li><strong>IP besorol\u00e1s: <\/strong>IP44<\/li>\n<li><strong>\u00c1ramforr\u00e1s:\u00a0<\/strong>Nap<\/li>\n<li><strong>Id\u0151z\u00edt\u0151:\u00a0<\/strong>Vil\u00e1g\u00edt a s\u00f6t\u00e9tben<\/li>\n<li><strong>CE tan\u00fas\u00edtv\u00e1nnyal rendelkezik:\u00a0<\/strong>Igen<\/li>\n<\/ul>","protected":false},"excerpt":{"rendered":"<p>Solar powered lighting that consists of 3 spotlights that sit together with 1 meter of cable in between. The solar lamps light up in your garden or on the terrace with 75 lumens in the dark and are a good choice for directional lighting against a bush or a tree. The solar panel part itself [&#8230;]\n","protected":false},"featured_media":5836,"comment_status":"open","ping_status":"closed","template":"","meta":[],"product_brand":[],"product_cat":[226,194,231,171],"product_tag":[],"class_list":{"0":"post-5735","1":"product","2":"type-product","3":"status-publish","4":"has-post-thumbnail","6":"product_cat-outdoor-lights","7":"product_cat-solar-decking-lights","8":"product_cat-solar-decking-lights-outdoor-lights","9":"product_cat-solar-lights","10":"pa_brand-deco","11":"pa_led-colour-warm-white","13":"first","14":"instock","15":"sale","16":"shipping-taxable","17":"purchasable","18":"product-type-simple"},"yoast_head":"<!-- This site is optimized with the Yoast SEO plugin v27.3 - https:\/\/yoast.com\/product\/yoast-seo-wordpress\/ -->\n<title>Solar Spotlight 3 pcs - Best price guarantee - Decolights.eu<\/title>\n<meta name=\"description\" content=\"Buy solar decorations for the best prices on Decolights.eu. Decorate your patio and terrace and create cozy ambience at home.\" \/>\n<meta name=\"robots\" content=\"index, follow, max-snippet:-1, max-image-preview:large, max-video-preview:-1\" \/>\n<link rel=\"canonical\" href=\"https:\/\/decolights.eu\/hu\/termek-2\/solar-spotlight-3-pcs\/\" \/>\n<meta property=\"og:locale\" content=\"hu_HU\" \/>\n<meta property=\"og:type\" content=\"article\" \/>\n<meta property=\"og:title\" content=\"Solar Spotlight 3 pcs - Best price guarantee - Decolights.eu\" \/>\n<meta property=\"og:description\" content=\"Buy solar decorations for the best prices on Decolights.eu. Decorate your patio and terrace and create cozy ambience at home.\" \/>\n<meta property=\"og:url\" content=\"https:\/\/decolights.eu\/hu\/termek-2\/solar-spotlight-3-pcs\/\" \/>\n<meta property=\"og:site_name\" content=\"Decolights.eu\" \/>\n<meta property=\"article:modified_time\" content=\"2023-05-10T08:56:43+00:00\" \/>\n<meta property=\"og:image\" content=\"https:\/\/decolights.eu\/wp-content\/uploads\/2023\/04\/482-33_M2.png\" \/>\n\t<meta property=\"og:image:width\" content=\"600\" \/>\n\t<meta property=\"og:image:height\" content=\"602\" \/>\n\t<meta property=\"og:image:type\" content=\"image\/png\" \/>\n<meta name=\"twitter:card\" content=\"summary_large_image\" \/>\n<meta name=\"twitter:label1\" content=\"Becs\u00fclt olvas\u00e1si id\u0151\" \/>\n\t<meta name=\"twitter:data1\" content=\"1 perc\" \/>\n<script type=\"application\/ld+json\" class=\"yoast-schema-graph\">{\"@context\":\"https:\\\/\\\/schema.org\",\"@graph\":[{\"@type\":\"WebPage\",\"@id\":\"https:\\\/\\\/decolights.eu\\\/product\\\/solar-spotlight-3-pcs\\\/\",\"url\":\"https:\\\/\\\/decolights.eu\\\/product\\\/solar-spotlight-3-pcs\\\/\",\"name\":\"Solar Spotlight 3 pcs - Best price guarantee - Decolights.eu\",\"isPartOf\":{\"@id\":\"https:\\\/\\\/decolights.eu\\\/#website\"},\"primaryImageOfPage\":{\"@id\":\"https:\\\/\\\/decolights.eu\\\/product\\\/solar-spotlight-3-pcs\\\/#primaryimage\"},\"image\":{\"@id\":\"https:\\\/\\\/decolights.eu\\\/product\\\/solar-spotlight-3-pcs\\\/#primaryimage\"},\"thumbnailUrl\":\"https:\\\/\\\/decolights.eu\\\/wp-content\\\/uploads\\\/2023\\\/04\\\/482-33_M2.png\",\"datePublished\":\"2023-04-01T04:35:16+00:00\",\"dateModified\":\"2023-05-10T08:56:43+00:00\",\"description\":\"Buy solar decorations for the best prices on Decolights.eu. Decorate your patio and terrace and create cozy ambience at home.\",\"breadcrumb\":{\"@id\":\"https:\\\/\\\/decolights.eu\\\/product\\\/solar-spotlight-3-pcs\\\/#breadcrumb\"},\"inLanguage\":\"hu\",\"potentialAction\":[{\"@type\":\"ReadAction\",\"target\":[\"https:\\\/\\\/decolights.eu\\\/product\\\/solar-spotlight-3-pcs\\\/\"]}]},{\"@type\":\"ImageObject\",\"inLanguage\":\"hu\",\"@id\":\"https:\\\/\\\/decolights.eu\\\/product\\\/solar-spotlight-3-pcs\\\/#primaryimage\",\"url\":\"https:\\\/\\\/decolights.eu\\\/wp-content\\\/uploads\\\/2023\\\/04\\\/482-33_M2.png\",\"contentUrl\":\"https:\\\/\\\/decolights.eu\\\/wp-content\\\/uploads\\\/2023\\\/04\\\/482-33_M2.png\",\"width\":600,\"height\":602},{\"@type\":\"BreadcrumbList\",\"@id\":\"https:\\\/\\\/decolights.eu\\\/product\\\/solar-spotlight-3-pcs\\\/#breadcrumb\",\"itemListElement\":[{\"@type\":\"ListItem\",\"position\":1,\"name\":\"Shop\",\"item\":\"https:\\\/\\\/decolights.eu\\\/shop\\\/\"},{\"@type\":\"ListItem\",\"position\":2,\"name\":\"Solar Spotlight 3 pcs\"}]},{\"@type\":\"WebSite\",\"@id\":\"https:\\\/\\\/decolights.eu\\\/#website\",\"url\":\"https:\\\/\\\/decolights.eu\\\/\",\"name\":\"decolights\",\"description\":\"Led Decorations for Home and Garden\",\"publisher\":{\"@id\":\"https:\\\/\\\/decolights.eu\\\/#organization\"},\"alternateName\":\"decolights.eu\",\"potentialAction\":[{\"@type\":\"SearchAction\",\"target\":{\"@type\":\"EntryPoint\",\"urlTemplate\":\"https:\\\/\\\/decolights.eu\\\/?s={search_term_string}\"},\"query-input\":{\"@type\":\"PropertyValueSpecification\",\"valueRequired\":true,\"valueName\":\"search_term_string\"}}],\"inLanguage\":\"hu\"},{\"@type\":\"Organization\",\"@id\":\"https:\\\/\\\/decolights.eu\\\/#organization\",\"name\":\"decolights\",\"url\":\"https:\\\/\\\/decolights.eu\\\/\",\"logo\":{\"@type\":\"ImageObject\",\"inLanguage\":\"hu\",\"@id\":\"https:\\\/\\\/decolights.eu\\\/#\\\/schema\\\/logo\\\/image\\\/\",\"url\":\"https:\\\/\\\/decolights.eu\\\/wp-content\\\/uploads\\\/2023\\\/07\\\/cropped-decolight-siteicon.png\",\"contentUrl\":\"https:\\\/\\\/decolights.eu\\\/wp-content\\\/uploads\\\/2023\\\/07\\\/cropped-decolight-siteicon.png\",\"width\":512,\"height\":512,\"caption\":\"decolights\"},\"image\":{\"@id\":\"https:\\\/\\\/decolights.eu\\\/#\\\/schema\\\/logo\\\/image\\\/\"}}]}<\/script>\n<!-- \/ Yoast SEO plugin. -->","yoast_head_json":{"title":"Napelemes Spotl\u00e1mpa 3 db - Garancia a legjobb \u00e1ron - Decolights.eu","description":"V\u00e1s\u00e1roljon napelemes dekor\u00e1ci\u00f3kat a legjobb \u00e1ron a Decolights.eu oldalon. D\u00edsz\u00edtse fel terasz\u00e1t, \u00e9s teremtsen otthonos l\u00e9gk\u00f6rt.","robots":{"index":"index","follow":"follow","max-snippet":"max-snippet:-1","max-image-preview":"max-image-preview:large","max-video-preview":"max-video-preview:-1"},"canonical":"https:\/\/decolights.eu\/hu\/termek-2\/solar-spotlight-3-pcs\/","og_locale":"hu_HU","og_type":"article","og_title":"Solar Spotlight 3 pcs - Best price guarantee - Decolights.eu","og_description":"Buy solar decorations for the best prices on Decolights.eu. Decorate your patio and terrace and create cozy ambience at home.","og_url":"https:\/\/decolights.eu\/hu\/termek-2\/solar-spotlight-3-pcs\/","og_site_name":"Decolights.eu","article_modified_time":"2023-05-10T08:56:43+00:00","og_image":[{"url":"https:\/\/decolights.eu\/wp-content\/uploads\/2023\/04\/482-33_M2.png","width":600,"height":602,"type":"image\/png"}],"twitter_card":"summary_large_image","twitter_misc":{"Becs\u00fclt olvas\u00e1si id\u0151":"1 perc"},"schema":{"@context":"https:\/\/schema.org","@graph":[{"@type":"WebPage","@id":"https:\/\/decolights.eu\/product\/solar-spotlight-3-pcs\/","url":"https:\/\/decolights.eu\/product\/solar-spotlight-3-pcs\/","name":"Napelemes Spotl\u00e1mpa 3 db - Garancia a legjobb \u00e1ron - Decolights.eu","isPartOf":{"@id":"https:\/\/decolights.eu\/#website"},"primaryImageOfPage":{"@id":"https:\/\/decolights.eu\/product\/solar-spotlight-3-pcs\/#primaryimage"},"image":{"@id":"https:\/\/decolights.eu\/product\/solar-spotlight-3-pcs\/#primaryimage"},"thumbnailUrl":"https:\/\/decolights.eu\/wp-content\/uploads\/2023\/04\/482-33_M2.png","datePublished":"2023-04-01T04:35:16+00:00","dateModified":"2023-05-10T08:56:43+00:00","description":"V\u00e1s\u00e1roljon napelemes dekor\u00e1ci\u00f3kat a legjobb \u00e1ron a Decolights.eu oldalon. D\u00edsz\u00edtse fel terasz\u00e1t, \u00e9s teremtsen otthonos l\u00e9gk\u00f6rt.","breadcrumb":{"@id":"https:\/\/decolights.eu\/product\/solar-spotlight-3-pcs\/#breadcrumb"},"inLanguage":"hu","potentialAction":[{"@type":"ReadAction","target":["https:\/\/decolights.eu\/product\/solar-spotlight-3-pcs\/"]}]},{"@type":"ImageObject","inLanguage":"hu","@id":"https:\/\/decolights.eu\/product\/solar-spotlight-3-pcs\/#primaryimage","url":"https:\/\/decolights.eu\/wp-content\/uploads\/2023\/04\/482-33_M2.png","contentUrl":"https:\/\/decolights.eu\/wp-content\/uploads\/2023\/04\/482-33_M2.png","width":600,"height":602},{"@type":"BreadcrumbList","@id":"https:\/\/decolights.eu\/product\/solar-spotlight-3-pcs\/#breadcrumb","itemListElement":[{"@type":"ListItem","position":1,"name":"Shop","item":"https:\/\/decolights.eu\/shop\/"},{"@type":"ListItem","position":2,"name":"Solar Spotlight 3 pcs"}]},{"@type":"WebSite","@id":"https:\/\/decolights.eu\/#website","url":"https:\/\/decolights.eu\/","name":"decolights","description":"Led dekor\u00e1ci\u00f3 otthonra \u00e9s kertre","publisher":{"@id":"https:\/\/decolights.eu\/#organization"},"alternateName":"decolights.eu","potentialAction":[{"@type":"SearchAction","target":{"@type":"EntryPoint","urlTemplate":"https:\/\/decolights.eu\/?s={search_term_string}"},"query-input":{"@type":"PropertyValueSpecification","valueRequired":true,"valueName":"search_term_string"}}],"inLanguage":"hu"},{"@type":"Organization","@id":"https:\/\/decolights.eu\/#organization","name":"decolights","url":"https:\/\/decolights.eu\/","logo":{"@type":"ImageObject","inLanguage":"hu","@id":"https:\/\/decolights.eu\/#\/schema\/logo\/image\/","url":"https:\/\/decolights.eu\/wp-content\/uploads\/2023\/07\/cropped-decolight-siteicon.png","contentUrl":"https:\/\/decolights.eu\/wp-content\/uploads\/2023\/07\/cropped-decolight-siteicon.png","width":512,"height":512,"caption":"decolights"},"image":{"@id":"https:\/\/decolights.eu\/#\/schema\/logo\/image\/"}}]}},"jetpack_sharing_enabled":true,"_links":{"self":[{"href":"https:\/\/decolights.eu\/hu\/wp-json\/wp\/v2\/product\/5735","targetHints":{"allow":["GET"]}}],"collection":[{"href":"https:\/\/decolights.eu\/hu\/wp-json\/wp\/v2\/product"}],"about":[{"href":"https:\/\/decolights.eu\/hu\/wp-json\/wp\/v2\/types\/product"}],"replies":[{"embeddable":true,"href":"https:\/\/decolights.eu\/hu\/wp-json\/wp\/v2\/comments?post=5735"}],"wp:featuredmedia":[{"embeddable":true,"href":"https:\/\/decolights.eu\/hu\/wp-json\/wp\/v2\/media\/5836"}],"wp:attachment":[{"href":"https:\/\/decolights.eu\/hu\/wp-json\/wp\/v2\/media?parent=5735"}],"wp:term":[{"taxonomy":"product_brand","embeddable":true,"href":"https:\/\/decolights.eu\/hu\/wp-json\/wp\/v2\/product_brand?post=5735"},{"taxonomy":"product_cat","embeddable":true,"href":"https:\/\/decolights.eu\/hu\/wp-json\/wp\/v2\/product_cat?post=5735"},{"taxonomy":"product_tag","embeddable":true,"href":"https:\/\/decolights.eu\/hu\/wp-json\/wp\/v2\/product_tag?post=5735"}],"curies":[{"name":"wp","href":"https:\/\/api.w.org\/{rel}","templated":true}]}}