{"id":5744,"date":"2023-04-01T04:35:17","date_gmt":"2023-04-01T04:35:17","guid":{"rendered":"https:\/\/decolights.eu\/?post_type=product&#038;p=5744"},"modified":"2023-05-10T09:13:07","modified_gmt":"2023-05-10T09:13:07","slug":"led-lantern-with-batteries","status":"publish","type":"product","link":"https:\/\/decolights.eu\/hu\/termek-2\/led-lantern-with-batteries\/","title":{"rendered":"LED l\u00e1mpa elemekkel"},"content":{"rendered":"<p>Dekor\u00e1ci\u00f3s LED-l\u00e1mp\u00e1k l\u00e1ngol\u00f3 t\u00fczre eml\u00e9keztet\u0151 f\u00e9nyekkel.<\/p>\n<ul>\n<li><strong>\u00dcveg sz\u00edne:<\/strong> \u00e1tl\u00e1tsz\u00f3<\/li>\n<li dir=\"ltr\" data-placeholder=\"Translation\"><strong>LED sz\u00edne:<\/strong> meleg feh\u00e9r<\/li>\n<li dir=\"ltr\" data-placeholder=\"Translation\"><strong>M\u00e9ret:<\/strong> 34 (sz\u00e9less\u00e9g) x 25 (magass\u00e1g) cm<\/li>\n<li dir=\"ltr\" data-placeholder=\"Translation\"><strong>\u00c1ramforr\u00e1s:<\/strong> 2 x AAA elem (nem tartoz\u00e9k)<\/li>\n<li dir=\"ltr\" data-placeholder=\"Translation\"><strong>Id\u0151z\u00edt\u0151:<\/strong> 6H be\/18H ki, ism\u00e9telje meg<\/li>\n<li dir=\"ltr\" data-placeholder=\"Translation\"><strong>IP min\u0151s\u00edt\u00e9s<\/strong>: IP44<\/li>\n<li dir=\"ltr\" data-placeholder=\"Translation\"><strong>CE min\u0151s\u00edt\u00e9ssel:<\/strong> Igen<\/li>\n<\/ul>","protected":false},"excerpt":{"rendered":"<p>Decoration LED-lanterns with flaming shine that resembles a burning fire. Glass colour: transparent LED Colour: warm white Size: 34 (width) x 25 (height) cm Power source: 2 x AAA batteries (not included) Timer: 6H on\/18H off, repeat IP Rating: IP44 CE certified: Yes<\/p>","protected":false},"featured_media":5874,"comment_status":"open","ping_status":"closed","template":"","meta":[],"product_brand":[],"product_cat":[217,226,230],"product_tag":[],"class_list":{"0":"post-5744","1":"product","2":"type-product","3":"status-publish","4":"has-post-thumbnail","6":"product_cat-battery-operated-led-lights","7":"product_cat-outdoor-lights","8":"product_cat-patio-lights","9":"pa_brand-deco","10":"pa_led-colour-warm-white","12":"first","13":"instock","14":"sale","15":"shipping-taxable","16":"purchasable","17":"product-type-simple"},"yoast_head":"<!-- This site is optimized with the Yoast SEO plugin v27.3 - https:\/\/yoast.com\/product\/yoast-seo-wordpress\/ -->\n<title>LED Lantern with batteries - Best price guarantee - Decolights.eu<\/title>\n<meta name=\"description\" content=\"The warm white light of LED lantern shines beautifully through the wire and forms a beautiful light image. Do not hesitate, buy now for the best price!\" \/>\n<meta name=\"robots\" content=\"index, follow, max-snippet:-1, max-image-preview:large, max-video-preview:-1\" \/>\n<link rel=\"canonical\" href=\"https:\/\/decolights.eu\/hu\/termek-2\/led-lantern-with-batteries\/\" \/>\n<meta property=\"og:locale\" content=\"hu_HU\" \/>\n<meta property=\"og:type\" content=\"article\" \/>\n<meta property=\"og:title\" content=\"LED Lantern with batteries - Best price guarantee - Decolights.eu\" \/>\n<meta property=\"og:description\" content=\"The warm white light of LED lantern shines beautifully through the wire and forms a beautiful light image. Do not hesitate, buy now for the best price!\" \/>\n<meta property=\"og:url\" content=\"https:\/\/decolights.eu\/hu\/termek-2\/led-lantern-with-batteries\/\" \/>\n<meta property=\"og:site_name\" content=\"Decolights.eu\" \/>\n<meta property=\"article:modified_time\" content=\"2023-05-10T09:13:07+00:00\" \/>\n<meta property=\"og:image\" content=\"https:\/\/decolights.eu\/wp-content\/uploads\/2023\/04\/062-99-92_M2.png\" \/>\n\t<meta property=\"og:image:width\" content=\"600\" \/>\n\t<meta property=\"og:image:height\" content=\"602\" \/>\n\t<meta property=\"og:image:type\" content=\"image\/png\" \/>\n<meta name=\"twitter:card\" content=\"summary_large_image\" \/>\n<meta name=\"twitter:label1\" content=\"Becs\u00fclt olvas\u00e1si id\u0151\" \/>\n\t<meta name=\"twitter:data1\" content=\"1 perc\" \/>\n<script type=\"application\/ld+json\" class=\"yoast-schema-graph\">{\"@context\":\"https:\\\/\\\/schema.org\",\"@graph\":[{\"@type\":\"WebPage\",\"@id\":\"https:\\\/\\\/decolights.eu\\\/product\\\/led-lantern-with-batteries\\\/\",\"url\":\"https:\\\/\\\/decolights.eu\\\/product\\\/led-lantern-with-batteries\\\/\",\"name\":\"LED Lantern with batteries - Best price guarantee - Decolights.eu\",\"isPartOf\":{\"@id\":\"https:\\\/\\\/decolights.eu\\\/#website\"},\"primaryImageOfPage\":{\"@id\":\"https:\\\/\\\/decolights.eu\\\/product\\\/led-lantern-with-batteries\\\/#primaryimage\"},\"image\":{\"@id\":\"https:\\\/\\\/decolights.eu\\\/product\\\/led-lantern-with-batteries\\\/#primaryimage\"},\"thumbnailUrl\":\"https:\\\/\\\/decolights.eu\\\/wp-content\\\/uploads\\\/2023\\\/04\\\/062-99-92_M2.png\",\"datePublished\":\"2023-04-01T04:35:17+00:00\",\"dateModified\":\"2023-05-10T09:13:07+00:00\",\"description\":\"The warm white light of LED lantern shines beautifully through the wire and forms a beautiful light image. Do not hesitate, buy now for the best price!\",\"breadcrumb\":{\"@id\":\"https:\\\/\\\/decolights.eu\\\/product\\\/led-lantern-with-batteries\\\/#breadcrumb\"},\"inLanguage\":\"hu\",\"potentialAction\":[{\"@type\":\"ReadAction\",\"target\":[\"https:\\\/\\\/decolights.eu\\\/product\\\/led-lantern-with-batteries\\\/\"]}]},{\"@type\":\"ImageObject\",\"inLanguage\":\"hu\",\"@id\":\"https:\\\/\\\/decolights.eu\\\/product\\\/led-lantern-with-batteries\\\/#primaryimage\",\"url\":\"https:\\\/\\\/decolights.eu\\\/wp-content\\\/uploads\\\/2023\\\/04\\\/062-99-92_M2.png\",\"contentUrl\":\"https:\\\/\\\/decolights.eu\\\/wp-content\\\/uploads\\\/2023\\\/04\\\/062-99-92_M2.png\",\"width\":600,\"height\":602},{\"@type\":\"BreadcrumbList\",\"@id\":\"https:\\\/\\\/decolights.eu\\\/product\\\/led-lantern-with-batteries\\\/#breadcrumb\",\"itemListElement\":[{\"@type\":\"ListItem\",\"position\":1,\"name\":\"Shop\",\"item\":\"https:\\\/\\\/decolights.eu\\\/shop\\\/\"},{\"@type\":\"ListItem\",\"position\":2,\"name\":\"LED Lantern with batteries\"}]},{\"@type\":\"WebSite\",\"@id\":\"https:\\\/\\\/decolights.eu\\\/#website\",\"url\":\"https:\\\/\\\/decolights.eu\\\/\",\"name\":\"decolights\",\"description\":\"Led Decorations for Home and Garden\",\"publisher\":{\"@id\":\"https:\\\/\\\/decolights.eu\\\/#organization\"},\"alternateName\":\"decolights.eu\",\"potentialAction\":[{\"@type\":\"SearchAction\",\"target\":{\"@type\":\"EntryPoint\",\"urlTemplate\":\"https:\\\/\\\/decolights.eu\\\/?s={search_term_string}\"},\"query-input\":{\"@type\":\"PropertyValueSpecification\",\"valueRequired\":true,\"valueName\":\"search_term_string\"}}],\"inLanguage\":\"hu\"},{\"@type\":\"Organization\",\"@id\":\"https:\\\/\\\/decolights.eu\\\/#organization\",\"name\":\"decolights\",\"url\":\"https:\\\/\\\/decolights.eu\\\/\",\"logo\":{\"@type\":\"ImageObject\",\"inLanguage\":\"hu\",\"@id\":\"https:\\\/\\\/decolights.eu\\\/#\\\/schema\\\/logo\\\/image\\\/\",\"url\":\"https:\\\/\\\/decolights.eu\\\/wp-content\\\/uploads\\\/2023\\\/07\\\/cropped-decolight-siteicon.png\",\"contentUrl\":\"https:\\\/\\\/decolights.eu\\\/wp-content\\\/uploads\\\/2023\\\/07\\\/cropped-decolight-siteicon.png\",\"width\":512,\"height\":512,\"caption\":\"decolights\"},\"image\":{\"@id\":\"https:\\\/\\\/decolights.eu\\\/#\\\/schema\\\/logo\\\/image\\\/\"}}]}<\/script>\n<!-- \/ Yoast SEO plugin. -->","yoast_head_json":{"title":"LED l\u00e1mp\u00e1s elemekkel - Garancia a legjobb \u00e1ron - Decolights.eu","description":"A LED l\u00e1mpa meleg feh\u00e9r f\u00e9nye gy\u00f6ny\u00f6r\u0171en \u00e1tvil\u00e1g\u00edtja a vezet\u00e9ket \u00e9s gy\u00f6ny\u00f6r\u0171 f\u00e9nyk\u00e9pet alkot. Ne habozzon, v\u00e1s\u00e1rolja meg most a legjobb \u00e1ron!","robots":{"index":"index","follow":"follow","max-snippet":"max-snippet:-1","max-image-preview":"max-image-preview:large","max-video-preview":"max-video-preview:-1"},"canonical":"https:\/\/decolights.eu\/hu\/termek-2\/led-lantern-with-batteries\/","og_locale":"hu_HU","og_type":"article","og_title":"LED Lantern with batteries - Best price guarantee - Decolights.eu","og_description":"The warm white light of LED lantern shines beautifully through the wire and forms a beautiful light image. Do not hesitate, buy now for the best price!","og_url":"https:\/\/decolights.eu\/hu\/termek-2\/led-lantern-with-batteries\/","og_site_name":"Decolights.eu","article_modified_time":"2023-05-10T09:13:07+00:00","og_image":[{"width":600,"height":602,"url":"https:\/\/decolights.eu\/wp-content\/uploads\/2023\/04\/062-99-92_M2.png","type":"image\/png"}],"twitter_card":"summary_large_image","twitter_misc":{"Becs\u00fclt olvas\u00e1si id\u0151":"1 perc"},"schema":{"@context":"https:\/\/schema.org","@graph":[{"@type":"WebPage","@id":"https:\/\/decolights.eu\/product\/led-lantern-with-batteries\/","url":"https:\/\/decolights.eu\/product\/led-lantern-with-batteries\/","name":"LED l\u00e1mp\u00e1s elemekkel - Garancia a legjobb \u00e1ron - Decolights.eu","isPartOf":{"@id":"https:\/\/decolights.eu\/#website"},"primaryImageOfPage":{"@id":"https:\/\/decolights.eu\/product\/led-lantern-with-batteries\/#primaryimage"},"image":{"@id":"https:\/\/decolights.eu\/product\/led-lantern-with-batteries\/#primaryimage"},"thumbnailUrl":"https:\/\/decolights.eu\/wp-content\/uploads\/2023\/04\/062-99-92_M2.png","datePublished":"2023-04-01T04:35:17+00:00","dateModified":"2023-05-10T09:13:07+00:00","description":"A LED l\u00e1mpa meleg feh\u00e9r f\u00e9nye gy\u00f6ny\u00f6r\u0171en \u00e1tvil\u00e1g\u00edtja a vezet\u00e9ket \u00e9s gy\u00f6ny\u00f6r\u0171 f\u00e9nyk\u00e9pet alkot. Ne habozzon, v\u00e1s\u00e1rolja meg most a legjobb \u00e1ron!","breadcrumb":{"@id":"https:\/\/decolights.eu\/product\/led-lantern-with-batteries\/#breadcrumb"},"inLanguage":"hu","potentialAction":[{"@type":"ReadAction","target":["https:\/\/decolights.eu\/product\/led-lantern-with-batteries\/"]}]},{"@type":"ImageObject","inLanguage":"hu","@id":"https:\/\/decolights.eu\/product\/led-lantern-with-batteries\/#primaryimage","url":"https:\/\/decolights.eu\/wp-content\/uploads\/2023\/04\/062-99-92_M2.png","contentUrl":"https:\/\/decolights.eu\/wp-content\/uploads\/2023\/04\/062-99-92_M2.png","width":600,"height":602},{"@type":"BreadcrumbList","@id":"https:\/\/decolights.eu\/product\/led-lantern-with-batteries\/#breadcrumb","itemListElement":[{"@type":"ListItem","position":1,"name":"Shop","item":"https:\/\/decolights.eu\/shop\/"},{"@type":"ListItem","position":2,"name":"LED Lantern with batteries"}]},{"@type":"WebSite","@id":"https:\/\/decolights.eu\/#website","url":"https:\/\/decolights.eu\/","name":"decolights","description":"Led dekor\u00e1ci\u00f3 otthonra \u00e9s kertre","publisher":{"@id":"https:\/\/decolights.eu\/#organization"},"alternateName":"decolights.eu","potentialAction":[{"@type":"SearchAction","target":{"@type":"EntryPoint","urlTemplate":"https:\/\/decolights.eu\/?s={search_term_string}"},"query-input":{"@type":"PropertyValueSpecification","valueRequired":true,"valueName":"search_term_string"}}],"inLanguage":"hu"},{"@type":"Organization","@id":"https:\/\/decolights.eu\/#organization","name":"decolights","url":"https:\/\/decolights.eu\/","logo":{"@type":"ImageObject","inLanguage":"hu","@id":"https:\/\/decolights.eu\/#\/schema\/logo\/image\/","url":"https:\/\/decolights.eu\/wp-content\/uploads\/2023\/07\/cropped-decolight-siteicon.png","contentUrl":"https:\/\/decolights.eu\/wp-content\/uploads\/2023\/07\/cropped-decolight-siteicon.png","width":512,"height":512,"caption":"decolights"},"image":{"@id":"https:\/\/decolights.eu\/#\/schema\/logo\/image\/"}}]}},"jetpack_sharing_enabled":true,"_links":{"self":[{"href":"https:\/\/decolights.eu\/hu\/wp-json\/wp\/v2\/product\/5744","targetHints":{"allow":["GET"]}}],"collection":[{"href":"https:\/\/decolights.eu\/hu\/wp-json\/wp\/v2\/product"}],"about":[{"href":"https:\/\/decolights.eu\/hu\/wp-json\/wp\/v2\/types\/product"}],"replies":[{"embeddable":true,"href":"https:\/\/decolights.eu\/hu\/wp-json\/wp\/v2\/comments?post=5744"}],"wp:featuredmedia":[{"embeddable":true,"href":"https:\/\/decolights.eu\/hu\/wp-json\/wp\/v2\/media\/5874"}],"wp:attachment":[{"href":"https:\/\/decolights.eu\/hu\/wp-json\/wp\/v2\/media?parent=5744"}],"wp:term":[{"taxonomy":"product_brand","embeddable":true,"href":"https:\/\/decolights.eu\/hu\/wp-json\/wp\/v2\/product_brand?post=5744"},{"taxonomy":"product_cat","embeddable":true,"href":"https:\/\/decolights.eu\/hu\/wp-json\/wp\/v2\/product_cat?post=5744"},{"taxonomy":"product_tag","embeddable":true,"href":"https:\/\/decolights.eu\/hu\/wp-json\/wp\/v2\/product_tag?post=5744"}],"curies":[{"name":"wp","href":"https:\/\/api.w.org\/{rel}","templated":true}]}}