{"id":5855,"date":"2023-04-01T04:37:17","date_gmt":"2023-04-01T04:37:17","guid":{"rendered":"https:\/\/decolights.eu\/?post_type=product&#038;p=5855"},"modified":"2023-05-10T08:43:39","modified_gmt":"2023-05-10T08:43:39","slug":"solar-decoration-owl","status":"publish","type":"product","link":"https:\/\/decolights.eu\/hu\/termek-2\/solar-decoration-owl\/","title":{"rendered":"Napelemes dekor\u00e1ci\u00f3s bagoly"},"content":{"rendered":"<p>Gy\u00f6ny\u00f6r\u0171 napelemes dekor\u00e1ci\u00f3s Bagolyunk meleg feh\u00e9r f\u00e9nnyel vil\u00e1g\u00edt a s\u00f6t\u00e9tben. Ezzel a napelemes dekor\u00e1ci\u00f3val j\u00f3l lehet d\u00edsz\u00edteni a kertben vagy az erk\u00e9lyen. Maga a panelr\u00e9sz sz\u00f6gben d\u00f6nthet\u0151, \u00edgy a nap k\u00f6nnyed\u00e9n t\u00f6ltheti a hozz\u00e1 tartoz\u00f3 akkumul\u00e1tort.<\/p>\n<ul>\n<li><strong>Sz\u00edn:\u00a0<\/strong>sz\u00fcrke<\/li>\n<li><strong>LED sz\u00edn:<\/strong> meleg feh\u00e9r<\/li>\n<li><strong>M\u00e9ret: <\/strong>10 (sz\u00e9less\u00e9g) x 13 (m\u00e9lys\u00e9g) x 33 (teljes magass\u00e1g a foganty\u00faval egy\u00fctt) CM<\/li>\n<li><strong>IP besorol\u00e1s: <\/strong>IP44<\/li>\n<li><strong>\u00c1ramforr\u00e1s:\u00a0<\/strong>Nap<\/li>\n<li><strong>Id\u0151z\u00edt\u0151:\u00a0<\/strong>Vil\u00e1g\u00edt a s\u00f6t\u00e9tben<\/li>\n<li><strong>CE tan\u00fas\u00edtv\u00e1nnyal rendelkezik:\u00a0<\/strong>Igen<\/li>\n<li>1,2V DC<\/li>\n<\/ul>\n<div class=\"woocommerce-tabs wc-tabs-wrapper container tabbed-content\">\n<div class=\"tab-panels\">\n<div id=\"tab-reviews\" class=\"woocommerce-Tabs-panel woocommerce-Tabs-panel--reviews panel entry-content\" role=\"tabpanel\" aria-labelledby=\"tab-title-reviews\">\n<div id=\"reviews\" class=\"woocommerce-Reviews row\">\n<div id=\"review_form_wrapper\" class=\"large-12 col\">\n<div id=\"review_form\" class=\"col-inner\"><\/div>\n<\/div>\n<\/div>\n<\/div>\n<\/div>\n<\/div>","protected":false},"excerpt":{"rendered":"<p>Our beautiful solar-powered decoration Owl lights up in the dark with a warm white glow. This solar decoration is nice to decorate with in the garden or on a balcony. The panel part itself can be angled so that the sun easily can charge the battery that comes with it. Colour:\u00a0grey LED colour: warm white [&#8230;]\n","protected":false},"featured_media":6018,"comment_status":"open","ping_status":"closed","template":"","meta":[],"product_brand":[],"product_cat":[226,194,231,171],"product_tag":[],"class_list":{"0":"post-5855","1":"product","2":"type-product","3":"status-publish","4":"has-post-thumbnail","6":"product_cat-outdoor-lights","7":"product_cat-solar-decking-lights","8":"product_cat-solar-decking-lights-outdoor-lights","9":"product_cat-solar-lights","10":"pa_brand-deco","11":"pa_led-colour-warm-white","13":"first","14":"instock","15":"sale","16":"shipping-taxable","17":"purchasable","18":"product-type-simple"},"yoast_head":"<!-- This site is optimized with the Yoast SEO plugin v27.3 - https:\/\/yoast.com\/product\/yoast-seo-wordpress\/ -->\n<title>Solar Decoration Owl - The best price guaranteed - Decolights.eu<\/title>\n<meta name=\"description\" content=\"Beautiful solar decoration owl will create magical atmosphere in your garden. Do not miss out best prices and purchase solar owl with LED today!\" \/>\n<meta name=\"robots\" content=\"index, follow, max-snippet:-1, max-image-preview:large, max-video-preview:-1\" \/>\n<link rel=\"canonical\" href=\"https:\/\/decolights.eu\/hu\/termek-2\/solar-decoration-owl\/\" \/>\n<meta property=\"og:locale\" content=\"hu_HU\" \/>\n<meta property=\"og:type\" content=\"article\" \/>\n<meta property=\"og:title\" content=\"Solar Decoration Owl - The best price guaranteed - Decolights.eu\" \/>\n<meta property=\"og:description\" content=\"Beautiful solar decoration owl will create magical atmosphere in your garden. Do not miss out best prices and purchase solar owl with LED today!\" \/>\n<meta property=\"og:url\" content=\"https:\/\/decolights.eu\/hu\/termek-2\/solar-decoration-owl\/\" \/>\n<meta property=\"og:site_name\" content=\"Decolights.eu\" \/>\n<meta property=\"article:modified_time\" content=\"2023-05-10T08:43:39+00:00\" \/>\n<meta property=\"og:image\" content=\"https:\/\/decolights.eu\/wp-content\/uploads\/2023\/04\/482-25_MB_002.png\" \/>\n\t<meta property=\"og:image:width\" content=\"600\" \/>\n\t<meta property=\"og:image:height\" content=\"600\" \/>\n\t<meta property=\"og:image:type\" content=\"image\/png\" \/>\n<meta name=\"twitter:card\" content=\"summary_large_image\" \/>\n<meta name=\"twitter:label1\" content=\"Becs\u00fclt olvas\u00e1si id\u0151\" \/>\n\t<meta name=\"twitter:data1\" content=\"1 perc\" \/>\n<script type=\"application\/ld+json\" class=\"yoast-schema-graph\">{\"@context\":\"https:\\\/\\\/schema.org\",\"@graph\":[{\"@type\":\"WebPage\",\"@id\":\"https:\\\/\\\/decolights.eu\\\/product\\\/solar-decoration-owl\\\/\",\"url\":\"https:\\\/\\\/decolights.eu\\\/product\\\/solar-decoration-owl\\\/\",\"name\":\"Solar Decoration Owl - The best price guaranteed - Decolights.eu\",\"isPartOf\":{\"@id\":\"https:\\\/\\\/decolights.eu\\\/#website\"},\"primaryImageOfPage\":{\"@id\":\"https:\\\/\\\/decolights.eu\\\/product\\\/solar-decoration-owl\\\/#primaryimage\"},\"image\":{\"@id\":\"https:\\\/\\\/decolights.eu\\\/product\\\/solar-decoration-owl\\\/#primaryimage\"},\"thumbnailUrl\":\"https:\\\/\\\/decolights.eu\\\/wp-content\\\/uploads\\\/2023\\\/04\\\/482-25_MB_002.png\",\"datePublished\":\"2023-04-01T04:37:17+00:00\",\"dateModified\":\"2023-05-10T08:43:39+00:00\",\"description\":\"Beautiful solar decoration owl will create magical atmosphere in your garden. Do not miss out best prices and purchase solar owl with LED today!\",\"breadcrumb\":{\"@id\":\"https:\\\/\\\/decolights.eu\\\/product\\\/solar-decoration-owl\\\/#breadcrumb\"},\"inLanguage\":\"hu\",\"potentialAction\":[{\"@type\":\"ReadAction\",\"target\":[\"https:\\\/\\\/decolights.eu\\\/product\\\/solar-decoration-owl\\\/\"]}]},{\"@type\":\"ImageObject\",\"inLanguage\":\"hu\",\"@id\":\"https:\\\/\\\/decolights.eu\\\/product\\\/solar-decoration-owl\\\/#primaryimage\",\"url\":\"https:\\\/\\\/decolights.eu\\\/wp-content\\\/uploads\\\/2023\\\/04\\\/482-25_MB_002.png\",\"contentUrl\":\"https:\\\/\\\/decolights.eu\\\/wp-content\\\/uploads\\\/2023\\\/04\\\/482-25_MB_002.png\",\"width\":600,\"height\":600},{\"@type\":\"BreadcrumbList\",\"@id\":\"https:\\\/\\\/decolights.eu\\\/product\\\/solar-decoration-owl\\\/#breadcrumb\",\"itemListElement\":[{\"@type\":\"ListItem\",\"position\":1,\"name\":\"Shop\",\"item\":\"https:\\\/\\\/decolights.eu\\\/shop\\\/\"},{\"@type\":\"ListItem\",\"position\":2,\"name\":\"Solar Decoration Owl\"}]},{\"@type\":\"WebSite\",\"@id\":\"https:\\\/\\\/decolights.eu\\\/#website\",\"url\":\"https:\\\/\\\/decolights.eu\\\/\",\"name\":\"decolights\",\"description\":\"Led Decorations for Home and Garden\",\"publisher\":{\"@id\":\"https:\\\/\\\/decolights.eu\\\/#organization\"},\"alternateName\":\"decolights.eu\",\"potentialAction\":[{\"@type\":\"SearchAction\",\"target\":{\"@type\":\"EntryPoint\",\"urlTemplate\":\"https:\\\/\\\/decolights.eu\\\/?s={search_term_string}\"},\"query-input\":{\"@type\":\"PropertyValueSpecification\",\"valueRequired\":true,\"valueName\":\"search_term_string\"}}],\"inLanguage\":\"hu\"},{\"@type\":\"Organization\",\"@id\":\"https:\\\/\\\/decolights.eu\\\/#organization\",\"name\":\"decolights\",\"url\":\"https:\\\/\\\/decolights.eu\\\/\",\"logo\":{\"@type\":\"ImageObject\",\"inLanguage\":\"hu\",\"@id\":\"https:\\\/\\\/decolights.eu\\\/#\\\/schema\\\/logo\\\/image\\\/\",\"url\":\"https:\\\/\\\/decolights.eu\\\/wp-content\\\/uploads\\\/2023\\\/07\\\/cropped-decolight-siteicon.png\",\"contentUrl\":\"https:\\\/\\\/decolights.eu\\\/wp-content\\\/uploads\\\/2023\\\/07\\\/cropped-decolight-siteicon.png\",\"width\":512,\"height\":512,\"caption\":\"decolights\"},\"image\":{\"@id\":\"https:\\\/\\\/decolights.eu\\\/#\\\/schema\\\/logo\\\/image\\\/\"}}]}<\/script>\n<!-- \/ Yoast SEO plugin. -->","yoast_head_json":{"title":"Solar Dekor\u00e1ci\u00f3s Bagoly - Garant\u00e1lt legjobb \u00e1r - Decolights.eu","description":"A gy\u00f6ny\u00f6r\u0171 napelemes bagoly var\u00e1zslatos hangulatot var\u00e1zsol kertedbe. Ne hagyja ki a legjobb \u00e1rakat, \u00e9s v\u00e1s\u00e1roljon napelemes baglyot LED-del m\u00e9g ma!","robots":{"index":"index","follow":"follow","max-snippet":"max-snippet:-1","max-image-preview":"max-image-preview:large","max-video-preview":"max-video-preview:-1"},"canonical":"https:\/\/decolights.eu\/hu\/termek-2\/solar-decoration-owl\/","og_locale":"hu_HU","og_type":"article","og_title":"Solar Decoration Owl - The best price guaranteed - Decolights.eu","og_description":"Beautiful solar decoration owl will create magical atmosphere in your garden. Do not miss out best prices and purchase solar owl with LED today!","og_url":"https:\/\/decolights.eu\/hu\/termek-2\/solar-decoration-owl\/","og_site_name":"Decolights.eu","article_modified_time":"2023-05-10T08:43:39+00:00","og_image":[{"width":600,"height":600,"url":"https:\/\/decolights.eu\/wp-content\/uploads\/2023\/04\/482-25_MB_002.png","type":"image\/png"}],"twitter_card":"summary_large_image","twitter_misc":{"Becs\u00fclt olvas\u00e1si id\u0151":"1 perc"},"schema":{"@context":"https:\/\/schema.org","@graph":[{"@type":"WebPage","@id":"https:\/\/decolights.eu\/product\/solar-decoration-owl\/","url":"https:\/\/decolights.eu\/product\/solar-decoration-owl\/","name":"Solar Dekor\u00e1ci\u00f3s Bagoly - Garant\u00e1lt legjobb \u00e1r - Decolights.eu","isPartOf":{"@id":"https:\/\/decolights.eu\/#website"},"primaryImageOfPage":{"@id":"https:\/\/decolights.eu\/product\/solar-decoration-owl\/#primaryimage"},"image":{"@id":"https:\/\/decolights.eu\/product\/solar-decoration-owl\/#primaryimage"},"thumbnailUrl":"https:\/\/decolights.eu\/wp-content\/uploads\/2023\/04\/482-25_MB_002.png","datePublished":"2023-04-01T04:37:17+00:00","dateModified":"2023-05-10T08:43:39+00:00","description":"A gy\u00f6ny\u00f6r\u0171 napelemes bagoly var\u00e1zslatos hangulatot var\u00e1zsol kertedbe. Ne hagyja ki a legjobb \u00e1rakat, \u00e9s v\u00e1s\u00e1roljon napelemes baglyot LED-del m\u00e9g ma!","breadcrumb":{"@id":"https:\/\/decolights.eu\/product\/solar-decoration-owl\/#breadcrumb"},"inLanguage":"hu","potentialAction":[{"@type":"ReadAction","target":["https:\/\/decolights.eu\/product\/solar-decoration-owl\/"]}]},{"@type":"ImageObject","inLanguage":"hu","@id":"https:\/\/decolights.eu\/product\/solar-decoration-owl\/#primaryimage","url":"https:\/\/decolights.eu\/wp-content\/uploads\/2023\/04\/482-25_MB_002.png","contentUrl":"https:\/\/decolights.eu\/wp-content\/uploads\/2023\/04\/482-25_MB_002.png","width":600,"height":600},{"@type":"BreadcrumbList","@id":"https:\/\/decolights.eu\/product\/solar-decoration-owl\/#breadcrumb","itemListElement":[{"@type":"ListItem","position":1,"name":"Shop","item":"https:\/\/decolights.eu\/shop\/"},{"@type":"ListItem","position":2,"name":"Solar Decoration Owl"}]},{"@type":"WebSite","@id":"https:\/\/decolights.eu\/#website","url":"https:\/\/decolights.eu\/","name":"decolights","description":"Led dekor\u00e1ci\u00f3 otthonra \u00e9s kertre","publisher":{"@id":"https:\/\/decolights.eu\/#organization"},"alternateName":"decolights.eu","potentialAction":[{"@type":"SearchAction","target":{"@type":"EntryPoint","urlTemplate":"https:\/\/decolights.eu\/?s={search_term_string}"},"query-input":{"@type":"PropertyValueSpecification","valueRequired":true,"valueName":"search_term_string"}}],"inLanguage":"hu"},{"@type":"Organization","@id":"https:\/\/decolights.eu\/#organization","name":"decolights","url":"https:\/\/decolights.eu\/","logo":{"@type":"ImageObject","inLanguage":"hu","@id":"https:\/\/decolights.eu\/#\/schema\/logo\/image\/","url":"https:\/\/decolights.eu\/wp-content\/uploads\/2023\/07\/cropped-decolight-siteicon.png","contentUrl":"https:\/\/decolights.eu\/wp-content\/uploads\/2023\/07\/cropped-decolight-siteicon.png","width":512,"height":512,"caption":"decolights"},"image":{"@id":"https:\/\/decolights.eu\/#\/schema\/logo\/image\/"}}]}},"jetpack_sharing_enabled":true,"_links":{"self":[{"href":"https:\/\/decolights.eu\/hu\/wp-json\/wp\/v2\/product\/5855","targetHints":{"allow":["GET"]}}],"collection":[{"href":"https:\/\/decolights.eu\/hu\/wp-json\/wp\/v2\/product"}],"about":[{"href":"https:\/\/decolights.eu\/hu\/wp-json\/wp\/v2\/types\/product"}],"replies":[{"embeddable":true,"href":"https:\/\/decolights.eu\/hu\/wp-json\/wp\/v2\/comments?post=5855"}],"wp:featuredmedia":[{"embeddable":true,"href":"https:\/\/decolights.eu\/hu\/wp-json\/wp\/v2\/media\/6018"}],"wp:attachment":[{"href":"https:\/\/decolights.eu\/hu\/wp-json\/wp\/v2\/media?parent=5855"}],"wp:term":[{"taxonomy":"product_brand","embeddable":true,"href":"https:\/\/decolights.eu\/hu\/wp-json\/wp\/v2\/product_brand?post=5855"},{"taxonomy":"product_cat","embeddable":true,"href":"https:\/\/decolights.eu\/hu\/wp-json\/wp\/v2\/product_cat?post=5855"},{"taxonomy":"product_tag","embeddable":true,"href":"https:\/\/decolights.eu\/hu\/wp-json\/wp\/v2\/product_tag?post=5855"}],"curies":[{"name":"wp","href":"https:\/\/api.w.org\/{rel}","templated":true}]}}