{"id":6127,"date":"2023-04-01T04:41:08","date_gmt":"2023-04-01T04:41:08","guid":{"rendered":"https:\/\/decolights.eu\/?post_type=product&#038;p=6127"},"modified":"2023-05-12T05:50:46","modified_gmt":"2023-05-12T05:50:46","slug":"1500led-string-lights","status":"publish","type":"product","link":"https:\/\/decolights.eu\/hu\/termek-2\/1500led-string-lights\/","title":{"rendered":"1500 LED-es l\u00e1mpasor"},"content":{"rendered":"<ul>\n<li><strong>LED-ek sz\u00e1ma:<\/strong> 1500 LED<\/li>\n<li><strong>Vezet\u00e9k sz\u00edne: <\/strong>S\u00f6t\u00e9tz\u00f6ld<\/li>\n<li><strong>Teljes hossza (bele\u00e9rtve a t\u00e1pk\u00e1belt):<\/strong> 91,50 milli\u00f3<\/li>\n<li><strong>Vil\u00e1g\u00edt\u00e1s hossza: <\/strong>90 milli\u00f3<\/li>\n<li><strong>A t\u00e1pk\u00e1bel hossza<\/strong>: 1,50 milli\u00f3<\/li>\n<li><strong>T\u00e1vir\u00e1ny\u00edt\u00f3:\u00a0<\/strong>Nem<\/li>\n<li><strong>Funkci\u00f3k:\u00a0<\/strong>Nem<\/li>\n<li><b>IP besorol\u00e1s:\u00a0<\/b>IP44<\/li>\n<li><strong>Csatlakoztathat\u00f3:\u00a0<\/strong>Igen (maximum 3 k\u00e9szlet)<\/li>\n<li><strong>\u00c1ramforr\u00e1s:\u00a0<\/strong>csatlakoztat<\/li>\n<li><strong>CE tan\u00fas\u00edtv\u00e1ny:\u00a0<\/strong>Igen<\/li>\n<li>220-240V, 50Hz max, 20.2W<\/li>\n<\/ul>","protected":false},"excerpt":{"rendered":"<p>Number of LEDs: 1500LED Wire colour: Dark green Total length (including power lead cable): 91.50M Lit length: 90M Power lead cable length: 1.50M Remote control:\u00a0No Functions:\u00a0No IP Rating:\u00a0IP44 Connectable:\u00a0Yes (maximum 3 sets) Power source:\u00a0plug in CE Certificate:\u00a0Yes 220-240v, 50Hz max, 20.2W<\/p>","protected":false},"featured_media":6136,"comment_status":"open","ping_status":"closed","template":"","meta":[],"product_brand":[],"product_cat":[236,226],"product_tag":[],"class_list":{"0":"post-6127","1":"product","2":"type-product","3":"status-publish","4":"has-post-thumbnail","6":"product_cat-led-string-lights-outdoor-lights","7":"product_cat-outdoor-lights","8":"pa_available-colours-cold-white","9":"pa_available-colours-warm-white","10":"pa_brand-deco","11":"pa_led-colour-cold-white","12":"pa_led-colour-warm-white","14":"first","15":"instock","16":"sale","17":"shipping-taxable","18":"purchasable","19":"product-type-variable"},"yoast_head":"<!-- This site is optimized with the Yoast SEO plugin v27.3 - https:\/\/yoast.com\/product\/yoast-seo-wordpress\/ -->\n<title>1500LED string lights - Decolights.eu<\/title>\n<meta name=\"description\" content=\"LED String lights are traditional festive decoration and are perfect for decorating plants, Christmas trees or house. Buy now for the best price!\" \/>\n<meta name=\"robots\" content=\"index, follow, max-snippet:-1, max-image-preview:large, max-video-preview:-1\" \/>\n<link rel=\"canonical\" href=\"https:\/\/decolights.eu\/hu\/termek-2\/1500led-string-lights\/\" \/>\n<meta property=\"og:locale\" content=\"hu_HU\" \/>\n<meta property=\"og:type\" content=\"article\" \/>\n<meta property=\"og:title\" content=\"1500LED string lights - Decolights.eu\" \/>\n<meta property=\"og:description\" content=\"LED String lights are traditional festive decoration and are perfect for decorating plants, Christmas trees or house. Buy now for the best price!\" \/>\n<meta property=\"og:url\" content=\"https:\/\/decolights.eu\/hu\/termek-2\/1500led-string-lights\/\" \/>\n<meta property=\"og:site_name\" content=\"Decolights.eu\" \/>\n<meta property=\"article:modified_time\" content=\"2023-05-12T05:50:46+00:00\" \/>\n<meta property=\"og:image\" content=\"https:\/\/decolights.eu\/wp-content\/uploads\/2023\/04\/24211-cl1003-lampki-choinkowe-1000-led_M1.jpg\" \/>\n\t<meta property=\"og:image:width\" content=\"1000\" \/>\n\t<meta property=\"og:image:height\" content=\"1000\" \/>\n\t<meta property=\"og:image:type\" content=\"image\/jpeg\" \/>\n<meta name=\"twitter:card\" content=\"summary_large_image\" \/>\n<meta name=\"twitter:label1\" content=\"Becs\u00fclt olvas\u00e1si id\u0151\" \/>\n\t<meta name=\"twitter:data1\" content=\"1 perc\" \/>\n<script type=\"application\/ld+json\" class=\"yoast-schema-graph\">{\"@context\":\"https:\\\/\\\/schema.org\",\"@graph\":[{\"@type\":\"WebPage\",\"@id\":\"https:\\\/\\\/decolights.eu\\\/product\\\/1500led-string-lights\\\/\",\"url\":\"https:\\\/\\\/decolights.eu\\\/product\\\/1500led-string-lights\\\/\",\"name\":\"1500LED string lights - Decolights.eu\",\"isPartOf\":{\"@id\":\"https:\\\/\\\/decolights.eu\\\/#website\"},\"primaryImageOfPage\":{\"@id\":\"https:\\\/\\\/decolights.eu\\\/product\\\/1500led-string-lights\\\/#primaryimage\"},\"image\":{\"@id\":\"https:\\\/\\\/decolights.eu\\\/product\\\/1500led-string-lights\\\/#primaryimage\"},\"thumbnailUrl\":\"https:\\\/\\\/decolights.eu\\\/wp-content\\\/uploads\\\/2023\\\/04\\\/24211-cl1003-lampki-choinkowe-1000-led_M1.jpg\",\"datePublished\":\"2023-04-01T04:41:08+00:00\",\"dateModified\":\"2023-05-12T05:50:46+00:00\",\"description\":\"LED String lights are traditional festive decoration and are perfect for decorating plants, Christmas trees or house. Buy now for the best price!\",\"breadcrumb\":{\"@id\":\"https:\\\/\\\/decolights.eu\\\/product\\\/1500led-string-lights\\\/#breadcrumb\"},\"inLanguage\":\"hu\",\"potentialAction\":[{\"@type\":\"ReadAction\",\"target\":[\"https:\\\/\\\/decolights.eu\\\/product\\\/1500led-string-lights\\\/\"]}]},{\"@type\":\"ImageObject\",\"inLanguage\":\"hu\",\"@id\":\"https:\\\/\\\/decolights.eu\\\/product\\\/1500led-string-lights\\\/#primaryimage\",\"url\":\"https:\\\/\\\/decolights.eu\\\/wp-content\\\/uploads\\\/2023\\\/04\\\/24211-cl1003-lampki-choinkowe-1000-led_M1.jpg\",\"contentUrl\":\"https:\\\/\\\/decolights.eu\\\/wp-content\\\/uploads\\\/2023\\\/04\\\/24211-cl1003-lampki-choinkowe-1000-led_M1.jpg\",\"width\":1000,\"height\":1000},{\"@type\":\"BreadcrumbList\",\"@id\":\"https:\\\/\\\/decolights.eu\\\/product\\\/1500led-string-lights\\\/#breadcrumb\",\"itemListElement\":[{\"@type\":\"ListItem\",\"position\":1,\"name\":\"Shop\",\"item\":\"https:\\\/\\\/decolights.eu\\\/shop\\\/\"},{\"@type\":\"ListItem\",\"position\":2,\"name\":\"1500LED string lights\"}]},{\"@type\":\"WebSite\",\"@id\":\"https:\\\/\\\/decolights.eu\\\/#website\",\"url\":\"https:\\\/\\\/decolights.eu\\\/\",\"name\":\"decolights\",\"description\":\"Led Decorations for Home and Garden\",\"publisher\":{\"@id\":\"https:\\\/\\\/decolights.eu\\\/#organization\"},\"alternateName\":\"decolights.eu\",\"potentialAction\":[{\"@type\":\"SearchAction\",\"target\":{\"@type\":\"EntryPoint\",\"urlTemplate\":\"https:\\\/\\\/decolights.eu\\\/?s={search_term_string}\"},\"query-input\":{\"@type\":\"PropertyValueSpecification\",\"valueRequired\":true,\"valueName\":\"search_term_string\"}}],\"inLanguage\":\"hu\"},{\"@type\":\"Organization\",\"@id\":\"https:\\\/\\\/decolights.eu\\\/#organization\",\"name\":\"decolights\",\"url\":\"https:\\\/\\\/decolights.eu\\\/\",\"logo\":{\"@type\":\"ImageObject\",\"inLanguage\":\"hu\",\"@id\":\"https:\\\/\\\/decolights.eu\\\/#\\\/schema\\\/logo\\\/image\\\/\",\"url\":\"https:\\\/\\\/decolights.eu\\\/wp-content\\\/uploads\\\/2023\\\/07\\\/cropped-decolight-siteicon.png\",\"contentUrl\":\"https:\\\/\\\/decolights.eu\\\/wp-content\\\/uploads\\\/2023\\\/07\\\/cropped-decolight-siteicon.png\",\"width\":512,\"height\":512,\"caption\":\"decolights\"},\"image\":{\"@id\":\"https:\\\/\\\/decolights.eu\\\/#\\\/schema\\\/logo\\\/image\\\/\"}}]}<\/script>\n<!-- \/ Yoast SEO plugin. -->","yoast_head_json":{"title":"1500LED l\u00e1mpaf\u00fcz\u00e9r - Decolights.eu","description":"A LED-es l\u00e1mp\u00e1k hagyom\u00e1nyos \u00fcnnepi dekor\u00e1ci\u00f3, \u00e9s t\u00f6k\u00e9letesek n\u00f6v\u00e9nyek, kar\u00e1csonyf\u00e1k vagy h\u00e1z d\u00edsz\u00edt\u00e9s\u00e9re. V\u00e1s\u00e1roljon most a legjobb \u00e1ron!","robots":{"index":"index","follow":"follow","max-snippet":"max-snippet:-1","max-image-preview":"max-image-preview:large","max-video-preview":"max-video-preview:-1"},"canonical":"https:\/\/decolights.eu\/hu\/termek-2\/1500led-string-lights\/","og_locale":"hu_HU","og_type":"article","og_title":"1500LED string lights - Decolights.eu","og_description":"LED String lights are traditional festive decoration and are perfect for decorating plants, Christmas trees or house. Buy now for the best price!","og_url":"https:\/\/decolights.eu\/hu\/termek-2\/1500led-string-lights\/","og_site_name":"Decolights.eu","article_modified_time":"2023-05-12T05:50:46+00:00","og_image":[{"width":1000,"height":1000,"url":"https:\/\/decolights.eu\/wp-content\/uploads\/2023\/04\/24211-cl1003-lampki-choinkowe-1000-led_M1.jpg","type":"image\/jpeg"}],"twitter_card":"summary_large_image","twitter_misc":{"Becs\u00fclt olvas\u00e1si id\u0151":"1 perc"},"schema":{"@context":"https:\/\/schema.org","@graph":[{"@type":"WebPage","@id":"https:\/\/decolights.eu\/product\/1500led-string-lights\/","url":"https:\/\/decolights.eu\/product\/1500led-string-lights\/","name":"1500LED l\u00e1mpaf\u00fcz\u00e9r - Decolights.eu","isPartOf":{"@id":"https:\/\/decolights.eu\/#website"},"primaryImageOfPage":{"@id":"https:\/\/decolights.eu\/product\/1500led-string-lights\/#primaryimage"},"image":{"@id":"https:\/\/decolights.eu\/product\/1500led-string-lights\/#primaryimage"},"thumbnailUrl":"https:\/\/decolights.eu\/wp-content\/uploads\/2023\/04\/24211-cl1003-lampki-choinkowe-1000-led_M1.jpg","datePublished":"2023-04-01T04:41:08+00:00","dateModified":"2023-05-12T05:50:46+00:00","description":"A LED-es l\u00e1mp\u00e1k hagyom\u00e1nyos \u00fcnnepi dekor\u00e1ci\u00f3, \u00e9s t\u00f6k\u00e9letesek n\u00f6v\u00e9nyek, kar\u00e1csonyf\u00e1k vagy h\u00e1z d\u00edsz\u00edt\u00e9s\u00e9re. V\u00e1s\u00e1roljon most a legjobb \u00e1ron!","breadcrumb":{"@id":"https:\/\/decolights.eu\/product\/1500led-string-lights\/#breadcrumb"},"inLanguage":"hu","potentialAction":[{"@type":"ReadAction","target":["https:\/\/decolights.eu\/product\/1500led-string-lights\/"]}]},{"@type":"ImageObject","inLanguage":"hu","@id":"https:\/\/decolights.eu\/product\/1500led-string-lights\/#primaryimage","url":"https:\/\/decolights.eu\/wp-content\/uploads\/2023\/04\/24211-cl1003-lampki-choinkowe-1000-led_M1.jpg","contentUrl":"https:\/\/decolights.eu\/wp-content\/uploads\/2023\/04\/24211-cl1003-lampki-choinkowe-1000-led_M1.jpg","width":1000,"height":1000},{"@type":"BreadcrumbList","@id":"https:\/\/decolights.eu\/product\/1500led-string-lights\/#breadcrumb","itemListElement":[{"@type":"ListItem","position":1,"name":"Shop","item":"https:\/\/decolights.eu\/shop\/"},{"@type":"ListItem","position":2,"name":"1500LED string lights"}]},{"@type":"WebSite","@id":"https:\/\/decolights.eu\/#website","url":"https:\/\/decolights.eu\/","name":"decolights","description":"Led dekor\u00e1ci\u00f3 otthonra \u00e9s kertre","publisher":{"@id":"https:\/\/decolights.eu\/#organization"},"alternateName":"decolights.eu","potentialAction":[{"@type":"SearchAction","target":{"@type":"EntryPoint","urlTemplate":"https:\/\/decolights.eu\/?s={search_term_string}"},"query-input":{"@type":"PropertyValueSpecification","valueRequired":true,"valueName":"search_term_string"}}],"inLanguage":"hu"},{"@type":"Organization","@id":"https:\/\/decolights.eu\/#organization","name":"decolights","url":"https:\/\/decolights.eu\/","logo":{"@type":"ImageObject","inLanguage":"hu","@id":"https:\/\/decolights.eu\/#\/schema\/logo\/image\/","url":"https:\/\/decolights.eu\/wp-content\/uploads\/2023\/07\/cropped-decolight-siteicon.png","contentUrl":"https:\/\/decolights.eu\/wp-content\/uploads\/2023\/07\/cropped-decolight-siteicon.png","width":512,"height":512,"caption":"decolights"},"image":{"@id":"https:\/\/decolights.eu\/#\/schema\/logo\/image\/"}}]}},"jetpack_sharing_enabled":true,"_links":{"self":[{"href":"https:\/\/decolights.eu\/hu\/wp-json\/wp\/v2\/product\/6127","targetHints":{"allow":["GET"]}}],"collection":[{"href":"https:\/\/decolights.eu\/hu\/wp-json\/wp\/v2\/product"}],"about":[{"href":"https:\/\/decolights.eu\/hu\/wp-json\/wp\/v2\/types\/product"}],"replies":[{"embeddable":true,"href":"https:\/\/decolights.eu\/hu\/wp-json\/wp\/v2\/comments?post=6127"}],"wp:featuredmedia":[{"embeddable":true,"href":"https:\/\/decolights.eu\/hu\/wp-json\/wp\/v2\/media\/6136"}],"wp:attachment":[{"href":"https:\/\/decolights.eu\/hu\/wp-json\/wp\/v2\/media?parent=6127"}],"wp:term":[{"taxonomy":"product_brand","embeddable":true,"href":"https:\/\/decolights.eu\/hu\/wp-json\/wp\/v2\/product_brand?post=6127"},{"taxonomy":"product_cat","embeddable":true,"href":"https:\/\/decolights.eu\/hu\/wp-json\/wp\/v2\/product_cat?post=6127"},{"taxonomy":"product_tag","embeddable":true,"href":"https:\/\/decolights.eu\/hu\/wp-json\/wp\/v2\/product_tag?post=6127"}],"curies":[{"name":"wp","href":"https:\/\/api.w.org\/{rel}","templated":true}]}}