{"id":6285,"date":"2023-04-01T04:43:12","date_gmt":"2023-04-01T04:43:12","guid":{"rendered":"https:\/\/decolights.eu\/?post_type=product&#038;p=6285"},"modified":"2023-05-10T09:18:58","modified_gmt":"2023-05-10T09:18:58","slug":"solar-wall-lights-with-sensor","status":"publish","type":"product","link":"https:\/\/decolights.eu\/hu\/termek-2\/solar-wall-lights-with-sensor\/","title":{"rendered":"Napelemes fali l\u00e1mp\u00e1k \u00e9rz\u00e9kel\u0151vel"},"content":{"rendered":"<p><strong>K\u00d6LTS\u00c9GMENTES HASZN\u00c1LAT -\u00a0<\/strong>a napelem \u00e9s az akkumul\u00e1tor olyan \u00e1ramot biztos\u00edt, amely lehet\u0151v\u00e9 teszi a k\u00e9sz\u00fcl\u00e9k karbantart\u00e1s- \u00e9s k\u00f6lts\u00e9gmentes haszn\u00e1lat\u00e1t.\u00a0<strong>Nem ig\u00e9nyel tov\u00e1bbi energiaforr\u00e1st, gazdas\u00e1gos \u00e9s gazdas\u00e1gos<\/strong>\u00a0.<\/p>\n<p><strong>D\u00d6NT\u00c9SSZ\u00d6G BE\u00c1LL\u00cdT\u00c1SA +<\/strong>\u00a0<strong>PIR MOZG\u00c1S- \u00c9S SZ\u00dcKS\u00c9GSZENZOR<\/strong>\u00a0\u2013 3 l\u00e1mpa \u00e9s egy panel \u00e1ll\u00edthat\u00f3 d\u0151l\u00e9ssz\u00f6ggel: fel, le, oldalra. A l\u00e1mp\u00e1s be\u00e9p\u00edtett mozg\u00e1s- \u00e9s sz\u00fcrk\u00fclet\u00e9rz\u00e9kel\u0151vel rendelkezik, ennek k\u00f6sz\u00f6nhet\u0151en m\u00f3dt\u00f3l f\u00fcgg\u0151en\u00a0<strong>csak s\u00f6t\u00e9ted\u00e9s ut\u00e1n vil\u00e1g\u00edt, ha mozg\u00e1st \u00e9szlel a k\u00f6zvetlen k\u00f6zel\u00e9ben.<\/strong><\/p>\n<p><strong>T\u00c1VIR\u00c1NY\u00cdT\u00d3 + 4 M\u0170K\u00d6D\u00c9SI M\u00d3D\u00a0<\/strong>\u2013 a l\u00e1mpa k\u00e9nyelmes vez\u00e9rl\u00e9se a t\u00e1vir\u00e1ny\u00edt\u00f3val t\u00f6rt\u00e9nik. Ki \u00e9s Be gombok vannak rajta. Az ON gomb folyamatosan vil\u00e1g\u00edt 100%, \u00e9s 3 kapcsol\u00e1si m\u00f3d van: \u2022 MODE 1 \u2013 Mode 1: Ha mozg\u00e1st \u00e9szlel, a l\u00e1mpa 100% maxim\u00e1lis teljes\u00edtm\u00e9nyen vil\u00e1g\u00edt 20 m\u00e1sodpercre. 2. \u00dcZEMM\u00d3D \u2013 2. m\u00f3d: a l\u00e1mpa 30%-n\u00e1l van bekapcsolva, a mozg\u00e1s \u00e9rz\u00e9kel\u00e9se ut\u00e1n a l\u00e1mpa a maxim\u00e1lis teljes\u00edtm\u00e9ny\u00e9nek 100%-j\u00e1n vil\u00e1g\u00edt 20 m\u00e1sodpercig. 3. M\u00d3D \u2013 3. m\u00f3d: A l\u00e1mpa folyamatosan 60% maxim\u00e1lis teljes\u00edtm\u00e9nnyel vil\u00e1g\u00edt.<\/p>\n<p><strong>V\u00cdZ\u00c1LL\u00d3 -\u00a0<\/strong>A l\u00e1mpa v\u00edz\u00e1ll\u00f3, ez\u00e9rt a kedvez\u0151tlen id\u0151j\u00e1r\u00e1si viszonyok nem befoly\u00e1solj\u00e1k a m\u0171k\u00f6d\u00e9s\u00e9t. Megvan\u00a0<strong>egy IP6<\/strong><strong>5<\/strong>\u00a0v\u00edz\u00e1ll\u00f3 min\u0151s\u00edt\u00e9s.<\/p>\n<ul>\n<li><strong>Sz\u00edn:<\/strong> fekete<\/li>\n<li><strong>LED sz\u00edn:<\/strong> meleg feh\u00e9r<\/li>\n<li><strong>Vill\u00e1msz\u00f6g<\/strong>: 180\u00b0<\/li>\n<li><strong>PIR mozg\u00e1s\u00e9rz\u00e9kel\u0151:<\/strong> Igen<\/li>\n<li><strong>\u00c1ramforr\u00e1s:\u00a0<\/strong>Nap<\/li>\n<li><strong>IP besorol\u00e1s: <\/strong>IP65<\/li>\n<li><strong>T\u00e1vir\u00e1ny\u00edt\u00f3:\u00a0<\/strong>Bele\u00e9rtve<\/li>\n<li>9W 3,7V<\/li>\n<\/ul>","protected":false},"excerpt":{"rendered":"<p>COST-FREE USE &#8211;\u00a0the solar panel and the battery provide power that enables maintenance-free and cost-free use of the device.\u00a0It does not require an additional source of energy, it is economical and economical\u00a0. TILT ANGLE ADJUSTMENT +\u00a0PIR MOTION AND TWILIGHT SENSOR\u00a0&#8211; 3 lamps and a panel have adjustable angles of inclination: up, down, sideways. The lantern [&#8230;]\n","protected":false},"featured_media":6396,"comment_status":"open","ping_status":"closed","template":"","meta":[],"product_brand":[],"product_cat":[226,231,194,171,277,197],"product_tag":[],"class_list":{"0":"post-6285","1":"product","2":"type-product","3":"status-publish","4":"has-post-thumbnail","6":"product_cat-outdoor-lights","7":"product_cat-solar-decking-lights-outdoor-lights","8":"product_cat-solar-decking-lights","9":"product_cat-solar-lights","10":"product_cat-solar-spotlight-outdoor-lights","11":"product_cat-solar-spotlight","12":"pa_brand-deco","13":"pa_led-colour-warm-white","15":"first","16":"instock","17":"sale","18":"shipping-taxable","19":"purchasable","20":"product-type-simple"},"yoast_head":"<!-- This site is optimized with the Yoast SEO plugin v27.3 - https:\/\/yoast.com\/product\/yoast-seo-wordpress\/ -->\n<title>Solar wall lights with sensor - Decolights.eu<\/title>\n<meta name=\"description\" content=\"Solar wall light gives maintenance-free and cost-free lightning to your home or office. Very comfortable and cheap to use! Do not hesitate, buy now!\" \/>\n<meta name=\"robots\" content=\"index, follow, max-snippet:-1, max-image-preview:large, max-video-preview:-1\" \/>\n<link rel=\"canonical\" href=\"https:\/\/decolights.eu\/hu\/termek-2\/solar-wall-lights-with-sensor\/\" \/>\n<meta property=\"og:locale\" content=\"hu_HU\" \/>\n<meta property=\"og:type\" content=\"article\" \/>\n<meta property=\"og:title\" content=\"Solar wall lights with sensor - Decolights.eu\" \/>\n<meta property=\"og:description\" content=\"Solar wall light gives maintenance-free and cost-free lightning to your home or office. Very comfortable and cheap to use! Do not hesitate, buy now!\" \/>\n<meta property=\"og:url\" content=\"https:\/\/decolights.eu\/hu\/termek-2\/solar-wall-lights-with-sensor\/\" \/>\n<meta property=\"og:site_name\" content=\"Decolights.eu\" \/>\n<meta property=\"article:modified_time\" content=\"2023-05-10T09:18:58+00:00\" \/>\n<meta property=\"og:image\" content=\"https:\/\/decolights.eu\/wp-content\/uploads\/2023\/04\/eng_pl_181LED-solar-lamp-with-Izoxis-outdoor-panel-16276_1.jpg\" \/>\n\t<meta property=\"og:image:width\" content=\"500\" \/>\n\t<meta property=\"og:image:height\" content=\"500\" \/>\n\t<meta property=\"og:image:type\" content=\"image\/jpeg\" \/>\n<meta name=\"twitter:card\" content=\"summary_large_image\" \/>\n<meta name=\"twitter:label1\" content=\"Becs\u00fclt olvas\u00e1si id\u0151\" \/>\n\t<meta name=\"twitter:data1\" content=\"2 perc\" \/>\n<script type=\"application\/ld+json\" class=\"yoast-schema-graph\">{\"@context\":\"https:\\\/\\\/schema.org\",\"@graph\":[{\"@type\":\"WebPage\",\"@id\":\"https:\\\/\\\/decolights.eu\\\/product\\\/solar-wall-lights-with-sensor\\\/\",\"url\":\"https:\\\/\\\/decolights.eu\\\/product\\\/solar-wall-lights-with-sensor\\\/\",\"name\":\"Solar wall lights with sensor - Decolights.eu\",\"isPartOf\":{\"@id\":\"https:\\\/\\\/decolights.eu\\\/#website\"},\"primaryImageOfPage\":{\"@id\":\"https:\\\/\\\/decolights.eu\\\/product\\\/solar-wall-lights-with-sensor\\\/#primaryimage\"},\"image\":{\"@id\":\"https:\\\/\\\/decolights.eu\\\/product\\\/solar-wall-lights-with-sensor\\\/#primaryimage\"},\"thumbnailUrl\":\"https:\\\/\\\/decolights.eu\\\/wp-content\\\/uploads\\\/2023\\\/04\\\/eng_pl_181LED-solar-lamp-with-Izoxis-outdoor-panel-16276_1.jpg\",\"datePublished\":\"2023-04-01T04:43:12+00:00\",\"dateModified\":\"2023-05-10T09:18:58+00:00\",\"description\":\"Solar wall light gives maintenance-free and cost-free lightning to your home or office. Very comfortable and cheap to use! Do not hesitate, buy now!\",\"breadcrumb\":{\"@id\":\"https:\\\/\\\/decolights.eu\\\/product\\\/solar-wall-lights-with-sensor\\\/#breadcrumb\"},\"inLanguage\":\"hu\",\"potentialAction\":[{\"@type\":\"ReadAction\",\"target\":[\"https:\\\/\\\/decolights.eu\\\/product\\\/solar-wall-lights-with-sensor\\\/\"]}]},{\"@type\":\"ImageObject\",\"inLanguage\":\"hu\",\"@id\":\"https:\\\/\\\/decolights.eu\\\/product\\\/solar-wall-lights-with-sensor\\\/#primaryimage\",\"url\":\"https:\\\/\\\/decolights.eu\\\/wp-content\\\/uploads\\\/2023\\\/04\\\/eng_pl_181LED-solar-lamp-with-Izoxis-outdoor-panel-16276_1.jpg\",\"contentUrl\":\"https:\\\/\\\/decolights.eu\\\/wp-content\\\/uploads\\\/2023\\\/04\\\/eng_pl_181LED-solar-lamp-with-Izoxis-outdoor-panel-16276_1.jpg\",\"width\":500,\"height\":500},{\"@type\":\"BreadcrumbList\",\"@id\":\"https:\\\/\\\/decolights.eu\\\/product\\\/solar-wall-lights-with-sensor\\\/#breadcrumb\",\"itemListElement\":[{\"@type\":\"ListItem\",\"position\":1,\"name\":\"Shop\",\"item\":\"https:\\\/\\\/decolights.eu\\\/shop\\\/\"},{\"@type\":\"ListItem\",\"position\":2,\"name\":\"Solar wall lights with sensor\"}]},{\"@type\":\"WebSite\",\"@id\":\"https:\\\/\\\/decolights.eu\\\/#website\",\"url\":\"https:\\\/\\\/decolights.eu\\\/\",\"name\":\"decolights\",\"description\":\"Led Decorations for Home and Garden\",\"publisher\":{\"@id\":\"https:\\\/\\\/decolights.eu\\\/#organization\"},\"alternateName\":\"decolights.eu\",\"potentialAction\":[{\"@type\":\"SearchAction\",\"target\":{\"@type\":\"EntryPoint\",\"urlTemplate\":\"https:\\\/\\\/decolights.eu\\\/?s={search_term_string}\"},\"query-input\":{\"@type\":\"PropertyValueSpecification\",\"valueRequired\":true,\"valueName\":\"search_term_string\"}}],\"inLanguage\":\"hu\"},{\"@type\":\"Organization\",\"@id\":\"https:\\\/\\\/decolights.eu\\\/#organization\",\"name\":\"decolights\",\"url\":\"https:\\\/\\\/decolights.eu\\\/\",\"logo\":{\"@type\":\"ImageObject\",\"inLanguage\":\"hu\",\"@id\":\"https:\\\/\\\/decolights.eu\\\/#\\\/schema\\\/logo\\\/image\\\/\",\"url\":\"https:\\\/\\\/decolights.eu\\\/wp-content\\\/uploads\\\/2023\\\/07\\\/cropped-decolight-siteicon.png\",\"contentUrl\":\"https:\\\/\\\/decolights.eu\\\/wp-content\\\/uploads\\\/2023\\\/07\\\/cropped-decolight-siteicon.png\",\"width\":512,\"height\":512,\"caption\":\"decolights\"},\"image\":{\"@id\":\"https:\\\/\\\/decolights.eu\\\/#\\\/schema\\\/logo\\\/image\\\/\"}}]}<\/script>\n<!-- \/ Yoast SEO plugin. -->","yoast_head_json":{"title":"Napelemes fali l\u00e1mp\u00e1k \u00e9rz\u00e9kel\u0151vel - Decolights.eu","description":"Napelemes fali l\u00e1mpa karbantart\u00e1smentes \u00e9s k\u00f6lts\u00e9gmentes vill\u00e1ml\u00e1st biztos\u00edt otthon\u00e1ban vagy irod\u00e1j\u00e1ban. Nagyon k\u00e9nyelmes \u00e9s olcs\u00f3 a haszn\u00e1lata! Ne habozzon, v\u00e1s\u00e1roljon most!","robots":{"index":"index","follow":"follow","max-snippet":"max-snippet:-1","max-image-preview":"max-image-preview:large","max-video-preview":"max-video-preview:-1"},"canonical":"https:\/\/decolights.eu\/hu\/termek-2\/solar-wall-lights-with-sensor\/","og_locale":"hu_HU","og_type":"article","og_title":"Solar wall lights with sensor - Decolights.eu","og_description":"Solar wall light gives maintenance-free and cost-free lightning to your home or office. Very comfortable and cheap to use! Do not hesitate, buy now!","og_url":"https:\/\/decolights.eu\/hu\/termek-2\/solar-wall-lights-with-sensor\/","og_site_name":"Decolights.eu","article_modified_time":"2023-05-10T09:18:58+00:00","og_image":[{"width":500,"height":500,"url":"https:\/\/decolights.eu\/wp-content\/uploads\/2023\/04\/eng_pl_181LED-solar-lamp-with-Izoxis-outdoor-panel-16276_1.jpg","type":"image\/jpeg"}],"twitter_card":"summary_large_image","twitter_misc":{"Becs\u00fclt olvas\u00e1si id\u0151":"2 perc"},"schema":{"@context":"https:\/\/schema.org","@graph":[{"@type":"WebPage","@id":"https:\/\/decolights.eu\/product\/solar-wall-lights-with-sensor\/","url":"https:\/\/decolights.eu\/product\/solar-wall-lights-with-sensor\/","name":"Napelemes fali l\u00e1mp\u00e1k \u00e9rz\u00e9kel\u0151vel - Decolights.eu","isPartOf":{"@id":"https:\/\/decolights.eu\/#website"},"primaryImageOfPage":{"@id":"https:\/\/decolights.eu\/product\/solar-wall-lights-with-sensor\/#primaryimage"},"image":{"@id":"https:\/\/decolights.eu\/product\/solar-wall-lights-with-sensor\/#primaryimage"},"thumbnailUrl":"https:\/\/decolights.eu\/wp-content\/uploads\/2023\/04\/eng_pl_181LED-solar-lamp-with-Izoxis-outdoor-panel-16276_1.jpg","datePublished":"2023-04-01T04:43:12+00:00","dateModified":"2023-05-10T09:18:58+00:00","description":"Napelemes fali l\u00e1mpa karbantart\u00e1smentes \u00e9s k\u00f6lts\u00e9gmentes vill\u00e1ml\u00e1st biztos\u00edt otthon\u00e1ban vagy irod\u00e1j\u00e1ban. Nagyon k\u00e9nyelmes \u00e9s olcs\u00f3 a haszn\u00e1lata! Ne habozzon, v\u00e1s\u00e1roljon most!","breadcrumb":{"@id":"https:\/\/decolights.eu\/product\/solar-wall-lights-with-sensor\/#breadcrumb"},"inLanguage":"hu","potentialAction":[{"@type":"ReadAction","target":["https:\/\/decolights.eu\/product\/solar-wall-lights-with-sensor\/"]}]},{"@type":"ImageObject","inLanguage":"hu","@id":"https:\/\/decolights.eu\/product\/solar-wall-lights-with-sensor\/#primaryimage","url":"https:\/\/decolights.eu\/wp-content\/uploads\/2023\/04\/eng_pl_181LED-solar-lamp-with-Izoxis-outdoor-panel-16276_1.jpg","contentUrl":"https:\/\/decolights.eu\/wp-content\/uploads\/2023\/04\/eng_pl_181LED-solar-lamp-with-Izoxis-outdoor-panel-16276_1.jpg","width":500,"height":500},{"@type":"BreadcrumbList","@id":"https:\/\/decolights.eu\/product\/solar-wall-lights-with-sensor\/#breadcrumb","itemListElement":[{"@type":"ListItem","position":1,"name":"Shop","item":"https:\/\/decolights.eu\/shop\/"},{"@type":"ListItem","position":2,"name":"Solar wall lights with sensor"}]},{"@type":"WebSite","@id":"https:\/\/decolights.eu\/#website","url":"https:\/\/decolights.eu\/","name":"decolights","description":"Led dekor\u00e1ci\u00f3 otthonra \u00e9s kertre","publisher":{"@id":"https:\/\/decolights.eu\/#organization"},"alternateName":"decolights.eu","potentialAction":[{"@type":"SearchAction","target":{"@type":"EntryPoint","urlTemplate":"https:\/\/decolights.eu\/?s={search_term_string}"},"query-input":{"@type":"PropertyValueSpecification","valueRequired":true,"valueName":"search_term_string"}}],"inLanguage":"hu"},{"@type":"Organization","@id":"https:\/\/decolights.eu\/#organization","name":"decolights","url":"https:\/\/decolights.eu\/","logo":{"@type":"ImageObject","inLanguage":"hu","@id":"https:\/\/decolights.eu\/#\/schema\/logo\/image\/","url":"https:\/\/decolights.eu\/wp-content\/uploads\/2023\/07\/cropped-decolight-siteicon.png","contentUrl":"https:\/\/decolights.eu\/wp-content\/uploads\/2023\/07\/cropped-decolight-siteicon.png","width":512,"height":512,"caption":"decolights"},"image":{"@id":"https:\/\/decolights.eu\/#\/schema\/logo\/image\/"}}]}},"jetpack_sharing_enabled":true,"_links":{"self":[{"href":"https:\/\/decolights.eu\/hu\/wp-json\/wp\/v2\/product\/6285","targetHints":{"allow":["GET"]}}],"collection":[{"href":"https:\/\/decolights.eu\/hu\/wp-json\/wp\/v2\/product"}],"about":[{"href":"https:\/\/decolights.eu\/hu\/wp-json\/wp\/v2\/types\/product"}],"replies":[{"embeddable":true,"href":"https:\/\/decolights.eu\/hu\/wp-json\/wp\/v2\/comments?post=6285"}],"wp:featuredmedia":[{"embeddable":true,"href":"https:\/\/decolights.eu\/hu\/wp-json\/wp\/v2\/media\/6396"}],"wp:attachment":[{"href":"https:\/\/decolights.eu\/hu\/wp-json\/wp\/v2\/media?parent=6285"}],"wp:term":[{"taxonomy":"product_brand","embeddable":true,"href":"https:\/\/decolights.eu\/hu\/wp-json\/wp\/v2\/product_brand?post=6285"},{"taxonomy":"product_cat","embeddable":true,"href":"https:\/\/decolights.eu\/hu\/wp-json\/wp\/v2\/product_cat?post=6285"},{"taxonomy":"product_tag","embeddable":true,"href":"https:\/\/decolights.eu\/hu\/wp-json\/wp\/v2\/product_tag?post=6285"}],"curies":[{"name":"wp","href":"https:\/\/api.w.org\/{rel}","templated":true}]}}