{"id":6286,"date":"2023-04-01T04:43:12","date_gmt":"2023-04-01T04:43:12","guid":{"rendered":"https:\/\/decolights.eu\/?post_type=product&#038;p=6286"},"modified":"2023-05-09T12:17:33","modified_gmt":"2023-05-09T12:17:33","slug":"on-off-timer","status":"publish","type":"product","link":"https:\/\/decolights.eu\/hu\/termek-2\/on-off-timer\/","title":{"rendered":"BE\/KI id\u0151z\u00edt\u0151"},"content":{"rendered":"<div>\n<p><strong>ID\u0150Z\u00cdT\u0150<\/strong> \u2013 ez egy rendk\u00edv\u00fcl praktikus eszk\u00f6z, amely lehet\u0151v\u00e9 teszi az otthoni elektromos berendez\u00e9sek teljes k\u00f6r\u0171 vez\u00e9rl\u00e9s\u00e9t. Ennek k\u00f6sz\u00f6nhet\u0151en sz\u00e1mos olyan napi tev\u00e9kenys\u00e9get automatiz\u00e1l, amelyeket gyakran elfelejt lekapcsolni a l\u00e1mp\u00e1t, kikapcsolni a f\u0171t\u00e9st, a l\u00e9gkondicion\u00e1l\u00f3t vagy a kaz\u00e1nt. Telefont\u00f6lt\u0151t vagy kar\u00e1csonyi f\u00e9nyeket is csatlakoztathatunk hozz\u00e1. A programoz\u00f3 egy el\u0151re meghat\u00e1rozott id\u0151pontban kikapcsolja vagy kikapcsolja a hozz\u00e1 csatlakoztatott eszk\u00f6zt. Programoz\u00f3nk k\u00e9pes heti rendszeress\u00e9ggel vez\u00e9relni a be- \u00e9s kikapcsol\u00e1si sorrendet.<\/p>\n<p><strong>ENERGI\u00c1T TAKAR\u00cdT<\/strong> \u2013 az id\u0151z\u00edt\u0151nek k\u00f6sz\u00f6nhet\u0151en cs\u00f6kkentheti az otthoni energiafogyaszt\u00e1st. Nem kell att\u00f3l tartania, hogy munk\u00e1ba \u00e1ll\u00e1s vagy t\u00e1voz\u00e1s el\u0151tt bekapcsolva hagyja a k\u00e9sz\u00fcl\u00e9ket, ami hat\u00e1ssal lesz villanysz\u00e1ml\u00e1j\u00e1ra. Ide\u00e1lis otthon, az irod\u00e1ban \u00e9s az \u00fczletben is, p\u00e9ld\u00e1ul az \u00fcnnepek alatt, amikor azt szeretn\u00e9nk, hogy a kirakat z\u00e1r\u00e1s ut\u00e1n is kivil\u00e1g\u00edtva maradjon.<\/p>\n<p><strong>K\u00d6NNYEN HASZN\u00c1LHAT\u00d3<\/strong> \u2013 A programoz\u00f3 rendk\u00edv\u00fcl k\u00f6nnyen haszn\u00e1lhat\u00f3. 4 gombbal rendelkezik, amelyeknek k\u00f6sz\u00f6nhet\u0151en gyorsan beprogramozhatja otthon\u00e1ban vagy irod\u00e1j\u00e1ban az eszk\u00f6z\u00f6k m\u0171k\u00f6d\u00e9s\u00e9t egy adott napra, \u00f3r\u00e1ra vagy ak\u00e1r percre.<\/p>\n<\/div>\n<ul>\n<li><strong>Id\u0151z\u00edt\u0151 sz\u00edne:\u00a0<\/strong>feh\u00e9r<\/li>\n<li><strong>Maximum W: <\/strong>3680W<\/li>\n<li><strong>Maximum A:\u00a0<\/strong>16A<\/li>\n<li><strong>\u00dczemi h\u0151m\u00e9rs\u00e9klet: <\/strong>0 \u00e9s +50\u00b0C k\u00f6z\u00f6tt<\/li>\n<li><strong>Rendszerek:\u00a0<\/strong>24\/12 \u00f3ra, ny\u00e1ri\/t\u00e9li id\u0151sz\u00e1m\u00edt\u00e1s<\/li>\n<li><strong>M\u00e9ret:\u00a0<\/strong>11,20 cm (hossz\u00fas\u00e1g) x 7,50 cm (sz\u00e9less\u00e9g) x 5,50 cm (magass\u00e1g)<\/li>\n<\/ul>","protected":false},"excerpt":{"rendered":"<p>TIMER &#8211; this is an extremely practical device that allows you to fully control the electrical equipment in your home. Thanks to this, you automate many daily activities that you often forget turning off the lamp, turning off the heater, air conditioner or boiler. You can connect a phone charger or Christmas lights to it. [&#8230;]\n","protected":false},"featured_media":6408,"comment_status":"open","ping_status":"closed","template":"","meta":[],"product_brand":[],"product_cat":[225,211,214,226,212],"product_tag":[],"class_list":{"0":"post-6286","1":"product","2":"type-product","3":"status-publish","4":"has-post-thumbnail","6":"product_cat-accessories-indoor-lights","7":"product_cat-accessories","8":"product_cat-indoor-lights","9":"product_cat-outdoor-lights","10":"product_cat-pro-accessories","11":"pa_brand-deco","13":"first","14":"instock","15":"sale","16":"shipping-taxable","17":"purchasable","18":"product-type-simple"},"yoast_head":"<!-- This site is optimized with the Yoast SEO plugin v27.3 - https:\/\/yoast.com\/product\/yoast-seo-wordpress\/ -->\n<title>ON\/OFF Timer - Best price guarantee - Decolights.eu<\/title>\n<meta name=\"description\" content=\"ON\/OFF timer is an extremely practical device that allows you to fully control the electrical equipment in your home. Reduces electricity cost. Buy now!\" \/>\n<meta name=\"robots\" content=\"index, follow, max-snippet:-1, max-image-preview:large, max-video-preview:-1\" \/>\n<link rel=\"canonical\" href=\"https:\/\/decolights.eu\/hu\/termek-2\/on-off-timer\/\" \/>\n<meta property=\"og:locale\" content=\"hu_HU\" \/>\n<meta property=\"og:type\" content=\"article\" \/>\n<meta property=\"og:title\" content=\"ON\/OFF Timer - Best price guarantee - Decolights.eu\" \/>\n<meta property=\"og:description\" content=\"ON\/OFF timer is an extremely practical device that allows you to fully control the electrical equipment in your home. Reduces electricity cost. Buy now!\" \/>\n<meta property=\"og:url\" content=\"https:\/\/decolights.eu\/hu\/termek-2\/on-off-timer\/\" \/>\n<meta property=\"og:site_name\" content=\"Decolights.eu\" \/>\n<meta property=\"article:modified_time\" content=\"2023-05-09T12:17:33+00:00\" \/>\n<meta property=\"og:image\" content=\"https:\/\/decolights.eu\/wp-content\/uploads\/2023\/04\/eng_pl_19923-on-off-timer-16360_1.jpg\" \/>\n\t<meta property=\"og:image:width\" content=\"500\" \/>\n\t<meta property=\"og:image:height\" content=\"500\" \/>\n\t<meta property=\"og:image:type\" content=\"image\/jpeg\" \/>\n<meta name=\"twitter:card\" content=\"summary_large_image\" \/>\n<meta name=\"twitter:label1\" content=\"Becs\u00fclt olvas\u00e1si id\u0151\" \/>\n\t<meta name=\"twitter:data1\" content=\"1 perc\" \/>\n<script type=\"application\/ld+json\" class=\"yoast-schema-graph\">{\"@context\":\"https:\\\/\\\/schema.org\",\"@graph\":[{\"@type\":\"WebPage\",\"@id\":\"https:\\\/\\\/decolights.eu\\\/product\\\/on-off-timer\\\/\",\"url\":\"https:\\\/\\\/decolights.eu\\\/product\\\/on-off-timer\\\/\",\"name\":\"ON\\\/OFF Timer - Best price guarantee - Decolights.eu\",\"isPartOf\":{\"@id\":\"https:\\\/\\\/decolights.eu\\\/#website\"},\"primaryImageOfPage\":{\"@id\":\"https:\\\/\\\/decolights.eu\\\/product\\\/on-off-timer\\\/#primaryimage\"},\"image\":{\"@id\":\"https:\\\/\\\/decolights.eu\\\/product\\\/on-off-timer\\\/#primaryimage\"},\"thumbnailUrl\":\"https:\\\/\\\/decolights.eu\\\/wp-content\\\/uploads\\\/2023\\\/04\\\/eng_pl_19923-on-off-timer-16360_1.jpg\",\"datePublished\":\"2023-04-01T04:43:12+00:00\",\"dateModified\":\"2023-05-09T12:17:33+00:00\",\"description\":\"ON\\\/OFF timer is an extremely practical device that allows you to fully control the electrical equipment in your home. Reduces electricity cost. Buy now!\",\"breadcrumb\":{\"@id\":\"https:\\\/\\\/decolights.eu\\\/product\\\/on-off-timer\\\/#breadcrumb\"},\"inLanguage\":\"hu\",\"potentialAction\":[{\"@type\":\"ReadAction\",\"target\":[\"https:\\\/\\\/decolights.eu\\\/product\\\/on-off-timer\\\/\"]}]},{\"@type\":\"ImageObject\",\"inLanguage\":\"hu\",\"@id\":\"https:\\\/\\\/decolights.eu\\\/product\\\/on-off-timer\\\/#primaryimage\",\"url\":\"https:\\\/\\\/decolights.eu\\\/wp-content\\\/uploads\\\/2023\\\/04\\\/eng_pl_19923-on-off-timer-16360_1.jpg\",\"contentUrl\":\"https:\\\/\\\/decolights.eu\\\/wp-content\\\/uploads\\\/2023\\\/04\\\/eng_pl_19923-on-off-timer-16360_1.jpg\",\"width\":500,\"height\":500},{\"@type\":\"BreadcrumbList\",\"@id\":\"https:\\\/\\\/decolights.eu\\\/product\\\/on-off-timer\\\/#breadcrumb\",\"itemListElement\":[{\"@type\":\"ListItem\",\"position\":1,\"name\":\"Shop\",\"item\":\"https:\\\/\\\/decolights.eu\\\/shop\\\/\"},{\"@type\":\"ListItem\",\"position\":2,\"name\":\"ON\\\/OFF Timer\"}]},{\"@type\":\"WebSite\",\"@id\":\"https:\\\/\\\/decolights.eu\\\/#website\",\"url\":\"https:\\\/\\\/decolights.eu\\\/\",\"name\":\"decolights\",\"description\":\"Led Decorations for Home and Garden\",\"publisher\":{\"@id\":\"https:\\\/\\\/decolights.eu\\\/#organization\"},\"alternateName\":\"decolights.eu\",\"potentialAction\":[{\"@type\":\"SearchAction\",\"target\":{\"@type\":\"EntryPoint\",\"urlTemplate\":\"https:\\\/\\\/decolights.eu\\\/?s={search_term_string}\"},\"query-input\":{\"@type\":\"PropertyValueSpecification\",\"valueRequired\":true,\"valueName\":\"search_term_string\"}}],\"inLanguage\":\"hu\"},{\"@type\":\"Organization\",\"@id\":\"https:\\\/\\\/decolights.eu\\\/#organization\",\"name\":\"decolights\",\"url\":\"https:\\\/\\\/decolights.eu\\\/\",\"logo\":{\"@type\":\"ImageObject\",\"inLanguage\":\"hu\",\"@id\":\"https:\\\/\\\/decolights.eu\\\/#\\\/schema\\\/logo\\\/image\\\/\",\"url\":\"https:\\\/\\\/decolights.eu\\\/wp-content\\\/uploads\\\/2023\\\/07\\\/cropped-decolight-siteicon.png\",\"contentUrl\":\"https:\\\/\\\/decolights.eu\\\/wp-content\\\/uploads\\\/2023\\\/07\\\/cropped-decolight-siteicon.png\",\"width\":512,\"height\":512,\"caption\":\"decolights\"},\"image\":{\"@id\":\"https:\\\/\\\/decolights.eu\\\/#\\\/schema\\\/logo\\\/image\\\/\"}}]}<\/script>\n<!-- \/ Yoast SEO plugin. -->","yoast_head_json":{"title":"BE\/KI id\u0151z\u00edt\u0151 - A legjobb \u00e1r garancia - Decolights.eu","description":"Az ON\/OFF id\u0151z\u00edt\u0151 egy rendk\u00edv\u00fcl praktikus eszk\u00f6z, amely lehet\u0151v\u00e9 teszi az otthoni elektromos berendez\u00e9sek teljes vez\u00e9rl\u00e9s\u00e9t. Cs\u00f6kkenti az elektromos \u00e1ram k\u00f6lts\u00e9g\u00e9t. V\u00e1s\u00e1roljon most!","robots":{"index":"index","follow":"follow","max-snippet":"max-snippet:-1","max-image-preview":"max-image-preview:large","max-video-preview":"max-video-preview:-1"},"canonical":"https:\/\/decolights.eu\/hu\/termek-2\/on-off-timer\/","og_locale":"hu_HU","og_type":"article","og_title":"ON\/OFF Timer - Best price guarantee - Decolights.eu","og_description":"ON\/OFF timer is an extremely practical device that allows you to fully control the electrical equipment in your home. Reduces electricity cost. Buy now!","og_url":"https:\/\/decolights.eu\/hu\/termek-2\/on-off-timer\/","og_site_name":"Decolights.eu","article_modified_time":"2023-05-09T12:17:33+00:00","og_image":[{"width":500,"height":500,"url":"https:\/\/decolights.eu\/wp-content\/uploads\/2023\/04\/eng_pl_19923-on-off-timer-16360_1.jpg","type":"image\/jpeg"}],"twitter_card":"summary_large_image","twitter_misc":{"Becs\u00fclt olvas\u00e1si id\u0151":"1 perc"},"schema":{"@context":"https:\/\/schema.org","@graph":[{"@type":"WebPage","@id":"https:\/\/decolights.eu\/product\/on-off-timer\/","url":"https:\/\/decolights.eu\/product\/on-off-timer\/","name":"BE\/KI id\u0151z\u00edt\u0151 - A legjobb \u00e1r garancia - Decolights.eu","isPartOf":{"@id":"https:\/\/decolights.eu\/#website"},"primaryImageOfPage":{"@id":"https:\/\/decolights.eu\/product\/on-off-timer\/#primaryimage"},"image":{"@id":"https:\/\/decolights.eu\/product\/on-off-timer\/#primaryimage"},"thumbnailUrl":"https:\/\/decolights.eu\/wp-content\/uploads\/2023\/04\/eng_pl_19923-on-off-timer-16360_1.jpg","datePublished":"2023-04-01T04:43:12+00:00","dateModified":"2023-05-09T12:17:33+00:00","description":"Az ON\/OFF id\u0151z\u00edt\u0151 egy rendk\u00edv\u00fcl praktikus eszk\u00f6z, amely lehet\u0151v\u00e9 teszi az otthoni elektromos berendez\u00e9sek teljes vez\u00e9rl\u00e9s\u00e9t. Cs\u00f6kkenti az elektromos \u00e1ram k\u00f6lts\u00e9g\u00e9t. V\u00e1s\u00e1roljon most!","breadcrumb":{"@id":"https:\/\/decolights.eu\/product\/on-off-timer\/#breadcrumb"},"inLanguage":"hu","potentialAction":[{"@type":"ReadAction","target":["https:\/\/decolights.eu\/product\/on-off-timer\/"]}]},{"@type":"ImageObject","inLanguage":"hu","@id":"https:\/\/decolights.eu\/product\/on-off-timer\/#primaryimage","url":"https:\/\/decolights.eu\/wp-content\/uploads\/2023\/04\/eng_pl_19923-on-off-timer-16360_1.jpg","contentUrl":"https:\/\/decolights.eu\/wp-content\/uploads\/2023\/04\/eng_pl_19923-on-off-timer-16360_1.jpg","width":500,"height":500},{"@type":"BreadcrumbList","@id":"https:\/\/decolights.eu\/product\/on-off-timer\/#breadcrumb","itemListElement":[{"@type":"ListItem","position":1,"name":"Shop","item":"https:\/\/decolights.eu\/shop\/"},{"@type":"ListItem","position":2,"name":"ON\/OFF Timer"}]},{"@type":"WebSite","@id":"https:\/\/decolights.eu\/#website","url":"https:\/\/decolights.eu\/","name":"decolights","description":"Led dekor\u00e1ci\u00f3 otthonra \u00e9s kertre","publisher":{"@id":"https:\/\/decolights.eu\/#organization"},"alternateName":"decolights.eu","potentialAction":[{"@type":"SearchAction","target":{"@type":"EntryPoint","urlTemplate":"https:\/\/decolights.eu\/?s={search_term_string}"},"query-input":{"@type":"PropertyValueSpecification","valueRequired":true,"valueName":"search_term_string"}}],"inLanguage":"hu"},{"@type":"Organization","@id":"https:\/\/decolights.eu\/#organization","name":"decolights","url":"https:\/\/decolights.eu\/","logo":{"@type":"ImageObject","inLanguage":"hu","@id":"https:\/\/decolights.eu\/#\/schema\/logo\/image\/","url":"https:\/\/decolights.eu\/wp-content\/uploads\/2023\/07\/cropped-decolight-siteicon.png","contentUrl":"https:\/\/decolights.eu\/wp-content\/uploads\/2023\/07\/cropped-decolight-siteicon.png","width":512,"height":512,"caption":"decolights"},"image":{"@id":"https:\/\/decolights.eu\/#\/schema\/logo\/image\/"}}]}},"jetpack_sharing_enabled":true,"_links":{"self":[{"href":"https:\/\/decolights.eu\/hu\/wp-json\/wp\/v2\/product\/6286","targetHints":{"allow":["GET"]}}],"collection":[{"href":"https:\/\/decolights.eu\/hu\/wp-json\/wp\/v2\/product"}],"about":[{"href":"https:\/\/decolights.eu\/hu\/wp-json\/wp\/v2\/types\/product"}],"replies":[{"embeddable":true,"href":"https:\/\/decolights.eu\/hu\/wp-json\/wp\/v2\/comments?post=6286"}],"wp:featuredmedia":[{"embeddable":true,"href":"https:\/\/decolights.eu\/hu\/wp-json\/wp\/v2\/media\/6408"}],"wp:attachment":[{"href":"https:\/\/decolights.eu\/hu\/wp-json\/wp\/v2\/media?parent=6286"}],"wp:term":[{"taxonomy":"product_brand","embeddable":true,"href":"https:\/\/decolights.eu\/hu\/wp-json\/wp\/v2\/product_brand?post=6286"},{"taxonomy":"product_cat","embeddable":true,"href":"https:\/\/decolights.eu\/hu\/wp-json\/wp\/v2\/product_cat?post=6286"},{"taxonomy":"product_tag","embeddable":true,"href":"https:\/\/decolights.eu\/hu\/wp-json\/wp\/v2\/product_tag?post=6286"}],"curies":[{"name":"wp","href":"https:\/\/api.w.org\/{rel}","templated":true}]}}