{"id":6289,"date":"2023-04-01T04:43:12","date_gmt":"2023-04-01T04:43:12","guid":{"rendered":"https:\/\/decolights.eu\/?post_type=product&#038;p=6289"},"modified":"2023-05-09T09:43:46","modified_gmt":"2023-05-09T09:43:46","slug":"smart-festoon-lights-rgbw","status":"publish","type":"product","link":"https:\/\/decolights.eu\/hu\/termek-2\/smart-festoon-lights-rgbw\/","title":{"rendered":"Intelligens d\u00edszl\u00e1mp\u00e1k RGBW"},"content":{"rendered":"<p>Az intelligens festoon f\u00e9nyl\u00e1nc v\u00e9gtelen sokf\u00e9le sz\u00ednben vari\u00e1lhat\u00f3, a f\u00e9nyf\u00fcz\u00e9r felhaszn\u00e1lhat\u00f3 a kar\u00e1csonyf\u00e1n, a TV m\u00f6g\u00e9 vagy dekor\u00e1ci\u00f3k\u00e9nt. A Smart Life alkalmaz\u00e1ssal, a vez\u00e9rl\u0151dobozsal vagy a t\u00e1vir\u00e1ny\u00edt\u00f3val egyszer\u0171en m\u00f3dos\u00edthatja a sz\u00ednh\u0151m\u00e9rs\u00e9kletet, be- \u00e9s kikapcsolhatja. A Smart Life alkalmaz\u00e1ssal \u00fctemez\u00e9seket vagy forgat\u00f3k\u00f6nyveket adhat hozz\u00e1. A zene ritmus\u00e1val megv\u00e1ltoztathatja a f\u00e9nyt. Intelligens f\u00e9nyf\u00fcz\u00e9r\u00fcnk integr\u00e1lhat\u00f3 a Google Home-ba vagy az Amazon Alex\u00e1ba.<\/p>\n<p>K\u00f6nnyen elkezdheti az alkalmaz\u00e1s let\u00f6lt\u00e9s\u00e9vel, jelentkezzen be vagy hozzon l\u00e9tre egy \u00faj fi\u00f3kot, majd adja hozz\u00e1 a f\u00e9nyf\u00fcz\u00e9rt! K\u00f6nny\u0171, energiatakar\u00e9kos \u00e9s biztons\u00e1got teremthet otthon\u00e1ban!<\/p>\n<ul>\n<li><strong>LED sz\u00edn<\/strong>: Minden lehets\u00e9ges sz\u00edn, amelyet a Smart Life alkalmaz\u00e1ssal v\u00e1laszthat<\/li>\n<li><strong>L\u00e1mp\u00e1k sz\u00e1ma<\/strong><strong>: <\/strong>25 db<\/li>\n<li><strong>Teljes hossz (tartoz\u00e9k t\u00e1pk\u00e1bel): <\/strong>8,50 milli\u00f3<\/li>\n<li><strong>Vil\u00e1g\u00edt\u00e1s hossza:\u00a0<\/strong>5M<\/li>\n<li><strong>T\u00e1pk\u00e1bel:<\/strong> 3,50 milli\u00f3<\/li>\n<li><strong>Izz\u00f3 m\u00e9rete: <\/strong>4CM<\/li>\n<li><strong>Az izz\u00f3k k\u00f6z\u00f6tti t\u00e1vols\u00e1g:<\/strong> 20cm<\/li>\n<li><strong>K\u00e1bel sz\u00edne: <\/strong>fekete<\/li>\n<li><strong>IP besorol\u00e1s: <\/strong>IP44<\/li>\n<li><strong>\u00c1ramforr\u00e1s:\u00a0<\/strong>Csatlakoztat<\/li>\n<li><strong>K\u00e1bel anyaga:\u00a0<\/strong>PVC<\/li>\n<li><strong>Csatlakoztathat\u00f3:\u00a0<\/strong>Nem<\/li>\n<li><strong>Kupak\/foglalat:\u00a0<\/strong>Nem cser\u00e9lhet\u0151<\/li>\n<li><strong>CE tan\u00fas\u00edtv\u00e1nnyal rendelkezik:\u00a0<\/strong>Igen<\/li>\n<li>5V DC 6W Schuko csatlakoz\u00f3<\/li>\n<\/ul>","protected":false},"excerpt":{"rendered":"<p>Smart festoon light chain can be altered into an endless variety of colours, the light string can be used in the Christmas tree, behind your TV or as a decoration. It is easy to change the colour temperature, turn on or off with the Smart Life app, the controller box or the remote. With the [&#8230;]\n","protected":false},"featured_media":6414,"comment_status":"open","ping_status":"closed","template":"","meta":[],"product_brand":[],"product_cat":[227,226],"product_tag":[],"class_list":{"0":"post-6289","1":"product","2":"type-product","3":"status-publish","4":"has-post-thumbnail","6":"product_cat-led-festoon-lights-outdoor-lights","7":"product_cat-outdoor-lights","8":"pa_led-colour-multi-coloured","10":"first","11":"instock","12":"sale","13":"shipping-taxable","14":"purchasable","15":"product-type-simple"},"yoast_head":"<!-- This site is optimized with the Yoast SEO plugin v27.3 - https:\/\/yoast.com\/product\/yoast-seo-wordpress\/ -->\n<title>Smart festoon lights RGBW - Best price guarantee - Decolights.eu<\/title>\n<meta name=\"description\" content=\"Smart festoon light chain can be altered into an endless variety of colours and glow in music rhythm. Perfect for home and parties. Buy now for best price!\" \/>\n<meta name=\"robots\" content=\"index, follow, max-snippet:-1, max-image-preview:large, max-video-preview:-1\" \/>\n<link rel=\"canonical\" href=\"https:\/\/decolights.eu\/hu\/termek-2\/smart-festoon-lights-rgbw\/\" \/>\n<meta property=\"og:locale\" content=\"hu_HU\" \/>\n<meta property=\"og:type\" content=\"article\" \/>\n<meta property=\"og:title\" content=\"Smart festoon lights RGBW - Best price guarantee - Decolights.eu\" \/>\n<meta property=\"og:description\" content=\"Smart festoon light chain can be altered into an endless variety of colours and glow in music rhythm. Perfect for home and parties. Buy now for best price!\" \/>\n<meta property=\"og:url\" content=\"https:\/\/decolights.eu\/hu\/termek-2\/smart-festoon-lights-rgbw\/\" \/>\n<meta property=\"og:site_name\" content=\"Decolights.eu\" \/>\n<meta property=\"article:modified_time\" content=\"2023-05-09T09:43:46+00:00\" \/>\n<meta property=\"og:image\" content=\"https:\/\/decolights.eu\/wp-content\/uploads\/2023\/04\/Nutivalguskett-RGBW-1.png\" \/>\n\t<meta property=\"og:image:width\" content=\"600\" \/>\n\t<meta property=\"og:image:height\" content=\"602\" \/>\n\t<meta property=\"og:image:type\" content=\"image\/png\" \/>\n<meta name=\"twitter:card\" content=\"summary_large_image\" \/>\n<meta name=\"twitter:label1\" content=\"Becs\u00fclt olvas\u00e1si id\u0151\" \/>\n\t<meta name=\"twitter:data1\" content=\"1 perc\" \/>\n<script type=\"application\/ld+json\" class=\"yoast-schema-graph\">{\"@context\":\"https:\\\/\\\/schema.org\",\"@graph\":[{\"@type\":\"WebPage\",\"@id\":\"https:\\\/\\\/decolights.eu\\\/product\\\/smart-festoon-lights-rgbw\\\/\",\"url\":\"https:\\\/\\\/decolights.eu\\\/product\\\/smart-festoon-lights-rgbw\\\/\",\"name\":\"Smart festoon lights RGBW - Best price guarantee - Decolights.eu\",\"isPartOf\":{\"@id\":\"https:\\\/\\\/decolights.eu\\\/#website\"},\"primaryImageOfPage\":{\"@id\":\"https:\\\/\\\/decolights.eu\\\/product\\\/smart-festoon-lights-rgbw\\\/#primaryimage\"},\"image\":{\"@id\":\"https:\\\/\\\/decolights.eu\\\/product\\\/smart-festoon-lights-rgbw\\\/#primaryimage\"},\"thumbnailUrl\":\"https:\\\/\\\/decolights.eu\\\/wp-content\\\/uploads\\\/2023\\\/04\\\/Nutivalguskett-RGBW-1.png\",\"datePublished\":\"2023-04-01T04:43:12+00:00\",\"dateModified\":\"2023-05-09T09:43:46+00:00\",\"description\":\"Smart festoon light chain can be altered into an endless variety of colours and glow in music rhythm. Perfect for home and parties. Buy now for best price!\",\"breadcrumb\":{\"@id\":\"https:\\\/\\\/decolights.eu\\\/product\\\/smart-festoon-lights-rgbw\\\/#breadcrumb\"},\"inLanguage\":\"hu\",\"potentialAction\":[{\"@type\":\"ReadAction\",\"target\":[\"https:\\\/\\\/decolights.eu\\\/product\\\/smart-festoon-lights-rgbw\\\/\"]}]},{\"@type\":\"ImageObject\",\"inLanguage\":\"hu\",\"@id\":\"https:\\\/\\\/decolights.eu\\\/product\\\/smart-festoon-lights-rgbw\\\/#primaryimage\",\"url\":\"https:\\\/\\\/decolights.eu\\\/wp-content\\\/uploads\\\/2023\\\/04\\\/Nutivalguskett-RGBW-1.png\",\"contentUrl\":\"https:\\\/\\\/decolights.eu\\\/wp-content\\\/uploads\\\/2023\\\/04\\\/Nutivalguskett-RGBW-1.png\",\"width\":600,\"height\":602},{\"@type\":\"BreadcrumbList\",\"@id\":\"https:\\\/\\\/decolights.eu\\\/product\\\/smart-festoon-lights-rgbw\\\/#breadcrumb\",\"itemListElement\":[{\"@type\":\"ListItem\",\"position\":1,\"name\":\"Shop\",\"item\":\"https:\\\/\\\/decolights.eu\\\/shop\\\/\"},{\"@type\":\"ListItem\",\"position\":2,\"name\":\"Smart festoon lights RGBW\"}]},{\"@type\":\"WebSite\",\"@id\":\"https:\\\/\\\/decolights.eu\\\/#website\",\"url\":\"https:\\\/\\\/decolights.eu\\\/\",\"name\":\"decolights\",\"description\":\"Led Decorations for Home and Garden\",\"publisher\":{\"@id\":\"https:\\\/\\\/decolights.eu\\\/#organization\"},\"alternateName\":\"decolights.eu\",\"potentialAction\":[{\"@type\":\"SearchAction\",\"target\":{\"@type\":\"EntryPoint\",\"urlTemplate\":\"https:\\\/\\\/decolights.eu\\\/?s={search_term_string}\"},\"query-input\":{\"@type\":\"PropertyValueSpecification\",\"valueRequired\":true,\"valueName\":\"search_term_string\"}}],\"inLanguage\":\"hu\"},{\"@type\":\"Organization\",\"@id\":\"https:\\\/\\\/decolights.eu\\\/#organization\",\"name\":\"decolights\",\"url\":\"https:\\\/\\\/decolights.eu\\\/\",\"logo\":{\"@type\":\"ImageObject\",\"inLanguage\":\"hu\",\"@id\":\"https:\\\/\\\/decolights.eu\\\/#\\\/schema\\\/logo\\\/image\\\/\",\"url\":\"https:\\\/\\\/decolights.eu\\\/wp-content\\\/uploads\\\/2023\\\/07\\\/cropped-decolight-siteicon.png\",\"contentUrl\":\"https:\\\/\\\/decolights.eu\\\/wp-content\\\/uploads\\\/2023\\\/07\\\/cropped-decolight-siteicon.png\",\"width\":512,\"height\":512,\"caption\":\"decolights\"},\"image\":{\"@id\":\"https:\\\/\\\/decolights.eu\\\/#\\\/schema\\\/logo\\\/image\\\/\"}}]}<\/script>\n<!-- \/ Yoast SEO plugin. -->","yoast_head_json":{"title":"Intelligens d\u00edszl\u00e1mp\u00e1k RGBW - A legjobb \u00e1r garancia - Decolights.eu","description":"Az intelligens festoon f\u00e9nyl\u00e1nc v\u00e9gtelen sokf\u00e9le sz\u00ednben v\u00e1ltoztathat\u00f3, \u00e9s zenei ritmusban ragyoghat. T\u00f6k\u00e9letes otthonra \u00e9s bulikra. V\u00e1s\u00e1roljon most a legjobb \u00e1ron!","robots":{"index":"index","follow":"follow","max-snippet":"max-snippet:-1","max-image-preview":"max-image-preview:large","max-video-preview":"max-video-preview:-1"},"canonical":"https:\/\/decolights.eu\/hu\/termek-2\/smart-festoon-lights-rgbw\/","og_locale":"hu_HU","og_type":"article","og_title":"Smart festoon lights RGBW - Best price guarantee - Decolights.eu","og_description":"Smart festoon light chain can be altered into an endless variety of colours and glow in music rhythm. Perfect for home and parties. Buy now for best price!","og_url":"https:\/\/decolights.eu\/hu\/termek-2\/smart-festoon-lights-rgbw\/","og_site_name":"Decolights.eu","article_modified_time":"2023-05-09T09:43:46+00:00","og_image":[{"width":600,"height":602,"url":"https:\/\/decolights.eu\/wp-content\/uploads\/2023\/04\/Nutivalguskett-RGBW-1.png","type":"image\/png"}],"twitter_card":"summary_large_image","twitter_misc":{"Becs\u00fclt olvas\u00e1si id\u0151":"1 perc"},"schema":{"@context":"https:\/\/schema.org","@graph":[{"@type":"WebPage","@id":"https:\/\/decolights.eu\/product\/smart-festoon-lights-rgbw\/","url":"https:\/\/decolights.eu\/product\/smart-festoon-lights-rgbw\/","name":"Intelligens d\u00edszl\u00e1mp\u00e1k RGBW - A legjobb \u00e1r garancia - Decolights.eu","isPartOf":{"@id":"https:\/\/decolights.eu\/#website"},"primaryImageOfPage":{"@id":"https:\/\/decolights.eu\/product\/smart-festoon-lights-rgbw\/#primaryimage"},"image":{"@id":"https:\/\/decolights.eu\/product\/smart-festoon-lights-rgbw\/#primaryimage"},"thumbnailUrl":"https:\/\/decolights.eu\/wp-content\/uploads\/2023\/04\/Nutivalguskett-RGBW-1.png","datePublished":"2023-04-01T04:43:12+00:00","dateModified":"2023-05-09T09:43:46+00:00","description":"Az intelligens festoon f\u00e9nyl\u00e1nc v\u00e9gtelen sokf\u00e9le sz\u00ednben v\u00e1ltoztathat\u00f3, \u00e9s zenei ritmusban ragyoghat. T\u00f6k\u00e9letes otthonra \u00e9s bulikra. V\u00e1s\u00e1roljon most a legjobb \u00e1ron!","breadcrumb":{"@id":"https:\/\/decolights.eu\/product\/smart-festoon-lights-rgbw\/#breadcrumb"},"inLanguage":"hu","potentialAction":[{"@type":"ReadAction","target":["https:\/\/decolights.eu\/product\/smart-festoon-lights-rgbw\/"]}]},{"@type":"ImageObject","inLanguage":"hu","@id":"https:\/\/decolights.eu\/product\/smart-festoon-lights-rgbw\/#primaryimage","url":"https:\/\/decolights.eu\/wp-content\/uploads\/2023\/04\/Nutivalguskett-RGBW-1.png","contentUrl":"https:\/\/decolights.eu\/wp-content\/uploads\/2023\/04\/Nutivalguskett-RGBW-1.png","width":600,"height":602},{"@type":"BreadcrumbList","@id":"https:\/\/decolights.eu\/product\/smart-festoon-lights-rgbw\/#breadcrumb","itemListElement":[{"@type":"ListItem","position":1,"name":"Shop","item":"https:\/\/decolights.eu\/shop\/"},{"@type":"ListItem","position":2,"name":"Smart festoon lights RGBW"}]},{"@type":"WebSite","@id":"https:\/\/decolights.eu\/#website","url":"https:\/\/decolights.eu\/","name":"decolights","description":"Led dekor\u00e1ci\u00f3 otthonra \u00e9s kertre","publisher":{"@id":"https:\/\/decolights.eu\/#organization"},"alternateName":"decolights.eu","potentialAction":[{"@type":"SearchAction","target":{"@type":"EntryPoint","urlTemplate":"https:\/\/decolights.eu\/?s={search_term_string}"},"query-input":{"@type":"PropertyValueSpecification","valueRequired":true,"valueName":"search_term_string"}}],"inLanguage":"hu"},{"@type":"Organization","@id":"https:\/\/decolights.eu\/#organization","name":"decolights","url":"https:\/\/decolights.eu\/","logo":{"@type":"ImageObject","inLanguage":"hu","@id":"https:\/\/decolights.eu\/#\/schema\/logo\/image\/","url":"https:\/\/decolights.eu\/wp-content\/uploads\/2023\/07\/cropped-decolight-siteicon.png","contentUrl":"https:\/\/decolights.eu\/wp-content\/uploads\/2023\/07\/cropped-decolight-siteicon.png","width":512,"height":512,"caption":"decolights"},"image":{"@id":"https:\/\/decolights.eu\/#\/schema\/logo\/image\/"}}]}},"jetpack_sharing_enabled":true,"_links":{"self":[{"href":"https:\/\/decolights.eu\/hu\/wp-json\/wp\/v2\/product\/6289","targetHints":{"allow":["GET"]}}],"collection":[{"href":"https:\/\/decolights.eu\/hu\/wp-json\/wp\/v2\/product"}],"about":[{"href":"https:\/\/decolights.eu\/hu\/wp-json\/wp\/v2\/types\/product"}],"replies":[{"embeddable":true,"href":"https:\/\/decolights.eu\/hu\/wp-json\/wp\/v2\/comments?post=6289"}],"wp:featuredmedia":[{"embeddable":true,"href":"https:\/\/decolights.eu\/hu\/wp-json\/wp\/v2\/media\/6414"}],"wp:attachment":[{"href":"https:\/\/decolights.eu\/hu\/wp-json\/wp\/v2\/media?parent=6289"}],"wp:term":[{"taxonomy":"product_brand","embeddable":true,"href":"https:\/\/decolights.eu\/hu\/wp-json\/wp\/v2\/product_brand?post=6289"},{"taxonomy":"product_cat","embeddable":true,"href":"https:\/\/decolights.eu\/hu\/wp-json\/wp\/v2\/product_cat?post=6289"},{"taxonomy":"product_tag","embeddable":true,"href":"https:\/\/decolights.eu\/hu\/wp-json\/wp\/v2\/product_tag?post=6289"}],"curies":[{"name":"wp","href":"https:\/\/api.w.org\/{rel}","templated":true}]}}