{"id":6372,"date":"2023-04-01T04:44:31","date_gmt":"2023-04-01T04:44:31","guid":{"rendered":"https:\/\/decolights.eu\/?post_type=product&#038;p=6372"},"modified":"2023-04-16T15:52:10","modified_gmt":"2023-04-16T15:52:10","slug":"decorative-garland-olivec","status":"publish","type":"product","link":"https:\/\/decolights.eu\/hu\/termek-2\/decorative-garland-olivec\/","title":{"rendered":"Dekorat\u00edv Garland Olivec"},"content":{"rendered":"<p>Dekorat\u00edv 180 cm hossz\u00fa form\u00e1zhat\u00f3 f\u00fcz\u00e9r ol\u00edvalev\u00e9llel \u00e9s olajbogy\u00f3val. Kellemes f\u00e9nyt ad, bel- \u00e9s k\u00fclt\u00e9ri dekor\u00e1ci\u00f3nak is megfelel.<\/p>\n<ul>\n<li dir=\"ltr\" data-placeholder=\"Translation\"><strong>LED f\u00e9ny sz\u00edne:<\/strong> meleg feh\u00e9r<\/li>\n<li dir=\"ltr\" data-placeholder=\"Translation\"><strong>LED-ek sz\u00e1ma:\u00a0<\/strong>20 LED<\/li>\n<li dir=\"ltr\" data-placeholder=\"Translation\"><strong>K\u00e1bel sz\u00edne:\u00a0<\/strong>barna<\/li>\n<li dir=\"ltr\" data-placeholder=\"Translation\"><strong>M\u00e9ret:<\/strong> 12x180cm<\/li>\n<li dir=\"ltr\" data-placeholder=\"Translation\"><strong>T\u00e1pk\u00e1bel hossza:<\/strong> 30cm<\/li>\n<li dir=\"ltr\" data-placeholder=\"Translation\"><strong>Az izz\u00f3k k\u00f6z\u00f6tti t\u00e1vols\u00e1g:<\/strong> 10cm<\/li>\n<li dir=\"ltr\" data-placeholder=\"Translation\"><strong>\u00c1ramforr\u00e1s:<\/strong> 3 x AA elem (nem tartoz\u00e9k)<\/li>\n<li dir=\"ltr\" data-placeholder=\"Translation\"><strong>Id\u0151z\u00edt\u0151:<\/strong> 6H be\/18H ki, ism\u00e9telje meg<\/li>\n<li dir=\"ltr\" data-placeholder=\"Translation\"><strong>IP min\u0151s\u00edt\u00e9s<\/strong>: IP44<\/li>\n<li dir=\"ltr\" data-placeholder=\"Translation\"><strong>Csatlakoztathat\u00f3:\u00a0<\/strong>Nem<\/li>\n<li dir=\"ltr\" data-placeholder=\"Translation\"><strong>K\u00e1bel anyaga:\u00a0<\/strong>PVC<\/li>\n<li dir=\"ltr\" data-placeholder=\"Translation\"><strong>CE min\u0151s\u00edt\u00e9ssel:<\/strong> Igen<\/li>\n<li dir=\"ltr\" data-placeholder=\"Translation\">4,5V DC<\/li>\n<\/ul>","protected":false},"excerpt":{"rendered":"<p>Decorative 180 cm long formable garland with olive leaves and olives. Gives a pleasant glow and is suitable as a decoration both indoors and outdoors. LED Light Colour: warm white Number of LEDs:\u00a020LED Cable colour:\u00a0brown Size: 12 x 180CM Power lead cable length: 30CM Spacing between bulbs: 10CM Power source: 3 x AA batteries (not [&#8230;]\n","protected":false},"featured_media":6470,"comment_status":"open","ping_status":"closed","template":"","meta":[],"product_brand":[],"product_cat":[218,214,226,230],"product_tag":[],"class_list":{"0":"post-6372","1":"product","2":"type-product","3":"status-publish","4":"has-post-thumbnail","6":"product_cat-decorative-led-lights","7":"product_cat-indoor-lights","8":"product_cat-outdoor-lights","9":"product_cat-patio-lights","10":"pa_brand-deco","11":"pa_led-colour-warm-white","13":"first","14":"instock","15":"sale","16":"shipping-taxable","17":"purchasable","18":"product-type-simple"},"yoast_head":"<!-- This site is optimized with the Yoast SEO plugin v27.3 - https:\/\/yoast.com\/product\/yoast-seo-wordpress\/ -->\n<title>Decorative Garland Olivec - Best price guaranteed - Decolights.eu<\/title>\n<meta name=\"description\" content=\"Decorative olive branch is a perfect decoration for table or patio. Enjoy the warm white glow and amazing ambience. Do not hesitate, buy now!\" \/>\n<meta name=\"robots\" content=\"index, follow, max-snippet:-1, max-image-preview:large, max-video-preview:-1\" \/>\n<link rel=\"canonical\" href=\"https:\/\/decolights.eu\/hu\/termek-2\/decorative-garland-olivec\/\" \/>\n<meta property=\"og:locale\" content=\"hu_HU\" \/>\n<meta property=\"og:type\" content=\"article\" \/>\n<meta property=\"og:title\" content=\"Decorative Garland Olivec - Best price guaranteed - Decolights.eu\" \/>\n<meta property=\"og:description\" content=\"Decorative olive branch is a perfect decoration for table or patio. Enjoy the warm white glow and amazing ambience. Do not hesitate, buy now!\" \/>\n<meta property=\"og:url\" content=\"https:\/\/decolights.eu\/hu\/termek-2\/decorative-garland-olivec\/\" \/>\n<meta property=\"og:site_name\" content=\"Decolights.eu\" \/>\n<meta property=\"article:modified_time\" content=\"2023-04-16T15:52:10+00:00\" \/>\n<meta property=\"og:image\" content=\"https:\/\/decolights.eu\/wp-content\/uploads\/2023\/04\/860-54_M2.png\" \/>\n\t<meta property=\"og:image:width\" content=\"600\" \/>\n\t<meta property=\"og:image:height\" content=\"602\" \/>\n\t<meta property=\"og:image:type\" content=\"image\/png\" \/>\n<meta name=\"twitter:card\" content=\"summary_large_image\" \/>\n<meta name=\"twitter:label1\" content=\"Becs\u00fclt olvas\u00e1si id\u0151\" \/>\n\t<meta name=\"twitter:data1\" content=\"1 perc\" \/>\n<script type=\"application\/ld+json\" class=\"yoast-schema-graph\">{\"@context\":\"https:\\\/\\\/schema.org\",\"@graph\":[{\"@type\":\"WebPage\",\"@id\":\"https:\\\/\\\/decolights.eu\\\/product\\\/decorative-garland-olivec\\\/\",\"url\":\"https:\\\/\\\/decolights.eu\\\/product\\\/decorative-garland-olivec\\\/\",\"name\":\"Decorative Garland Olivec - Best price guaranteed - Decolights.eu\",\"isPartOf\":{\"@id\":\"https:\\\/\\\/decolights.eu\\\/#website\"},\"primaryImageOfPage\":{\"@id\":\"https:\\\/\\\/decolights.eu\\\/product\\\/decorative-garland-olivec\\\/#primaryimage\"},\"image\":{\"@id\":\"https:\\\/\\\/decolights.eu\\\/product\\\/decorative-garland-olivec\\\/#primaryimage\"},\"thumbnailUrl\":\"https:\\\/\\\/decolights.eu\\\/wp-content\\\/uploads\\\/2023\\\/04\\\/860-54_M2.png\",\"datePublished\":\"2023-04-01T04:44:31+00:00\",\"dateModified\":\"2023-04-16T15:52:10+00:00\",\"description\":\"Decorative olive branch is a perfect decoration for table or patio. Enjoy the warm white glow and amazing ambience. Do not hesitate, buy now!\",\"breadcrumb\":{\"@id\":\"https:\\\/\\\/decolights.eu\\\/product\\\/decorative-garland-olivec\\\/#breadcrumb\"},\"inLanguage\":\"hu\",\"potentialAction\":[{\"@type\":\"ReadAction\",\"target\":[\"https:\\\/\\\/decolights.eu\\\/product\\\/decorative-garland-olivec\\\/\"]}]},{\"@type\":\"ImageObject\",\"inLanguage\":\"hu\",\"@id\":\"https:\\\/\\\/decolights.eu\\\/product\\\/decorative-garland-olivec\\\/#primaryimage\",\"url\":\"https:\\\/\\\/decolights.eu\\\/wp-content\\\/uploads\\\/2023\\\/04\\\/860-54_M2.png\",\"contentUrl\":\"https:\\\/\\\/decolights.eu\\\/wp-content\\\/uploads\\\/2023\\\/04\\\/860-54_M2.png\",\"width\":600,\"height\":602},{\"@type\":\"BreadcrumbList\",\"@id\":\"https:\\\/\\\/decolights.eu\\\/product\\\/decorative-garland-olivec\\\/#breadcrumb\",\"itemListElement\":[{\"@type\":\"ListItem\",\"position\":1,\"name\":\"Shop\",\"item\":\"https:\\\/\\\/decolights.eu\\\/shop\\\/\"},{\"@type\":\"ListItem\",\"position\":2,\"name\":\"Decorative Garland Olivec\"}]},{\"@type\":\"WebSite\",\"@id\":\"https:\\\/\\\/decolights.eu\\\/#website\",\"url\":\"https:\\\/\\\/decolights.eu\\\/\",\"name\":\"decolights\",\"description\":\"Led Decorations for Home and Garden\",\"publisher\":{\"@id\":\"https:\\\/\\\/decolights.eu\\\/#organization\"},\"alternateName\":\"decolights.eu\",\"potentialAction\":[{\"@type\":\"SearchAction\",\"target\":{\"@type\":\"EntryPoint\",\"urlTemplate\":\"https:\\\/\\\/decolights.eu\\\/?s={search_term_string}\"},\"query-input\":{\"@type\":\"PropertyValueSpecification\",\"valueRequired\":true,\"valueName\":\"search_term_string\"}}],\"inLanguage\":\"hu\"},{\"@type\":\"Organization\",\"@id\":\"https:\\\/\\\/decolights.eu\\\/#organization\",\"name\":\"decolights\",\"url\":\"https:\\\/\\\/decolights.eu\\\/\",\"logo\":{\"@type\":\"ImageObject\",\"inLanguage\":\"hu\",\"@id\":\"https:\\\/\\\/decolights.eu\\\/#\\\/schema\\\/logo\\\/image\\\/\",\"url\":\"https:\\\/\\\/decolights.eu\\\/wp-content\\\/uploads\\\/2023\\\/07\\\/cropped-decolight-siteicon.png\",\"contentUrl\":\"https:\\\/\\\/decolights.eu\\\/wp-content\\\/uploads\\\/2023\\\/07\\\/cropped-decolight-siteicon.png\",\"width\":512,\"height\":512,\"caption\":\"decolights\"},\"image\":{\"@id\":\"https:\\\/\\\/decolights.eu\\\/#\\\/schema\\\/logo\\\/image\\\/\"}}]}<\/script>\n<!-- \/ Yoast SEO plugin. -->","yoast_head_json":{"title":"Dekorat\u00edv Garland Olivec - Garant\u00e1lt legjobb \u00e1r - Decolights.eu","description":"A dekorat\u00edv olaj\u00e1g t\u00f6k\u00e9letes dekor\u00e1ci\u00f3ja az asztalnak vagy a terasznak. \u00c9lvezze a meleg feh\u00e9r f\u00e9nyt \u00e9s a csod\u00e1latos hangulatot. Ne habozzon, v\u00e1s\u00e1roljon most!","robots":{"index":"index","follow":"follow","max-snippet":"max-snippet:-1","max-image-preview":"max-image-preview:large","max-video-preview":"max-video-preview:-1"},"canonical":"https:\/\/decolights.eu\/hu\/termek-2\/decorative-garland-olivec\/","og_locale":"hu_HU","og_type":"article","og_title":"Decorative Garland Olivec - Best price guaranteed - Decolights.eu","og_description":"Decorative olive branch is a perfect decoration for table or patio. Enjoy the warm white glow and amazing ambience. Do not hesitate, buy now!","og_url":"https:\/\/decolights.eu\/hu\/termek-2\/decorative-garland-olivec\/","og_site_name":"Decolights.eu","article_modified_time":"2023-04-16T15:52:10+00:00","og_image":[{"width":600,"height":602,"url":"https:\/\/decolights.eu\/wp-content\/uploads\/2023\/04\/860-54_M2.png","type":"image\/png"}],"twitter_card":"summary_large_image","twitter_misc":{"Becs\u00fclt olvas\u00e1si id\u0151":"1 perc"},"schema":{"@context":"https:\/\/schema.org","@graph":[{"@type":"WebPage","@id":"https:\/\/decolights.eu\/product\/decorative-garland-olivec\/","url":"https:\/\/decolights.eu\/product\/decorative-garland-olivec\/","name":"Dekorat\u00edv Garland Olivec - Garant\u00e1lt legjobb \u00e1r - Decolights.eu","isPartOf":{"@id":"https:\/\/decolights.eu\/#website"},"primaryImageOfPage":{"@id":"https:\/\/decolights.eu\/product\/decorative-garland-olivec\/#primaryimage"},"image":{"@id":"https:\/\/decolights.eu\/product\/decorative-garland-olivec\/#primaryimage"},"thumbnailUrl":"https:\/\/decolights.eu\/wp-content\/uploads\/2023\/04\/860-54_M2.png","datePublished":"2023-04-01T04:44:31+00:00","dateModified":"2023-04-16T15:52:10+00:00","description":"A dekorat\u00edv olaj\u00e1g t\u00f6k\u00e9letes dekor\u00e1ci\u00f3ja az asztalnak vagy a terasznak. \u00c9lvezze a meleg feh\u00e9r f\u00e9nyt \u00e9s a csod\u00e1latos hangulatot. Ne habozzon, v\u00e1s\u00e1roljon most!","breadcrumb":{"@id":"https:\/\/decolights.eu\/product\/decorative-garland-olivec\/#breadcrumb"},"inLanguage":"hu","potentialAction":[{"@type":"ReadAction","target":["https:\/\/decolights.eu\/product\/decorative-garland-olivec\/"]}]},{"@type":"ImageObject","inLanguage":"hu","@id":"https:\/\/decolights.eu\/product\/decorative-garland-olivec\/#primaryimage","url":"https:\/\/decolights.eu\/wp-content\/uploads\/2023\/04\/860-54_M2.png","contentUrl":"https:\/\/decolights.eu\/wp-content\/uploads\/2023\/04\/860-54_M2.png","width":600,"height":602},{"@type":"BreadcrumbList","@id":"https:\/\/decolights.eu\/product\/decorative-garland-olivec\/#breadcrumb","itemListElement":[{"@type":"ListItem","position":1,"name":"Shop","item":"https:\/\/decolights.eu\/shop\/"},{"@type":"ListItem","position":2,"name":"Decorative Garland Olivec"}]},{"@type":"WebSite","@id":"https:\/\/decolights.eu\/#website","url":"https:\/\/decolights.eu\/","name":"decolights","description":"Led dekor\u00e1ci\u00f3 otthonra \u00e9s kertre","publisher":{"@id":"https:\/\/decolights.eu\/#organization"},"alternateName":"decolights.eu","potentialAction":[{"@type":"SearchAction","target":{"@type":"EntryPoint","urlTemplate":"https:\/\/decolights.eu\/?s={search_term_string}"},"query-input":{"@type":"PropertyValueSpecification","valueRequired":true,"valueName":"search_term_string"}}],"inLanguage":"hu"},{"@type":"Organization","@id":"https:\/\/decolights.eu\/#organization","name":"decolights","url":"https:\/\/decolights.eu\/","logo":{"@type":"ImageObject","inLanguage":"hu","@id":"https:\/\/decolights.eu\/#\/schema\/logo\/image\/","url":"https:\/\/decolights.eu\/wp-content\/uploads\/2023\/07\/cropped-decolight-siteicon.png","contentUrl":"https:\/\/decolights.eu\/wp-content\/uploads\/2023\/07\/cropped-decolight-siteicon.png","width":512,"height":512,"caption":"decolights"},"image":{"@id":"https:\/\/decolights.eu\/#\/schema\/logo\/image\/"}}]}},"jetpack_sharing_enabled":true,"_links":{"self":[{"href":"https:\/\/decolights.eu\/hu\/wp-json\/wp\/v2\/product\/6372","targetHints":{"allow":["GET"]}}],"collection":[{"href":"https:\/\/decolights.eu\/hu\/wp-json\/wp\/v2\/product"}],"about":[{"href":"https:\/\/decolights.eu\/hu\/wp-json\/wp\/v2\/types\/product"}],"replies":[{"embeddable":true,"href":"https:\/\/decolights.eu\/hu\/wp-json\/wp\/v2\/comments?post=6372"}],"wp:featuredmedia":[{"embeddable":true,"href":"https:\/\/decolights.eu\/hu\/wp-json\/wp\/v2\/media\/6470"}],"wp:attachment":[{"href":"https:\/\/decolights.eu\/hu\/wp-json\/wp\/v2\/media?parent=6372"}],"wp:term":[{"taxonomy":"product_brand","embeddable":true,"href":"https:\/\/decolights.eu\/hu\/wp-json\/wp\/v2\/product_brand?post=6372"},{"taxonomy":"product_cat","embeddable":true,"href":"https:\/\/decolights.eu\/hu\/wp-json\/wp\/v2\/product_cat?post=6372"},{"taxonomy":"product_tag","embeddable":true,"href":"https:\/\/decolights.eu\/hu\/wp-json\/wp\/v2\/product_tag?post=6372"}],"curies":[{"name":"wp","href":"https:\/\/api.w.org\/{rel}","templated":true}]}}