{"id":656,"date":"2018-10-23T23:36:39","date_gmt":"2018-10-23T23:36:39","guid":{"rendered":"https:\/\/decolights.eu\/?post_type=product&#038;p=656"},"modified":"2023-05-12T07:45:49","modified_gmt":"2023-05-12T07:45:49","slug":"joulutuled-vihmapiisad-varviline-3-5m","status":"publish","type":"product","link":"https:\/\/decolights.eu\/hu\/termek-2\/joulutuled-vihmapiisad-varviline-3-5m\/","title":{"rendered":"J\u00f5ulutuled &#8220;Vihmapiisad&#8221; v\u00e4rviline 3.5M"},"content":{"rendered":"<ul>\n<li>Sz\u00ednus:\u00a0<strong>\u00a0v\u00e4rviline<\/strong><\/li>\n<li>Pikkus: <strong>3.5M<\/strong><\/li>\n<li>Tulede k\u00f5rgus: <strong>50 cm<\/strong><\/li>\n<li>Kogus: <strong>8 &#8220;vihmapiiska&#8221;<\/strong><\/li>\n<li><strong>288SMD<\/strong><\/li>\n<li>Andmed: <strong>230V, max. 50Hz, 28,8W<\/strong><\/li>\n<li>Veekindlusaste: <strong>IP44 (saab kasutada nii toas kui v\u00e4litingimustes)<\/strong><\/li>\n<\/ul>\n<p>&nbsp;<\/p>\n<p><span style=\"font-weight: 700 !important;\">NB! Tuled on omavahel j\u00e4tkatavad.<\/span><\/p>\n<p><strong>Megjegyz\u00e9s! Vooluv\u00f5rk funktsioonikarp \u00e4ra isoleerida vihma ja lume eest!<\/strong><\/p>","protected":false},"excerpt":{"rendered":"<h3><a href=\"https:\/\/www.joulutuled.ee\/wp-content\/uploads\/2022\/10\/2022.jpg\"><img loading=\"lazy\" decoding=\"async\" class=\"alignnone size-medium wp-image-39128\" src=\"https:\/\/www.joulutuled.ee\/wp-content\/uploads\/2022\/10\/2022-800x276.jpg\" alt=\"\" width=\"800\" height=\"276\" \/><\/a><img decoding=\"async\" src=\"https:\/\/www.joulutuled.ee\/wp-content\/uploads\/2021\/09\/EST-banner-transport.jpg\" \/><\/h3>","protected":false},"featured_media":7351,"comment_status":"open","ping_status":"closed","template":"","meta":[],"product_brand":[],"product_cat":[15],"product_tag":[320,289,290,291,292,321],"class_list":{"0":"post-656","1":"product","2":"type-product","3":"status-publish","4":"has-post-thumbnail","6":"product_cat-festoon-lights","7":"product_tag-jaapurikad","8":"product_tag-joulud","9":"product_tag-joulutuled","10":"product_tag-kodu-kaunistus","11":"product_tag-led","12":"product_tag-vihmapiisad","14":"first","15":"outofstock","16":"sale","17":"shipping-taxable","18":"purchasable","19":"product-type-simple"},"yoast_head":"<!-- This site is optimized with the Yoast SEO plugin v27.3 - https:\/\/yoast.com\/product\/yoast-seo-wordpress\/ -->\n<title>J\u00f5ulutuled &quot;Vihmapiisad&quot; v\u00e4rviline 3.5M - Decolights.eu<\/title>\n<meta name=\"description\" content=\"Buy J\u00f5ulutuled &quot;Vihmapiisad&quot; v\u00e4rviline 3.5M for . Browse our range of . Buy for the best price today and enjoy cozy atmosphere.\" \/>\n<meta name=\"robots\" content=\"index, follow, max-snippet:-1, max-image-preview:large, max-video-preview:-1\" \/>\n<link rel=\"canonical\" href=\"https:\/\/decolights.eu\/hu\/termek-2\/joulutuled-vihmapiisad-varviline-3-5m\/\" \/>\n<meta property=\"og:locale\" content=\"hu_HU\" \/>\n<meta property=\"og:type\" content=\"article\" \/>\n<meta property=\"og:title\" content=\"J\u00f5ulutuled &quot;Vihmapiisad&quot; v\u00e4rviline 3.5M - Decolights.eu\" \/>\n<meta property=\"og:description\" content=\"Buy J\u00f5ulutuled &quot;Vihmapiisad&quot; v\u00e4rviline 3.5M for . Browse our range of . Buy for the best price today and enjoy cozy atmosphere.\" \/>\n<meta property=\"og:url\" content=\"https:\/\/decolights.eu\/hu\/termek-2\/joulutuled-vihmapiisad-varviline-3-5m\/\" \/>\n<meta property=\"og:site_name\" content=\"Decolights.eu\" \/>\n<meta property=\"article:modified_time\" content=\"2023-05-12T07:45:49+00:00\" \/>\n<meta property=\"og:image\" content=\"https:\/\/decolights.eu\/wp-content\/uploads\/2023\/05\/Vihmapiisad-multi.jpg\" \/>\n\t<meta property=\"og:image:width\" content=\"800\" \/>\n\t<meta property=\"og:image:height\" content=\"800\" \/>\n\t<meta property=\"og:image:type\" content=\"image\/jpeg\" \/>\n<meta name=\"twitter:card\" content=\"summary_large_image\" \/>\n<meta name=\"twitter:label1\" content=\"Becs\u00fclt olvas\u00e1si id\u0151\" \/>\n\t<meta name=\"twitter:data1\" content=\"1 perc\" \/>\n<script type=\"application\/ld+json\" class=\"yoast-schema-graph\">{\"@context\":\"https:\\\/\\\/schema.org\",\"@graph\":[{\"@type\":\"WebPage\",\"@id\":\"https:\\\/\\\/decolights.eu\\\/product\\\/joulutuled-vihmapiisad-varviline-3-5m\\\/\",\"url\":\"https:\\\/\\\/decolights.eu\\\/product\\\/joulutuled-vihmapiisad-varviline-3-5m\\\/\",\"name\":\"J\u00f5ulutuled \\\"Vihmapiisad\\\" v\u00e4rviline 3.5M - Decolights.eu\",\"isPartOf\":{\"@id\":\"https:\\\/\\\/decolights.eu\\\/#website\"},\"primaryImageOfPage\":{\"@id\":\"https:\\\/\\\/decolights.eu\\\/product\\\/joulutuled-vihmapiisad-varviline-3-5m\\\/#primaryimage\"},\"image\":{\"@id\":\"https:\\\/\\\/decolights.eu\\\/product\\\/joulutuled-vihmapiisad-varviline-3-5m\\\/#primaryimage\"},\"thumbnailUrl\":\"https:\\\/\\\/decolights.eu\\\/wp-content\\\/uploads\\\/2023\\\/05\\\/Vihmapiisad-multi.jpg\",\"datePublished\":\"2018-10-23T23:36:39+00:00\",\"dateModified\":\"2023-05-12T07:45:49+00:00\",\"description\":\"Buy J\u00f5ulutuled \\\"Vihmapiisad\\\" v\u00e4rviline 3.5M for . Browse our range of . Buy for the best price today and enjoy cozy atmosphere.\",\"breadcrumb\":{\"@id\":\"https:\\\/\\\/decolights.eu\\\/product\\\/joulutuled-vihmapiisad-varviline-3-5m\\\/#breadcrumb\"},\"inLanguage\":\"hu\",\"potentialAction\":[{\"@type\":\"ReadAction\",\"target\":[\"https:\\\/\\\/decolights.eu\\\/product\\\/joulutuled-vihmapiisad-varviline-3-5m\\\/\"]}]},{\"@type\":\"ImageObject\",\"inLanguage\":\"hu\",\"@id\":\"https:\\\/\\\/decolights.eu\\\/product\\\/joulutuled-vihmapiisad-varviline-3-5m\\\/#primaryimage\",\"url\":\"https:\\\/\\\/decolights.eu\\\/wp-content\\\/uploads\\\/2023\\\/05\\\/Vihmapiisad-multi.jpg\",\"contentUrl\":\"https:\\\/\\\/decolights.eu\\\/wp-content\\\/uploads\\\/2023\\\/05\\\/Vihmapiisad-multi.jpg\",\"width\":800,\"height\":800},{\"@type\":\"BreadcrumbList\",\"@id\":\"https:\\\/\\\/decolights.eu\\\/product\\\/joulutuled-vihmapiisad-varviline-3-5m\\\/#breadcrumb\",\"itemListElement\":[{\"@type\":\"ListItem\",\"position\":1,\"name\":\"Shop\",\"item\":\"https:\\\/\\\/decolights.eu\\\/shop\\\/\"},{\"@type\":\"ListItem\",\"position\":2,\"name\":\"J\u00f5ulutuled &#8220;Vihmapiisad&#8221; v\u00e4rviline 3.5M\"}]},{\"@type\":\"WebSite\",\"@id\":\"https:\\\/\\\/decolights.eu\\\/#website\",\"url\":\"https:\\\/\\\/decolights.eu\\\/\",\"name\":\"decolights\",\"description\":\"Led Decorations for Home and Garden\",\"publisher\":{\"@id\":\"https:\\\/\\\/decolights.eu\\\/#organization\"},\"alternateName\":\"decolights.eu\",\"potentialAction\":[{\"@type\":\"SearchAction\",\"target\":{\"@type\":\"EntryPoint\",\"urlTemplate\":\"https:\\\/\\\/decolights.eu\\\/?s={search_term_string}\"},\"query-input\":{\"@type\":\"PropertyValueSpecification\",\"valueRequired\":true,\"valueName\":\"search_term_string\"}}],\"inLanguage\":\"hu\"},{\"@type\":\"Organization\",\"@id\":\"https:\\\/\\\/decolights.eu\\\/#organization\",\"name\":\"decolights\",\"url\":\"https:\\\/\\\/decolights.eu\\\/\",\"logo\":{\"@type\":\"ImageObject\",\"inLanguage\":\"hu\",\"@id\":\"https:\\\/\\\/decolights.eu\\\/#\\\/schema\\\/logo\\\/image\\\/\",\"url\":\"https:\\\/\\\/decolights.eu\\\/wp-content\\\/uploads\\\/2023\\\/07\\\/cropped-decolight-siteicon.png\",\"contentUrl\":\"https:\\\/\\\/decolights.eu\\\/wp-content\\\/uploads\\\/2023\\\/07\\\/cropped-decolight-siteicon.png\",\"width\":512,\"height\":512,\"caption\":\"decolights\"},\"image\":{\"@id\":\"https:\\\/\\\/decolights.eu\\\/#\\\/schema\\\/logo\\\/image\\\/\"}}]}<\/script>\n<!-- \/ Yoast SEO plugin. -->","yoast_head_json":{"title":"J\u00f5ulutuled \"Vihmapiisad\" v\u00e4rviline 3.5M - Decolights.eu","description":"Buy J\u00f5ulutuled \"Vihmapiisad\" v\u00e4rviline 3.5M for . Browse our range of . Buy for the best price today and enjoy cozy atmosphere.","robots":{"index":"index","follow":"follow","max-snippet":"max-snippet:-1","max-image-preview":"max-image-preview:large","max-video-preview":"max-video-preview:-1"},"canonical":"https:\/\/decolights.eu\/hu\/termek-2\/joulutuled-vihmapiisad-varviline-3-5m\/","og_locale":"hu_HU","og_type":"article","og_title":"J\u00f5ulutuled \"Vihmapiisad\" v\u00e4rviline 3.5M - Decolights.eu","og_description":"Buy J\u00f5ulutuled \"Vihmapiisad\" v\u00e4rviline 3.5M for . Browse our range of . Buy for the best price today and enjoy cozy atmosphere.","og_url":"https:\/\/decolights.eu\/hu\/termek-2\/joulutuled-vihmapiisad-varviline-3-5m\/","og_site_name":"Decolights.eu","article_modified_time":"2023-05-12T07:45:49+00:00","og_image":[{"width":800,"height":800,"url":"https:\/\/decolights.eu\/wp-content\/uploads\/2023\/05\/Vihmapiisad-multi.jpg","type":"image\/jpeg"}],"twitter_card":"summary_large_image","twitter_misc":{"Becs\u00fclt olvas\u00e1si id\u0151":"1 perc"},"schema":{"@context":"https:\/\/schema.org","@graph":[{"@type":"WebPage","@id":"https:\/\/decolights.eu\/product\/joulutuled-vihmapiisad-varviline-3-5m\/","url":"https:\/\/decolights.eu\/product\/joulutuled-vihmapiisad-varviline-3-5m\/","name":"J\u00f5ulutuled \"Vihmapiisad\" v\u00e4rviline 3.5M - Decolights.eu","isPartOf":{"@id":"https:\/\/decolights.eu\/#website"},"primaryImageOfPage":{"@id":"https:\/\/decolights.eu\/product\/joulutuled-vihmapiisad-varviline-3-5m\/#primaryimage"},"image":{"@id":"https:\/\/decolights.eu\/product\/joulutuled-vihmapiisad-varviline-3-5m\/#primaryimage"},"thumbnailUrl":"https:\/\/decolights.eu\/wp-content\/uploads\/2023\/05\/Vihmapiisad-multi.jpg","datePublished":"2018-10-23T23:36:39+00:00","dateModified":"2023-05-12T07:45:49+00:00","description":"Buy J\u00f5ulutuled \"Vihmapiisad\" v\u00e4rviline 3.5M for . Browse our range of . Buy for the best price today and enjoy cozy atmosphere.","breadcrumb":{"@id":"https:\/\/decolights.eu\/product\/joulutuled-vihmapiisad-varviline-3-5m\/#breadcrumb"},"inLanguage":"hu","potentialAction":[{"@type":"ReadAction","target":["https:\/\/decolights.eu\/product\/joulutuled-vihmapiisad-varviline-3-5m\/"]}]},{"@type":"ImageObject","inLanguage":"hu","@id":"https:\/\/decolights.eu\/product\/joulutuled-vihmapiisad-varviline-3-5m\/#primaryimage","url":"https:\/\/decolights.eu\/wp-content\/uploads\/2023\/05\/Vihmapiisad-multi.jpg","contentUrl":"https:\/\/decolights.eu\/wp-content\/uploads\/2023\/05\/Vihmapiisad-multi.jpg","width":800,"height":800},{"@type":"BreadcrumbList","@id":"https:\/\/decolights.eu\/product\/joulutuled-vihmapiisad-varviline-3-5m\/#breadcrumb","itemListElement":[{"@type":"ListItem","position":1,"name":"Shop","item":"https:\/\/decolights.eu\/shop\/"},{"@type":"ListItem","position":2,"name":"J\u00f5ulutuled &#8220;Vihmapiisad&#8221; v\u00e4rviline 3.5M"}]},{"@type":"WebSite","@id":"https:\/\/decolights.eu\/#website","url":"https:\/\/decolights.eu\/","name":"decolights","description":"Led dekor\u00e1ci\u00f3 otthonra \u00e9s kertre","publisher":{"@id":"https:\/\/decolights.eu\/#organization"},"alternateName":"decolights.eu","potentialAction":[{"@type":"SearchAction","target":{"@type":"EntryPoint","urlTemplate":"https:\/\/decolights.eu\/?s={search_term_string}"},"query-input":{"@type":"PropertyValueSpecification","valueRequired":true,"valueName":"search_term_string"}}],"inLanguage":"hu"},{"@type":"Organization","@id":"https:\/\/decolights.eu\/#organization","name":"decolights","url":"https:\/\/decolights.eu\/","logo":{"@type":"ImageObject","inLanguage":"hu","@id":"https:\/\/decolights.eu\/#\/schema\/logo\/image\/","url":"https:\/\/decolights.eu\/wp-content\/uploads\/2023\/07\/cropped-decolight-siteicon.png","contentUrl":"https:\/\/decolights.eu\/wp-content\/uploads\/2023\/07\/cropped-decolight-siteicon.png","width":512,"height":512,"caption":"decolights"},"image":{"@id":"https:\/\/decolights.eu\/#\/schema\/logo\/image\/"}}]}},"jetpack_sharing_enabled":true,"_links":{"self":[{"href":"https:\/\/decolights.eu\/hu\/wp-json\/wp\/v2\/product\/656","targetHints":{"allow":["GET"]}}],"collection":[{"href":"https:\/\/decolights.eu\/hu\/wp-json\/wp\/v2\/product"}],"about":[{"href":"https:\/\/decolights.eu\/hu\/wp-json\/wp\/v2\/types\/product"}],"replies":[{"embeddable":true,"href":"https:\/\/decolights.eu\/hu\/wp-json\/wp\/v2\/comments?post=656"}],"wp:featuredmedia":[{"embeddable":true,"href":"https:\/\/decolights.eu\/hu\/wp-json\/wp\/v2\/media\/7351"}],"wp:attachment":[{"href":"https:\/\/decolights.eu\/hu\/wp-json\/wp\/v2\/media?parent=656"}],"wp:term":[{"taxonomy":"product_brand","embeddable":true,"href":"https:\/\/decolights.eu\/hu\/wp-json\/wp\/v2\/product_brand?post=656"},{"taxonomy":"product_cat","embeddable":true,"href":"https:\/\/decolights.eu\/hu\/wp-json\/wp\/v2\/product_cat?post=656"},{"taxonomy":"product_tag","embeddable":true,"href":"https:\/\/decolights.eu\/hu\/wp-json\/wp\/v2\/product_tag?post=656"}],"curies":[{"name":"wp","href":"https:\/\/api.w.org\/{rel}","templated":true}]}}