{"id":6967,"date":"2023-04-29T07:36:31","date_gmt":"2023-04-29T07:36:31","guid":{"rendered":"https:\/\/decolights.eu\/?post_type=product&#038;p=6967"},"modified":"2023-05-12T06:12:13","modified_gmt":"2023-05-12T06:12:13","slug":"300led-icicle-lights-14-5m","status":"publish","type":"product","link":"https:\/\/decolights.eu\/hu\/termek-2\/300led-icicle-lights-14-5m\/","title":{"rendered":"300LED J\u00e9gcsap l\u00e1mp\u00e1k 14,5M"},"content":{"rendered":"<ul>\n<li><strong>LED-ek sz\u00e1ma:<\/strong> 300 LED<\/li>\n<li><strong>Vezet\u00e9k sz\u00edne: <\/strong>feh\u00e9r<\/li>\n<li><strong>Teljes hossza (bele\u00e9rtve a t\u00e1pk\u00e1belt):<\/strong> 14,50 milli\u00f3<\/li>\n<li><strong>Vil\u00e1g\u00edt\u00e1s hossza: <\/strong>12,95 milli\u00f3<\/li>\n<li><strong>T\u00e1pk\u00e1bel hossza:<\/strong> 0,80 milli\u00f3<\/li>\n<li><strong>F\u00fcggesztett r\u00e9szek hossza: <\/strong>~40cm-&gt; ~50cm-&gt; ~60cm-&gt; ~50cm-&gt; ~40cm-&gt; ~50cm-&gt; ~60cm<\/li>\n<li><strong>T\u00e1vir\u00e1ny\u00edt\u00f3:\u00a0<\/strong>Nem<\/li>\n<li><strong>Funkci\u00f3k:\u00a0<\/strong>Nem<\/li>\n<li><b>IP besorol\u00e1s:\u00a0<\/b>IP44<\/li>\n<li><strong>Csatlakoztathat\u00f3:\u00a0<\/strong>Igen (maximum 5 k\u00e9szlet)<\/li>\n<li><strong>\u00c1ramforr\u00e1s:\u00a0<\/strong>csatlakoztat<\/li>\n<li><strong>CE tan\u00fas\u00edtv\u00e1ny:\u00a0<\/strong>Igen<\/li>\n<li>230V, max 50Hz, 13,26W<\/li>\n<\/ul>","protected":false},"excerpt":{"rendered":"<p>Number of LEDs: 300LED Wire colour: White Total length (including power lead cable): 14.50M Lit length: 12.95M Power lead cable length: 0.80M Length of hanging parts: ~40cm-&gt; ~50cm-&gt; ~60cm-&gt; ~50cm-&gt; ~40cm-&gt; ~50cm-&gt; ~60cm Remote control:\u00a0No Functions:\u00a0No IP Rating:\u00a0IP44 Connectable:\u00a0Yes (maximum 5 sets) Power source:\u00a0plug in CE Certificate:\u00a0Yes 230V, 50Hz max, 13.26W<\/p>","protected":false},"featured_media":6957,"comment_status":"open","ping_status":"closed","template":"","meta":[],"product_brand":[],"product_cat":[203,226],"product_tag":[],"class_list":{"0":"post-6967","1":"product","2":"type-product","3":"status-publish","4":"has-post-thumbnail","6":"product_cat-led-icicle-lights","7":"product_cat-outdoor-lights","8":"pa_available-colours-blue","9":"pa_available-colours-cold-white","10":"pa_available-colours-multi-coloured","11":"pa_available-colours-warm-white","12":"pa_brand-deco","13":"pa_led-colour-blue","14":"pa_led-colour-cold-white","15":"pa_led-colour-multi-coloured","16":"pa_led-colour-warm-white","18":"first","19":"instock","20":"sale","21":"shipping-taxable","22":"purchasable","23":"product-type-variable"},"yoast_head":"<!-- This site is optimized with the Yoast SEO plugin v27.3 - https:\/\/yoast.com\/product\/yoast-seo-wordpress\/ -->\n<title>300LED Icicle lights 14.5M - Best price guarantee - Decolights.eu<\/title>\n<meta name=\"description\" content=\"LED Icicle Lights are traditional Christmas decoration for outdoor. Create festive atmosphere and decorate house or terrace. Buy now for the best price!\" \/>\n<meta name=\"robots\" content=\"index, follow, max-snippet:-1, max-image-preview:large, max-video-preview:-1\" \/>\n<link rel=\"canonical\" href=\"https:\/\/decolights.eu\/hu\/termek-2\/300led-icicle-lights-14-5m\/\" \/>\n<meta property=\"og:locale\" content=\"hu_HU\" \/>\n<meta property=\"og:type\" content=\"article\" \/>\n<meta property=\"og:title\" content=\"300LED Icicle lights 14.5M - Best price guarantee - Decolights.eu\" \/>\n<meta property=\"og:description\" content=\"LED Icicle Lights are traditional Christmas decoration for outdoor. Create festive atmosphere and decorate house or terrace. Buy now for the best price!\" \/>\n<meta property=\"og:url\" content=\"https:\/\/decolights.eu\/hu\/termek-2\/300led-icicle-lights-14-5m\/\" \/>\n<meta property=\"og:site_name\" content=\"Decolights.eu\" \/>\n<meta property=\"article:modified_time\" content=\"2023-05-12T06:12:13+00:00\" \/>\n<meta property=\"og:image\" content=\"https:\/\/decolights.eu\/wp-content\/uploads\/2023\/04\/LED-Icicle-Lights-warm-white.jpeg\" \/>\n\t<meta property=\"og:image:width\" content=\"850\" \/>\n\t<meta property=\"og:image:height\" content=\"850\" \/>\n\t<meta property=\"og:image:type\" content=\"image\/jpeg\" \/>\n<meta name=\"twitter:card\" content=\"summary_large_image\" \/>\n<meta name=\"twitter:label1\" content=\"Becs\u00fclt olvas\u00e1si id\u0151\" \/>\n\t<meta name=\"twitter:data1\" content=\"1 perc\" \/>\n<script type=\"application\/ld+json\" class=\"yoast-schema-graph\">{\"@context\":\"https:\\\/\\\/schema.org\",\"@graph\":[{\"@type\":\"WebPage\",\"@id\":\"https:\\\/\\\/decolights.eu\\\/product\\\/300led-icicle-lights-14-5m\\\/\",\"url\":\"https:\\\/\\\/decolights.eu\\\/product\\\/300led-icicle-lights-14-5m\\\/\",\"name\":\"300LED Icicle lights 14.5M - Best price guarantee - Decolights.eu\",\"isPartOf\":{\"@id\":\"https:\\\/\\\/decolights.eu\\\/#website\"},\"primaryImageOfPage\":{\"@id\":\"https:\\\/\\\/decolights.eu\\\/product\\\/300led-icicle-lights-14-5m\\\/#primaryimage\"},\"image\":{\"@id\":\"https:\\\/\\\/decolights.eu\\\/product\\\/300led-icicle-lights-14-5m\\\/#primaryimage\"},\"thumbnailUrl\":\"https:\\\/\\\/decolights.eu\\\/wp-content\\\/uploads\\\/2023\\\/04\\\/LED-Icicle-Lights-warm-white.jpeg\",\"datePublished\":\"2023-04-29T07:36:31+00:00\",\"dateModified\":\"2023-05-12T06:12:13+00:00\",\"description\":\"LED Icicle Lights are traditional Christmas decoration for outdoor. Create festive atmosphere and decorate house or terrace. Buy now for the best price!\",\"breadcrumb\":{\"@id\":\"https:\\\/\\\/decolights.eu\\\/product\\\/300led-icicle-lights-14-5m\\\/#breadcrumb\"},\"inLanguage\":\"hu\",\"potentialAction\":[{\"@type\":\"ReadAction\",\"target\":[\"https:\\\/\\\/decolights.eu\\\/product\\\/300led-icicle-lights-14-5m\\\/\"]}]},{\"@type\":\"ImageObject\",\"inLanguage\":\"hu\",\"@id\":\"https:\\\/\\\/decolights.eu\\\/product\\\/300led-icicle-lights-14-5m\\\/#primaryimage\",\"url\":\"https:\\\/\\\/decolights.eu\\\/wp-content\\\/uploads\\\/2023\\\/04\\\/LED-Icicle-Lights-warm-white.jpeg\",\"contentUrl\":\"https:\\\/\\\/decolights.eu\\\/wp-content\\\/uploads\\\/2023\\\/04\\\/LED-Icicle-Lights-warm-white.jpeg\",\"width\":850,\"height\":850},{\"@type\":\"BreadcrumbList\",\"@id\":\"https:\\\/\\\/decolights.eu\\\/product\\\/300led-icicle-lights-14-5m\\\/#breadcrumb\",\"itemListElement\":[{\"@type\":\"ListItem\",\"position\":1,\"name\":\"Shop\",\"item\":\"https:\\\/\\\/decolights.eu\\\/shop\\\/\"},{\"@type\":\"ListItem\",\"position\":2,\"name\":\"300LED Icicle lights 14.5M\"}]},{\"@type\":\"WebSite\",\"@id\":\"https:\\\/\\\/decolights.eu\\\/#website\",\"url\":\"https:\\\/\\\/decolights.eu\\\/\",\"name\":\"decolights\",\"description\":\"Led Decorations for Home and Garden\",\"publisher\":{\"@id\":\"https:\\\/\\\/decolights.eu\\\/#organization\"},\"alternateName\":\"decolights.eu\",\"potentialAction\":[{\"@type\":\"SearchAction\",\"target\":{\"@type\":\"EntryPoint\",\"urlTemplate\":\"https:\\\/\\\/decolights.eu\\\/?s={search_term_string}\"},\"query-input\":{\"@type\":\"PropertyValueSpecification\",\"valueRequired\":true,\"valueName\":\"search_term_string\"}}],\"inLanguage\":\"hu\"},{\"@type\":\"Organization\",\"@id\":\"https:\\\/\\\/decolights.eu\\\/#organization\",\"name\":\"decolights\",\"url\":\"https:\\\/\\\/decolights.eu\\\/\",\"logo\":{\"@type\":\"ImageObject\",\"inLanguage\":\"hu\",\"@id\":\"https:\\\/\\\/decolights.eu\\\/#\\\/schema\\\/logo\\\/image\\\/\",\"url\":\"https:\\\/\\\/decolights.eu\\\/wp-content\\\/uploads\\\/2023\\\/07\\\/cropped-decolight-siteicon.png\",\"contentUrl\":\"https:\\\/\\\/decolights.eu\\\/wp-content\\\/uploads\\\/2023\\\/07\\\/cropped-decolight-siteicon.png\",\"width\":512,\"height\":512,\"caption\":\"decolights\"},\"image\":{\"@id\":\"https:\\\/\\\/decolights.eu\\\/#\\\/schema\\\/logo\\\/image\\\/\"}}]}<\/script>\n<!-- \/ Yoast SEO plugin. -->","yoast_head_json":{"title":"300LED j\u00e9gcsap l\u00e1mp\u00e1k 14,5M - A legjobb \u00e1r garancia - Decolights.eu","description":"A LED j\u00e9gcsapl\u00e1mp\u00e1k hagyom\u00e1nyos kar\u00e1csonyi d\u00edszek k\u00fclt\u00e9ri haszn\u00e1latra. Teremts \u00fcnnepi hangulatot \u00e9s d\u00edsz\u00edtsd fel a h\u00e1zat vagy a teraszt. V\u00e1s\u00e1roljon most a legjobb \u00e1ron!","robots":{"index":"index","follow":"follow","max-snippet":"max-snippet:-1","max-image-preview":"max-image-preview:large","max-video-preview":"max-video-preview:-1"},"canonical":"https:\/\/decolights.eu\/hu\/termek-2\/300led-icicle-lights-14-5m\/","og_locale":"hu_HU","og_type":"article","og_title":"300LED Icicle lights 14.5M - Best price guarantee - Decolights.eu","og_description":"LED Icicle Lights are traditional Christmas decoration for outdoor. Create festive atmosphere and decorate house or terrace. Buy now for the best price!","og_url":"https:\/\/decolights.eu\/hu\/termek-2\/300led-icicle-lights-14-5m\/","og_site_name":"Decolights.eu","article_modified_time":"2023-05-12T06:12:13+00:00","og_image":[{"width":850,"height":850,"url":"https:\/\/decolights.eu\/wp-content\/uploads\/2023\/04\/LED-Icicle-Lights-warm-white.jpeg","type":"image\/jpeg"}],"twitter_card":"summary_large_image","twitter_misc":{"Becs\u00fclt olvas\u00e1si id\u0151":"1 perc"},"schema":{"@context":"https:\/\/schema.org","@graph":[{"@type":"WebPage","@id":"https:\/\/decolights.eu\/product\/300led-icicle-lights-14-5m\/","url":"https:\/\/decolights.eu\/product\/300led-icicle-lights-14-5m\/","name":"300LED j\u00e9gcsap l\u00e1mp\u00e1k 14,5M - A legjobb \u00e1r garancia - Decolights.eu","isPartOf":{"@id":"https:\/\/decolights.eu\/#website"},"primaryImageOfPage":{"@id":"https:\/\/decolights.eu\/product\/300led-icicle-lights-14-5m\/#primaryimage"},"image":{"@id":"https:\/\/decolights.eu\/product\/300led-icicle-lights-14-5m\/#primaryimage"},"thumbnailUrl":"https:\/\/decolights.eu\/wp-content\/uploads\/2023\/04\/LED-Icicle-Lights-warm-white.jpeg","datePublished":"2023-04-29T07:36:31+00:00","dateModified":"2023-05-12T06:12:13+00:00","description":"A LED j\u00e9gcsapl\u00e1mp\u00e1k hagyom\u00e1nyos kar\u00e1csonyi d\u00edszek k\u00fclt\u00e9ri haszn\u00e1latra. Teremts \u00fcnnepi hangulatot \u00e9s d\u00edsz\u00edtsd fel a h\u00e1zat vagy a teraszt. V\u00e1s\u00e1roljon most a legjobb \u00e1ron!","breadcrumb":{"@id":"https:\/\/decolights.eu\/product\/300led-icicle-lights-14-5m\/#breadcrumb"},"inLanguage":"hu","potentialAction":[{"@type":"ReadAction","target":["https:\/\/decolights.eu\/product\/300led-icicle-lights-14-5m\/"]}]},{"@type":"ImageObject","inLanguage":"hu","@id":"https:\/\/decolights.eu\/product\/300led-icicle-lights-14-5m\/#primaryimage","url":"https:\/\/decolights.eu\/wp-content\/uploads\/2023\/04\/LED-Icicle-Lights-warm-white.jpeg","contentUrl":"https:\/\/decolights.eu\/wp-content\/uploads\/2023\/04\/LED-Icicle-Lights-warm-white.jpeg","width":850,"height":850},{"@type":"BreadcrumbList","@id":"https:\/\/decolights.eu\/product\/300led-icicle-lights-14-5m\/#breadcrumb","itemListElement":[{"@type":"ListItem","position":1,"name":"Shop","item":"https:\/\/decolights.eu\/shop\/"},{"@type":"ListItem","position":2,"name":"300LED Icicle lights 14.5M"}]},{"@type":"WebSite","@id":"https:\/\/decolights.eu\/#website","url":"https:\/\/decolights.eu\/","name":"decolights","description":"Led dekor\u00e1ci\u00f3 otthonra \u00e9s kertre","publisher":{"@id":"https:\/\/decolights.eu\/#organization"},"alternateName":"decolights.eu","potentialAction":[{"@type":"SearchAction","target":{"@type":"EntryPoint","urlTemplate":"https:\/\/decolights.eu\/?s={search_term_string}"},"query-input":{"@type":"PropertyValueSpecification","valueRequired":true,"valueName":"search_term_string"}}],"inLanguage":"hu"},{"@type":"Organization","@id":"https:\/\/decolights.eu\/#organization","name":"decolights","url":"https:\/\/decolights.eu\/","logo":{"@type":"ImageObject","inLanguage":"hu","@id":"https:\/\/decolights.eu\/#\/schema\/logo\/image\/","url":"https:\/\/decolights.eu\/wp-content\/uploads\/2023\/07\/cropped-decolight-siteicon.png","contentUrl":"https:\/\/decolights.eu\/wp-content\/uploads\/2023\/07\/cropped-decolight-siteicon.png","width":512,"height":512,"caption":"decolights"},"image":{"@id":"https:\/\/decolights.eu\/#\/schema\/logo\/image\/"}}]}},"jetpack_sharing_enabled":true,"_links":{"self":[{"href":"https:\/\/decolights.eu\/hu\/wp-json\/wp\/v2\/product\/6967","targetHints":{"allow":["GET"]}}],"collection":[{"href":"https:\/\/decolights.eu\/hu\/wp-json\/wp\/v2\/product"}],"about":[{"href":"https:\/\/decolights.eu\/hu\/wp-json\/wp\/v2\/types\/product"}],"replies":[{"embeddable":true,"href":"https:\/\/decolights.eu\/hu\/wp-json\/wp\/v2\/comments?post=6967"}],"wp:featuredmedia":[{"embeddable":true,"href":"https:\/\/decolights.eu\/hu\/wp-json\/wp\/v2\/media\/6957"}],"wp:attachment":[{"href":"https:\/\/decolights.eu\/hu\/wp-json\/wp\/v2\/media?parent=6967"}],"wp:term":[{"taxonomy":"product_brand","embeddable":true,"href":"https:\/\/decolights.eu\/hu\/wp-json\/wp\/v2\/product_brand?post=6967"},{"taxonomy":"product_cat","embeddable":true,"href":"https:\/\/decolights.eu\/hu\/wp-json\/wp\/v2\/product_cat?post=6967"},{"taxonomy":"product_tag","embeddable":true,"href":"https:\/\/decolights.eu\/hu\/wp-json\/wp\/v2\/product_tag?post=6967"}],"curies":[{"name":"wp","href":"https:\/\/api.w.org\/{rel}","templated":true}]}}