{"id":2050,"date":"2019-09-04T10:49:46","date_gmt":"2019-09-04T10:49:46","guid":{"rendered":"http:\/\/impreza15.us-themes.com\/?page_id=2050"},"modified":"2023-08-27T11:26:54","modified_gmt":"2023-08-27T11:26:54","slug":"shipping","status":"publish","type":"page","link":"https:\/\/decolights.eu\/lt\/shipping\/","title":{"rendered":"Siuntimas"},"content":{"rendered":"<section class=\"section\" id=\"section_955457775\">\n\t\t<div class=\"bg section-bg fill bg-fill\" >\n\n\t\t\t\n\t\t\t\n\t\t\t\n\n\t\t<\/div>\n\n\t\t\n\n\t\t<div class=\"section-content relative\">\n\t\t\t\n\n<div class=\"row row-collapse\"  id=\"row-1078944846\">\n\n\n\t<div id=\"col-430983800\" class=\"col small-12 large-12\"  >\n\t\t\t\t<div class=\"col-inner\"  >\n\t\t\t\n\t\t\t\n\n\t<div id=\"text-4261330572\" class=\"text\">\n\t\t\n\n<h2><strong>Siuntimas<\/strong><\/h2>\n\t\t\n<style>\n#text-4261330572 {\n  font-size: 2rem;\n  text-align: center;\n  color: rgb(255,255,255);\n}\n#text-4261330572 > * {\n  color: rgb(255,255,255);\n}\n<\/style>\n\t<\/div>\n\t\n\n\t\t<\/div>\n\t\t\t\t\n<style>\n#col-430983800 > .col-inner {\n  margin: 0px 0px -10px 0px;\n}\n<\/style>\n\t<\/div>\n\n\t\n\n<\/div>\n\n\t\t<\/div>\n\n\t\t\n<style>\n#section_955457775 {\n  padding-top: 30px;\n  padding-bottom: 30px;\n  background-color: rgb(0,0,0);\n}\n#section_955457775 .section-bg.bg-loaded {\n  background-image: url(https:\/\/decolights.eu\/wp-content\/uploads\/2023\/07\/decolights-shop-banner-black-new-scaled.jpg);\n}\n<\/style>\n\t<\/section>\n\t\n\t<section class=\"section\" id=\"section_1702762\">\n\t\t<div class=\"bg section-bg fill bg-fill  bg-loaded\" >\n\n\t\t\t\n\t\t\t\n\t\t\t\n\n\t\t<\/div>\n\n\t\t\n\n\t\t<div class=\"section-content relative\">\n\t\t\t\n\n<div class=\"row row-small align-center\"  id=\"row-840667972\">\n\n\n\t<div id=\"col-1350232774\" class=\"col medium-11 small-12 large-11\"  >\n\t\t\t\t<div class=\"col-inner\"  >\n\t\t\t\n\t\t\t\n\n<div class=\"PageContent PageContent--narrow Rte\">\n<p>Dauguma m\u016bs\u0173 u\u017esakym\u0173 pristatomi per ma\u017edaug 3\u20137 darbo dienas, ta\u010diau, kaip \u017einote, yra daugyb\u0117 kintam\u0173j\u0173, kurie gali tur\u0117ti \u012ftakos pristatymo laikui.<\/p>\n<div class=\"TableWrapper\">\n<table style=\"height: 317px;\" width=\"232\">\n<tbody>\n<tr>\n<td>Lenkija<\/td>\n<td>3-5 darbo dienos<\/td>\n<\/tr>\n<tr>\n<td>Lietuva<\/td>\n<td>3-5 darbo dienos<\/td>\n<\/tr>\n<tr>\n<td>Vokietija<\/td>\n<td>3-5 darbo dienos<\/td>\n<\/tr>\n<tr>\n<td>Ispanija<\/td>\n<td>3-5 darbo dienos<\/td>\n<\/tr>\n<tr>\n<td>\u010cekija<\/td>\n<td>3-5 darbo dienos<\/td>\n<\/tr>\n<tr>\n<td>Slovakija<\/td>\n<td>3-5 darbo dienos<\/td>\n<\/tr>\n<\/tbody>\n<\/table>\n<\/div>\n<ul>\n<li>\n<div class=\"TableWrapper\">Nemokamas pristatymas nuo 99 \u20ac (3\u20137 darbo dienos) \u2013 <strong>\u20ac0<\/strong><\/div>\n<\/li>\n<\/ul>\n<p>J\u016bs\u0173 u\u017esakym\u0105 i\u0161si\u0173sime su tarptautiniu pa\u0161tu ir logistikos \u012fmon\u0117mis arba kitu vietiniu pa\u0161to kurjeriu.<\/p>\n<p>Jei pra\u0117jo 20 darbo dien\u0173 ir negavote u\u017esakymo\u00a0<a href=\"https:\/\/decolights.eu\/lt\/contact\/\">Susisiekite su mumis<\/a>.<\/p>\n<p><strong>Siuntimo s\u0105lygos:<\/strong><\/p>\n<ul>\n<li>Visi u\u017esakymai i\u0161 m\u016bs\u0173 sand\u0117lio i\u0161siun\u010diami per 1-2 darbo dienas.<\/li>\n<\/ul>\n<h5><a href=\"https:\/\/decolights.eu\/lt\/contact\/\"><strong><span style=\"color: #f09e33;\">JEI TURITE DAUGIAU KLAUSIM\u0172, DRAUGAI ATSI\u0172SKITE MUMS LAI\u0160K\u0104!<\/span><\/strong><\/a><\/h5>\n<\/div>\n\n\t\t<\/div>\n\t\t\t\t\t<\/div>\n\n\t\n\n<\/div>\n\n\t\t<\/div>\n\n\t\t\n<style>\n#section_1702762 {\n  padding-top: 40px;\n  padding-bottom: 40px;\n  background-color: rgb(255,255,255);\n}\n<\/style>\n\t<\/section>","protected":false},"excerpt":{"rendered":"","protected":false},"author":1,"featured_media":0,"parent":0,"menu_order":0,"comment_status":"closed","ping_status":"closed","template":"page-blank.php","meta":{"footnotes":""},"class_list":["post-2050","page","type-page","status-publish","hentry"],"yoast_head":"<!-- This site is optimized with the Yoast SEO plugin v27.3 - https:\/\/yoast.com\/product\/yoast-seo-wordpress\/ -->\n<title>Shipping Information - Decolights.eu<\/title>\n<meta name=\"description\" content=\"Decolights.eu Information about the timing and types of delivery. We operate a next business day dispatch policy.\" \/>\n<meta name=\"robots\" content=\"index, follow, max-snippet:-1, max-image-preview:large, max-video-preview:-1\" \/>\n<link rel=\"canonical\" href=\"https:\/\/decolights.eu\/lt\/shipping\/\" \/>\n<meta property=\"og:locale\" content=\"lt_LT\" \/>\n<meta property=\"og:type\" content=\"article\" \/>\n<meta property=\"og:title\" content=\"Shipping Information - Decolights.eu\" \/>\n<meta property=\"og:description\" content=\"Decolights.eu Information about the timing and types of delivery. We operate a next business day dispatch policy.\" \/>\n<meta property=\"og:url\" content=\"https:\/\/decolights.eu\/lt\/shipping\/\" \/>\n<meta property=\"og:site_name\" content=\"Decolights.eu\" \/>\n<meta property=\"article:modified_time\" content=\"2023-08-27T11:26:54+00:00\" \/>\n<meta property=\"og:image\" content=\"https:\/\/decolights.eu\/wp-content\/uploads\/2023\/07\/DecoLights-yoast-logo.jpg\" \/>\n\t<meta property=\"og:image:width\" content=\"1200\" \/>\n\t<meta property=\"og:image:height\" content=\"675\" \/>\n\t<meta property=\"og:image:type\" content=\"image\/jpeg\" \/>\n<meta name=\"twitter:card\" content=\"summary_large_image\" \/>\n<meta name=\"twitter:label1\" content=\"Est. reading time\" \/>\n\t<meta name=\"twitter:data1\" content=\"1 minut\u0117\" \/>\n<script type=\"application\/ld+json\" class=\"yoast-schema-graph\">{\"@context\":\"https:\\\/\\\/schema.org\",\"@graph\":[{\"@type\":\"WebPage\",\"@id\":\"https:\\\/\\\/decolights.eu\\\/shipping\\\/\",\"url\":\"https:\\\/\\\/decolights.eu\\\/shipping\\\/\",\"name\":\"Shipping Information - Decolights.eu\",\"isPartOf\":{\"@id\":\"https:\\\/\\\/decolights.eu\\\/#website\"},\"datePublished\":\"2019-09-04T10:49:46+00:00\",\"dateModified\":\"2023-08-27T11:26:54+00:00\",\"description\":\"Decolights.eu Information about the timing and types of delivery. We operate a next business day dispatch policy.\",\"inLanguage\":\"lt-LT\",\"potentialAction\":[{\"@type\":\"ReadAction\",\"target\":[\"https:\\\/\\\/decolights.eu\\\/shipping\\\/\"]}]},{\"@type\":\"WebSite\",\"@id\":\"https:\\\/\\\/decolights.eu\\\/#website\",\"url\":\"https:\\\/\\\/decolights.eu\\\/\",\"name\":\"decolights\",\"description\":\"Led Decorations for Home and Garden\",\"publisher\":{\"@id\":\"https:\\\/\\\/decolights.eu\\\/#organization\"},\"alternateName\":\"decolights.eu\",\"potentialAction\":[{\"@type\":\"SearchAction\",\"target\":{\"@type\":\"EntryPoint\",\"urlTemplate\":\"https:\\\/\\\/decolights.eu\\\/?s={search_term_string}\"},\"query-input\":{\"@type\":\"PropertyValueSpecification\",\"valueRequired\":true,\"valueName\":\"search_term_string\"}}],\"inLanguage\":\"lt-LT\"},{\"@type\":\"Organization\",\"@id\":\"https:\\\/\\\/decolights.eu\\\/#organization\",\"name\":\"decolights\",\"url\":\"https:\\\/\\\/decolights.eu\\\/\",\"logo\":{\"@type\":\"ImageObject\",\"inLanguage\":\"lt-LT\",\"@id\":\"https:\\\/\\\/decolights.eu\\\/#\\\/schema\\\/logo\\\/image\\\/\",\"url\":\"https:\\\/\\\/decolights.eu\\\/wp-content\\\/uploads\\\/2023\\\/07\\\/cropped-decolight-siteicon.png\",\"contentUrl\":\"https:\\\/\\\/decolights.eu\\\/wp-content\\\/uploads\\\/2023\\\/07\\\/cropped-decolight-siteicon.png\",\"width\":512,\"height\":512,\"caption\":\"decolights\"},\"image\":{\"@id\":\"https:\\\/\\\/decolights.eu\\\/#\\\/schema\\\/logo\\\/image\\\/\"}}]}<\/script>\n<!-- \/ Yoast SEO plugin. -->","yoast_head_json":{"title":"Informacija apie pristatym\u0105 \u2013 Decolights.eu","description":"Decolights.eu Informacija apie pristatymo laik\u0105 ir tipus. Mes taikome kit\u0105 darbo dien\u0105 i\u0161siuntimo politik\u0105.","robots":{"index":"index","follow":"follow","max-snippet":"max-snippet:-1","max-image-preview":"max-image-preview:large","max-video-preview":"max-video-preview:-1"},"canonical":"https:\/\/decolights.eu\/lt\/shipping\/","og_locale":"lt_LT","og_type":"article","og_title":"Shipping Information - Decolights.eu","og_description":"Decolights.eu Information about the timing and types of delivery. We operate a next business day dispatch policy.","og_url":"https:\/\/decolights.eu\/lt\/shipping\/","og_site_name":"Decolights.eu","article_modified_time":"2023-08-27T11:26:54+00:00","og_image":[{"width":1200,"height":675,"url":"https:\/\/decolights.eu\/wp-content\/uploads\/2023\/07\/DecoLights-yoast-logo.jpg","type":"image\/jpeg"}],"twitter_card":"summary_large_image","twitter_misc":{"Est. reading time":"1 minut\u0117"},"schema":{"@context":"https:\/\/schema.org","@graph":[{"@type":"WebPage","@id":"https:\/\/decolights.eu\/shipping\/","url":"https:\/\/decolights.eu\/shipping\/","name":"Informacija apie pristatym\u0105 \u2013 Decolights.eu","isPartOf":{"@id":"https:\/\/decolights.eu\/#website"},"datePublished":"2019-09-04T10:49:46+00:00","dateModified":"2023-08-27T11:26:54+00:00","description":"Decolights.eu Informacija apie pristatymo laik\u0105 ir tipus. Mes taikome kit\u0105 darbo dien\u0105 i\u0161siuntimo politik\u0105.","inLanguage":"lt-LT","potentialAction":[{"@type":"ReadAction","target":["https:\/\/decolights.eu\/shipping\/"]}]},{"@type":"WebSite","@id":"https:\/\/decolights.eu\/#website","url":"https:\/\/decolights.eu\/","name":"papuo\u0161imai","description":"Led dekoracijos namams ir sodui","publisher":{"@id":"https:\/\/decolights.eu\/#organization"},"alternateName":"decolights.eu","potentialAction":[{"@type":"SearchAction","target":{"@type":"EntryPoint","urlTemplate":"https:\/\/decolights.eu\/?s={search_term_string}"},"query-input":{"@type":"PropertyValueSpecification","valueRequired":true,"valueName":"search_term_string"}}],"inLanguage":"lt-LT"},{"@type":"Organization","@id":"https:\/\/decolights.eu\/#organization","name":"papuo\u0161imai","url":"https:\/\/decolights.eu\/","logo":{"@type":"ImageObject","inLanguage":"lt-LT","@id":"https:\/\/decolights.eu\/#\/schema\/logo\/image\/","url":"https:\/\/decolights.eu\/wp-content\/uploads\/2023\/07\/cropped-decolight-siteicon.png","contentUrl":"https:\/\/decolights.eu\/wp-content\/uploads\/2023\/07\/cropped-decolight-siteicon.png","width":512,"height":512,"caption":"decolights"},"image":{"@id":"https:\/\/decolights.eu\/#\/schema\/logo\/image\/"}}]}},"jetpack_sharing_enabled":true,"_links":{"self":[{"href":"https:\/\/decolights.eu\/lt\/wp-json\/wp\/v2\/pages\/2050","targetHints":{"allow":["GET"]}}],"collection":[{"href":"https:\/\/decolights.eu\/lt\/wp-json\/wp\/v2\/pages"}],"about":[{"href":"https:\/\/decolights.eu\/lt\/wp-json\/wp\/v2\/types\/page"}],"author":[{"embeddable":true,"href":"https:\/\/decolights.eu\/lt\/wp-json\/wp\/v2\/users\/1"}],"replies":[{"embeddable":true,"href":"https:\/\/decolights.eu\/lt\/wp-json\/wp\/v2\/comments?post=2050"}],"version-history":[{"count":2,"href":"https:\/\/decolights.eu\/lt\/wp-json\/wp\/v2\/pages\/2050\/revisions"}],"predecessor-version":[{"id":44731,"href":"https:\/\/decolights.eu\/lt\/wp-json\/wp\/v2\/pages\/2050\/revisions\/44731"}],"wp:attachment":[{"href":"https:\/\/decolights.eu\/lt\/wp-json\/wp\/v2\/media?parent=2050"}],"curies":[{"name":"wp","href":"https:\/\/api.w.org\/{rel}","templated":true}]}}