{"id":43724,"date":"2023-04-24T14:39:05","date_gmt":"2023-04-24T14:39:05","guid":{"rendered":"https:\/\/decolights.eu\/?post_type=product&#038;p=43724"},"modified":"2023-06-09T09:54:45","modified_gmt":"2023-06-09T09:54:45","slug":"led-lambiketi-komplekt-rippuvate-pesadega-4-5m-10-pirni-paikesepaneeliga","status":"publish","type":"product","link":"https:\/\/decolights.eu\/lt\/produktas-2\/led-lambiketi-komplekt-rippuvate-pesadega-4-5m-10-pirni-paikesepaneeliga\/","title":{"rendered":"Festoon LED \u0161viestuvai su pakabinamomis lemput\u0117mis Saul\u0117s energija 4,5m 10 lempu\u010di\u0173"},"content":{"rendered":"<p>Pakabinama lemput\u0117 yra puikus gaminys, puikiai tinkantis dekoratyviniam ir praktiniam ap\u0161vietimui sode ar sklype. Tai taip pat labai geras ap\u0161vietimo \u012frenginys, skirtas papuo\u0161ti restoran\u0105 ar biur\u0105. Atkreipia \u012f save d\u0117mes\u012f ir sukuria labai gra\u017e\u0173 rezultat\u0105 bei nuotaik\u0105.<\/p>\n<p>Produktas turi saul\u0117s baterij\u0105, tod\u0117l jis taupo energij\u0105. Pad\u0117kite saul\u0117s baterij\u0105 saul\u0117toje vietoje ir kiekvien\u0105 vakar\u0105 m\u0117gaukit\u0117s rezultatu!<\/p>\n<ul>\n<li>Bendras gaminio ilgis: 6,6M<\/li>\n<li>L\u0105steli\u0173 skai\u010dius: 10vnt<\/li>\n<li>Lizdai: E27 \/ G45<\/li>\n<li>Lemput\u0117s: 10vnt \u0161iltai balt\u0173 lempu\u010di\u0173 E27<\/li>\n<li>Lemput\u0117s galia: 1W<\/li>\n<li>Lemput\u0117s skersmuo: 4 cm<\/li>\n<li>Pakabinam\u0173 dali\u0173 ilgis: 25cm<\/li>\n<li>Atstumas tarp lizd\u0173: 0,5M<\/li>\n<li>Maitinimo laido ilgis: 1,6 m<\/li>\n<li>Atsparumo vandeniui \u012fvertinimas: IP44<\/li>\n<li>\u0160vinas: PVC<\/li>\n<li>Kabelio spalva: juoda<\/li>\n<li>I\u0161\u0117jimo srov\u0117: 24V<\/li>\n<li>Nepertraukiamas: Taip, iki 5<\/li>\n<\/ul>\n<p>NB: Tai visas komplektas, \u012fskaitant lempos grandin\u0119 ir lemputes! Lemput\u0117s yra kei\u010diamos.<\/p>","protected":false},"excerpt":{"rendered":"<p>The hanging light bulb is a remarkable product that is perfect for decorative and practical lighting in the garden or on a plot. It&#8217;s also a very good lighting fixture for decorating a restaurant or office. It draws attention to itself and creates a very beautiful result and mood. The product has a solar panel [&#8230;]\n","protected":false},"featured_media":43791,"comment_status":"open","ping_status":"closed","template":"","meta":[],"product_brand":[],"product_cat":[226,195,232,171],"product_tag":[],"class_list":{"0":"post-43724","1":"product","2":"type-product","3":"status-publish","4":"has-post-thumbnail","6":"product_cat-outdoor-lights","7":"product_cat-solar-festoon-lights","8":"product_cat-solar-festoon-lights-outdoor-lights","9":"product_cat-solar-lights","11":"first","12":"instock","13":"sale","14":"shipping-taxable","15":"purchasable","16":"product-type-simple"},"yoast_head":"<!-- This site is optimized with the Yoast SEO plugin v27.3 - https:\/\/yoast.com\/product\/yoast-seo-wordpress\/ -->\n<title>Festoon LED Lights with hanging bulbs Solarpowered 4.5m 10 bulbs - Decolights.eu<\/title>\n<meta name=\"description\" content=\"P\u00e4ikesepaneeliga LED lambikett on suve terasside lahutamatu osa! Kaunista sellega nii oma koduaed kui ka restorani v\u00f5i kontori hoov. Osta kohe!\" \/>\n<meta name=\"robots\" content=\"index, follow, max-snippet:-1, max-image-preview:large, max-video-preview:-1\" \/>\n<link rel=\"canonical\" href=\"https:\/\/decolights.eu\/lt\/produktas-2\/led-lambiketi-komplekt-rippuvate-pesadega-4-5m-10-pirni-paikesepaneeliga\/\" \/>\n<meta property=\"og:locale\" content=\"lt_LT\" \/>\n<meta property=\"og:type\" content=\"article\" \/>\n<meta property=\"og:title\" content=\"Festoon LED Lights with hanging bulbs Solarpowered 4.5m 10 bulbs - Decolights.eu\" \/>\n<meta property=\"og:description\" content=\"P\u00e4ikesepaneeliga LED lambikett on suve terasside lahutamatu osa! Kaunista sellega nii oma koduaed kui ka restorani v\u00f5i kontori hoov. Osta kohe!\" \/>\n<meta property=\"og:url\" content=\"https:\/\/decolights.eu\/lt\/produktas-2\/led-lambiketi-komplekt-rippuvate-pesadega-4-5m-10-pirni-paikesepaneeliga\/\" \/>\n<meta property=\"og:site_name\" content=\"Decolights.eu\" \/>\n<meta property=\"article:modified_time\" content=\"2023-06-09T09:54:45+00:00\" \/>\n<meta property=\"og:image\" content=\"https:\/\/decolights.eu\/wp-content\/uploads\/2023\/05\/23534_s.jpg\" \/>\n\t<meta property=\"og:image:width\" content=\"1417\" \/>\n\t<meta property=\"og:image:height\" content=\"1093\" \/>\n\t<meta property=\"og:image:type\" content=\"image\/jpeg\" \/>\n<meta name=\"twitter:card\" content=\"summary_large_image\" \/>\n<meta name=\"twitter:label1\" content=\"Est. reading time\" \/>\n\t<meta name=\"twitter:data1\" content=\"1 minut\u0117\" \/>\n<script type=\"application\/ld+json\" class=\"yoast-schema-graph\">{\"@context\":\"https:\\\/\\\/schema.org\",\"@graph\":[{\"@type\":\"WebPage\",\"@id\":\"https:\\\/\\\/decolights.eu\\\/product\\\/led-lambiketi-komplekt-rippuvate-pesadega-4-5m-10-pirni-paikesepaneeliga\\\/\",\"url\":\"https:\\\/\\\/decolights.eu\\\/product\\\/led-lambiketi-komplekt-rippuvate-pesadega-4-5m-10-pirni-paikesepaneeliga\\\/\",\"name\":\"Festoon LED Lights with hanging bulbs Solarpowered 4.5m 10 bulbs - Decolights.eu\",\"isPartOf\":{\"@id\":\"https:\\\/\\\/decolights.eu\\\/#website\"},\"primaryImageOfPage\":{\"@id\":\"https:\\\/\\\/decolights.eu\\\/product\\\/led-lambiketi-komplekt-rippuvate-pesadega-4-5m-10-pirni-paikesepaneeliga\\\/#primaryimage\"},\"image\":{\"@id\":\"https:\\\/\\\/decolights.eu\\\/product\\\/led-lambiketi-komplekt-rippuvate-pesadega-4-5m-10-pirni-paikesepaneeliga\\\/#primaryimage\"},\"thumbnailUrl\":\"https:\\\/\\\/decolights.eu\\\/wp-content\\\/uploads\\\/2023\\\/05\\\/23534_s.jpg\",\"datePublished\":\"2023-04-24T14:39:05+00:00\",\"dateModified\":\"2023-06-09T09:54:45+00:00\",\"description\":\"P\u00e4ikesepaneeliga LED lambikett on suve terasside lahutamatu osa! Kaunista sellega nii oma koduaed kui ka restorani v\u00f5i kontori hoov. Osta kohe!\",\"breadcrumb\":{\"@id\":\"https:\\\/\\\/decolights.eu\\\/product\\\/led-lambiketi-komplekt-rippuvate-pesadega-4-5m-10-pirni-paikesepaneeliga\\\/#breadcrumb\"},\"inLanguage\":\"lt-LT\",\"potentialAction\":[{\"@type\":\"ReadAction\",\"target\":[\"https:\\\/\\\/decolights.eu\\\/product\\\/led-lambiketi-komplekt-rippuvate-pesadega-4-5m-10-pirni-paikesepaneeliga\\\/\"]}]},{\"@type\":\"ImageObject\",\"inLanguage\":\"lt-LT\",\"@id\":\"https:\\\/\\\/decolights.eu\\\/product\\\/led-lambiketi-komplekt-rippuvate-pesadega-4-5m-10-pirni-paikesepaneeliga\\\/#primaryimage\",\"url\":\"https:\\\/\\\/decolights.eu\\\/wp-content\\\/uploads\\\/2023\\\/05\\\/23534_s.jpg\",\"contentUrl\":\"https:\\\/\\\/decolights.eu\\\/wp-content\\\/uploads\\\/2023\\\/05\\\/23534_s.jpg\",\"width\":1417,\"height\":1093},{\"@type\":\"BreadcrumbList\",\"@id\":\"https:\\\/\\\/decolights.eu\\\/product\\\/led-lambiketi-komplekt-rippuvate-pesadega-4-5m-10-pirni-paikesepaneeliga\\\/#breadcrumb\",\"itemListElement\":[{\"@type\":\"ListItem\",\"position\":1,\"name\":\"Shop\",\"item\":\"https:\\\/\\\/decolights.eu\\\/shop\\\/\"},{\"@type\":\"ListItem\",\"position\":2,\"name\":\"Festoon LED Lights with hanging bulbs Solarpowered 4.5m 10 bulbs\"}]},{\"@type\":\"WebSite\",\"@id\":\"https:\\\/\\\/decolights.eu\\\/#website\",\"url\":\"https:\\\/\\\/decolights.eu\\\/\",\"name\":\"decolights\",\"description\":\"Led Decorations for Home and Garden\",\"publisher\":{\"@id\":\"https:\\\/\\\/decolights.eu\\\/#organization\"},\"alternateName\":\"decolights.eu\",\"potentialAction\":[{\"@type\":\"SearchAction\",\"target\":{\"@type\":\"EntryPoint\",\"urlTemplate\":\"https:\\\/\\\/decolights.eu\\\/?s={search_term_string}\"},\"query-input\":{\"@type\":\"PropertyValueSpecification\",\"valueRequired\":true,\"valueName\":\"search_term_string\"}}],\"inLanguage\":\"lt-LT\"},{\"@type\":\"Organization\",\"@id\":\"https:\\\/\\\/decolights.eu\\\/#organization\",\"name\":\"decolights\",\"url\":\"https:\\\/\\\/decolights.eu\\\/\",\"logo\":{\"@type\":\"ImageObject\",\"inLanguage\":\"lt-LT\",\"@id\":\"https:\\\/\\\/decolights.eu\\\/#\\\/schema\\\/logo\\\/image\\\/\",\"url\":\"https:\\\/\\\/decolights.eu\\\/wp-content\\\/uploads\\\/2023\\\/07\\\/cropped-decolight-siteicon.png\",\"contentUrl\":\"https:\\\/\\\/decolights.eu\\\/wp-content\\\/uploads\\\/2023\\\/07\\\/cropped-decolight-siteicon.png\",\"width\":512,\"height\":512,\"caption\":\"decolights\"},\"image\":{\"@id\":\"https:\\\/\\\/decolights.eu\\\/#\\\/schema\\\/logo\\\/image\\\/\"}}]}<\/script>\n<!-- \/ Yoast SEO plugin. -->","yoast_head_json":{"title":"Festoon LED \u0161viestuvai su pakabinamomis lemput\u0117mis Saul\u0117s energija 4,5m 10 lempu\u010di\u0173 - Decolights.eu","description":"P\u00e4ikesepaneeliga LED lambikett on suvede atsiskaitoma osa! Kaunista sellega nii oma koduaed kui ka restorani v\u00f5i kontori hoov. Osta kohe!","robots":{"index":"index","follow":"follow","max-snippet":"max-snippet:-1","max-image-preview":"max-image-preview:large","max-video-preview":"max-video-preview:-1"},"canonical":"https:\/\/decolights.eu\/lt\/produktas-2\/led-lambiketi-komplekt-rippuvate-pesadega-4-5m-10-pirni-paikesepaneeliga\/","og_locale":"lt_LT","og_type":"article","og_title":"Festoon LED Lights with hanging bulbs Solarpowered 4.5m 10 bulbs - Decolights.eu","og_description":"P\u00e4ikesepaneeliga LED lambikett on suve terasside lahutamatu osa! Kaunista sellega nii oma koduaed kui ka restorani v\u00f5i kontori hoov. Osta kohe!","og_url":"https:\/\/decolights.eu\/lt\/produktas-2\/led-lambiketi-komplekt-rippuvate-pesadega-4-5m-10-pirni-paikesepaneeliga\/","og_site_name":"Decolights.eu","article_modified_time":"2023-06-09T09:54:45+00:00","og_image":[{"width":1417,"height":1093,"url":"https:\/\/decolights.eu\/wp-content\/uploads\/2023\/05\/23534_s.jpg","type":"image\/jpeg"}],"twitter_card":"summary_large_image","twitter_misc":{"Est. reading time":"1 minut\u0117"},"schema":{"@context":"https:\/\/schema.org","@graph":[{"@type":"WebPage","@id":"https:\/\/decolights.eu\/product\/led-lambiketi-komplekt-rippuvate-pesadega-4-5m-10-pirni-paikesepaneeliga\/","url":"https:\/\/decolights.eu\/product\/led-lambiketi-komplekt-rippuvate-pesadega-4-5m-10-pirni-paikesepaneeliga\/","name":"Festoon LED \u0161viestuvai su pakabinamomis lemput\u0117mis Saul\u0117s energija 4,5m 10 lempu\u010di\u0173 - Decolights.eu","isPartOf":{"@id":"https:\/\/decolights.eu\/#website"},"primaryImageOfPage":{"@id":"https:\/\/decolights.eu\/product\/led-lambiketi-komplekt-rippuvate-pesadega-4-5m-10-pirni-paikesepaneeliga\/#primaryimage"},"image":{"@id":"https:\/\/decolights.eu\/product\/led-lambiketi-komplekt-rippuvate-pesadega-4-5m-10-pirni-paikesepaneeliga\/#primaryimage"},"thumbnailUrl":"https:\/\/decolights.eu\/wp-content\/uploads\/2023\/05\/23534_s.jpg","datePublished":"2023-04-24T14:39:05+00:00","dateModified":"2023-06-09T09:54:45+00:00","description":"P\u00e4ikesepaneeliga LED lambikett on suvede atsiskaitoma osa! Kaunista sellega nii oma koduaed kui ka restorani v\u00f5i kontori hoov. Osta kohe!","breadcrumb":{"@id":"https:\/\/decolights.eu\/product\/led-lambiketi-komplekt-rippuvate-pesadega-4-5m-10-pirni-paikesepaneeliga\/#breadcrumb"},"inLanguage":"lt-LT","potentialAction":[{"@type":"ReadAction","target":["https:\/\/decolights.eu\/product\/led-lambiketi-komplekt-rippuvate-pesadega-4-5m-10-pirni-paikesepaneeliga\/"]}]},{"@type":"ImageObject","inLanguage":"lt-LT","@id":"https:\/\/decolights.eu\/product\/led-lambiketi-komplekt-rippuvate-pesadega-4-5m-10-pirni-paikesepaneeliga\/#primaryimage","url":"https:\/\/decolights.eu\/wp-content\/uploads\/2023\/05\/23534_s.jpg","contentUrl":"https:\/\/decolights.eu\/wp-content\/uploads\/2023\/05\/23534_s.jpg","width":1417,"height":1093},{"@type":"BreadcrumbList","@id":"https:\/\/decolights.eu\/product\/led-lambiketi-komplekt-rippuvate-pesadega-4-5m-10-pirni-paikesepaneeliga\/#breadcrumb","itemListElement":[{"@type":"ListItem","position":1,"name":"Shop","item":"https:\/\/decolights.eu\/shop\/"},{"@type":"ListItem","position":2,"name":"Festoon LED Lights with hanging bulbs Solarpowered 4.5m 10 bulbs"}]},{"@type":"WebSite","@id":"https:\/\/decolights.eu\/#website","url":"https:\/\/decolights.eu\/","name":"papuo\u0161imai","description":"Led dekoracijos namams ir sodui","publisher":{"@id":"https:\/\/decolights.eu\/#organization"},"alternateName":"decolights.eu","potentialAction":[{"@type":"SearchAction","target":{"@type":"EntryPoint","urlTemplate":"https:\/\/decolights.eu\/?s={search_term_string}"},"query-input":{"@type":"PropertyValueSpecification","valueRequired":true,"valueName":"search_term_string"}}],"inLanguage":"lt-LT"},{"@type":"Organization","@id":"https:\/\/decolights.eu\/#organization","name":"papuo\u0161imai","url":"https:\/\/decolights.eu\/","logo":{"@type":"ImageObject","inLanguage":"lt-LT","@id":"https:\/\/decolights.eu\/#\/schema\/logo\/image\/","url":"https:\/\/decolights.eu\/wp-content\/uploads\/2023\/07\/cropped-decolight-siteicon.png","contentUrl":"https:\/\/decolights.eu\/wp-content\/uploads\/2023\/07\/cropped-decolight-siteicon.png","width":512,"height":512,"caption":"decolights"},"image":{"@id":"https:\/\/decolights.eu\/#\/schema\/logo\/image\/"}}]}},"jetpack_sharing_enabled":true,"_links":{"self":[{"href":"https:\/\/decolights.eu\/lt\/wp-json\/wp\/v2\/product\/43724","targetHints":{"allow":["GET"]}}],"collection":[{"href":"https:\/\/decolights.eu\/lt\/wp-json\/wp\/v2\/product"}],"about":[{"href":"https:\/\/decolights.eu\/lt\/wp-json\/wp\/v2\/types\/product"}],"replies":[{"embeddable":true,"href":"https:\/\/decolights.eu\/lt\/wp-json\/wp\/v2\/comments?post=43724"}],"wp:featuredmedia":[{"embeddable":true,"href":"https:\/\/decolights.eu\/lt\/wp-json\/wp\/v2\/media\/43791"}],"wp:attachment":[{"href":"https:\/\/decolights.eu\/lt\/wp-json\/wp\/v2\/media?parent=43724"}],"wp:term":[{"taxonomy":"product_brand","embeddable":true,"href":"https:\/\/decolights.eu\/lt\/wp-json\/wp\/v2\/product_brand?post=43724"},{"taxonomy":"product_cat","embeddable":true,"href":"https:\/\/decolights.eu\/lt\/wp-json\/wp\/v2\/product_cat?post=43724"},{"taxonomy":"product_tag","embeddable":true,"href":"https:\/\/decolights.eu\/lt\/wp-json\/wp\/v2\/product_tag?post=43724"}],"curies":[{"name":"wp","href":"https:\/\/api.w.org\/{rel}","templated":true}]}}