{"id":44605,"date":"2023-07-29T14:03:35","date_gmt":"2023-07-29T14:03:35","guid":{"rendered":"https:\/\/decolights.eu\/?post_type=product&#038;p=44605"},"modified":"2023-08-11T15:03:41","modified_gmt":"2023-08-11T15:03:41","slug":"solar-latern-lumiz-long-oval20-paisley-golden","status":"publish","type":"product","link":"https:\/\/decolights.eu\/lt\/produktas-2\/solar-latern-lumiz-long-oval20-paisley-golden\/","title":{"rendered":"Solar Latern Lumiz Long Oval20 Paisley Golden"},"content":{"rendered":"<p><strong>Dydis: \u00d8 20 cm x K 45 cm<\/strong><\/p>\n<p><strong>Spalva: Auksin\u0117<\/strong><\/p>\n<p><strong><img loading=\"lazy\" decoding=\"async\" src=\"https:\/\/lumiz.nl\/wp-content\/uploads\/2021\/04\/LUMIZ_PATRON_Paisley-119x300.jpg\" alt=\"LUMIZ_PATRON_Paisley\" width=\"75\" height=\"189\" \/>\u00a0<img loading=\"lazy\" decoding=\"async\" src=\"https:\/\/lumiz.nl\/wp-content\/uploads\/2022\/02\/goud-2.png\" width=\"153\" height=\"153\" \/><\/strong><\/p>\n<p><strong>Sukurkite stebukling\u0105 atmosfer\u0105 su Lumiz saul\u0117s \u017eibintais.<\/strong><\/p>\n<p><strong>Puikus b\u016bdas sukurti magi\u0161k\u0105 atmosfer\u0105 bet kuriame sode, kieme ar verandoje. Jie b\u016bna \u012fvairi\u0173 skani\u0173 spalv\u0173, form\u0173 ir ra\u0161t\u0173. Leiskite savo k\u016brybi\u0161kumui skleistis \u2013 \u0161iuos \u017eibintus galima mai\u0161yti ir derinti, kad sukurtum\u0117te tobul\u0105 atmosfer\u0105.<\/strong><\/p>\n<p>Lumizi saul\u0117s \u017eibintus galima naudoti lauke i\u0161tisus metus. Pakabinkite juos saul\u0117je ir \u017eibintai suteiks magi\u0161kos \u0161viesos vakare.<\/p>\n<p><strong>Lumiz yra tvarus LED \u017eibintas<\/strong> pagamintas i\u0161 tvirtos, atsparios oro s\u0105lygoms ir 100% perdirbamos Tyvek, patentuotos med\u017eiagos. Tyvek yra auk\u0161tos kokyb\u0117s med\u017eiaga, tod\u0117l \u017eibintai tarnaus.<\/p>\n<p><strong>Saul\u0117s \u017eibintas yra LED \u017eibintas, kuris vis\u0105 dien\u0105 kraunamas saul\u0117s baterijomis.<\/strong> \u017dibintoje esantis saul\u0117s baterijos modulis pagamintas tokios spalvos, kuri atitinka Tyvek ir suteikia \u0161iltos LED \u0161viesos spalvos. Kad \u017eibintas spind\u0117t\u0173 geriausiai, Lumiz nusprend\u0117 sukurti savo saul\u0117s modul\u012f. Modulyje yra \u012fkraunamos AAA baterijos, kurios optimaliai \u012fkraunamos saul\u0117s \u0161viesoje.<\/p>\n<p><strong>Optimaliomis saul\u0117tomis s\u0105lygomis \u017eibintas gali \u0161viesti 6-8 valandas. \u0160viesos intensyvumas gali suma\u017e\u0117ti po 5-6 valand\u0173.<\/strong><\/p>\n<p><strong>\u012ekrovimo antgalis<\/strong>: pakabinkite \u017eibint\u0105 ten, kur gal\u0117t\u0173 \u0161viesti saul\u0117, tiesiai ant saul\u0117s baterijos.<\/p>\n<p><strong>Prie\u017ei\u016bra<\/strong>: nuvalykite saul\u0117s kolektori\u0173 mink\u0161ta dr\u0117gna \u0161luoste. Tada saul\u0117s energijos absorbcija i\u0161liks maksimali. Jei reikia, Tyvek med\u017eiag\u0105 galima nuvalyti mink\u0161ta dr\u0117gna \u0161luoste.<\/p>\n<p>Jei norite supakuoti \u017eibintus \u017eiem\u0105, juos lengva sulankstyti, kad jie b\u016bt\u0173 visi\u0161kai plok\u0161ti. Rekomenduojame i\u0161imti baterijas i\u0161 saul\u0117s modulio. (Palik\u0119 baterijas saul\u0117s kolektoriuje ilg\u0105 laik\u0105, galite nutek\u0117ti ir sugadinti elektroninius komponentus).<\/p>","protected":false},"excerpt":{"rendered":"<p>Size: \u00d8\u00a0 20 cm x K 45 cm Colour: Golden \u00a0 Create a magical atmosphere with Lumiz solar lanterns. The perfect way to create a magical atmosphere in any garden, backyard or porch. They come in a wide variety of delicious colours, shapes and patterns. Let your creativity flow &#8211; these lanterns can be mixed [&#8230;]\n","protected":false},"featured_media":44606,"comment_status":"open","ping_status":"closed","template":"","meta":[],"product_brand":[],"product_cat":[381],"product_tag":[],"class_list":{"0":"post-44605","1":"product","2":"type-product","3":"status-publish","4":"has-post-thumbnail","6":"product_cat-lumiz","8":"first","9":"instock","10":"sale","11":"shipping-taxable","12":"purchasable","13":"product-type-simple"},"yoast_head":"<!-- This site is optimized with the Yoast SEO plugin v27.3 - https:\/\/yoast.com\/product\/yoast-seo-wordpress\/ -->\n<title>Solar Latern Lumiz Long Oval20 Paisley Golden - Decolights.eu<\/title>\n<meta name=\"description\" content=\"Buy Solar Latern Lumiz Long Oval20 Paisley Golden for . Browse our range of . Buy for the best price today and enjoy cozy atmosphere.\" \/>\n<meta name=\"robots\" content=\"index, follow, max-snippet:-1, max-image-preview:large, max-video-preview:-1\" \/>\n<link rel=\"canonical\" href=\"https:\/\/decolights.eu\/lt\/produktas-2\/solar-latern-lumiz-long-oval20-paisley-golden\/\" \/>\n<meta property=\"og:locale\" content=\"lt_LT\" \/>\n<meta property=\"og:type\" content=\"article\" \/>\n<meta property=\"og:title\" content=\"Solar Latern Lumiz Long Oval20 Paisley Golden - Decolights.eu\" \/>\n<meta property=\"og:description\" content=\"Buy Solar Latern Lumiz Long Oval20 Paisley Golden for . Browse our range of . Buy for the best price today and enjoy cozy atmosphere.\" \/>\n<meta property=\"og:url\" content=\"https:\/\/decolights.eu\/lt\/produktas-2\/solar-latern-lumiz-long-oval20-paisley-golden\/\" \/>\n<meta property=\"og:site_name\" content=\"Decolights.eu\" \/>\n<meta property=\"article:modified_time\" content=\"2023-08-11T15:03:41+00:00\" \/>\n<meta property=\"og:image\" content=\"https:\/\/decolights.eu\/wp-content\/uploads\/2023\/08\/16.-Long-oval-20-Paisley-Goud-scaled-1.jpg\" \/>\n\t<meta property=\"og:image:width\" content=\"2560\" \/>\n\t<meta property=\"og:image:height\" content=\"2560\" \/>\n\t<meta property=\"og:image:type\" content=\"image\/jpeg\" \/>\n<meta name=\"twitter:card\" content=\"summary_large_image\" \/>\n<meta name=\"twitter:label1\" content=\"Est. reading time\" \/>\n\t<meta name=\"twitter:data1\" content=\"2 minut\u0117s\" \/>\n<script type=\"application\/ld+json\" class=\"yoast-schema-graph\">{\"@context\":\"https:\\\/\\\/schema.org\",\"@graph\":[{\"@type\":\"WebPage\",\"@id\":\"https:\\\/\\\/decolights.eu\\\/product\\\/solar-latern-lumiz-long-oval20-paisley-golden\\\/\",\"url\":\"https:\\\/\\\/decolights.eu\\\/product\\\/solar-latern-lumiz-long-oval20-paisley-golden\\\/\",\"name\":\"Solar Latern Lumiz Long Oval20 Paisley Golden - Decolights.eu\",\"isPartOf\":{\"@id\":\"https:\\\/\\\/decolights.eu\\\/#website\"},\"primaryImageOfPage\":{\"@id\":\"https:\\\/\\\/decolights.eu\\\/product\\\/solar-latern-lumiz-long-oval20-paisley-golden\\\/#primaryimage\"},\"image\":{\"@id\":\"https:\\\/\\\/decolights.eu\\\/product\\\/solar-latern-lumiz-long-oval20-paisley-golden\\\/#primaryimage\"},\"thumbnailUrl\":\"https:\\\/\\\/decolights.eu\\\/wp-content\\\/uploads\\\/2023\\\/08\\\/16.-Long-oval-20-Paisley-Goud-scaled-1.jpg\",\"datePublished\":\"2023-07-29T14:03:35+00:00\",\"dateModified\":\"2023-08-11T15:03:41+00:00\",\"description\":\"Buy Solar Latern Lumiz Long Oval20 Paisley Golden for . Browse our range of . Buy for the best price today and enjoy cozy atmosphere.\",\"breadcrumb\":{\"@id\":\"https:\\\/\\\/decolights.eu\\\/product\\\/solar-latern-lumiz-long-oval20-paisley-golden\\\/#breadcrumb\"},\"inLanguage\":\"lt-LT\",\"potentialAction\":[{\"@type\":\"ReadAction\",\"target\":[\"https:\\\/\\\/decolights.eu\\\/product\\\/solar-latern-lumiz-long-oval20-paisley-golden\\\/\"]}]},{\"@type\":\"ImageObject\",\"inLanguage\":\"lt-LT\",\"@id\":\"https:\\\/\\\/decolights.eu\\\/product\\\/solar-latern-lumiz-long-oval20-paisley-golden\\\/#primaryimage\",\"url\":\"https:\\\/\\\/decolights.eu\\\/wp-content\\\/uploads\\\/2023\\\/08\\\/16.-Long-oval-20-Paisley-Goud-scaled-1.jpg\",\"contentUrl\":\"https:\\\/\\\/decolights.eu\\\/wp-content\\\/uploads\\\/2023\\\/08\\\/16.-Long-oval-20-Paisley-Goud-scaled-1.jpg\",\"width\":2560,\"height\":2560},{\"@type\":\"BreadcrumbList\",\"@id\":\"https:\\\/\\\/decolights.eu\\\/product\\\/solar-latern-lumiz-long-oval20-paisley-golden\\\/#breadcrumb\",\"itemListElement\":[{\"@type\":\"ListItem\",\"position\":1,\"name\":\"Shop\",\"item\":\"https:\\\/\\\/decolights.eu\\\/shop\\\/\"},{\"@type\":\"ListItem\",\"position\":2,\"name\":\"Solar Latern Lumiz Long Oval20 Paisley Golden\"}]},{\"@type\":\"WebSite\",\"@id\":\"https:\\\/\\\/decolights.eu\\\/#website\",\"url\":\"https:\\\/\\\/decolights.eu\\\/\",\"name\":\"decolights\",\"description\":\"Led Decorations for Home and Garden\",\"publisher\":{\"@id\":\"https:\\\/\\\/decolights.eu\\\/#organization\"},\"alternateName\":\"decolights.eu\",\"potentialAction\":[{\"@type\":\"SearchAction\",\"target\":{\"@type\":\"EntryPoint\",\"urlTemplate\":\"https:\\\/\\\/decolights.eu\\\/?s={search_term_string}\"},\"query-input\":{\"@type\":\"PropertyValueSpecification\",\"valueRequired\":true,\"valueName\":\"search_term_string\"}}],\"inLanguage\":\"lt-LT\"},{\"@type\":\"Organization\",\"@id\":\"https:\\\/\\\/decolights.eu\\\/#organization\",\"name\":\"decolights\",\"url\":\"https:\\\/\\\/decolights.eu\\\/\",\"logo\":{\"@type\":\"ImageObject\",\"inLanguage\":\"lt-LT\",\"@id\":\"https:\\\/\\\/decolights.eu\\\/#\\\/schema\\\/logo\\\/image\\\/\",\"url\":\"https:\\\/\\\/decolights.eu\\\/wp-content\\\/uploads\\\/2023\\\/07\\\/cropped-decolight-siteicon.png\",\"contentUrl\":\"https:\\\/\\\/decolights.eu\\\/wp-content\\\/uploads\\\/2023\\\/07\\\/cropped-decolight-siteicon.png\",\"width\":512,\"height\":512,\"caption\":\"decolights\"},\"image\":{\"@id\":\"https:\\\/\\\/decolights.eu\\\/#\\\/schema\\\/logo\\\/image\\\/\"}}]}<\/script>\n<!-- \/ Yoast SEO plugin. -->","yoast_head_json":{"title":"Solar Latern Lumiz Long Oval20 Paisley Golden - Decolights.eu","description":"Pirkite Solar Latern Lumiz Long Oval20 Paisley Golden u\u017e . Nar\u0161ykite m\u016bs\u0173 asortiment\u0105. Pirkite u\u017e geriausi\u0105 kain\u0105 \u0161iandien ir m\u0117gaukit\u0117s jaukia atmosfera.","robots":{"index":"index","follow":"follow","max-snippet":"max-snippet:-1","max-image-preview":"max-image-preview:large","max-video-preview":"max-video-preview:-1"},"canonical":"https:\/\/decolights.eu\/lt\/produktas-2\/solar-latern-lumiz-long-oval20-paisley-golden\/","og_locale":"lt_LT","og_type":"article","og_title":"Solar Latern Lumiz Long Oval20 Paisley Golden - Decolights.eu","og_description":"Buy Solar Latern Lumiz Long Oval20 Paisley Golden for . Browse our range of . Buy for the best price today and enjoy cozy atmosphere.","og_url":"https:\/\/decolights.eu\/lt\/produktas-2\/solar-latern-lumiz-long-oval20-paisley-golden\/","og_site_name":"Decolights.eu","article_modified_time":"2023-08-11T15:03:41+00:00","og_image":[{"width":2560,"height":2560,"url":"https:\/\/decolights.eu\/wp-content\/uploads\/2023\/08\/16.-Long-oval-20-Paisley-Goud-scaled-1.jpg","type":"image\/jpeg"}],"twitter_card":"summary_large_image","twitter_misc":{"Est. reading time":"2 minut\u0117s"},"schema":{"@context":"https:\/\/schema.org","@graph":[{"@type":"WebPage","@id":"https:\/\/decolights.eu\/product\/solar-latern-lumiz-long-oval20-paisley-golden\/","url":"https:\/\/decolights.eu\/product\/solar-latern-lumiz-long-oval20-paisley-golden\/","name":"Solar Latern Lumiz Long Oval20 Paisley Golden - Decolights.eu","isPartOf":{"@id":"https:\/\/decolights.eu\/#website"},"primaryImageOfPage":{"@id":"https:\/\/decolights.eu\/product\/solar-latern-lumiz-long-oval20-paisley-golden\/#primaryimage"},"image":{"@id":"https:\/\/decolights.eu\/product\/solar-latern-lumiz-long-oval20-paisley-golden\/#primaryimage"},"thumbnailUrl":"https:\/\/decolights.eu\/wp-content\/uploads\/2023\/08\/16.-Long-oval-20-Paisley-Goud-scaled-1.jpg","datePublished":"2023-07-29T14:03:35+00:00","dateModified":"2023-08-11T15:03:41+00:00","description":"Pirkite Solar Latern Lumiz Long Oval20 Paisley Golden u\u017e . Nar\u0161ykite m\u016bs\u0173 asortiment\u0105. Pirkite u\u017e geriausi\u0105 kain\u0105 \u0161iandien ir m\u0117gaukit\u0117s jaukia atmosfera.","breadcrumb":{"@id":"https:\/\/decolights.eu\/product\/solar-latern-lumiz-long-oval20-paisley-golden\/#breadcrumb"},"inLanguage":"lt-LT","potentialAction":[{"@type":"ReadAction","target":["https:\/\/decolights.eu\/product\/solar-latern-lumiz-long-oval20-paisley-golden\/"]}]},{"@type":"ImageObject","inLanguage":"lt-LT","@id":"https:\/\/decolights.eu\/product\/solar-latern-lumiz-long-oval20-paisley-golden\/#primaryimage","url":"https:\/\/decolights.eu\/wp-content\/uploads\/2023\/08\/16.-Long-oval-20-Paisley-Goud-scaled-1.jpg","contentUrl":"https:\/\/decolights.eu\/wp-content\/uploads\/2023\/08\/16.-Long-oval-20-Paisley-Goud-scaled-1.jpg","width":2560,"height":2560},{"@type":"BreadcrumbList","@id":"https:\/\/decolights.eu\/product\/solar-latern-lumiz-long-oval20-paisley-golden\/#breadcrumb","itemListElement":[{"@type":"ListItem","position":1,"name":"Shop","item":"https:\/\/decolights.eu\/shop\/"},{"@type":"ListItem","position":2,"name":"Solar Latern Lumiz Long Oval20 Paisley Golden"}]},{"@type":"WebSite","@id":"https:\/\/decolights.eu\/#website","url":"https:\/\/decolights.eu\/","name":"papuo\u0161imai","description":"Led dekoracijos namams ir sodui","publisher":{"@id":"https:\/\/decolights.eu\/#organization"},"alternateName":"decolights.eu","potentialAction":[{"@type":"SearchAction","target":{"@type":"EntryPoint","urlTemplate":"https:\/\/decolights.eu\/?s={search_term_string}"},"query-input":{"@type":"PropertyValueSpecification","valueRequired":true,"valueName":"search_term_string"}}],"inLanguage":"lt-LT"},{"@type":"Organization","@id":"https:\/\/decolights.eu\/#organization","name":"papuo\u0161imai","url":"https:\/\/decolights.eu\/","logo":{"@type":"ImageObject","inLanguage":"lt-LT","@id":"https:\/\/decolights.eu\/#\/schema\/logo\/image\/","url":"https:\/\/decolights.eu\/wp-content\/uploads\/2023\/07\/cropped-decolight-siteicon.png","contentUrl":"https:\/\/decolights.eu\/wp-content\/uploads\/2023\/07\/cropped-decolight-siteicon.png","width":512,"height":512,"caption":"decolights"},"image":{"@id":"https:\/\/decolights.eu\/#\/schema\/logo\/image\/"}}]}},"jetpack_sharing_enabled":true,"_links":{"self":[{"href":"https:\/\/decolights.eu\/lt\/wp-json\/wp\/v2\/product\/44605","targetHints":{"allow":["GET"]}}],"collection":[{"href":"https:\/\/decolights.eu\/lt\/wp-json\/wp\/v2\/product"}],"about":[{"href":"https:\/\/decolights.eu\/lt\/wp-json\/wp\/v2\/types\/product"}],"replies":[{"embeddable":true,"href":"https:\/\/decolights.eu\/lt\/wp-json\/wp\/v2\/comments?post=44605"}],"wp:featuredmedia":[{"embeddable":true,"href":"https:\/\/decolights.eu\/lt\/wp-json\/wp\/v2\/media\/44606"}],"wp:attachment":[{"href":"https:\/\/decolights.eu\/lt\/wp-json\/wp\/v2\/media?parent=44605"}],"wp:term":[{"taxonomy":"product_brand","embeddable":true,"href":"https:\/\/decolights.eu\/lt\/wp-json\/wp\/v2\/product_brand?post=44605"},{"taxonomy":"product_cat","embeddable":true,"href":"https:\/\/decolights.eu\/lt\/wp-json\/wp\/v2\/product_cat?post=44605"},{"taxonomy":"product_tag","embeddable":true,"href":"https:\/\/decolights.eu\/lt\/wp-json\/wp\/v2\/product_tag?post=44605"}],"curies":[{"name":"wp","href":"https:\/\/api.w.org\/{rel}","templated":true}]}}