{"id":44659,"date":"2023-07-29T15:34:21","date_gmt":"2023-07-29T15:34:21","guid":{"rendered":"https:\/\/decolights.eu\/?post_type=product&#038;p=44659"},"modified":"2023-08-11T15:30:22","modified_gmt":"2023-08-11T15:30:22","slug":"solar-latern-lumiz-round40-tigres-yellow","status":"publish","type":"product","link":"https:\/\/decolights.eu\/lt\/produktas-2\/solar-latern-lumiz-round40-tigres-yellow\/","title":{"rendered":"Solar Latern Lumiz Round40 Tigres Yellow"},"content":{"rendered":"<p><strong>Matmenys:<\/strong> <strong>\u00d8 40 cm x A 38 cm<\/strong><\/p>\n<p><strong>Spalva:<\/strong> <strong>Geltona<\/strong><\/p>\n<p><strong>Sukurkite stebukling\u0105 atmosfer\u0105 Lumiz saul\u0117s \u017eibint\u0173 pagalba.<\/strong><\/p>\n<p><strong>Puikus b\u016bdas sukurti magi\u0161k\u0105 atmosfer\u0105 bet kuriame sode, kieme ar verandoje. Jie b\u016bna \u012fvairi\u0173 \u017eavi\u0173 spalv\u0173, dizaino ir ra\u0161t\u0173. I\u0161laisvinkite savo k\u016brybi\u0161kum\u0105 \u2013 \u0161iuos \u017eibintus galima derinti vienas su kitu, kad sukurtum\u0117te tobul\u0105 atmosfer\u0105.<\/strong><\/p>\n<p>Lumiz saul\u0117s \u017eibintus galima naudoti lauke i\u0161tisus metus. Pakabinkite juos saul\u0117s \u0161viesoje, o vakare \u017eibintai suteiks stebukling\u0105 ap\u0161vietim\u0105.<\/p>\n<p><strong>Lumiz yra tvarus LED \u017eibintas.<\/strong> \u017dibintai pagaminti i\u0161 patvarios, oro s\u0105lygoms atsparios ir 100% perdirbamos, patentuotos Tyvek med\u017eiagos. Tyvek yra auk\u0161tos kokyb\u0117s med\u017eiaga, tod\u0117l \u017eibintai yra ilgaam\u017eiai.<\/p>\n<p><strong>Saul\u0117s \u017eibintas yra LED \u017eibintas, kuris vis\u0105 dien\u0105 kraunamas saul\u0117s baterij\u0173 pagalba.<\/strong> \u017dibinto viduje esantis saul\u0117s baterijos modulis sukurtas taip, kad atitikt\u0173 Tyvek spalv\u0105 ir skleid\u017eia \u0161ilt\u0105 LED \u0161viesos spalv\u0105. Siekdama u\u017etikrinti, kad \u017eibintas spind\u0117t\u0173 geriausiai, Lumiz nusprend\u0117 sukurti savo saul\u0117s modul\u012f. Modulyje yra \u012fkraunamos AAA baterijos, kurios optimaliai \u012fkraunamos saul\u0117s \u0161viesoje.<\/p>\n<p>Optimaliomis saul\u0117tomis s\u0105lygomis \u017eibintas gali \u0161viesti 6-8 valandas. \u0160viesos intensyvumas gali suma\u017e\u0117ti po 5-6 valand\u0173.<\/p>\n<p><strong>\u012ekrovimo patarimas:<\/strong> Pakabinkite \u017eibint\u0105 tokioje vietoje, kur saul\u0117 gal\u0117t\u0173 \u0161viesti tiesiai ant saul\u0117s skydelio.<\/p>\n<p><strong>Prie\u017ei\u016bra:<\/strong> Nuvalykite saul\u0117s kolektori\u0173 mink\u0161ta dr\u0117gna \u0161luoste. Tai u\u017etikrina maksimal\u0173 saul\u0117s energijos \u012fsisavinim\u0105. Jei reikia, Tyvek med\u017eiag\u0105 galima nu\u0161luostyti mink\u0161ta dr\u0117gna \u0161luoste.<\/p>\n<p>Jei \u017eibint\u0105 norite laikyti \u017eiem\u0105, juos lengva sulankstyti. Rekomenduojame i\u0161imti baterijas i\u0161 saul\u0117s modulio. (Jei ilgam laikui paliksite baterijas saul\u0117s kolektoriuose, jos gali nutek\u0117ti ir sugadinti elektroninius komponentus.)<\/p>","protected":false},"excerpt":{"rendered":"<p>Dimensions: \u00d8 40 cm x H 38 cm Color: Yellow Create a magical atmosphere with the help of Lumiz solar lanterns. The perfect way to create a magical atmosphere in any garden, backyard, or veranda. They come in various delightful colours, designs, and patterns. Unleash your creativity \u2013 these lanterns can be combined with one [&#8230;]\n","protected":false},"featured_media":44660,"comment_status":"open","ping_status":"closed","template":"","meta":[],"product_brand":[],"product_cat":[381,171],"product_tag":[],"class_list":{"0":"post-44659","1":"product","2":"type-product","3":"status-publish","4":"has-post-thumbnail","6":"product_cat-lumiz","7":"product_cat-solar-lights","9":"first","10":"instock","11":"sale","12":"shipping-taxable","13":"purchasable","14":"product-type-simple"},"yoast_head":"<!-- This site is optimized with the Yoast SEO plugin v27.3 - https:\/\/yoast.com\/product\/yoast-seo-wordpress\/ -->\n<title>Solar Latern Lumiz Round40 Tigres Yellow - Decolights.eu<\/title>\n<meta name=\"description\" content=\"Buy Solar Latern Lumiz Round40 Tigres Yellow for . Browse our range of . Buy for the best price today and enjoy cozy atmosphere.\" \/>\n<meta name=\"robots\" content=\"index, follow, max-snippet:-1, max-image-preview:large, max-video-preview:-1\" \/>\n<link rel=\"canonical\" href=\"https:\/\/decolights.eu\/lt\/produktas-2\/solar-latern-lumiz-round40-tigres-yellow\/\" \/>\n<meta property=\"og:locale\" content=\"lt_LT\" \/>\n<meta property=\"og:type\" content=\"article\" \/>\n<meta property=\"og:title\" content=\"Solar Latern Lumiz Round40 Tigres Yellow - Decolights.eu\" \/>\n<meta property=\"og:description\" content=\"Buy Solar Latern Lumiz Round40 Tigres Yellow for . Browse our range of . Buy for the best price today and enjoy cozy atmosphere.\" \/>\n<meta property=\"og:url\" content=\"https:\/\/decolights.eu\/lt\/produktas-2\/solar-latern-lumiz-round40-tigres-yellow\/\" \/>\n<meta property=\"og:site_name\" content=\"Decolights.eu\" \/>\n<meta property=\"article:modified_time\" content=\"2023-08-11T15:30:22+00:00\" \/>\n<meta property=\"og:image\" content=\"https:\/\/decolights.eu\/wp-content\/uploads\/2023\/08\/Round-40-Tigres-Yellow.jpg\" \/>\n\t<meta property=\"og:image:width\" content=\"1700\" \/>\n\t<meta property=\"og:image:height\" content=\"1700\" \/>\n\t<meta property=\"og:image:type\" content=\"image\/jpeg\" \/>\n<meta name=\"twitter:card\" content=\"summary_large_image\" \/>\n<meta name=\"twitter:label1\" content=\"Est. reading time\" \/>\n\t<meta name=\"twitter:data1\" content=\"2 minut\u0117s\" \/>\n<script type=\"application\/ld+json\" class=\"yoast-schema-graph\">{\"@context\":\"https:\\\/\\\/schema.org\",\"@graph\":[{\"@type\":\"WebPage\",\"@id\":\"https:\\\/\\\/decolights.eu\\\/product\\\/solar-latern-lumiz-round40-tigres-yellow\\\/\",\"url\":\"https:\\\/\\\/decolights.eu\\\/product\\\/solar-latern-lumiz-round40-tigres-yellow\\\/\",\"name\":\"Solar Latern Lumiz Round40 Tigres Yellow - Decolights.eu\",\"isPartOf\":{\"@id\":\"https:\\\/\\\/decolights.eu\\\/#website\"},\"primaryImageOfPage\":{\"@id\":\"https:\\\/\\\/decolights.eu\\\/product\\\/solar-latern-lumiz-round40-tigres-yellow\\\/#primaryimage\"},\"image\":{\"@id\":\"https:\\\/\\\/decolights.eu\\\/product\\\/solar-latern-lumiz-round40-tigres-yellow\\\/#primaryimage\"},\"thumbnailUrl\":\"https:\\\/\\\/decolights.eu\\\/wp-content\\\/uploads\\\/2023\\\/08\\\/Round-40-Tigres-Yellow.jpg\",\"datePublished\":\"2023-07-29T15:34:21+00:00\",\"dateModified\":\"2023-08-11T15:30:22+00:00\",\"description\":\"Buy Solar Latern Lumiz Round40 Tigres Yellow for . Browse our range of . Buy for the best price today and enjoy cozy atmosphere.\",\"breadcrumb\":{\"@id\":\"https:\\\/\\\/decolights.eu\\\/product\\\/solar-latern-lumiz-round40-tigres-yellow\\\/#breadcrumb\"},\"inLanguage\":\"lt-LT\",\"potentialAction\":[{\"@type\":\"ReadAction\",\"target\":[\"https:\\\/\\\/decolights.eu\\\/product\\\/solar-latern-lumiz-round40-tigres-yellow\\\/\"]}]},{\"@type\":\"ImageObject\",\"inLanguage\":\"lt-LT\",\"@id\":\"https:\\\/\\\/decolights.eu\\\/product\\\/solar-latern-lumiz-round40-tigres-yellow\\\/#primaryimage\",\"url\":\"https:\\\/\\\/decolights.eu\\\/wp-content\\\/uploads\\\/2023\\\/08\\\/Round-40-Tigres-Yellow.jpg\",\"contentUrl\":\"https:\\\/\\\/decolights.eu\\\/wp-content\\\/uploads\\\/2023\\\/08\\\/Round-40-Tigres-Yellow.jpg\",\"width\":1700,\"height\":1700},{\"@type\":\"BreadcrumbList\",\"@id\":\"https:\\\/\\\/decolights.eu\\\/product\\\/solar-latern-lumiz-round40-tigres-yellow\\\/#breadcrumb\",\"itemListElement\":[{\"@type\":\"ListItem\",\"position\":1,\"name\":\"Shop\",\"item\":\"https:\\\/\\\/decolights.eu\\\/shop\\\/\"},{\"@type\":\"ListItem\",\"position\":2,\"name\":\"Solar Latern Lumiz Round40 Tigres Yellow\"}]},{\"@type\":\"WebSite\",\"@id\":\"https:\\\/\\\/decolights.eu\\\/#website\",\"url\":\"https:\\\/\\\/decolights.eu\\\/\",\"name\":\"decolights\",\"description\":\"Led Decorations for Home and Garden\",\"publisher\":{\"@id\":\"https:\\\/\\\/decolights.eu\\\/#organization\"},\"alternateName\":\"decolights.eu\",\"potentialAction\":[{\"@type\":\"SearchAction\",\"target\":{\"@type\":\"EntryPoint\",\"urlTemplate\":\"https:\\\/\\\/decolights.eu\\\/?s={search_term_string}\"},\"query-input\":{\"@type\":\"PropertyValueSpecification\",\"valueRequired\":true,\"valueName\":\"search_term_string\"}}],\"inLanguage\":\"lt-LT\"},{\"@type\":\"Organization\",\"@id\":\"https:\\\/\\\/decolights.eu\\\/#organization\",\"name\":\"decolights\",\"url\":\"https:\\\/\\\/decolights.eu\\\/\",\"logo\":{\"@type\":\"ImageObject\",\"inLanguage\":\"lt-LT\",\"@id\":\"https:\\\/\\\/decolights.eu\\\/#\\\/schema\\\/logo\\\/image\\\/\",\"url\":\"https:\\\/\\\/decolights.eu\\\/wp-content\\\/uploads\\\/2023\\\/07\\\/cropped-decolight-siteicon.png\",\"contentUrl\":\"https:\\\/\\\/decolights.eu\\\/wp-content\\\/uploads\\\/2023\\\/07\\\/cropped-decolight-siteicon.png\",\"width\":512,\"height\":512,\"caption\":\"decolights\"},\"image\":{\"@id\":\"https:\\\/\\\/decolights.eu\\\/#\\\/schema\\\/logo\\\/image\\\/\"}}]}<\/script>\n<!-- \/ Yoast SEO plugin. -->","yoast_head_json":{"title":"Solar Latern Lumiz Round40 Tigres Yellow - Decolights.eu","description":"Pirkite Solar Latern Lumiz Round40 Tigres Yellow u\u017e . Nar\u0161ykite m\u016bs\u0173 asortiment\u0105. Pirkite u\u017e geriausi\u0105 kain\u0105 \u0161iandien ir m\u0117gaukit\u0117s jaukia atmosfera.","robots":{"index":"index","follow":"follow","max-snippet":"max-snippet:-1","max-image-preview":"max-image-preview:large","max-video-preview":"max-video-preview:-1"},"canonical":"https:\/\/decolights.eu\/lt\/produktas-2\/solar-latern-lumiz-round40-tigres-yellow\/","og_locale":"lt_LT","og_type":"article","og_title":"Solar Latern Lumiz Round40 Tigres Yellow - Decolights.eu","og_description":"Buy Solar Latern Lumiz Round40 Tigres Yellow for . Browse our range of . Buy for the best price today and enjoy cozy atmosphere.","og_url":"https:\/\/decolights.eu\/lt\/produktas-2\/solar-latern-lumiz-round40-tigres-yellow\/","og_site_name":"Decolights.eu","article_modified_time":"2023-08-11T15:30:22+00:00","og_image":[{"width":1700,"height":1700,"url":"https:\/\/decolights.eu\/wp-content\/uploads\/2023\/08\/Round-40-Tigres-Yellow.jpg","type":"image\/jpeg"}],"twitter_card":"summary_large_image","twitter_misc":{"Est. reading time":"2 minut\u0117s"},"schema":{"@context":"https:\/\/schema.org","@graph":[{"@type":"WebPage","@id":"https:\/\/decolights.eu\/product\/solar-latern-lumiz-round40-tigres-yellow\/","url":"https:\/\/decolights.eu\/product\/solar-latern-lumiz-round40-tigres-yellow\/","name":"Solar Latern Lumiz Round40 Tigres Yellow - Decolights.eu","isPartOf":{"@id":"https:\/\/decolights.eu\/#website"},"primaryImageOfPage":{"@id":"https:\/\/decolights.eu\/product\/solar-latern-lumiz-round40-tigres-yellow\/#primaryimage"},"image":{"@id":"https:\/\/decolights.eu\/product\/solar-latern-lumiz-round40-tigres-yellow\/#primaryimage"},"thumbnailUrl":"https:\/\/decolights.eu\/wp-content\/uploads\/2023\/08\/Round-40-Tigres-Yellow.jpg","datePublished":"2023-07-29T15:34:21+00:00","dateModified":"2023-08-11T15:30:22+00:00","description":"Pirkite Solar Latern Lumiz Round40 Tigres Yellow u\u017e . Nar\u0161ykite m\u016bs\u0173 asortiment\u0105. Pirkite u\u017e geriausi\u0105 kain\u0105 \u0161iandien ir m\u0117gaukit\u0117s jaukia atmosfera.","breadcrumb":{"@id":"https:\/\/decolights.eu\/product\/solar-latern-lumiz-round40-tigres-yellow\/#breadcrumb"},"inLanguage":"lt-LT","potentialAction":[{"@type":"ReadAction","target":["https:\/\/decolights.eu\/product\/solar-latern-lumiz-round40-tigres-yellow\/"]}]},{"@type":"ImageObject","inLanguage":"lt-LT","@id":"https:\/\/decolights.eu\/product\/solar-latern-lumiz-round40-tigres-yellow\/#primaryimage","url":"https:\/\/decolights.eu\/wp-content\/uploads\/2023\/08\/Round-40-Tigres-Yellow.jpg","contentUrl":"https:\/\/decolights.eu\/wp-content\/uploads\/2023\/08\/Round-40-Tigres-Yellow.jpg","width":1700,"height":1700},{"@type":"BreadcrumbList","@id":"https:\/\/decolights.eu\/product\/solar-latern-lumiz-round40-tigres-yellow\/#breadcrumb","itemListElement":[{"@type":"ListItem","position":1,"name":"Shop","item":"https:\/\/decolights.eu\/shop\/"},{"@type":"ListItem","position":2,"name":"Solar Latern Lumiz Round40 Tigres Yellow"}]},{"@type":"WebSite","@id":"https:\/\/decolights.eu\/#website","url":"https:\/\/decolights.eu\/","name":"papuo\u0161imai","description":"Led dekoracijos namams ir sodui","publisher":{"@id":"https:\/\/decolights.eu\/#organization"},"alternateName":"decolights.eu","potentialAction":[{"@type":"SearchAction","target":{"@type":"EntryPoint","urlTemplate":"https:\/\/decolights.eu\/?s={search_term_string}"},"query-input":{"@type":"PropertyValueSpecification","valueRequired":true,"valueName":"search_term_string"}}],"inLanguage":"lt-LT"},{"@type":"Organization","@id":"https:\/\/decolights.eu\/#organization","name":"papuo\u0161imai","url":"https:\/\/decolights.eu\/","logo":{"@type":"ImageObject","inLanguage":"lt-LT","@id":"https:\/\/decolights.eu\/#\/schema\/logo\/image\/","url":"https:\/\/decolights.eu\/wp-content\/uploads\/2023\/07\/cropped-decolight-siteicon.png","contentUrl":"https:\/\/decolights.eu\/wp-content\/uploads\/2023\/07\/cropped-decolight-siteicon.png","width":512,"height":512,"caption":"decolights"},"image":{"@id":"https:\/\/decolights.eu\/#\/schema\/logo\/image\/"}}]}},"jetpack_sharing_enabled":true,"_links":{"self":[{"href":"https:\/\/decolights.eu\/lt\/wp-json\/wp\/v2\/product\/44659","targetHints":{"allow":["GET"]}}],"collection":[{"href":"https:\/\/decolights.eu\/lt\/wp-json\/wp\/v2\/product"}],"about":[{"href":"https:\/\/decolights.eu\/lt\/wp-json\/wp\/v2\/types\/product"}],"replies":[{"embeddable":true,"href":"https:\/\/decolights.eu\/lt\/wp-json\/wp\/v2\/comments?post=44659"}],"wp:featuredmedia":[{"embeddable":true,"href":"https:\/\/decolights.eu\/lt\/wp-json\/wp\/v2\/media\/44660"}],"wp:attachment":[{"href":"https:\/\/decolights.eu\/lt\/wp-json\/wp\/v2\/media?parent=44659"}],"wp:term":[{"taxonomy":"product_brand","embeddable":true,"href":"https:\/\/decolights.eu\/lt\/wp-json\/wp\/v2\/product_brand?post=44659"},{"taxonomy":"product_cat","embeddable":true,"href":"https:\/\/decolights.eu\/lt\/wp-json\/wp\/v2\/product_cat?post=44659"},{"taxonomy":"product_tag","embeddable":true,"href":"https:\/\/decolights.eu\/lt\/wp-json\/wp\/v2\/product_tag?post=44659"}],"curies":[{"name":"wp","href":"https:\/\/api.w.org\/{rel}","templated":true}]}}