{"id":4612,"date":"2023-04-01T04:21:46","date_gmt":"2023-04-01T04:21:46","guid":{"rendered":"https:\/\/decolights.eu\/?post_type=product&#038;p=4612"},"modified":"2023-04-29T08:39:14","modified_gmt":"2023-04-29T08:39:14","slug":"2-in-1-rechargeable-mosquito-repellent-lamp-and-insect-killing-racquet","status":"publish","type":"product","link":"https:\/\/decolights.eu\/lt\/produktas-2\/2-in-1-rechargeable-mosquito-repellent-lamp-and-insect-killing-racquet\/","title":{"rendered":"2 viename \u012fkraunama nuo uod\u0173 atbaidanti lempa ir vabzd\u017eius naikinanti raket\u0117"},"content":{"rendered":"<p>Originali uodus atbaidanti lempa su \u0161viesos jutikliu ir vabzd\u017eius naikinan\u010dia rakete su mygtuku ant rankenos, kad aktyvuot\u0173 tinklel\u012f, visada visi\u0161kai saugiai. Kadangi jis yra \u012fkraunamas ir ne\u0161iojamas, j\u012f patogu naudoti bet kur. UV \u0161viesa automati\u0161kai \u012fsijungs tamsoje ir i\u0161sijungs dienos metu. Jame taip pat yra jungiklis, skirtas UV naktinei \u0161viesai ir tinkleliui \u012fjungti arba i\u0161jungti. Idealiai tinka norint lengvai atsikratyti musi\u0173, uod\u0173 ir kit\u0173 vabzd\u017ei\u0173 ekologi\u0161kesniu b\u016bdu ir nenaudojant chemini\u0173 produkt\u0173. Raket\u0119 ir pagrind\u0105 galima u\u017erakinti kartu ir pakabinti kaip lemp\u0105 ir kaip vaiko saugos priemon\u0119.<\/p>\n<ul>\n<li><strong>Med\u017eiaga:<\/strong> ABS<\/li>\n<li><strong>Spalva:\u00a0<\/strong>baltas<\/li>\n<li><strong>Dydis:<\/strong>17,5 x 29 x 5,5 cm<\/li>\n<li>Inovatyvus ir funkcionalus dizainas<\/li>\n<li><strong>Tipas:<\/strong>\n<ul>\n<li>Elektrinis<\/li>\n<li>\u012ekraunamas<\/li>\n<\/ul>\n<\/li>\n<li><strong>Dviguba funkcija:<\/strong>\n<ul>\n<li>Ap\u0161vietimas<\/li>\n<li>Elektrinis uod\u0173 repelentas<\/li>\n<\/ul>\n<\/li>\n<li><strong>UV lempa:<\/strong>\n<ul>\n<li>\u0160viesos jutiklis<\/li>\n<li>3 x 0,06 W<\/li>\n<li>360-400 nm<\/li>\n<\/ul>\n<\/li>\n<li>Saugos blokas<\/li>\n<li>I\u0161orin\u0117 apsauga nuo sm\u016bgi\u0173<\/li>\n<li>Atsparus vandeniui: IPX4<\/li>\n<li>Naudojimas viduje ir lauke<\/li>\n<li>I\u0161traukiamos rankenos p\u0117dos<\/li>\n<li>Virvel\u0117 pakabinimui<\/li>\n<li>Joki\u0173 kvap\u0173 ar chemikal\u0173<\/li>\n<li>Patogus, paprastas ir saugus naudojimas<\/li>\n<li>Lengva transportuoti ir laikyti<\/li>\n<li><strong>Apima:<\/strong>\n<ul>\n<li>USB laidas prie Micro USB<\/li>\n<li>LED \u012fkrovos indikatorius<\/li>\n<\/ul>\n<\/li>\n<li><strong>Galia:<\/strong> 1000 V<\/li>\n<li><strong>Baterija:<\/strong> 130 mAh \/ 3,7 V<\/li>\n<li><strong>\u012evestis:<\/strong> 40 mA \u2013 5 V<\/li>\n<\/ul>\n<p><iframe loading=\"lazy\" title=\"\u201eInnovaGoods\u201c lempa nuo vabzd\u017ei\u0173\" width=\"1020\" height=\"574\" src=\"https:\/\/www.youtube.com\/embed\/I1wOFoEZyQw?feature=oembed\" frameborder=\"0\" allow=\"accelerometer; autoplay; clipboard-write; encrypted-media; gyroscope; picture-in-picture; web-share\" allowfullscreen><\/iframe><\/p>","protected":false},"excerpt":{"rendered":"<p>An original mosquito-repellent lamp with light sensor and an insect-killing racquet with a button on the handle to activate the mesh, always in complete safety. As it is rechargeable and portable, it is convenient for use anywhere. The UV light will automatically switch on in the dark and switch off during the day. It also [&#8230;]\n","protected":false},"featured_media":4645,"comment_status":"open","ping_status":"closed","template":"","meta":[],"product_brand":[],"product_cat":[276,226],"product_tag":[],"class_list":{"0":"post-4612","1":"product","2":"type-product","3":"status-publish","4":"has-post-thumbnail","6":"product_cat-mosquito-lamps-and-net","7":"product_cat-outdoor-lights","8":"pa_brand-deco","10":"first","11":"instock","12":"sale","13":"shipping-taxable","14":"purchasable","15":"product-type-simple"},"yoast_head":"<!-- This site is optimized with the Yoast SEO plugin v27.3 - https:\/\/yoast.com\/product\/yoast-seo-wordpress\/ -->\n<title>2 in 1 rechargeable mosquito repellent lamp and insect-killing racquet - Decolights.eu<\/title>\n<meta name=\"description\" content=\"A mosquito racquet and lamp is a very practical and effective device for removing insects(flies, mosquitoes, bees etc). Buy now to get the best price!\" \/>\n<meta name=\"robots\" content=\"index, follow, max-snippet:-1, max-image-preview:large, max-video-preview:-1\" \/>\n<link rel=\"canonical\" href=\"https:\/\/decolights.eu\/lt\/produktas-2\/2-in-1-rechargeable-mosquito-repellent-lamp-and-insect-killing-racquet\/\" \/>\n<meta property=\"og:locale\" content=\"lt_LT\" \/>\n<meta property=\"og:type\" content=\"article\" \/>\n<meta property=\"og:title\" content=\"2 in 1 rechargeable mosquito repellent lamp and insect-killing racquet - Decolights.eu\" \/>\n<meta property=\"og:description\" content=\"A mosquito racquet and lamp is a very practical and effective device for removing insects(flies, mosquitoes, bees etc). Buy now to get the best price!\" \/>\n<meta property=\"og:url\" content=\"https:\/\/decolights.eu\/lt\/produktas-2\/2-in-1-rechargeable-mosquito-repellent-lamp-and-insect-killing-racquet\/\" \/>\n<meta property=\"og:site_name\" content=\"Decolights.eu\" \/>\n<meta property=\"article:modified_time\" content=\"2023-04-29T08:39:14+00:00\" \/>\n<meta property=\"og:image\" content=\"https:\/\/decolights.eu\/wp-content\/uploads\/2023\/04\/kaks-uhes-taaslaetav-saasetorjelamp-ja-putukate-tapmise-reket-swateck-innovagoods_121597.jpg\" \/>\n\t<meta property=\"og:image:width\" content=\"600\" \/>\n\t<meta property=\"og:image:height\" content=\"600\" \/>\n\t<meta property=\"og:image:type\" content=\"image\/jpeg\" \/>\n<meta name=\"twitter:card\" content=\"summary_large_image\" \/>\n<meta name=\"twitter:label1\" content=\"Est. reading time\" \/>\n\t<meta name=\"twitter:data1\" content=\"1 minut\u0117\" \/>\n<script type=\"application\/ld+json\" class=\"yoast-schema-graph\">{\"@context\":\"https:\\\/\\\/schema.org\",\"@graph\":[{\"@type\":\"WebPage\",\"@id\":\"https:\\\/\\\/decolights.eu\\\/product\\\/2-in-1-rechargeable-mosquito-repellent-lamp-and-insect-killing-racquet\\\/\",\"url\":\"https:\\\/\\\/decolights.eu\\\/product\\\/2-in-1-rechargeable-mosquito-repellent-lamp-and-insect-killing-racquet\\\/\",\"name\":\"2 in 1 rechargeable mosquito repellent lamp and insect-killing racquet - Decolights.eu\",\"isPartOf\":{\"@id\":\"https:\\\/\\\/decolights.eu\\\/#website\"},\"primaryImageOfPage\":{\"@id\":\"https:\\\/\\\/decolights.eu\\\/product\\\/2-in-1-rechargeable-mosquito-repellent-lamp-and-insect-killing-racquet\\\/#primaryimage\"},\"image\":{\"@id\":\"https:\\\/\\\/decolights.eu\\\/product\\\/2-in-1-rechargeable-mosquito-repellent-lamp-and-insect-killing-racquet\\\/#primaryimage\"},\"thumbnailUrl\":\"https:\\\/\\\/decolights.eu\\\/wp-content\\\/uploads\\\/2023\\\/04\\\/kaks-uhes-taaslaetav-saasetorjelamp-ja-putukate-tapmise-reket-swateck-innovagoods_121597.jpg\",\"datePublished\":\"2023-04-01T04:21:46+00:00\",\"dateModified\":\"2023-04-29T08:39:14+00:00\",\"description\":\"A mosquito racquet and lamp is a very practical and effective device for removing insects(flies, mosquitoes, bees etc). Buy now to get the best price!\",\"breadcrumb\":{\"@id\":\"https:\\\/\\\/decolights.eu\\\/product\\\/2-in-1-rechargeable-mosquito-repellent-lamp-and-insect-killing-racquet\\\/#breadcrumb\"},\"inLanguage\":\"lt-LT\",\"potentialAction\":[{\"@type\":\"ReadAction\",\"target\":[\"https:\\\/\\\/decolights.eu\\\/product\\\/2-in-1-rechargeable-mosquito-repellent-lamp-and-insect-killing-racquet\\\/\"]}]},{\"@type\":\"ImageObject\",\"inLanguage\":\"lt-LT\",\"@id\":\"https:\\\/\\\/decolights.eu\\\/product\\\/2-in-1-rechargeable-mosquito-repellent-lamp-and-insect-killing-racquet\\\/#primaryimage\",\"url\":\"https:\\\/\\\/decolights.eu\\\/wp-content\\\/uploads\\\/2023\\\/04\\\/kaks-uhes-taaslaetav-saasetorjelamp-ja-putukate-tapmise-reket-swateck-innovagoods_121597.jpg\",\"contentUrl\":\"https:\\\/\\\/decolights.eu\\\/wp-content\\\/uploads\\\/2023\\\/04\\\/kaks-uhes-taaslaetav-saasetorjelamp-ja-putukate-tapmise-reket-swateck-innovagoods_121597.jpg\",\"width\":600,\"height\":600},{\"@type\":\"BreadcrumbList\",\"@id\":\"https:\\\/\\\/decolights.eu\\\/product\\\/2-in-1-rechargeable-mosquito-repellent-lamp-and-insect-killing-racquet\\\/#breadcrumb\",\"itemListElement\":[{\"@type\":\"ListItem\",\"position\":1,\"name\":\"Shop\",\"item\":\"https:\\\/\\\/decolights.eu\\\/shop\\\/\"},{\"@type\":\"ListItem\",\"position\":2,\"name\":\"2 in 1 rechargeable mosquito repellent lamp and insect-killing racquet\"}]},{\"@type\":\"WebSite\",\"@id\":\"https:\\\/\\\/decolights.eu\\\/#website\",\"url\":\"https:\\\/\\\/decolights.eu\\\/\",\"name\":\"decolights\",\"description\":\"Led Decorations for Home and Garden\",\"publisher\":{\"@id\":\"https:\\\/\\\/decolights.eu\\\/#organization\"},\"alternateName\":\"decolights.eu\",\"potentialAction\":[{\"@type\":\"SearchAction\",\"target\":{\"@type\":\"EntryPoint\",\"urlTemplate\":\"https:\\\/\\\/decolights.eu\\\/?s={search_term_string}\"},\"query-input\":{\"@type\":\"PropertyValueSpecification\",\"valueRequired\":true,\"valueName\":\"search_term_string\"}}],\"inLanguage\":\"lt-LT\"},{\"@type\":\"Organization\",\"@id\":\"https:\\\/\\\/decolights.eu\\\/#organization\",\"name\":\"decolights\",\"url\":\"https:\\\/\\\/decolights.eu\\\/\",\"logo\":{\"@type\":\"ImageObject\",\"inLanguage\":\"lt-LT\",\"@id\":\"https:\\\/\\\/decolights.eu\\\/#\\\/schema\\\/logo\\\/image\\\/\",\"url\":\"https:\\\/\\\/decolights.eu\\\/wp-content\\\/uploads\\\/2023\\\/07\\\/cropped-decolight-siteicon.png\",\"contentUrl\":\"https:\\\/\\\/decolights.eu\\\/wp-content\\\/uploads\\\/2023\\\/07\\\/cropped-decolight-siteicon.png\",\"width\":512,\"height\":512,\"caption\":\"decolights\"},\"image\":{\"@id\":\"https:\\\/\\\/decolights.eu\\\/#\\\/schema\\\/logo\\\/image\\\/\"}}]}<\/script>\n<!-- \/ Yoast SEO plugin. -->","yoast_head_json":{"title":"2 viename \u012fkraunama nuo uod\u0173 atbaidanti lempa ir vabzd\u017eius naikinanti raket\u0117 - Decolights.eu","description":"Raket\u0117 ir lempa nuo uod\u0173 yra labai prakti\u0161kas ir efektyvus vabzd\u017ei\u0173 (musi\u0173, uod\u0173, bi\u010di\u0173 ir kt.) \u0161alinimo prietaisas. Pirkite dabar ir gaukite geriausi\u0105 kain\u0105!","robots":{"index":"index","follow":"follow","max-snippet":"max-snippet:-1","max-image-preview":"max-image-preview:large","max-video-preview":"max-video-preview:-1"},"canonical":"https:\/\/decolights.eu\/lt\/produktas-2\/2-in-1-rechargeable-mosquito-repellent-lamp-and-insect-killing-racquet\/","og_locale":"lt_LT","og_type":"article","og_title":"2 in 1 rechargeable mosquito repellent lamp and insect-killing racquet - Decolights.eu","og_description":"A mosquito racquet and lamp is a very practical and effective device for removing insects(flies, mosquitoes, bees etc). Buy now to get the best price!","og_url":"https:\/\/decolights.eu\/lt\/produktas-2\/2-in-1-rechargeable-mosquito-repellent-lamp-and-insect-killing-racquet\/","og_site_name":"Decolights.eu","article_modified_time":"2023-04-29T08:39:14+00:00","og_image":[{"width":600,"height":600,"url":"https:\/\/decolights.eu\/wp-content\/uploads\/2023\/04\/kaks-uhes-taaslaetav-saasetorjelamp-ja-putukate-tapmise-reket-swateck-innovagoods_121597.jpg","type":"image\/jpeg"}],"twitter_card":"summary_large_image","twitter_misc":{"Est. reading time":"1 minut\u0117"},"schema":{"@context":"https:\/\/schema.org","@graph":[{"@type":"WebPage","@id":"https:\/\/decolights.eu\/product\/2-in-1-rechargeable-mosquito-repellent-lamp-and-insect-killing-racquet\/","url":"https:\/\/decolights.eu\/product\/2-in-1-rechargeable-mosquito-repellent-lamp-and-insect-killing-racquet\/","name":"2 viename \u012fkraunama nuo uod\u0173 atbaidanti lempa ir vabzd\u017eius naikinanti raket\u0117 - Decolights.eu","isPartOf":{"@id":"https:\/\/decolights.eu\/#website"},"primaryImageOfPage":{"@id":"https:\/\/decolights.eu\/product\/2-in-1-rechargeable-mosquito-repellent-lamp-and-insect-killing-racquet\/#primaryimage"},"image":{"@id":"https:\/\/decolights.eu\/product\/2-in-1-rechargeable-mosquito-repellent-lamp-and-insect-killing-racquet\/#primaryimage"},"thumbnailUrl":"https:\/\/decolights.eu\/wp-content\/uploads\/2023\/04\/kaks-uhes-taaslaetav-saasetorjelamp-ja-putukate-tapmise-reket-swateck-innovagoods_121597.jpg","datePublished":"2023-04-01T04:21:46+00:00","dateModified":"2023-04-29T08:39:14+00:00","description":"Raket\u0117 ir lempa nuo uod\u0173 yra labai prakti\u0161kas ir efektyvus vabzd\u017ei\u0173 (musi\u0173, uod\u0173, bi\u010di\u0173 ir kt.) \u0161alinimo prietaisas. Pirkite dabar ir gaukite geriausi\u0105 kain\u0105!","breadcrumb":{"@id":"https:\/\/decolights.eu\/product\/2-in-1-rechargeable-mosquito-repellent-lamp-and-insect-killing-racquet\/#breadcrumb"},"inLanguage":"lt-LT","potentialAction":[{"@type":"ReadAction","target":["https:\/\/decolights.eu\/product\/2-in-1-rechargeable-mosquito-repellent-lamp-and-insect-killing-racquet\/"]}]},{"@type":"ImageObject","inLanguage":"lt-LT","@id":"https:\/\/decolights.eu\/product\/2-in-1-rechargeable-mosquito-repellent-lamp-and-insect-killing-racquet\/#primaryimage","url":"https:\/\/decolights.eu\/wp-content\/uploads\/2023\/04\/kaks-uhes-taaslaetav-saasetorjelamp-ja-putukate-tapmise-reket-swateck-innovagoods_121597.jpg","contentUrl":"https:\/\/decolights.eu\/wp-content\/uploads\/2023\/04\/kaks-uhes-taaslaetav-saasetorjelamp-ja-putukate-tapmise-reket-swateck-innovagoods_121597.jpg","width":600,"height":600},{"@type":"BreadcrumbList","@id":"https:\/\/decolights.eu\/product\/2-in-1-rechargeable-mosquito-repellent-lamp-and-insect-killing-racquet\/#breadcrumb","itemListElement":[{"@type":"ListItem","position":1,"name":"Shop","item":"https:\/\/decolights.eu\/shop\/"},{"@type":"ListItem","position":2,"name":"2 in 1 rechargeable mosquito repellent lamp and insect-killing racquet"}]},{"@type":"WebSite","@id":"https:\/\/decolights.eu\/#website","url":"https:\/\/decolights.eu\/","name":"papuo\u0161imai","description":"Led dekoracijos namams ir sodui","publisher":{"@id":"https:\/\/decolights.eu\/#organization"},"alternateName":"decolights.eu","potentialAction":[{"@type":"SearchAction","target":{"@type":"EntryPoint","urlTemplate":"https:\/\/decolights.eu\/?s={search_term_string}"},"query-input":{"@type":"PropertyValueSpecification","valueRequired":true,"valueName":"search_term_string"}}],"inLanguage":"lt-LT"},{"@type":"Organization","@id":"https:\/\/decolights.eu\/#organization","name":"papuo\u0161imai","url":"https:\/\/decolights.eu\/","logo":{"@type":"ImageObject","inLanguage":"lt-LT","@id":"https:\/\/decolights.eu\/#\/schema\/logo\/image\/","url":"https:\/\/decolights.eu\/wp-content\/uploads\/2023\/07\/cropped-decolight-siteicon.png","contentUrl":"https:\/\/decolights.eu\/wp-content\/uploads\/2023\/07\/cropped-decolight-siteicon.png","width":512,"height":512,"caption":"decolights"},"image":{"@id":"https:\/\/decolights.eu\/#\/schema\/logo\/image\/"}}]}},"jetpack_sharing_enabled":true,"_links":{"self":[{"href":"https:\/\/decolights.eu\/lt\/wp-json\/wp\/v2\/product\/4612","targetHints":{"allow":["GET"]}}],"collection":[{"href":"https:\/\/decolights.eu\/lt\/wp-json\/wp\/v2\/product"}],"about":[{"href":"https:\/\/decolights.eu\/lt\/wp-json\/wp\/v2\/types\/product"}],"replies":[{"embeddable":true,"href":"https:\/\/decolights.eu\/lt\/wp-json\/wp\/v2\/comments?post=4612"}],"wp:featuredmedia":[{"embeddable":true,"href":"https:\/\/decolights.eu\/lt\/wp-json\/wp\/v2\/media\/4645"}],"wp:attachment":[{"href":"https:\/\/decolights.eu\/lt\/wp-json\/wp\/v2\/media?parent=4612"}],"wp:term":[{"taxonomy":"product_brand","embeddable":true,"href":"https:\/\/decolights.eu\/lt\/wp-json\/wp\/v2\/product_brand?post=4612"},{"taxonomy":"product_cat","embeddable":true,"href":"https:\/\/decolights.eu\/lt\/wp-json\/wp\/v2\/product_cat?post=4612"},{"taxonomy":"product_tag","embeddable":true,"href":"https:\/\/decolights.eu\/lt\/wp-json\/wp\/v2\/product_tag?post=4612"}],"curies":[{"name":"wp","href":"https:\/\/api.w.org\/{rel}","templated":true}]}}