{"id":4613,"date":"2023-04-01T04:21:46","date_gmt":"2023-04-01T04:21:46","guid":{"rendered":"https:\/\/decolights.eu\/?post_type=product&#038;p=4613"},"modified":"2023-04-29T08:31:59","modified_gmt":"2023-04-29T08:31:59","slug":"mosquito-lamp","status":"publish","type":"product","link":"https:\/\/decolights.eu\/lt\/produktas-2\/mosquito-lamp\/","title":{"rendered":"Lempa nuo uod\u0173"},"content":{"rendered":"<p>Originalus daugiafunkcis lubinis \u0161viestuvas nuo uod\u0173. Labai efektyviai pa\u0161alina varginan\u010dius vabzd\u017eius, be kvap\u0173 ar aplinkai kenkian\u010di\u0173 chemini\u0173 produkt\u0173. Jo patraukli \u0161viesa ir elektrifikuotas tinklas, be uod\u0173, gaudo ir naikina kitus skraidan\u010dius vabzd\u017eius. \u0160i\u0105 universali\u0105 lemp\u0105 galima montuoti dviem skirtingais b\u016bdais, priklausomai nuo j\u016bs\u0173 pageidavim\u0173: lub\u0173 tipo arba kaip sriegin\u012f pakabinam\u0105 lempos lizd\u0105 (E27 pagrindas). Apima dviej\u0173 tip\u0173 atramas, tvirtinimo priedus (kabel\u012f, var\u017etus, ki\u0161tukus) ir valymo \u0161epet\u0117l\u012f. Daugiausia naudojimui lauke (sodas, terasa, terasa ir kt.), bet gali b\u016bti naudojamas ir patalpose (gara\u017eas, sand\u0117lis, r\u016bsys ir kt.).<\/p>\n<ul>\n<li><strong>Med\u017eiaga:<\/strong> ABS, PC, metalas<\/li>\n<li><strong>Spalva:\u00a0<\/strong>baltas<\/li>\n<li><strong>LED spalva:\u00a0<\/strong>\u0161iltai balta<\/li>\n<li><strong>Dydis: <\/strong>26x6 cm<\/li>\n<li><strong>UV \u0161viesa:<\/strong>\n<ul>\n<li>Balta: 365 nm<\/li>\n<li>Violetin\u0117: 395 nm<\/li>\n<\/ul>\n<\/li>\n<li><strong>Lemput\u0117:\u00a0<\/strong>E27<\/li>\n<li>Tinka naudoti viduje ir lauke<\/li>\n<li>Inovatyvus, tylus ir daugiafunkcinis<\/li>\n<li>Galima naudoti \u012fvairiose pozicijose<\/li>\n<li>Be kvapo ir chemini\u0173 med\u017eiag\u0173<\/li>\n<li>3 ap\u0161vietimo re\u017eimai<\/li>\n<li>Lengva montuoti ir pri\u017ei\u016br\u0117ti<\/li>\n<li>Originalus ir universalus dizainas<\/li>\n<li>25W \/ 3000K \/ 800lm<\/li>\n<li>AC 110-240 V \/ 50-60 Hz<\/li>\n<\/ul>\n<p><iframe loading=\"lazy\" title=\"InnovaGoods lub\u0173 \u0161viestuvas nuo uod\u0173\" width=\"1020\" height=\"574\" src=\"https:\/\/www.youtube.com\/embed\/Gm6phGavKT8?start=37&#038;feature=oembed\" frameborder=\"0\" allow=\"accelerometer; autoplay; clipboard-write; encrypted-media; gyroscope; picture-in-picture; web-share\" allowfullscreen><\/iframe><\/p>","protected":false},"excerpt":{"rendered":"<p>Original multifunctional anti-mosquito ceiling lamp. It is very effective in removing troublesome insects, without odors or chemical products that harm the environment. Besides mosquitoes, its attractive light and electrified net also catch and destroy other flying insects. This versatile lamp can be installed in two different ways, depending on your preference: ceiling type or as [&#8230;]\n","protected":false},"featured_media":4672,"comment_status":"open","ping_status":"closed","template":"","meta":[],"product_brand":[],"product_cat":[276,226],"product_tag":[],"class_list":{"0":"post-4613","1":"product","2":"type-product","3":"status-publish","4":"has-post-thumbnail","6":"product_cat-mosquito-lamps-and-net","7":"product_cat-outdoor-lights","8":"pa_brand-deco","10":"first","11":"instock","12":"sale","13":"shipping-taxable","14":"purchasable","15":"product-type-simple"},"yoast_head":"<!-- This site is optimized with the Yoast SEO plugin v27.3 - https:\/\/yoast.com\/product\/yoast-seo-wordpress\/ -->\n<title>Mosquito lamp - Best price guarantee - Decolights.eu<\/title>\n<meta name=\"description\" content=\"A mosquito lamp is a very practical and effective device for removing troublesome insects(flies, mosquitoes, bees, etc.). Buy now to get the best price!\" \/>\n<meta name=\"robots\" content=\"index, follow, max-snippet:-1, max-image-preview:large, max-video-preview:-1\" \/>\n<link rel=\"canonical\" href=\"https:\/\/decolights.eu\/lt\/produktas-2\/mosquito-lamp\/\" \/>\n<meta property=\"og:locale\" content=\"lt_LT\" \/>\n<meta property=\"og:type\" content=\"article\" \/>\n<meta property=\"og:title\" content=\"Mosquito lamp - Best price guarantee - Decolights.eu\" \/>\n<meta property=\"og:description\" content=\"A mosquito lamp is a very practical and effective device for removing troublesome insects(flies, mosquitoes, bees, etc.). Buy now to get the best price!\" \/>\n<meta property=\"og:url\" content=\"https:\/\/decolights.eu\/lt\/produktas-2\/mosquito-lamp\/\" \/>\n<meta property=\"og:site_name\" content=\"Decolights.eu\" \/>\n<meta property=\"article:modified_time\" content=\"2023-04-29T08:31:59+00:00\" \/>\n<meta property=\"og:image\" content=\"https:\/\/decolights.eu\/wp-content\/uploads\/2023\/04\/saasevastane-laevalgusti-kl-lamp-innovagoods_153546.jpg\" \/>\n\t<meta property=\"og:image:width\" content=\"600\" \/>\n\t<meta property=\"og:image:height\" content=\"600\" \/>\n\t<meta property=\"og:image:type\" content=\"image\/jpeg\" \/>\n<meta name=\"twitter:card\" content=\"summary_large_image\" \/>\n<meta name=\"twitter:label1\" content=\"Est. reading time\" \/>\n\t<meta name=\"twitter:data1\" content=\"1 minut\u0117\" \/>\n<script type=\"application\/ld+json\" class=\"yoast-schema-graph\">{\"@context\":\"https:\\\/\\\/schema.org\",\"@graph\":[{\"@type\":\"WebPage\",\"@id\":\"https:\\\/\\\/decolights.eu\\\/product\\\/mosquito-lamp\\\/\",\"url\":\"https:\\\/\\\/decolights.eu\\\/product\\\/mosquito-lamp\\\/\",\"name\":\"Mosquito lamp - Best price guarantee - Decolights.eu\",\"isPartOf\":{\"@id\":\"https:\\\/\\\/decolights.eu\\\/#website\"},\"primaryImageOfPage\":{\"@id\":\"https:\\\/\\\/decolights.eu\\\/product\\\/mosquito-lamp\\\/#primaryimage\"},\"image\":{\"@id\":\"https:\\\/\\\/decolights.eu\\\/product\\\/mosquito-lamp\\\/#primaryimage\"},\"thumbnailUrl\":\"https:\\\/\\\/decolights.eu\\\/wp-content\\\/uploads\\\/2023\\\/04\\\/saasevastane-laevalgusti-kl-lamp-innovagoods_153546.jpg\",\"datePublished\":\"2023-04-01T04:21:46+00:00\",\"dateModified\":\"2023-04-29T08:31:59+00:00\",\"description\":\"A mosquito lamp is a very practical and effective device for removing troublesome insects(flies, mosquitoes, bees, etc.). Buy now to get the best price!\",\"breadcrumb\":{\"@id\":\"https:\\\/\\\/decolights.eu\\\/product\\\/mosquito-lamp\\\/#breadcrumb\"},\"inLanguage\":\"lt-LT\",\"potentialAction\":[{\"@type\":\"ReadAction\",\"target\":[\"https:\\\/\\\/decolights.eu\\\/product\\\/mosquito-lamp\\\/\"]}]},{\"@type\":\"ImageObject\",\"inLanguage\":\"lt-LT\",\"@id\":\"https:\\\/\\\/decolights.eu\\\/product\\\/mosquito-lamp\\\/#primaryimage\",\"url\":\"https:\\\/\\\/decolights.eu\\\/wp-content\\\/uploads\\\/2023\\\/04\\\/saasevastane-laevalgusti-kl-lamp-innovagoods_153546.jpg\",\"contentUrl\":\"https:\\\/\\\/decolights.eu\\\/wp-content\\\/uploads\\\/2023\\\/04\\\/saasevastane-laevalgusti-kl-lamp-innovagoods_153546.jpg\",\"width\":600,\"height\":600},{\"@type\":\"BreadcrumbList\",\"@id\":\"https:\\\/\\\/decolights.eu\\\/product\\\/mosquito-lamp\\\/#breadcrumb\",\"itemListElement\":[{\"@type\":\"ListItem\",\"position\":1,\"name\":\"Shop\",\"item\":\"https:\\\/\\\/decolights.eu\\\/shop\\\/\"},{\"@type\":\"ListItem\",\"position\":2,\"name\":\"Mosquito lamp\"}]},{\"@type\":\"WebSite\",\"@id\":\"https:\\\/\\\/decolights.eu\\\/#website\",\"url\":\"https:\\\/\\\/decolights.eu\\\/\",\"name\":\"decolights\",\"description\":\"Led Decorations for Home and Garden\",\"publisher\":{\"@id\":\"https:\\\/\\\/decolights.eu\\\/#organization\"},\"alternateName\":\"decolights.eu\",\"potentialAction\":[{\"@type\":\"SearchAction\",\"target\":{\"@type\":\"EntryPoint\",\"urlTemplate\":\"https:\\\/\\\/decolights.eu\\\/?s={search_term_string}\"},\"query-input\":{\"@type\":\"PropertyValueSpecification\",\"valueRequired\":true,\"valueName\":\"search_term_string\"}}],\"inLanguage\":\"lt-LT\"},{\"@type\":\"Organization\",\"@id\":\"https:\\\/\\\/decolights.eu\\\/#organization\",\"name\":\"decolights\",\"url\":\"https:\\\/\\\/decolights.eu\\\/\",\"logo\":{\"@type\":\"ImageObject\",\"inLanguage\":\"lt-LT\",\"@id\":\"https:\\\/\\\/decolights.eu\\\/#\\\/schema\\\/logo\\\/image\\\/\",\"url\":\"https:\\\/\\\/decolights.eu\\\/wp-content\\\/uploads\\\/2023\\\/07\\\/cropped-decolight-siteicon.png\",\"contentUrl\":\"https:\\\/\\\/decolights.eu\\\/wp-content\\\/uploads\\\/2023\\\/07\\\/cropped-decolight-siteicon.png\",\"width\":512,\"height\":512,\"caption\":\"decolights\"},\"image\":{\"@id\":\"https:\\\/\\\/decolights.eu\\\/#\\\/schema\\\/logo\\\/image\\\/\"}}]}<\/script>\n<!-- \/ Yoast SEO plugin. -->","yoast_head_json":{"title":"Lempa nuo uod\u0173 - Geriausios kainos garantija - Decolights.eu","description":"Lempa nuo uod\u0173 yra labai prakti\u0161kas ir efektyvus prietaisas, skirtas pa\u0161alinti varginan\u010dius vabzd\u017eius (muses, uodus, bites ir kt.). Pirkite dabar ir gaukite geriausi\u0105 kain\u0105!","robots":{"index":"index","follow":"follow","max-snippet":"max-snippet:-1","max-image-preview":"max-image-preview:large","max-video-preview":"max-video-preview:-1"},"canonical":"https:\/\/decolights.eu\/lt\/produktas-2\/mosquito-lamp\/","og_locale":"lt_LT","og_type":"article","og_title":"Mosquito lamp - Best price guarantee - Decolights.eu","og_description":"A mosquito lamp is a very practical and effective device for removing troublesome insects(flies, mosquitoes, bees, etc.). Buy now to get the best price!","og_url":"https:\/\/decolights.eu\/lt\/produktas-2\/mosquito-lamp\/","og_site_name":"Decolights.eu","article_modified_time":"2023-04-29T08:31:59+00:00","og_image":[{"width":600,"height":600,"url":"https:\/\/decolights.eu\/wp-content\/uploads\/2023\/04\/saasevastane-laevalgusti-kl-lamp-innovagoods_153546.jpg","type":"image\/jpeg"}],"twitter_card":"summary_large_image","twitter_misc":{"Est. reading time":"1 minut\u0117"},"schema":{"@context":"https:\/\/schema.org","@graph":[{"@type":"WebPage","@id":"https:\/\/decolights.eu\/product\/mosquito-lamp\/","url":"https:\/\/decolights.eu\/product\/mosquito-lamp\/","name":"Lempa nuo uod\u0173 - Geriausios kainos garantija - Decolights.eu","isPartOf":{"@id":"https:\/\/decolights.eu\/#website"},"primaryImageOfPage":{"@id":"https:\/\/decolights.eu\/product\/mosquito-lamp\/#primaryimage"},"image":{"@id":"https:\/\/decolights.eu\/product\/mosquito-lamp\/#primaryimage"},"thumbnailUrl":"https:\/\/decolights.eu\/wp-content\/uploads\/2023\/04\/saasevastane-laevalgusti-kl-lamp-innovagoods_153546.jpg","datePublished":"2023-04-01T04:21:46+00:00","dateModified":"2023-04-29T08:31:59+00:00","description":"Lempa nuo uod\u0173 yra labai prakti\u0161kas ir efektyvus prietaisas, skirtas pa\u0161alinti varginan\u010dius vabzd\u017eius (muses, uodus, bites ir kt.). Pirkite dabar ir gaukite geriausi\u0105 kain\u0105!","breadcrumb":{"@id":"https:\/\/decolights.eu\/product\/mosquito-lamp\/#breadcrumb"},"inLanguage":"lt-LT","potentialAction":[{"@type":"ReadAction","target":["https:\/\/decolights.eu\/product\/mosquito-lamp\/"]}]},{"@type":"ImageObject","inLanguage":"lt-LT","@id":"https:\/\/decolights.eu\/product\/mosquito-lamp\/#primaryimage","url":"https:\/\/decolights.eu\/wp-content\/uploads\/2023\/04\/saasevastane-laevalgusti-kl-lamp-innovagoods_153546.jpg","contentUrl":"https:\/\/decolights.eu\/wp-content\/uploads\/2023\/04\/saasevastane-laevalgusti-kl-lamp-innovagoods_153546.jpg","width":600,"height":600},{"@type":"BreadcrumbList","@id":"https:\/\/decolights.eu\/product\/mosquito-lamp\/#breadcrumb","itemListElement":[{"@type":"ListItem","position":1,"name":"Shop","item":"https:\/\/decolights.eu\/shop\/"},{"@type":"ListItem","position":2,"name":"Mosquito lamp"}]},{"@type":"WebSite","@id":"https:\/\/decolights.eu\/#website","url":"https:\/\/decolights.eu\/","name":"papuo\u0161imai","description":"Led dekoracijos namams ir sodui","publisher":{"@id":"https:\/\/decolights.eu\/#organization"},"alternateName":"decolights.eu","potentialAction":[{"@type":"SearchAction","target":{"@type":"EntryPoint","urlTemplate":"https:\/\/decolights.eu\/?s={search_term_string}"},"query-input":{"@type":"PropertyValueSpecification","valueRequired":true,"valueName":"search_term_string"}}],"inLanguage":"lt-LT"},{"@type":"Organization","@id":"https:\/\/decolights.eu\/#organization","name":"papuo\u0161imai","url":"https:\/\/decolights.eu\/","logo":{"@type":"ImageObject","inLanguage":"lt-LT","@id":"https:\/\/decolights.eu\/#\/schema\/logo\/image\/","url":"https:\/\/decolights.eu\/wp-content\/uploads\/2023\/07\/cropped-decolight-siteicon.png","contentUrl":"https:\/\/decolights.eu\/wp-content\/uploads\/2023\/07\/cropped-decolight-siteicon.png","width":512,"height":512,"caption":"decolights"},"image":{"@id":"https:\/\/decolights.eu\/#\/schema\/logo\/image\/"}}]}},"jetpack_sharing_enabled":true,"_links":{"self":[{"href":"https:\/\/decolights.eu\/lt\/wp-json\/wp\/v2\/product\/4613","targetHints":{"allow":["GET"]}}],"collection":[{"href":"https:\/\/decolights.eu\/lt\/wp-json\/wp\/v2\/product"}],"about":[{"href":"https:\/\/decolights.eu\/lt\/wp-json\/wp\/v2\/types\/product"}],"replies":[{"embeddable":true,"href":"https:\/\/decolights.eu\/lt\/wp-json\/wp\/v2\/comments?post=4613"}],"wp:featuredmedia":[{"embeddable":true,"href":"https:\/\/decolights.eu\/lt\/wp-json\/wp\/v2\/media\/4672"}],"wp:attachment":[{"href":"https:\/\/decolights.eu\/lt\/wp-json\/wp\/v2\/media?parent=4613"}],"wp:term":[{"taxonomy":"product_brand","embeddable":true,"href":"https:\/\/decolights.eu\/lt\/wp-json\/wp\/v2\/product_brand?post=4613"},{"taxonomy":"product_cat","embeddable":true,"href":"https:\/\/decolights.eu\/lt\/wp-json\/wp\/v2\/product_cat?post=4613"},{"taxonomy":"product_tag","embeddable":true,"href":"https:\/\/decolights.eu\/lt\/wp-json\/wp\/v2\/product_tag?post=4613"}],"curies":[{"name":"wp","href":"https:\/\/api.w.org\/{rel}","templated":true}]}}