{"id":4653,"date":"2023-04-01T04:22:12","date_gmt":"2023-04-01T04:22:12","guid":{"rendered":"https:\/\/decolights.eu\/?post_type=product&#038;p=4653"},"modified":"2023-04-29T08:03:43","modified_gmt":"2023-04-29T08:03:43","slug":"fairy-led-string-light-warm-white-10m","status":"publish","type":"product","link":"https:\/\/decolights.eu\/lt\/produktas-2\/fairy-led-string-light-warm-white-10m\/","title":{"rendered":"Fairy LED lemput\u0117 \u0161iltai balta 10M"},"content":{"rendered":"<ul>\n<li><strong>LED spalva:<\/strong> \u0161iltai balta<\/li>\n<li><strong>Mikro \u0161viesos diod\u0173 skai\u010dius:<\/strong> 100 LED<\/li>\n<li><strong>Vielos spalva: <\/strong>sidabras<\/li>\n<li><strong>Visas ilgis (\u012fskaitant maitinimo laid\u0105):<\/strong> 10 mln<\/li>\n<li><b>IP \u012fvertinimas:\u00a0<\/b>IP20<\/li>\n<li><strong>Jungiamas:\u00a0<\/strong>Nr<\/li>\n<li><strong>Maitinimo \u0161altinis:\u00a0<\/strong>3 x AA baterijos (\u012f komplekt\u0105 ne\u012feina)<\/li>\n<li><strong>CE sertifikatas:\u00a0<\/strong>Taip<\/li>\n<li>4,5 V, maks. 50 Hz, 5,10 W<\/li>\n<\/ul>","protected":false},"excerpt":{"rendered":"<p>LED Colour: warm white Number of Micro LEDs: 100LED Wire colour: Silver Total length (including power lead cable): 10M IP Rating:\u00a0IP20 Connectable:\u00a0No Power source:\u00a03 x AA batteries (not included) CE Certificate:\u00a0Yes 4.5V, 50Hz max,\u00a0 5.10W<\/p>","protected":false},"featured_media":4717,"comment_status":"open","ping_status":"closed","template":"","meta":[],"product_brand":[],"product_cat":[217,218,214],"product_tag":[],"class_list":{"0":"post-4653","1":"product","2":"type-product","3":"status-publish","4":"has-post-thumbnail","6":"product_cat-battery-operated-led-lights","7":"product_cat-decorative-led-lights","8":"product_cat-indoor-lights","9":"pa_brand-deco","10":"pa_led-colour-warm-white","12":"first","13":"instock","14":"sale","15":"shipping-taxable","16":"purchasable","17":"product-type-simple"},"yoast_head":"<!-- This site is optimized with the Yoast SEO plugin v27.3 - https:\/\/yoast.com\/product\/yoast-seo-wordpress\/ -->\n<title>Fairy LED string light warm white 10M - Best price - Decolights.eu<\/title>\n<meta name=\"description\" content=\"Fairy lights are miniature, almost hidden, micro led string lights are perfect for decorating plants, Christmas trees and vases. Buy now for the best price!\" \/>\n<meta name=\"robots\" content=\"index, follow, max-snippet:-1, max-image-preview:large, max-video-preview:-1\" \/>\n<link rel=\"canonical\" href=\"https:\/\/decolights.eu\/lt\/produktas-2\/fairy-led-string-light-warm-white-10m\/\" \/>\n<meta property=\"og:locale\" content=\"lt_LT\" \/>\n<meta property=\"og:type\" content=\"article\" \/>\n<meta property=\"og:title\" content=\"Fairy LED string light warm white 10M - Best price - Decolights.eu\" \/>\n<meta property=\"og:description\" content=\"Fairy lights are miniature, almost hidden, micro led string lights are perfect for decorating plants, Christmas trees and vases. Buy now for the best price!\" \/>\n<meta property=\"og:url\" content=\"https:\/\/decolights.eu\/lt\/produktas-2\/fairy-led-string-light-warm-white-10m\/\" \/>\n<meta property=\"og:site_name\" content=\"Decolights.eu\" \/>\n<meta property=\"article:modified_time\" content=\"2023-04-29T08:03:43+00:00\" \/>\n<meta property=\"og:image\" content=\"https:\/\/decolights.eu\/wp-content\/uploads\/2023\/04\/microled-soe-valge.jpeg\" \/>\n\t<meta property=\"og:image:width\" content=\"1200\" \/>\n\t<meta property=\"og:image:height\" content=\"1200\" \/>\n\t<meta property=\"og:image:type\" content=\"image\/jpeg\" \/>\n<meta name=\"twitter:card\" content=\"summary_large_image\" \/>\n<meta name=\"twitter:label1\" content=\"Est. reading time\" \/>\n\t<meta name=\"twitter:data1\" content=\"1 minut\u0117\" \/>\n<script type=\"application\/ld+json\" class=\"yoast-schema-graph\">{\"@context\":\"https:\\\/\\\/schema.org\",\"@graph\":[{\"@type\":\"WebPage\",\"@id\":\"https:\\\/\\\/decolights.eu\\\/product\\\/fairy-led-string-light-warm-white-10m\\\/\",\"url\":\"https:\\\/\\\/decolights.eu\\\/product\\\/fairy-led-string-light-warm-white-10m\\\/\",\"name\":\"Fairy LED string light warm white 10M - Best price - Decolights.eu\",\"isPartOf\":{\"@id\":\"https:\\\/\\\/decolights.eu\\\/#website\"},\"primaryImageOfPage\":{\"@id\":\"https:\\\/\\\/decolights.eu\\\/product\\\/fairy-led-string-light-warm-white-10m\\\/#primaryimage\"},\"image\":{\"@id\":\"https:\\\/\\\/decolights.eu\\\/product\\\/fairy-led-string-light-warm-white-10m\\\/#primaryimage\"},\"thumbnailUrl\":\"https:\\\/\\\/decolights.eu\\\/wp-content\\\/uploads\\\/2023\\\/04\\\/microled-soe-valge.jpeg\",\"datePublished\":\"2023-04-01T04:22:12+00:00\",\"dateModified\":\"2023-04-29T08:03:43+00:00\",\"description\":\"Fairy lights are miniature, almost hidden, micro led string lights are perfect for decorating plants, Christmas trees and vases. Buy now for the best price!\",\"breadcrumb\":{\"@id\":\"https:\\\/\\\/decolights.eu\\\/product\\\/fairy-led-string-light-warm-white-10m\\\/#breadcrumb\"},\"inLanguage\":\"lt-LT\",\"potentialAction\":[{\"@type\":\"ReadAction\",\"target\":[\"https:\\\/\\\/decolights.eu\\\/product\\\/fairy-led-string-light-warm-white-10m\\\/\"]}]},{\"@type\":\"ImageObject\",\"inLanguage\":\"lt-LT\",\"@id\":\"https:\\\/\\\/decolights.eu\\\/product\\\/fairy-led-string-light-warm-white-10m\\\/#primaryimage\",\"url\":\"https:\\\/\\\/decolights.eu\\\/wp-content\\\/uploads\\\/2023\\\/04\\\/microled-soe-valge.jpeg\",\"contentUrl\":\"https:\\\/\\\/decolights.eu\\\/wp-content\\\/uploads\\\/2023\\\/04\\\/microled-soe-valge.jpeg\",\"width\":1200,\"height\":1200},{\"@type\":\"BreadcrumbList\",\"@id\":\"https:\\\/\\\/decolights.eu\\\/product\\\/fairy-led-string-light-warm-white-10m\\\/#breadcrumb\",\"itemListElement\":[{\"@type\":\"ListItem\",\"position\":1,\"name\":\"Shop\",\"item\":\"https:\\\/\\\/decolights.eu\\\/shop\\\/\"},{\"@type\":\"ListItem\",\"position\":2,\"name\":\"Fairy LED string light warm white 10M\"}]},{\"@type\":\"WebSite\",\"@id\":\"https:\\\/\\\/decolights.eu\\\/#website\",\"url\":\"https:\\\/\\\/decolights.eu\\\/\",\"name\":\"decolights\",\"description\":\"Led Decorations for Home and Garden\",\"publisher\":{\"@id\":\"https:\\\/\\\/decolights.eu\\\/#organization\"},\"alternateName\":\"decolights.eu\",\"potentialAction\":[{\"@type\":\"SearchAction\",\"target\":{\"@type\":\"EntryPoint\",\"urlTemplate\":\"https:\\\/\\\/decolights.eu\\\/?s={search_term_string}\"},\"query-input\":{\"@type\":\"PropertyValueSpecification\",\"valueRequired\":true,\"valueName\":\"search_term_string\"}}],\"inLanguage\":\"lt-LT\"},{\"@type\":\"Organization\",\"@id\":\"https:\\\/\\\/decolights.eu\\\/#organization\",\"name\":\"decolights\",\"url\":\"https:\\\/\\\/decolights.eu\\\/\",\"logo\":{\"@type\":\"ImageObject\",\"inLanguage\":\"lt-LT\",\"@id\":\"https:\\\/\\\/decolights.eu\\\/#\\\/schema\\\/logo\\\/image\\\/\",\"url\":\"https:\\\/\\\/decolights.eu\\\/wp-content\\\/uploads\\\/2023\\\/07\\\/cropped-decolight-siteicon.png\",\"contentUrl\":\"https:\\\/\\\/decolights.eu\\\/wp-content\\\/uploads\\\/2023\\\/07\\\/cropped-decolight-siteicon.png\",\"width\":512,\"height\":512,\"caption\":\"decolights\"},\"image\":{\"@id\":\"https:\\\/\\\/decolights.eu\\\/#\\\/schema\\\/logo\\\/image\\\/\"}}]}<\/script>\n<!-- \/ Yoast SEO plugin. -->","yoast_head_json":{"title":"Fairy LED lemput\u0117 \u0161iltai balta 10M - Geriausia kaina - Decolights.eu","description":"Fairy lemput\u0117s yra miniati\u016brin\u0117s, beveik pasl\u0117ptos, mikro led lempu\u010di\u0173 styginiai puikiai tinka papuo\u0161ti augalus, eglutes ir vazas. Pirkite dabar u\u017e geriausi\u0105 kain\u0105!","robots":{"index":"index","follow":"follow","max-snippet":"max-snippet:-1","max-image-preview":"max-image-preview:large","max-video-preview":"max-video-preview:-1"},"canonical":"https:\/\/decolights.eu\/lt\/produktas-2\/fairy-led-string-light-warm-white-10m\/","og_locale":"lt_LT","og_type":"article","og_title":"Fairy LED string light warm white 10M - Best price - Decolights.eu","og_description":"Fairy lights are miniature, almost hidden, micro led string lights are perfect for decorating plants, Christmas trees and vases. Buy now for the best price!","og_url":"https:\/\/decolights.eu\/lt\/produktas-2\/fairy-led-string-light-warm-white-10m\/","og_site_name":"Decolights.eu","article_modified_time":"2023-04-29T08:03:43+00:00","og_image":[{"width":1200,"height":1200,"url":"https:\/\/decolights.eu\/wp-content\/uploads\/2023\/04\/microled-soe-valge.jpeg","type":"image\/jpeg"}],"twitter_card":"summary_large_image","twitter_misc":{"Est. reading time":"1 minut\u0117"},"schema":{"@context":"https:\/\/schema.org","@graph":[{"@type":"WebPage","@id":"https:\/\/decolights.eu\/product\/fairy-led-string-light-warm-white-10m\/","url":"https:\/\/decolights.eu\/product\/fairy-led-string-light-warm-white-10m\/","name":"Fairy LED lemput\u0117 \u0161iltai balta 10M - Geriausia kaina - Decolights.eu","isPartOf":{"@id":"https:\/\/decolights.eu\/#website"},"primaryImageOfPage":{"@id":"https:\/\/decolights.eu\/product\/fairy-led-string-light-warm-white-10m\/#primaryimage"},"image":{"@id":"https:\/\/decolights.eu\/product\/fairy-led-string-light-warm-white-10m\/#primaryimage"},"thumbnailUrl":"https:\/\/decolights.eu\/wp-content\/uploads\/2023\/04\/microled-soe-valge.jpeg","datePublished":"2023-04-01T04:22:12+00:00","dateModified":"2023-04-29T08:03:43+00:00","description":"Fairy lemput\u0117s yra miniati\u016brin\u0117s, beveik pasl\u0117ptos, mikro led lempu\u010di\u0173 styginiai puikiai tinka papuo\u0161ti augalus, eglutes ir vazas. Pirkite dabar u\u017e geriausi\u0105 kain\u0105!","breadcrumb":{"@id":"https:\/\/decolights.eu\/product\/fairy-led-string-light-warm-white-10m\/#breadcrumb"},"inLanguage":"lt-LT","potentialAction":[{"@type":"ReadAction","target":["https:\/\/decolights.eu\/product\/fairy-led-string-light-warm-white-10m\/"]}]},{"@type":"ImageObject","inLanguage":"lt-LT","@id":"https:\/\/decolights.eu\/product\/fairy-led-string-light-warm-white-10m\/#primaryimage","url":"https:\/\/decolights.eu\/wp-content\/uploads\/2023\/04\/microled-soe-valge.jpeg","contentUrl":"https:\/\/decolights.eu\/wp-content\/uploads\/2023\/04\/microled-soe-valge.jpeg","width":1200,"height":1200},{"@type":"BreadcrumbList","@id":"https:\/\/decolights.eu\/product\/fairy-led-string-light-warm-white-10m\/#breadcrumb","itemListElement":[{"@type":"ListItem","position":1,"name":"Shop","item":"https:\/\/decolights.eu\/shop\/"},{"@type":"ListItem","position":2,"name":"Fairy LED string light warm white 10M"}]},{"@type":"WebSite","@id":"https:\/\/decolights.eu\/#website","url":"https:\/\/decolights.eu\/","name":"papuo\u0161imai","description":"Led dekoracijos namams ir sodui","publisher":{"@id":"https:\/\/decolights.eu\/#organization"},"alternateName":"decolights.eu","potentialAction":[{"@type":"SearchAction","target":{"@type":"EntryPoint","urlTemplate":"https:\/\/decolights.eu\/?s={search_term_string}"},"query-input":{"@type":"PropertyValueSpecification","valueRequired":true,"valueName":"search_term_string"}}],"inLanguage":"lt-LT"},{"@type":"Organization","@id":"https:\/\/decolights.eu\/#organization","name":"papuo\u0161imai","url":"https:\/\/decolights.eu\/","logo":{"@type":"ImageObject","inLanguage":"lt-LT","@id":"https:\/\/decolights.eu\/#\/schema\/logo\/image\/","url":"https:\/\/decolights.eu\/wp-content\/uploads\/2023\/07\/cropped-decolight-siteicon.png","contentUrl":"https:\/\/decolights.eu\/wp-content\/uploads\/2023\/07\/cropped-decolight-siteicon.png","width":512,"height":512,"caption":"decolights"},"image":{"@id":"https:\/\/decolights.eu\/#\/schema\/logo\/image\/"}}]}},"jetpack_sharing_enabled":true,"_links":{"self":[{"href":"https:\/\/decolights.eu\/lt\/wp-json\/wp\/v2\/product\/4653","targetHints":{"allow":["GET"]}}],"collection":[{"href":"https:\/\/decolights.eu\/lt\/wp-json\/wp\/v2\/product"}],"about":[{"href":"https:\/\/decolights.eu\/lt\/wp-json\/wp\/v2\/types\/product"}],"replies":[{"embeddable":true,"href":"https:\/\/decolights.eu\/lt\/wp-json\/wp\/v2\/comments?post=4653"}],"wp:featuredmedia":[{"embeddable":true,"href":"https:\/\/decolights.eu\/lt\/wp-json\/wp\/v2\/media\/4717"}],"wp:attachment":[{"href":"https:\/\/decolights.eu\/lt\/wp-json\/wp\/v2\/media?parent=4653"}],"wp:term":[{"taxonomy":"product_brand","embeddable":true,"href":"https:\/\/decolights.eu\/lt\/wp-json\/wp\/v2\/product_brand?post=4653"},{"taxonomy":"product_cat","embeddable":true,"href":"https:\/\/decolights.eu\/lt\/wp-json\/wp\/v2\/product_cat?post=4653"},{"taxonomy":"product_tag","embeddable":true,"href":"https:\/\/decolights.eu\/lt\/wp-json\/wp\/v2\/product_tag?post=4653"}],"curies":[{"name":"wp","href":"https:\/\/api.w.org\/{rel}","templated":true}]}}