{"id":4661,"date":"2023-04-01T04:22:13","date_gmt":"2023-04-01T04:22:13","guid":{"rendered":"https:\/\/decolights.eu\/?post_type=product&#038;p=4661"},"modified":"2023-05-02T03:13:39","modified_gmt":"2023-05-02T03:13:39","slug":"pro-festoon-led-lights-21-5m-20-sockets-bulbs-not-included","status":"publish","type":"product","link":"https:\/\/decolights.eu\/lt\/produktas-2\/pro-festoon-led-lights-21-5m-20-sockets-bulbs-not-included\/","title":{"rendered":"PRO Festoon LED \u0161viestuvai 21,5M 20 lizdai (lemput\u0117s ne\u012feina)"},"content":{"rendered":"<p>M\u016bs\u0173 PRO linija yra auk\u0161tos kokyb\u0117s ir ilgaam\u017e\u0117 \u0161viesos serija. Girliandos yra su UV spinduliams atspariu kabeliu ir gali b\u016bti naudojamos lauke i\u0161tisus metus.<\/p>\n<p>PRO Festoon LED \u0161viesos grandin\u0117 su 20 lizd\u0173 yra puikus gaminys, puikiai tinkantis dekoratyviniam ir praktiniam ap\u0161vietimui sode ar terasoje. Atskirai pasirinkite savo m\u0117gstamas LED lemputes ir m\u0117gaukit\u0117s nepriekai\u0161tingu rezultatu su pritaikyta ir tobula \u0161viesa.<\/p>\n<ul>\n<li><strong>Lizd\u0173 skai\u010dius<\/strong><strong>: <\/strong>20 vnt<\/li>\n<li><strong>Visas ilgis (su maitinimo laido laidu): <\/strong>21,50 mln<\/li>\n<li><strong>Ap\u0161viestos dalies ilgis: <\/strong>20 mln<\/li>\n<li><strong>Maitinimo laidas:<\/strong> 1,50 mln<\/li>\n<li><strong>Pakabinamos dalies ilgis: <\/strong>10 cm<\/li>\n<li><strong>Atstumas tarp lizd\u0173:<\/strong> 1 mln<\/li>\n<li><strong>Kabelio spalva: <\/strong>baltas<\/li>\n<li><strong>IP \u012fvertinimas: <\/strong>IP44<\/li>\n<li><strong>Maitinimo \u0161altinis:\u00a0<\/strong>Prijungti<\/li>\n<li><strong>Kabelio med\u017eiaga:\u00a0<\/strong>PVC guminis kabelis<\/li>\n<li><strong>Jungiamas:\u00a0<\/strong>Taip<\/li>\n<li><strong>Dangtelis \/ lizdas:\u00a0<\/strong>Kei\u010diamos E27 lemput\u0117s<\/li>\n<li><strong>CE sertifikatas:\u00a0<\/strong>Taip<\/li>\n<li>220-240V<\/li>\n<\/ul>\n<p><strong>NB! Lemput\u0117s \u012f komplekt\u0105 ne\u012feina. <a href=\"https:\/\/decolights.eu\/lt\/produkto-kategorija-2\/outdoor-lights\/bulbs\/\"><span style=\"color: #ed1c24;\">Spustel\u0117kite \u010dia, kad surastum\u0117te m\u0117gstamas lemputes.<\/span><\/a><\/strong><\/p>","protected":false},"excerpt":{"rendered":"<p>Our PRO line is a high quality and long lasting light series. Garlands are with UV-proof cable and can be used outside all year around. PRO Festoon LED light chain with 20 sockets is a remarkable product that is perfect for decorative and practical lighting in the garden or patio. Choose separately your favourite LED [&#8230;]\n","protected":false},"featured_media":4724,"comment_status":"open","ping_status":"closed","template":"","meta":[],"product_brand":[],"product_cat":[226,228],"product_tag":[],"class_list":{"0":"post-4661","1":"product","2":"type-product","3":"status-publish","4":"has-post-thumbnail","6":"product_cat-outdoor-lights","7":"product_cat-pro-festoon-lights","8":"pa_brand-deco","10":"first","11":"instock","12":"sale","13":"shipping-taxable","14":"purchasable","15":"product-type-simple"},"yoast_head":"<!-- This site is optimized with the Yoast SEO plugin v27.3 - https:\/\/yoast.com\/product\/yoast-seo-wordpress\/ -->\n<title>PRO Festoon LED lights 21.5M 20 sockets (bulbs not included) - Best price - Decolights.eu<\/title>\n<meta name=\"description\" content=\"Decorate your patio with a high quality PRO festoon LED lights 21.5M 20 sockets to get cozy atmosphere. Buy now the get the best price!\" \/>\n<meta name=\"robots\" content=\"index, follow, max-snippet:-1, max-image-preview:large, max-video-preview:-1\" \/>\n<link rel=\"canonical\" href=\"https:\/\/decolights.eu\/lt\/produktas-2\/pro-festoon-led-lights-21-5m-20-sockets-bulbs-not-included\/\" \/>\n<meta property=\"og:locale\" content=\"lt_LT\" \/>\n<meta property=\"og:type\" content=\"article\" \/>\n<meta property=\"og:title\" content=\"PRO Festoon LED lights 21.5M 20 sockets (bulbs not included) - Best price - Decolights.eu\" \/>\n<meta property=\"og:description\" content=\"Decorate your patio with a high quality PRO festoon LED lights 21.5M 20 sockets to get cozy atmosphere. Buy now the get the best price!\" \/>\n<meta property=\"og:url\" content=\"https:\/\/decolights.eu\/lt\/produktas-2\/pro-festoon-led-lights-21-5m-20-sockets-bulbs-not-included\/\" \/>\n<meta property=\"og:site_name\" content=\"Decolights.eu\" \/>\n<meta property=\"article:modified_time\" content=\"2023-05-02T03:13:39+00:00\" \/>\n<meta property=\"og:image\" content=\"https:\/\/decolights.eu\/wp-content\/uploads\/2023\/04\/w20m20b.jpg\" \/>\n\t<meta property=\"og:image:width\" content=\"1448\" \/>\n\t<meta property=\"og:image:height\" content=\"1600\" \/>\n\t<meta property=\"og:image:type\" content=\"image\/jpeg\" \/>\n<meta name=\"twitter:card\" content=\"summary_large_image\" \/>\n<meta name=\"twitter:label1\" content=\"Est. reading time\" \/>\n\t<meta name=\"twitter:data1\" content=\"1 minut\u0117\" \/>\n<script type=\"application\/ld+json\" class=\"yoast-schema-graph\">{\"@context\":\"https:\\\/\\\/schema.org\",\"@graph\":[{\"@type\":\"WebPage\",\"@id\":\"https:\\\/\\\/decolights.eu\\\/product\\\/pro-festoon-led-lights-21-5m-20-sockets-bulbs-not-included\\\/\",\"url\":\"https:\\\/\\\/decolights.eu\\\/product\\\/pro-festoon-led-lights-21-5m-20-sockets-bulbs-not-included\\\/\",\"name\":\"PRO Festoon LED lights 21.5M 20 sockets (bulbs not included) - Best price - Decolights.eu\",\"isPartOf\":{\"@id\":\"https:\\\/\\\/decolights.eu\\\/#website\"},\"primaryImageOfPage\":{\"@id\":\"https:\\\/\\\/decolights.eu\\\/product\\\/pro-festoon-led-lights-21-5m-20-sockets-bulbs-not-included\\\/#primaryimage\"},\"image\":{\"@id\":\"https:\\\/\\\/decolights.eu\\\/product\\\/pro-festoon-led-lights-21-5m-20-sockets-bulbs-not-included\\\/#primaryimage\"},\"thumbnailUrl\":\"https:\\\/\\\/decolights.eu\\\/wp-content\\\/uploads\\\/2023\\\/04\\\/w20m20b.jpg\",\"datePublished\":\"2023-04-01T04:22:13+00:00\",\"dateModified\":\"2023-05-02T03:13:39+00:00\",\"description\":\"Decorate your patio with a high quality PRO festoon LED lights 21.5M 20 sockets to get cozy atmosphere. Buy now the get the best price!\",\"breadcrumb\":{\"@id\":\"https:\\\/\\\/decolights.eu\\\/product\\\/pro-festoon-led-lights-21-5m-20-sockets-bulbs-not-included\\\/#breadcrumb\"},\"inLanguage\":\"lt-LT\",\"potentialAction\":[{\"@type\":\"ReadAction\",\"target\":[\"https:\\\/\\\/decolights.eu\\\/product\\\/pro-festoon-led-lights-21-5m-20-sockets-bulbs-not-included\\\/\"]}]},{\"@type\":\"ImageObject\",\"inLanguage\":\"lt-LT\",\"@id\":\"https:\\\/\\\/decolights.eu\\\/product\\\/pro-festoon-led-lights-21-5m-20-sockets-bulbs-not-included\\\/#primaryimage\",\"url\":\"https:\\\/\\\/decolights.eu\\\/wp-content\\\/uploads\\\/2023\\\/04\\\/w20m20b.jpg\",\"contentUrl\":\"https:\\\/\\\/decolights.eu\\\/wp-content\\\/uploads\\\/2023\\\/04\\\/w20m20b.jpg\",\"width\":1448,\"height\":1600},{\"@type\":\"BreadcrumbList\",\"@id\":\"https:\\\/\\\/decolights.eu\\\/product\\\/pro-festoon-led-lights-21-5m-20-sockets-bulbs-not-included\\\/#breadcrumb\",\"itemListElement\":[{\"@type\":\"ListItem\",\"position\":1,\"name\":\"Shop\",\"item\":\"https:\\\/\\\/decolights.eu\\\/shop\\\/\"},{\"@type\":\"ListItem\",\"position\":2,\"name\":\"PRO Festoon LED lights 21.5M 20 sockets (bulbs not included)\"}]},{\"@type\":\"WebSite\",\"@id\":\"https:\\\/\\\/decolights.eu\\\/#website\",\"url\":\"https:\\\/\\\/decolights.eu\\\/\",\"name\":\"decolights\",\"description\":\"Led Decorations for Home and Garden\",\"publisher\":{\"@id\":\"https:\\\/\\\/decolights.eu\\\/#organization\"},\"alternateName\":\"decolights.eu\",\"potentialAction\":[{\"@type\":\"SearchAction\",\"target\":{\"@type\":\"EntryPoint\",\"urlTemplate\":\"https:\\\/\\\/decolights.eu\\\/?s={search_term_string}\"},\"query-input\":{\"@type\":\"PropertyValueSpecification\",\"valueRequired\":true,\"valueName\":\"search_term_string\"}}],\"inLanguage\":\"lt-LT\"},{\"@type\":\"Organization\",\"@id\":\"https:\\\/\\\/decolights.eu\\\/#organization\",\"name\":\"decolights\",\"url\":\"https:\\\/\\\/decolights.eu\\\/\",\"logo\":{\"@type\":\"ImageObject\",\"inLanguage\":\"lt-LT\",\"@id\":\"https:\\\/\\\/decolights.eu\\\/#\\\/schema\\\/logo\\\/image\\\/\",\"url\":\"https:\\\/\\\/decolights.eu\\\/wp-content\\\/uploads\\\/2023\\\/07\\\/cropped-decolight-siteicon.png\",\"contentUrl\":\"https:\\\/\\\/decolights.eu\\\/wp-content\\\/uploads\\\/2023\\\/07\\\/cropped-decolight-siteicon.png\",\"width\":512,\"height\":512,\"caption\":\"decolights\"},\"image\":{\"@id\":\"https:\\\/\\\/decolights.eu\\\/#\\\/schema\\\/logo\\\/image\\\/\"}}]}<\/script>\n<!-- \/ Yoast SEO plugin. -->","yoast_head_json":{"title":"PRO Festoon LED \u0161viestuvai 21,5M 20 lizdai (lemput\u0117s ne\u012feina) - Geriausia kaina - Decolights.eu","description":"Papuo\u0161kite savo teras\u0105 auk\u0161tos kokyb\u0117s PRO festoon LED \u0161viestuvais 21,5M 20 lizd\u0173, kad sukurtum\u0117te jauki\u0105 atmosfer\u0105. Pirkite dabar ir gaukite geriausi\u0105 kain\u0105!","robots":{"index":"index","follow":"follow","max-snippet":"max-snippet:-1","max-image-preview":"max-image-preview:large","max-video-preview":"max-video-preview:-1"},"canonical":"https:\/\/decolights.eu\/lt\/produktas-2\/pro-festoon-led-lights-21-5m-20-sockets-bulbs-not-included\/","og_locale":"lt_LT","og_type":"article","og_title":"PRO Festoon LED lights 21.5M 20 sockets (bulbs not included) - Best price - Decolights.eu","og_description":"Decorate your patio with a high quality PRO festoon LED lights 21.5M 20 sockets to get cozy atmosphere. Buy now the get the best price!","og_url":"https:\/\/decolights.eu\/lt\/produktas-2\/pro-festoon-led-lights-21-5m-20-sockets-bulbs-not-included\/","og_site_name":"Decolights.eu","article_modified_time":"2023-05-02T03:13:39+00:00","og_image":[{"width":1448,"height":1600,"url":"https:\/\/decolights.eu\/wp-content\/uploads\/2023\/04\/w20m20b.jpg","type":"image\/jpeg"}],"twitter_card":"summary_large_image","twitter_misc":{"Est. reading time":"1 minut\u0117"},"schema":{"@context":"https:\/\/schema.org","@graph":[{"@type":"WebPage","@id":"https:\/\/decolights.eu\/product\/pro-festoon-led-lights-21-5m-20-sockets-bulbs-not-included\/","url":"https:\/\/decolights.eu\/product\/pro-festoon-led-lights-21-5m-20-sockets-bulbs-not-included\/","name":"PRO Festoon LED \u0161viestuvai 21,5M 20 lizdai (lemput\u0117s ne\u012feina) - Geriausia kaina - Decolights.eu","isPartOf":{"@id":"https:\/\/decolights.eu\/#website"},"primaryImageOfPage":{"@id":"https:\/\/decolights.eu\/product\/pro-festoon-led-lights-21-5m-20-sockets-bulbs-not-included\/#primaryimage"},"image":{"@id":"https:\/\/decolights.eu\/product\/pro-festoon-led-lights-21-5m-20-sockets-bulbs-not-included\/#primaryimage"},"thumbnailUrl":"https:\/\/decolights.eu\/wp-content\/uploads\/2023\/04\/w20m20b.jpg","datePublished":"2023-04-01T04:22:13+00:00","dateModified":"2023-05-02T03:13:39+00:00","description":"Papuo\u0161kite savo teras\u0105 auk\u0161tos kokyb\u0117s PRO festoon LED \u0161viestuvais 21,5M 20 lizd\u0173, kad sukurtum\u0117te jauki\u0105 atmosfer\u0105. Pirkite dabar ir gaukite geriausi\u0105 kain\u0105!","breadcrumb":{"@id":"https:\/\/decolights.eu\/product\/pro-festoon-led-lights-21-5m-20-sockets-bulbs-not-included\/#breadcrumb"},"inLanguage":"lt-LT","potentialAction":[{"@type":"ReadAction","target":["https:\/\/decolights.eu\/product\/pro-festoon-led-lights-21-5m-20-sockets-bulbs-not-included\/"]}]},{"@type":"ImageObject","inLanguage":"lt-LT","@id":"https:\/\/decolights.eu\/product\/pro-festoon-led-lights-21-5m-20-sockets-bulbs-not-included\/#primaryimage","url":"https:\/\/decolights.eu\/wp-content\/uploads\/2023\/04\/w20m20b.jpg","contentUrl":"https:\/\/decolights.eu\/wp-content\/uploads\/2023\/04\/w20m20b.jpg","width":1448,"height":1600},{"@type":"BreadcrumbList","@id":"https:\/\/decolights.eu\/product\/pro-festoon-led-lights-21-5m-20-sockets-bulbs-not-included\/#breadcrumb","itemListElement":[{"@type":"ListItem","position":1,"name":"Shop","item":"https:\/\/decolights.eu\/shop\/"},{"@type":"ListItem","position":2,"name":"PRO Festoon LED lights 21.5M 20 sockets (bulbs not included)"}]},{"@type":"WebSite","@id":"https:\/\/decolights.eu\/#website","url":"https:\/\/decolights.eu\/","name":"papuo\u0161imai","description":"Led dekoracijos namams ir sodui","publisher":{"@id":"https:\/\/decolights.eu\/#organization"},"alternateName":"decolights.eu","potentialAction":[{"@type":"SearchAction","target":{"@type":"EntryPoint","urlTemplate":"https:\/\/decolights.eu\/?s={search_term_string}"},"query-input":{"@type":"PropertyValueSpecification","valueRequired":true,"valueName":"search_term_string"}}],"inLanguage":"lt-LT"},{"@type":"Organization","@id":"https:\/\/decolights.eu\/#organization","name":"papuo\u0161imai","url":"https:\/\/decolights.eu\/","logo":{"@type":"ImageObject","inLanguage":"lt-LT","@id":"https:\/\/decolights.eu\/#\/schema\/logo\/image\/","url":"https:\/\/decolights.eu\/wp-content\/uploads\/2023\/07\/cropped-decolight-siteicon.png","contentUrl":"https:\/\/decolights.eu\/wp-content\/uploads\/2023\/07\/cropped-decolight-siteicon.png","width":512,"height":512,"caption":"decolights"},"image":{"@id":"https:\/\/decolights.eu\/#\/schema\/logo\/image\/"}}]}},"jetpack_sharing_enabled":true,"_links":{"self":[{"href":"https:\/\/decolights.eu\/lt\/wp-json\/wp\/v2\/product\/4661","targetHints":{"allow":["GET"]}}],"collection":[{"href":"https:\/\/decolights.eu\/lt\/wp-json\/wp\/v2\/product"}],"about":[{"href":"https:\/\/decolights.eu\/lt\/wp-json\/wp\/v2\/types\/product"}],"replies":[{"embeddable":true,"href":"https:\/\/decolights.eu\/lt\/wp-json\/wp\/v2\/comments?post=4661"}],"wp:featuredmedia":[{"embeddable":true,"href":"https:\/\/decolights.eu\/lt\/wp-json\/wp\/v2\/media\/4724"}],"wp:attachment":[{"href":"https:\/\/decolights.eu\/lt\/wp-json\/wp\/v2\/media?parent=4661"}],"wp:term":[{"taxonomy":"product_brand","embeddable":true,"href":"https:\/\/decolights.eu\/lt\/wp-json\/wp\/v2\/product_brand?post=4661"},{"taxonomy":"product_cat","embeddable":true,"href":"https:\/\/decolights.eu\/lt\/wp-json\/wp\/v2\/product_cat?post=4661"},{"taxonomy":"product_tag","embeddable":true,"href":"https:\/\/decolights.eu\/lt\/wp-json\/wp\/v2\/product_tag?post=4661"}],"curies":[{"name":"wp","href":"https:\/\/api.w.org\/{rel}","templated":true}]}}