{"id":4737,"date":"2023-04-01T04:22:58","date_gmt":"2023-04-01T04:22:58","guid":{"rendered":"https:\/\/decolights.eu\/?post_type=product&#038;p=4737"},"modified":"2023-05-12T06:46:22","modified_gmt":"2023-05-12T06:46:22","slug":"pro-icicle-led-lights-with-cold-white-flash","status":"publish","type":"product","link":"https:\/\/decolights.eu\/lt\/produktas-2\/pro-icicle-led-lights-with-cold-white-flash\/","title":{"rendered":"PRO Icicle LED lemput\u0117s su \u0161altai balta blykste"},"content":{"rendered":"<div class=\"product_details_parameter_groups spoiler_component\">\n<div class=\"product_details_parameter_group\">\n<div class=\"spoiler_component_content_wrapper\">\n<div class=\"product_details_parameters spoiler_component_content\">\n<p>M\u016bs\u0173 PRO linija yra auk\u0161tos kokyb\u0117s ir ilgaam\u017e\u0117 LED \u0161viestuv\u0173 serija. Girliandos yra su UV spinduliams atspariu guminiu kabeliu ir gali b\u016bti naudojamos lauke i\u0161tisus metus.<\/p>\n<p>PRO LED Icicle \u0161viestuvas su \u0161altai balta blykste puikiai tiks fasad\u0173 ar balkon\u0173 dekoravimui. Suteikia ry\u0161kaus ir pasaki\u0161ko \u017eaibo efekt\u0105, o j\u016bs\u0173 namai atrodys dar gra\u017eesni ir i\u0161skirtiniai.<\/p>\n<p>Nedvejodami susisiekite su mumis, jei jus domina bet kokia kita LED ar kabelio spalva <a href=\"mailto:info@decolights.eu\">info@decolights.eu<\/a>.<\/p>\n<\/div>\n<\/div>\n<ul>\n<li><strong>\u0160viesos diod\u0173 skai\u010dius<\/strong><strong>: <\/strong>120 LED (90 + 30 \u0161altai baltai mirksin\u010di\u0173 \u0161viesos diod\u0173)<\/li>\n<li><strong>Visas ilgis (su maitinimo laido laidu): <\/strong>6,5 mln<\/li>\n<li><strong>Ap\u0161viestos dalies ilgis: <\/strong>5 mln<\/li>\n<li><strong>Maitinimo laidas:<\/strong> 1,50 mln<\/li>\n<li><strong>Ilgiausios kaban\u010dios dalies ilgis: <\/strong>70cm<\/li>\n<li><strong>Atstumas tarp lempu\u010di\u0173:<\/strong> 10 cm<\/li>\n<li><strong>LED dydis:<\/strong> 8 mm<\/li>\n<li><strong>IP \u012fvertinimas: <\/strong>IP65<\/li>\n<li><strong>Maitinimo \u0161altinis:\u00a0<\/strong>Prijungti<\/li>\n<li><strong>Kabelio med\u017eiaga:\u00a0<\/strong>Guma 3,2 mm<\/li>\n<li><strong>Jungiamas:\u00a0<\/strong>Taip (daugiausia 10 rinkini\u0173)<\/li>\n<li><strong>CE sertifikatas:\u00a0<\/strong>Taip<\/li>\n<li>220-240V, 9,2W<\/li>\n<\/ul>\n<\/div>\n<\/div>","protected":false},"excerpt":{"rendered":"<p>Our PRO line is a high quality and long lasting LED light series. Garlands are with UV-proof, rubber cable and can be used outside all year around. PRO LED Icicle light with cold white flash is perfect for decorating facades or balconies. Gives a bright and fabulous lightning effect and will make your home look [&#8230;]\n","protected":false},"featured_media":4790,"comment_status":"open","ping_status":"closed","template":"","meta":[],"product_brand":[],"product_cat":[226,239],"product_tag":[],"class_list":{"0":"post-4737","1":"product","2":"type-product","3":"status-publish","4":"has-post-thumbnail","6":"product_cat-outdoor-lights","7":"product_cat-pro-christmas-lights","8":"pa_available-colours-cold-white","9":"pa_available-colours-warm-white","10":"pa_brand-deco","11":"pa_led-colour-cold-white","12":"pa_led-colour-warm-white","14":"first","15":"instock","16":"sale","17":"shipping-taxable","18":"purchasable","19":"product-type-variable"},"yoast_head":"<!-- This site is optimized with the Yoast SEO plugin v27.3 - https:\/\/yoast.com\/product\/yoast-seo-wordpress\/ -->\n<title>PRO Icicle LED lights with cold white flash - Best quality - Decolights.eu<\/title>\n<meta name=\"description\" content=\"PRO Icicle LED lights with cold white flash will create a magical and shiny atmosphere. Festive mood in guaranteed! Buy now to get the best price.\" \/>\n<meta name=\"robots\" content=\"index, follow, max-snippet:-1, max-image-preview:large, max-video-preview:-1\" \/>\n<link rel=\"canonical\" href=\"https:\/\/decolights.eu\/lt\/produktas-2\/pro-icicle-led-lights-with-cold-white-flash\/\" \/>\n<meta property=\"og:locale\" content=\"lt_LT\" \/>\n<meta property=\"og:type\" content=\"article\" \/>\n<meta property=\"og:title\" content=\"PRO Icicle LED lights with cold white flash - Best quality - Decolights.eu\" \/>\n<meta property=\"og:description\" content=\"PRO Icicle LED lights with cold white flash will create a magical and shiny atmosphere. Festive mood in guaranteed! Buy now to get the best price.\" \/>\n<meta property=\"og:url\" content=\"https:\/\/decolights.eu\/lt\/produktas-2\/pro-icicle-led-lights-with-cold-white-flash\/\" \/>\n<meta property=\"og:site_name\" content=\"Decolights.eu\" \/>\n<meta property=\"article:modified_time\" content=\"2023-05-12T06:46:22+00:00\" \/>\n<meta property=\"og:image\" content=\"https:\/\/decolights.eu\/wp-content\/uploads\/2023\/04\/kardin-flash-pro-e1602019922763.jpg\" \/>\n\t<meta property=\"og:image:width\" content=\"700\" \/>\n\t<meta property=\"og:image:height\" content=\"561\" \/>\n\t<meta property=\"og:image:type\" content=\"image\/jpeg\" \/>\n<meta name=\"twitter:card\" content=\"summary_large_image\" \/>\n<meta name=\"twitter:label1\" content=\"Est. reading time\" \/>\n\t<meta name=\"twitter:data1\" content=\"1 minut\u0117\" \/>\n<script type=\"application\/ld+json\" class=\"yoast-schema-graph\">{\"@context\":\"https:\\\/\\\/schema.org\",\"@graph\":[{\"@type\":\"WebPage\",\"@id\":\"https:\\\/\\\/decolights.eu\\\/product\\\/pro-icicle-led-lights-with-cold-white-flash\\\/\",\"url\":\"https:\\\/\\\/decolights.eu\\\/product\\\/pro-icicle-led-lights-with-cold-white-flash\\\/\",\"name\":\"PRO Icicle LED lights with cold white flash - Best quality - Decolights.eu\",\"isPartOf\":{\"@id\":\"https:\\\/\\\/decolights.eu\\\/#website\"},\"primaryImageOfPage\":{\"@id\":\"https:\\\/\\\/decolights.eu\\\/product\\\/pro-icicle-led-lights-with-cold-white-flash\\\/#primaryimage\"},\"image\":{\"@id\":\"https:\\\/\\\/decolights.eu\\\/product\\\/pro-icicle-led-lights-with-cold-white-flash\\\/#primaryimage\"},\"thumbnailUrl\":\"https:\\\/\\\/decolights.eu\\\/wp-content\\\/uploads\\\/2023\\\/04\\\/kardin-flash-pro-e1602019922763.jpg\",\"datePublished\":\"2023-04-01T04:22:58+00:00\",\"dateModified\":\"2023-05-12T06:46:22+00:00\",\"description\":\"PRO Icicle LED lights with cold white flash will create a magical and shiny atmosphere. Festive mood in guaranteed! Buy now to get the best price.\",\"breadcrumb\":{\"@id\":\"https:\\\/\\\/decolights.eu\\\/product\\\/pro-icicle-led-lights-with-cold-white-flash\\\/#breadcrumb\"},\"inLanguage\":\"lt-LT\",\"potentialAction\":[{\"@type\":\"ReadAction\",\"target\":[\"https:\\\/\\\/decolights.eu\\\/product\\\/pro-icicle-led-lights-with-cold-white-flash\\\/\"]}]},{\"@type\":\"ImageObject\",\"inLanguage\":\"lt-LT\",\"@id\":\"https:\\\/\\\/decolights.eu\\\/product\\\/pro-icicle-led-lights-with-cold-white-flash\\\/#primaryimage\",\"url\":\"https:\\\/\\\/decolights.eu\\\/wp-content\\\/uploads\\\/2023\\\/04\\\/kardin-flash-pro-e1602019922763.jpg\",\"contentUrl\":\"https:\\\/\\\/decolights.eu\\\/wp-content\\\/uploads\\\/2023\\\/04\\\/kardin-flash-pro-e1602019922763.jpg\",\"width\":700,\"height\":561},{\"@type\":\"BreadcrumbList\",\"@id\":\"https:\\\/\\\/decolights.eu\\\/product\\\/pro-icicle-led-lights-with-cold-white-flash\\\/#breadcrumb\",\"itemListElement\":[{\"@type\":\"ListItem\",\"position\":1,\"name\":\"Shop\",\"item\":\"https:\\\/\\\/decolights.eu\\\/shop\\\/\"},{\"@type\":\"ListItem\",\"position\":2,\"name\":\"PRO Icicle LED lights with cold white flash\"}]},{\"@type\":\"WebSite\",\"@id\":\"https:\\\/\\\/decolights.eu\\\/#website\",\"url\":\"https:\\\/\\\/decolights.eu\\\/\",\"name\":\"decolights\",\"description\":\"Led Decorations for Home and Garden\",\"publisher\":{\"@id\":\"https:\\\/\\\/decolights.eu\\\/#organization\"},\"alternateName\":\"decolights.eu\",\"potentialAction\":[{\"@type\":\"SearchAction\",\"target\":{\"@type\":\"EntryPoint\",\"urlTemplate\":\"https:\\\/\\\/decolights.eu\\\/?s={search_term_string}\"},\"query-input\":{\"@type\":\"PropertyValueSpecification\",\"valueRequired\":true,\"valueName\":\"search_term_string\"}}],\"inLanguage\":\"lt-LT\"},{\"@type\":\"Organization\",\"@id\":\"https:\\\/\\\/decolights.eu\\\/#organization\",\"name\":\"decolights\",\"url\":\"https:\\\/\\\/decolights.eu\\\/\",\"logo\":{\"@type\":\"ImageObject\",\"inLanguage\":\"lt-LT\",\"@id\":\"https:\\\/\\\/decolights.eu\\\/#\\\/schema\\\/logo\\\/image\\\/\",\"url\":\"https:\\\/\\\/decolights.eu\\\/wp-content\\\/uploads\\\/2023\\\/07\\\/cropped-decolight-siteicon.png\",\"contentUrl\":\"https:\\\/\\\/decolights.eu\\\/wp-content\\\/uploads\\\/2023\\\/07\\\/cropped-decolight-siteicon.png\",\"width\":512,\"height\":512,\"caption\":\"decolights\"},\"image\":{\"@id\":\"https:\\\/\\\/decolights.eu\\\/#\\\/schema\\\/logo\\\/image\\\/\"}}]}<\/script>\n<!-- \/ Yoast SEO plugin. -->","yoast_head_json":{"title":"PRO Icicle LED \u017eibintai su \u0161altai balta blykste - Geriausia kokyb\u0117 - Decolights.eu","description":"PRO Icicle LED lemput\u0117s su \u0161altai balta blykste sukurs magi\u0161k\u0105 ir spindin\u010di\u0105 atmosfer\u0105. \u0160ventin\u0117 nuotaika garantuota! Pirkite dabar, kad gautum\u0117te geriausi\u0105 kain\u0105.","robots":{"index":"index","follow":"follow","max-snippet":"max-snippet:-1","max-image-preview":"max-image-preview:large","max-video-preview":"max-video-preview:-1"},"canonical":"https:\/\/decolights.eu\/lt\/produktas-2\/pro-icicle-led-lights-with-cold-white-flash\/","og_locale":"lt_LT","og_type":"article","og_title":"PRO Icicle LED lights with cold white flash - Best quality - Decolights.eu","og_description":"PRO Icicle LED lights with cold white flash will create a magical and shiny atmosphere. Festive mood in guaranteed! Buy now to get the best price.","og_url":"https:\/\/decolights.eu\/lt\/produktas-2\/pro-icicle-led-lights-with-cold-white-flash\/","og_site_name":"Decolights.eu","article_modified_time":"2023-05-12T06:46:22+00:00","og_image":[{"width":700,"height":561,"url":"https:\/\/decolights.eu\/wp-content\/uploads\/2023\/04\/kardin-flash-pro-e1602019922763.jpg","type":"image\/jpeg"}],"twitter_card":"summary_large_image","twitter_misc":{"Est. reading time":"1 minut\u0117"},"schema":{"@context":"https:\/\/schema.org","@graph":[{"@type":"WebPage","@id":"https:\/\/decolights.eu\/product\/pro-icicle-led-lights-with-cold-white-flash\/","url":"https:\/\/decolights.eu\/product\/pro-icicle-led-lights-with-cold-white-flash\/","name":"PRO Icicle LED \u017eibintai su \u0161altai balta blykste - Geriausia kokyb\u0117 - Decolights.eu","isPartOf":{"@id":"https:\/\/decolights.eu\/#website"},"primaryImageOfPage":{"@id":"https:\/\/decolights.eu\/product\/pro-icicle-led-lights-with-cold-white-flash\/#primaryimage"},"image":{"@id":"https:\/\/decolights.eu\/product\/pro-icicle-led-lights-with-cold-white-flash\/#primaryimage"},"thumbnailUrl":"https:\/\/decolights.eu\/wp-content\/uploads\/2023\/04\/kardin-flash-pro-e1602019922763.jpg","datePublished":"2023-04-01T04:22:58+00:00","dateModified":"2023-05-12T06:46:22+00:00","description":"PRO Icicle LED lemput\u0117s su \u0161altai balta blykste sukurs magi\u0161k\u0105 ir spindin\u010di\u0105 atmosfer\u0105. \u0160ventin\u0117 nuotaika garantuota! Pirkite dabar, kad gautum\u0117te geriausi\u0105 kain\u0105.","breadcrumb":{"@id":"https:\/\/decolights.eu\/product\/pro-icicle-led-lights-with-cold-white-flash\/#breadcrumb"},"inLanguage":"lt-LT","potentialAction":[{"@type":"ReadAction","target":["https:\/\/decolights.eu\/product\/pro-icicle-led-lights-with-cold-white-flash\/"]}]},{"@type":"ImageObject","inLanguage":"lt-LT","@id":"https:\/\/decolights.eu\/product\/pro-icicle-led-lights-with-cold-white-flash\/#primaryimage","url":"https:\/\/decolights.eu\/wp-content\/uploads\/2023\/04\/kardin-flash-pro-e1602019922763.jpg","contentUrl":"https:\/\/decolights.eu\/wp-content\/uploads\/2023\/04\/kardin-flash-pro-e1602019922763.jpg","width":700,"height":561},{"@type":"BreadcrumbList","@id":"https:\/\/decolights.eu\/product\/pro-icicle-led-lights-with-cold-white-flash\/#breadcrumb","itemListElement":[{"@type":"ListItem","position":1,"name":"Shop","item":"https:\/\/decolights.eu\/shop\/"},{"@type":"ListItem","position":2,"name":"PRO Icicle LED lights with cold white flash"}]},{"@type":"WebSite","@id":"https:\/\/decolights.eu\/#website","url":"https:\/\/decolights.eu\/","name":"papuo\u0161imai","description":"Led dekoracijos namams ir sodui","publisher":{"@id":"https:\/\/decolights.eu\/#organization"},"alternateName":"decolights.eu","potentialAction":[{"@type":"SearchAction","target":{"@type":"EntryPoint","urlTemplate":"https:\/\/decolights.eu\/?s={search_term_string}"},"query-input":{"@type":"PropertyValueSpecification","valueRequired":true,"valueName":"search_term_string"}}],"inLanguage":"lt-LT"},{"@type":"Organization","@id":"https:\/\/decolights.eu\/#organization","name":"papuo\u0161imai","url":"https:\/\/decolights.eu\/","logo":{"@type":"ImageObject","inLanguage":"lt-LT","@id":"https:\/\/decolights.eu\/#\/schema\/logo\/image\/","url":"https:\/\/decolights.eu\/wp-content\/uploads\/2023\/07\/cropped-decolight-siteicon.png","contentUrl":"https:\/\/decolights.eu\/wp-content\/uploads\/2023\/07\/cropped-decolight-siteicon.png","width":512,"height":512,"caption":"decolights"},"image":{"@id":"https:\/\/decolights.eu\/#\/schema\/logo\/image\/"}}]}},"jetpack_sharing_enabled":true,"_links":{"self":[{"href":"https:\/\/decolights.eu\/lt\/wp-json\/wp\/v2\/product\/4737","targetHints":{"allow":["GET"]}}],"collection":[{"href":"https:\/\/decolights.eu\/lt\/wp-json\/wp\/v2\/product"}],"about":[{"href":"https:\/\/decolights.eu\/lt\/wp-json\/wp\/v2\/types\/product"}],"replies":[{"embeddable":true,"href":"https:\/\/decolights.eu\/lt\/wp-json\/wp\/v2\/comments?post=4737"}],"wp:featuredmedia":[{"embeddable":true,"href":"https:\/\/decolights.eu\/lt\/wp-json\/wp\/v2\/media\/4790"}],"wp:attachment":[{"href":"https:\/\/decolights.eu\/lt\/wp-json\/wp\/v2\/media?parent=4737"}],"wp:term":[{"taxonomy":"product_brand","embeddable":true,"href":"https:\/\/decolights.eu\/lt\/wp-json\/wp\/v2\/product_brand?post=4737"},{"taxonomy":"product_cat","embeddable":true,"href":"https:\/\/decolights.eu\/lt\/wp-json\/wp\/v2\/product_cat?post=4737"},{"taxonomy":"product_tag","embeddable":true,"href":"https:\/\/decolights.eu\/lt\/wp-json\/wp\/v2\/product_tag?post=4737"}],"curies":[{"name":"wp","href":"https:\/\/api.w.org\/{rel}","templated":true}]}}