{"id":4740,"date":"2023-04-01T04:22:58","date_gmt":"2023-04-01T04:22:58","guid":{"rendered":"https:\/\/decolights.eu\/?post_type=product&#038;p=4740"},"modified":"2023-05-12T06:38:09","modified_gmt":"2023-05-12T06:38:09","slug":"pro-string-led-light-with-cold-white-flash","status":"publish","type":"product","link":"https:\/\/decolights.eu\/lt\/produktas-2\/pro-string-led-light-with-cold-white-flash\/","title":{"rendered":"PRO String LED lemput\u0117 su \u0161altai balta blykste"},"content":{"rendered":"<div class=\"spoiler_component_content_wrapper\">\n<div class=\"product_details_parameters spoiler_component_content\">\n<div class=\"spoiler_component_content_wrapper\">\n<div class=\"product_details_parameters spoiler_component_content\">\n<p>M\u016bs\u0173 PRO linija yra auk\u0161tos kokyb\u0117s ir ilgaam\u017e\u0117 LED \u0161viestuv\u0173 serija. Girliandos yra su UV spinduliams atspariu guminiu kabeliu ir gali b\u016bti naudojamos lauke i\u0161tisus metus.<\/p>\n<p>PRO String LED light with cold white flash is perfect for decorating facades, balconies or trees. Gives a bright and fabulous lightning effect and will make your home look even more beautiful and outstanding.<\/p>\n<p>Nedvejodami susisiekite su mumis, jei jus domina bet kokia kita LED ar kabelio spalva <a href=\"mailto:info@decolights.eu\">info@decolights.eu<\/a>.<\/p>\n<\/div>\n<\/div>\n<ul>\n<li><strong>\u0160viesos diod\u0173 skai\u010dius<\/strong><strong>: <\/strong>100LED (80 + 20 cold white flashing LEDs)<\/li>\n<li><strong>Visas ilgis (su maitinimo laido laidu): <\/strong>11.5M<\/li>\n<li><strong>Ap\u0161viestos dalies ilgis: <\/strong>10M (Consists of two connected parts 5+5M)<\/li>\n<li><strong>Maitinimo laidas:<\/strong> 1,50 mln<\/li>\n<li><strong>Atstumas tarp lempu\u010di\u0173:<\/strong> 10 cm<\/li>\n<li><strong>LED dydis:<\/strong> 8 mm<\/li>\n<li><strong>Mirksi:\u00a0<\/strong>Yes (cannot be switched off)<\/li>\n<li><strong>IP \u012fvertinimas: <\/strong>IP65<\/li>\n<li><strong>Maitinimo \u0161altinis:\u00a0<\/strong>Prijungti<\/li>\n<li><strong>Kabelio med\u017eiaga:\u00a0<\/strong>Guma 3,2 mm<\/li>\n<li><strong>Jungiamas:\u00a0<\/strong>Taip (daugiausia 10 rinkini\u0173)<\/li>\n<li><strong>CE sertifikatas:\u00a0<\/strong>Taip<\/li>\n<li>220-240V, 9,2W<\/li>\n<\/ul>\n<\/div>\n<\/div>","protected":false},"excerpt":{"rendered":"<p>Our PRO line is a high quality and long lasting LED light series. Garlands are with UV-proof, rubber cable and can be used outside all year around. PRO String LED light with cold white flash is perfect for decorating facades, balconies or trees. Gives a bright and fabulous lightning effect and will make your home [&#8230;]\n","protected":false},"featured_media":4799,"comment_status":"open","ping_status":"closed","template":"","meta":[],"product_brand":[],"product_cat":[226,239],"product_tag":[],"class_list":{"0":"post-4740","1":"product","2":"type-product","3":"status-publish","4":"has-post-thumbnail","6":"product_cat-outdoor-lights","7":"product_cat-pro-christmas-lights","8":"pa_available-colours-cold-white","9":"pa_available-colours-warm-white","10":"pa_brand-deco","11":"pa_led-colour-cold-white","12":"pa_led-colour-warm-white","14":"first","15":"onbackorder","16":"sale","17":"shipping-taxable","18":"purchasable","19":"product-type-variable"},"yoast_head":"<!-- This site is optimized with the Yoast SEO plugin v27.3 - https:\/\/yoast.com\/product\/yoast-seo-wordpress\/ -->\n<title>PRO String LED light with cold white flash - Decolights.eu<\/title>\n<meta name=\"description\" content=\"PRO String LED light with cold white flash will create a magical atmosphere. Festive mood in guaranteed! Buy now to get the best price.\" \/>\n<meta name=\"robots\" content=\"index, follow, max-snippet:-1, max-image-preview:large, max-video-preview:-1\" \/>\n<link rel=\"canonical\" href=\"https:\/\/decolights.eu\/lt\/termek\/pro-string-led-light-with-cold-white-flash\/\" \/>\n<meta property=\"og:locale\" content=\"lt_LT\" \/>\n<meta property=\"og:type\" content=\"article\" \/>\n<meta property=\"og:title\" content=\"PRO String LED light with cold white flash - Decolights.eu\" \/>\n<meta property=\"og:description\" content=\"PRO String LED light with cold white flash will create a magical atmosphere. Festive mood in guaranteed! Buy now to get the best price.\" \/>\n<meta property=\"og:url\" content=\"https:\/\/decolights.eu\/lt\/termek\/pro-string-led-light-with-cold-white-flash\/\" \/>\n<meta property=\"og:site_name\" content=\"Decolights.eu\" \/>\n<meta property=\"article:modified_time\" content=\"2023-05-12T06:38:09+00:00\" \/>\n<meta property=\"og:image\" content=\"https:\/\/decolights.eu\/wp-content\/uploads\/2023\/04\/tuled-flash-pro.jpg\" \/>\n\t<meta property=\"og:image:width\" content=\"574\" \/>\n\t<meta property=\"og:image:height\" content=\"578\" \/>\n\t<meta property=\"og:image:type\" content=\"image\/jpeg\" \/>\n<meta name=\"twitter:card\" content=\"summary_large_image\" \/>\n<meta name=\"twitter:label1\" content=\"Est. reading time\" \/>\n\t<meta name=\"twitter:data1\" content=\"1 minut\u0117\" \/>\n<script type=\"application\/ld+json\" class=\"yoast-schema-graph\">{\"@context\":\"https:\\\/\\\/schema.org\",\"@graph\":[{\"@type\":\"WebPage\",\"@id\":\"https:\\\/\\\/decolights.eu\\\/hu\\\/termek\\\/pro-string-led-light-with-cold-white-flash\\\/\",\"url\":\"https:\\\/\\\/decolights.eu\\\/hu\\\/termek\\\/pro-string-led-light-with-cold-white-flash\\\/\",\"name\":\"PRO String LED light with cold white flash - Decolights.eu\",\"isPartOf\":{\"@id\":\"https:\\\/\\\/decolights.eu\\\/#website\"},\"primaryImageOfPage\":{\"@id\":\"https:\\\/\\\/decolights.eu\\\/hu\\\/termek\\\/pro-string-led-light-with-cold-white-flash\\\/#primaryimage\"},\"image\":{\"@id\":\"https:\\\/\\\/decolights.eu\\\/hu\\\/termek\\\/pro-string-led-light-with-cold-white-flash\\\/#primaryimage\"},\"thumbnailUrl\":\"https:\\\/\\\/decolights.eu\\\/wp-content\\\/uploads\\\/2023\\\/04\\\/tuled-flash-pro.jpg\",\"datePublished\":\"2023-04-01T04:22:58+00:00\",\"dateModified\":\"2023-05-12T06:38:09+00:00\",\"description\":\"PRO String LED light with cold white flash will create a magical atmosphere. Festive mood in guaranteed! Buy now to get the best price.\",\"breadcrumb\":{\"@id\":\"https:\\\/\\\/decolights.eu\\\/hu\\\/termek\\\/pro-string-led-light-with-cold-white-flash\\\/#breadcrumb\"},\"inLanguage\":\"lt-LT\",\"potentialAction\":[{\"@type\":\"ReadAction\",\"target\":[\"https:\\\/\\\/decolights.eu\\\/hu\\\/termek\\\/pro-string-led-light-with-cold-white-flash\\\/\"]}]},{\"@type\":\"ImageObject\",\"inLanguage\":\"lt-LT\",\"@id\":\"https:\\\/\\\/decolights.eu\\\/hu\\\/termek\\\/pro-string-led-light-with-cold-white-flash\\\/#primaryimage\",\"url\":\"https:\\\/\\\/decolights.eu\\\/wp-content\\\/uploads\\\/2023\\\/04\\\/tuled-flash-pro.jpg\",\"contentUrl\":\"https:\\\/\\\/decolights.eu\\\/wp-content\\\/uploads\\\/2023\\\/04\\\/tuled-flash-pro.jpg\",\"width\":574,\"height\":578},{\"@type\":\"BreadcrumbList\",\"@id\":\"https:\\\/\\\/decolights.eu\\\/hu\\\/termek\\\/pro-string-led-light-with-cold-white-flash\\\/#breadcrumb\",\"itemListElement\":[{\"@type\":\"ListItem\",\"position\":1,\"name\":\"Shop\",\"item\":\"https:\\\/\\\/decolights.eu\\\/shop\\\/\"},{\"@type\":\"ListItem\",\"position\":2,\"name\":\"PRO String LED light with cold white flash\"}]},{\"@type\":\"WebSite\",\"@id\":\"https:\\\/\\\/decolights.eu\\\/#website\",\"url\":\"https:\\\/\\\/decolights.eu\\\/\",\"name\":\"decolights\",\"description\":\"Led Decorations for Home and Garden\",\"publisher\":{\"@id\":\"https:\\\/\\\/decolights.eu\\\/#organization\"},\"alternateName\":\"decolights.eu\",\"potentialAction\":[{\"@type\":\"SearchAction\",\"target\":{\"@type\":\"EntryPoint\",\"urlTemplate\":\"https:\\\/\\\/decolights.eu\\\/?s={search_term_string}\"},\"query-input\":{\"@type\":\"PropertyValueSpecification\",\"valueRequired\":true,\"valueName\":\"search_term_string\"}}],\"inLanguage\":\"lt-LT\"},{\"@type\":\"Organization\",\"@id\":\"https:\\\/\\\/decolights.eu\\\/#organization\",\"name\":\"decolights\",\"url\":\"https:\\\/\\\/decolights.eu\\\/\",\"logo\":{\"@type\":\"ImageObject\",\"inLanguage\":\"lt-LT\",\"@id\":\"https:\\\/\\\/decolights.eu\\\/#\\\/schema\\\/logo\\\/image\\\/\",\"url\":\"https:\\\/\\\/decolights.eu\\\/wp-content\\\/uploads\\\/2023\\\/07\\\/cropped-decolight-siteicon.png\",\"contentUrl\":\"https:\\\/\\\/decolights.eu\\\/wp-content\\\/uploads\\\/2023\\\/07\\\/cropped-decolight-siteicon.png\",\"width\":512,\"height\":512,\"caption\":\"decolights\"},\"image\":{\"@id\":\"https:\\\/\\\/decolights.eu\\\/#\\\/schema\\\/logo\\\/image\\\/\"}}]}<\/script>\n<!-- \/ Yoast SEO plugin. -->","yoast_head_json":{"title":"PRO String LED light with cold white flash - Decolights.eu","description":"PRO String LED light with cold white flash will create a magical atmosphere. Festive mood in guaranteed! Buy now to get the best price.","robots":{"index":"index","follow":"follow","max-snippet":"max-snippet:-1","max-image-preview":"max-image-preview:large","max-video-preview":"max-video-preview:-1"},"canonical":"https:\/\/decolights.eu\/lt\/termek\/pro-string-led-light-with-cold-white-flash\/","og_locale":"lt_LT","og_type":"article","og_title":"PRO String LED light with cold white flash - Decolights.eu","og_description":"PRO String LED light with cold white flash will create a magical atmosphere. Festive mood in guaranteed! Buy now to get the best price.","og_url":"https:\/\/decolights.eu\/lt\/termek\/pro-string-led-light-with-cold-white-flash\/","og_site_name":"Decolights.eu","article_modified_time":"2023-05-12T06:38:09+00:00","og_image":[{"width":574,"height":578,"url":"https:\/\/decolights.eu\/wp-content\/uploads\/2023\/04\/tuled-flash-pro.jpg","type":"image\/jpeg"}],"twitter_card":"summary_large_image","twitter_misc":{"Est. reading time":"1 minut\u0117"},"schema":{"@context":"https:\/\/schema.org","@graph":[{"@type":"WebPage","@id":"https:\/\/decolights.eu\/hu\/termek\/pro-string-led-light-with-cold-white-flash\/","url":"https:\/\/decolights.eu\/hu\/termek\/pro-string-led-light-with-cold-white-flash\/","name":"PRO String LED light with cold white flash - Decolights.eu","isPartOf":{"@id":"https:\/\/decolights.eu\/#website"},"primaryImageOfPage":{"@id":"https:\/\/decolights.eu\/hu\/termek\/pro-string-led-light-with-cold-white-flash\/#primaryimage"},"image":{"@id":"https:\/\/decolights.eu\/hu\/termek\/pro-string-led-light-with-cold-white-flash\/#primaryimage"},"thumbnailUrl":"https:\/\/decolights.eu\/wp-content\/uploads\/2023\/04\/tuled-flash-pro.jpg","datePublished":"2023-04-01T04:22:58+00:00","dateModified":"2023-05-12T06:38:09+00:00","description":"PRO String LED light with cold white flash will create a magical atmosphere. Festive mood in guaranteed! Buy now to get the best price.","breadcrumb":{"@id":"https:\/\/decolights.eu\/hu\/termek\/pro-string-led-light-with-cold-white-flash\/#breadcrumb"},"inLanguage":"lt-LT","potentialAction":[{"@type":"ReadAction","target":["https:\/\/decolights.eu\/hu\/termek\/pro-string-led-light-with-cold-white-flash\/"]}]},{"@type":"ImageObject","inLanguage":"lt-LT","@id":"https:\/\/decolights.eu\/hu\/termek\/pro-string-led-light-with-cold-white-flash\/#primaryimage","url":"https:\/\/decolights.eu\/wp-content\/uploads\/2023\/04\/tuled-flash-pro.jpg","contentUrl":"https:\/\/decolights.eu\/wp-content\/uploads\/2023\/04\/tuled-flash-pro.jpg","width":574,"height":578},{"@type":"BreadcrumbList","@id":"https:\/\/decolights.eu\/hu\/termek\/pro-string-led-light-with-cold-white-flash\/#breadcrumb","itemListElement":[{"@type":"ListItem","position":1,"name":"Shop","item":"https:\/\/decolights.eu\/shop\/"},{"@type":"ListItem","position":2,"name":"PRO String LED light with cold white flash"}]},{"@type":"WebSite","@id":"https:\/\/decolights.eu\/#website","url":"https:\/\/decolights.eu\/","name":"papuo\u0161imai","description":"Led dekoracijos namams ir sodui","publisher":{"@id":"https:\/\/decolights.eu\/#organization"},"alternateName":"decolights.eu","potentialAction":[{"@type":"SearchAction","target":{"@type":"EntryPoint","urlTemplate":"https:\/\/decolights.eu\/?s={search_term_string}"},"query-input":{"@type":"PropertyValueSpecification","valueRequired":true,"valueName":"search_term_string"}}],"inLanguage":"lt-LT"},{"@type":"Organization","@id":"https:\/\/decolights.eu\/#organization","name":"papuo\u0161imai","url":"https:\/\/decolights.eu\/","logo":{"@type":"ImageObject","inLanguage":"lt-LT","@id":"https:\/\/decolights.eu\/#\/schema\/logo\/image\/","url":"https:\/\/decolights.eu\/wp-content\/uploads\/2023\/07\/cropped-decolight-siteicon.png","contentUrl":"https:\/\/decolights.eu\/wp-content\/uploads\/2023\/07\/cropped-decolight-siteicon.png","width":512,"height":512,"caption":"decolights"},"image":{"@id":"https:\/\/decolights.eu\/#\/schema\/logo\/image\/"}}]}},"jetpack_sharing_enabled":true,"_links":{"self":[{"href":"https:\/\/decolights.eu\/lt\/wp-json\/wp\/v2\/product\/4740","targetHints":{"allow":["GET"]}}],"collection":[{"href":"https:\/\/decolights.eu\/lt\/wp-json\/wp\/v2\/product"}],"about":[{"href":"https:\/\/decolights.eu\/lt\/wp-json\/wp\/v2\/types\/product"}],"replies":[{"embeddable":true,"href":"https:\/\/decolights.eu\/lt\/wp-json\/wp\/v2\/comments?post=4740"}],"wp:featuredmedia":[{"embeddable":true,"href":"https:\/\/decolights.eu\/lt\/wp-json\/wp\/v2\/media\/4799"}],"wp:attachment":[{"href":"https:\/\/decolights.eu\/lt\/wp-json\/wp\/v2\/media?parent=4740"}],"wp:term":[{"taxonomy":"product_brand","embeddable":true,"href":"https:\/\/decolights.eu\/lt\/wp-json\/wp\/v2\/product_brand?post=4740"},{"taxonomy":"product_cat","embeddable":true,"href":"https:\/\/decolights.eu\/lt\/wp-json\/wp\/v2\/product_cat?post=4740"},{"taxonomy":"product_tag","embeddable":true,"href":"https:\/\/decolights.eu\/lt\/wp-json\/wp\/v2\/product_tag?post=4740"}],"curies":[{"name":"wp","href":"https:\/\/api.w.org\/{rel}","templated":true}]}}