{"id":5003,"date":"2023-04-01T04:25:43","date_gmt":"2023-04-01T04:25:43","guid":{"rendered":"https:\/\/decolights.eu\/?post_type=product&#038;p=5003"},"modified":"2023-05-02T00:31:32","modified_gmt":"2023-05-02T00:31:32","slug":"festoon-led-lights-shade-2","status":"publish","type":"product","link":"https:\/\/decolights.eu\/lt\/produktas-2\/festoon-led-lights-shade-2\/","title":{"rendered":"Festoon LED \u0161viestuvai Shade"},"content":{"rendered":"<p>Nice festoon LED lights Shade with 12 pcs smoke coloured covers in the shape of a small lamp shade. Lovely light chain to decorate with for party and everyday. Creates a beautiful light in the dark.<\/p>\n<ul>\n<li><strong>Spalva<\/strong>: smoky covers<\/li>\n<li><strong>LED spalva:\u00a0<\/strong>\u0161iltai balta<\/li>\n<li><strong>Lemp\u0173 skai\u010dius<\/strong><strong>: <\/strong>12 vnt<\/li>\n<li><strong>Visas ilgis (su maitinimo laido laidu): <\/strong>9,95 mln<\/li>\n<li><strong>\u0160viesos ilgis: <\/strong>4,95 mln<\/li>\n<li><strong>Maitinimo laidas:<\/strong> 5 mln<\/li>\n<li><strong>Vir\u0161elio dydis: <\/strong>9cm<\/li>\n<li><strong>Atstumas tarp lempu\u010di\u0173:<\/strong> 45cm<\/li>\n<li><strong>Kabelio spalva: <\/strong>juodas<\/li>\n<li><strong>Lemput\u0117:<\/strong> 0,60 W<\/li>\n<li><strong>IP \u012fvertinimas: <\/strong>IP44<\/li>\n<li><strong>Maitinimo \u0161altinis:\u00a0<\/strong>Prijungti<\/li>\n<li><strong>Kabelio med\u017eiaga:\u00a0<\/strong>PVC<\/li>\n<li><strong>Jungiamas:\u00a0<\/strong>Nr<\/li>\n<li><strong>Dangtelis \/ lizdas:\u00a0<\/strong>Nekei\u010diamas<\/li>\n<li><strong>CE sertifikatas:\u00a0<\/strong>Taip<\/li>\n<li>3V DC 2,1W<\/li>\n<\/ul>","protected":false},"excerpt":{"rendered":"<p>Nice festoon LED lights Shade with 12 pcs smoke coloured covers in the shape of a small lamp shade. Lovely light chain to decorate with for party and everyday. Creates a beautiful light in the dark. Colour: smoky covers LED Colour:\u00a0warm white Number of lamps: 12pcs Total length (included power lead cable): 9.95M Lit length: [&#8230;]\n","protected":false},"featured_media":5035,"comment_status":"open","ping_status":"closed","template":"","meta":[],"product_brand":[],"product_cat":[227,226],"product_tag":[],"class_list":{"0":"post-5003","1":"product","2":"type-product","3":"status-publish","4":"has-post-thumbnail","6":"product_cat-led-festoon-lights-outdoor-lights","7":"product_cat-outdoor-lights","8":"pa_brand-deco","9":"pa_led-colour-warm-white","11":"first","12":"instock","13":"sale","14":"shipping-taxable","15":"purchasable","16":"product-type-simple"},"yoast_head":"<!-- This site is optimized with the Yoast SEO plugin v27.3 - https:\/\/yoast.com\/product\/yoast-seo-wordpress\/ -->\n<title>Festoon LED lights Shade - Best price - Decolights.eu<\/title>\n<meta name=\"description\" content=\"Decorate your patio or garden with a nice festoon LED lights Shade to get a cozy atmosphere. Do not hesitate and buy now the get the best price!\" \/>\n<meta name=\"robots\" content=\"index, follow, max-snippet:-1, max-image-preview:large, max-video-preview:-1\" \/>\n<link rel=\"canonical\" href=\"https:\/\/decolights.eu\/lt\/produktas-2\/festoon-led-lights-shade-2\/\" \/>\n<meta property=\"og:locale\" content=\"lt_LT\" \/>\n<meta property=\"og:type\" content=\"article\" \/>\n<meta property=\"og:title\" content=\"Festoon LED lights Shade - Best price - Decolights.eu\" \/>\n<meta property=\"og:description\" content=\"Decorate your patio or garden with a nice festoon LED lights Shade to get a cozy atmosphere. Do not hesitate and buy now the get the best price!\" \/>\n<meta property=\"og:url\" content=\"https:\/\/decolights.eu\/lt\/produktas-2\/festoon-led-lights-shade-2\/\" \/>\n<meta property=\"og:site_name\" content=\"Decolights.eu\" \/>\n<meta property=\"article:modified_time\" content=\"2023-05-02T00:31:32+00:00\" \/>\n<meta property=\"og:image\" content=\"https:\/\/decolights.eu\/wp-content\/uploads\/2023\/04\/HR-JPG_476-92_MB_001.jpg\" \/>\n\t<meta property=\"og:image:width\" content=\"1000\" \/>\n\t<meta property=\"og:image:height\" content=\"1197\" \/>\n\t<meta property=\"og:image:type\" content=\"image\/jpeg\" \/>\n<meta name=\"twitter:card\" content=\"summary_large_image\" \/>\n<meta name=\"twitter:label1\" content=\"Est. reading time\" \/>\n\t<meta name=\"twitter:data1\" content=\"1 minut\u0117\" \/>\n<script type=\"application\/ld+json\" class=\"yoast-schema-graph\">{\"@context\":\"https:\\\/\\\/schema.org\",\"@graph\":[{\"@type\":\"WebPage\",\"@id\":\"https:\\\/\\\/decolights.eu\\\/product\\\/festoon-led-lights-shade-2\\\/\",\"url\":\"https:\\\/\\\/decolights.eu\\\/product\\\/festoon-led-lights-shade-2\\\/\",\"name\":\"Festoon LED lights Shade - Best price - Decolights.eu\",\"isPartOf\":{\"@id\":\"https:\\\/\\\/decolights.eu\\\/#website\"},\"primaryImageOfPage\":{\"@id\":\"https:\\\/\\\/decolights.eu\\\/product\\\/festoon-led-lights-shade-2\\\/#primaryimage\"},\"image\":{\"@id\":\"https:\\\/\\\/decolights.eu\\\/product\\\/festoon-led-lights-shade-2\\\/#primaryimage\"},\"thumbnailUrl\":\"https:\\\/\\\/decolights.eu\\\/wp-content\\\/uploads\\\/2023\\\/04\\\/HR-JPG_476-92_MB_001.jpg\",\"datePublished\":\"2023-04-01T04:25:43+00:00\",\"dateModified\":\"2023-05-02T00:31:32+00:00\",\"description\":\"Decorate your patio or garden with a nice festoon LED lights Shade to get a cozy atmosphere. Do not hesitate and buy now the get the best price!\",\"breadcrumb\":{\"@id\":\"https:\\\/\\\/decolights.eu\\\/product\\\/festoon-led-lights-shade-2\\\/#breadcrumb\"},\"inLanguage\":\"lt-LT\",\"potentialAction\":[{\"@type\":\"ReadAction\",\"target\":[\"https:\\\/\\\/decolights.eu\\\/product\\\/festoon-led-lights-shade-2\\\/\"]}]},{\"@type\":\"ImageObject\",\"inLanguage\":\"lt-LT\",\"@id\":\"https:\\\/\\\/decolights.eu\\\/product\\\/festoon-led-lights-shade-2\\\/#primaryimage\",\"url\":\"https:\\\/\\\/decolights.eu\\\/wp-content\\\/uploads\\\/2023\\\/04\\\/HR-JPG_476-92_MB_001.jpg\",\"contentUrl\":\"https:\\\/\\\/decolights.eu\\\/wp-content\\\/uploads\\\/2023\\\/04\\\/HR-JPG_476-92_MB_001.jpg\",\"width\":1000,\"height\":1197},{\"@type\":\"BreadcrumbList\",\"@id\":\"https:\\\/\\\/decolights.eu\\\/product\\\/festoon-led-lights-shade-2\\\/#breadcrumb\",\"itemListElement\":[{\"@type\":\"ListItem\",\"position\":1,\"name\":\"Shop\",\"item\":\"https:\\\/\\\/decolights.eu\\\/shop\\\/\"},{\"@type\":\"ListItem\",\"position\":2,\"name\":\"Festoon LED lights Shade\"}]},{\"@type\":\"WebSite\",\"@id\":\"https:\\\/\\\/decolights.eu\\\/#website\",\"url\":\"https:\\\/\\\/decolights.eu\\\/\",\"name\":\"decolights\",\"description\":\"Led Decorations for Home and Garden\",\"publisher\":{\"@id\":\"https:\\\/\\\/decolights.eu\\\/#organization\"},\"alternateName\":\"decolights.eu\",\"potentialAction\":[{\"@type\":\"SearchAction\",\"target\":{\"@type\":\"EntryPoint\",\"urlTemplate\":\"https:\\\/\\\/decolights.eu\\\/?s={search_term_string}\"},\"query-input\":{\"@type\":\"PropertyValueSpecification\",\"valueRequired\":true,\"valueName\":\"search_term_string\"}}],\"inLanguage\":\"lt-LT\"},{\"@type\":\"Organization\",\"@id\":\"https:\\\/\\\/decolights.eu\\\/#organization\",\"name\":\"decolights\",\"url\":\"https:\\\/\\\/decolights.eu\\\/\",\"logo\":{\"@type\":\"ImageObject\",\"inLanguage\":\"lt-LT\",\"@id\":\"https:\\\/\\\/decolights.eu\\\/#\\\/schema\\\/logo\\\/image\\\/\",\"url\":\"https:\\\/\\\/decolights.eu\\\/wp-content\\\/uploads\\\/2023\\\/07\\\/cropped-decolight-siteicon.png\",\"contentUrl\":\"https:\\\/\\\/decolights.eu\\\/wp-content\\\/uploads\\\/2023\\\/07\\\/cropped-decolight-siteicon.png\",\"width\":512,\"height\":512,\"caption\":\"decolights\"},\"image\":{\"@id\":\"https:\\\/\\\/decolights.eu\\\/#\\\/schema\\\/logo\\\/image\\\/\"}}]}<\/script>\n<!-- \/ Yoast SEO plugin. -->","yoast_head_json":{"title":"Festoon LED \u0161viestuvai Shade - Geriausia kaina - Decolights.eu","description":"Papuo\u0161kite savo teras\u0105 ar sod\u0105 gra\u017eiais LED \u0161viestuvais, kad sukurtum\u0117te jauki\u0105 atmosfer\u0105. Nedvejokite ir \u012fsigykite dabar u\u017e geriausi\u0105 kain\u0105!","robots":{"index":"index","follow":"follow","max-snippet":"max-snippet:-1","max-image-preview":"max-image-preview:large","max-video-preview":"max-video-preview:-1"},"canonical":"https:\/\/decolights.eu\/lt\/produktas-2\/festoon-led-lights-shade-2\/","og_locale":"lt_LT","og_type":"article","og_title":"Festoon LED lights Shade - Best price - Decolights.eu","og_description":"Decorate your patio or garden with a nice festoon LED lights Shade to get a cozy atmosphere. Do not hesitate and buy now the get the best price!","og_url":"https:\/\/decolights.eu\/lt\/produktas-2\/festoon-led-lights-shade-2\/","og_site_name":"Decolights.eu","article_modified_time":"2023-05-02T00:31:32+00:00","og_image":[{"width":1000,"height":1197,"url":"https:\/\/decolights.eu\/wp-content\/uploads\/2023\/04\/HR-JPG_476-92_MB_001.jpg","type":"image\/jpeg"}],"twitter_card":"summary_large_image","twitter_misc":{"Est. reading time":"1 minut\u0117"},"schema":{"@context":"https:\/\/schema.org","@graph":[{"@type":"WebPage","@id":"https:\/\/decolights.eu\/product\/festoon-led-lights-shade-2\/","url":"https:\/\/decolights.eu\/product\/festoon-led-lights-shade-2\/","name":"Festoon LED \u0161viestuvai Shade - Geriausia kaina - Decolights.eu","isPartOf":{"@id":"https:\/\/decolights.eu\/#website"},"primaryImageOfPage":{"@id":"https:\/\/decolights.eu\/product\/festoon-led-lights-shade-2\/#primaryimage"},"image":{"@id":"https:\/\/decolights.eu\/product\/festoon-led-lights-shade-2\/#primaryimage"},"thumbnailUrl":"https:\/\/decolights.eu\/wp-content\/uploads\/2023\/04\/HR-JPG_476-92_MB_001.jpg","datePublished":"2023-04-01T04:25:43+00:00","dateModified":"2023-05-02T00:31:32+00:00","description":"Papuo\u0161kite savo teras\u0105 ar sod\u0105 gra\u017eiais LED \u0161viestuvais, kad sukurtum\u0117te jauki\u0105 atmosfer\u0105. Nedvejokite ir \u012fsigykite dabar u\u017e geriausi\u0105 kain\u0105!","breadcrumb":{"@id":"https:\/\/decolights.eu\/product\/festoon-led-lights-shade-2\/#breadcrumb"},"inLanguage":"lt-LT","potentialAction":[{"@type":"ReadAction","target":["https:\/\/decolights.eu\/product\/festoon-led-lights-shade-2\/"]}]},{"@type":"ImageObject","inLanguage":"lt-LT","@id":"https:\/\/decolights.eu\/product\/festoon-led-lights-shade-2\/#primaryimage","url":"https:\/\/decolights.eu\/wp-content\/uploads\/2023\/04\/HR-JPG_476-92_MB_001.jpg","contentUrl":"https:\/\/decolights.eu\/wp-content\/uploads\/2023\/04\/HR-JPG_476-92_MB_001.jpg","width":1000,"height":1197},{"@type":"BreadcrumbList","@id":"https:\/\/decolights.eu\/product\/festoon-led-lights-shade-2\/#breadcrumb","itemListElement":[{"@type":"ListItem","position":1,"name":"Shop","item":"https:\/\/decolights.eu\/shop\/"},{"@type":"ListItem","position":2,"name":"Festoon LED lights Shade"}]},{"@type":"WebSite","@id":"https:\/\/decolights.eu\/#website","url":"https:\/\/decolights.eu\/","name":"papuo\u0161imai","description":"Led dekoracijos namams ir sodui","publisher":{"@id":"https:\/\/decolights.eu\/#organization"},"alternateName":"decolights.eu","potentialAction":[{"@type":"SearchAction","target":{"@type":"EntryPoint","urlTemplate":"https:\/\/decolights.eu\/?s={search_term_string}"},"query-input":{"@type":"PropertyValueSpecification","valueRequired":true,"valueName":"search_term_string"}}],"inLanguage":"lt-LT"},{"@type":"Organization","@id":"https:\/\/decolights.eu\/#organization","name":"papuo\u0161imai","url":"https:\/\/decolights.eu\/","logo":{"@type":"ImageObject","inLanguage":"lt-LT","@id":"https:\/\/decolights.eu\/#\/schema\/logo\/image\/","url":"https:\/\/decolights.eu\/wp-content\/uploads\/2023\/07\/cropped-decolight-siteicon.png","contentUrl":"https:\/\/decolights.eu\/wp-content\/uploads\/2023\/07\/cropped-decolight-siteicon.png","width":512,"height":512,"caption":"decolights"},"image":{"@id":"https:\/\/decolights.eu\/#\/schema\/logo\/image\/"}}]}},"jetpack_sharing_enabled":true,"_links":{"self":[{"href":"https:\/\/decolights.eu\/lt\/wp-json\/wp\/v2\/product\/5003","targetHints":{"allow":["GET"]}}],"collection":[{"href":"https:\/\/decolights.eu\/lt\/wp-json\/wp\/v2\/product"}],"about":[{"href":"https:\/\/decolights.eu\/lt\/wp-json\/wp\/v2\/types\/product"}],"replies":[{"embeddable":true,"href":"https:\/\/decolights.eu\/lt\/wp-json\/wp\/v2\/comments?post=5003"}],"wp:featuredmedia":[{"embeddable":true,"href":"https:\/\/decolights.eu\/lt\/wp-json\/wp\/v2\/media\/5035"}],"wp:attachment":[{"href":"https:\/\/decolights.eu\/lt\/wp-json\/wp\/v2\/media?parent=5003"}],"wp:term":[{"taxonomy":"product_brand","embeddable":true,"href":"https:\/\/decolights.eu\/lt\/wp-json\/wp\/v2\/product_brand?post=5003"},{"taxonomy":"product_cat","embeddable":true,"href":"https:\/\/decolights.eu\/lt\/wp-json\/wp\/v2\/product_cat?post=5003"},{"taxonomy":"product_tag","embeddable":true,"href":"https:\/\/decolights.eu\/lt\/wp-json\/wp\/v2\/product_tag?post=5003"}],"curies":[{"name":"wp","href":"https:\/\/api.w.org\/{rel}","templated":true}]}}