{"id":5052,"date":"2023-04-01T04:26:07","date_gmt":"2023-04-01T04:26:07","guid":{"rendered":"https:\/\/decolights.eu\/?post_type=product&#038;p=5052"},"modified":"2023-05-01T14:55:54","modified_gmt":"2023-05-01T14:55:54","slug":"rgb-festoon-led-lights-15m-15-bulbs","status":"publish","type":"product","link":"https:\/\/decolights.eu\/lt\/produktas-2\/rgb-festoon-led-lights-15m-15-bulbs\/","title":{"rendered":"RGB Festoon LED \u0161viestuvai 15M 15 lempu\u010di\u0173"},"content":{"rendered":"<p><strong>IKI\u00a0<\/strong><strong>21<\/strong><strong>\u00a0Ap\u0161vietimo re\u017eimai -<\/strong>\u00a0\u0161is unikalus ap\u0161vietimas turi net 21 skirting\u0105 ap\u0161vietimo re\u017eim\u0105, kurio d\u0117ka<strong>\u00a0sukuria unikali\u0105 ir nepakartojam\u0105 bet kokio interjero ir sodo apdail\u0105 bei atmosfer\u0105<\/strong>\u00a0. Lempos turi skirtingas ap\u0161vietimo sekas, kurias galima valdyti pridedamu nuotolinio valdymo pultu. Girliandas maitinamas i\u0161 elektros tinklo, tod\u0117l jums nereik\u0117s nuolat keisti baterij\u0173.<\/p>\n<p><strong>15 LEMPUT\u0116S<\/strong><strong>\u00a0LED \u2013\u00a0<\/strong>D\u0117l to, kad lempos yra LED, jos sunaudoja daug ma\u017eiau energijos nei tradiciniai \u0161viesos \u0161altiniai, nes \u0161vie\u010diant nei\u0161skiria \u0161ilumos. Dekoracijoje yra net 15 LED lempu\u010di\u0173, kurios pary\u0161kins net tamsiausi\u0105 interjer\u0105, padarys j\u012f jaukiu ir atmosferi\u0161ku.<\/p>\n<p><strong>Atsparus vandeniui \u2013\u00a0<\/strong>ornamentas yra atsparus vandeniui pagal IP65, o tai rei\u0161kia, kad jis yra apsaugotas nuo a\u00a0<strong>vandens srove (12,5 l\/min), pilama ant korpuso i\u0161 bet kurios pus\u0117s. Jis turi apsaug\u0105 nuo prieigos prie pavojing\u0173 dali\u0173 ir apsaug\u0105 nuo dulki\u0173.<\/strong><\/p>\n<div style=\"width: 1020px;\" class=\"wp-video\"><video class=\"wp-video-shortcode\" id=\"video-5052-1\" width=\"1020\" height=\"609\" preload=\"metadata\" controls=\"controls\"><source type=\"video\/mp4\" src=\"https:\/\/www.joulutuled.ee\/wp-content\/uploads\/2021\/07\/RGB_lambiketi_komplekt_15M_15_lampi.mp4?_=1\" \/><a href=\"https:\/\/www.joulutuled.ee\/wp-content\/uploads\/2021\/07\/RGB_lambiketi_komplekt_15M_15_lampi.mp4\">https:\/\/www.joulutuled.ee\/wp-content\/uploads\/2021\/07\/RGB_lambiketi_komplekt_15M_15_lampi.mp4<\/a><\/video><\/div>\n<p>&nbsp;<\/p>\n<ul>\n<li><strong>LED spalva:\u00a0<\/strong>RGB<\/li>\n<li><strong>Lemp\u0173 skai\u010dius<\/strong><strong>: <\/strong>15 vnt<\/li>\n<li><strong>Visas ilgis (su maitinimo laido laidu): <\/strong>15 mln<\/li>\n<li><strong>Maitinimo laidas:<\/strong> 1,40 mln<\/li>\n<li><strong>Atstumas tarp lempu\u010di\u0173:<\/strong> 90cm<\/li>\n<li><strong>Kabelio spalva: <\/strong>juodas<\/li>\n<li><strong>Lemput\u0117s:\u00a0<\/strong>0,60 W<\/li>\n<li><strong>IP \u012fvertinimas: <\/strong>IP65<\/li>\n<li><strong>Maitinimo \u0161altinis:\u00a0<\/strong>Prijungti<\/li>\n<li><strong>Kabelio med\u017eiaga:\u00a0<\/strong>PVC<\/li>\n<li><strong>Nuotolinio valdymo pultas:\u00a0<\/strong>Taip<\/li>\n<li><strong>Jungiamas:\u00a0<\/strong>Taip (ne daugiau kaip 3 rinkiniai)<\/li>\n<li><strong>Dangtelis \/ lizdas:\u00a0<\/strong>Kei\u010diama (E27 tik to paties tipo RGB lemput\u0117ms)<\/li>\n<li><strong>CE sertifikatas:\u00a0<\/strong>Taip<\/li>\n<li>220-240V<\/li>\n<\/ul>","protected":false},"excerpt":{"rendered":"<p>UNTIL\u00a021\u00a0LIGHTING MODES &#8211;\u00a0this unique lighting has as many as 21 different lighting modes, thanks to which\u00a0creates a unique and unique decoration and atmosphere of any interior and garden\u00a0. The lamps have different lighting sequences that can be controlled with the included remote control. The garland is powered from the mains, so you do not have [&#8230;]\n","protected":false},"featured_media":5126,"comment_status":"open","ping_status":"closed","template":"","meta":[],"product_brand":[],"product_cat":[227,226],"product_tag":[],"class_list":{"0":"post-5052","1":"product","2":"type-product","3":"status-publish","4":"has-post-thumbnail","6":"product_cat-led-festoon-lights-outdoor-lights","7":"product_cat-outdoor-lights","8":"pa_brand-deco","9":"pa_led-colour-multi-coloured","11":"first","12":"instock","13":"sale","14":"shipping-taxable","15":"purchasable","16":"product-type-simple"},"yoast_head":"<!-- This site is optimized with the Yoast SEO plugin v27.3 - https:\/\/yoast.com\/product\/yoast-seo-wordpress\/ -->\n<title>RGB Festoon LED lights 15M 15 bulbs - Best price - Decolights.eu<\/title>\n<meta name=\"description\" content=\"Decorate your patio or garden with a nice festoon RGB LED lights with hanging bulbs to get an outstanding atmosphere. Buy now the get the best price!\" \/>\n<meta name=\"robots\" content=\"index, follow, max-snippet:-1, max-image-preview:large, max-video-preview:-1\" \/>\n<link rel=\"canonical\" href=\"https:\/\/decolights.eu\/lt\/produktas-2\/rgb-festoon-led-lights-15m-15-bulbs\/\" \/>\n<meta property=\"og:locale\" content=\"lt_LT\" \/>\n<meta property=\"og:type\" content=\"article\" \/>\n<meta property=\"og:title\" content=\"RGB Festoon LED lights 15M 15 bulbs - Best price - Decolights.eu\" \/>\n<meta property=\"og:description\" content=\"Decorate your patio or garden with a nice festoon RGB LED lights with hanging bulbs to get an outstanding atmosphere. Buy now the get the best price!\" \/>\n<meta property=\"og:url\" content=\"https:\/\/decolights.eu\/lt\/produktas-2\/rgb-festoon-led-lights-15m-15-bulbs\/\" \/>\n<meta property=\"og:site_name\" content=\"Decolights.eu\" \/>\n<meta property=\"article:modified_time\" content=\"2023-05-01T14:55:54+00:00\" \/>\n<meta property=\"og:image\" content=\"https:\/\/decolights.eu\/wp-content\/uploads\/2023\/04\/Hanging-garden-garland-15m-12V-IP65-15323_7.jpg\" \/>\n\t<meta property=\"og:image:width\" content=\"1500\" \/>\n\t<meta property=\"og:image:height\" content=\"1457\" \/>\n\t<meta property=\"og:image:type\" content=\"image\/jpeg\" \/>\n<meta name=\"twitter:card\" content=\"summary_large_image\" \/>\n<meta name=\"twitter:label1\" content=\"Est. reading time\" \/>\n\t<meta name=\"twitter:data1\" content=\"1 minut\u0117\" \/>\n<script type=\"application\/ld+json\" class=\"yoast-schema-graph\">{\"@context\":\"https:\\\/\\\/schema.org\",\"@graph\":[{\"@type\":\"WebPage\",\"@id\":\"https:\\\/\\\/decolights.eu\\\/product\\\/rgb-festoon-led-lights-15m-15-bulbs\\\/\",\"url\":\"https:\\\/\\\/decolights.eu\\\/product\\\/rgb-festoon-led-lights-15m-15-bulbs\\\/\",\"name\":\"RGB Festoon LED lights 15M 15 bulbs - Best price - Decolights.eu\",\"isPartOf\":{\"@id\":\"https:\\\/\\\/decolights.eu\\\/#website\"},\"primaryImageOfPage\":{\"@id\":\"https:\\\/\\\/decolights.eu\\\/product\\\/rgb-festoon-led-lights-15m-15-bulbs\\\/#primaryimage\"},\"image\":{\"@id\":\"https:\\\/\\\/decolights.eu\\\/product\\\/rgb-festoon-led-lights-15m-15-bulbs\\\/#primaryimage\"},\"thumbnailUrl\":\"https:\\\/\\\/decolights.eu\\\/wp-content\\\/uploads\\\/2023\\\/04\\\/Hanging-garden-garland-15m-12V-IP65-15323_7.jpg\",\"datePublished\":\"2023-04-01T04:26:07+00:00\",\"dateModified\":\"2023-05-01T14:55:54+00:00\",\"description\":\"Decorate your patio or garden with a nice festoon RGB LED lights with hanging bulbs to get an outstanding atmosphere. Buy now the get the best price!\",\"breadcrumb\":{\"@id\":\"https:\\\/\\\/decolights.eu\\\/product\\\/rgb-festoon-led-lights-15m-15-bulbs\\\/#breadcrumb\"},\"inLanguage\":\"lt-LT\",\"potentialAction\":[{\"@type\":\"ReadAction\",\"target\":[\"https:\\\/\\\/decolights.eu\\\/product\\\/rgb-festoon-led-lights-15m-15-bulbs\\\/\"]}]},{\"@type\":\"ImageObject\",\"inLanguage\":\"lt-LT\",\"@id\":\"https:\\\/\\\/decolights.eu\\\/product\\\/rgb-festoon-led-lights-15m-15-bulbs\\\/#primaryimage\",\"url\":\"https:\\\/\\\/decolights.eu\\\/wp-content\\\/uploads\\\/2023\\\/04\\\/Hanging-garden-garland-15m-12V-IP65-15323_7.jpg\",\"contentUrl\":\"https:\\\/\\\/decolights.eu\\\/wp-content\\\/uploads\\\/2023\\\/04\\\/Hanging-garden-garland-15m-12V-IP65-15323_7.jpg\",\"width\":1500,\"height\":1457},{\"@type\":\"BreadcrumbList\",\"@id\":\"https:\\\/\\\/decolights.eu\\\/product\\\/rgb-festoon-led-lights-15m-15-bulbs\\\/#breadcrumb\",\"itemListElement\":[{\"@type\":\"ListItem\",\"position\":1,\"name\":\"Shop\",\"item\":\"https:\\\/\\\/decolights.eu\\\/shop\\\/\"},{\"@type\":\"ListItem\",\"position\":2,\"name\":\"RGB Festoon LED lights 15M 15 bulbs\"}]},{\"@type\":\"WebSite\",\"@id\":\"https:\\\/\\\/decolights.eu\\\/#website\",\"url\":\"https:\\\/\\\/decolights.eu\\\/\",\"name\":\"decolights\",\"description\":\"Led Decorations for Home and Garden\",\"publisher\":{\"@id\":\"https:\\\/\\\/decolights.eu\\\/#organization\"},\"alternateName\":\"decolights.eu\",\"potentialAction\":[{\"@type\":\"SearchAction\",\"target\":{\"@type\":\"EntryPoint\",\"urlTemplate\":\"https:\\\/\\\/decolights.eu\\\/?s={search_term_string}\"},\"query-input\":{\"@type\":\"PropertyValueSpecification\",\"valueRequired\":true,\"valueName\":\"search_term_string\"}}],\"inLanguage\":\"lt-LT\"},{\"@type\":\"Organization\",\"@id\":\"https:\\\/\\\/decolights.eu\\\/#organization\",\"name\":\"decolights\",\"url\":\"https:\\\/\\\/decolights.eu\\\/\",\"logo\":{\"@type\":\"ImageObject\",\"inLanguage\":\"lt-LT\",\"@id\":\"https:\\\/\\\/decolights.eu\\\/#\\\/schema\\\/logo\\\/image\\\/\",\"url\":\"https:\\\/\\\/decolights.eu\\\/wp-content\\\/uploads\\\/2023\\\/07\\\/cropped-decolight-siteicon.png\",\"contentUrl\":\"https:\\\/\\\/decolights.eu\\\/wp-content\\\/uploads\\\/2023\\\/07\\\/cropped-decolight-siteicon.png\",\"width\":512,\"height\":512,\"caption\":\"decolights\"},\"image\":{\"@id\":\"https:\\\/\\\/decolights.eu\\\/#\\\/schema\\\/logo\\\/image\\\/\"}}]}<\/script>\n<!-- \/ Yoast SEO plugin. -->","yoast_head_json":{"title":"RGB Festoon LED \u0161viestuvai 15M 15 lempu\u010di\u0173 - Geriausia kaina - Decolights.eu","description":"Papuo\u0161kite savo teras\u0105 ar sod\u0105 gra\u017eiais RGB LED \u0161viestuvais su pakabinamomis lemput\u0117mis, kad sukurtum\u0117te i\u0161skirtin\u0119 atmosfer\u0105. Pirkite dabar ir gaukite geriausi\u0105 kain\u0105!","robots":{"index":"index","follow":"follow","max-snippet":"max-snippet:-1","max-image-preview":"max-image-preview:large","max-video-preview":"max-video-preview:-1"},"canonical":"https:\/\/decolights.eu\/lt\/produktas-2\/rgb-festoon-led-lights-15m-15-bulbs\/","og_locale":"lt_LT","og_type":"article","og_title":"RGB Festoon LED lights 15M 15 bulbs - Best price - Decolights.eu","og_description":"Decorate your patio or garden with a nice festoon RGB LED lights with hanging bulbs to get an outstanding atmosphere. Buy now the get the best price!","og_url":"https:\/\/decolights.eu\/lt\/produktas-2\/rgb-festoon-led-lights-15m-15-bulbs\/","og_site_name":"Decolights.eu","article_modified_time":"2023-05-01T14:55:54+00:00","og_image":[{"width":1500,"height":1457,"url":"https:\/\/decolights.eu\/wp-content\/uploads\/2023\/04\/Hanging-garden-garland-15m-12V-IP65-15323_7.jpg","type":"image\/jpeg"}],"twitter_card":"summary_large_image","twitter_misc":{"Est. reading time":"1 minut\u0117"},"schema":{"@context":"https:\/\/schema.org","@graph":[{"@type":"WebPage","@id":"https:\/\/decolights.eu\/product\/rgb-festoon-led-lights-15m-15-bulbs\/","url":"https:\/\/decolights.eu\/product\/rgb-festoon-led-lights-15m-15-bulbs\/","name":"RGB Festoon LED \u0161viestuvai 15M 15 lempu\u010di\u0173 - Geriausia kaina - Decolights.eu","isPartOf":{"@id":"https:\/\/decolights.eu\/#website"},"primaryImageOfPage":{"@id":"https:\/\/decolights.eu\/product\/rgb-festoon-led-lights-15m-15-bulbs\/#primaryimage"},"image":{"@id":"https:\/\/decolights.eu\/product\/rgb-festoon-led-lights-15m-15-bulbs\/#primaryimage"},"thumbnailUrl":"https:\/\/decolights.eu\/wp-content\/uploads\/2023\/04\/Hanging-garden-garland-15m-12V-IP65-15323_7.jpg","datePublished":"2023-04-01T04:26:07+00:00","dateModified":"2023-05-01T14:55:54+00:00","description":"Papuo\u0161kite savo teras\u0105 ar sod\u0105 gra\u017eiais RGB LED \u0161viestuvais su pakabinamomis lemput\u0117mis, kad sukurtum\u0117te i\u0161skirtin\u0119 atmosfer\u0105. Pirkite dabar ir gaukite geriausi\u0105 kain\u0105!","breadcrumb":{"@id":"https:\/\/decolights.eu\/product\/rgb-festoon-led-lights-15m-15-bulbs\/#breadcrumb"},"inLanguage":"lt-LT","potentialAction":[{"@type":"ReadAction","target":["https:\/\/decolights.eu\/product\/rgb-festoon-led-lights-15m-15-bulbs\/"]}]},{"@type":"ImageObject","inLanguage":"lt-LT","@id":"https:\/\/decolights.eu\/product\/rgb-festoon-led-lights-15m-15-bulbs\/#primaryimage","url":"https:\/\/decolights.eu\/wp-content\/uploads\/2023\/04\/Hanging-garden-garland-15m-12V-IP65-15323_7.jpg","contentUrl":"https:\/\/decolights.eu\/wp-content\/uploads\/2023\/04\/Hanging-garden-garland-15m-12V-IP65-15323_7.jpg","width":1500,"height":1457},{"@type":"BreadcrumbList","@id":"https:\/\/decolights.eu\/product\/rgb-festoon-led-lights-15m-15-bulbs\/#breadcrumb","itemListElement":[{"@type":"ListItem","position":1,"name":"Shop","item":"https:\/\/decolights.eu\/shop\/"},{"@type":"ListItem","position":2,"name":"RGB Festoon LED lights 15M 15 bulbs"}]},{"@type":"WebSite","@id":"https:\/\/decolights.eu\/#website","url":"https:\/\/decolights.eu\/","name":"papuo\u0161imai","description":"Led dekoracijos namams ir sodui","publisher":{"@id":"https:\/\/decolights.eu\/#organization"},"alternateName":"decolights.eu","potentialAction":[{"@type":"SearchAction","target":{"@type":"EntryPoint","urlTemplate":"https:\/\/decolights.eu\/?s={search_term_string}"},"query-input":{"@type":"PropertyValueSpecification","valueRequired":true,"valueName":"search_term_string"}}],"inLanguage":"lt-LT"},{"@type":"Organization","@id":"https:\/\/decolights.eu\/#organization","name":"papuo\u0161imai","url":"https:\/\/decolights.eu\/","logo":{"@type":"ImageObject","inLanguage":"lt-LT","@id":"https:\/\/decolights.eu\/#\/schema\/logo\/image\/","url":"https:\/\/decolights.eu\/wp-content\/uploads\/2023\/07\/cropped-decolight-siteicon.png","contentUrl":"https:\/\/decolights.eu\/wp-content\/uploads\/2023\/07\/cropped-decolight-siteicon.png","width":512,"height":512,"caption":"decolights"},"image":{"@id":"https:\/\/decolights.eu\/#\/schema\/logo\/image\/"}}]}},"jetpack_sharing_enabled":true,"_links":{"self":[{"href":"https:\/\/decolights.eu\/lt\/wp-json\/wp\/v2\/product\/5052","targetHints":{"allow":["GET"]}}],"collection":[{"href":"https:\/\/decolights.eu\/lt\/wp-json\/wp\/v2\/product"}],"about":[{"href":"https:\/\/decolights.eu\/lt\/wp-json\/wp\/v2\/types\/product"}],"replies":[{"embeddable":true,"href":"https:\/\/decolights.eu\/lt\/wp-json\/wp\/v2\/comments?post=5052"}],"wp:featuredmedia":[{"embeddable":true,"href":"https:\/\/decolights.eu\/lt\/wp-json\/wp\/v2\/media\/5126"}],"wp:attachment":[{"href":"https:\/\/decolights.eu\/lt\/wp-json\/wp\/v2\/media?parent=5052"}],"wp:term":[{"taxonomy":"product_brand","embeddable":true,"href":"https:\/\/decolights.eu\/lt\/wp-json\/wp\/v2\/product_brand?post=5052"},{"taxonomy":"product_cat","embeddable":true,"href":"https:\/\/decolights.eu\/lt\/wp-json\/wp\/v2\/product_cat?post=5052"},{"taxonomy":"product_tag","embeddable":true,"href":"https:\/\/decolights.eu\/lt\/wp-json\/wp\/v2\/product_tag?post=5052"}],"curies":[{"name":"wp","href":"https:\/\/api.w.org\/{rel}","templated":true}]}}