{"id":5085,"date":"2023-04-01T04:26:33","date_gmt":"2023-04-01T04:26:33","guid":{"rendered":"https:\/\/decolights.eu\/?post_type=product&#038;p=5085"},"modified":"2023-05-09T12:31:23","modified_gmt":"2023-05-09T12:31:23","slug":"smart-twinkly-icicle-lights-special-edition-190-rgbw-leds-gen-ii","status":"publish","type":"product","link":"https:\/\/decolights.eu\/lt\/produktas-2\/smart-twinkly-icicle-lights-special-edition-190-rgbw-leds-gen-ii\/","title":{"rendered":"\u201eSmart Twinkly Icicle\u201c \u017eibintai, specialus leidimas 190 RGB+W \u0161viesos diod\u0173 (II kartos)"},"content":{"rendered":"<p>\u201eTwinkly Christmas\u201c ap\u0161vietimas sujungia \u012fvairiaspalvius RGB+W LED \u0161viestuvus ir i\u0161mani\u0105sias technologijas. Galite valdyti \u0161viesas per \u201eWi-Fi\u201c tinkl\u0105 arba naudodami \u201eBluetooth\u201c \u2013 sukurkite b\u016btent tok\u012f ap\u0161vietim\u0105 ir model\u012f, kokio norite. Naudokite skirtingus efektus ir animacijas. <strong>MusicSync<\/strong> leid\u017eia ap\u0161vietim\u0105 sujungti su muzika.<\/p>\n<p>\u201eTwinkly\u201c taip pat veikia su \u201eGoogle Assistant\u201c ir \u201eAmazon Alexa\u201c virtualiais asistentais. Jis yra IP44, tod\u0117l \u0161viestuvai tinka naudoti viduje ir lauke.<\/p>\n<p><strong>Bendras kal\u0117dini\u0173 varvekli\u0173 \u017eiburi\u0173 ilgis yra 8,5 metro (i\u0161 j\u0173 5 metrai ap\u0161viesti) ir jame yra 900 \u0161viesos diod\u0173. \u0160viestuv\u0173 tarnavimo laikas vir\u0161ija 30 000 valand\u0173.<\/strong><\/p>\n<p>&nbsp;<\/p>\n<p><iframe loading=\"lazy\" title=\"\u201eTwinkly Generation II\u201c \u2013 funkcijos\" width=\"1020\" height=\"574\" src=\"https:\/\/www.youtube.com\/embed\/w7tGW7_j2jA?feature=oembed\" frameborder=\"0\" allow=\"accelerometer; autoplay; clipboard-write; encrypted-media; gyroscope; picture-in-picture; web-share\" allowfullscreen><\/iframe><\/p>\n<p><em>PS: Vaizdo \u012fra\u0161as yra iliustratyvus ir duotas produktas gali netur\u0117ti vis\u0173 vaizdo \u012fra\u0161e nurodyt\u0173 funkcij\u0173.<\/em><\/p>\n<p><strong>IP \u012fvertinimas:<\/strong> IP44<br \/>\n<strong>\u0160viesos diod\u0173 skai\u010dius:<\/strong> 900 vnt<br \/>\n<strong>Muzikos sinchronizavimas:<\/strong> Taip, tik \u201eTwinkly Music\u201c USB mikrofonas<br \/>\n<strong>Ry\u0161ys:<\/strong> Bluetooth\u00ae ir Wi-Fi<\/p>","protected":false},"excerpt":{"rendered":"<p>Twinkly Christmas lighting combines multi-colored RGB+W LED lights and smart technologies. You can control the lights over a Wi-Fi network or using Bluetooth &#8211; create exactly the kind of lighting and pattern you like. Use different effects and animations. MusicSync allows lighting to be connected to music. Twinkly also works with Google Assistant and Amazon [&#8230;]\n","protected":false},"featured_media":5170,"comment_status":"open","ping_status":"closed","template":"","meta":[],"product_brand":[],"product_cat":[226,235],"product_tag":[],"class_list":{"0":"post-5085","1":"product","2":"type-product","3":"status-publish","4":"has-post-thumbnail","6":"product_cat-outdoor-lights","7":"product_cat-twinkly-outdoor-lights","8":"pa_brand-twinkly","9":"pa_led-colour-multi-coloured","11":"first","12":"instock","13":"sale","14":"shipping-taxable","15":"purchasable","16":"product-type-simple"},"yoast_head":"<!-- This site is optimized with the Yoast SEO plugin v27.3 - https:\/\/yoast.com\/product\/yoast-seo-wordpress\/ -->\n<title>Smart Twinkly Icicle lights Special Edition 190 RGB+W LEDs (Gen II) - Decolights.eu<\/title>\n<meta name=\"description\" content=\"Twinkly icicle lights is a smart light chain with RGB+W LED lights that can be controlled via app and voice assistants. Get it now for the best price!\" \/>\n<meta name=\"robots\" content=\"index, follow, max-snippet:-1, max-image-preview:large, max-video-preview:-1\" \/>\n<link rel=\"canonical\" href=\"https:\/\/decolights.eu\/lt\/produktas-2\/smart-twinkly-icicle-lights-special-edition-190-rgbw-leds-gen-ii\/\" \/>\n<meta property=\"og:locale\" content=\"lt_LT\" \/>\n<meta property=\"og:type\" content=\"article\" \/>\n<meta property=\"og:title\" content=\"Smart Twinkly Icicle lights Special Edition 190 RGB+W LEDs (Gen II) - Decolights.eu\" \/>\n<meta property=\"og:description\" content=\"Twinkly icicle lights is a smart light chain with RGB+W LED lights that can be controlled via app and voice assistants. Get it now for the best price!\" \/>\n<meta property=\"og:url\" content=\"https:\/\/decolights.eu\/lt\/produktas-2\/smart-twinkly-icicle-lights-special-edition-190-rgbw-leds-gen-ii\/\" \/>\n<meta property=\"og:site_name\" content=\"Decolights.eu\" \/>\n<meta property=\"article:modified_time\" content=\"2023-05-09T12:31:23+00:00\" \/>\n<meta property=\"og:image\" content=\"https:\/\/decolights.eu\/wp-content\/uploads\/2023\/04\/TWINKLY-ICICLE2.jpg\" \/>\n\t<meta property=\"og:image:width\" content=\"800\" \/>\n\t<meta property=\"og:image:height\" content=\"800\" \/>\n\t<meta property=\"og:image:type\" content=\"image\/jpeg\" \/>\n<meta name=\"twitter:card\" content=\"summary_large_image\" \/>\n<meta name=\"twitter:label1\" content=\"Est. reading time\" \/>\n\t<meta name=\"twitter:data1\" content=\"1 minut\u0117\" \/>\n<script type=\"application\/ld+json\" class=\"yoast-schema-graph\">{\"@context\":\"https:\\\/\\\/schema.org\",\"@graph\":[{\"@type\":\"WebPage\",\"@id\":\"https:\\\/\\\/decolights.eu\\\/product\\\/smart-twinkly-icicle-lights-special-edition-190-rgbw-leds-gen-ii\\\/\",\"url\":\"https:\\\/\\\/decolights.eu\\\/product\\\/smart-twinkly-icicle-lights-special-edition-190-rgbw-leds-gen-ii\\\/\",\"name\":\"Smart Twinkly Icicle lights Special Edition 190 RGB+W LEDs (Gen II) - Decolights.eu\",\"isPartOf\":{\"@id\":\"https:\\\/\\\/decolights.eu\\\/#website\"},\"primaryImageOfPage\":{\"@id\":\"https:\\\/\\\/decolights.eu\\\/product\\\/smart-twinkly-icicle-lights-special-edition-190-rgbw-leds-gen-ii\\\/#primaryimage\"},\"image\":{\"@id\":\"https:\\\/\\\/decolights.eu\\\/product\\\/smart-twinkly-icicle-lights-special-edition-190-rgbw-leds-gen-ii\\\/#primaryimage\"},\"thumbnailUrl\":\"https:\\\/\\\/decolights.eu\\\/wp-content\\\/uploads\\\/2023\\\/04\\\/TWINKLY-ICICLE2.jpg\",\"datePublished\":\"2023-04-01T04:26:33+00:00\",\"dateModified\":\"2023-05-09T12:31:23+00:00\",\"description\":\"Twinkly icicle lights is a smart light chain with RGB+W LED lights that can be controlled via app and voice assistants. Get it now for the best price!\",\"breadcrumb\":{\"@id\":\"https:\\\/\\\/decolights.eu\\\/product\\\/smart-twinkly-icicle-lights-special-edition-190-rgbw-leds-gen-ii\\\/#breadcrumb\"},\"inLanguage\":\"lt-LT\",\"potentialAction\":[{\"@type\":\"ReadAction\",\"target\":[\"https:\\\/\\\/decolights.eu\\\/product\\\/smart-twinkly-icicle-lights-special-edition-190-rgbw-leds-gen-ii\\\/\"]}]},{\"@type\":\"ImageObject\",\"inLanguage\":\"lt-LT\",\"@id\":\"https:\\\/\\\/decolights.eu\\\/product\\\/smart-twinkly-icicle-lights-special-edition-190-rgbw-leds-gen-ii\\\/#primaryimage\",\"url\":\"https:\\\/\\\/decolights.eu\\\/wp-content\\\/uploads\\\/2023\\\/04\\\/TWINKLY-ICICLE2.jpg\",\"contentUrl\":\"https:\\\/\\\/decolights.eu\\\/wp-content\\\/uploads\\\/2023\\\/04\\\/TWINKLY-ICICLE2.jpg\",\"width\":800,\"height\":800},{\"@type\":\"BreadcrumbList\",\"@id\":\"https:\\\/\\\/decolights.eu\\\/product\\\/smart-twinkly-icicle-lights-special-edition-190-rgbw-leds-gen-ii\\\/#breadcrumb\",\"itemListElement\":[{\"@type\":\"ListItem\",\"position\":1,\"name\":\"Shop\",\"item\":\"https:\\\/\\\/decolights.eu\\\/shop\\\/\"},{\"@type\":\"ListItem\",\"position\":2,\"name\":\"Smart Twinkly Icicle lights Special Edition 190 RGB+W LEDs (Gen II)\"}]},{\"@type\":\"WebSite\",\"@id\":\"https:\\\/\\\/decolights.eu\\\/#website\",\"url\":\"https:\\\/\\\/decolights.eu\\\/\",\"name\":\"decolights\",\"description\":\"Led Decorations for Home and Garden\",\"publisher\":{\"@id\":\"https:\\\/\\\/decolights.eu\\\/#organization\"},\"alternateName\":\"decolights.eu\",\"potentialAction\":[{\"@type\":\"SearchAction\",\"target\":{\"@type\":\"EntryPoint\",\"urlTemplate\":\"https:\\\/\\\/decolights.eu\\\/?s={search_term_string}\"},\"query-input\":{\"@type\":\"PropertyValueSpecification\",\"valueRequired\":true,\"valueName\":\"search_term_string\"}}],\"inLanguage\":\"lt-LT\"},{\"@type\":\"Organization\",\"@id\":\"https:\\\/\\\/decolights.eu\\\/#organization\",\"name\":\"decolights\",\"url\":\"https:\\\/\\\/decolights.eu\\\/\",\"logo\":{\"@type\":\"ImageObject\",\"inLanguage\":\"lt-LT\",\"@id\":\"https:\\\/\\\/decolights.eu\\\/#\\\/schema\\\/logo\\\/image\\\/\",\"url\":\"https:\\\/\\\/decolights.eu\\\/wp-content\\\/uploads\\\/2023\\\/07\\\/cropped-decolight-siteicon.png\",\"contentUrl\":\"https:\\\/\\\/decolights.eu\\\/wp-content\\\/uploads\\\/2023\\\/07\\\/cropped-decolight-siteicon.png\",\"width\":512,\"height\":512,\"caption\":\"decolights\"},\"image\":{\"@id\":\"https:\\\/\\\/decolights.eu\\\/#\\\/schema\\\/logo\\\/image\\\/\"}}]}<\/script>\n<!-- \/ Yoast SEO plugin. -->","yoast_head_json":{"title":"\u201eSmart Twinkly Icicle\u201c \u017eibintai Specialioji versija 190 RGB+W LED (II kartos) - Decolights.eu","description":"Twinkly icicle lights \u2013 tai i\u0161mani \u0161viesos grandin\u0117 su RGB+W LED lemput\u0117mis, kurias galima valdyti program\u0117l\u0117mis ir balso asistentais. \u012esigykite dabar u\u017e geriausi\u0105 kain\u0105!","robots":{"index":"index","follow":"follow","max-snippet":"max-snippet:-1","max-image-preview":"max-image-preview:large","max-video-preview":"max-video-preview:-1"},"canonical":"https:\/\/decolights.eu\/lt\/produktas-2\/smart-twinkly-icicle-lights-special-edition-190-rgbw-leds-gen-ii\/","og_locale":"lt_LT","og_type":"article","og_title":"Smart Twinkly Icicle lights Special Edition 190 RGB+W LEDs (Gen II) - Decolights.eu","og_description":"Twinkly icicle lights is a smart light chain with RGB+W LED lights that can be controlled via app and voice assistants. Get it now for the best price!","og_url":"https:\/\/decolights.eu\/lt\/produktas-2\/smart-twinkly-icicle-lights-special-edition-190-rgbw-leds-gen-ii\/","og_site_name":"Decolights.eu","article_modified_time":"2023-05-09T12:31:23+00:00","og_image":[{"width":800,"height":800,"url":"https:\/\/decolights.eu\/wp-content\/uploads\/2023\/04\/TWINKLY-ICICLE2.jpg","type":"image\/jpeg"}],"twitter_card":"summary_large_image","twitter_misc":{"Est. reading time":"1 minut\u0117"},"schema":{"@context":"https:\/\/schema.org","@graph":[{"@type":"WebPage","@id":"https:\/\/decolights.eu\/product\/smart-twinkly-icicle-lights-special-edition-190-rgbw-leds-gen-ii\/","url":"https:\/\/decolights.eu\/product\/smart-twinkly-icicle-lights-special-edition-190-rgbw-leds-gen-ii\/","name":"\u201eSmart Twinkly Icicle\u201c \u017eibintai Specialioji versija 190 RGB+W LED (II kartos) - Decolights.eu","isPartOf":{"@id":"https:\/\/decolights.eu\/#website"},"primaryImageOfPage":{"@id":"https:\/\/decolights.eu\/product\/smart-twinkly-icicle-lights-special-edition-190-rgbw-leds-gen-ii\/#primaryimage"},"image":{"@id":"https:\/\/decolights.eu\/product\/smart-twinkly-icicle-lights-special-edition-190-rgbw-leds-gen-ii\/#primaryimage"},"thumbnailUrl":"https:\/\/decolights.eu\/wp-content\/uploads\/2023\/04\/TWINKLY-ICICLE2.jpg","datePublished":"2023-04-01T04:26:33+00:00","dateModified":"2023-05-09T12:31:23+00:00","description":"Twinkly icicle lights \u2013 tai i\u0161mani \u0161viesos grandin\u0117 su RGB+W LED lemput\u0117mis, kurias galima valdyti program\u0117l\u0117mis ir balso asistentais. \u012esigykite dabar u\u017e geriausi\u0105 kain\u0105!","breadcrumb":{"@id":"https:\/\/decolights.eu\/product\/smart-twinkly-icicle-lights-special-edition-190-rgbw-leds-gen-ii\/#breadcrumb"},"inLanguage":"lt-LT","potentialAction":[{"@type":"ReadAction","target":["https:\/\/decolights.eu\/product\/smart-twinkly-icicle-lights-special-edition-190-rgbw-leds-gen-ii\/"]}]},{"@type":"ImageObject","inLanguage":"lt-LT","@id":"https:\/\/decolights.eu\/product\/smart-twinkly-icicle-lights-special-edition-190-rgbw-leds-gen-ii\/#primaryimage","url":"https:\/\/decolights.eu\/wp-content\/uploads\/2023\/04\/TWINKLY-ICICLE2.jpg","contentUrl":"https:\/\/decolights.eu\/wp-content\/uploads\/2023\/04\/TWINKLY-ICICLE2.jpg","width":800,"height":800},{"@type":"BreadcrumbList","@id":"https:\/\/decolights.eu\/product\/smart-twinkly-icicle-lights-special-edition-190-rgbw-leds-gen-ii\/#breadcrumb","itemListElement":[{"@type":"ListItem","position":1,"name":"Shop","item":"https:\/\/decolights.eu\/shop\/"},{"@type":"ListItem","position":2,"name":"Smart Twinkly Icicle lights Special Edition 190 RGB+W LEDs (Gen II)"}]},{"@type":"WebSite","@id":"https:\/\/decolights.eu\/#website","url":"https:\/\/decolights.eu\/","name":"papuo\u0161imai","description":"Led dekoracijos namams ir sodui","publisher":{"@id":"https:\/\/decolights.eu\/#organization"},"alternateName":"decolights.eu","potentialAction":[{"@type":"SearchAction","target":{"@type":"EntryPoint","urlTemplate":"https:\/\/decolights.eu\/?s={search_term_string}"},"query-input":{"@type":"PropertyValueSpecification","valueRequired":true,"valueName":"search_term_string"}}],"inLanguage":"lt-LT"},{"@type":"Organization","@id":"https:\/\/decolights.eu\/#organization","name":"papuo\u0161imai","url":"https:\/\/decolights.eu\/","logo":{"@type":"ImageObject","inLanguage":"lt-LT","@id":"https:\/\/decolights.eu\/#\/schema\/logo\/image\/","url":"https:\/\/decolights.eu\/wp-content\/uploads\/2023\/07\/cropped-decolight-siteicon.png","contentUrl":"https:\/\/decolights.eu\/wp-content\/uploads\/2023\/07\/cropped-decolight-siteicon.png","width":512,"height":512,"caption":"decolights"},"image":{"@id":"https:\/\/decolights.eu\/#\/schema\/logo\/image\/"}}]}},"jetpack_sharing_enabled":true,"_links":{"self":[{"href":"https:\/\/decolights.eu\/lt\/wp-json\/wp\/v2\/product\/5085","targetHints":{"allow":["GET"]}}],"collection":[{"href":"https:\/\/decolights.eu\/lt\/wp-json\/wp\/v2\/product"}],"about":[{"href":"https:\/\/decolights.eu\/lt\/wp-json\/wp\/v2\/types\/product"}],"replies":[{"embeddable":true,"href":"https:\/\/decolights.eu\/lt\/wp-json\/wp\/v2\/comments?post=5085"}],"wp:featuredmedia":[{"embeddable":true,"href":"https:\/\/decolights.eu\/lt\/wp-json\/wp\/v2\/media\/5170"}],"wp:attachment":[{"href":"https:\/\/decolights.eu\/lt\/wp-json\/wp\/v2\/media?parent=5085"}],"wp:term":[{"taxonomy":"product_brand","embeddable":true,"href":"https:\/\/decolights.eu\/lt\/wp-json\/wp\/v2\/product_brand?post=5085"},{"taxonomy":"product_cat","embeddable":true,"href":"https:\/\/decolights.eu\/lt\/wp-json\/wp\/v2\/product_cat?post=5085"},{"taxonomy":"product_tag","embeddable":true,"href":"https:\/\/decolights.eu\/lt\/wp-json\/wp\/v2\/product_tag?post=5085"}],"curies":[{"name":"wp","href":"https:\/\/api.w.org\/{rel}","templated":true}]}}