{"id":5267,"date":"2023-04-01T04:28:28","date_gmt":"2023-04-01T04:28:28","guid":{"rendered":"https:\/\/decolights.eu\/?post_type=product&#038;p=5267"},"modified":"2023-04-29T14:31:11","modified_gmt":"2023-04-29T14:31:11","slug":"led-projector","status":"publish","type":"product","link":"https:\/\/decolights.eu\/lt\/produktas-2\/led-projector\/","title":{"rendered":"LED projektorius"},"content":{"rendered":"<p>LED projektorius skirtas fasadams ir lauko pavir\u0161iams ir idealiai tinka sukurti kal\u0117din\u0119 nuotaik\u0105.<\/p>\n<ul>\n<li><strong>Med\u017eiaga:<\/strong> ABS ir stiklas<\/li>\n<li>Komplekte laikiklis (apie 14 cm)<\/li>\n<li><strong>\u017daibo atstumas:<\/strong> 2-3 m<\/li>\n<li><strong>IP \u012fvertinimas:<\/strong>\u00a0IP65<\/li>\n<li><strong>Maitinimo laido ilgis:<\/strong> 3 mln<\/li>\n<li><strong>LED galia:<\/strong> 4W<\/li>\n<li><strong>Maitinimo \u0161altinis:\u00a0<\/strong>Prijunkite<\/li>\n<li><strong>CE sertifikatas:\u00a0<\/strong>Taip<\/li>\n<\/ul>","protected":false},"excerpt":{"rendered":"<p>LED Projector is designed for facades and outdoor surfaces and is ideal for creating a Christmas mood. Material: ABS and glass Bracket included (approx. 14 cm) Lightning distance: 2-3 m IP Rating:\u00a0IP65 Power cord length: 3M LED power: 4W Power source:\u00a0plug in CE Certificate:\u00a0Yes<\/p>","protected":false},"featured_media":5342,"comment_status":"open","ping_status":"closed","template":"","meta":[],"product_brand":[],"product_cat":[218,226,230],"product_tag":[],"class_list":{"0":"post-5267","1":"product","2":"type-product","3":"status-publish","4":"has-post-thumbnail","6":"product_cat-decorative-led-lights","7":"product_cat-outdoor-lights","8":"product_cat-patio-lights","9":"pa_brand-deco","11":"first","12":"instock","13":"sale","14":"shipping-taxable","15":"purchasable","16":"product-type-simple"},"yoast_head":"<!-- This site is optimized with the Yoast SEO plugin v27.3 - https:\/\/yoast.com\/product\/yoast-seo-wordpress\/ -->\n<title>LED Projector - Best price guarantee - Decolights.eu<\/title>\n<meta name=\"description\" content=\"LED Projector is designed for facades and outdoor surfaces and is ideal for creating a Christmas mood. Buy now to get the best price.\" \/>\n<meta name=\"robots\" content=\"index, follow, max-snippet:-1, max-image-preview:large, max-video-preview:-1\" \/>\n<link rel=\"canonical\" href=\"https:\/\/decolights.eu\/lt\/produktas-2\/led-projector\/\" \/>\n<meta property=\"og:locale\" content=\"lt_LT\" \/>\n<meta property=\"og:type\" content=\"article\" \/>\n<meta property=\"og:title\" content=\"LED Projector - Best price guarantee - Decolights.eu\" \/>\n<meta property=\"og:description\" content=\"LED Projector is designed for facades and outdoor surfaces and is ideal for creating a Christmas mood. Buy now to get the best price.\" \/>\n<meta property=\"og:url\" content=\"https:\/\/decolights.eu\/lt\/produktas-2\/led-projector\/\" \/>\n<meta property=\"og:site_name\" content=\"Decolights.eu\" \/>\n<meta property=\"article:modified_time\" content=\"2023-04-29T14:31:11+00:00\" \/>\n<meta property=\"og:image\" content=\"https:\/\/decolights.eu\/wp-content\/uploads\/2023\/04\/projector.jpg\" \/>\n\t<meta property=\"og:image:width\" content=\"612\" \/>\n\t<meta property=\"og:image:height\" content=\"612\" \/>\n\t<meta property=\"og:image:type\" content=\"image\/jpeg\" \/>\n<meta name=\"twitter:card\" content=\"summary_large_image\" \/>\n<meta name=\"twitter:label1\" content=\"Est. reading time\" \/>\n\t<meta name=\"twitter:data1\" content=\"1 minut\u0117\" \/>\n<script type=\"application\/ld+json\" class=\"yoast-schema-graph\">{\"@context\":\"https:\\\/\\\/schema.org\",\"@graph\":[{\"@type\":\"WebPage\",\"@id\":\"https:\\\/\\\/decolights.eu\\\/product\\\/led-projector\\\/\",\"url\":\"https:\\\/\\\/decolights.eu\\\/product\\\/led-projector\\\/\",\"name\":\"LED Projector - Best price guarantee - Decolights.eu\",\"isPartOf\":{\"@id\":\"https:\\\/\\\/decolights.eu\\\/#website\"},\"primaryImageOfPage\":{\"@id\":\"https:\\\/\\\/decolights.eu\\\/product\\\/led-projector\\\/#primaryimage\"},\"image\":{\"@id\":\"https:\\\/\\\/decolights.eu\\\/product\\\/led-projector\\\/#primaryimage\"},\"thumbnailUrl\":\"https:\\\/\\\/decolights.eu\\\/wp-content\\\/uploads\\\/2023\\\/04\\\/projector.jpg\",\"datePublished\":\"2023-04-01T04:28:28+00:00\",\"dateModified\":\"2023-04-29T14:31:11+00:00\",\"description\":\"LED Projector is designed for facades and outdoor surfaces and is ideal for creating a Christmas mood. Buy now to get the best price.\",\"breadcrumb\":{\"@id\":\"https:\\\/\\\/decolights.eu\\\/product\\\/led-projector\\\/#breadcrumb\"},\"inLanguage\":\"lt-LT\",\"potentialAction\":[{\"@type\":\"ReadAction\",\"target\":[\"https:\\\/\\\/decolights.eu\\\/product\\\/led-projector\\\/\"]}]},{\"@type\":\"ImageObject\",\"inLanguage\":\"lt-LT\",\"@id\":\"https:\\\/\\\/decolights.eu\\\/product\\\/led-projector\\\/#primaryimage\",\"url\":\"https:\\\/\\\/decolights.eu\\\/wp-content\\\/uploads\\\/2023\\\/04\\\/projector.jpg\",\"contentUrl\":\"https:\\\/\\\/decolights.eu\\\/wp-content\\\/uploads\\\/2023\\\/04\\\/projector.jpg\",\"width\":612,\"height\":612},{\"@type\":\"BreadcrumbList\",\"@id\":\"https:\\\/\\\/decolights.eu\\\/product\\\/led-projector\\\/#breadcrumb\",\"itemListElement\":[{\"@type\":\"ListItem\",\"position\":1,\"name\":\"Shop\",\"item\":\"https:\\\/\\\/decolights.eu\\\/shop\\\/\"},{\"@type\":\"ListItem\",\"position\":2,\"name\":\"LED Projector\"}]},{\"@type\":\"WebSite\",\"@id\":\"https:\\\/\\\/decolights.eu\\\/#website\",\"url\":\"https:\\\/\\\/decolights.eu\\\/\",\"name\":\"decolights\",\"description\":\"Led Decorations for Home and Garden\",\"publisher\":{\"@id\":\"https:\\\/\\\/decolights.eu\\\/#organization\"},\"alternateName\":\"decolights.eu\",\"potentialAction\":[{\"@type\":\"SearchAction\",\"target\":{\"@type\":\"EntryPoint\",\"urlTemplate\":\"https:\\\/\\\/decolights.eu\\\/?s={search_term_string}\"},\"query-input\":{\"@type\":\"PropertyValueSpecification\",\"valueRequired\":true,\"valueName\":\"search_term_string\"}}],\"inLanguage\":\"lt-LT\"},{\"@type\":\"Organization\",\"@id\":\"https:\\\/\\\/decolights.eu\\\/#organization\",\"name\":\"decolights\",\"url\":\"https:\\\/\\\/decolights.eu\\\/\",\"logo\":{\"@type\":\"ImageObject\",\"inLanguage\":\"lt-LT\",\"@id\":\"https:\\\/\\\/decolights.eu\\\/#\\\/schema\\\/logo\\\/image\\\/\",\"url\":\"https:\\\/\\\/decolights.eu\\\/wp-content\\\/uploads\\\/2023\\\/07\\\/cropped-decolight-siteicon.png\",\"contentUrl\":\"https:\\\/\\\/decolights.eu\\\/wp-content\\\/uploads\\\/2023\\\/07\\\/cropped-decolight-siteicon.png\",\"width\":512,\"height\":512,\"caption\":\"decolights\"},\"image\":{\"@id\":\"https:\\\/\\\/decolights.eu\\\/#\\\/schema\\\/logo\\\/image\\\/\"}}]}<\/script>\n<!-- \/ Yoast SEO plugin. -->","yoast_head_json":{"title":"LED projektorius - Geriausios kainos garantija - Decolights.eu","description":"LED projektorius skirtas fasadams ir lauko pavir\u0161iams ir idealiai tinka sukurti kal\u0117din\u0119 nuotaik\u0105. Pirkite dabar, kad gautum\u0117te geriausi\u0105 kain\u0105.","robots":{"index":"index","follow":"follow","max-snippet":"max-snippet:-1","max-image-preview":"max-image-preview:large","max-video-preview":"max-video-preview:-1"},"canonical":"https:\/\/decolights.eu\/lt\/produktas-2\/led-projector\/","og_locale":"lt_LT","og_type":"article","og_title":"LED Projector - Best price guarantee - Decolights.eu","og_description":"LED Projector is designed for facades and outdoor surfaces and is ideal for creating a Christmas mood. Buy now to get the best price.","og_url":"https:\/\/decolights.eu\/lt\/produktas-2\/led-projector\/","og_site_name":"Decolights.eu","article_modified_time":"2023-04-29T14:31:11+00:00","og_image":[{"width":612,"height":612,"url":"https:\/\/decolights.eu\/wp-content\/uploads\/2023\/04\/projector.jpg","type":"image\/jpeg"}],"twitter_card":"summary_large_image","twitter_misc":{"Est. reading time":"1 minut\u0117"},"schema":{"@context":"https:\/\/schema.org","@graph":[{"@type":"WebPage","@id":"https:\/\/decolights.eu\/product\/led-projector\/","url":"https:\/\/decolights.eu\/product\/led-projector\/","name":"LED projektorius - Geriausios kainos garantija - Decolights.eu","isPartOf":{"@id":"https:\/\/decolights.eu\/#website"},"primaryImageOfPage":{"@id":"https:\/\/decolights.eu\/product\/led-projector\/#primaryimage"},"image":{"@id":"https:\/\/decolights.eu\/product\/led-projector\/#primaryimage"},"thumbnailUrl":"https:\/\/decolights.eu\/wp-content\/uploads\/2023\/04\/projector.jpg","datePublished":"2023-04-01T04:28:28+00:00","dateModified":"2023-04-29T14:31:11+00:00","description":"LED projektorius skirtas fasadams ir lauko pavir\u0161iams ir idealiai tinka sukurti kal\u0117din\u0119 nuotaik\u0105. Pirkite dabar, kad gautum\u0117te geriausi\u0105 kain\u0105.","breadcrumb":{"@id":"https:\/\/decolights.eu\/product\/led-projector\/#breadcrumb"},"inLanguage":"lt-LT","potentialAction":[{"@type":"ReadAction","target":["https:\/\/decolights.eu\/product\/led-projector\/"]}]},{"@type":"ImageObject","inLanguage":"lt-LT","@id":"https:\/\/decolights.eu\/product\/led-projector\/#primaryimage","url":"https:\/\/decolights.eu\/wp-content\/uploads\/2023\/04\/projector.jpg","contentUrl":"https:\/\/decolights.eu\/wp-content\/uploads\/2023\/04\/projector.jpg","width":612,"height":612},{"@type":"BreadcrumbList","@id":"https:\/\/decolights.eu\/product\/led-projector\/#breadcrumb","itemListElement":[{"@type":"ListItem","position":1,"name":"Shop","item":"https:\/\/decolights.eu\/shop\/"},{"@type":"ListItem","position":2,"name":"LED Projector"}]},{"@type":"WebSite","@id":"https:\/\/decolights.eu\/#website","url":"https:\/\/decolights.eu\/","name":"papuo\u0161imai","description":"Led dekoracijos namams ir sodui","publisher":{"@id":"https:\/\/decolights.eu\/#organization"},"alternateName":"decolights.eu","potentialAction":[{"@type":"SearchAction","target":{"@type":"EntryPoint","urlTemplate":"https:\/\/decolights.eu\/?s={search_term_string}"},"query-input":{"@type":"PropertyValueSpecification","valueRequired":true,"valueName":"search_term_string"}}],"inLanguage":"lt-LT"},{"@type":"Organization","@id":"https:\/\/decolights.eu\/#organization","name":"papuo\u0161imai","url":"https:\/\/decolights.eu\/","logo":{"@type":"ImageObject","inLanguage":"lt-LT","@id":"https:\/\/decolights.eu\/#\/schema\/logo\/image\/","url":"https:\/\/decolights.eu\/wp-content\/uploads\/2023\/07\/cropped-decolight-siteicon.png","contentUrl":"https:\/\/decolights.eu\/wp-content\/uploads\/2023\/07\/cropped-decolight-siteicon.png","width":512,"height":512,"caption":"decolights"},"image":{"@id":"https:\/\/decolights.eu\/#\/schema\/logo\/image\/"}}]}},"jetpack_sharing_enabled":true,"_links":{"self":[{"href":"https:\/\/decolights.eu\/lt\/wp-json\/wp\/v2\/product\/5267","targetHints":{"allow":["GET"]}}],"collection":[{"href":"https:\/\/decolights.eu\/lt\/wp-json\/wp\/v2\/product"}],"about":[{"href":"https:\/\/decolights.eu\/lt\/wp-json\/wp\/v2\/types\/product"}],"replies":[{"embeddable":true,"href":"https:\/\/decolights.eu\/lt\/wp-json\/wp\/v2\/comments?post=5267"}],"wp:featuredmedia":[{"embeddable":true,"href":"https:\/\/decolights.eu\/lt\/wp-json\/wp\/v2\/media\/5342"}],"wp:attachment":[{"href":"https:\/\/decolights.eu\/lt\/wp-json\/wp\/v2\/media?parent=5267"}],"wp:term":[{"taxonomy":"product_brand","embeddable":true,"href":"https:\/\/decolights.eu\/lt\/wp-json\/wp\/v2\/product_brand?post=5267"},{"taxonomy":"product_cat","embeddable":true,"href":"https:\/\/decolights.eu\/lt\/wp-json\/wp\/v2\/product_cat?post=5267"},{"taxonomy":"product_tag","embeddable":true,"href":"https:\/\/decolights.eu\/lt\/wp-json\/wp\/v2\/product_tag?post=5267"}],"curies":[{"name":"wp","href":"https:\/\/api.w.org\/{rel}","templated":true}]}}