{"id":5609,"date":"2023-04-01T04:33:34","date_gmt":"2023-04-01T04:33:34","guid":{"rendered":"https:\/\/decolights.eu\/?post_type=product&#038;p=5609"},"modified":"2023-05-09T12:30:46","modified_gmt":"2023-05-09T12:30:46","slug":"smart-festoon-lights-rgb-20m-40-bulbs-twinkly-festoon-gen-ii","status":"publish","type":"product","link":"https:\/\/decolights.eu\/lt\/produktas-2\/smart-festoon-lights-rgb-20m-40-bulbs-twinkly-festoon-gen-ii\/","title":{"rendered":"I\u0161manieji \u0161viestuvai RGB 20M 40 lempu\u010di\u0173 Twinkly Festoon (Gen II)"},"content":{"rendered":"<p>\u201eTwinkly Christmas\u201c ap\u0161vietimas sujungia \u012fvairiaspalvius RGB LED \u0161viestuvus ir i\u0161mani\u0105sias technologijas. Galite valdyti \u0161viesas per \u201eWi-Fi\u201c tinkl\u0105 arba naudodami \u201eBluetooth\u201c \u2013 sukurkite b\u016btent tok\u012f ap\u0161vietim\u0105 ir model\u012f, kokio norite. Naudokite skirtingus efektus ir animacijas. <strong>MusicSync<\/strong> leid\u017eia ap\u0161vietim\u0105 sujungti su muzika.<\/p>\n<p>\u201eTwinkly\u201c taip pat veikia su \u201eGoogle Assistant\u201c ir \u201eAmazon Alexa\u201c virtualiais asistentais. Jis yra IP44, tod\u0117l \u0161viestuvai tinka naudoti viduje ir lauke.<\/p>\n<p><strong>Bendras kal\u0117dini\u0173 \u017eiburi\u0173 laido ilgis \u2013 24 metrai (i\u0161 j\u0173 20 metr\u0173 ap\u0161viesti), jame yra 40 G45 formos lempu\u010di\u0173. \u0160viestuv\u0173 tarnavimo laikas vir\u0161ija 30 000 valand\u0173.<\/strong><\/p>\n<p><iframe loading=\"lazy\" title=\"Ap\u0161vieskite savo vasaros naktis su Festoon\" width=\"1020\" height=\"574\" src=\"https:\/\/www.youtube.com\/embed\/WIS5tJTZ0PQ?feature=oembed\" frameborder=\"0\" allow=\"accelerometer; autoplay; clipboard-write; encrypted-media; gyroscope; picture-in-picture; web-share\" allowfullscreen><\/iframe><\/p>\n<p><em>PS: Vaizdo \u012fra\u0161as yra iliustratyvus ir duotas produktas gali netur\u0117ti vis\u0173 vaizdo \u012fra\u0161e nurodyt\u0173 funkcij\u0173.<\/em><\/p>\n<p><strong>IP \u012fvertinimas:<\/strong> IP44<br \/>\n<strong>Lempu\u010di\u0173 kiekis:<\/strong> 40 vnt<br \/>\n<strong>Atstumas tarp lemp\u0173:<\/strong> 50 cm<br \/>\n<strong>Lemput\u0117s skersmuo:<\/strong> 4,5 cm<br \/>\n<strong>Muzikos sinchronizavimas:<\/strong> Taip, tik \u201eTwinkly Music\u201c USB mikrofonas<br \/>\n<strong>Ry\u0161ys:<\/strong> Bluetooth\u00ae ir Wi-Fi<\/p>","protected":false},"excerpt":{"rendered":"<p>Twinkly Christmas lighting combines multi-colored RGB LED lights and smart technologies. You can control the lights over a Wi-Fi network or using Bluetooth &#8211; create exactly the kind of lighting and pattern you like. Use different effects and animations. MusicSync allows lighting to be connected to music. Twinkly also works with Google Assistant and Amazon [&#8230;]\n","protected":false},"featured_media":5689,"comment_status":"open","ping_status":"closed","template":"","meta":[],"product_brand":[],"product_cat":[226,235],"product_tag":[],"class_list":{"0":"post-5609","1":"product","2":"type-product","3":"status-publish","4":"has-post-thumbnail","6":"product_cat-outdoor-lights","7":"product_cat-twinkly-outdoor-lights","8":"pa_brand-twinkly","9":"pa_led-colour-multi-coloured","11":"first","12":"instock","13":"sale","14":"shipping-taxable","15":"purchasable","16":"product-type-simple"},"yoast_head":"<!-- This site is optimized with the Yoast SEO plugin v27.3 - https:\/\/yoast.com\/product\/yoast-seo-wordpress\/ -->\n<title>Smart festoon lights RGB 20M 40 bulbs Twinkly Festoon (Gen II) - Best price -Decolights.eu<\/title>\n<meta name=\"description\" content=\"Twinkly festoon lights is a smart light chain with RGB bulbs that can be controlled via app and voice assistants. Get it now for the best price!\" \/>\n<meta name=\"robots\" content=\"index, follow, max-snippet:-1, max-image-preview:large, max-video-preview:-1\" \/>\n<link rel=\"canonical\" href=\"https:\/\/decolights.eu\/lt\/produktas-2\/smart-festoon-lights-rgb-20m-40-bulbs-twinkly-festoon-gen-ii\/\" \/>\n<meta property=\"og:locale\" content=\"lt_LT\" \/>\n<meta property=\"og:type\" content=\"article\" \/>\n<meta property=\"og:title\" content=\"Smart festoon lights RGB 20M 40 bulbs Twinkly Festoon (Gen II) - Best price -Decolights.eu\" \/>\n<meta property=\"og:description\" content=\"Twinkly festoon lights is a smart light chain with RGB bulbs that can be controlled via app and voice assistants. Get it now for the best price!\" \/>\n<meta property=\"og:url\" content=\"https:\/\/decolights.eu\/lt\/produktas-2\/smart-festoon-lights-rgb-20m-40-bulbs-twinkly-festoon-gen-ii\/\" \/>\n<meta property=\"og:site_name\" content=\"Decolights.eu\" \/>\n<meta property=\"article:modified_time\" content=\"2023-05-09T12:30:46+00:00\" \/>\n<meta property=\"og:image\" content=\"https:\/\/decolights.eu\/wp-content\/uploads\/2023\/04\/TWF040STP-BEU_Out-of-the-box.jpg\" \/>\n\t<meta property=\"og:image:width\" content=\"600\" \/>\n\t<meta property=\"og:image:height\" content=\"600\" \/>\n\t<meta property=\"og:image:type\" content=\"image\/jpeg\" \/>\n<meta name=\"twitter:card\" content=\"summary_large_image\" \/>\n<meta name=\"twitter:label1\" content=\"Est. reading time\" \/>\n\t<meta name=\"twitter:data1\" content=\"1 minut\u0117\" \/>\n<script type=\"application\/ld+json\" class=\"yoast-schema-graph\">{\"@context\":\"https:\\\/\\\/schema.org\",\"@graph\":[{\"@type\":\"WebPage\",\"@id\":\"https:\\\/\\\/decolights.eu\\\/product\\\/smart-festoon-lights-rgb-20m-40-bulbs-twinkly-festoon-gen-ii\\\/\",\"url\":\"https:\\\/\\\/decolights.eu\\\/product\\\/smart-festoon-lights-rgb-20m-40-bulbs-twinkly-festoon-gen-ii\\\/\",\"name\":\"Smart festoon lights RGB 20M 40 bulbs Twinkly Festoon (Gen II) - Best price -Decolights.eu\",\"isPartOf\":{\"@id\":\"https:\\\/\\\/decolights.eu\\\/#website\"},\"primaryImageOfPage\":{\"@id\":\"https:\\\/\\\/decolights.eu\\\/product\\\/smart-festoon-lights-rgb-20m-40-bulbs-twinkly-festoon-gen-ii\\\/#primaryimage\"},\"image\":{\"@id\":\"https:\\\/\\\/decolights.eu\\\/product\\\/smart-festoon-lights-rgb-20m-40-bulbs-twinkly-festoon-gen-ii\\\/#primaryimage\"},\"thumbnailUrl\":\"https:\\\/\\\/decolights.eu\\\/wp-content\\\/uploads\\\/2023\\\/04\\\/TWF040STP-BEU_Out-of-the-box.jpg\",\"datePublished\":\"2023-04-01T04:33:34+00:00\",\"dateModified\":\"2023-05-09T12:30:46+00:00\",\"description\":\"Twinkly festoon lights is a smart light chain with RGB bulbs that can be controlled via app and voice assistants. Get it now for the best price!\",\"breadcrumb\":{\"@id\":\"https:\\\/\\\/decolights.eu\\\/product\\\/smart-festoon-lights-rgb-20m-40-bulbs-twinkly-festoon-gen-ii\\\/#breadcrumb\"},\"inLanguage\":\"lt-LT\",\"potentialAction\":[{\"@type\":\"ReadAction\",\"target\":[\"https:\\\/\\\/decolights.eu\\\/product\\\/smart-festoon-lights-rgb-20m-40-bulbs-twinkly-festoon-gen-ii\\\/\"]}]},{\"@type\":\"ImageObject\",\"inLanguage\":\"lt-LT\",\"@id\":\"https:\\\/\\\/decolights.eu\\\/product\\\/smart-festoon-lights-rgb-20m-40-bulbs-twinkly-festoon-gen-ii\\\/#primaryimage\",\"url\":\"https:\\\/\\\/decolights.eu\\\/wp-content\\\/uploads\\\/2023\\\/04\\\/TWF040STP-BEU_Out-of-the-box.jpg\",\"contentUrl\":\"https:\\\/\\\/decolights.eu\\\/wp-content\\\/uploads\\\/2023\\\/04\\\/TWF040STP-BEU_Out-of-the-box.jpg\",\"width\":600,\"height\":600},{\"@type\":\"BreadcrumbList\",\"@id\":\"https:\\\/\\\/decolights.eu\\\/product\\\/smart-festoon-lights-rgb-20m-40-bulbs-twinkly-festoon-gen-ii\\\/#breadcrumb\",\"itemListElement\":[{\"@type\":\"ListItem\",\"position\":1,\"name\":\"Shop\",\"item\":\"https:\\\/\\\/decolights.eu\\\/shop\\\/\"},{\"@type\":\"ListItem\",\"position\":2,\"name\":\"Smart festoon lights RGB 20M 40 bulbs Twinkly Festoon (Gen II)\"}]},{\"@type\":\"WebSite\",\"@id\":\"https:\\\/\\\/decolights.eu\\\/#website\",\"url\":\"https:\\\/\\\/decolights.eu\\\/\",\"name\":\"decolights\",\"description\":\"Led Decorations for Home and Garden\",\"publisher\":{\"@id\":\"https:\\\/\\\/decolights.eu\\\/#organization\"},\"alternateName\":\"decolights.eu\",\"potentialAction\":[{\"@type\":\"SearchAction\",\"target\":{\"@type\":\"EntryPoint\",\"urlTemplate\":\"https:\\\/\\\/decolights.eu\\\/?s={search_term_string}\"},\"query-input\":{\"@type\":\"PropertyValueSpecification\",\"valueRequired\":true,\"valueName\":\"search_term_string\"}}],\"inLanguage\":\"lt-LT\"},{\"@type\":\"Organization\",\"@id\":\"https:\\\/\\\/decolights.eu\\\/#organization\",\"name\":\"decolights\",\"url\":\"https:\\\/\\\/decolights.eu\\\/\",\"logo\":{\"@type\":\"ImageObject\",\"inLanguage\":\"lt-LT\",\"@id\":\"https:\\\/\\\/decolights.eu\\\/#\\\/schema\\\/logo\\\/image\\\/\",\"url\":\"https:\\\/\\\/decolights.eu\\\/wp-content\\\/uploads\\\/2023\\\/07\\\/cropped-decolight-siteicon.png\",\"contentUrl\":\"https:\\\/\\\/decolights.eu\\\/wp-content\\\/uploads\\\/2023\\\/07\\\/cropped-decolight-siteicon.png\",\"width\":512,\"height\":512,\"caption\":\"decolights\"},\"image\":{\"@id\":\"https:\\\/\\\/decolights.eu\\\/#\\\/schema\\\/logo\\\/image\\\/\"}}]}<\/script>\n<!-- \/ Yoast SEO plugin. -->","yoast_head_json":{"title":"I\u0161manieji \u0161viestuvai RGB 20M 40 lemput\u0117s Twinkly Festoon (Gen II) - Geriausia kaina -Decolights.eu","description":"\u201eTwinkly festoon lights\u201c yra i\u0161mani \u0161viesos grandin\u0117 su RGB lemput\u0117mis, kurias galima valdyti program\u0117l\u0117mis ir balso asistentais. \u012esigykite dabar u\u017e geriausi\u0105 kain\u0105!","robots":{"index":"index","follow":"follow","max-snippet":"max-snippet:-1","max-image-preview":"max-image-preview:large","max-video-preview":"max-video-preview:-1"},"canonical":"https:\/\/decolights.eu\/lt\/produktas-2\/smart-festoon-lights-rgb-20m-40-bulbs-twinkly-festoon-gen-ii\/","og_locale":"lt_LT","og_type":"article","og_title":"Smart festoon lights RGB 20M 40 bulbs Twinkly Festoon (Gen II) - Best price -Decolights.eu","og_description":"Twinkly festoon lights is a smart light chain with RGB bulbs that can be controlled via app and voice assistants. Get it now for the best price!","og_url":"https:\/\/decolights.eu\/lt\/produktas-2\/smart-festoon-lights-rgb-20m-40-bulbs-twinkly-festoon-gen-ii\/","og_site_name":"Decolights.eu","article_modified_time":"2023-05-09T12:30:46+00:00","og_image":[{"width":600,"height":600,"url":"https:\/\/decolights.eu\/wp-content\/uploads\/2023\/04\/TWF040STP-BEU_Out-of-the-box.jpg","type":"image\/jpeg"}],"twitter_card":"summary_large_image","twitter_misc":{"Est. reading time":"1 minut\u0117"},"schema":{"@context":"https:\/\/schema.org","@graph":[{"@type":"WebPage","@id":"https:\/\/decolights.eu\/product\/smart-festoon-lights-rgb-20m-40-bulbs-twinkly-festoon-gen-ii\/","url":"https:\/\/decolights.eu\/product\/smart-festoon-lights-rgb-20m-40-bulbs-twinkly-festoon-gen-ii\/","name":"I\u0161manieji \u0161viestuvai RGB 20M 40 lemput\u0117s Twinkly Festoon (Gen II) - Geriausia kaina -Decolights.eu","isPartOf":{"@id":"https:\/\/decolights.eu\/#website"},"primaryImageOfPage":{"@id":"https:\/\/decolights.eu\/product\/smart-festoon-lights-rgb-20m-40-bulbs-twinkly-festoon-gen-ii\/#primaryimage"},"image":{"@id":"https:\/\/decolights.eu\/product\/smart-festoon-lights-rgb-20m-40-bulbs-twinkly-festoon-gen-ii\/#primaryimage"},"thumbnailUrl":"https:\/\/decolights.eu\/wp-content\/uploads\/2023\/04\/TWF040STP-BEU_Out-of-the-box.jpg","datePublished":"2023-04-01T04:33:34+00:00","dateModified":"2023-05-09T12:30:46+00:00","description":"\u201eTwinkly festoon lights\u201c yra i\u0161mani \u0161viesos grandin\u0117 su RGB lemput\u0117mis, kurias galima valdyti program\u0117l\u0117mis ir balso asistentais. \u012esigykite dabar u\u017e geriausi\u0105 kain\u0105!","breadcrumb":{"@id":"https:\/\/decolights.eu\/product\/smart-festoon-lights-rgb-20m-40-bulbs-twinkly-festoon-gen-ii\/#breadcrumb"},"inLanguage":"lt-LT","potentialAction":[{"@type":"ReadAction","target":["https:\/\/decolights.eu\/product\/smart-festoon-lights-rgb-20m-40-bulbs-twinkly-festoon-gen-ii\/"]}]},{"@type":"ImageObject","inLanguage":"lt-LT","@id":"https:\/\/decolights.eu\/product\/smart-festoon-lights-rgb-20m-40-bulbs-twinkly-festoon-gen-ii\/#primaryimage","url":"https:\/\/decolights.eu\/wp-content\/uploads\/2023\/04\/TWF040STP-BEU_Out-of-the-box.jpg","contentUrl":"https:\/\/decolights.eu\/wp-content\/uploads\/2023\/04\/TWF040STP-BEU_Out-of-the-box.jpg","width":600,"height":600},{"@type":"BreadcrumbList","@id":"https:\/\/decolights.eu\/product\/smart-festoon-lights-rgb-20m-40-bulbs-twinkly-festoon-gen-ii\/#breadcrumb","itemListElement":[{"@type":"ListItem","position":1,"name":"Shop","item":"https:\/\/decolights.eu\/shop\/"},{"@type":"ListItem","position":2,"name":"Smart festoon lights RGB 20M 40 bulbs Twinkly Festoon (Gen II)"}]},{"@type":"WebSite","@id":"https:\/\/decolights.eu\/#website","url":"https:\/\/decolights.eu\/","name":"papuo\u0161imai","description":"Led dekoracijos namams ir sodui","publisher":{"@id":"https:\/\/decolights.eu\/#organization"},"alternateName":"decolights.eu","potentialAction":[{"@type":"SearchAction","target":{"@type":"EntryPoint","urlTemplate":"https:\/\/decolights.eu\/?s={search_term_string}"},"query-input":{"@type":"PropertyValueSpecification","valueRequired":true,"valueName":"search_term_string"}}],"inLanguage":"lt-LT"},{"@type":"Organization","@id":"https:\/\/decolights.eu\/#organization","name":"papuo\u0161imai","url":"https:\/\/decolights.eu\/","logo":{"@type":"ImageObject","inLanguage":"lt-LT","@id":"https:\/\/decolights.eu\/#\/schema\/logo\/image\/","url":"https:\/\/decolights.eu\/wp-content\/uploads\/2023\/07\/cropped-decolight-siteicon.png","contentUrl":"https:\/\/decolights.eu\/wp-content\/uploads\/2023\/07\/cropped-decolight-siteicon.png","width":512,"height":512,"caption":"decolights"},"image":{"@id":"https:\/\/decolights.eu\/#\/schema\/logo\/image\/"}}]}},"jetpack_sharing_enabled":true,"_links":{"self":[{"href":"https:\/\/decolights.eu\/lt\/wp-json\/wp\/v2\/product\/5609","targetHints":{"allow":["GET"]}}],"collection":[{"href":"https:\/\/decolights.eu\/lt\/wp-json\/wp\/v2\/product"}],"about":[{"href":"https:\/\/decolights.eu\/lt\/wp-json\/wp\/v2\/types\/product"}],"replies":[{"embeddable":true,"href":"https:\/\/decolights.eu\/lt\/wp-json\/wp\/v2\/comments?post=5609"}],"wp:featuredmedia":[{"embeddable":true,"href":"https:\/\/decolights.eu\/lt\/wp-json\/wp\/v2\/media\/5689"}],"wp:attachment":[{"href":"https:\/\/decolights.eu\/lt\/wp-json\/wp\/v2\/media?parent=5609"}],"wp:term":[{"taxonomy":"product_brand","embeddable":true,"href":"https:\/\/decolights.eu\/lt\/wp-json\/wp\/v2\/product_brand?post=5609"},{"taxonomy":"product_cat","embeddable":true,"href":"https:\/\/decolights.eu\/lt\/wp-json\/wp\/v2\/product_cat?post=5609"},{"taxonomy":"product_tag","embeddable":true,"href":"https:\/\/decolights.eu\/lt\/wp-json\/wp\/v2\/product_tag?post=5609"}],"curies":[{"name":"wp","href":"https:\/\/api.w.org\/{rel}","templated":true}]}}