{"id":5661,"date":"2023-04-01T04:34:25","date_gmt":"2023-04-01T04:34:25","guid":{"rendered":"https:\/\/decolights.eu\/?post_type=product&#038;p=5661"},"modified":"2023-05-10T09:05:31","modified_gmt":"2023-05-10T09:05:31","slug":"led-candle-flamme-marble","status":"publish","type":"product","link":"https:\/\/decolights.eu\/lt\/produktas-2\/led-candle-flamme-marble\/","title":{"rendered":"LED \u017evak\u0117 Flamme marmuras"},"content":{"rendered":"<p>Flamme Marble rutulio formos turi gra\u017e\u0173 marmurin\u012f ra\u0161t\u0105. \u0160i led \u017evak\u0117 bus gra\u017ei puo\u0161mena tiek viena, tiek grup\u0117je kartu su kitomis m\u016bs\u0173 Marble serijos \u017evak\u0117mis. Jis turi laikma\u010dio funkcij\u0105 ir, kai jungiklis yra laikma\u010dio re\u017eimu, \u0161viesa \u0161vie\u010dia apie 30 dien\u0173 gra\u017eia tikrovi\u0161ka \u0161iltai balta liepsna.<\/p>\n<ul>\n<li><strong>\u017dvak\u0117s spalva:<\/strong> pilkas marmuras<\/li>\n<li dir=\"ltr\" data-placeholder=\"Translation\"><strong>LED spalva:<\/strong> \u0161iltai balta<\/li>\n<li dir=\"ltr\" data-placeholder=\"Translation\"><strong>Dydis:<\/strong> 10 x 12 x 10 CM<\/li>\n<li dir=\"ltr\" data-placeholder=\"Translation\"><strong>Maitinimo \u0161altinis:<\/strong> 2 x AAA baterijos (\u012f komplekt\u0105 ne\u012feina)<\/li>\n<li dir=\"ltr\" data-placeholder=\"Translation\"><strong>Laikmatis:<\/strong> 6H \u012fjungta\/18h i\u0161jungta, pakartokite<\/li>\n<li dir=\"ltr\" data-placeholder=\"Translation\"><strong>IP \u012fvertinimas<\/strong>: IP20<\/li>\n<li dir=\"ltr\" data-placeholder=\"Translation\"><strong>CE sertifikatas:<\/strong> Taip<\/li>\n<\/ul>","protected":false},"excerpt":{"rendered":"<p>Flamme Marble in globe shape has a beautiful marble pattern. This led candle will be a beautiful decoration, both alone or in a group together with other candles from our Marble series. It has a timer function and when the switch is in the timer mode, the light shines for about 30 days with a [&#8230;]\n","protected":false},"featured_media":4432,"comment_status":"open","ping_status":"closed","template":"","meta":[],"product_brand":[],"product_cat":[214,216],"product_tag":[],"class_list":{"0":"post-5661","1":"product","2":"type-product","3":"status-publish","4":"has-post-thumbnail","6":"product_cat-indoor-lights","7":"product_cat-led-candles","8":"pa_brand-deco","9":"pa_led-colour-warm-white","11":"first","12":"instock","13":"sale","14":"shipping-taxable","15":"purchasable","16":"product-type-simple"},"yoast_head":"<!-- This site is optimized with the Yoast SEO plugin v27.3 - https:\/\/yoast.com\/product\/yoast-seo-wordpress\/ -->\n<title>LED Candle Flamme Marble - Best price - Decolights.eu<\/title>\n<meta name=\"description\" content=\"LED Candles are the best and safest way for decorating your home and patio. Buy LED candles for the best price today and enjoy cozy atmosphere.\" \/>\n<meta name=\"robots\" content=\"index, follow, max-snippet:-1, max-image-preview:large, max-video-preview:-1\" \/>\n<link rel=\"canonical\" href=\"https:\/\/decolights.eu\/lt\/produktas-2\/led-candle-flamme-marble\/\" \/>\n<meta property=\"og:locale\" content=\"lt_LT\" \/>\n<meta property=\"og:type\" content=\"article\" \/>\n<meta property=\"og:title\" content=\"LED Candle Flamme Marble - Best price - Decolights.eu\" \/>\n<meta property=\"og:description\" content=\"LED Candles are the best and safest way for decorating your home and patio. Buy LED candles for the best price today and enjoy cozy atmosphere.\" \/>\n<meta property=\"og:url\" content=\"https:\/\/decolights.eu\/lt\/produktas-2\/led-candle-flamme-marble\/\" \/>\n<meta property=\"og:site_name\" content=\"Decolights.eu\" \/>\n<meta property=\"article:modified_time\" content=\"2023-05-10T09:05:31+00:00\" \/>\n<meta property=\"og:image\" content=\"https:\/\/decolights.eu\/wp-content\/uploads\/2023\/04\/064-13_M2.png\" \/>\n\t<meta property=\"og:image:width\" content=\"600\" \/>\n\t<meta property=\"og:image:height\" content=\"602\" \/>\n\t<meta property=\"og:image:type\" content=\"image\/png\" \/>\n<meta name=\"twitter:card\" content=\"summary_large_image\" \/>\n<meta name=\"twitter:label1\" content=\"Est. reading time\" \/>\n\t<meta name=\"twitter:data1\" content=\"1 minut\u0117\" \/>\n<script type=\"application\/ld+json\" class=\"yoast-schema-graph\">{\"@context\":\"https:\\\/\\\/schema.org\",\"@graph\":[{\"@type\":\"WebPage\",\"@id\":\"https:\\\/\\\/decolights.eu\\\/product\\\/led-candle-flamme-marble\\\/\",\"url\":\"https:\\\/\\\/decolights.eu\\\/product\\\/led-candle-flamme-marble\\\/\",\"name\":\"LED Candle Flamme Marble - Best price - Decolights.eu\",\"isPartOf\":{\"@id\":\"https:\\\/\\\/decolights.eu\\\/#website\"},\"primaryImageOfPage\":{\"@id\":\"https:\\\/\\\/decolights.eu\\\/product\\\/led-candle-flamme-marble\\\/#primaryimage\"},\"image\":{\"@id\":\"https:\\\/\\\/decolights.eu\\\/product\\\/led-candle-flamme-marble\\\/#primaryimage\"},\"thumbnailUrl\":\"https:\\\/\\\/decolights.eu\\\/wp-content\\\/uploads\\\/2023\\\/04\\\/064-13_M2.png\",\"datePublished\":\"2023-04-01T04:34:25+00:00\",\"dateModified\":\"2023-05-10T09:05:31+00:00\",\"description\":\"LED Candles are the best and safest way for decorating your home and patio. Buy LED candles for the best price today and enjoy cozy atmosphere.\",\"breadcrumb\":{\"@id\":\"https:\\\/\\\/decolights.eu\\\/product\\\/led-candle-flamme-marble\\\/#breadcrumb\"},\"inLanguage\":\"lt-LT\",\"potentialAction\":[{\"@type\":\"ReadAction\",\"target\":[\"https:\\\/\\\/decolights.eu\\\/product\\\/led-candle-flamme-marble\\\/\"]}]},{\"@type\":\"ImageObject\",\"inLanguage\":\"lt-LT\",\"@id\":\"https:\\\/\\\/decolights.eu\\\/product\\\/led-candle-flamme-marble\\\/#primaryimage\",\"url\":\"https:\\\/\\\/decolights.eu\\\/wp-content\\\/uploads\\\/2023\\\/04\\\/064-13_M2.png\",\"contentUrl\":\"https:\\\/\\\/decolights.eu\\\/wp-content\\\/uploads\\\/2023\\\/04\\\/064-13_M2.png\",\"width\":600,\"height\":602},{\"@type\":\"BreadcrumbList\",\"@id\":\"https:\\\/\\\/decolights.eu\\\/product\\\/led-candle-flamme-marble\\\/#breadcrumb\",\"itemListElement\":[{\"@type\":\"ListItem\",\"position\":1,\"name\":\"Shop\",\"item\":\"https:\\\/\\\/decolights.eu\\\/shop\\\/\"},{\"@type\":\"ListItem\",\"position\":2,\"name\":\"LED Candle Flamme Marble\"}]},{\"@type\":\"WebSite\",\"@id\":\"https:\\\/\\\/decolights.eu\\\/#website\",\"url\":\"https:\\\/\\\/decolights.eu\\\/\",\"name\":\"decolights\",\"description\":\"Led Decorations for Home and Garden\",\"publisher\":{\"@id\":\"https:\\\/\\\/decolights.eu\\\/#organization\"},\"alternateName\":\"decolights.eu\",\"potentialAction\":[{\"@type\":\"SearchAction\",\"target\":{\"@type\":\"EntryPoint\",\"urlTemplate\":\"https:\\\/\\\/decolights.eu\\\/?s={search_term_string}\"},\"query-input\":{\"@type\":\"PropertyValueSpecification\",\"valueRequired\":true,\"valueName\":\"search_term_string\"}}],\"inLanguage\":\"lt-LT\"},{\"@type\":\"Organization\",\"@id\":\"https:\\\/\\\/decolights.eu\\\/#organization\",\"name\":\"decolights\",\"url\":\"https:\\\/\\\/decolights.eu\\\/\",\"logo\":{\"@type\":\"ImageObject\",\"inLanguage\":\"lt-LT\",\"@id\":\"https:\\\/\\\/decolights.eu\\\/#\\\/schema\\\/logo\\\/image\\\/\",\"url\":\"https:\\\/\\\/decolights.eu\\\/wp-content\\\/uploads\\\/2023\\\/07\\\/cropped-decolight-siteicon.png\",\"contentUrl\":\"https:\\\/\\\/decolights.eu\\\/wp-content\\\/uploads\\\/2023\\\/07\\\/cropped-decolight-siteicon.png\",\"width\":512,\"height\":512,\"caption\":\"decolights\"},\"image\":{\"@id\":\"https:\\\/\\\/decolights.eu\\\/#\\\/schema\\\/logo\\\/image\\\/\"}}]}<\/script>\n<!-- \/ Yoast SEO plugin. -->","yoast_head_json":{"title":"LED \u017evak\u0117 Flamme Marble - Geriausia kaina - Decolights.eu","description":"LED \u017evak\u0117s yra geriausias ir saugiausias b\u016bdas papuo\u0161ti j\u016bs\u0173 namus ir teras\u0105. Pirkite LED \u017evakes u\u017e geriausi\u0105 kain\u0105 \u0161iandien ir m\u0117gaukit\u0117s jaukia atmosfera.","robots":{"index":"index","follow":"follow","max-snippet":"max-snippet:-1","max-image-preview":"max-image-preview:large","max-video-preview":"max-video-preview:-1"},"canonical":"https:\/\/decolights.eu\/lt\/produktas-2\/led-candle-flamme-marble\/","og_locale":"lt_LT","og_type":"article","og_title":"LED Candle Flamme Marble - Best price - Decolights.eu","og_description":"LED Candles are the best and safest way for decorating your home and patio. Buy LED candles for the best price today and enjoy cozy atmosphere.","og_url":"https:\/\/decolights.eu\/lt\/produktas-2\/led-candle-flamme-marble\/","og_site_name":"Decolights.eu","article_modified_time":"2023-05-10T09:05:31+00:00","og_image":[{"width":600,"height":602,"url":"https:\/\/decolights.eu\/wp-content\/uploads\/2023\/04\/064-13_M2.png","type":"image\/png"}],"twitter_card":"summary_large_image","twitter_misc":{"Est. reading time":"1 minut\u0117"},"schema":{"@context":"https:\/\/schema.org","@graph":[{"@type":"WebPage","@id":"https:\/\/decolights.eu\/product\/led-candle-flamme-marble\/","url":"https:\/\/decolights.eu\/product\/led-candle-flamme-marble\/","name":"LED \u017evak\u0117 Flamme Marble - Geriausia kaina - Decolights.eu","isPartOf":{"@id":"https:\/\/decolights.eu\/#website"},"primaryImageOfPage":{"@id":"https:\/\/decolights.eu\/product\/led-candle-flamme-marble\/#primaryimage"},"image":{"@id":"https:\/\/decolights.eu\/product\/led-candle-flamme-marble\/#primaryimage"},"thumbnailUrl":"https:\/\/decolights.eu\/wp-content\/uploads\/2023\/04\/064-13_M2.png","datePublished":"2023-04-01T04:34:25+00:00","dateModified":"2023-05-10T09:05:31+00:00","description":"LED \u017evak\u0117s yra geriausias ir saugiausias b\u016bdas papuo\u0161ti j\u016bs\u0173 namus ir teras\u0105. Pirkite LED \u017evakes u\u017e geriausi\u0105 kain\u0105 \u0161iandien ir m\u0117gaukit\u0117s jaukia atmosfera.","breadcrumb":{"@id":"https:\/\/decolights.eu\/product\/led-candle-flamme-marble\/#breadcrumb"},"inLanguage":"lt-LT","potentialAction":[{"@type":"ReadAction","target":["https:\/\/decolights.eu\/product\/led-candle-flamme-marble\/"]}]},{"@type":"ImageObject","inLanguage":"lt-LT","@id":"https:\/\/decolights.eu\/product\/led-candle-flamme-marble\/#primaryimage","url":"https:\/\/decolights.eu\/wp-content\/uploads\/2023\/04\/064-13_M2.png","contentUrl":"https:\/\/decolights.eu\/wp-content\/uploads\/2023\/04\/064-13_M2.png","width":600,"height":602},{"@type":"BreadcrumbList","@id":"https:\/\/decolights.eu\/product\/led-candle-flamme-marble\/#breadcrumb","itemListElement":[{"@type":"ListItem","position":1,"name":"Shop","item":"https:\/\/decolights.eu\/shop\/"},{"@type":"ListItem","position":2,"name":"LED Candle Flamme Marble"}]},{"@type":"WebSite","@id":"https:\/\/decolights.eu\/#website","url":"https:\/\/decolights.eu\/","name":"papuo\u0161imai","description":"Led dekoracijos namams ir sodui","publisher":{"@id":"https:\/\/decolights.eu\/#organization"},"alternateName":"decolights.eu","potentialAction":[{"@type":"SearchAction","target":{"@type":"EntryPoint","urlTemplate":"https:\/\/decolights.eu\/?s={search_term_string}"},"query-input":{"@type":"PropertyValueSpecification","valueRequired":true,"valueName":"search_term_string"}}],"inLanguage":"lt-LT"},{"@type":"Organization","@id":"https:\/\/decolights.eu\/#organization","name":"papuo\u0161imai","url":"https:\/\/decolights.eu\/","logo":{"@type":"ImageObject","inLanguage":"lt-LT","@id":"https:\/\/decolights.eu\/#\/schema\/logo\/image\/","url":"https:\/\/decolights.eu\/wp-content\/uploads\/2023\/07\/cropped-decolight-siteicon.png","contentUrl":"https:\/\/decolights.eu\/wp-content\/uploads\/2023\/07\/cropped-decolight-siteicon.png","width":512,"height":512,"caption":"decolights"},"image":{"@id":"https:\/\/decolights.eu\/#\/schema\/logo\/image\/"}}]}},"jetpack_sharing_enabled":true,"_links":{"self":[{"href":"https:\/\/decolights.eu\/lt\/wp-json\/wp\/v2\/product\/5661","targetHints":{"allow":["GET"]}}],"collection":[{"href":"https:\/\/decolights.eu\/lt\/wp-json\/wp\/v2\/product"}],"about":[{"href":"https:\/\/decolights.eu\/lt\/wp-json\/wp\/v2\/types\/product"}],"replies":[{"embeddable":true,"href":"https:\/\/decolights.eu\/lt\/wp-json\/wp\/v2\/comments?post=5661"}],"wp:featuredmedia":[{"embeddable":true,"href":"https:\/\/decolights.eu\/lt\/wp-json\/wp\/v2\/media\/4432"}],"wp:attachment":[{"href":"https:\/\/decolights.eu\/lt\/wp-json\/wp\/v2\/media?parent=5661"}],"wp:term":[{"taxonomy":"product_brand","embeddable":true,"href":"https:\/\/decolights.eu\/lt\/wp-json\/wp\/v2\/product_brand?post=5661"},{"taxonomy":"product_cat","embeddable":true,"href":"https:\/\/decolights.eu\/lt\/wp-json\/wp\/v2\/product_cat?post=5661"},{"taxonomy":"product_tag","embeddable":true,"href":"https:\/\/decolights.eu\/lt\/wp-json\/wp\/v2\/product_tag?post=5661"}],"curies":[{"name":"wp","href":"https:\/\/api.w.org\/{rel}","templated":true}]}}