{"id":5735,"date":"2023-04-01T04:35:16","date_gmt":"2023-04-01T04:35:16","guid":{"rendered":"https:\/\/decolights.eu\/?post_type=product&#038;p=5735"},"modified":"2023-05-10T08:56:43","modified_gmt":"2023-05-10T08:56:43","slug":"solar-spotlight-3-pcs","status":"publish","type":"product","link":"https:\/\/decolights.eu\/lt\/produktas-2\/solar-spotlight-3-pcs\/","title":{"rendered":"Saul\u0117s pro\u017eektorius 3 vnt"},"content":{"rendered":"<p>Saul\u0117s energija maitinamas ap\u0161vietimas, kur\u012f sudaro 3 pro\u017eektoriai, kurie yra kartu su 1 metro kabeliu. Saul\u0117s lempos \u0161vie\u010dia j\u016bs\u0173 sode arba terasoje su 75 liumen\u0173 tamsoje ir yra geras pasirinkimas kryptiniam ap\u0161vietimui \u012f kr\u016bm\u0105 ar med\u012f. Pati saul\u0117s baterijos dalis yra su 2 metr\u0173 laidu nuo paskutinio pro\u017eektoriaus, tai leid\u017eia lengvai pastatyti skydel\u012f tiesioginiuose saul\u0117s spinduliuose, kurie yra b\u016btini norint \u012fkrauti kartu esan\u010dias baterijas.<\/p>\n<ul>\n<li><strong>LED spalva:<\/strong> \u0161iltai balta<\/li>\n<li><strong>Spalva:\u00a0<\/strong>juodas<\/li>\n<li>Komplekte 3vnt<\/li>\n<li><strong>Dydis: <\/strong>23 cm<\/li>\n<li><strong>IP \u012fvertinimas: <\/strong>IP44<\/li>\n<li><strong>Maitinimo \u0161altinis:\u00a0<\/strong>Saul\u0117s<\/li>\n<li><strong>Laikmatis:\u00a0<\/strong>Ap\u0161viesta tamsoje<\/li>\n<li><strong>CE sertifikatas:\u00a0<\/strong>Taip<\/li>\n<\/ul>","protected":false},"excerpt":{"rendered":"<p>Solar powered lighting that consists of 3 spotlights that sit together with 1 meter of cable in between. The solar lamps light up in your garden or on the terrace with 75 lumens in the dark and are a good choice for directional lighting against a bush or a tree. The solar panel part itself [&#8230;]\n","protected":false},"featured_media":5836,"comment_status":"open","ping_status":"closed","template":"","meta":[],"product_brand":[],"product_cat":[226,194,231,171],"product_tag":[],"class_list":{"0":"post-5735","1":"product","2":"type-product","3":"status-publish","4":"has-post-thumbnail","6":"product_cat-outdoor-lights","7":"product_cat-solar-decking-lights","8":"product_cat-solar-decking-lights-outdoor-lights","9":"product_cat-solar-lights","10":"pa_brand-deco","11":"pa_led-colour-warm-white","13":"first","14":"instock","15":"sale","16":"shipping-taxable","17":"purchasable","18":"product-type-simple"},"yoast_head":"<!-- This site is optimized with the Yoast SEO plugin v27.3 - https:\/\/yoast.com\/product\/yoast-seo-wordpress\/ -->\n<title>Solar Spotlight 3 pcs - Best price guarantee - Decolights.eu<\/title>\n<meta name=\"description\" content=\"Buy solar decorations for the best prices on Decolights.eu. Decorate your patio and terrace and create cozy ambience at home.\" \/>\n<meta name=\"robots\" content=\"index, follow, max-snippet:-1, max-image-preview:large, max-video-preview:-1\" \/>\n<link rel=\"canonical\" href=\"https:\/\/decolights.eu\/lt\/produktas-2\/solar-spotlight-3-pcs\/\" \/>\n<meta property=\"og:locale\" content=\"lt_LT\" \/>\n<meta property=\"og:type\" content=\"article\" \/>\n<meta property=\"og:title\" content=\"Solar Spotlight 3 pcs - Best price guarantee - Decolights.eu\" \/>\n<meta property=\"og:description\" content=\"Buy solar decorations for the best prices on Decolights.eu. Decorate your patio and terrace and create cozy ambience at home.\" \/>\n<meta property=\"og:url\" content=\"https:\/\/decolights.eu\/lt\/produktas-2\/solar-spotlight-3-pcs\/\" \/>\n<meta property=\"og:site_name\" content=\"Decolights.eu\" \/>\n<meta property=\"article:modified_time\" content=\"2023-05-10T08:56:43+00:00\" \/>\n<meta property=\"og:image\" content=\"https:\/\/decolights.eu\/wp-content\/uploads\/2023\/04\/482-33_M2.png\" \/>\n\t<meta property=\"og:image:width\" content=\"600\" \/>\n\t<meta property=\"og:image:height\" content=\"602\" \/>\n\t<meta property=\"og:image:type\" content=\"image\/png\" \/>\n<meta name=\"twitter:card\" content=\"summary_large_image\" \/>\n<meta name=\"twitter:label1\" content=\"Est. reading time\" \/>\n\t<meta name=\"twitter:data1\" content=\"1 minut\u0117\" \/>\n<script type=\"application\/ld+json\" class=\"yoast-schema-graph\">{\"@context\":\"https:\\\/\\\/schema.org\",\"@graph\":[{\"@type\":\"WebPage\",\"@id\":\"https:\\\/\\\/decolights.eu\\\/product\\\/solar-spotlight-3-pcs\\\/\",\"url\":\"https:\\\/\\\/decolights.eu\\\/product\\\/solar-spotlight-3-pcs\\\/\",\"name\":\"Solar Spotlight 3 pcs - Best price guarantee - Decolights.eu\",\"isPartOf\":{\"@id\":\"https:\\\/\\\/decolights.eu\\\/#website\"},\"primaryImageOfPage\":{\"@id\":\"https:\\\/\\\/decolights.eu\\\/product\\\/solar-spotlight-3-pcs\\\/#primaryimage\"},\"image\":{\"@id\":\"https:\\\/\\\/decolights.eu\\\/product\\\/solar-spotlight-3-pcs\\\/#primaryimage\"},\"thumbnailUrl\":\"https:\\\/\\\/decolights.eu\\\/wp-content\\\/uploads\\\/2023\\\/04\\\/482-33_M2.png\",\"datePublished\":\"2023-04-01T04:35:16+00:00\",\"dateModified\":\"2023-05-10T08:56:43+00:00\",\"description\":\"Buy solar decorations for the best prices on Decolights.eu. Decorate your patio and terrace and create cozy ambience at home.\",\"breadcrumb\":{\"@id\":\"https:\\\/\\\/decolights.eu\\\/product\\\/solar-spotlight-3-pcs\\\/#breadcrumb\"},\"inLanguage\":\"lt-LT\",\"potentialAction\":[{\"@type\":\"ReadAction\",\"target\":[\"https:\\\/\\\/decolights.eu\\\/product\\\/solar-spotlight-3-pcs\\\/\"]}]},{\"@type\":\"ImageObject\",\"inLanguage\":\"lt-LT\",\"@id\":\"https:\\\/\\\/decolights.eu\\\/product\\\/solar-spotlight-3-pcs\\\/#primaryimage\",\"url\":\"https:\\\/\\\/decolights.eu\\\/wp-content\\\/uploads\\\/2023\\\/04\\\/482-33_M2.png\",\"contentUrl\":\"https:\\\/\\\/decolights.eu\\\/wp-content\\\/uploads\\\/2023\\\/04\\\/482-33_M2.png\",\"width\":600,\"height\":602},{\"@type\":\"BreadcrumbList\",\"@id\":\"https:\\\/\\\/decolights.eu\\\/product\\\/solar-spotlight-3-pcs\\\/#breadcrumb\",\"itemListElement\":[{\"@type\":\"ListItem\",\"position\":1,\"name\":\"Shop\",\"item\":\"https:\\\/\\\/decolights.eu\\\/shop\\\/\"},{\"@type\":\"ListItem\",\"position\":2,\"name\":\"Solar Spotlight 3 pcs\"}]},{\"@type\":\"WebSite\",\"@id\":\"https:\\\/\\\/decolights.eu\\\/#website\",\"url\":\"https:\\\/\\\/decolights.eu\\\/\",\"name\":\"decolights\",\"description\":\"Led Decorations for Home and Garden\",\"publisher\":{\"@id\":\"https:\\\/\\\/decolights.eu\\\/#organization\"},\"alternateName\":\"decolights.eu\",\"potentialAction\":[{\"@type\":\"SearchAction\",\"target\":{\"@type\":\"EntryPoint\",\"urlTemplate\":\"https:\\\/\\\/decolights.eu\\\/?s={search_term_string}\"},\"query-input\":{\"@type\":\"PropertyValueSpecification\",\"valueRequired\":true,\"valueName\":\"search_term_string\"}}],\"inLanguage\":\"lt-LT\"},{\"@type\":\"Organization\",\"@id\":\"https:\\\/\\\/decolights.eu\\\/#organization\",\"name\":\"decolights\",\"url\":\"https:\\\/\\\/decolights.eu\\\/\",\"logo\":{\"@type\":\"ImageObject\",\"inLanguage\":\"lt-LT\",\"@id\":\"https:\\\/\\\/decolights.eu\\\/#\\\/schema\\\/logo\\\/image\\\/\",\"url\":\"https:\\\/\\\/decolights.eu\\\/wp-content\\\/uploads\\\/2023\\\/07\\\/cropped-decolight-siteicon.png\",\"contentUrl\":\"https:\\\/\\\/decolights.eu\\\/wp-content\\\/uploads\\\/2023\\\/07\\\/cropped-decolight-siteicon.png\",\"width\":512,\"height\":512,\"caption\":\"decolights\"},\"image\":{\"@id\":\"https:\\\/\\\/decolights.eu\\\/#\\\/schema\\\/logo\\\/image\\\/\"}}]}<\/script>\n<!-- \/ Yoast SEO plugin. -->","yoast_head_json":{"title":"Saul\u0117s pro\u017eektorius 3 vnt - Geriausios kainos garantija - Decolights.eu","description":"Pirkite saul\u0117s dekoracijas u\u017e geriausias kainas Decolights.eu. Papuo\u0161kite savo kiem\u0105 ir teras\u0105 ir sukurkite jauki\u0105 atmosfer\u0105 namuose.","robots":{"index":"index","follow":"follow","max-snippet":"max-snippet:-1","max-image-preview":"max-image-preview:large","max-video-preview":"max-video-preview:-1"},"canonical":"https:\/\/decolights.eu\/lt\/produktas-2\/solar-spotlight-3-pcs\/","og_locale":"lt_LT","og_type":"article","og_title":"Solar Spotlight 3 pcs - Best price guarantee - Decolights.eu","og_description":"Buy solar decorations for the best prices on Decolights.eu. Decorate your patio and terrace and create cozy ambience at home.","og_url":"https:\/\/decolights.eu\/lt\/produktas-2\/solar-spotlight-3-pcs\/","og_site_name":"Decolights.eu","article_modified_time":"2023-05-10T08:56:43+00:00","og_image":[{"url":"https:\/\/decolights.eu\/wp-content\/uploads\/2023\/04\/482-33_M2.png","width":600,"height":602,"type":"image\/png"}],"twitter_card":"summary_large_image","twitter_misc":{"Est. reading time":"1 minut\u0117"},"schema":{"@context":"https:\/\/schema.org","@graph":[{"@type":"WebPage","@id":"https:\/\/decolights.eu\/product\/solar-spotlight-3-pcs\/","url":"https:\/\/decolights.eu\/product\/solar-spotlight-3-pcs\/","name":"Saul\u0117s pro\u017eektorius 3 vnt - Geriausios kainos garantija - Decolights.eu","isPartOf":{"@id":"https:\/\/decolights.eu\/#website"},"primaryImageOfPage":{"@id":"https:\/\/decolights.eu\/product\/solar-spotlight-3-pcs\/#primaryimage"},"image":{"@id":"https:\/\/decolights.eu\/product\/solar-spotlight-3-pcs\/#primaryimage"},"thumbnailUrl":"https:\/\/decolights.eu\/wp-content\/uploads\/2023\/04\/482-33_M2.png","datePublished":"2023-04-01T04:35:16+00:00","dateModified":"2023-05-10T08:56:43+00:00","description":"Pirkite saul\u0117s dekoracijas u\u017e geriausias kainas Decolights.eu. Papuo\u0161kite savo kiem\u0105 ir teras\u0105 ir sukurkite jauki\u0105 atmosfer\u0105 namuose.","breadcrumb":{"@id":"https:\/\/decolights.eu\/product\/solar-spotlight-3-pcs\/#breadcrumb"},"inLanguage":"lt-LT","potentialAction":[{"@type":"ReadAction","target":["https:\/\/decolights.eu\/product\/solar-spotlight-3-pcs\/"]}]},{"@type":"ImageObject","inLanguage":"lt-LT","@id":"https:\/\/decolights.eu\/product\/solar-spotlight-3-pcs\/#primaryimage","url":"https:\/\/decolights.eu\/wp-content\/uploads\/2023\/04\/482-33_M2.png","contentUrl":"https:\/\/decolights.eu\/wp-content\/uploads\/2023\/04\/482-33_M2.png","width":600,"height":602},{"@type":"BreadcrumbList","@id":"https:\/\/decolights.eu\/product\/solar-spotlight-3-pcs\/#breadcrumb","itemListElement":[{"@type":"ListItem","position":1,"name":"Shop","item":"https:\/\/decolights.eu\/shop\/"},{"@type":"ListItem","position":2,"name":"Solar Spotlight 3 pcs"}]},{"@type":"WebSite","@id":"https:\/\/decolights.eu\/#website","url":"https:\/\/decolights.eu\/","name":"papuo\u0161imai","description":"Led dekoracijos namams ir sodui","publisher":{"@id":"https:\/\/decolights.eu\/#organization"},"alternateName":"decolights.eu","potentialAction":[{"@type":"SearchAction","target":{"@type":"EntryPoint","urlTemplate":"https:\/\/decolights.eu\/?s={search_term_string}"},"query-input":{"@type":"PropertyValueSpecification","valueRequired":true,"valueName":"search_term_string"}}],"inLanguage":"lt-LT"},{"@type":"Organization","@id":"https:\/\/decolights.eu\/#organization","name":"papuo\u0161imai","url":"https:\/\/decolights.eu\/","logo":{"@type":"ImageObject","inLanguage":"lt-LT","@id":"https:\/\/decolights.eu\/#\/schema\/logo\/image\/","url":"https:\/\/decolights.eu\/wp-content\/uploads\/2023\/07\/cropped-decolight-siteicon.png","contentUrl":"https:\/\/decolights.eu\/wp-content\/uploads\/2023\/07\/cropped-decolight-siteicon.png","width":512,"height":512,"caption":"decolights"},"image":{"@id":"https:\/\/decolights.eu\/#\/schema\/logo\/image\/"}}]}},"jetpack_sharing_enabled":true,"_links":{"self":[{"href":"https:\/\/decolights.eu\/lt\/wp-json\/wp\/v2\/product\/5735","targetHints":{"allow":["GET"]}}],"collection":[{"href":"https:\/\/decolights.eu\/lt\/wp-json\/wp\/v2\/product"}],"about":[{"href":"https:\/\/decolights.eu\/lt\/wp-json\/wp\/v2\/types\/product"}],"replies":[{"embeddable":true,"href":"https:\/\/decolights.eu\/lt\/wp-json\/wp\/v2\/comments?post=5735"}],"wp:featuredmedia":[{"embeddable":true,"href":"https:\/\/decolights.eu\/lt\/wp-json\/wp\/v2\/media\/5836"}],"wp:attachment":[{"href":"https:\/\/decolights.eu\/lt\/wp-json\/wp\/v2\/media?parent=5735"}],"wp:term":[{"taxonomy":"product_brand","embeddable":true,"href":"https:\/\/decolights.eu\/lt\/wp-json\/wp\/v2\/product_brand?post=5735"},{"taxonomy":"product_cat","embeddable":true,"href":"https:\/\/decolights.eu\/lt\/wp-json\/wp\/v2\/product_cat?post=5735"},{"taxonomy":"product_tag","embeddable":true,"href":"https:\/\/decolights.eu\/lt\/wp-json\/wp\/v2\/product_tag?post=5735"}],"curies":[{"name":"wp","href":"https:\/\/api.w.org\/{rel}","templated":true}]}}