{"id":5928,"date":"2023-04-01T04:38:23","date_gmt":"2023-04-01T04:38:23","guid":{"rendered":"https:\/\/decolights.eu\/?post_type=product&#038;p=5928"},"modified":"2023-05-09T12:31:06","modified_gmt":"2023-05-09T12:31:06","slug":"twinkly-smart-light-tube-flex-rgb","status":"publish","type":"product","link":"https:\/\/decolights.eu\/lt\/produktas-2\/twinkly-smart-light-tube-flex-rgb\/","title":{"rendered":"Twinkly Smart Light Tube-Flex RGB"},"content":{"rendered":"<p>\u201eTwinkly Flex\u201c \u2013 program\u0117l\u0117mis valdoma lanksti LED juostel\u0117 su RGB (16 mln. spalv\u0173) \u0161viesos diodais<\/p>\n<p>\u201eTwinkly Flex\u201c yra i\u0161manus, neon\u0105 primenantis lankstus LED vamzdis, kur\u012f galima valdyti naudojant program\u0117l\u0119 ir balso asistentus.<\/p>\n<p>\u201eTwinkly Flex\u201c galima suprojektuoti bet kokiu norimu b\u016bdu, tod\u0117l j\u016bs\u0173 prijungtuose namuose bus sukurtas naujas ap\u0161vietimo dizaino ir k\u016brybi\u0161kumo lygis.<\/p>\n<p><iframe loading=\"lazy\" title=\"\u201eTwinkly Flex\u201c paroda \u201enhow Milan\u201c.\" width=\"1020\" height=\"574\" src=\"https:\/\/www.youtube.com\/embed\/lyYfIzATqv0?feature=oembed\" frameborder=\"0\" allow=\"accelerometer; autoplay; clipboard-write; encrypted-media; gyroscope; picture-in-picture; web-share\" allowfullscreen><\/iframe><\/p>\n<p><em>PS! Vaizdo \u012fra\u0161as yra iliustratyvus ir nurodytas produktas gali netur\u0117ti vis\u0173 vaizdo \u012fra\u0161e nurodyt\u0173 funkcij\u0173.<\/em><\/p>\n<ul>\n<li><strong>Diod\u0173 skai\u010dius metrui:<\/strong> 192 diodai<\/li>\n<li><strong>Spalva:<\/strong> Daugiaspalvis (RGB+W)<\/li>\n<li><strong>Vidutinis vardinis tarnavimo laikas:<\/strong> 30 000 val<\/li>\n<li><strong>Lempos galia vienam metrui:<\/strong> 7,5 W<\/li>\n<li><strong>Konkre\u010di\u0173 segment\u0173 ilgis:<\/strong> 1000 mm<\/li>\n<li><strong>Ilgis:<\/strong> 2 mln<\/li>\n<li><strong>IP \u012fvertinimas<\/strong>: IP20<\/li>\n<li><strong>Muzikos sinchronizavimas:<\/strong> Taip, tik \u201eTwinkly Music\u201c USB mikrofonas<\/li>\n<li><strong>Ry\u0161ys:<\/strong> Bluetooth\u00ae ir Wi-Fi<\/li>\n<li><strong>Jungiamas:\u00a0<\/strong>Nr<\/li>\n<li><strong>Maitinimo \u0161altinis:\u00a0<\/strong>Prijunkite<\/li>\n<li><strong>CE sertifikatas:\u00a0<\/strong>Taip<\/li>\n<li>15W 240V<\/li>\n<\/ul>","protected":false},"excerpt":{"rendered":"<p>Twinkly Flex &#8211; app-controlled flexible led strip with RGB (16 million colors) LEDs Twinkly Flex is a smart, neon-like flexible LED tube that can be controlled via an app and voice assistants. Twinkly Flex can be designed in any way you want, bringing a new level of lighting design and creativity to your connected home. [&#8230;]\n","protected":false},"featured_media":6083,"comment_status":"open","ping_status":"closed","template":"","meta":[],"product_brand":[],"product_cat":[226,235],"product_tag":[],"class_list":{"0":"post-5928","1":"product","2":"type-product","3":"status-publish","4":"has-post-thumbnail","6":"product_cat-outdoor-lights","7":"product_cat-twinkly-outdoor-lights","8":"pa_brand-twinkly","9":"pa_led-colour-warm-white","11":"first","12":"instock","13":"sale","14":"shipping-taxable","15":"purchasable","16":"product-type-simple"},"yoast_head":"<!-- This site is optimized with the Yoast SEO plugin v27.3 - https:\/\/yoast.com\/product\/yoast-seo-wordpress\/ -->\n<title>Twinkly Smart Light Tube-Flex RGB - Decolights.eu<\/title>\n<meta name=\"description\" content=\"Twinkly Flex is a smart, neon-like flexible LED tube that can be controlled via an app and voice assistants. Get it now for the best price!\" \/>\n<meta name=\"robots\" content=\"index, follow, max-snippet:-1, max-image-preview:large, max-video-preview:-1\" \/>\n<link rel=\"canonical\" href=\"https:\/\/decolights.eu\/lt\/produktas-2\/twinkly-smart-light-tube-flex-rgb\/\" \/>\n<meta property=\"og:locale\" content=\"lt_LT\" \/>\n<meta property=\"og:type\" content=\"article\" \/>\n<meta property=\"og:title\" content=\"Twinkly Smart Light Tube-Flex RGB - Decolights.eu\" \/>\n<meta property=\"og:description\" content=\"Twinkly Flex is a smart, neon-like flexible LED tube that can be controlled via an app and voice assistants. Get it now for the best price!\" \/>\n<meta property=\"og:url\" content=\"https:\/\/decolights.eu\/lt\/produktas-2\/twinkly-smart-light-tube-flex-rgb\/\" \/>\n<meta property=\"og:site_name\" content=\"Decolights.eu\" \/>\n<meta property=\"article:modified_time\" content=\"2023-05-09T12:31:06+00:00\" \/>\n<meta property=\"og:image\" content=\"https:\/\/decolights.eu\/wp-content\/uploads\/2023\/04\/TWFL200STW-WEU_Out-of-the-box-1.jpg\" \/>\n\t<meta property=\"og:image:width\" content=\"600\" \/>\n\t<meta property=\"og:image:height\" content=\"600\" \/>\n\t<meta property=\"og:image:type\" content=\"image\/jpeg\" \/>\n<meta name=\"twitter:card\" content=\"summary_large_image\" \/>\n<meta name=\"twitter:label1\" content=\"Est. reading time\" \/>\n\t<meta name=\"twitter:data1\" content=\"1 minut\u0117\" \/>\n<script type=\"application\/ld+json\" class=\"yoast-schema-graph\">{\"@context\":\"https:\\\/\\\/schema.org\",\"@graph\":[{\"@type\":\"WebPage\",\"@id\":\"https:\\\/\\\/decolights.eu\\\/product\\\/twinkly-smart-light-tube-flex-rgb\\\/\",\"url\":\"https:\\\/\\\/decolights.eu\\\/product\\\/twinkly-smart-light-tube-flex-rgb\\\/\",\"name\":\"Twinkly Smart Light Tube-Flex RGB - Decolights.eu\",\"isPartOf\":{\"@id\":\"https:\\\/\\\/decolights.eu\\\/#website\"},\"primaryImageOfPage\":{\"@id\":\"https:\\\/\\\/decolights.eu\\\/product\\\/twinkly-smart-light-tube-flex-rgb\\\/#primaryimage\"},\"image\":{\"@id\":\"https:\\\/\\\/decolights.eu\\\/product\\\/twinkly-smart-light-tube-flex-rgb\\\/#primaryimage\"},\"thumbnailUrl\":\"https:\\\/\\\/decolights.eu\\\/wp-content\\\/uploads\\\/2023\\\/04\\\/TWFL200STW-WEU_Out-of-the-box-1.jpg\",\"datePublished\":\"2023-04-01T04:38:23+00:00\",\"dateModified\":\"2023-05-09T12:31:06+00:00\",\"description\":\"Twinkly Flex is a smart, neon-like flexible LED tube that can be controlled via an app and voice assistants. Get it now for the best price!\",\"breadcrumb\":{\"@id\":\"https:\\\/\\\/decolights.eu\\\/product\\\/twinkly-smart-light-tube-flex-rgb\\\/#breadcrumb\"},\"inLanguage\":\"lt-LT\",\"potentialAction\":[{\"@type\":\"ReadAction\",\"target\":[\"https:\\\/\\\/decolights.eu\\\/product\\\/twinkly-smart-light-tube-flex-rgb\\\/\"]}]},{\"@type\":\"ImageObject\",\"inLanguage\":\"lt-LT\",\"@id\":\"https:\\\/\\\/decolights.eu\\\/product\\\/twinkly-smart-light-tube-flex-rgb\\\/#primaryimage\",\"url\":\"https:\\\/\\\/decolights.eu\\\/wp-content\\\/uploads\\\/2023\\\/04\\\/TWFL200STW-WEU_Out-of-the-box-1.jpg\",\"contentUrl\":\"https:\\\/\\\/decolights.eu\\\/wp-content\\\/uploads\\\/2023\\\/04\\\/TWFL200STW-WEU_Out-of-the-box-1.jpg\",\"width\":600,\"height\":600},{\"@type\":\"BreadcrumbList\",\"@id\":\"https:\\\/\\\/decolights.eu\\\/product\\\/twinkly-smart-light-tube-flex-rgb\\\/#breadcrumb\",\"itemListElement\":[{\"@type\":\"ListItem\",\"position\":1,\"name\":\"Shop\",\"item\":\"https:\\\/\\\/decolights.eu\\\/shop\\\/\"},{\"@type\":\"ListItem\",\"position\":2,\"name\":\"Twinkly Smart Light Tube-Flex RGB\"}]},{\"@type\":\"WebSite\",\"@id\":\"https:\\\/\\\/decolights.eu\\\/#website\",\"url\":\"https:\\\/\\\/decolights.eu\\\/\",\"name\":\"decolights\",\"description\":\"Led Decorations for Home and Garden\",\"publisher\":{\"@id\":\"https:\\\/\\\/decolights.eu\\\/#organization\"},\"alternateName\":\"decolights.eu\",\"potentialAction\":[{\"@type\":\"SearchAction\",\"target\":{\"@type\":\"EntryPoint\",\"urlTemplate\":\"https:\\\/\\\/decolights.eu\\\/?s={search_term_string}\"},\"query-input\":{\"@type\":\"PropertyValueSpecification\",\"valueRequired\":true,\"valueName\":\"search_term_string\"}}],\"inLanguage\":\"lt-LT\"},{\"@type\":\"Organization\",\"@id\":\"https:\\\/\\\/decolights.eu\\\/#organization\",\"name\":\"decolights\",\"url\":\"https:\\\/\\\/decolights.eu\\\/\",\"logo\":{\"@type\":\"ImageObject\",\"inLanguage\":\"lt-LT\",\"@id\":\"https:\\\/\\\/decolights.eu\\\/#\\\/schema\\\/logo\\\/image\\\/\",\"url\":\"https:\\\/\\\/decolights.eu\\\/wp-content\\\/uploads\\\/2023\\\/07\\\/cropped-decolight-siteicon.png\",\"contentUrl\":\"https:\\\/\\\/decolights.eu\\\/wp-content\\\/uploads\\\/2023\\\/07\\\/cropped-decolight-siteicon.png\",\"width\":512,\"height\":512,\"caption\":\"decolights\"},\"image\":{\"@id\":\"https:\\\/\\\/decolights.eu\\\/#\\\/schema\\\/logo\\\/image\\\/\"}}]}<\/script>\n<!-- \/ Yoast SEO plugin. -->","yoast_head_json":{"title":"Twinkly Smart Light Tube-Flex RGB - Decolights.eu","description":"\u201eTwinkly Flex\u201c yra i\u0161manus, neon\u0105 primenantis lankstus LED vamzdis, kur\u012f galima valdyti naudojant program\u0117l\u0119 ir balso asistentus. \u012esigykite dabar u\u017e geriausi\u0105 kain\u0105!","robots":{"index":"index","follow":"follow","max-snippet":"max-snippet:-1","max-image-preview":"max-image-preview:large","max-video-preview":"max-video-preview:-1"},"canonical":"https:\/\/decolights.eu\/lt\/produktas-2\/twinkly-smart-light-tube-flex-rgb\/","og_locale":"lt_LT","og_type":"article","og_title":"Twinkly Smart Light Tube-Flex RGB - Decolights.eu","og_description":"Twinkly Flex is a smart, neon-like flexible LED tube that can be controlled via an app and voice assistants. Get it now for the best price!","og_url":"https:\/\/decolights.eu\/lt\/produktas-2\/twinkly-smart-light-tube-flex-rgb\/","og_site_name":"Decolights.eu","article_modified_time":"2023-05-09T12:31:06+00:00","og_image":[{"width":600,"height":600,"url":"https:\/\/decolights.eu\/wp-content\/uploads\/2023\/04\/TWFL200STW-WEU_Out-of-the-box-1.jpg","type":"image\/jpeg"}],"twitter_card":"summary_large_image","twitter_misc":{"Est. reading time":"1 minut\u0117"},"schema":{"@context":"https:\/\/schema.org","@graph":[{"@type":"WebPage","@id":"https:\/\/decolights.eu\/product\/twinkly-smart-light-tube-flex-rgb\/","url":"https:\/\/decolights.eu\/product\/twinkly-smart-light-tube-flex-rgb\/","name":"Twinkly Smart Light Tube-Flex RGB - Decolights.eu","isPartOf":{"@id":"https:\/\/decolights.eu\/#website"},"primaryImageOfPage":{"@id":"https:\/\/decolights.eu\/product\/twinkly-smart-light-tube-flex-rgb\/#primaryimage"},"image":{"@id":"https:\/\/decolights.eu\/product\/twinkly-smart-light-tube-flex-rgb\/#primaryimage"},"thumbnailUrl":"https:\/\/decolights.eu\/wp-content\/uploads\/2023\/04\/TWFL200STW-WEU_Out-of-the-box-1.jpg","datePublished":"2023-04-01T04:38:23+00:00","dateModified":"2023-05-09T12:31:06+00:00","description":"\u201eTwinkly Flex\u201c yra i\u0161manus, neon\u0105 primenantis lankstus LED vamzdis, kur\u012f galima valdyti naudojant program\u0117l\u0119 ir balso asistentus. \u012esigykite dabar u\u017e geriausi\u0105 kain\u0105!","breadcrumb":{"@id":"https:\/\/decolights.eu\/product\/twinkly-smart-light-tube-flex-rgb\/#breadcrumb"},"inLanguage":"lt-LT","potentialAction":[{"@type":"ReadAction","target":["https:\/\/decolights.eu\/product\/twinkly-smart-light-tube-flex-rgb\/"]}]},{"@type":"ImageObject","inLanguage":"lt-LT","@id":"https:\/\/decolights.eu\/product\/twinkly-smart-light-tube-flex-rgb\/#primaryimage","url":"https:\/\/decolights.eu\/wp-content\/uploads\/2023\/04\/TWFL200STW-WEU_Out-of-the-box-1.jpg","contentUrl":"https:\/\/decolights.eu\/wp-content\/uploads\/2023\/04\/TWFL200STW-WEU_Out-of-the-box-1.jpg","width":600,"height":600},{"@type":"BreadcrumbList","@id":"https:\/\/decolights.eu\/product\/twinkly-smart-light-tube-flex-rgb\/#breadcrumb","itemListElement":[{"@type":"ListItem","position":1,"name":"Shop","item":"https:\/\/decolights.eu\/shop\/"},{"@type":"ListItem","position":2,"name":"Twinkly Smart Light Tube-Flex RGB"}]},{"@type":"WebSite","@id":"https:\/\/decolights.eu\/#website","url":"https:\/\/decolights.eu\/","name":"papuo\u0161imai","description":"Led dekoracijos namams ir sodui","publisher":{"@id":"https:\/\/decolights.eu\/#organization"},"alternateName":"decolights.eu","potentialAction":[{"@type":"SearchAction","target":{"@type":"EntryPoint","urlTemplate":"https:\/\/decolights.eu\/?s={search_term_string}"},"query-input":{"@type":"PropertyValueSpecification","valueRequired":true,"valueName":"search_term_string"}}],"inLanguage":"lt-LT"},{"@type":"Organization","@id":"https:\/\/decolights.eu\/#organization","name":"papuo\u0161imai","url":"https:\/\/decolights.eu\/","logo":{"@type":"ImageObject","inLanguage":"lt-LT","@id":"https:\/\/decolights.eu\/#\/schema\/logo\/image\/","url":"https:\/\/decolights.eu\/wp-content\/uploads\/2023\/07\/cropped-decolight-siteicon.png","contentUrl":"https:\/\/decolights.eu\/wp-content\/uploads\/2023\/07\/cropped-decolight-siteicon.png","width":512,"height":512,"caption":"decolights"},"image":{"@id":"https:\/\/decolights.eu\/#\/schema\/logo\/image\/"}}]}},"jetpack_sharing_enabled":true,"_links":{"self":[{"href":"https:\/\/decolights.eu\/lt\/wp-json\/wp\/v2\/product\/5928","targetHints":{"allow":["GET"]}}],"collection":[{"href":"https:\/\/decolights.eu\/lt\/wp-json\/wp\/v2\/product"}],"about":[{"href":"https:\/\/decolights.eu\/lt\/wp-json\/wp\/v2\/types\/product"}],"replies":[{"embeddable":true,"href":"https:\/\/decolights.eu\/lt\/wp-json\/wp\/v2\/comments?post=5928"}],"wp:featuredmedia":[{"embeddable":true,"href":"https:\/\/decolights.eu\/lt\/wp-json\/wp\/v2\/media\/6083"}],"wp:attachment":[{"href":"https:\/\/decolights.eu\/lt\/wp-json\/wp\/v2\/media?parent=5928"}],"wp:term":[{"taxonomy":"product_brand","embeddable":true,"href":"https:\/\/decolights.eu\/lt\/wp-json\/wp\/v2\/product_brand?post=5928"},{"taxonomy":"product_cat","embeddable":true,"href":"https:\/\/decolights.eu\/lt\/wp-json\/wp\/v2\/product_cat?post=5928"},{"taxonomy":"product_tag","embeddable":true,"href":"https:\/\/decolights.eu\/lt\/wp-json\/wp\/v2\/product_tag?post=5928"}],"curies":[{"name":"wp","href":"https:\/\/api.w.org\/{rel}","templated":true}]}}