{"id":5966,"date":"2023-04-01T04:38:45","date_gmt":"2023-04-01T04:38:45","guid":{"rendered":"https:\/\/decolights.eu\/?post_type=product&#038;p=5966"},"modified":"2023-04-17T12:36:35","modified_gmt":"2023-04-17T12:36:35","slug":"led-candle-flamme-float","status":"publish","type":"product","link":"https:\/\/decolights.eu\/lt\/produktas-2\/led-candle-flamme-float\/","title":{"rendered":"LED \u017evak\u0117 Flamme pl\u016bd\u0117"},"content":{"rendered":"<p dir=\"ltr\" data-placeholder=\"Translation\">Flamme Float \u2013 tai \u017evak\u0117 su stikliniu indu, kurio viduje yra permatomas va\u0161kas, kuris suteikia aliejin\u0117s lempos poj\u016bt\u012f, kai liepsna pl\u016bduriuoja. Skaidriame va\u0161ke gali b\u016bti oro burbuliuk\u0173, kurie suteikia dar nat\u016bralesn\u0119 i\u0161vaizd\u0105. \u0160i elektrin\u0117 \u017evak\u0117 bus gra\u017ei puo\u0161mena tiek viena, tiek grup\u0117mis kartu su kitomis m\u016bs\u0173 serijos Flamme \u017evak\u0117mis. Jis turi laikma\u010dio funkcij\u0105 ir, kai jungiklis yra laikma\u010dio re\u017eimu, \u0161viesa \u0161vie\u010dia apie 30 dien\u0173 gra\u017eia tikrovi\u0161ka \u0161iltai balta liepsna.<\/p>\n<ul>\n<li><strong>Stiklo spalva:<\/strong> skaidrus<\/li>\n<li dir=\"ltr\" data-placeholder=\"Translation\"><strong>LED spalva:<\/strong> \u0161iltai balta<\/li>\n<li dir=\"ltr\" data-placeholder=\"Translation\"><strong>Dydis:<\/strong> 8 x 17,50 cm<\/li>\n<li dir=\"ltr\" data-placeholder=\"Translation\"><strong>Maitinimo \u0161altinis:<\/strong> 3 x AAA baterijos (\u012f komplekt\u0105 ne\u012feina)<\/li>\n<li dir=\"ltr\" data-placeholder=\"Translation\"><strong>Laikmatis:<\/strong> 6H \u012fjungta\/18h i\u0161jungta, pakartokite<\/li>\n<li dir=\"ltr\" data-placeholder=\"Translation\"><strong>IP \u012fvertinimas<\/strong>: IP20<\/li>\n<li dir=\"ltr\" data-placeholder=\"Translation\"><strong>CE sertifikatas:<\/strong> Taip<\/li>\n<\/ul>","protected":false},"excerpt":{"rendered":"<p>Flamme Float is a candle with a glass container with transparent wax inside which gives a feeling of a oil lamp where the flame floats. The transparent wax can contain air bubbles, which gives an even more natural look. This electric candle will be a beautiful decoration, both alone and in groups together with other [&#8230;]\n","protected":false},"featured_media":4445,"comment_status":"open","ping_status":"closed","template":"","meta":[],"product_brand":[],"product_cat":[214,216],"product_tag":[],"class_list":{"0":"post-5966","1":"product","2":"type-product","3":"status-publish","4":"has-post-thumbnail","6":"product_cat-indoor-lights","7":"product_cat-led-candles","8":"pa_brand-deco","9":"pa_led-colour-warm-white","11":"first","12":"instock","13":"sale","14":"shipping-taxable","15":"purchasable","16":"product-type-simple"},"yoast_head":"<!-- This site is optimized with the Yoast SEO plugin v27.3 - https:\/\/yoast.com\/product\/yoast-seo-wordpress\/ -->\n<title>LED Candle Flamme Float - Decolights.eu<\/title>\n<meta name=\"description\" content=\"LED Candles Flamme are the best and safest way for decorating your home and patio. Buy LED candles for the best price today and enjoy cozy atmosphere.\" \/>\n<meta name=\"robots\" content=\"index, follow, max-snippet:-1, max-image-preview:large, max-video-preview:-1\" \/>\n<link rel=\"canonical\" href=\"https:\/\/decolights.eu\/lt\/produktas-2\/led-candle-flamme-float\/\" \/>\n<meta property=\"og:locale\" content=\"lt_LT\" \/>\n<meta property=\"og:type\" content=\"article\" \/>\n<meta property=\"og:title\" content=\"LED Candle Flamme Float - Decolights.eu\" \/>\n<meta property=\"og:description\" content=\"LED Candles Flamme are the best and safest way for decorating your home and patio. Buy LED candles for the best price today and enjoy cozy atmosphere.\" \/>\n<meta property=\"og:url\" content=\"https:\/\/decolights.eu\/lt\/produktas-2\/led-candle-flamme-float\/\" \/>\n<meta property=\"og:site_name\" content=\"Decolights.eu\" \/>\n<meta property=\"article:modified_time\" content=\"2023-04-17T12:36:35+00:00\" \/>\n<meta property=\"og:image\" content=\"https:\/\/decolights.eu\/wp-content\/uploads\/2023\/04\/061-29_M2.png\" \/>\n\t<meta property=\"og:image:width\" content=\"600\" \/>\n\t<meta property=\"og:image:height\" content=\"602\" \/>\n\t<meta property=\"og:image:type\" content=\"image\/png\" \/>\n<meta name=\"twitter:card\" content=\"summary_large_image\" \/>\n<meta name=\"twitter:label1\" content=\"Est. reading time\" \/>\n\t<meta name=\"twitter:data1\" content=\"1 minut\u0117\" \/>\n<script type=\"application\/ld+json\" class=\"yoast-schema-graph\">{\"@context\":\"https:\\\/\\\/schema.org\",\"@graph\":[{\"@type\":\"WebPage\",\"@id\":\"https:\\\/\\\/decolights.eu\\\/product\\\/led-candle-flamme-float\\\/\",\"url\":\"https:\\\/\\\/decolights.eu\\\/product\\\/led-candle-flamme-float\\\/\",\"name\":\"LED Candle Flamme Float - Decolights.eu\",\"isPartOf\":{\"@id\":\"https:\\\/\\\/decolights.eu\\\/#website\"},\"primaryImageOfPage\":{\"@id\":\"https:\\\/\\\/decolights.eu\\\/product\\\/led-candle-flamme-float\\\/#primaryimage\"},\"image\":{\"@id\":\"https:\\\/\\\/decolights.eu\\\/product\\\/led-candle-flamme-float\\\/#primaryimage\"},\"thumbnailUrl\":\"https:\\\/\\\/decolights.eu\\\/wp-content\\\/uploads\\\/2023\\\/04\\\/061-29_M2.png\",\"datePublished\":\"2023-04-01T04:38:45+00:00\",\"dateModified\":\"2023-04-17T12:36:35+00:00\",\"description\":\"LED Candles Flamme are the best and safest way for decorating your home and patio. Buy LED candles for the best price today and enjoy cozy atmosphere.\",\"breadcrumb\":{\"@id\":\"https:\\\/\\\/decolights.eu\\\/product\\\/led-candle-flamme-float\\\/#breadcrumb\"},\"inLanguage\":\"lt-LT\",\"potentialAction\":[{\"@type\":\"ReadAction\",\"target\":[\"https:\\\/\\\/decolights.eu\\\/product\\\/led-candle-flamme-float\\\/\"]}]},{\"@type\":\"ImageObject\",\"inLanguage\":\"lt-LT\",\"@id\":\"https:\\\/\\\/decolights.eu\\\/product\\\/led-candle-flamme-float\\\/#primaryimage\",\"url\":\"https:\\\/\\\/decolights.eu\\\/wp-content\\\/uploads\\\/2023\\\/04\\\/061-29_M2.png\",\"contentUrl\":\"https:\\\/\\\/decolights.eu\\\/wp-content\\\/uploads\\\/2023\\\/04\\\/061-29_M2.png\",\"width\":600,\"height\":602},{\"@type\":\"BreadcrumbList\",\"@id\":\"https:\\\/\\\/decolights.eu\\\/product\\\/led-candle-flamme-float\\\/#breadcrumb\",\"itemListElement\":[{\"@type\":\"ListItem\",\"position\":1,\"name\":\"Shop\",\"item\":\"https:\\\/\\\/decolights.eu\\\/shop\\\/\"},{\"@type\":\"ListItem\",\"position\":2,\"name\":\"LED Candle Flamme Float\"}]},{\"@type\":\"WebSite\",\"@id\":\"https:\\\/\\\/decolights.eu\\\/#website\",\"url\":\"https:\\\/\\\/decolights.eu\\\/\",\"name\":\"decolights\",\"description\":\"Led Decorations for Home and Garden\",\"publisher\":{\"@id\":\"https:\\\/\\\/decolights.eu\\\/#organization\"},\"alternateName\":\"decolights.eu\",\"potentialAction\":[{\"@type\":\"SearchAction\",\"target\":{\"@type\":\"EntryPoint\",\"urlTemplate\":\"https:\\\/\\\/decolights.eu\\\/?s={search_term_string}\"},\"query-input\":{\"@type\":\"PropertyValueSpecification\",\"valueRequired\":true,\"valueName\":\"search_term_string\"}}],\"inLanguage\":\"lt-LT\"},{\"@type\":\"Organization\",\"@id\":\"https:\\\/\\\/decolights.eu\\\/#organization\",\"name\":\"decolights\",\"url\":\"https:\\\/\\\/decolights.eu\\\/\",\"logo\":{\"@type\":\"ImageObject\",\"inLanguage\":\"lt-LT\",\"@id\":\"https:\\\/\\\/decolights.eu\\\/#\\\/schema\\\/logo\\\/image\\\/\",\"url\":\"https:\\\/\\\/decolights.eu\\\/wp-content\\\/uploads\\\/2023\\\/07\\\/cropped-decolight-siteicon.png\",\"contentUrl\":\"https:\\\/\\\/decolights.eu\\\/wp-content\\\/uploads\\\/2023\\\/07\\\/cropped-decolight-siteicon.png\",\"width\":512,\"height\":512,\"caption\":\"decolights\"},\"image\":{\"@id\":\"https:\\\/\\\/decolights.eu\\\/#\\\/schema\\\/logo\\\/image\\\/\"}}]}<\/script>\n<!-- \/ Yoast SEO plugin. -->","yoast_head_json":{"title":"LED \u017evak\u0117 Flamme Float - Decolights.eu","description":"LED \u017evak\u0117s Flamme yra geriausias ir saugiausias b\u016bdas papuo\u0161ti j\u016bs\u0173 namus ir teras\u0105. Pirkite LED \u017evakes u\u017e geriausi\u0105 kain\u0105 \u0161iandien ir m\u0117gaukit\u0117s jaukia atmosfera.","robots":{"index":"index","follow":"follow","max-snippet":"max-snippet:-1","max-image-preview":"max-image-preview:large","max-video-preview":"max-video-preview:-1"},"canonical":"https:\/\/decolights.eu\/lt\/produktas-2\/led-candle-flamme-float\/","og_locale":"lt_LT","og_type":"article","og_title":"LED Candle Flamme Float - Decolights.eu","og_description":"LED Candles Flamme are the best and safest way for decorating your home and patio. Buy LED candles for the best price today and enjoy cozy atmosphere.","og_url":"https:\/\/decolights.eu\/lt\/produktas-2\/led-candle-flamme-float\/","og_site_name":"Decolights.eu","article_modified_time":"2023-04-17T12:36:35+00:00","og_image":[{"width":600,"height":602,"url":"https:\/\/decolights.eu\/wp-content\/uploads\/2023\/04\/061-29_M2.png","type":"image\/png"}],"twitter_card":"summary_large_image","twitter_misc":{"Est. reading time":"1 minut\u0117"},"schema":{"@context":"https:\/\/schema.org","@graph":[{"@type":"WebPage","@id":"https:\/\/decolights.eu\/product\/led-candle-flamme-float\/","url":"https:\/\/decolights.eu\/product\/led-candle-flamme-float\/","name":"LED \u017evak\u0117 Flamme Float - Decolights.eu","isPartOf":{"@id":"https:\/\/decolights.eu\/#website"},"primaryImageOfPage":{"@id":"https:\/\/decolights.eu\/product\/led-candle-flamme-float\/#primaryimage"},"image":{"@id":"https:\/\/decolights.eu\/product\/led-candle-flamme-float\/#primaryimage"},"thumbnailUrl":"https:\/\/decolights.eu\/wp-content\/uploads\/2023\/04\/061-29_M2.png","datePublished":"2023-04-01T04:38:45+00:00","dateModified":"2023-04-17T12:36:35+00:00","description":"LED \u017evak\u0117s Flamme yra geriausias ir saugiausias b\u016bdas papuo\u0161ti j\u016bs\u0173 namus ir teras\u0105. Pirkite LED \u017evakes u\u017e geriausi\u0105 kain\u0105 \u0161iandien ir m\u0117gaukit\u0117s jaukia atmosfera.","breadcrumb":{"@id":"https:\/\/decolights.eu\/product\/led-candle-flamme-float\/#breadcrumb"},"inLanguage":"lt-LT","potentialAction":[{"@type":"ReadAction","target":["https:\/\/decolights.eu\/product\/led-candle-flamme-float\/"]}]},{"@type":"ImageObject","inLanguage":"lt-LT","@id":"https:\/\/decolights.eu\/product\/led-candle-flamme-float\/#primaryimage","url":"https:\/\/decolights.eu\/wp-content\/uploads\/2023\/04\/061-29_M2.png","contentUrl":"https:\/\/decolights.eu\/wp-content\/uploads\/2023\/04\/061-29_M2.png","width":600,"height":602},{"@type":"BreadcrumbList","@id":"https:\/\/decolights.eu\/product\/led-candle-flamme-float\/#breadcrumb","itemListElement":[{"@type":"ListItem","position":1,"name":"Shop","item":"https:\/\/decolights.eu\/shop\/"},{"@type":"ListItem","position":2,"name":"LED Candle Flamme Float"}]},{"@type":"WebSite","@id":"https:\/\/decolights.eu\/#website","url":"https:\/\/decolights.eu\/","name":"papuo\u0161imai","description":"Led dekoracijos namams ir sodui","publisher":{"@id":"https:\/\/decolights.eu\/#organization"},"alternateName":"decolights.eu","potentialAction":[{"@type":"SearchAction","target":{"@type":"EntryPoint","urlTemplate":"https:\/\/decolights.eu\/?s={search_term_string}"},"query-input":{"@type":"PropertyValueSpecification","valueRequired":true,"valueName":"search_term_string"}}],"inLanguage":"lt-LT"},{"@type":"Organization","@id":"https:\/\/decolights.eu\/#organization","name":"papuo\u0161imai","url":"https:\/\/decolights.eu\/","logo":{"@type":"ImageObject","inLanguage":"lt-LT","@id":"https:\/\/decolights.eu\/#\/schema\/logo\/image\/","url":"https:\/\/decolights.eu\/wp-content\/uploads\/2023\/07\/cropped-decolight-siteicon.png","contentUrl":"https:\/\/decolights.eu\/wp-content\/uploads\/2023\/07\/cropped-decolight-siteicon.png","width":512,"height":512,"caption":"decolights"},"image":{"@id":"https:\/\/decolights.eu\/#\/schema\/logo\/image\/"}}]}},"jetpack_sharing_enabled":true,"_links":{"self":[{"href":"https:\/\/decolights.eu\/lt\/wp-json\/wp\/v2\/product\/5966","targetHints":{"allow":["GET"]}}],"collection":[{"href":"https:\/\/decolights.eu\/lt\/wp-json\/wp\/v2\/product"}],"about":[{"href":"https:\/\/decolights.eu\/lt\/wp-json\/wp\/v2\/types\/product"}],"replies":[{"embeddable":true,"href":"https:\/\/decolights.eu\/lt\/wp-json\/wp\/v2\/comments?post=5966"}],"wp:featuredmedia":[{"embeddable":true,"href":"https:\/\/decolights.eu\/lt\/wp-json\/wp\/v2\/media\/4445"}],"wp:attachment":[{"href":"https:\/\/decolights.eu\/lt\/wp-json\/wp\/v2\/media?parent=5966"}],"wp:term":[{"taxonomy":"product_brand","embeddable":true,"href":"https:\/\/decolights.eu\/lt\/wp-json\/wp\/v2\/product_brand?post=5966"},{"taxonomy":"product_cat","embeddable":true,"href":"https:\/\/decolights.eu\/lt\/wp-json\/wp\/v2\/product_cat?post=5966"},{"taxonomy":"product_tag","embeddable":true,"href":"https:\/\/decolights.eu\/lt\/wp-json\/wp\/v2\/product_tag?post=5966"}],"curies":[{"name":"wp","href":"https:\/\/api.w.org\/{rel}","templated":true}]}}