{"id":6131,"date":"2023-04-01T04:41:08","date_gmt":"2023-04-01T04:41:08","guid":{"rendered":"https:\/\/decolights.eu\/?post_type=product&#038;p=6131"},"modified":"2023-04-17T11:02:06","modified_gmt":"2023-04-17T11:02:06","slug":"fairy-led-string-light-multi-coloured","status":"publish","type":"product","link":"https:\/\/decolights.eu\/lt\/produktas-2\/fairy-led-string-light-multi-coloured\/","title":{"rendered":"Fairy LED lemput\u0117 \u012fvairi\u0173 spalv\u0173"},"content":{"rendered":"<ul>\n<li><strong>LED spalva:<\/strong> multi coloured<\/li>\n<li><strong>Mikro \u0161viesos diod\u0173 skai\u010dius:<\/strong> 480 LED<\/li>\n<li><strong>Vielos spalva: <\/strong>sidabras<\/li>\n<li><strong>Visas ilgis (\u012fskaitant maitinimo laid\u0105):<\/strong> 51 mln<\/li>\n<li><strong>\u0160viesos ilgis:\u00a0<\/strong>48 mln<\/li>\n<li><strong>Maitinimo laido ilgis<\/strong>: 3 mln<\/li>\n<li><strong>Nuotolinio valdymo pultas:\u00a0<\/strong>Taip<\/li>\n<li><strong>Funkcijos:\u00a0<\/strong>Taip (8 skirtingos mirksin\u010dios ir pastovios funkcijos)<\/li>\n<li><b>IP \u012fvertinimas:\u00a0<\/b>IP44<\/li>\n<li><strong>Jungiamas:\u00a0<\/strong>Nr<\/li>\n<li><strong>Maitinimo \u0161altinis:\u00a0<\/strong>Prijunkite<\/li>\n<li><strong>CE sertifikatas:\u00a0<\/strong>Taip<\/li>\n<\/ul>","protected":false},"excerpt":{"rendered":"<p>LED Colour: multi coloured Number of Micro LEDs: 480LED Wire colour: Silver Total length (including power lead cable): 51M Lit length:\u00a048M Power lead cable length:\u00a03M Remote control:\u00a0Yes Functions:\u00a0Yes (8 different flashing and steady functions) IP Rating:\u00a0IP44 Connectable:\u00a0No Power source:\u00a0plug in CE Certificate:\u00a0Yes<\/p>","protected":false},"featured_media":6290,"comment_status":"open","ping_status":"closed","template":"","meta":[],"product_brand":[],"product_cat":[218,214,236,226,230],"product_tag":[],"class_list":{"0":"post-6131","1":"product","2":"type-product","3":"status-publish","4":"has-post-thumbnail","6":"product_cat-decorative-led-lights","7":"product_cat-indoor-lights","8":"product_cat-led-string-lights-outdoor-lights","9":"product_cat-outdoor-lights","10":"product_cat-patio-lights","11":"pa_brand-deco","12":"pa_led-colour-multi-coloured","14":"first","15":"instock","16":"sale","17":"shipping-taxable","18":"purchasable","19":"product-type-simple"},"yoast_head":"<!-- This site is optimized with the Yoast SEO plugin v27.3 - https:\/\/yoast.com\/product\/yoast-seo-wordpress\/ -->\n<title>Fairy LED string light multi coloured - Best price guaranteed - Decolights.eu<\/title>\n<meta name=\"description\" content=\"Fairy lights are miniature, almost hidden, micro led string lights are perfect for decorating plants, Christmas trees and vases. Buy now for the best price!\" \/>\n<meta name=\"robots\" content=\"index, follow, max-snippet:-1, max-image-preview:large, max-video-preview:-1\" \/>\n<link rel=\"canonical\" href=\"https:\/\/decolights.eu\/lt\/produktas-2\/fairy-led-string-light-multi-coloured\/\" \/>\n<meta property=\"og:locale\" content=\"lt_LT\" \/>\n<meta property=\"og:type\" content=\"article\" \/>\n<meta property=\"og:title\" content=\"Fairy LED string light multi coloured - Best price guaranteed - Decolights.eu\" \/>\n<meta property=\"og:description\" content=\"Fairy lights are miniature, almost hidden, micro led string lights are perfect for decorating plants, Christmas trees and vases. Buy now for the best price!\" \/>\n<meta property=\"og:url\" content=\"https:\/\/decolights.eu\/lt\/produktas-2\/fairy-led-string-light-multi-coloured\/\" \/>\n<meta property=\"og:site_name\" content=\"Decolights.eu\" \/>\n<meta property=\"article:modified_time\" content=\"2023-04-17T11:02:06+00:00\" \/>\n<meta property=\"og:image\" content=\"https:\/\/decolights.eu\/wp-content\/uploads\/2023\/04\/7242-cl0515-lampki-choinkowe-480-led_M1-1.jpg\" \/>\n\t<meta property=\"og:image:width\" content=\"795\" \/>\n\t<meta property=\"og:image:height\" content=\"796\" \/>\n\t<meta property=\"og:image:type\" content=\"image\/jpeg\" \/>\n<meta name=\"twitter:card\" content=\"summary_large_image\" \/>\n<meta name=\"twitter:label1\" content=\"Est. reading time\" \/>\n\t<meta name=\"twitter:data1\" content=\"1 minut\u0117\" \/>\n<script type=\"application\/ld+json\" class=\"yoast-schema-graph\">{\"@context\":\"https:\\\/\\\/schema.org\",\"@graph\":[{\"@type\":\"WebPage\",\"@id\":\"https:\\\/\\\/decolights.eu\\\/product\\\/fairy-led-string-light-multi-coloured\\\/\",\"url\":\"https:\\\/\\\/decolights.eu\\\/product\\\/fairy-led-string-light-multi-coloured\\\/\",\"name\":\"Fairy LED string light multi coloured - Best price guaranteed - Decolights.eu\",\"isPartOf\":{\"@id\":\"https:\\\/\\\/decolights.eu\\\/#website\"},\"primaryImageOfPage\":{\"@id\":\"https:\\\/\\\/decolights.eu\\\/product\\\/fairy-led-string-light-multi-coloured\\\/#primaryimage\"},\"image\":{\"@id\":\"https:\\\/\\\/decolights.eu\\\/product\\\/fairy-led-string-light-multi-coloured\\\/#primaryimage\"},\"thumbnailUrl\":\"https:\\\/\\\/decolights.eu\\\/wp-content\\\/uploads\\\/2023\\\/04\\\/7242-cl0515-lampki-choinkowe-480-led_M1-1.jpg\",\"datePublished\":\"2023-04-01T04:41:08+00:00\",\"dateModified\":\"2023-04-17T11:02:06+00:00\",\"description\":\"Fairy lights are miniature, almost hidden, micro led string lights are perfect for decorating plants, Christmas trees and vases. Buy now for the best price!\",\"breadcrumb\":{\"@id\":\"https:\\\/\\\/decolights.eu\\\/product\\\/fairy-led-string-light-multi-coloured\\\/#breadcrumb\"},\"inLanguage\":\"lt-LT\",\"potentialAction\":[{\"@type\":\"ReadAction\",\"target\":[\"https:\\\/\\\/decolights.eu\\\/product\\\/fairy-led-string-light-multi-coloured\\\/\"]}]},{\"@type\":\"ImageObject\",\"inLanguage\":\"lt-LT\",\"@id\":\"https:\\\/\\\/decolights.eu\\\/product\\\/fairy-led-string-light-multi-coloured\\\/#primaryimage\",\"url\":\"https:\\\/\\\/decolights.eu\\\/wp-content\\\/uploads\\\/2023\\\/04\\\/7242-cl0515-lampki-choinkowe-480-led_M1-1.jpg\",\"contentUrl\":\"https:\\\/\\\/decolights.eu\\\/wp-content\\\/uploads\\\/2023\\\/04\\\/7242-cl0515-lampki-choinkowe-480-led_M1-1.jpg\",\"width\":795,\"height\":796},{\"@type\":\"BreadcrumbList\",\"@id\":\"https:\\\/\\\/decolights.eu\\\/product\\\/fairy-led-string-light-multi-coloured\\\/#breadcrumb\",\"itemListElement\":[{\"@type\":\"ListItem\",\"position\":1,\"name\":\"Shop\",\"item\":\"https:\\\/\\\/decolights.eu\\\/shop\\\/\"},{\"@type\":\"ListItem\",\"position\":2,\"name\":\"Fairy LED string light multi coloured\"}]},{\"@type\":\"WebSite\",\"@id\":\"https:\\\/\\\/decolights.eu\\\/#website\",\"url\":\"https:\\\/\\\/decolights.eu\\\/\",\"name\":\"decolights\",\"description\":\"Led Decorations for Home and Garden\",\"publisher\":{\"@id\":\"https:\\\/\\\/decolights.eu\\\/#organization\"},\"alternateName\":\"decolights.eu\",\"potentialAction\":[{\"@type\":\"SearchAction\",\"target\":{\"@type\":\"EntryPoint\",\"urlTemplate\":\"https:\\\/\\\/decolights.eu\\\/?s={search_term_string}\"},\"query-input\":{\"@type\":\"PropertyValueSpecification\",\"valueRequired\":true,\"valueName\":\"search_term_string\"}}],\"inLanguage\":\"lt-LT\"},{\"@type\":\"Organization\",\"@id\":\"https:\\\/\\\/decolights.eu\\\/#organization\",\"name\":\"decolights\",\"url\":\"https:\\\/\\\/decolights.eu\\\/\",\"logo\":{\"@type\":\"ImageObject\",\"inLanguage\":\"lt-LT\",\"@id\":\"https:\\\/\\\/decolights.eu\\\/#\\\/schema\\\/logo\\\/image\\\/\",\"url\":\"https:\\\/\\\/decolights.eu\\\/wp-content\\\/uploads\\\/2023\\\/07\\\/cropped-decolight-siteicon.png\",\"contentUrl\":\"https:\\\/\\\/decolights.eu\\\/wp-content\\\/uploads\\\/2023\\\/07\\\/cropped-decolight-siteicon.png\",\"width\":512,\"height\":512,\"caption\":\"decolights\"},\"image\":{\"@id\":\"https:\\\/\\\/decolights.eu\\\/#\\\/schema\\\/logo\\\/image\\\/\"}}]}<\/script>\n<!-- \/ Yoast SEO plugin. -->","yoast_head_json":{"title":"Fairy LED string light multi coloured - Best price guaranteed - Decolights.eu","description":"Fairy lemput\u0117s yra miniati\u016brin\u0117s, beveik pasl\u0117ptos, mikro led lempu\u010di\u0173 styginiai puikiai tinka papuo\u0161ti augalus, eglutes ir vazas. Pirkite dabar u\u017e geriausi\u0105 kain\u0105!","robots":{"index":"index","follow":"follow","max-snippet":"max-snippet:-1","max-image-preview":"max-image-preview:large","max-video-preview":"max-video-preview:-1"},"canonical":"https:\/\/decolights.eu\/lt\/produktas-2\/fairy-led-string-light-multi-coloured\/","og_locale":"lt_LT","og_type":"article","og_title":"Fairy LED string light multi coloured - Best price guaranteed - Decolights.eu","og_description":"Fairy lights are miniature, almost hidden, micro led string lights are perfect for decorating plants, Christmas trees and vases. Buy now for the best price!","og_url":"https:\/\/decolights.eu\/lt\/produktas-2\/fairy-led-string-light-multi-coloured\/","og_site_name":"Decolights.eu","article_modified_time":"2023-04-17T11:02:06+00:00","og_image":[{"width":795,"height":796,"url":"https:\/\/decolights.eu\/wp-content\/uploads\/2023\/04\/7242-cl0515-lampki-choinkowe-480-led_M1-1.jpg","type":"image\/jpeg"}],"twitter_card":"summary_large_image","twitter_misc":{"Est. reading time":"1 minut\u0117"},"schema":{"@context":"https:\/\/schema.org","@graph":[{"@type":"WebPage","@id":"https:\/\/decolights.eu\/product\/fairy-led-string-light-multi-coloured\/","url":"https:\/\/decolights.eu\/product\/fairy-led-string-light-multi-coloured\/","name":"Fairy LED string light multi coloured - Best price guaranteed - Decolights.eu","isPartOf":{"@id":"https:\/\/decolights.eu\/#website"},"primaryImageOfPage":{"@id":"https:\/\/decolights.eu\/product\/fairy-led-string-light-multi-coloured\/#primaryimage"},"image":{"@id":"https:\/\/decolights.eu\/product\/fairy-led-string-light-multi-coloured\/#primaryimage"},"thumbnailUrl":"https:\/\/decolights.eu\/wp-content\/uploads\/2023\/04\/7242-cl0515-lampki-choinkowe-480-led_M1-1.jpg","datePublished":"2023-04-01T04:41:08+00:00","dateModified":"2023-04-17T11:02:06+00:00","description":"Fairy lemput\u0117s yra miniati\u016brin\u0117s, beveik pasl\u0117ptos, mikro led lempu\u010di\u0173 styginiai puikiai tinka papuo\u0161ti augalus, eglutes ir vazas. Pirkite dabar u\u017e geriausi\u0105 kain\u0105!","breadcrumb":{"@id":"https:\/\/decolights.eu\/product\/fairy-led-string-light-multi-coloured\/#breadcrumb"},"inLanguage":"lt-LT","potentialAction":[{"@type":"ReadAction","target":["https:\/\/decolights.eu\/product\/fairy-led-string-light-multi-coloured\/"]}]},{"@type":"ImageObject","inLanguage":"lt-LT","@id":"https:\/\/decolights.eu\/product\/fairy-led-string-light-multi-coloured\/#primaryimage","url":"https:\/\/decolights.eu\/wp-content\/uploads\/2023\/04\/7242-cl0515-lampki-choinkowe-480-led_M1-1.jpg","contentUrl":"https:\/\/decolights.eu\/wp-content\/uploads\/2023\/04\/7242-cl0515-lampki-choinkowe-480-led_M1-1.jpg","width":795,"height":796},{"@type":"BreadcrumbList","@id":"https:\/\/decolights.eu\/product\/fairy-led-string-light-multi-coloured\/#breadcrumb","itemListElement":[{"@type":"ListItem","position":1,"name":"Shop","item":"https:\/\/decolights.eu\/shop\/"},{"@type":"ListItem","position":2,"name":"Fairy LED string light multi coloured"}]},{"@type":"WebSite","@id":"https:\/\/decolights.eu\/#website","url":"https:\/\/decolights.eu\/","name":"papuo\u0161imai","description":"Led dekoracijos namams ir sodui","publisher":{"@id":"https:\/\/decolights.eu\/#organization"},"alternateName":"decolights.eu","potentialAction":[{"@type":"SearchAction","target":{"@type":"EntryPoint","urlTemplate":"https:\/\/decolights.eu\/?s={search_term_string}"},"query-input":{"@type":"PropertyValueSpecification","valueRequired":true,"valueName":"search_term_string"}}],"inLanguage":"lt-LT"},{"@type":"Organization","@id":"https:\/\/decolights.eu\/#organization","name":"papuo\u0161imai","url":"https:\/\/decolights.eu\/","logo":{"@type":"ImageObject","inLanguage":"lt-LT","@id":"https:\/\/decolights.eu\/#\/schema\/logo\/image\/","url":"https:\/\/decolights.eu\/wp-content\/uploads\/2023\/07\/cropped-decolight-siteicon.png","contentUrl":"https:\/\/decolights.eu\/wp-content\/uploads\/2023\/07\/cropped-decolight-siteicon.png","width":512,"height":512,"caption":"decolights"},"image":{"@id":"https:\/\/decolights.eu\/#\/schema\/logo\/image\/"}}]}},"jetpack_sharing_enabled":true,"_links":{"self":[{"href":"https:\/\/decolights.eu\/lt\/wp-json\/wp\/v2\/product\/6131","targetHints":{"allow":["GET"]}}],"collection":[{"href":"https:\/\/decolights.eu\/lt\/wp-json\/wp\/v2\/product"}],"about":[{"href":"https:\/\/decolights.eu\/lt\/wp-json\/wp\/v2\/types\/product"}],"replies":[{"embeddable":true,"href":"https:\/\/decolights.eu\/lt\/wp-json\/wp\/v2\/comments?post=6131"}],"wp:featuredmedia":[{"embeddable":true,"href":"https:\/\/decolights.eu\/lt\/wp-json\/wp\/v2\/media\/6290"}],"wp:attachment":[{"href":"https:\/\/decolights.eu\/lt\/wp-json\/wp\/v2\/media?parent=6131"}],"wp:term":[{"taxonomy":"product_brand","embeddable":true,"href":"https:\/\/decolights.eu\/lt\/wp-json\/wp\/v2\/product_brand?post=6131"},{"taxonomy":"product_cat","embeddable":true,"href":"https:\/\/decolights.eu\/lt\/wp-json\/wp\/v2\/product_cat?post=6131"},{"taxonomy":"product_tag","embeddable":true,"href":"https:\/\/decolights.eu\/lt\/wp-json\/wp\/v2\/product_tag?post=6131"}],"curies":[{"name":"wp","href":"https:\/\/api.w.org\/{rel}","templated":true}]}}