{"id":6287,"date":"2023-04-01T04:43:12","date_gmt":"2023-04-01T04:43:12","guid":{"rendered":"https:\/\/decolights.eu\/?post_type=product&#038;p=6287"},"modified":"2023-04-17T07:25:11","modified_gmt":"2023-04-17T07:25:11","slug":"led-table-lamp-with-wireless-charger","status":"publish","type":"product","link":"https:\/\/decolights.eu\/lt\/produktas-2\/led-table-lamp-with-wireless-charger\/","title":{"rendered":"LED stalin\u0117 lempa su belaid\u017eiu \u012fkrovikliu"},"content":{"rendered":"<div><strong>BEVIELIS \u012eKROVIKLIS<\/strong> \u2013 pristatoma daugiafunkc\u0117 biuro ar nam\u0173 stalin\u0117 lempa turi indukcin\u012f telefono \u012fkrovikl\u012f, su kuriuo greitai ir be problem\u0173 \u012fkrausite mobil\u0173j\u012f telefon\u0105. Be to, jame yra USB prievadas. \u012ekraunant telefon\u0105, lemput\u0117 turi b\u016bti prijungta prie greito \u012fkrovimo \u012frengini\u0173.<\/div>\n<div><strong>3 AP\u0160VIETIMO RE\u017dIM\u0172 TIPAI<\/strong> \u2013 biuro lempa su telefono stovu apr\u016bpinta 3 tip\u0173 ap\u0161vietimo re\u017eimais \u2013 \u0161altai balta, \u0161ilta balta ir neutrali.<br \/>\n\u0160velnus pritemdymas ir \u0161viesinimas \u2013 daugiafunkcinis biuro \u0161viestuvas turi \u0161velnaus pritemdymo ir \u0161viesinimo funkcij\u0105, kurios d\u0117ka kiekvienas gali j\u0105 reguliuoti pagal savo individualius poreikius ir pageidavimus.<\/div>\n<div><strong>STILINGAS DIZAINAS<\/strong> \u2013 biuro \u0161viestuvas su vieta telefonui yra kompakti\u0161kas nesenstan\u010dio dizaino aksesuaras, puikiai tinkantis bet kokiame interjere.<\/div>\n<div>\n<ul>\n<li><strong>LED spalva<\/strong>: \u0161ilta balta, \u0161alta balta, neutrali balta<\/li>\n<li><strong>Visas ilgis (su maitinimo laido laidu): <\/strong>8,50 mln<\/li>\n<li><b>Dydis:\u00a0<\/b>12 cm x 17 x 33 cm<\/li>\n<li><strong>Kabelio spalva: <\/strong>juodas<\/li>\n<li><strong>Maitinimo laido ilgis:\u00a0<\/strong>110 cm<\/li>\n<li><strong>IP \u012fvertinimas: <\/strong>IP44<\/li>\n<li><strong>Maitinimo \u0161altinis: <\/strong>USB (USB adapteris ne\u012ftrauktas)<\/li>\n<li>Su belaid\u017eiu telefono \u012fkrovikliu (telefonas turi tur\u0117ti QI \u012fkrovimo funkcij\u0105)<\/li>\n<li><strong>Kabelio med\u017eiaga:\u00a0<\/strong>PVC<\/li>\n<li><strong>Dangtelis \/ lizdas:\u00a0<\/strong>Nekei\u010diamas<\/li>\n<li><strong>CE sertifikatas:\u00a0<\/strong>Taip<\/li>\n<li>10W<\/li>\n<\/ul>\n<\/div>\n<div><\/div>","protected":false},"excerpt":{"rendered":"<p>WIRELESS CHARGER &#8211; the presented multifunctional office or home table lamp has an inductive phone charger with which you can charge your mobile phone quickly and without problems. In addition, it has a USB port. When charging the phone, the light must be connected to fast charging devices. 3 TYPES OF LIGHTING MODES &#8211; the [&#8230;]\n","protected":false},"featured_media":6410,"comment_status":"open","ping_status":"closed","template":"","meta":[],"product_brand":[],"product_cat":[218,214],"product_tag":[],"class_list":{"0":"post-6287","1":"product","2":"type-product","3":"status-publish","4":"has-post-thumbnail","6":"product_cat-decorative-led-lights","7":"product_cat-indoor-lights","8":"pa_brand-deco","9":"pa_led-colour-cold-white","10":"pa_led-colour-neutral-white","11":"pa_led-colour-warm-white","13":"first","14":"instock","15":"sale","16":"shipping-taxable","17":"purchasable","18":"product-type-simple"},"yoast_head":"<!-- This site is optimized with the Yoast SEO plugin v27.3 - https:\/\/yoast.com\/product\/yoast-seo-wordpress\/ -->\n<title>LED table lamp with wireless charger - Best price guarantee - Decolights.eu<\/title>\n<meta name=\"description\" content=\"LED lamp with wireless charger and 3 different white tones is a perfect table lamp for home or office. Do not hesitate, buy now for the best price!\" \/>\n<meta name=\"robots\" content=\"index, follow, max-snippet:-1, max-image-preview:large, max-video-preview:-1\" \/>\n<link rel=\"canonical\" href=\"https:\/\/decolights.eu\/lt\/produktas-2\/led-table-lamp-with-wireless-charger\/\" \/>\n<meta property=\"og:locale\" content=\"lt_LT\" \/>\n<meta property=\"og:type\" content=\"article\" \/>\n<meta property=\"og:title\" content=\"LED table lamp with wireless charger - Best price guarantee - Decolights.eu\" \/>\n<meta property=\"og:description\" content=\"LED lamp with wireless charger and 3 different white tones is a perfect table lamp for home or office. Do not hesitate, buy now for the best price!\" \/>\n<meta property=\"og:url\" content=\"https:\/\/decolights.eu\/lt\/produktas-2\/led-table-lamp-with-wireless-charger\/\" \/>\n<meta property=\"og:site_name\" content=\"Decolights.eu\" \/>\n<meta property=\"article:modified_time\" content=\"2023-04-17T07:25:11+00:00\" \/>\n<meta property=\"og:image\" content=\"https:\/\/decolights.eu\/wp-content\/uploads\/2023\/04\/eng_pl_LED-desk-lamp-with-inductive-charger-15333_10.jpg\" \/>\n\t<meta property=\"og:image:width\" content=\"500\" \/>\n\t<meta property=\"og:image:height\" content=\"500\" \/>\n\t<meta property=\"og:image:type\" content=\"image\/jpeg\" \/>\n<meta name=\"twitter:card\" content=\"summary_large_image\" \/>\n<meta name=\"twitter:label1\" content=\"Est. reading time\" \/>\n\t<meta name=\"twitter:data1\" content=\"1 minut\u0117\" \/>\n<script type=\"application\/ld+json\" class=\"yoast-schema-graph\">{\"@context\":\"https:\\\/\\\/schema.org\",\"@graph\":[{\"@type\":\"WebPage\",\"@id\":\"https:\\\/\\\/decolights.eu\\\/product\\\/led-table-lamp-with-wireless-charger\\\/\",\"url\":\"https:\\\/\\\/decolights.eu\\\/product\\\/led-table-lamp-with-wireless-charger\\\/\",\"name\":\"LED table lamp with wireless charger - Best price guarantee - Decolights.eu\",\"isPartOf\":{\"@id\":\"https:\\\/\\\/decolights.eu\\\/#website\"},\"primaryImageOfPage\":{\"@id\":\"https:\\\/\\\/decolights.eu\\\/product\\\/led-table-lamp-with-wireless-charger\\\/#primaryimage\"},\"image\":{\"@id\":\"https:\\\/\\\/decolights.eu\\\/product\\\/led-table-lamp-with-wireless-charger\\\/#primaryimage\"},\"thumbnailUrl\":\"https:\\\/\\\/decolights.eu\\\/wp-content\\\/uploads\\\/2023\\\/04\\\/eng_pl_LED-desk-lamp-with-inductive-charger-15333_10.jpg\",\"datePublished\":\"2023-04-01T04:43:12+00:00\",\"dateModified\":\"2023-04-17T07:25:11+00:00\",\"description\":\"LED lamp with wireless charger and 3 different white tones is a perfect table lamp for home or office. Do not hesitate, buy now for the best price!\",\"breadcrumb\":{\"@id\":\"https:\\\/\\\/decolights.eu\\\/product\\\/led-table-lamp-with-wireless-charger\\\/#breadcrumb\"},\"inLanguage\":\"lt-LT\",\"potentialAction\":[{\"@type\":\"ReadAction\",\"target\":[\"https:\\\/\\\/decolights.eu\\\/product\\\/led-table-lamp-with-wireless-charger\\\/\"]}]},{\"@type\":\"ImageObject\",\"inLanguage\":\"lt-LT\",\"@id\":\"https:\\\/\\\/decolights.eu\\\/product\\\/led-table-lamp-with-wireless-charger\\\/#primaryimage\",\"url\":\"https:\\\/\\\/decolights.eu\\\/wp-content\\\/uploads\\\/2023\\\/04\\\/eng_pl_LED-desk-lamp-with-inductive-charger-15333_10.jpg\",\"contentUrl\":\"https:\\\/\\\/decolights.eu\\\/wp-content\\\/uploads\\\/2023\\\/04\\\/eng_pl_LED-desk-lamp-with-inductive-charger-15333_10.jpg\",\"width\":500,\"height\":500},{\"@type\":\"BreadcrumbList\",\"@id\":\"https:\\\/\\\/decolights.eu\\\/product\\\/led-table-lamp-with-wireless-charger\\\/#breadcrumb\",\"itemListElement\":[{\"@type\":\"ListItem\",\"position\":1,\"name\":\"Shop\",\"item\":\"https:\\\/\\\/decolights.eu\\\/shop\\\/\"},{\"@type\":\"ListItem\",\"position\":2,\"name\":\"LED table lamp with wireless charger\"}]},{\"@type\":\"WebSite\",\"@id\":\"https:\\\/\\\/decolights.eu\\\/#website\",\"url\":\"https:\\\/\\\/decolights.eu\\\/\",\"name\":\"decolights\",\"description\":\"Led Decorations for Home and Garden\",\"publisher\":{\"@id\":\"https:\\\/\\\/decolights.eu\\\/#organization\"},\"alternateName\":\"decolights.eu\",\"potentialAction\":[{\"@type\":\"SearchAction\",\"target\":{\"@type\":\"EntryPoint\",\"urlTemplate\":\"https:\\\/\\\/decolights.eu\\\/?s={search_term_string}\"},\"query-input\":{\"@type\":\"PropertyValueSpecification\",\"valueRequired\":true,\"valueName\":\"search_term_string\"}}],\"inLanguage\":\"lt-LT\"},{\"@type\":\"Organization\",\"@id\":\"https:\\\/\\\/decolights.eu\\\/#organization\",\"name\":\"decolights\",\"url\":\"https:\\\/\\\/decolights.eu\\\/\",\"logo\":{\"@type\":\"ImageObject\",\"inLanguage\":\"lt-LT\",\"@id\":\"https:\\\/\\\/decolights.eu\\\/#\\\/schema\\\/logo\\\/image\\\/\",\"url\":\"https:\\\/\\\/decolights.eu\\\/wp-content\\\/uploads\\\/2023\\\/07\\\/cropped-decolight-siteicon.png\",\"contentUrl\":\"https:\\\/\\\/decolights.eu\\\/wp-content\\\/uploads\\\/2023\\\/07\\\/cropped-decolight-siteicon.png\",\"width\":512,\"height\":512,\"caption\":\"decolights\"},\"image\":{\"@id\":\"https:\\\/\\\/decolights.eu\\\/#\\\/schema\\\/logo\\\/image\\\/\"}}]}<\/script>\n<!-- \/ Yoast SEO plugin. -->","yoast_head_json":{"title":"LED stalin\u0117 lempa su belaid\u017eiu pakrov\u0117ju - Geriausios kainos garantija - Decolights.eu","description":"LED lempa su belaid\u017eiu \u012fkrovikliu ir 3 skirtingais baltos spalvos atspalviais yra puiki stalin\u0117 lempa namams ar biurui. Nedvejokite, \u012fsigykite dabar u\u017e geriausi\u0105 kain\u0105!","robots":{"index":"index","follow":"follow","max-snippet":"max-snippet:-1","max-image-preview":"max-image-preview:large","max-video-preview":"max-video-preview:-1"},"canonical":"https:\/\/decolights.eu\/lt\/produktas-2\/led-table-lamp-with-wireless-charger\/","og_locale":"lt_LT","og_type":"article","og_title":"LED table lamp with wireless charger - Best price guarantee - Decolights.eu","og_description":"LED lamp with wireless charger and 3 different white tones is a perfect table lamp for home or office. Do not hesitate, buy now for the best price!","og_url":"https:\/\/decolights.eu\/lt\/produktas-2\/led-table-lamp-with-wireless-charger\/","og_site_name":"Decolights.eu","article_modified_time":"2023-04-17T07:25:11+00:00","og_image":[{"width":500,"height":500,"url":"https:\/\/decolights.eu\/wp-content\/uploads\/2023\/04\/eng_pl_LED-desk-lamp-with-inductive-charger-15333_10.jpg","type":"image\/jpeg"}],"twitter_card":"summary_large_image","twitter_misc":{"Est. reading time":"1 minut\u0117"},"schema":{"@context":"https:\/\/schema.org","@graph":[{"@type":"WebPage","@id":"https:\/\/decolights.eu\/product\/led-table-lamp-with-wireless-charger\/","url":"https:\/\/decolights.eu\/product\/led-table-lamp-with-wireless-charger\/","name":"LED stalin\u0117 lempa su belaid\u017eiu pakrov\u0117ju - Geriausios kainos garantija - Decolights.eu","isPartOf":{"@id":"https:\/\/decolights.eu\/#website"},"primaryImageOfPage":{"@id":"https:\/\/decolights.eu\/product\/led-table-lamp-with-wireless-charger\/#primaryimage"},"image":{"@id":"https:\/\/decolights.eu\/product\/led-table-lamp-with-wireless-charger\/#primaryimage"},"thumbnailUrl":"https:\/\/decolights.eu\/wp-content\/uploads\/2023\/04\/eng_pl_LED-desk-lamp-with-inductive-charger-15333_10.jpg","datePublished":"2023-04-01T04:43:12+00:00","dateModified":"2023-04-17T07:25:11+00:00","description":"LED lempa su belaid\u017eiu \u012fkrovikliu ir 3 skirtingais baltos spalvos atspalviais yra puiki stalin\u0117 lempa namams ar biurui. Nedvejokite, \u012fsigykite dabar u\u017e geriausi\u0105 kain\u0105!","breadcrumb":{"@id":"https:\/\/decolights.eu\/product\/led-table-lamp-with-wireless-charger\/#breadcrumb"},"inLanguage":"lt-LT","potentialAction":[{"@type":"ReadAction","target":["https:\/\/decolights.eu\/product\/led-table-lamp-with-wireless-charger\/"]}]},{"@type":"ImageObject","inLanguage":"lt-LT","@id":"https:\/\/decolights.eu\/product\/led-table-lamp-with-wireless-charger\/#primaryimage","url":"https:\/\/decolights.eu\/wp-content\/uploads\/2023\/04\/eng_pl_LED-desk-lamp-with-inductive-charger-15333_10.jpg","contentUrl":"https:\/\/decolights.eu\/wp-content\/uploads\/2023\/04\/eng_pl_LED-desk-lamp-with-inductive-charger-15333_10.jpg","width":500,"height":500},{"@type":"BreadcrumbList","@id":"https:\/\/decolights.eu\/product\/led-table-lamp-with-wireless-charger\/#breadcrumb","itemListElement":[{"@type":"ListItem","position":1,"name":"Shop","item":"https:\/\/decolights.eu\/shop\/"},{"@type":"ListItem","position":2,"name":"LED table lamp with wireless charger"}]},{"@type":"WebSite","@id":"https:\/\/decolights.eu\/#website","url":"https:\/\/decolights.eu\/","name":"papuo\u0161imai","description":"Led dekoracijos namams ir sodui","publisher":{"@id":"https:\/\/decolights.eu\/#organization"},"alternateName":"decolights.eu","potentialAction":[{"@type":"SearchAction","target":{"@type":"EntryPoint","urlTemplate":"https:\/\/decolights.eu\/?s={search_term_string}"},"query-input":{"@type":"PropertyValueSpecification","valueRequired":true,"valueName":"search_term_string"}}],"inLanguage":"lt-LT"},{"@type":"Organization","@id":"https:\/\/decolights.eu\/#organization","name":"papuo\u0161imai","url":"https:\/\/decolights.eu\/","logo":{"@type":"ImageObject","inLanguage":"lt-LT","@id":"https:\/\/decolights.eu\/#\/schema\/logo\/image\/","url":"https:\/\/decolights.eu\/wp-content\/uploads\/2023\/07\/cropped-decolight-siteicon.png","contentUrl":"https:\/\/decolights.eu\/wp-content\/uploads\/2023\/07\/cropped-decolight-siteicon.png","width":512,"height":512,"caption":"decolights"},"image":{"@id":"https:\/\/decolights.eu\/#\/schema\/logo\/image\/"}}]}},"jetpack_sharing_enabled":true,"_links":{"self":[{"href":"https:\/\/decolights.eu\/lt\/wp-json\/wp\/v2\/product\/6287","targetHints":{"allow":["GET"]}}],"collection":[{"href":"https:\/\/decolights.eu\/lt\/wp-json\/wp\/v2\/product"}],"about":[{"href":"https:\/\/decolights.eu\/lt\/wp-json\/wp\/v2\/types\/product"}],"replies":[{"embeddable":true,"href":"https:\/\/decolights.eu\/lt\/wp-json\/wp\/v2\/comments?post=6287"}],"wp:featuredmedia":[{"embeddable":true,"href":"https:\/\/decolights.eu\/lt\/wp-json\/wp\/v2\/media\/6410"}],"wp:attachment":[{"href":"https:\/\/decolights.eu\/lt\/wp-json\/wp\/v2\/media?parent=6287"}],"wp:term":[{"taxonomy":"product_brand","embeddable":true,"href":"https:\/\/decolights.eu\/lt\/wp-json\/wp\/v2\/product_brand?post=6287"},{"taxonomy":"product_cat","embeddable":true,"href":"https:\/\/decolights.eu\/lt\/wp-json\/wp\/v2\/product_cat?post=6287"},{"taxonomy":"product_tag","embeddable":true,"href":"https:\/\/decolights.eu\/lt\/wp-json\/wp\/v2\/product_tag?post=6287"}],"curies":[{"name":"wp","href":"https:\/\/api.w.org\/{rel}","templated":true}]}}