{"id":6428,"date":"2023-04-01T04:45:16","date_gmt":"2023-04-01T04:45:16","guid":{"rendered":"https:\/\/decolights.eu\/?post_type=product&#038;p=6428"},"modified":"2023-04-16T13:39:56","modified_gmt":"2023-04-16T13:39:56","slug":"solar-path-lights-4pcs","status":"publish","type":"product","link":"https:\/\/decolights.eu\/lt\/produktas-2\/solar-path-lights-4pcs\/","title":{"rendered":"Saul\u0117s tako \u0161viestuvai 4vnt"},"content":{"rendered":"<p>Saul\u0117s tako \u0161viestuvai su gra\u017eiu ra\u0161tu vir\u0161 akrilinio stiklo, kuris \u0161vie\u010dia tamsoje. \u0160ie saul\u0117s tako \u0161viestuvai suteikia \u0161iltai balt\u0105 \u0161vyt\u0117jim\u0105 j\u016bs\u0173 sode, balkone ar terasoje. Pad\u0117kite koridoriaus ap\u0161vietim\u0105 ten, kur saul\u0117 gal\u0117t\u0173 pasiekti skydel\u012f dienos metu, kad gautum\u0117te maksimal\u0173 pridedamos baterijos \u012fkrovim\u0105.<\/p>\n<ul>\n<li><strong>Spalva<\/strong>: juoda<\/li>\n<li>Komplekte 4 kelio \u017eibintai<\/li>\n<li><strong>Dydis: <\/strong>11 (plotis) x 31 (auk\u0161tis) x 11 (gylis) CM<\/li>\n<li><strong>Laikmatis:\u00a0<\/strong>Ap\u0161viesta tamsoje<\/li>\n<li><strong>IP \u012fvertinimas: <\/strong>IP44<\/li>\n<li><strong>Maitinimo \u0161altinis:\u00a0<\/strong>Saul\u0117s<\/li>\n<li><strong>Dangtelis \/ lizdas: <\/strong>Nekei\u010diamas<\/li>\n<li><strong>CE sertifikatas:\u00a0<\/strong>Taip<\/li>\n<li>1,2V DC<\/li>\n<\/ul>","protected":false},"excerpt":{"rendered":"<p>Solar path lights with a beautiful pattern over the acrylic glass that lights up in the dark. These solar path lights provide a warm white glow in your garden, balcony or terrace. Place the aisle lighting where the sun can reach the panel during the day to get the ultimate charge for the included battery. [&#8230;]\n","protected":false},"featured_media":6542,"comment_status":"open","ping_status":"closed","template":"","meta":[],"product_brand":[],"product_cat":[226,194,231,171],"product_tag":[],"class_list":{"0":"post-6428","1":"product","2":"type-product","3":"status-publish","4":"has-post-thumbnail","6":"product_cat-outdoor-lights","7":"product_cat-solar-decking-lights","8":"product_cat-solar-decking-lights-outdoor-lights","9":"product_cat-solar-lights","10":"pa_led-colour-warm-white","12":"first","13":"instock","14":"sale","15":"shipping-taxable","16":"purchasable","17":"product-type-simple"},"yoast_head":"<!-- This site is optimized with the Yoast SEO plugin v27.3 - https:\/\/yoast.com\/product\/yoast-seo-wordpress\/ -->\n<title>Solar Path Lights 4pcs - Decolights.eu<\/title>\n<meta name=\"description\" content=\"Solar path lights will provide a warm white glow in your garden, balcony or terrace. It will lighten your path to home. Don&#039;t miss the best price, buy now!\" \/>\n<meta name=\"robots\" content=\"index, follow, max-snippet:-1, max-image-preview:large, max-video-preview:-1\" \/>\n<link rel=\"canonical\" href=\"https:\/\/decolights.eu\/lt\/produktas-2\/solar-path-lights-4pcs\/\" \/>\n<meta property=\"og:locale\" content=\"lt_LT\" \/>\n<meta property=\"og:type\" content=\"article\" \/>\n<meta property=\"og:title\" content=\"Solar Path Lights 4pcs - Decolights.eu\" \/>\n<meta property=\"og:description\" content=\"Solar path lights will provide a warm white glow in your garden, balcony or terrace. It will lighten your path to home. Don&#039;t miss the best price, buy now!\" \/>\n<meta property=\"og:url\" content=\"https:\/\/decolights.eu\/lt\/produktas-2\/solar-path-lights-4pcs\/\" \/>\n<meta property=\"og:site_name\" content=\"Decolights.eu\" \/>\n<meta property=\"article:modified_time\" content=\"2023-04-16T13:39:56+00:00\" \/>\n<meta property=\"og:image\" content=\"https:\/\/decolights.eu\/wp-content\/uploads\/2023\/04\/482-78_M2.png\" \/>\n\t<meta property=\"og:image:width\" content=\"600\" \/>\n\t<meta property=\"og:image:height\" content=\"602\" \/>\n\t<meta property=\"og:image:type\" content=\"image\/png\" \/>\n<meta name=\"twitter:card\" content=\"summary_large_image\" \/>\n<meta name=\"twitter:label1\" content=\"Est. reading time\" \/>\n\t<meta name=\"twitter:data1\" content=\"1 minut\u0117\" \/>\n<script type=\"application\/ld+json\" class=\"yoast-schema-graph\">{\"@context\":\"https:\\\/\\\/schema.org\",\"@graph\":[{\"@type\":\"WebPage\",\"@id\":\"https:\\\/\\\/decolights.eu\\\/product\\\/solar-path-lights-4pcs\\\/\",\"url\":\"https:\\\/\\\/decolights.eu\\\/product\\\/solar-path-lights-4pcs\\\/\",\"name\":\"Solar Path Lights 4pcs - Decolights.eu\",\"isPartOf\":{\"@id\":\"https:\\\/\\\/decolights.eu\\\/#website\"},\"primaryImageOfPage\":{\"@id\":\"https:\\\/\\\/decolights.eu\\\/product\\\/solar-path-lights-4pcs\\\/#primaryimage\"},\"image\":{\"@id\":\"https:\\\/\\\/decolights.eu\\\/product\\\/solar-path-lights-4pcs\\\/#primaryimage\"},\"thumbnailUrl\":\"https:\\\/\\\/decolights.eu\\\/wp-content\\\/uploads\\\/2023\\\/04\\\/482-78_M2.png\",\"datePublished\":\"2023-04-01T04:45:16+00:00\",\"dateModified\":\"2023-04-16T13:39:56+00:00\",\"description\":\"Solar path lights will provide a warm white glow in your garden, balcony or terrace. It will lighten your path to home. Don't miss the best price, buy now!\",\"breadcrumb\":{\"@id\":\"https:\\\/\\\/decolights.eu\\\/product\\\/solar-path-lights-4pcs\\\/#breadcrumb\"},\"inLanguage\":\"lt-LT\",\"potentialAction\":[{\"@type\":\"ReadAction\",\"target\":[\"https:\\\/\\\/decolights.eu\\\/product\\\/solar-path-lights-4pcs\\\/\"]}]},{\"@type\":\"ImageObject\",\"inLanguage\":\"lt-LT\",\"@id\":\"https:\\\/\\\/decolights.eu\\\/product\\\/solar-path-lights-4pcs\\\/#primaryimage\",\"url\":\"https:\\\/\\\/decolights.eu\\\/wp-content\\\/uploads\\\/2023\\\/04\\\/482-78_M2.png\",\"contentUrl\":\"https:\\\/\\\/decolights.eu\\\/wp-content\\\/uploads\\\/2023\\\/04\\\/482-78_M2.png\",\"width\":600,\"height\":602},{\"@type\":\"BreadcrumbList\",\"@id\":\"https:\\\/\\\/decolights.eu\\\/product\\\/solar-path-lights-4pcs\\\/#breadcrumb\",\"itemListElement\":[{\"@type\":\"ListItem\",\"position\":1,\"name\":\"Shop\",\"item\":\"https:\\\/\\\/decolights.eu\\\/shop\\\/\"},{\"@type\":\"ListItem\",\"position\":2,\"name\":\"Solar Path Lights 4pcs\"}]},{\"@type\":\"WebSite\",\"@id\":\"https:\\\/\\\/decolights.eu\\\/#website\",\"url\":\"https:\\\/\\\/decolights.eu\\\/\",\"name\":\"decolights\",\"description\":\"Led Decorations for Home and Garden\",\"publisher\":{\"@id\":\"https:\\\/\\\/decolights.eu\\\/#organization\"},\"alternateName\":\"decolights.eu\",\"potentialAction\":[{\"@type\":\"SearchAction\",\"target\":{\"@type\":\"EntryPoint\",\"urlTemplate\":\"https:\\\/\\\/decolights.eu\\\/?s={search_term_string}\"},\"query-input\":{\"@type\":\"PropertyValueSpecification\",\"valueRequired\":true,\"valueName\":\"search_term_string\"}}],\"inLanguage\":\"lt-LT\"},{\"@type\":\"Organization\",\"@id\":\"https:\\\/\\\/decolights.eu\\\/#organization\",\"name\":\"decolights\",\"url\":\"https:\\\/\\\/decolights.eu\\\/\",\"logo\":{\"@type\":\"ImageObject\",\"inLanguage\":\"lt-LT\",\"@id\":\"https:\\\/\\\/decolights.eu\\\/#\\\/schema\\\/logo\\\/image\\\/\",\"url\":\"https:\\\/\\\/decolights.eu\\\/wp-content\\\/uploads\\\/2023\\\/07\\\/cropped-decolight-siteicon.png\",\"contentUrl\":\"https:\\\/\\\/decolights.eu\\\/wp-content\\\/uploads\\\/2023\\\/07\\\/cropped-decolight-siteicon.png\",\"width\":512,\"height\":512,\"caption\":\"decolights\"},\"image\":{\"@id\":\"https:\\\/\\\/decolights.eu\\\/#\\\/schema\\\/logo\\\/image\\\/\"}}]}<\/script>\n<!-- \/ Yoast SEO plugin. -->","yoast_head_json":{"title":"Saul\u0117s tako \u0161viestuvai 4vnt - Decolights.eu","description":"Saul\u0117s tako \u0161viestuvai suteiks \u0161iltai balt\u0105 \u0161vyt\u0117jim\u0105 j\u016bs\u0173 sode, balkone ar terasoje. Tai palengvins j\u016bs\u0173 keli\u0105 \u012f namus. Nepraleiskite geriausios kainos, pirkite dabar!","robots":{"index":"index","follow":"follow","max-snippet":"max-snippet:-1","max-image-preview":"max-image-preview:large","max-video-preview":"max-video-preview:-1"},"canonical":"https:\/\/decolights.eu\/lt\/produktas-2\/solar-path-lights-4pcs\/","og_locale":"lt_LT","og_type":"article","og_title":"Solar Path Lights 4pcs - Decolights.eu","og_description":"Solar path lights will provide a warm white glow in your garden, balcony or terrace. It will lighten your path to home. Don't miss the best price, buy now!","og_url":"https:\/\/decolights.eu\/lt\/produktas-2\/solar-path-lights-4pcs\/","og_site_name":"Decolights.eu","article_modified_time":"2023-04-16T13:39:56+00:00","og_image":[{"url":"https:\/\/decolights.eu\/wp-content\/uploads\/2023\/04\/482-78_M2.png","width":600,"height":602,"type":"image\/png"}],"twitter_card":"summary_large_image","twitter_misc":{"Est. reading time":"1 minut\u0117"},"schema":{"@context":"https:\/\/schema.org","@graph":[{"@type":"WebPage","@id":"https:\/\/decolights.eu\/product\/solar-path-lights-4pcs\/","url":"https:\/\/decolights.eu\/product\/solar-path-lights-4pcs\/","name":"Saul\u0117s tako \u0161viestuvai 4vnt - Decolights.eu","isPartOf":{"@id":"https:\/\/decolights.eu\/#website"},"primaryImageOfPage":{"@id":"https:\/\/decolights.eu\/product\/solar-path-lights-4pcs\/#primaryimage"},"image":{"@id":"https:\/\/decolights.eu\/product\/solar-path-lights-4pcs\/#primaryimage"},"thumbnailUrl":"https:\/\/decolights.eu\/wp-content\/uploads\/2023\/04\/482-78_M2.png","datePublished":"2023-04-01T04:45:16+00:00","dateModified":"2023-04-16T13:39:56+00:00","description":"Saul\u0117s tako \u0161viestuvai suteiks \u0161iltai balt\u0105 \u0161vyt\u0117jim\u0105 j\u016bs\u0173 sode, balkone ar terasoje. Tai palengvins j\u016bs\u0173 keli\u0105 \u012f namus. Nepraleiskite geriausios kainos, pirkite dabar!","breadcrumb":{"@id":"https:\/\/decolights.eu\/product\/solar-path-lights-4pcs\/#breadcrumb"},"inLanguage":"lt-LT","potentialAction":[{"@type":"ReadAction","target":["https:\/\/decolights.eu\/product\/solar-path-lights-4pcs\/"]}]},{"@type":"ImageObject","inLanguage":"lt-LT","@id":"https:\/\/decolights.eu\/product\/solar-path-lights-4pcs\/#primaryimage","url":"https:\/\/decolights.eu\/wp-content\/uploads\/2023\/04\/482-78_M2.png","contentUrl":"https:\/\/decolights.eu\/wp-content\/uploads\/2023\/04\/482-78_M2.png","width":600,"height":602},{"@type":"BreadcrumbList","@id":"https:\/\/decolights.eu\/product\/solar-path-lights-4pcs\/#breadcrumb","itemListElement":[{"@type":"ListItem","position":1,"name":"Shop","item":"https:\/\/decolights.eu\/shop\/"},{"@type":"ListItem","position":2,"name":"Solar Path Lights 4pcs"}]},{"@type":"WebSite","@id":"https:\/\/decolights.eu\/#website","url":"https:\/\/decolights.eu\/","name":"papuo\u0161imai","description":"Led dekoracijos namams ir sodui","publisher":{"@id":"https:\/\/decolights.eu\/#organization"},"alternateName":"decolights.eu","potentialAction":[{"@type":"SearchAction","target":{"@type":"EntryPoint","urlTemplate":"https:\/\/decolights.eu\/?s={search_term_string}"},"query-input":{"@type":"PropertyValueSpecification","valueRequired":true,"valueName":"search_term_string"}}],"inLanguage":"lt-LT"},{"@type":"Organization","@id":"https:\/\/decolights.eu\/#organization","name":"papuo\u0161imai","url":"https:\/\/decolights.eu\/","logo":{"@type":"ImageObject","inLanguage":"lt-LT","@id":"https:\/\/decolights.eu\/#\/schema\/logo\/image\/","url":"https:\/\/decolights.eu\/wp-content\/uploads\/2023\/07\/cropped-decolight-siteicon.png","contentUrl":"https:\/\/decolights.eu\/wp-content\/uploads\/2023\/07\/cropped-decolight-siteicon.png","width":512,"height":512,"caption":"decolights"},"image":{"@id":"https:\/\/decolights.eu\/#\/schema\/logo\/image\/"}}]}},"jetpack_sharing_enabled":true,"_links":{"self":[{"href":"https:\/\/decolights.eu\/lt\/wp-json\/wp\/v2\/product\/6428","targetHints":{"allow":["GET"]}}],"collection":[{"href":"https:\/\/decolights.eu\/lt\/wp-json\/wp\/v2\/product"}],"about":[{"href":"https:\/\/decolights.eu\/lt\/wp-json\/wp\/v2\/types\/product"}],"replies":[{"embeddable":true,"href":"https:\/\/decolights.eu\/lt\/wp-json\/wp\/v2\/comments?post=6428"}],"wp:featuredmedia":[{"embeddable":true,"href":"https:\/\/decolights.eu\/lt\/wp-json\/wp\/v2\/media\/6542"}],"wp:attachment":[{"href":"https:\/\/decolights.eu\/lt\/wp-json\/wp\/v2\/media?parent=6428"}],"wp:term":[{"taxonomy":"product_brand","embeddable":true,"href":"https:\/\/decolights.eu\/lt\/wp-json\/wp\/v2\/product_brand?post=6428"},{"taxonomy":"product_cat","embeddable":true,"href":"https:\/\/decolights.eu\/lt\/wp-json\/wp\/v2\/product_cat?post=6428"},{"taxonomy":"product_tag","embeddable":true,"href":"https:\/\/decolights.eu\/lt\/wp-json\/wp\/v2\/product_tag?post=6428"}],"curies":[{"name":"wp","href":"https:\/\/api.w.org\/{rel}","templated":true}]}}