{"id":6429,"date":"2023-04-01T04:45:17","date_gmt":"2023-04-01T04:45:17","guid":{"rendered":"https:\/\/decolights.eu\/?post_type=product&#038;p=6429"},"modified":"2023-05-10T08:56:17","modified_gmt":"2023-05-10T08:56:17","slug":"solar-spot-light-chain","status":"publish","type":"product","link":"https:\/\/decolights.eu\/lt\/produktas-2\/solar-spot-light-chain\/","title":{"rendered":"Saul\u0117s ta\u0161ko \u0161viesos grandin\u0117"},"content":{"rendered":"<p>Saul\u0117s \u0161viesos grandin\u0117 su 8 mini pro\u017eektoriais su 30 cm laidu tarp j\u0173. \u0160ie 25 liumen\u0173 pro\u017eektoriai ap\u0161vie\u010dia j\u016bs\u0173 sod\u0105 arba teras\u0105. Jie yra diskreti\u0161ki ir lengvai \u012fdedami \u012f g\u0117lyn\u0105 arba kaip paprastesn\u012f pra\u0117jimo ap\u0161vietim\u0105. Pati skydo dalis yra su 170 cm kabeliu nuo paskutinio pro\u017eektoriaus, tai leid\u017eia lengvai pastatyti skydel\u012f tiesioginiuose saul\u0117s spinduliuose, kurie yra b\u016btini norint \u012fkrauti kartu esant\u012f akumuliatori\u0173.<\/p>\n<ul>\n<li><strong>Spalva<\/strong>: juoda<\/li>\n<li><strong>Lemp\u0173 skai\u010dius<\/strong><strong>:\u00a0<\/strong>8vnt<\/li>\n<li><strong>Visas ilgis (su maitinimo laido laidu): <\/strong>3,8 mln<\/li>\n<li><strong>Maitinimo laidas:<\/strong> 1,7 mln<\/li>\n<li><strong>Atstumas tarp lempu\u010di\u0173:<\/strong> 30cm<\/li>\n<li><strong>Dydis:<\/strong> 2,50 x 2,50 cm<\/li>\n<li><strong>Kabelio spalva: <\/strong>juodas<\/li>\n<li><strong>Laikmatis:\u00a0<\/strong>Ap\u0161viesta tamsoje<\/li>\n<li><strong>IP \u012fvertinimas: <\/strong>IP44<\/li>\n<li><strong>Maitinimo \u0161altinis:\u00a0<\/strong>Saul\u0117s<\/li>\n<li><strong>Kabelio med\u017eiaga:\u00a0<\/strong>PVC<\/li>\n<li><strong>CE sertifikatas:\u00a0<\/strong>Taip<\/li>\n<\/ul>\n<p>&nbsp;<\/p>","protected":false},"excerpt":{"rendered":"<p>Solar light chain with 8 mini spotlights with 30 cm cable in between. These spotlights illuminate in your garden or on Your terrace with 25 lumen. They are discreet and easy to place in a flowerbed or as a simpler aisle lighting. The panel part itself is with 170 cm cable from the last spotlight, [&#8230;]\n","protected":false},"featured_media":6545,"comment_status":"open","ping_status":"closed","template":"","meta":[],"product_brand":[],"product_cat":[226,231,194,171,197,277],"product_tag":[],"class_list":{"0":"post-6429","1":"product","2":"type-product","3":"status-publish","4":"has-post-thumbnail","6":"product_cat-outdoor-lights","7":"product_cat-solar-decking-lights-outdoor-lights","8":"product_cat-solar-decking-lights","9":"product_cat-solar-lights","10":"product_cat-solar-spotlight","11":"product_cat-solar-spotlight-outdoor-lights","12":"pa_brand-deco","13":"pa_led-colour-warm-white","15":"first","16":"instock","17":"sale","18":"shipping-taxable","19":"purchasable","20":"product-type-simple"},"yoast_head":"<!-- This site is optimized with the Yoast SEO plugin v27.3 - https:\/\/yoast.com\/product\/yoast-seo-wordpress\/ -->\n<title>Solar Spot Light Chain - Best price guaranteed - Decolights.eu<\/title>\n<meta name=\"description\" content=\"These spotlights are discreet and easy to place in a flowerbed or as a simpler aisle lighting. Buy now to get the price and lighten up your garden!\" \/>\n<meta name=\"robots\" content=\"index, follow, max-snippet:-1, max-image-preview:large, max-video-preview:-1\" \/>\n<link rel=\"canonical\" href=\"https:\/\/decolights.eu\/lt\/produktas-2\/solar-spot-light-chain\/\" \/>\n<meta property=\"og:locale\" content=\"lt_LT\" \/>\n<meta property=\"og:type\" content=\"article\" \/>\n<meta property=\"og:title\" content=\"Solar Spot Light Chain - Best price guaranteed - Decolights.eu\" \/>\n<meta property=\"og:description\" content=\"These spotlights are discreet and easy to place in a flowerbed or as a simpler aisle lighting. Buy now to get the price and lighten up your garden!\" \/>\n<meta property=\"og:url\" content=\"https:\/\/decolights.eu\/lt\/produktas-2\/solar-spot-light-chain\/\" \/>\n<meta property=\"og:site_name\" content=\"Decolights.eu\" \/>\n<meta property=\"article:modified_time\" content=\"2023-05-10T08:56:17+00:00\" \/>\n<meta property=\"og:image\" content=\"https:\/\/decolights.eu\/wp-content\/uploads\/2023\/04\/482-84_M2.png\" \/>\n\t<meta property=\"og:image:width\" content=\"600\" \/>\n\t<meta property=\"og:image:height\" content=\"602\" \/>\n\t<meta property=\"og:image:type\" content=\"image\/png\" \/>\n<meta name=\"twitter:card\" content=\"summary_large_image\" \/>\n<meta name=\"twitter:label1\" content=\"Est. reading time\" \/>\n\t<meta name=\"twitter:data1\" content=\"1 minut\u0117\" \/>\n<script type=\"application\/ld+json\" class=\"yoast-schema-graph\">{\"@context\":\"https:\\\/\\\/schema.org\",\"@graph\":[{\"@type\":\"WebPage\",\"@id\":\"https:\\\/\\\/decolights.eu\\\/product\\\/solar-spot-light-chain\\\/\",\"url\":\"https:\\\/\\\/decolights.eu\\\/product\\\/solar-spot-light-chain\\\/\",\"name\":\"Solar Spot Light Chain - Best price guaranteed - Decolights.eu\",\"isPartOf\":{\"@id\":\"https:\\\/\\\/decolights.eu\\\/#website\"},\"primaryImageOfPage\":{\"@id\":\"https:\\\/\\\/decolights.eu\\\/product\\\/solar-spot-light-chain\\\/#primaryimage\"},\"image\":{\"@id\":\"https:\\\/\\\/decolights.eu\\\/product\\\/solar-spot-light-chain\\\/#primaryimage\"},\"thumbnailUrl\":\"https:\\\/\\\/decolights.eu\\\/wp-content\\\/uploads\\\/2023\\\/04\\\/482-84_M2.png\",\"datePublished\":\"2023-04-01T04:45:17+00:00\",\"dateModified\":\"2023-05-10T08:56:17+00:00\",\"description\":\"These spotlights are discreet and easy to place in a flowerbed or as a simpler aisle lighting. Buy now to get the price and lighten up your garden!\",\"breadcrumb\":{\"@id\":\"https:\\\/\\\/decolights.eu\\\/product\\\/solar-spot-light-chain\\\/#breadcrumb\"},\"inLanguage\":\"lt-LT\",\"potentialAction\":[{\"@type\":\"ReadAction\",\"target\":[\"https:\\\/\\\/decolights.eu\\\/product\\\/solar-spot-light-chain\\\/\"]}]},{\"@type\":\"ImageObject\",\"inLanguage\":\"lt-LT\",\"@id\":\"https:\\\/\\\/decolights.eu\\\/product\\\/solar-spot-light-chain\\\/#primaryimage\",\"url\":\"https:\\\/\\\/decolights.eu\\\/wp-content\\\/uploads\\\/2023\\\/04\\\/482-84_M2.png\",\"contentUrl\":\"https:\\\/\\\/decolights.eu\\\/wp-content\\\/uploads\\\/2023\\\/04\\\/482-84_M2.png\",\"width\":600,\"height\":602},{\"@type\":\"BreadcrumbList\",\"@id\":\"https:\\\/\\\/decolights.eu\\\/product\\\/solar-spot-light-chain\\\/#breadcrumb\",\"itemListElement\":[{\"@type\":\"ListItem\",\"position\":1,\"name\":\"Shop\",\"item\":\"https:\\\/\\\/decolights.eu\\\/shop\\\/\"},{\"@type\":\"ListItem\",\"position\":2,\"name\":\"Solar Spot Light Chain\"}]},{\"@type\":\"WebSite\",\"@id\":\"https:\\\/\\\/decolights.eu\\\/#website\",\"url\":\"https:\\\/\\\/decolights.eu\\\/\",\"name\":\"decolights\",\"description\":\"Led Decorations for Home and Garden\",\"publisher\":{\"@id\":\"https:\\\/\\\/decolights.eu\\\/#organization\"},\"alternateName\":\"decolights.eu\",\"potentialAction\":[{\"@type\":\"SearchAction\",\"target\":{\"@type\":\"EntryPoint\",\"urlTemplate\":\"https:\\\/\\\/decolights.eu\\\/?s={search_term_string}\"},\"query-input\":{\"@type\":\"PropertyValueSpecification\",\"valueRequired\":true,\"valueName\":\"search_term_string\"}}],\"inLanguage\":\"lt-LT\"},{\"@type\":\"Organization\",\"@id\":\"https:\\\/\\\/decolights.eu\\\/#organization\",\"name\":\"decolights\",\"url\":\"https:\\\/\\\/decolights.eu\\\/\",\"logo\":{\"@type\":\"ImageObject\",\"inLanguage\":\"lt-LT\",\"@id\":\"https:\\\/\\\/decolights.eu\\\/#\\\/schema\\\/logo\\\/image\\\/\",\"url\":\"https:\\\/\\\/decolights.eu\\\/wp-content\\\/uploads\\\/2023\\\/07\\\/cropped-decolight-siteicon.png\",\"contentUrl\":\"https:\\\/\\\/decolights.eu\\\/wp-content\\\/uploads\\\/2023\\\/07\\\/cropped-decolight-siteicon.png\",\"width\":512,\"height\":512,\"caption\":\"decolights\"},\"image\":{\"@id\":\"https:\\\/\\\/decolights.eu\\\/#\\\/schema\\\/logo\\\/image\\\/\"}}]}<\/script>\n<!-- \/ Yoast SEO plugin. -->","yoast_head_json":{"title":"Saul\u0117s ta\u0161ko \u0161viesos grandin\u0117 \u2013 Garantuojama geriausia kaina \u2013 Decolights.eu","description":"\u0160ie pro\u017eektoriai yra diskreti\u0161ki ir lengvai \u012fdedami \u012f g\u0117lyn\u0105 arba kaip paprastesn\u012f pra\u0117jimo ap\u0161vietim\u0105. \u012esigykite dabar, kad gautum\u0117te kain\u0105 ir palengvintum\u0117te savo sod\u0105!","robots":{"index":"index","follow":"follow","max-snippet":"max-snippet:-1","max-image-preview":"max-image-preview:large","max-video-preview":"max-video-preview:-1"},"canonical":"https:\/\/decolights.eu\/lt\/produktas-2\/solar-spot-light-chain\/","og_locale":"lt_LT","og_type":"article","og_title":"Solar Spot Light Chain - Best price guaranteed - Decolights.eu","og_description":"These spotlights are discreet and easy to place in a flowerbed or as a simpler aisle lighting. Buy now to get the price and lighten up your garden!","og_url":"https:\/\/decolights.eu\/lt\/produktas-2\/solar-spot-light-chain\/","og_site_name":"Decolights.eu","article_modified_time":"2023-05-10T08:56:17+00:00","og_image":[{"url":"https:\/\/decolights.eu\/wp-content\/uploads\/2023\/04\/482-84_M2.png","width":600,"height":602,"type":"image\/png"}],"twitter_card":"summary_large_image","twitter_misc":{"Est. reading time":"1 minut\u0117"},"schema":{"@context":"https:\/\/schema.org","@graph":[{"@type":"WebPage","@id":"https:\/\/decolights.eu\/product\/solar-spot-light-chain\/","url":"https:\/\/decolights.eu\/product\/solar-spot-light-chain\/","name":"Saul\u0117s ta\u0161ko \u0161viesos grandin\u0117 \u2013 Garantuojama geriausia kaina \u2013 Decolights.eu","isPartOf":{"@id":"https:\/\/decolights.eu\/#website"},"primaryImageOfPage":{"@id":"https:\/\/decolights.eu\/product\/solar-spot-light-chain\/#primaryimage"},"image":{"@id":"https:\/\/decolights.eu\/product\/solar-spot-light-chain\/#primaryimage"},"thumbnailUrl":"https:\/\/decolights.eu\/wp-content\/uploads\/2023\/04\/482-84_M2.png","datePublished":"2023-04-01T04:45:17+00:00","dateModified":"2023-05-10T08:56:17+00:00","description":"\u0160ie pro\u017eektoriai yra diskreti\u0161ki ir lengvai \u012fdedami \u012f g\u0117lyn\u0105 arba kaip paprastesn\u012f pra\u0117jimo ap\u0161vietim\u0105. \u012esigykite dabar, kad gautum\u0117te kain\u0105 ir palengvintum\u0117te savo sod\u0105!","breadcrumb":{"@id":"https:\/\/decolights.eu\/product\/solar-spot-light-chain\/#breadcrumb"},"inLanguage":"lt-LT","potentialAction":[{"@type":"ReadAction","target":["https:\/\/decolights.eu\/product\/solar-spot-light-chain\/"]}]},{"@type":"ImageObject","inLanguage":"lt-LT","@id":"https:\/\/decolights.eu\/product\/solar-spot-light-chain\/#primaryimage","url":"https:\/\/decolights.eu\/wp-content\/uploads\/2023\/04\/482-84_M2.png","contentUrl":"https:\/\/decolights.eu\/wp-content\/uploads\/2023\/04\/482-84_M2.png","width":600,"height":602},{"@type":"BreadcrumbList","@id":"https:\/\/decolights.eu\/product\/solar-spot-light-chain\/#breadcrumb","itemListElement":[{"@type":"ListItem","position":1,"name":"Shop","item":"https:\/\/decolights.eu\/shop\/"},{"@type":"ListItem","position":2,"name":"Solar Spot Light Chain"}]},{"@type":"WebSite","@id":"https:\/\/decolights.eu\/#website","url":"https:\/\/decolights.eu\/","name":"papuo\u0161imai","description":"Led dekoracijos namams ir sodui","publisher":{"@id":"https:\/\/decolights.eu\/#organization"},"alternateName":"decolights.eu","potentialAction":[{"@type":"SearchAction","target":{"@type":"EntryPoint","urlTemplate":"https:\/\/decolights.eu\/?s={search_term_string}"},"query-input":{"@type":"PropertyValueSpecification","valueRequired":true,"valueName":"search_term_string"}}],"inLanguage":"lt-LT"},{"@type":"Organization","@id":"https:\/\/decolights.eu\/#organization","name":"papuo\u0161imai","url":"https:\/\/decolights.eu\/","logo":{"@type":"ImageObject","inLanguage":"lt-LT","@id":"https:\/\/decolights.eu\/#\/schema\/logo\/image\/","url":"https:\/\/decolights.eu\/wp-content\/uploads\/2023\/07\/cropped-decolight-siteicon.png","contentUrl":"https:\/\/decolights.eu\/wp-content\/uploads\/2023\/07\/cropped-decolight-siteicon.png","width":512,"height":512,"caption":"decolights"},"image":{"@id":"https:\/\/decolights.eu\/#\/schema\/logo\/image\/"}}]}},"jetpack_sharing_enabled":true,"_links":{"self":[{"href":"https:\/\/decolights.eu\/lt\/wp-json\/wp\/v2\/product\/6429","targetHints":{"allow":["GET"]}}],"collection":[{"href":"https:\/\/decolights.eu\/lt\/wp-json\/wp\/v2\/product"}],"about":[{"href":"https:\/\/decolights.eu\/lt\/wp-json\/wp\/v2\/types\/product"}],"replies":[{"embeddable":true,"href":"https:\/\/decolights.eu\/lt\/wp-json\/wp\/v2\/comments?post=6429"}],"wp:featuredmedia":[{"embeddable":true,"href":"https:\/\/decolights.eu\/lt\/wp-json\/wp\/v2\/media\/6545"}],"wp:attachment":[{"href":"https:\/\/decolights.eu\/lt\/wp-json\/wp\/v2\/media?parent=6429"}],"wp:term":[{"taxonomy":"product_brand","embeddable":true,"href":"https:\/\/decolights.eu\/lt\/wp-json\/wp\/v2\/product_brand?post=6429"},{"taxonomy":"product_cat","embeddable":true,"href":"https:\/\/decolights.eu\/lt\/wp-json\/wp\/v2\/product_cat?post=6429"},{"taxonomy":"product_tag","embeddable":true,"href":"https:\/\/decolights.eu\/lt\/wp-json\/wp\/v2\/product_tag?post=6429"}],"curies":[{"name":"wp","href":"https:\/\/api.w.org\/{rel}","templated":true}]}}