{"id":43744,"date":"2023-04-26T14:00:38","date_gmt":"2023-04-26T14:00:38","guid":{"rendered":"https:\/\/decolights.eu\/?post_type=product&#038;p=43744"},"modified":"2023-06-09T09:52:05","modified_gmt":"2023-06-09T09:52:05","slug":"festoon-led-lights-with-hanging-bulbs-12-5m-15-bulbs","status":"publish","type":"product","link":"https:\/\/decolights.eu\/pl\/produkt-2\/festoon-led-lights-with-hanging-bulbs-12-5m-15-bulbs\/","title":{"rendered":"Festoon LED Lights z wisz\u0105cymi \u017car\u00f3wkami 12,5m 15 \u017car\u00f3wek"},"content":{"rendered":"<p>\u017bar\u00f3wka wisz\u0105ca to niebanalny produkt, kt\u00f3ry doskonale sprawdzi si\u0119 jako dekoracyjne i praktyczne o\u015bwietlenie w ogrodzie lub na dzia\u0142ce. To tak\u017ce bardzo dobra oprawa o\u015bwietleniowa do dekoracji restauracji czy biura. Zwraca na siebie uwag\u0119 i tworzy bardzo pi\u0119kny efekt i nastr\u00f3j.<\/p>\n<ul>\n<li>Ca\u0142kowita d\u0142ugo\u015b\u0107 produktu: 14M<\/li>\n<li>\u0141\u0105czna ilo\u015b\u0107 gniazd: 15 szt<\/li>\n<li>Nasadki: 15 szt<\/li>\n<li>Moc \u017car\u00f3wki: 0,8W.<\/li>\n<li>\u015arednica \u017car\u00f3wki: 4 cm<\/li>\n<li>D\u0142ugo\u015b\u0107 cz\u0119\u015bci wisz\u0105cych: 25 cm<\/li>\n<li>Rozstaw mi\u0119dzy gniazdami: 0,9M<\/li>\n<li>D\u0142ugo\u015b\u0107 przewodu zasilaj\u0105cego: 1,5 m<\/li>\n<li>Stopie\u0144 wodoodporno\u015bci: IP65<\/li>\n<li>O\u0142\u00f3w: PCW<\/li>\n<li>Kolor przewodnika: Czarny<\/li>\n<li>Pr\u0105d wyj\u015bciowy: 12V<\/li>\n<li>Ci\u0105g\u0142e: Tak, do 5 serii.<\/li>\n<\/ul>\n<p>Uwaga: jest to kompletny zestaw, kt\u00f3ry zawiera \u0142a\u0144cuch lamp i \u017car\u00f3wki! \u017bar\u00f3wki s\u0105 wymienne.<\/p>","protected":false},"excerpt":{"rendered":"<p>The hanging light bulb is a remarkable product that is perfect for decorative and practical lighting in the garden or on a plot. It&#8217;s also a very good lighting fixture for decorating a restaurant or office. It draws attention to itself and creates a very beautiful result and mood. Total length of product: 14M Total [&#8230;]\n","protected":false},"featured_media":43784,"comment_status":"open","ping_status":"closed","template":"","meta":[],"product_brand":[],"product_cat":[15,227,226],"product_tag":[],"class_list":{"0":"post-43744","1":"product","2":"type-product","3":"status-publish","4":"has-post-thumbnail","6":"product_cat-festoon-lights","7":"product_cat-led-festoon-lights-outdoor-lights","8":"product_cat-outdoor-lights","9":"pa_led-colour-warm-white","11":"first","12":"instock","13":"sale","14":"shipping-taxable","15":"purchasable","16":"product-type-simple"},"yoast_head":"<!-- This site is optimized with the Yoast SEO plugin v27.3 - https:\/\/yoast.com\/product\/yoast-seo-wordpress\/ -->\n<title>Festoon LED Lights with hanging bulbs 12.5m 15 bulbs - Decolights.eu<\/title>\n<meta name=\"description\" content=\"LED Lambikett ripuvate pesadega on suve terasside lahutamatu osa! Kaunista sellega nii oma koduaed kui ka restorani v\u00f5i kontori hoov. Osta kohe!\" \/>\n<meta name=\"robots\" content=\"index, follow, max-snippet:-1, max-image-preview:large, max-video-preview:-1\" \/>\n<link rel=\"canonical\" href=\"https:\/\/decolights.eu\/pl\/produkt-2\/festoon-led-lights-with-hanging-bulbs-12-5m-15-bulbs\/\" \/>\n<meta property=\"og:locale\" content=\"pl_PL\" \/>\n<meta property=\"og:type\" content=\"article\" \/>\n<meta property=\"og:title\" content=\"Festoon LED Lights with hanging bulbs 12.5m 15 bulbs - Decolights.eu\" \/>\n<meta property=\"og:description\" content=\"LED Lambikett ripuvate pesadega on suve terasside lahutamatu osa! Kaunista sellega nii oma koduaed kui ka restorani v\u00f5i kontori hoov. Osta kohe!\" \/>\n<meta property=\"og:url\" content=\"https:\/\/decolights.eu\/pl\/produkt-2\/festoon-led-lights-with-hanging-bulbs-12-5m-15-bulbs\/\" \/>\n<meta property=\"og:site_name\" content=\"Decolights.eu\" \/>\n<meta property=\"article:modified_time\" content=\"2023-06-09T09:52:05+00:00\" \/>\n<meta property=\"og:image\" content=\"https:\/\/decolights.eu\/wp-content\/uploads\/2023\/05\/img_5374.jpeg\" \/>\n\t<meta property=\"og:image:width\" content=\"960\" \/>\n\t<meta property=\"og:image:height\" content=\"960\" \/>\n\t<meta property=\"og:image:type\" content=\"image\/jpeg\" \/>\n<meta name=\"twitter:card\" content=\"summary_large_image\" \/>\n<meta name=\"twitter:label1\" content=\"Szacowany czas czytania\" \/>\n\t<meta name=\"twitter:data1\" content=\"1 minuta\" \/>\n<script type=\"application\/ld+json\" class=\"yoast-schema-graph\">{\"@context\":\"https:\\\/\\\/schema.org\",\"@graph\":[{\"@type\":\"WebPage\",\"@id\":\"https:\\\/\\\/decolights.eu\\\/product\\\/festoon-led-lights-with-hanging-bulbs-12-5m-15-bulbs\\\/\",\"url\":\"https:\\\/\\\/decolights.eu\\\/product\\\/festoon-led-lights-with-hanging-bulbs-12-5m-15-bulbs\\\/\",\"name\":\"Festoon LED Lights with hanging bulbs 12.5m 15 bulbs - Decolights.eu\",\"isPartOf\":{\"@id\":\"https:\\\/\\\/decolights.eu\\\/#website\"},\"primaryImageOfPage\":{\"@id\":\"https:\\\/\\\/decolights.eu\\\/product\\\/festoon-led-lights-with-hanging-bulbs-12-5m-15-bulbs\\\/#primaryimage\"},\"image\":{\"@id\":\"https:\\\/\\\/decolights.eu\\\/product\\\/festoon-led-lights-with-hanging-bulbs-12-5m-15-bulbs\\\/#primaryimage\"},\"thumbnailUrl\":\"https:\\\/\\\/decolights.eu\\\/wp-content\\\/uploads\\\/2023\\\/05\\\/img_5374.jpeg\",\"datePublished\":\"2023-04-26T14:00:38+00:00\",\"dateModified\":\"2023-06-09T09:52:05+00:00\",\"description\":\"LED Lambikett ripuvate pesadega on suve terasside lahutamatu osa! Kaunista sellega nii oma koduaed kui ka restorani v\u00f5i kontori hoov. Osta kohe!\",\"breadcrumb\":{\"@id\":\"https:\\\/\\\/decolights.eu\\\/product\\\/festoon-led-lights-with-hanging-bulbs-12-5m-15-bulbs\\\/#breadcrumb\"},\"inLanguage\":\"pl-PL\",\"potentialAction\":[{\"@type\":\"ReadAction\",\"target\":[\"https:\\\/\\\/decolights.eu\\\/product\\\/festoon-led-lights-with-hanging-bulbs-12-5m-15-bulbs\\\/\"]}]},{\"@type\":\"ImageObject\",\"inLanguage\":\"pl-PL\",\"@id\":\"https:\\\/\\\/decolights.eu\\\/product\\\/festoon-led-lights-with-hanging-bulbs-12-5m-15-bulbs\\\/#primaryimage\",\"url\":\"https:\\\/\\\/decolights.eu\\\/wp-content\\\/uploads\\\/2023\\\/05\\\/img_5374.jpeg\",\"contentUrl\":\"https:\\\/\\\/decolights.eu\\\/wp-content\\\/uploads\\\/2023\\\/05\\\/img_5374.jpeg\",\"width\":960,\"height\":960},{\"@type\":\"BreadcrumbList\",\"@id\":\"https:\\\/\\\/decolights.eu\\\/product\\\/festoon-led-lights-with-hanging-bulbs-12-5m-15-bulbs\\\/#breadcrumb\",\"itemListElement\":[{\"@type\":\"ListItem\",\"position\":1,\"name\":\"Shop\",\"item\":\"https:\\\/\\\/decolights.eu\\\/shop\\\/\"},{\"@type\":\"ListItem\",\"position\":2,\"name\":\"Festoon LED Lights with hanging bulbs 12.5m 15 bulbs\"}]},{\"@type\":\"WebSite\",\"@id\":\"https:\\\/\\\/decolights.eu\\\/#website\",\"url\":\"https:\\\/\\\/decolights.eu\\\/\",\"name\":\"decolights\",\"description\":\"Led Decorations for Home and Garden\",\"publisher\":{\"@id\":\"https:\\\/\\\/decolights.eu\\\/#organization\"},\"alternateName\":\"decolights.eu\",\"potentialAction\":[{\"@type\":\"SearchAction\",\"target\":{\"@type\":\"EntryPoint\",\"urlTemplate\":\"https:\\\/\\\/decolights.eu\\\/?s={search_term_string}\"},\"query-input\":{\"@type\":\"PropertyValueSpecification\",\"valueRequired\":true,\"valueName\":\"search_term_string\"}}],\"inLanguage\":\"pl-PL\"},{\"@type\":\"Organization\",\"@id\":\"https:\\\/\\\/decolights.eu\\\/#organization\",\"name\":\"decolights\",\"url\":\"https:\\\/\\\/decolights.eu\\\/\",\"logo\":{\"@type\":\"ImageObject\",\"inLanguage\":\"pl-PL\",\"@id\":\"https:\\\/\\\/decolights.eu\\\/#\\\/schema\\\/logo\\\/image\\\/\",\"url\":\"https:\\\/\\\/decolights.eu\\\/wp-content\\\/uploads\\\/2023\\\/07\\\/cropped-decolight-siteicon.png\",\"contentUrl\":\"https:\\\/\\\/decolights.eu\\\/wp-content\\\/uploads\\\/2023\\\/07\\\/cropped-decolight-siteicon.png\",\"width\":512,\"height\":512,\"caption\":\"decolights\"},\"image\":{\"@id\":\"https:\\\/\\\/decolights.eu\\\/#\\\/schema\\\/logo\\\/image\\\/\"}}]}<\/script>\n<!-- \/ Yoast SEO plugin. -->","yoast_head_json":{"title":"Festoon LED Lights z wisz\u0105cymi \u017car\u00f3wkami 12,5m 15 \u017car\u00f3wek - Decolights.eu","description":"Bezp\u0142atne LED Lambikett przebi\u0107 si\u0119 na suve terrasside lahutamatu osa! Kaunista sellega nii oma koduaed kui ka restorani v\u00f5i kontori hoov. Osty kohe!","robots":{"index":"index","follow":"follow","max-snippet":"max-snippet:-1","max-image-preview":"max-image-preview:large","max-video-preview":"max-video-preview:-1"},"canonical":"https:\/\/decolights.eu\/pl\/produkt-2\/festoon-led-lights-with-hanging-bulbs-12-5m-15-bulbs\/","og_locale":"pl_PL","og_type":"article","og_title":"Festoon LED Lights with hanging bulbs 12.5m 15 bulbs - Decolights.eu","og_description":"LED Lambikett ripuvate pesadega on suve terasside lahutamatu osa! Kaunista sellega nii oma koduaed kui ka restorani v\u00f5i kontori hoov. Osta kohe!","og_url":"https:\/\/decolights.eu\/pl\/produkt-2\/festoon-led-lights-with-hanging-bulbs-12-5m-15-bulbs\/","og_site_name":"Decolights.eu","article_modified_time":"2023-06-09T09:52:05+00:00","og_image":[{"width":960,"height":960,"url":"https:\/\/decolights.eu\/wp-content\/uploads\/2023\/05\/img_5374.jpeg","type":"image\/jpeg"}],"twitter_card":"summary_large_image","twitter_misc":{"Szacowany czas czytania":"1 minuta"},"schema":{"@context":"https:\/\/schema.org","@graph":[{"@type":"WebPage","@id":"https:\/\/decolights.eu\/product\/festoon-led-lights-with-hanging-bulbs-12-5m-15-bulbs\/","url":"https:\/\/decolights.eu\/product\/festoon-led-lights-with-hanging-bulbs-12-5m-15-bulbs\/","name":"Festoon LED Lights z wisz\u0105cymi \u017car\u00f3wkami 12,5m 15 \u017car\u00f3wek - Decolights.eu","isPartOf":{"@id":"https:\/\/decolights.eu\/#website"},"primaryImageOfPage":{"@id":"https:\/\/decolights.eu\/product\/festoon-led-lights-with-hanging-bulbs-12-5m-15-bulbs\/#primaryimage"},"image":{"@id":"https:\/\/decolights.eu\/product\/festoon-led-lights-with-hanging-bulbs-12-5m-15-bulbs\/#primaryimage"},"thumbnailUrl":"https:\/\/decolights.eu\/wp-content\/uploads\/2023\/05\/img_5374.jpeg","datePublished":"2023-04-26T14:00:38+00:00","dateModified":"2023-06-09T09:52:05+00:00","description":"Bezp\u0142atne LED Lambikett przebi\u0107 si\u0119 na suve terrasside lahutamatu osa! Kaunista sellega nii oma koduaed kui ka restorani v\u00f5i kontori hoov. Osty kohe!","breadcrumb":{"@id":"https:\/\/decolights.eu\/product\/festoon-led-lights-with-hanging-bulbs-12-5m-15-bulbs\/#breadcrumb"},"inLanguage":"pl-PL","potentialAction":[{"@type":"ReadAction","target":["https:\/\/decolights.eu\/product\/festoon-led-lights-with-hanging-bulbs-12-5m-15-bulbs\/"]}]},{"@type":"ImageObject","inLanguage":"pl-PL","@id":"https:\/\/decolights.eu\/product\/festoon-led-lights-with-hanging-bulbs-12-5m-15-bulbs\/#primaryimage","url":"https:\/\/decolights.eu\/wp-content\/uploads\/2023\/05\/img_5374.jpeg","contentUrl":"https:\/\/decolights.eu\/wp-content\/uploads\/2023\/05\/img_5374.jpeg","width":960,"height":960},{"@type":"BreadcrumbList","@id":"https:\/\/decolights.eu\/product\/festoon-led-lights-with-hanging-bulbs-12-5m-15-bulbs\/#breadcrumb","itemListElement":[{"@type":"ListItem","position":1,"name":"Shop","item":"https:\/\/decolights.eu\/shop\/"},{"@type":"ListItem","position":2,"name":"Festoon LED Lights with hanging bulbs 12.5m 15 bulbs"}]},{"@type":"WebSite","@id":"https:\/\/decolights.eu\/#website","url":"https:\/\/decolights.eu\/","name":"dekoracje","description":"Dekoracje LED do domu i ogrodu","publisher":{"@id":"https:\/\/decolights.eu\/#organization"},"alternateName":"decolights.eu","potentialAction":[{"@type":"SearchAction","target":{"@type":"EntryPoint","urlTemplate":"https:\/\/decolights.eu\/?s={search_term_string}"},"query-input":{"@type":"PropertyValueSpecification","valueRequired":true,"valueName":"search_term_string"}}],"inLanguage":"pl-PL"},{"@type":"Organization","@id":"https:\/\/decolights.eu\/#organization","name":"dekoracje","url":"https:\/\/decolights.eu\/","logo":{"@type":"ImageObject","inLanguage":"pl-PL","@id":"https:\/\/decolights.eu\/#\/schema\/logo\/image\/","url":"https:\/\/decolights.eu\/wp-content\/uploads\/2023\/07\/cropped-decolight-siteicon.png","contentUrl":"https:\/\/decolights.eu\/wp-content\/uploads\/2023\/07\/cropped-decolight-siteicon.png","width":512,"height":512,"caption":"decolights"},"image":{"@id":"https:\/\/decolights.eu\/#\/schema\/logo\/image\/"}}]}},"jetpack_sharing_enabled":true,"_links":{"self":[{"href":"https:\/\/decolights.eu\/pl\/wp-json\/wp\/v2\/product\/43744","targetHints":{"allow":["GET"]}}],"collection":[{"href":"https:\/\/decolights.eu\/pl\/wp-json\/wp\/v2\/product"}],"about":[{"href":"https:\/\/decolights.eu\/pl\/wp-json\/wp\/v2\/types\/product"}],"replies":[{"embeddable":true,"href":"https:\/\/decolights.eu\/pl\/wp-json\/wp\/v2\/comments?post=43744"}],"wp:featuredmedia":[{"embeddable":true,"href":"https:\/\/decolights.eu\/pl\/wp-json\/wp\/v2\/media\/43784"}],"wp:attachment":[{"href":"https:\/\/decolights.eu\/pl\/wp-json\/wp\/v2\/media?parent=43744"}],"wp:term":[{"taxonomy":"product_brand","embeddable":true,"href":"https:\/\/decolights.eu\/pl\/wp-json\/wp\/v2\/product_brand?post=43744"},{"taxonomy":"product_cat","embeddable":true,"href":"https:\/\/decolights.eu\/pl\/wp-json\/wp\/v2\/product_cat?post=43744"},{"taxonomy":"product_tag","embeddable":true,"href":"https:\/\/decolights.eu\/pl\/wp-json\/wp\/v2\/product_tag?post=43744"}],"curies":[{"name":"wp","href":"https:\/\/api.w.org\/{rel}","templated":true}]}}