{"id":44526,"date":"2023-07-28T18:30:56","date_gmt":"2023-07-28T18:30:56","guid":{"rendered":"https:\/\/decolights.eu\/?post_type=product&#038;p=44526"},"modified":"2023-08-11T15:23:30","modified_gmt":"2023-08-11T15:23:30","slug":"lumiz-solar-lantern-battery-powered-module-with-remote-control","status":"publish","type":"product","link":"https:\/\/decolights.eu\/pl\/produkt-2\/lumiz-solar-lantern-battery-powered-module-with-remote-control\/","title":{"rendered":"Modu\u0142 latarni s\u0142onecznej Lumiz zasilany bateryjnie z pilotem"},"content":{"rendered":"<p>Czy chcesz korzysta\u0107 z produkt\u00f3w Lumiz tak\u017ce po zmroku lub w miejscach, gdzie nie \u015bwieci s\u0142o\u0144ce?<\/p>\n<p>Oto rozwi\u0105zanie w\u0142a\u015bnie dla Ciebie!<\/p>\n<p>Wymie\u0144 modu\u0142 baterii s\u0142onecznej w lampie ogrodowej Lumiz na modu\u0142 zasilany bateryjnie.<\/p>\n<p><strong>Uwaga! Wszystkie lampy solarne Lumiz maj\u0105 wymienne modu\u0142y.<\/strong><\/p>\n<p><strong>Produkt zawiera:<\/strong><\/p>\n<ul>\n<li>Modu\u0142 baterii (2 baterie AAA)<\/li>\n<li>Pilot zdalnego sterowania (W\u0141.\/WY\u0141., Timer 1-4 godziny, \u015bciemniacz)<\/li>\n<li>IP44 (nadaje si\u0119 do u\u017cytku wewn\u0105trz i na zewn\u0105trz)<\/li>\n<li>Instrukcje<\/li>\n<\/ul>\n<p>&nbsp;<\/p>","protected":false},"excerpt":{"rendered":"<p>Do you want to use Lumiz products even during dark hours or perhaps in places where the sun doesn&#8217;t shine? Here&#8217;s the solution just for you! Replace the solar battery module on your Lumiz garden light with a battery-powered module. Note! All Lumiz solar lanterns have exchangeable modules. The product includes: Battery module (2xAAA batteries) [&#8230;]\n","protected":false},"featured_media":44527,"comment_status":"open","ping_status":"closed","template":"","meta":[],"product_brand":[],"product_cat":[381,171],"product_tag":[],"class_list":{"0":"post-44526","1":"product","2":"type-product","3":"status-publish","4":"has-post-thumbnail","6":"product_cat-lumiz","7":"product_cat-solar-lights","9":"first","10":"instock","11":"sale","12":"shipping-taxable","13":"purchasable","14":"product-type-simple"},"yoast_head":"<!-- This site is optimized with the Yoast SEO plugin v27.3 - https:\/\/yoast.com\/product\/yoast-seo-wordpress\/ -->\n<title>Lumiz solar lantern battery-powered module with remote control - Decolights.eu<\/title>\n<meta name=\"description\" content=\"Buy Lumiz solar lantern battery-powered module with remote control for . Browse our range of . Buy for the best price today and enjoy cozy atmosphere.\" \/>\n<meta name=\"robots\" content=\"index, follow, max-snippet:-1, max-image-preview:large, max-video-preview:-1\" \/>\n<link rel=\"canonical\" href=\"https:\/\/decolights.eu\/pl\/produkt-2\/lumiz-solar-lantern-battery-powered-module-with-remote-control\/\" \/>\n<meta property=\"og:locale\" content=\"pl_PL\" \/>\n<meta property=\"og:type\" content=\"article\" \/>\n<meta property=\"og:title\" content=\"Lumiz solar lantern battery-powered module with remote control - Decolights.eu\" \/>\n<meta property=\"og:description\" content=\"Buy Lumiz solar lantern battery-powered module with remote control for . Browse our range of . Buy for the best price today and enjoy cozy atmosphere.\" \/>\n<meta property=\"og:url\" content=\"https:\/\/decolights.eu\/pl\/produkt-2\/lumiz-solar-lantern-battery-powered-module-with-remote-control\/\" \/>\n<meta property=\"og:site_name\" content=\"Decolights.eu\" \/>\n<meta property=\"article:modified_time\" content=\"2023-08-11T15:23:30+00:00\" \/>\n<meta property=\"og:image\" content=\"https:\/\/decolights.eu\/wp-content\/uploads\/2023\/08\/eb230628-lumiz-module-ab07.jpg\" \/>\n\t<meta property=\"og:image:width\" content=\"985\" \/>\n\t<meta property=\"og:image:height\" content=\"1200\" \/>\n\t<meta property=\"og:image:type\" content=\"image\/jpeg\" \/>\n<meta name=\"twitter:card\" content=\"summary_large_image\" \/>\n<meta name=\"twitter:label1\" content=\"Szacowany czas czytania\" \/>\n\t<meta name=\"twitter:data1\" content=\"1 minuta\" \/>\n<script type=\"application\/ld+json\" class=\"yoast-schema-graph\">{\"@context\":\"https:\\\/\\\/schema.org\",\"@graph\":[{\"@type\":\"WebPage\",\"@id\":\"https:\\\/\\\/decolights.eu\\\/product\\\/lumiz-solar-lantern-battery-powered-module-with-remote-control\\\/\",\"url\":\"https:\\\/\\\/decolights.eu\\\/product\\\/lumiz-solar-lantern-battery-powered-module-with-remote-control\\\/\",\"name\":\"Lumiz solar lantern battery-powered module with remote control - Decolights.eu\",\"isPartOf\":{\"@id\":\"https:\\\/\\\/decolights.eu\\\/#website\"},\"primaryImageOfPage\":{\"@id\":\"https:\\\/\\\/decolights.eu\\\/product\\\/lumiz-solar-lantern-battery-powered-module-with-remote-control\\\/#primaryimage\"},\"image\":{\"@id\":\"https:\\\/\\\/decolights.eu\\\/product\\\/lumiz-solar-lantern-battery-powered-module-with-remote-control\\\/#primaryimage\"},\"thumbnailUrl\":\"https:\\\/\\\/decolights.eu\\\/wp-content\\\/uploads\\\/2023\\\/08\\\/eb230628-lumiz-module-ab07.jpg\",\"datePublished\":\"2023-07-28T18:30:56+00:00\",\"dateModified\":\"2023-08-11T15:23:30+00:00\",\"description\":\"Buy Lumiz solar lantern battery-powered module with remote control for . Browse our range of . Buy for the best price today and enjoy cozy atmosphere.\",\"breadcrumb\":{\"@id\":\"https:\\\/\\\/decolights.eu\\\/product\\\/lumiz-solar-lantern-battery-powered-module-with-remote-control\\\/#breadcrumb\"},\"inLanguage\":\"pl-PL\",\"potentialAction\":[{\"@type\":\"ReadAction\",\"target\":[\"https:\\\/\\\/decolights.eu\\\/product\\\/lumiz-solar-lantern-battery-powered-module-with-remote-control\\\/\"]}]},{\"@type\":\"ImageObject\",\"inLanguage\":\"pl-PL\",\"@id\":\"https:\\\/\\\/decolights.eu\\\/product\\\/lumiz-solar-lantern-battery-powered-module-with-remote-control\\\/#primaryimage\",\"url\":\"https:\\\/\\\/decolights.eu\\\/wp-content\\\/uploads\\\/2023\\\/08\\\/eb230628-lumiz-module-ab07.jpg\",\"contentUrl\":\"https:\\\/\\\/decolights.eu\\\/wp-content\\\/uploads\\\/2023\\\/08\\\/eb230628-lumiz-module-ab07.jpg\",\"width\":985,\"height\":1200},{\"@type\":\"BreadcrumbList\",\"@id\":\"https:\\\/\\\/decolights.eu\\\/product\\\/lumiz-solar-lantern-battery-powered-module-with-remote-control\\\/#breadcrumb\",\"itemListElement\":[{\"@type\":\"ListItem\",\"position\":1,\"name\":\"Shop\",\"item\":\"https:\\\/\\\/decolights.eu\\\/shop\\\/\"},{\"@type\":\"ListItem\",\"position\":2,\"name\":\"Lumiz solar lantern battery-powered module with remote control\"}]},{\"@type\":\"WebSite\",\"@id\":\"https:\\\/\\\/decolights.eu\\\/#website\",\"url\":\"https:\\\/\\\/decolights.eu\\\/\",\"name\":\"decolights\",\"description\":\"Led Decorations for Home and Garden\",\"publisher\":{\"@id\":\"https:\\\/\\\/decolights.eu\\\/#organization\"},\"alternateName\":\"decolights.eu\",\"potentialAction\":[{\"@type\":\"SearchAction\",\"target\":{\"@type\":\"EntryPoint\",\"urlTemplate\":\"https:\\\/\\\/decolights.eu\\\/?s={search_term_string}\"},\"query-input\":{\"@type\":\"PropertyValueSpecification\",\"valueRequired\":true,\"valueName\":\"search_term_string\"}}],\"inLanguage\":\"pl-PL\"},{\"@type\":\"Organization\",\"@id\":\"https:\\\/\\\/decolights.eu\\\/#organization\",\"name\":\"decolights\",\"url\":\"https:\\\/\\\/decolights.eu\\\/\",\"logo\":{\"@type\":\"ImageObject\",\"inLanguage\":\"pl-PL\",\"@id\":\"https:\\\/\\\/decolights.eu\\\/#\\\/schema\\\/logo\\\/image\\\/\",\"url\":\"https:\\\/\\\/decolights.eu\\\/wp-content\\\/uploads\\\/2023\\\/07\\\/cropped-decolight-siteicon.png\",\"contentUrl\":\"https:\\\/\\\/decolights.eu\\\/wp-content\\\/uploads\\\/2023\\\/07\\\/cropped-decolight-siteicon.png\",\"width\":512,\"height\":512,\"caption\":\"decolights\"},\"image\":{\"@id\":\"https:\\\/\\\/decolights.eu\\\/#\\\/schema\\\/logo\\\/image\\\/\"}}]}<\/script>\n<!-- \/ Yoast SEO plugin. -->","yoast_head_json":{"title":"Modu\u0142 solarnej latarki Lumiz zasilany bateriami z pilotem - Decolights.eu","description":"Kup modu\u0142 zasilany bateryjnie latarni\u0105 solarn\u0105 Lumiz z pilotem za . Przegl\u0105daj nasz\u0105 ofert\u0119 . Kup w najlepszej cenie ju\u017c dzi\u015b i ciesz si\u0119 przytuln\u0105 atmosfer\u0105.","robots":{"index":"index","follow":"follow","max-snippet":"max-snippet:-1","max-image-preview":"max-image-preview:large","max-video-preview":"max-video-preview:-1"},"canonical":"https:\/\/decolights.eu\/pl\/produkt-2\/lumiz-solar-lantern-battery-powered-module-with-remote-control\/","og_locale":"pl_PL","og_type":"article","og_title":"Lumiz solar lantern battery-powered module with remote control - Decolights.eu","og_description":"Buy Lumiz solar lantern battery-powered module with remote control for . Browse our range of . Buy for the best price today and enjoy cozy atmosphere.","og_url":"https:\/\/decolights.eu\/pl\/produkt-2\/lumiz-solar-lantern-battery-powered-module-with-remote-control\/","og_site_name":"Decolights.eu","article_modified_time":"2023-08-11T15:23:30+00:00","og_image":[{"width":985,"height":1200,"url":"https:\/\/decolights.eu\/wp-content\/uploads\/2023\/08\/eb230628-lumiz-module-ab07.jpg","type":"image\/jpeg"}],"twitter_card":"summary_large_image","twitter_misc":{"Szacowany czas czytania":"1 minuta"},"schema":{"@context":"https:\/\/schema.org","@graph":[{"@type":"WebPage","@id":"https:\/\/decolights.eu\/product\/lumiz-solar-lantern-battery-powered-module-with-remote-control\/","url":"https:\/\/decolights.eu\/product\/lumiz-solar-lantern-battery-powered-module-with-remote-control\/","name":"Modu\u0142 solarnej latarki Lumiz zasilany bateriami z pilotem - Decolights.eu","isPartOf":{"@id":"https:\/\/decolights.eu\/#website"},"primaryImageOfPage":{"@id":"https:\/\/decolights.eu\/product\/lumiz-solar-lantern-battery-powered-module-with-remote-control\/#primaryimage"},"image":{"@id":"https:\/\/decolights.eu\/product\/lumiz-solar-lantern-battery-powered-module-with-remote-control\/#primaryimage"},"thumbnailUrl":"https:\/\/decolights.eu\/wp-content\/uploads\/2023\/08\/eb230628-lumiz-module-ab07.jpg","datePublished":"2023-07-28T18:30:56+00:00","dateModified":"2023-08-11T15:23:30+00:00","description":"Kup modu\u0142 zasilany bateryjnie latarni\u0105 solarn\u0105 Lumiz z pilotem za . Przegl\u0105daj nasz\u0105 ofert\u0119 . Kup w najlepszej cenie ju\u017c dzi\u015b i ciesz si\u0119 przytuln\u0105 atmosfer\u0105.","breadcrumb":{"@id":"https:\/\/decolights.eu\/product\/lumiz-solar-lantern-battery-powered-module-with-remote-control\/#breadcrumb"},"inLanguage":"pl-PL","potentialAction":[{"@type":"ReadAction","target":["https:\/\/decolights.eu\/product\/lumiz-solar-lantern-battery-powered-module-with-remote-control\/"]}]},{"@type":"ImageObject","inLanguage":"pl-PL","@id":"https:\/\/decolights.eu\/product\/lumiz-solar-lantern-battery-powered-module-with-remote-control\/#primaryimage","url":"https:\/\/decolights.eu\/wp-content\/uploads\/2023\/08\/eb230628-lumiz-module-ab07.jpg","contentUrl":"https:\/\/decolights.eu\/wp-content\/uploads\/2023\/08\/eb230628-lumiz-module-ab07.jpg","width":985,"height":1200},{"@type":"BreadcrumbList","@id":"https:\/\/decolights.eu\/product\/lumiz-solar-lantern-battery-powered-module-with-remote-control\/#breadcrumb","itemListElement":[{"@type":"ListItem","position":1,"name":"Shop","item":"https:\/\/decolights.eu\/shop\/"},{"@type":"ListItem","position":2,"name":"Lumiz solar lantern battery-powered module with remote control"}]},{"@type":"WebSite","@id":"https:\/\/decolights.eu\/#website","url":"https:\/\/decolights.eu\/","name":"dekoracje","description":"Dekoracje LED do domu i ogrodu","publisher":{"@id":"https:\/\/decolights.eu\/#organization"},"alternateName":"decolights.eu","potentialAction":[{"@type":"SearchAction","target":{"@type":"EntryPoint","urlTemplate":"https:\/\/decolights.eu\/?s={search_term_string}"},"query-input":{"@type":"PropertyValueSpecification","valueRequired":true,"valueName":"search_term_string"}}],"inLanguage":"pl-PL"},{"@type":"Organization","@id":"https:\/\/decolights.eu\/#organization","name":"dekoracje","url":"https:\/\/decolights.eu\/","logo":{"@type":"ImageObject","inLanguage":"pl-PL","@id":"https:\/\/decolights.eu\/#\/schema\/logo\/image\/","url":"https:\/\/decolights.eu\/wp-content\/uploads\/2023\/07\/cropped-decolight-siteicon.png","contentUrl":"https:\/\/decolights.eu\/wp-content\/uploads\/2023\/07\/cropped-decolight-siteicon.png","width":512,"height":512,"caption":"decolights"},"image":{"@id":"https:\/\/decolights.eu\/#\/schema\/logo\/image\/"}}]}},"jetpack_sharing_enabled":true,"_links":{"self":[{"href":"https:\/\/decolights.eu\/pl\/wp-json\/wp\/v2\/product\/44526","targetHints":{"allow":["GET"]}}],"collection":[{"href":"https:\/\/decolights.eu\/pl\/wp-json\/wp\/v2\/product"}],"about":[{"href":"https:\/\/decolights.eu\/pl\/wp-json\/wp\/v2\/types\/product"}],"replies":[{"embeddable":true,"href":"https:\/\/decolights.eu\/pl\/wp-json\/wp\/v2\/comments?post=44526"}],"wp:featuredmedia":[{"embeddable":true,"href":"https:\/\/decolights.eu\/pl\/wp-json\/wp\/v2\/media\/44527"}],"wp:attachment":[{"href":"https:\/\/decolights.eu\/pl\/wp-json\/wp\/v2\/media?parent=44526"}],"wp:term":[{"taxonomy":"product_brand","embeddable":true,"href":"https:\/\/decolights.eu\/pl\/wp-json\/wp\/v2\/product_brand?post=44526"},{"taxonomy":"product_cat","embeddable":true,"href":"https:\/\/decolights.eu\/pl\/wp-json\/wp\/v2\/product_cat?post=44526"},{"taxonomy":"product_tag","embeddable":true,"href":"https:\/\/decolights.eu\/pl\/wp-json\/wp\/v2\/product_tag?post=44526"}],"curies":[{"name":"wp","href":"https:\/\/api.w.org\/{rel}","templated":true}]}}