{"id":44592,"date":"2023-07-29T13:39:45","date_gmt":"2023-07-29T13:39:45","guid":{"rendered":"https:\/\/decolights.eu\/?post_type=product&#038;p=44592"},"modified":"2023-08-11T15:00:09","modified_gmt":"2023-08-11T15:00:09","slug":"solar-latern-lumiz-balloon30-mandela-green","status":"publish","type":"product","link":"https:\/\/decolights.eu\/pl\/produkt-2\/solar-latern-lumiz-balloon30-mandela-green\/","title":{"rendered":"Solarny balon Lumiz 30 Mandela Green"},"content":{"rendered":"<p><strong>Rozmiar: \u00d8 30 cm x K 30 cm<\/strong><\/p>\n<p><strong>Kolor: Zielony<\/strong><\/p>\n<p><strong><img loading=\"lazy\" decoding=\"async\" src=\"https:\/\/lumiz.nl\/wp-content\/uploads\/2021\/04\/LUMIZ_PATRON_Mandela-119x300.jpg\" alt=\"LUMIZ_PATRON_Mandela\" width=\"82\" height=\"207\" \/>\u00a0<img loading=\"lazy\" decoding=\"async\" src=\"https:\/\/lumiz.nl\/wp-content\/uploads\/2022\/02\/groen-2.png\" width=\"160\" height=\"160\" \/><\/strong><\/p>\n<p><strong>Stw\u00f3rz magiczn\u0105 atmosfer\u0119 dzi\u0119ki latarniom s\u0142onecznym Lumiz.<\/strong><\/p>\n<p><strong>Idealny spos\u00f3b na stworzenie magicznej atmosfery w ka\u017cdym ogrodzie, podw\u00f3rku czy werandzie. Wyst\u0119puj\u0105 w szerokiej gamie pysznych kolor\u00f3w, kszta\u0142t\u00f3w i wzor\u00f3w. Pozw\u00f3l swojej kreatywno\u015bci p\u0142yn\u0105\u0107 \u2014 te latarnie mo\u017cna \u0142\u0105czy\u0107 i dopasowywa\u0107, aby stworzy\u0107 idealn\u0105 atmosfer\u0119.<\/strong><\/p>\n<p>Latarnie solarne Lumizi mo\u017cna u\u017cywa\u0107 na zewn\u0105trz przez ca\u0142y rok. Zawie\u015b je na s\u0142o\u0144cu, a latarnie zapewni\u0105 wieczorem magiczne \u015bwiat\u0142o.<\/p>\n<p><strong>Lumiz to ekologiczna latarnia LED<\/strong> wykonane z mocnego, odpornego na warunki atmosferyczne i nadaj\u0105cego si\u0119 do recyklingu materia\u0142u Tyvek 100%, opatentowanego materia\u0142u. Tyvek to materia\u0142 wysokiej jako\u015bci, co oznacza, \u017ce latarnie b\u0119d\u0105 trwa\u0142e.<\/p>\n<p><strong>Latarnia s\u0142oneczna to latarnia LED, kt\u00f3ra jest \u0142adowana przez ca\u0142y dzie\u0144 za pomoc\u0105 baterii s\u0142onecznych.<\/strong> Modu\u0142 baterii s\u0142onecznej w latarni wykonany jest w kolorze pasuj\u0105cym do Tyveku i zapewnia ciep\u0142\u0105 barw\u0119 \u015bwiat\u0142a LED. Aby latarnia \u015bwieci\u0142a jak najlepiej, Lumiz zdecydowa\u0142 si\u0119 opracowa\u0107 w\u0142asny modu\u0142 s\u0142oneczny. Modu\u0142 zawiera akumulatory AAA, kt\u00f3re optymalnie \u0142aduj\u0105 si\u0119 w \u015bwietle s\u0142onecznym.<\/p>\n<p><strong>W optymalnych warunkach s\u0142onecznych latarnia mo\u017ce \u015bwieci\u0107 przez 6-8 godzin. Intensywno\u015b\u0107 \u015bwiat\u0142a mo\u017ce si\u0119 zmniejszy\u0107 po 5-6 godzinach.<\/strong><\/p>\n<p><strong>Wskaz\u00f3wka dotycz\u0105ca \u0142adowania<\/strong>: powie\u015b latarni\u0119 w miejscu, w kt\u00f3rym s\u0142o\u0144ce mo\u017ce \u015bwieci\u0107 bezpo\u015brednio na panel s\u0142oneczny.<\/p>\n<p><strong>Konserwacja<\/strong>: czy\u015b\u0107 panel s\u0142oneczny mi\u0119kk\u0105, wilgotn\u0105 szmatk\u0105. Absorpcja energii s\u0142onecznej pozostanie w\u00f3wczas na maksymalnym poziomie. W razie potrzeby materia\u0142 Tyvek mo\u017cna przetrze\u0107 mi\u0119kk\u0105, wilgotn\u0105 szmatk\u0105.<\/p>\n<p>Je\u015bli chcesz schowa\u0107 latarni\u0119 na zim\u0119, mo\u017cna j\u0105 \u0142atwo z\u0142o\u017cy\u0107, dzi\u0119ki czemu jest ca\u0142kowicie p\u0142aska. Zalecamy wyj\u0119cie baterii z modu\u0142u solarnego. (Pozostawienie baterii w panelu s\u0142onecznym przez d\u0142u\u017cszy czas mo\u017ce spowodowa\u0107 wyciek i uszkodzenie element\u00f3w elektronicznych).<\/p>","protected":false},"excerpt":{"rendered":"<p>Size: \u00d8\u00a0 30 cm x K 30 cm Colour: Green \u00a0 Create a magical atmosphere with Lumiz solar lanterns. The perfect way to create a magical atmosphere in any garden, backyard or porch. They come in a wide variety of delicious colours, shapes and patterns. Let your creativity flow &#8211; these lanterns can be mixed [&#8230;]\n","protected":false},"featured_media":44593,"comment_status":"open","ping_status":"closed","template":"","meta":[],"product_brand":[],"product_cat":[381],"product_tag":[],"class_list":{"0":"post-44592","1":"product","2":"type-product","3":"status-publish","4":"has-post-thumbnail","6":"product_cat-lumiz","8":"first","9":"instock","10":"sale","11":"shipping-taxable","12":"purchasable","13":"product-type-simple"},"yoast_head":"<!-- This site is optimized with the Yoast SEO plugin v27.3 - https:\/\/yoast.com\/product\/yoast-seo-wordpress\/ -->\n<title>Solar Latern Lumiz Balloon30 Mandela Green - Decolights.eu<\/title>\n<meta name=\"description\" content=\"Buy Solar Latern Lumiz Balloon30 Mandela Green for . Browse our range of . Buy for the best price today and enjoy cozy atmosphere.\" \/>\n<meta name=\"robots\" content=\"index, follow, max-snippet:-1, max-image-preview:large, max-video-preview:-1\" \/>\n<link rel=\"canonical\" href=\"https:\/\/decolights.eu\/pl\/produkt-2\/solar-latern-lumiz-balloon30-mandela-green\/\" \/>\n<meta property=\"og:locale\" content=\"pl_PL\" \/>\n<meta property=\"og:type\" content=\"article\" \/>\n<meta property=\"og:title\" content=\"Solar Latern Lumiz Balloon30 Mandela Green - Decolights.eu\" \/>\n<meta property=\"og:description\" content=\"Buy Solar Latern Lumiz Balloon30 Mandela Green for . Browse our range of . Buy for the best price today and enjoy cozy atmosphere.\" \/>\n<meta property=\"og:url\" content=\"https:\/\/decolights.eu\/pl\/produkt-2\/solar-latern-lumiz-balloon30-mandela-green\/\" \/>\n<meta property=\"og:site_name\" content=\"Decolights.eu\" \/>\n<meta property=\"article:modified_time\" content=\"2023-08-11T15:00:09+00:00\" \/>\n<meta property=\"og:image\" content=\"https:\/\/decolights.eu\/wp-content\/uploads\/2023\/08\/12.-Balloon-30-Mandela-Groen.jpg\" \/>\n\t<meta property=\"og:image:width\" content=\"1172\" \/>\n\t<meta property=\"og:image:height\" content=\"1172\" \/>\n\t<meta property=\"og:image:type\" content=\"image\/jpeg\" \/>\n<meta name=\"twitter:card\" content=\"summary_large_image\" \/>\n<meta name=\"twitter:label1\" content=\"Szacowany czas czytania\" \/>\n\t<meta name=\"twitter:data1\" content=\"2 minuty\" \/>\n<script type=\"application\/ld+json\" class=\"yoast-schema-graph\">{\"@context\":\"https:\\\/\\\/schema.org\",\"@graph\":[{\"@type\":\"WebPage\",\"@id\":\"https:\\\/\\\/decolights.eu\\\/product\\\/solar-latern-lumiz-balloon30-mandela-green\\\/\",\"url\":\"https:\\\/\\\/decolights.eu\\\/product\\\/solar-latern-lumiz-balloon30-mandela-green\\\/\",\"name\":\"Solar Latern Lumiz Balloon30 Mandela Green - Decolights.eu\",\"isPartOf\":{\"@id\":\"https:\\\/\\\/decolights.eu\\\/#website\"},\"primaryImageOfPage\":{\"@id\":\"https:\\\/\\\/decolights.eu\\\/product\\\/solar-latern-lumiz-balloon30-mandela-green\\\/#primaryimage\"},\"image\":{\"@id\":\"https:\\\/\\\/decolights.eu\\\/product\\\/solar-latern-lumiz-balloon30-mandela-green\\\/#primaryimage\"},\"thumbnailUrl\":\"https:\\\/\\\/decolights.eu\\\/wp-content\\\/uploads\\\/2023\\\/08\\\/12.-Balloon-30-Mandela-Groen.jpg\",\"datePublished\":\"2023-07-29T13:39:45+00:00\",\"dateModified\":\"2023-08-11T15:00:09+00:00\",\"description\":\"Buy Solar Latern Lumiz Balloon30 Mandela Green for . Browse our range of . Buy for the best price today and enjoy cozy atmosphere.\",\"breadcrumb\":{\"@id\":\"https:\\\/\\\/decolights.eu\\\/product\\\/solar-latern-lumiz-balloon30-mandela-green\\\/#breadcrumb\"},\"inLanguage\":\"pl-PL\",\"potentialAction\":[{\"@type\":\"ReadAction\",\"target\":[\"https:\\\/\\\/decolights.eu\\\/product\\\/solar-latern-lumiz-balloon30-mandela-green\\\/\"]}]},{\"@type\":\"ImageObject\",\"inLanguage\":\"pl-PL\",\"@id\":\"https:\\\/\\\/decolights.eu\\\/product\\\/solar-latern-lumiz-balloon30-mandela-green\\\/#primaryimage\",\"url\":\"https:\\\/\\\/decolights.eu\\\/wp-content\\\/uploads\\\/2023\\\/08\\\/12.-Balloon-30-Mandela-Groen.jpg\",\"contentUrl\":\"https:\\\/\\\/decolights.eu\\\/wp-content\\\/uploads\\\/2023\\\/08\\\/12.-Balloon-30-Mandela-Groen.jpg\",\"width\":1172,\"height\":1172},{\"@type\":\"BreadcrumbList\",\"@id\":\"https:\\\/\\\/decolights.eu\\\/product\\\/solar-latern-lumiz-balloon30-mandela-green\\\/#breadcrumb\",\"itemListElement\":[{\"@type\":\"ListItem\",\"position\":1,\"name\":\"Shop\",\"item\":\"https:\\\/\\\/decolights.eu\\\/shop\\\/\"},{\"@type\":\"ListItem\",\"position\":2,\"name\":\"Solar Latern Lumiz Balloon30 Mandela Green\"}]},{\"@type\":\"WebSite\",\"@id\":\"https:\\\/\\\/decolights.eu\\\/#website\",\"url\":\"https:\\\/\\\/decolights.eu\\\/\",\"name\":\"decolights\",\"description\":\"Led Decorations for Home and Garden\",\"publisher\":{\"@id\":\"https:\\\/\\\/decolights.eu\\\/#organization\"},\"alternateName\":\"decolights.eu\",\"potentialAction\":[{\"@type\":\"SearchAction\",\"target\":{\"@type\":\"EntryPoint\",\"urlTemplate\":\"https:\\\/\\\/decolights.eu\\\/?s={search_term_string}\"},\"query-input\":{\"@type\":\"PropertyValueSpecification\",\"valueRequired\":true,\"valueName\":\"search_term_string\"}}],\"inLanguage\":\"pl-PL\"},{\"@type\":\"Organization\",\"@id\":\"https:\\\/\\\/decolights.eu\\\/#organization\",\"name\":\"decolights\",\"url\":\"https:\\\/\\\/decolights.eu\\\/\",\"logo\":{\"@type\":\"ImageObject\",\"inLanguage\":\"pl-PL\",\"@id\":\"https:\\\/\\\/decolights.eu\\\/#\\\/schema\\\/logo\\\/image\\\/\",\"url\":\"https:\\\/\\\/decolights.eu\\\/wp-content\\\/uploads\\\/2023\\\/07\\\/cropped-decolight-siteicon.png\",\"contentUrl\":\"https:\\\/\\\/decolights.eu\\\/wp-content\\\/uploads\\\/2023\\\/07\\\/cropped-decolight-siteicon.png\",\"width\":512,\"height\":512,\"caption\":\"decolights\"},\"image\":{\"@id\":\"https:\\\/\\\/decolights.eu\\\/#\\\/schema\\\/logo\\\/image\\\/\"}}]}<\/script>\n<!-- \/ Yoast SEO plugin. -->","yoast_head_json":{"title":"Solarny Lumiz Balloon30 Mandela Green - Decolights.eu","description":"Kup Solar Latern Lumiz Balloon30 Mandela Green za . Przegl\u0105daj nasz\u0105 ofert\u0119 . Kup w najlepszej cenie ju\u017c dzi\u015b i ciesz si\u0119 przytuln\u0105 atmosfer\u0105.","robots":{"index":"index","follow":"follow","max-snippet":"max-snippet:-1","max-image-preview":"max-image-preview:large","max-video-preview":"max-video-preview:-1"},"canonical":"https:\/\/decolights.eu\/pl\/produkt-2\/solar-latern-lumiz-balloon30-mandela-green\/","og_locale":"pl_PL","og_type":"article","og_title":"Solar Latern Lumiz Balloon30 Mandela Green - Decolights.eu","og_description":"Buy Solar Latern Lumiz Balloon30 Mandela Green for . Browse our range of . Buy for the best price today and enjoy cozy atmosphere.","og_url":"https:\/\/decolights.eu\/pl\/produkt-2\/solar-latern-lumiz-balloon30-mandela-green\/","og_site_name":"Decolights.eu","article_modified_time":"2023-08-11T15:00:09+00:00","og_image":[{"width":1172,"height":1172,"url":"https:\/\/decolights.eu\/wp-content\/uploads\/2023\/08\/12.-Balloon-30-Mandela-Groen.jpg","type":"image\/jpeg"}],"twitter_card":"summary_large_image","twitter_misc":{"Szacowany czas czytania":"2 minuty"},"schema":{"@context":"https:\/\/schema.org","@graph":[{"@type":"WebPage","@id":"https:\/\/decolights.eu\/product\/solar-latern-lumiz-balloon30-mandela-green\/","url":"https:\/\/decolights.eu\/product\/solar-latern-lumiz-balloon30-mandela-green\/","name":"Solarny Lumiz Balloon30 Mandela Green - Decolights.eu","isPartOf":{"@id":"https:\/\/decolights.eu\/#website"},"primaryImageOfPage":{"@id":"https:\/\/decolights.eu\/product\/solar-latern-lumiz-balloon30-mandela-green\/#primaryimage"},"image":{"@id":"https:\/\/decolights.eu\/product\/solar-latern-lumiz-balloon30-mandela-green\/#primaryimage"},"thumbnailUrl":"https:\/\/decolights.eu\/wp-content\/uploads\/2023\/08\/12.-Balloon-30-Mandela-Groen.jpg","datePublished":"2023-07-29T13:39:45+00:00","dateModified":"2023-08-11T15:00:09+00:00","description":"Kup Solar Latern Lumiz Balloon30 Mandela Green za . Przegl\u0105daj nasz\u0105 ofert\u0119 . Kup w najlepszej cenie ju\u017c dzi\u015b i ciesz si\u0119 przytuln\u0105 atmosfer\u0105.","breadcrumb":{"@id":"https:\/\/decolights.eu\/product\/solar-latern-lumiz-balloon30-mandela-green\/#breadcrumb"},"inLanguage":"pl-PL","potentialAction":[{"@type":"ReadAction","target":["https:\/\/decolights.eu\/product\/solar-latern-lumiz-balloon30-mandela-green\/"]}]},{"@type":"ImageObject","inLanguage":"pl-PL","@id":"https:\/\/decolights.eu\/product\/solar-latern-lumiz-balloon30-mandela-green\/#primaryimage","url":"https:\/\/decolights.eu\/wp-content\/uploads\/2023\/08\/12.-Balloon-30-Mandela-Groen.jpg","contentUrl":"https:\/\/decolights.eu\/wp-content\/uploads\/2023\/08\/12.-Balloon-30-Mandela-Groen.jpg","width":1172,"height":1172},{"@type":"BreadcrumbList","@id":"https:\/\/decolights.eu\/product\/solar-latern-lumiz-balloon30-mandela-green\/#breadcrumb","itemListElement":[{"@type":"ListItem","position":1,"name":"Shop","item":"https:\/\/decolights.eu\/shop\/"},{"@type":"ListItem","position":2,"name":"Solar Latern Lumiz Balloon30 Mandela Green"}]},{"@type":"WebSite","@id":"https:\/\/decolights.eu\/#website","url":"https:\/\/decolights.eu\/","name":"dekoracje","description":"Dekoracje LED do domu i ogrodu","publisher":{"@id":"https:\/\/decolights.eu\/#organization"},"alternateName":"decolights.eu","potentialAction":[{"@type":"SearchAction","target":{"@type":"EntryPoint","urlTemplate":"https:\/\/decolights.eu\/?s={search_term_string}"},"query-input":{"@type":"PropertyValueSpecification","valueRequired":true,"valueName":"search_term_string"}}],"inLanguage":"pl-PL"},{"@type":"Organization","@id":"https:\/\/decolights.eu\/#organization","name":"dekoracje","url":"https:\/\/decolights.eu\/","logo":{"@type":"ImageObject","inLanguage":"pl-PL","@id":"https:\/\/decolights.eu\/#\/schema\/logo\/image\/","url":"https:\/\/decolights.eu\/wp-content\/uploads\/2023\/07\/cropped-decolight-siteicon.png","contentUrl":"https:\/\/decolights.eu\/wp-content\/uploads\/2023\/07\/cropped-decolight-siteicon.png","width":512,"height":512,"caption":"decolights"},"image":{"@id":"https:\/\/decolights.eu\/#\/schema\/logo\/image\/"}}]}},"jetpack_sharing_enabled":true,"_links":{"self":[{"href":"https:\/\/decolights.eu\/pl\/wp-json\/wp\/v2\/product\/44592","targetHints":{"allow":["GET"]}}],"collection":[{"href":"https:\/\/decolights.eu\/pl\/wp-json\/wp\/v2\/product"}],"about":[{"href":"https:\/\/decolights.eu\/pl\/wp-json\/wp\/v2\/types\/product"}],"replies":[{"embeddable":true,"href":"https:\/\/decolights.eu\/pl\/wp-json\/wp\/v2\/comments?post=44592"}],"wp:featuredmedia":[{"embeddable":true,"href":"https:\/\/decolights.eu\/pl\/wp-json\/wp\/v2\/media\/44593"}],"wp:attachment":[{"href":"https:\/\/decolights.eu\/pl\/wp-json\/wp\/v2\/media?parent=44592"}],"wp:term":[{"taxonomy":"product_brand","embeddable":true,"href":"https:\/\/decolights.eu\/pl\/wp-json\/wp\/v2\/product_brand?post=44592"},{"taxonomy":"product_cat","embeddable":true,"href":"https:\/\/decolights.eu\/pl\/wp-json\/wp\/v2\/product_cat?post=44592"},{"taxonomy":"product_tag","embeddable":true,"href":"https:\/\/decolights.eu\/pl\/wp-json\/wp\/v2\/product_tag?post=44592"}],"curies":[{"name":"wp","href":"https:\/\/api.w.org\/{rel}","templated":true}]}}