{"id":4503,"date":"2023-04-01T04:20:59","date_gmt":"2023-04-01T04:20:59","guid":{"rendered":"https:\/\/decolights.eu\/?post_type=product&#038;p=4503"},"modified":"2023-05-03T22:46:14","modified_gmt":"2023-05-03T22:46:14","slug":"led-rope-light-10m-cold-white","status":"publish","type":"product","link":"https:\/\/decolights.eu\/pl\/produkt-2\/led-rope-light-10m-cold-white\/","title":{"rendered":"Lina \u015bwietlna LED 10M bia\u0142a zimna"},"content":{"rendered":"<ul>\n<li><strong>Kolor diody:\u00a0<\/strong>zimna biel<\/li>\n<li><strong>Kolor drutu: <\/strong>Czarny<\/li>\n<li><strong>D\u0142ugo\u015b\u0107 ca\u0142kowita (\u0142\u0105cznie z przewodem zasilaj\u0105cym):<\/strong> 10 mln<\/li>\n<li><strong>Pilot:\u00a0<\/strong>NIE<\/li>\n<li><strong>Funkcje:\u00a0<\/strong>Tak (8 r\u00f3\u017cnych migaj\u0105cych i sta\u0142ych funkcji)<\/li>\n<li><b>Klasa IP:\u00a0<\/b>IP44<\/li>\n<li><strong>Mo\u017cliwo\u015b\u0107 pod\u0142\u0105czenia:\u00a0<\/strong>NIE<\/li>\n<li><strong>\u0179r\u00f3d\u0142o pr\u0105du:\u00a0<\/strong>pod\u0142\u0105cz<\/li>\n<li><strong>Certyfikat CE:\u00a0<\/strong>Tak<\/li>\n<li>230 V, 50 Hz maks. 19,6 W<\/li>\n<\/ul>\n<div style=\"width: 1020px;\" class=\"wp-video\"><video class=\"wp-video-shortcode\" id=\"video-4503-1\" width=\"1020\" height=\"574\" preload=\"metadata\" controls=\"controls\"><source type=\"video\/mp4\" src=\"https:\/\/www.joulutuled.ee\/wp-content\/uploads\/2018\/10\/IMG_5075.mp4?_=1\" \/><a href=\"https:\/\/www.joulutuled.ee\/wp-content\/uploads\/2018\/10\/IMG_5075.mp4\">https:\/\/www.joulutuled.ee\/wp-content\/uploads\/2018\/10\/IMG_5075.mp4<\/a><\/video><\/div>\n<p>&nbsp;<\/p>","protected":false},"excerpt":{"rendered":"<p>LED Colour:\u00a0cold white Wire colour: Black Total length (including power lead cable): 10M Remote control:\u00a0No Functions:\u00a0Yes (8 different flashing and steady on functions) IP Rating:\u00a0IP44 Connectable:\u00a0No Power source:\u00a0plug in CE Certificate:\u00a0Yes 230V, 50Hz max 19.6W &nbsp;<\/p>","protected":false},"featured_media":7063,"comment_status":"open","ping_status":"closed","template":"","meta":[],"product_brand":[],"product_cat":[238,226],"product_tag":[],"class_list":{"0":"post-4503","1":"product","2":"type-product","3":"status-publish","4":"has-post-thumbnail","6":"product_cat-led-rope-lights-outdoor-lights","7":"product_cat-outdoor-lights","8":"pa_brand-deco","9":"pa_led-colour-cold-white","11":"first","12":"instock","13":"sale","14":"shipping-taxable","15":"purchasable","16":"product-type-simple"},"yoast_head":"<!-- This site is optimized with the Yoast SEO plugin v27.3 - https:\/\/yoast.com\/product\/yoast-seo-wordpress\/ -->\n<title>LED rope light 10M cold white - Best price - Decolights.eu<\/title>\n<meta name=\"description\" content=\"LED rope lights are traditional festive decoration and are perfect for decorating plants, stairs or house. Buy now for the best price!\" \/>\n<meta name=\"robots\" content=\"index, follow, max-snippet:-1, max-image-preview:large, max-video-preview:-1\" \/>\n<link rel=\"canonical\" href=\"https:\/\/decolights.eu\/pl\/produkt-2\/led-rope-light-10m-cold-white\/\" \/>\n<meta property=\"og:locale\" content=\"pl_PL\" \/>\n<meta property=\"og:type\" content=\"article\" \/>\n<meta property=\"og:title\" content=\"LED rope light 10M cold white - Best price - Decolights.eu\" \/>\n<meta property=\"og:description\" content=\"LED rope lights are traditional festive decoration and are perfect for decorating plants, stairs or house. Buy now for the best price!\" \/>\n<meta property=\"og:url\" content=\"https:\/\/decolights.eu\/pl\/produkt-2\/led-rope-light-10m-cold-white\/\" \/>\n<meta property=\"og:site_name\" content=\"Decolights.eu\" \/>\n<meta property=\"article:modified_time\" content=\"2023-05-03T22:46:14+00:00\" \/>\n<meta property=\"og:image\" content=\"https:\/\/decolights.eu\/wp-content\/uploads\/2023\/04\/voolik-valge-copy.jpg\" \/>\n\t<meta property=\"og:image:width\" content=\"1000\" \/>\n\t<meta property=\"og:image:height\" content=\"1000\" \/>\n\t<meta property=\"og:image:type\" content=\"image\/jpeg\" \/>\n<meta name=\"twitter:card\" content=\"summary_large_image\" \/>\n<meta name=\"twitter:label1\" content=\"Szacowany czas czytania\" \/>\n\t<meta name=\"twitter:data1\" content=\"1 minuta\" \/>\n<script type=\"application\/ld+json\" class=\"yoast-schema-graph\">{\"@context\":\"https:\\\/\\\/schema.org\",\"@graph\":[{\"@type\":\"WebPage\",\"@id\":\"https:\\\/\\\/decolights.eu\\\/product\\\/led-rope-light-10m-cold-white\\\/\",\"url\":\"https:\\\/\\\/decolights.eu\\\/product\\\/led-rope-light-10m-cold-white\\\/\",\"name\":\"LED rope light 10M cold white - Best price - Decolights.eu\",\"isPartOf\":{\"@id\":\"https:\\\/\\\/decolights.eu\\\/#website\"},\"primaryImageOfPage\":{\"@id\":\"https:\\\/\\\/decolights.eu\\\/product\\\/led-rope-light-10m-cold-white\\\/#primaryimage\"},\"image\":{\"@id\":\"https:\\\/\\\/decolights.eu\\\/product\\\/led-rope-light-10m-cold-white\\\/#primaryimage\"},\"thumbnailUrl\":\"https:\\\/\\\/decolights.eu\\\/wp-content\\\/uploads\\\/2023\\\/04\\\/voolik-valge-copy.jpg\",\"datePublished\":\"2023-04-01T04:20:59+00:00\",\"dateModified\":\"2023-05-03T22:46:14+00:00\",\"description\":\"LED rope lights are traditional festive decoration and are perfect for decorating plants, stairs or house. Buy now for the best price!\",\"breadcrumb\":{\"@id\":\"https:\\\/\\\/decolights.eu\\\/product\\\/led-rope-light-10m-cold-white\\\/#breadcrumb\"},\"inLanguage\":\"pl-PL\",\"potentialAction\":[{\"@type\":\"ReadAction\",\"target\":[\"https:\\\/\\\/decolights.eu\\\/product\\\/led-rope-light-10m-cold-white\\\/\"]}]},{\"@type\":\"ImageObject\",\"inLanguage\":\"pl-PL\",\"@id\":\"https:\\\/\\\/decolights.eu\\\/product\\\/led-rope-light-10m-cold-white\\\/#primaryimage\",\"url\":\"https:\\\/\\\/decolights.eu\\\/wp-content\\\/uploads\\\/2023\\\/04\\\/voolik-valge-copy.jpg\",\"contentUrl\":\"https:\\\/\\\/decolights.eu\\\/wp-content\\\/uploads\\\/2023\\\/04\\\/voolik-valge-copy.jpg\",\"width\":1000,\"height\":1000,\"caption\":\"LED rope light cold white\"},{\"@type\":\"BreadcrumbList\",\"@id\":\"https:\\\/\\\/decolights.eu\\\/product\\\/led-rope-light-10m-cold-white\\\/#breadcrumb\",\"itemListElement\":[{\"@type\":\"ListItem\",\"position\":1,\"name\":\"Shop\",\"item\":\"https:\\\/\\\/decolights.eu\\\/shop\\\/\"},{\"@type\":\"ListItem\",\"position\":2,\"name\":\"LED rope light 10M cold white\"}]},{\"@type\":\"WebSite\",\"@id\":\"https:\\\/\\\/decolights.eu\\\/#website\",\"url\":\"https:\\\/\\\/decolights.eu\\\/\",\"name\":\"decolights\",\"description\":\"Led Decorations for Home and Garden\",\"publisher\":{\"@id\":\"https:\\\/\\\/decolights.eu\\\/#organization\"},\"alternateName\":\"decolights.eu\",\"potentialAction\":[{\"@type\":\"SearchAction\",\"target\":{\"@type\":\"EntryPoint\",\"urlTemplate\":\"https:\\\/\\\/decolights.eu\\\/?s={search_term_string}\"},\"query-input\":{\"@type\":\"PropertyValueSpecification\",\"valueRequired\":true,\"valueName\":\"search_term_string\"}}],\"inLanguage\":\"pl-PL\"},{\"@type\":\"Organization\",\"@id\":\"https:\\\/\\\/decolights.eu\\\/#organization\",\"name\":\"decolights\",\"url\":\"https:\\\/\\\/decolights.eu\\\/\",\"logo\":{\"@type\":\"ImageObject\",\"inLanguage\":\"pl-PL\",\"@id\":\"https:\\\/\\\/decolights.eu\\\/#\\\/schema\\\/logo\\\/image\\\/\",\"url\":\"https:\\\/\\\/decolights.eu\\\/wp-content\\\/uploads\\\/2023\\\/07\\\/cropped-decolight-siteicon.png\",\"contentUrl\":\"https:\\\/\\\/decolights.eu\\\/wp-content\\\/uploads\\\/2023\\\/07\\\/cropped-decolight-siteicon.png\",\"width\":512,\"height\":512,\"caption\":\"decolights\"},\"image\":{\"@id\":\"https:\\\/\\\/decolights.eu\\\/#\\\/schema\\\/logo\\\/image\\\/\"}}]}<\/script>\n<!-- \/ Yoast SEO plugin. -->","yoast_head_json":{"title":"Lina \u015bwietlna LED 10M bia\u0142a zimna - Najlepsza cena - Decolights.eu","description":"Liny \u015bwietlne LED s\u0105 tradycyjn\u0105 dekoracj\u0105 \u015bwi\u0105teczn\u0105 i doskonale nadaj\u0105 si\u0119 do dekoracji ro\u015blin, schod\u00f3w czy domu. Kup teraz w najlepszej cenie!","robots":{"index":"index","follow":"follow","max-snippet":"max-snippet:-1","max-image-preview":"max-image-preview:large","max-video-preview":"max-video-preview:-1"},"canonical":"https:\/\/decolights.eu\/pl\/produkt-2\/led-rope-light-10m-cold-white\/","og_locale":"pl_PL","og_type":"article","og_title":"LED rope light 10M cold white - Best price - Decolights.eu","og_description":"LED rope lights are traditional festive decoration and are perfect for decorating plants, stairs or house. Buy now for the best price!","og_url":"https:\/\/decolights.eu\/pl\/produkt-2\/led-rope-light-10m-cold-white\/","og_site_name":"Decolights.eu","article_modified_time":"2023-05-03T22:46:14+00:00","og_image":[{"width":1000,"height":1000,"url":"https:\/\/decolights.eu\/wp-content\/uploads\/2023\/04\/voolik-valge-copy.jpg","type":"image\/jpeg"}],"twitter_card":"summary_large_image","twitter_misc":{"Szacowany czas czytania":"1 minuta"},"schema":{"@context":"https:\/\/schema.org","@graph":[{"@type":"WebPage","@id":"https:\/\/decolights.eu\/product\/led-rope-light-10m-cold-white\/","url":"https:\/\/decolights.eu\/product\/led-rope-light-10m-cold-white\/","name":"Lina \u015bwietlna LED 10M bia\u0142a zimna - Najlepsza cena - Decolights.eu","isPartOf":{"@id":"https:\/\/decolights.eu\/#website"},"primaryImageOfPage":{"@id":"https:\/\/decolights.eu\/product\/led-rope-light-10m-cold-white\/#primaryimage"},"image":{"@id":"https:\/\/decolights.eu\/product\/led-rope-light-10m-cold-white\/#primaryimage"},"thumbnailUrl":"https:\/\/decolights.eu\/wp-content\/uploads\/2023\/04\/voolik-valge-copy.jpg","datePublished":"2023-04-01T04:20:59+00:00","dateModified":"2023-05-03T22:46:14+00:00","description":"Liny \u015bwietlne LED s\u0105 tradycyjn\u0105 dekoracj\u0105 \u015bwi\u0105teczn\u0105 i doskonale nadaj\u0105 si\u0119 do dekoracji ro\u015blin, schod\u00f3w czy domu. Kup teraz w najlepszej cenie!","breadcrumb":{"@id":"https:\/\/decolights.eu\/product\/led-rope-light-10m-cold-white\/#breadcrumb"},"inLanguage":"pl-PL","potentialAction":[{"@type":"ReadAction","target":["https:\/\/decolights.eu\/product\/led-rope-light-10m-cold-white\/"]}]},{"@type":"ImageObject","inLanguage":"pl-PL","@id":"https:\/\/decolights.eu\/product\/led-rope-light-10m-cold-white\/#primaryimage","url":"https:\/\/decolights.eu\/wp-content\/uploads\/2023\/04\/voolik-valge-copy.jpg","contentUrl":"https:\/\/decolights.eu\/wp-content\/uploads\/2023\/04\/voolik-valge-copy.jpg","width":1000,"height":1000,"caption":"LED rope light cold white"},{"@type":"BreadcrumbList","@id":"https:\/\/decolights.eu\/product\/led-rope-light-10m-cold-white\/#breadcrumb","itemListElement":[{"@type":"ListItem","position":1,"name":"Shop","item":"https:\/\/decolights.eu\/shop\/"},{"@type":"ListItem","position":2,"name":"LED rope light 10M cold white"}]},{"@type":"WebSite","@id":"https:\/\/decolights.eu\/#website","url":"https:\/\/decolights.eu\/","name":"dekoracje","description":"Dekoracje LED do domu i ogrodu","publisher":{"@id":"https:\/\/decolights.eu\/#organization"},"alternateName":"decolights.eu","potentialAction":[{"@type":"SearchAction","target":{"@type":"EntryPoint","urlTemplate":"https:\/\/decolights.eu\/?s={search_term_string}"},"query-input":{"@type":"PropertyValueSpecification","valueRequired":true,"valueName":"search_term_string"}}],"inLanguage":"pl-PL"},{"@type":"Organization","@id":"https:\/\/decolights.eu\/#organization","name":"dekoracje","url":"https:\/\/decolights.eu\/","logo":{"@type":"ImageObject","inLanguage":"pl-PL","@id":"https:\/\/decolights.eu\/#\/schema\/logo\/image\/","url":"https:\/\/decolights.eu\/wp-content\/uploads\/2023\/07\/cropped-decolight-siteicon.png","contentUrl":"https:\/\/decolights.eu\/wp-content\/uploads\/2023\/07\/cropped-decolight-siteicon.png","width":512,"height":512,"caption":"decolights"},"image":{"@id":"https:\/\/decolights.eu\/#\/schema\/logo\/image\/"}}]}},"jetpack_sharing_enabled":true,"_links":{"self":[{"href":"https:\/\/decolights.eu\/pl\/wp-json\/wp\/v2\/product\/4503","targetHints":{"allow":["GET"]}}],"collection":[{"href":"https:\/\/decolights.eu\/pl\/wp-json\/wp\/v2\/product"}],"about":[{"href":"https:\/\/decolights.eu\/pl\/wp-json\/wp\/v2\/types\/product"}],"replies":[{"embeddable":true,"href":"https:\/\/decolights.eu\/pl\/wp-json\/wp\/v2\/comments?post=4503"}],"wp:featuredmedia":[{"embeddable":true,"href":"https:\/\/decolights.eu\/pl\/wp-json\/wp\/v2\/media\/7063"}],"wp:attachment":[{"href":"https:\/\/decolights.eu\/pl\/wp-json\/wp\/v2\/media?parent=4503"}],"wp:term":[{"taxonomy":"product_brand","embeddable":true,"href":"https:\/\/decolights.eu\/pl\/wp-json\/wp\/v2\/product_brand?post=4503"},{"taxonomy":"product_cat","embeddable":true,"href":"https:\/\/decolights.eu\/pl\/wp-json\/wp\/v2\/product_cat?post=4503"},{"taxonomy":"product_tag","embeddable":true,"href":"https:\/\/decolights.eu\/pl\/wp-json\/wp\/v2\/product_tag?post=4503"}],"curies":[{"name":"wp","href":"https:\/\/api.w.org\/{rel}","templated":true}]}}