{"id":4664,"date":"2023-04-01T04:22:13","date_gmt":"2023-04-01T04:22:13","guid":{"rendered":"https:\/\/decolights.eu\/?post_type=product&#038;p=4664"},"modified":"2023-05-02T01:08:41","modified_gmt":"2023-05-02T01:08:41","slug":"led-bulb-1w-g45-e27-red","status":"publish","type":"product","link":"https:\/\/decolights.eu\/pl\/produkt-2\/led-bulb-1w-g45-e27-red\/","title":{"rendered":"\u017bar\u00f3wka LED 1W G45 E27 czerwona"},"content":{"rendered":"<ul>\n<li><strong>\u017bar\u00f3wka: <\/strong>1W E27<\/li>\n<li><strong>typ diody: <\/strong>SMD2835<\/li>\n<li><strong>Kolor diody: <\/strong>czerwony<\/li>\n<li><strong>Rozmiar: <\/strong>70x45mm<\/li>\n<li><strong>Moc \u015bwiat\u0142a: <\/strong>110 lm<\/li>\n<li><strong>Do\u017cywotni: <\/strong>25000 godz<\/li>\n<li>Odporny na warunki atmosferyczne i mr\u00f3z<\/li>\n<li>Oszcz\u0119dno\u015b\u0107 energii elektrycznej<\/li>\n<li>230V AC\/ 50Hz<\/li>\n<\/ul>","protected":false},"excerpt":{"rendered":"<p>Bulb: 1W E27 LED type: SMD 2835 LED Colour: red Size: 70x45mm Light output: 110lm Lifetime: 25000h Weather and frost-proof Electricity-saving 230V AC\/ 50Hz<\/p>","protected":false},"featured_media":4731,"comment_status":"open","ping_status":"closed","template":"","meta":[],"product_brand":[],"product_cat":[229,226],"product_tag":[],"class_list":{"0":"post-4664","1":"product","2":"type-product","3":"status-publish","4":"has-post-thumbnail","6":"product_cat-bulbs","7":"product_cat-outdoor-lights","8":"pa_brand-deco","9":"pa_led-colour-multi-coloured","10":"pa_led-colour-red","12":"first","13":"instock","14":"sale","15":"shipping-taxable","16":"purchasable","17":"product-type-simple"},"yoast_head":"<!-- This site is optimized with the Yoast SEO plugin v27.3 - https:\/\/yoast.com\/product\/yoast-seo-wordpress\/ -->\n<title>LED Bulb 1W G45 E27 red - Best price - Decolights.eu<\/title>\n<meta name=\"description\" content=\"LED Bulb 1W G45 E27 red will suit perfectly our festoon lights. Choose your favourite bulb and add to light chain. Get them now for best price!\" \/>\n<meta name=\"robots\" content=\"index, follow, max-snippet:-1, max-image-preview:large, max-video-preview:-1\" \/>\n<link rel=\"canonical\" href=\"https:\/\/decolights.eu\/pl\/produkt-2\/led-bulb-1w-g45-e27-red\/\" \/>\n<meta property=\"og:locale\" content=\"pl_PL\" \/>\n<meta property=\"og:type\" content=\"article\" \/>\n<meta property=\"og:title\" content=\"LED Bulb 1W G45 E27 red - Best price - Decolights.eu\" \/>\n<meta property=\"og:description\" content=\"LED Bulb 1W G45 E27 red will suit perfectly our festoon lights. Choose your favourite bulb and add to light chain. Get them now for best price!\" \/>\n<meta property=\"og:url\" content=\"https:\/\/decolights.eu\/pl\/produkt-2\/led-bulb-1w-g45-e27-red\/\" \/>\n<meta property=\"og:site_name\" content=\"Decolights.eu\" \/>\n<meta property=\"article:modified_time\" content=\"2023-05-02T01:08:41+00:00\" \/>\n<meta property=\"og:image\" content=\"https:\/\/decolights.eu\/wp-content\/uploads\/2023\/04\/reb-bulb-G45.jpg\" \/>\n\t<meta property=\"og:image:width\" content=\"600\" \/>\n\t<meta property=\"og:image:height\" content=\"600\" \/>\n\t<meta property=\"og:image:type\" content=\"image\/jpeg\" \/>\n<meta name=\"twitter:card\" content=\"summary_large_image\" \/>\n<meta name=\"twitter:label1\" content=\"Szacowany czas czytania\" \/>\n\t<meta name=\"twitter:data1\" content=\"1 minuta\" \/>\n<script type=\"application\/ld+json\" class=\"yoast-schema-graph\">{\"@context\":\"https:\\\/\\\/schema.org\",\"@graph\":[{\"@type\":\"WebPage\",\"@id\":\"https:\\\/\\\/decolights.eu\\\/product\\\/led-bulb-1w-g45-e27-red\\\/\",\"url\":\"https:\\\/\\\/decolights.eu\\\/product\\\/led-bulb-1w-g45-e27-red\\\/\",\"name\":\"LED Bulb 1W G45 E27 red - Best price - Decolights.eu\",\"isPartOf\":{\"@id\":\"https:\\\/\\\/decolights.eu\\\/#website\"},\"primaryImageOfPage\":{\"@id\":\"https:\\\/\\\/decolights.eu\\\/product\\\/led-bulb-1w-g45-e27-red\\\/#primaryimage\"},\"image\":{\"@id\":\"https:\\\/\\\/decolights.eu\\\/product\\\/led-bulb-1w-g45-e27-red\\\/#primaryimage\"},\"thumbnailUrl\":\"https:\\\/\\\/decolights.eu\\\/wp-content\\\/uploads\\\/2023\\\/04\\\/reb-bulb-G45.jpg\",\"datePublished\":\"2023-04-01T04:22:13+00:00\",\"dateModified\":\"2023-05-02T01:08:41+00:00\",\"description\":\"LED Bulb 1W G45 E27 red will suit perfectly our festoon lights. Choose your favourite bulb and add to light chain. Get them now for best price!\",\"breadcrumb\":{\"@id\":\"https:\\\/\\\/decolights.eu\\\/product\\\/led-bulb-1w-g45-e27-red\\\/#breadcrumb\"},\"inLanguage\":\"pl-PL\",\"potentialAction\":[{\"@type\":\"ReadAction\",\"target\":[\"https:\\\/\\\/decolights.eu\\\/product\\\/led-bulb-1w-g45-e27-red\\\/\"]}]},{\"@type\":\"ImageObject\",\"inLanguage\":\"pl-PL\",\"@id\":\"https:\\\/\\\/decolights.eu\\\/product\\\/led-bulb-1w-g45-e27-red\\\/#primaryimage\",\"url\":\"https:\\\/\\\/decolights.eu\\\/wp-content\\\/uploads\\\/2023\\\/04\\\/reb-bulb-G45.jpg\",\"contentUrl\":\"https:\\\/\\\/decolights.eu\\\/wp-content\\\/uploads\\\/2023\\\/04\\\/reb-bulb-G45.jpg\",\"width\":600,\"height\":600},{\"@type\":\"BreadcrumbList\",\"@id\":\"https:\\\/\\\/decolights.eu\\\/product\\\/led-bulb-1w-g45-e27-red\\\/#breadcrumb\",\"itemListElement\":[{\"@type\":\"ListItem\",\"position\":1,\"name\":\"Shop\",\"item\":\"https:\\\/\\\/decolights.eu\\\/shop\\\/\"},{\"@type\":\"ListItem\",\"position\":2,\"name\":\"LED Bulb 1W G45 E27 red\"}]},{\"@type\":\"WebSite\",\"@id\":\"https:\\\/\\\/decolights.eu\\\/#website\",\"url\":\"https:\\\/\\\/decolights.eu\\\/\",\"name\":\"decolights\",\"description\":\"Led Decorations for Home and Garden\",\"publisher\":{\"@id\":\"https:\\\/\\\/decolights.eu\\\/#organization\"},\"alternateName\":\"decolights.eu\",\"potentialAction\":[{\"@type\":\"SearchAction\",\"target\":{\"@type\":\"EntryPoint\",\"urlTemplate\":\"https:\\\/\\\/decolights.eu\\\/?s={search_term_string}\"},\"query-input\":{\"@type\":\"PropertyValueSpecification\",\"valueRequired\":true,\"valueName\":\"search_term_string\"}}],\"inLanguage\":\"pl-PL\"},{\"@type\":\"Organization\",\"@id\":\"https:\\\/\\\/decolights.eu\\\/#organization\",\"name\":\"decolights\",\"url\":\"https:\\\/\\\/decolights.eu\\\/\",\"logo\":{\"@type\":\"ImageObject\",\"inLanguage\":\"pl-PL\",\"@id\":\"https:\\\/\\\/decolights.eu\\\/#\\\/schema\\\/logo\\\/image\\\/\",\"url\":\"https:\\\/\\\/decolights.eu\\\/wp-content\\\/uploads\\\/2023\\\/07\\\/cropped-decolight-siteicon.png\",\"contentUrl\":\"https:\\\/\\\/decolights.eu\\\/wp-content\\\/uploads\\\/2023\\\/07\\\/cropped-decolight-siteicon.png\",\"width\":512,\"height\":512,\"caption\":\"decolights\"},\"image\":{\"@id\":\"https:\\\/\\\/decolights.eu\\\/#\\\/schema\\\/logo\\\/image\\\/\"}}]}<\/script>\n<!-- \/ Yoast SEO plugin. -->","yoast_head_json":{"title":"\u017bar\u00f3wka LED 1W G45 E27 czerwona - Najlepsza cena - Decolights.eu","description":"\u017bar\u00f3wka LED 1W G45 E27 czerwona idealnie b\u0119dzie pasowa\u0107 do naszych girland. Wybierz swoj\u0105 ulubion\u0105 \u017car\u00f3wk\u0119 i dodaj do \u0142a\u0144cucha \u015bwietlnego. Zdob\u0105d\u017a je teraz w najlepszej cenie!","robots":{"index":"index","follow":"follow","max-snippet":"max-snippet:-1","max-image-preview":"max-image-preview:large","max-video-preview":"max-video-preview:-1"},"canonical":"https:\/\/decolights.eu\/pl\/produkt-2\/led-bulb-1w-g45-e27-red\/","og_locale":"pl_PL","og_type":"article","og_title":"LED Bulb 1W G45 E27 red - Best price - Decolights.eu","og_description":"LED Bulb 1W G45 E27 red will suit perfectly our festoon lights. Choose your favourite bulb and add to light chain. Get them now for best price!","og_url":"https:\/\/decolights.eu\/pl\/produkt-2\/led-bulb-1w-g45-e27-red\/","og_site_name":"Decolights.eu","article_modified_time":"2023-05-02T01:08:41+00:00","og_image":[{"width":600,"height":600,"url":"https:\/\/decolights.eu\/wp-content\/uploads\/2023\/04\/reb-bulb-G45.jpg","type":"image\/jpeg"}],"twitter_card":"summary_large_image","twitter_misc":{"Szacowany czas czytania":"1 minuta"},"schema":{"@context":"https:\/\/schema.org","@graph":[{"@type":"WebPage","@id":"https:\/\/decolights.eu\/product\/led-bulb-1w-g45-e27-red\/","url":"https:\/\/decolights.eu\/product\/led-bulb-1w-g45-e27-red\/","name":"\u017bar\u00f3wka LED 1W G45 E27 czerwona - Najlepsza cena - Decolights.eu","isPartOf":{"@id":"https:\/\/decolights.eu\/#website"},"primaryImageOfPage":{"@id":"https:\/\/decolights.eu\/product\/led-bulb-1w-g45-e27-red\/#primaryimage"},"image":{"@id":"https:\/\/decolights.eu\/product\/led-bulb-1w-g45-e27-red\/#primaryimage"},"thumbnailUrl":"https:\/\/decolights.eu\/wp-content\/uploads\/2023\/04\/reb-bulb-G45.jpg","datePublished":"2023-04-01T04:22:13+00:00","dateModified":"2023-05-02T01:08:41+00:00","description":"\u017bar\u00f3wka LED 1W G45 E27 czerwona idealnie b\u0119dzie pasowa\u0107 do naszych girland. Wybierz swoj\u0105 ulubion\u0105 \u017car\u00f3wk\u0119 i dodaj do \u0142a\u0144cucha \u015bwietlnego. Zdob\u0105d\u017a je teraz w najlepszej cenie!","breadcrumb":{"@id":"https:\/\/decolights.eu\/product\/led-bulb-1w-g45-e27-red\/#breadcrumb"},"inLanguage":"pl-PL","potentialAction":[{"@type":"ReadAction","target":["https:\/\/decolights.eu\/product\/led-bulb-1w-g45-e27-red\/"]}]},{"@type":"ImageObject","inLanguage":"pl-PL","@id":"https:\/\/decolights.eu\/product\/led-bulb-1w-g45-e27-red\/#primaryimage","url":"https:\/\/decolights.eu\/wp-content\/uploads\/2023\/04\/reb-bulb-G45.jpg","contentUrl":"https:\/\/decolights.eu\/wp-content\/uploads\/2023\/04\/reb-bulb-G45.jpg","width":600,"height":600},{"@type":"BreadcrumbList","@id":"https:\/\/decolights.eu\/product\/led-bulb-1w-g45-e27-red\/#breadcrumb","itemListElement":[{"@type":"ListItem","position":1,"name":"Shop","item":"https:\/\/decolights.eu\/shop\/"},{"@type":"ListItem","position":2,"name":"LED Bulb 1W G45 E27 red"}]},{"@type":"WebSite","@id":"https:\/\/decolights.eu\/#website","url":"https:\/\/decolights.eu\/","name":"dekoracje","description":"Dekoracje LED do domu i ogrodu","publisher":{"@id":"https:\/\/decolights.eu\/#organization"},"alternateName":"decolights.eu","potentialAction":[{"@type":"SearchAction","target":{"@type":"EntryPoint","urlTemplate":"https:\/\/decolights.eu\/?s={search_term_string}"},"query-input":{"@type":"PropertyValueSpecification","valueRequired":true,"valueName":"search_term_string"}}],"inLanguage":"pl-PL"},{"@type":"Organization","@id":"https:\/\/decolights.eu\/#organization","name":"dekoracje","url":"https:\/\/decolights.eu\/","logo":{"@type":"ImageObject","inLanguage":"pl-PL","@id":"https:\/\/decolights.eu\/#\/schema\/logo\/image\/","url":"https:\/\/decolights.eu\/wp-content\/uploads\/2023\/07\/cropped-decolight-siteicon.png","contentUrl":"https:\/\/decolights.eu\/wp-content\/uploads\/2023\/07\/cropped-decolight-siteicon.png","width":512,"height":512,"caption":"decolights"},"image":{"@id":"https:\/\/decolights.eu\/#\/schema\/logo\/image\/"}}]}},"jetpack_sharing_enabled":true,"_links":{"self":[{"href":"https:\/\/decolights.eu\/pl\/wp-json\/wp\/v2\/product\/4664","targetHints":{"allow":["GET"]}}],"collection":[{"href":"https:\/\/decolights.eu\/pl\/wp-json\/wp\/v2\/product"}],"about":[{"href":"https:\/\/decolights.eu\/pl\/wp-json\/wp\/v2\/types\/product"}],"replies":[{"embeddable":true,"href":"https:\/\/decolights.eu\/pl\/wp-json\/wp\/v2\/comments?post=4664"}],"wp:featuredmedia":[{"embeddable":true,"href":"https:\/\/decolights.eu\/pl\/wp-json\/wp\/v2\/media\/4731"}],"wp:attachment":[{"href":"https:\/\/decolights.eu\/pl\/wp-json\/wp\/v2\/media?parent=4664"}],"wp:term":[{"taxonomy":"product_brand","embeddable":true,"href":"https:\/\/decolights.eu\/pl\/wp-json\/wp\/v2\/product_brand?post=4664"},{"taxonomy":"product_cat","embeddable":true,"href":"https:\/\/decolights.eu\/pl\/wp-json\/wp\/v2\/product_cat?post=4664"},{"taxonomy":"product_tag","embeddable":true,"href":"https:\/\/decolights.eu\/pl\/wp-json\/wp\/v2\/product_tag?post=4664"}],"curies":[{"name":"wp","href":"https:\/\/api.w.org\/{rel}","templated":true}]}}