{"id":4701,"date":"2023-04-01T04:22:36","date_gmt":"2023-04-01T04:22:36","guid":{"rendered":"https:\/\/decolights.eu\/?post_type=product&#038;p=4701"},"modified":"2023-05-01T09:29:58","modified_gmt":"2023-05-01T09:29:58","slug":"power-cable-for-pro-ip65-rope-light-1-5m-super-connect","status":"publish","type":"product","link":"https:\/\/decolights.eu\/pl\/produkt-2\/power-cable-for-pro-ip65-rope-light-1-5m-super-connect\/","title":{"rendered":"Kabel zasilaj\u0105cy do lampy linowej PRO IP65 1,5 m Super Connect"},"content":{"rendered":"<p>Kabel zasilaj\u0105cy do o\u015bwietlenia liniowego IP65 Pro<\/p>\n<ul>\n<li><strong>D\u0142ugo\u015b\u0107:<\/strong> 1,5 mln<\/li>\n<li><strong>Kolor:<\/strong> czarny<\/li>\n<li><strong>Klasa IP: <\/strong>IP65<\/li>\n<li>Po\u0142\u0105czenie NK2<\/li>\n<li>Nadaje si\u0119 tylko do naszej serii IP65<\/li>\n<\/ul>","protected":false},"excerpt":{"rendered":"<p>Power cable for IP65 Pro Rope light Length: 1.5M Colour: black IP Rating: IP65 NK2 connection Suitable only for our IP65 series<\/p>","protected":false},"featured_media":5231,"comment_status":"open","ping_status":"closed","template":"","meta":[],"product_brand":[],"product_cat":[212],"product_tag":[],"class_list":{"0":"post-4701","1":"product","2":"type-product","3":"status-publish","4":"has-post-thumbnail","6":"product_cat-pro-accessories","7":"pa_brand-deco","9":"first","10":"instock","11":"sale","12":"shipping-taxable","13":"purchasable","14":"product-type-simple"},"yoast_head":"<!-- This site is optimized with the Yoast SEO plugin v27.3 - https:\/\/yoast.com\/product\/yoast-seo-wordpress\/ -->\n<title>Power Cable for PRO IP65 Rope Light 1.5M Super Connect - Best price - Decolights.eu<\/title>\n<meta name=\"description\" content=\"Buy power cable for PRO IP65 rope light 1.5M super connect additionally to divide your rope light on several ropes and connect them to power.\" \/>\n<meta name=\"robots\" content=\"index, follow, max-snippet:-1, max-image-preview:large, max-video-preview:-1\" \/>\n<link rel=\"canonical\" href=\"https:\/\/decolights.eu\/pl\/producto\/power-cable-for-pro-ip65-rope-light-1-5m-super-connect\/\" \/>\n<meta property=\"og:locale\" content=\"pl_PL\" \/>\n<meta property=\"og:type\" content=\"article\" \/>\n<meta property=\"og:title\" content=\"Power Cable for PRO IP65 Rope Light 1.5M Super Connect - Best price - Decolights.eu\" \/>\n<meta property=\"og:description\" content=\"Buy power cable for PRO IP65 rope light 1.5M super connect additionally to divide your rope light on several ropes and connect them to power.\" \/>\n<meta property=\"og:url\" content=\"https:\/\/decolights.eu\/pl\/producto\/power-cable-for-pro-ip65-rope-light-1-5m-super-connect\/\" \/>\n<meta property=\"og:site_name\" content=\"Decolights.eu\" \/>\n<meta property=\"article:modified_time\" content=\"2023-05-01T09:29:58+00:00\" \/>\n<meta property=\"og:image\" content=\"https:\/\/decolights.eu\/wp-content\/uploads\/2023\/04\/0-02-05-a3aa0ac01cb09492bf17294df8fcd27d85dbf845767c79c096cb5adbb9fa83f4_6d24001d.jpg\" \/>\n\t<meta property=\"og:image:width\" content=\"800\" \/>\n\t<meta property=\"og:image:height\" content=\"821\" \/>\n\t<meta property=\"og:image:type\" content=\"image\/jpeg\" \/>\n<meta name=\"twitter:card\" content=\"summary_large_image\" \/>\n<meta name=\"twitter:label1\" content=\"Szacowany czas czytania\" \/>\n\t<meta name=\"twitter:data1\" content=\"1 minuta\" \/>\n<script type=\"application\/ld+json\" class=\"yoast-schema-graph\">{\"@context\":\"https:\\\/\\\/schema.org\",\"@graph\":[{\"@type\":\"WebPage\",\"@id\":\"https:\\\/\\\/decolights.eu\\\/es\\\/producto\\\/power-cable-for-pro-ip65-rope-light-1-5m-super-connect\\\/\",\"url\":\"https:\\\/\\\/decolights.eu\\\/es\\\/producto\\\/power-cable-for-pro-ip65-rope-light-1-5m-super-connect\\\/\",\"name\":\"Power Cable for PRO IP65 Rope Light 1.5M Super Connect - Best price - Decolights.eu\",\"isPartOf\":{\"@id\":\"https:\\\/\\\/decolights.eu\\\/#website\"},\"primaryImageOfPage\":{\"@id\":\"https:\\\/\\\/decolights.eu\\\/es\\\/producto\\\/power-cable-for-pro-ip65-rope-light-1-5m-super-connect\\\/#primaryimage\"},\"image\":{\"@id\":\"https:\\\/\\\/decolights.eu\\\/es\\\/producto\\\/power-cable-for-pro-ip65-rope-light-1-5m-super-connect\\\/#primaryimage\"},\"thumbnailUrl\":\"https:\\\/\\\/decolights.eu\\\/wp-content\\\/uploads\\\/2023\\\/04\\\/0-02-05-a3aa0ac01cb09492bf17294df8fcd27d85dbf845767c79c096cb5adbb9fa83f4_6d24001d.jpg\",\"datePublished\":\"2023-04-01T04:22:36+00:00\",\"dateModified\":\"2023-05-01T09:29:58+00:00\",\"description\":\"Buy power cable for PRO IP65 rope light 1.5M super connect additionally to divide your rope light on several ropes and connect them to power.\",\"breadcrumb\":{\"@id\":\"https:\\\/\\\/decolights.eu\\\/es\\\/producto\\\/power-cable-for-pro-ip65-rope-light-1-5m-super-connect\\\/#breadcrumb\"},\"inLanguage\":\"pl-PL\",\"potentialAction\":[{\"@type\":\"ReadAction\",\"target\":[\"https:\\\/\\\/decolights.eu\\\/es\\\/producto\\\/power-cable-for-pro-ip65-rope-light-1-5m-super-connect\\\/\"]}]},{\"@type\":\"ImageObject\",\"inLanguage\":\"pl-PL\",\"@id\":\"https:\\\/\\\/decolights.eu\\\/es\\\/producto\\\/power-cable-for-pro-ip65-rope-light-1-5m-super-connect\\\/#primaryimage\",\"url\":\"https:\\\/\\\/decolights.eu\\\/wp-content\\\/uploads\\\/2023\\\/04\\\/0-02-05-a3aa0ac01cb09492bf17294df8fcd27d85dbf845767c79c096cb5adbb9fa83f4_6d24001d.jpg\",\"contentUrl\":\"https:\\\/\\\/decolights.eu\\\/wp-content\\\/uploads\\\/2023\\\/04\\\/0-02-05-a3aa0ac01cb09492bf17294df8fcd27d85dbf845767c79c096cb5adbb9fa83f4_6d24001d.jpg\",\"width\":800,\"height\":821},{\"@type\":\"BreadcrumbList\",\"@id\":\"https:\\\/\\\/decolights.eu\\\/es\\\/producto\\\/power-cable-for-pro-ip65-rope-light-1-5m-super-connect\\\/#breadcrumb\",\"itemListElement\":[{\"@type\":\"ListItem\",\"position\":1,\"name\":\"Shop\",\"item\":\"https:\\\/\\\/decolights.eu\\\/shop\\\/\"},{\"@type\":\"ListItem\",\"position\":2,\"name\":\"Power Cable for PRO IP65 Rope Light 1.5M Super Connect\"}]},{\"@type\":\"WebSite\",\"@id\":\"https:\\\/\\\/decolights.eu\\\/#website\",\"url\":\"https:\\\/\\\/decolights.eu\\\/\",\"name\":\"decolights\",\"description\":\"Led Decorations for Home and Garden\",\"publisher\":{\"@id\":\"https:\\\/\\\/decolights.eu\\\/#organization\"},\"alternateName\":\"decolights.eu\",\"potentialAction\":[{\"@type\":\"SearchAction\",\"target\":{\"@type\":\"EntryPoint\",\"urlTemplate\":\"https:\\\/\\\/decolights.eu\\\/?s={search_term_string}\"},\"query-input\":{\"@type\":\"PropertyValueSpecification\",\"valueRequired\":true,\"valueName\":\"search_term_string\"}}],\"inLanguage\":\"pl-PL\"},{\"@type\":\"Organization\",\"@id\":\"https:\\\/\\\/decolights.eu\\\/#organization\",\"name\":\"decolights\",\"url\":\"https:\\\/\\\/decolights.eu\\\/\",\"logo\":{\"@type\":\"ImageObject\",\"inLanguage\":\"pl-PL\",\"@id\":\"https:\\\/\\\/decolights.eu\\\/#\\\/schema\\\/logo\\\/image\\\/\",\"url\":\"https:\\\/\\\/decolights.eu\\\/wp-content\\\/uploads\\\/2023\\\/07\\\/cropped-decolight-siteicon.png\",\"contentUrl\":\"https:\\\/\\\/decolights.eu\\\/wp-content\\\/uploads\\\/2023\\\/07\\\/cropped-decolight-siteicon.png\",\"width\":512,\"height\":512,\"caption\":\"decolights\"},\"image\":{\"@id\":\"https:\\\/\\\/decolights.eu\\\/#\\\/schema\\\/logo\\\/image\\\/\"}}]}<\/script>\n<!-- \/ Yoast SEO plugin. -->","yoast_head_json":{"title":"Kabel zasilaj\u0105cy do o\u015bwietlenia liniowego PRO IP65 1,5 m Super Connect - najlepsza cena - Decolights.eu","description":"Dodatkowo dokup kabel zasilaj\u0105cy do w\u0119\u017ca \u015bwietlnego PRO IP65 o d\u0142ugo\u015bci 1,5 m typu super connect, aby podzieli\u0107 w\u0119\u017cyk \u015bwietlny na kilka lin i pod\u0142\u0105czy\u0107 je do zasilania.","robots":{"index":"index","follow":"follow","max-snippet":"max-snippet:-1","max-image-preview":"max-image-preview:large","max-video-preview":"max-video-preview:-1"},"canonical":"https:\/\/decolights.eu\/pl\/producto\/power-cable-for-pro-ip65-rope-light-1-5m-super-connect\/","og_locale":"pl_PL","og_type":"article","og_title":"Power Cable for PRO IP65 Rope Light 1.5M Super Connect - Best price - Decolights.eu","og_description":"Buy power cable for PRO IP65 rope light 1.5M super connect additionally to divide your rope light on several ropes and connect them to power.","og_url":"https:\/\/decolights.eu\/pl\/producto\/power-cable-for-pro-ip65-rope-light-1-5m-super-connect\/","og_site_name":"Decolights.eu","article_modified_time":"2023-05-01T09:29:58+00:00","og_image":[{"width":800,"height":821,"url":"https:\/\/decolights.eu\/wp-content\/uploads\/2023\/04\/0-02-05-a3aa0ac01cb09492bf17294df8fcd27d85dbf845767c79c096cb5adbb9fa83f4_6d24001d.jpg","type":"image\/jpeg"}],"twitter_card":"summary_large_image","twitter_misc":{"Szacowany czas czytania":"1 minuta"},"schema":{"@context":"https:\/\/schema.org","@graph":[{"@type":"WebPage","@id":"https:\/\/decolights.eu\/es\/producto\/power-cable-for-pro-ip65-rope-light-1-5m-super-connect\/","url":"https:\/\/decolights.eu\/es\/producto\/power-cable-for-pro-ip65-rope-light-1-5m-super-connect\/","name":"Kabel zasilaj\u0105cy do o\u015bwietlenia liniowego PRO IP65 1,5 m Super Connect - najlepsza cena - Decolights.eu","isPartOf":{"@id":"https:\/\/decolights.eu\/#website"},"primaryImageOfPage":{"@id":"https:\/\/decolights.eu\/es\/producto\/power-cable-for-pro-ip65-rope-light-1-5m-super-connect\/#primaryimage"},"image":{"@id":"https:\/\/decolights.eu\/es\/producto\/power-cable-for-pro-ip65-rope-light-1-5m-super-connect\/#primaryimage"},"thumbnailUrl":"https:\/\/decolights.eu\/wp-content\/uploads\/2023\/04\/0-02-05-a3aa0ac01cb09492bf17294df8fcd27d85dbf845767c79c096cb5adbb9fa83f4_6d24001d.jpg","datePublished":"2023-04-01T04:22:36+00:00","dateModified":"2023-05-01T09:29:58+00:00","description":"Dodatkowo dokup kabel zasilaj\u0105cy do w\u0119\u017ca \u015bwietlnego PRO IP65 o d\u0142ugo\u015bci 1,5 m typu super connect, aby podzieli\u0107 w\u0119\u017cyk \u015bwietlny na kilka lin i pod\u0142\u0105czy\u0107 je do zasilania.","breadcrumb":{"@id":"https:\/\/decolights.eu\/es\/producto\/power-cable-for-pro-ip65-rope-light-1-5m-super-connect\/#breadcrumb"},"inLanguage":"pl-PL","potentialAction":[{"@type":"ReadAction","target":["https:\/\/decolights.eu\/es\/producto\/power-cable-for-pro-ip65-rope-light-1-5m-super-connect\/"]}]},{"@type":"ImageObject","inLanguage":"pl-PL","@id":"https:\/\/decolights.eu\/es\/producto\/power-cable-for-pro-ip65-rope-light-1-5m-super-connect\/#primaryimage","url":"https:\/\/decolights.eu\/wp-content\/uploads\/2023\/04\/0-02-05-a3aa0ac01cb09492bf17294df8fcd27d85dbf845767c79c096cb5adbb9fa83f4_6d24001d.jpg","contentUrl":"https:\/\/decolights.eu\/wp-content\/uploads\/2023\/04\/0-02-05-a3aa0ac01cb09492bf17294df8fcd27d85dbf845767c79c096cb5adbb9fa83f4_6d24001d.jpg","width":800,"height":821},{"@type":"BreadcrumbList","@id":"https:\/\/decolights.eu\/es\/producto\/power-cable-for-pro-ip65-rope-light-1-5m-super-connect\/#breadcrumb","itemListElement":[{"@type":"ListItem","position":1,"name":"Shop","item":"https:\/\/decolights.eu\/shop\/"},{"@type":"ListItem","position":2,"name":"Power Cable for PRO IP65 Rope Light 1.5M Super Connect"}]},{"@type":"WebSite","@id":"https:\/\/decolights.eu\/#website","url":"https:\/\/decolights.eu\/","name":"dekoracje","description":"Dekoracje LED do domu i ogrodu","publisher":{"@id":"https:\/\/decolights.eu\/#organization"},"alternateName":"decolights.eu","potentialAction":[{"@type":"SearchAction","target":{"@type":"EntryPoint","urlTemplate":"https:\/\/decolights.eu\/?s={search_term_string}"},"query-input":{"@type":"PropertyValueSpecification","valueRequired":true,"valueName":"search_term_string"}}],"inLanguage":"pl-PL"},{"@type":"Organization","@id":"https:\/\/decolights.eu\/#organization","name":"dekoracje","url":"https:\/\/decolights.eu\/","logo":{"@type":"ImageObject","inLanguage":"pl-PL","@id":"https:\/\/decolights.eu\/#\/schema\/logo\/image\/","url":"https:\/\/decolights.eu\/wp-content\/uploads\/2023\/07\/cropped-decolight-siteicon.png","contentUrl":"https:\/\/decolights.eu\/wp-content\/uploads\/2023\/07\/cropped-decolight-siteicon.png","width":512,"height":512,"caption":"decolights"},"image":{"@id":"https:\/\/decolights.eu\/#\/schema\/logo\/image\/"}}]}},"jetpack_sharing_enabled":true,"_links":{"self":[{"href":"https:\/\/decolights.eu\/pl\/wp-json\/wp\/v2\/product\/4701","targetHints":{"allow":["GET"]}}],"collection":[{"href":"https:\/\/decolights.eu\/pl\/wp-json\/wp\/v2\/product"}],"about":[{"href":"https:\/\/decolights.eu\/pl\/wp-json\/wp\/v2\/types\/product"}],"replies":[{"embeddable":true,"href":"https:\/\/decolights.eu\/pl\/wp-json\/wp\/v2\/comments?post=4701"}],"wp:featuredmedia":[{"embeddable":true,"href":"https:\/\/decolights.eu\/pl\/wp-json\/wp\/v2\/media\/5231"}],"wp:attachment":[{"href":"https:\/\/decolights.eu\/pl\/wp-json\/wp\/v2\/media?parent=4701"}],"wp:term":[{"taxonomy":"product_brand","embeddable":true,"href":"https:\/\/decolights.eu\/pl\/wp-json\/wp\/v2\/product_brand?post=4701"},{"taxonomy":"product_cat","embeddable":true,"href":"https:\/\/decolights.eu\/pl\/wp-json\/wp\/v2\/product_cat?post=4701"},{"taxonomy":"product_tag","embeddable":true,"href":"https:\/\/decolights.eu\/pl\/wp-json\/wp\/v2\/product_tag?post=4701"}],"curies":[{"name":"wp","href":"https:\/\/api.w.org\/{rel}","templated":true}]}}