{"id":4736,"date":"2023-04-01T04:22:58","date_gmt":"2023-04-01T04:22:58","guid":{"rendered":"https:\/\/decolights.eu\/?post_type=product&#038;p=4736"},"modified":"2023-05-12T06:55:13","modified_gmt":"2023-05-12T06:55:13","slug":"pro-led-icicle-lights","status":"publish","type":"product","link":"https:\/\/decolights.eu\/pl\/produkt-2\/pro-led-icicle-lights\/","title":{"rendered":"\u015awiat\u0142a sopelkowe PRO LED"},"content":{"rendered":"<div class=\"product_details_parameter_groups spoiler_component\">\n<div class=\"product_details_parameter_group\">\n<div class=\"spoiler_component_content_wrapper\">\n<div class=\"product_details_parameters spoiler_component_content\">\n<div class=\"spoiler_component_content_wrapper\">\n<div class=\"product_details_parameters spoiler_component_content\">\n<p>Nasza linia PRO to wysokiej jako\u015bci i trwa\u0142e serie lamp LED. Girlandy s\u0105 wyposa\u017cone w odporny na promieniowanie UV, gumowy kabel i mog\u0105 by\u0107 u\u017cywane na zewn\u0105trz przez ca\u0142y rok.<\/p>\n<p>O\u015bwietlenie LED PRO Icicle doskonale nadaje si\u0119 do dekoracji fasad lub balkon\u00f3w. Daje jasny i wspania\u0142y efekt \u015bwietlny i sprawi, \u017ce Tw\u00f3j dom b\u0119dzie wygl\u0105da\u0142 jeszcze pi\u0119kniej i wyj\u0105tkowo.<\/p>\n<p>Zapraszamy do kontaktu w przypadku zainteresowania innym kolorem diody lub przewodu <a href=\"mailto:info@decolights.eu\">info@decolights.eu<\/a>.<\/p>\n<\/div>\n<\/div>\n<ul>\n<li><strong>Liczba diod LED<\/strong><strong>: <\/strong>120LED<\/li>\n<li><strong>D\u0142ugo\u015b\u0107 ca\u0142kowita (z przewodem zasilaj\u0105cym): <\/strong>6,5 mln<\/li>\n<li><strong>D\u0142ugo\u015b\u0107 o\u015bwietlonej cz\u0119\u015bci: <\/strong>5M<\/li>\n<li><strong>Przew\u00f3d zasilaj\u0105cy:<\/strong> 1,50 mln<\/li>\n<li><strong>D\u0142ugo\u015b\u0107 najd\u0142u\u017cszej wisz\u0105cej cz\u0119\u015bci: <\/strong>70CM<\/li>\n<li><strong>Rozstaw mi\u0119dzy \u017car\u00f3wkami:<\/strong> 10 CM<\/li>\n<li><strong>Rozmiar diody:<\/strong> 8MM<\/li>\n<li><strong>B\u0142yskowy:\u00a0<\/strong>NIE<\/li>\n<li><strong>Klasa IP: <\/strong>IP65<\/li>\n<li><strong>\u0179r\u00f3d\u0142o pr\u0105du:\u00a0<\/strong>Pod\u0142\u0105cz<\/li>\n<li><strong>Materia\u0142 kabla:\u00a0<\/strong>Guma 3,2mm<\/li>\n<li><strong>Mo\u017cliwo\u015b\u0107 pod\u0142\u0105czenia:\u00a0<\/strong>Tak (maksymalnie 10 zestaw\u00f3w)<\/li>\n<li><strong>Certyfikat CE:\u00a0<\/strong>Tak<\/li>\n<li>220-240 V, 9,2 W<\/li>\n<\/ul>\n<\/div>\n<\/div>\n<\/div>\n<\/div>","protected":false},"excerpt":{"rendered":"<p>Our PRO line is a high quality and long lasting LED light series. Garlands are with UV-proof, rubber cable and can be used outside all year around. PRO Icicle LED light is perfect for decorating facades or balconies. Gives a bright and fabulous lightning effect and will make your home look even more beautiful and [&#8230;]\n","protected":false},"featured_media":4771,"comment_status":"open","ping_status":"closed","template":"","meta":[],"product_brand":[],"product_cat":[226,239],"product_tag":[],"class_list":{"0":"post-4736","1":"product","2":"type-product","3":"status-publish","4":"has-post-thumbnail","6":"product_cat-outdoor-lights","7":"product_cat-pro-christmas-lights","8":"pa_available-colours-blue","9":"pa_available-colours-cold-white","10":"pa_available-colours-multi-coloured","11":"pa_available-colours-warm-white","12":"pa_brand-deco","13":"pa_led-colour-blue","14":"pa_led-colour-cold-white","15":"pa_led-colour-multi-coloured","16":"pa_led-colour-warm-white","18":"first","19":"onbackorder","20":"sale","21":"shipping-taxable","22":"purchasable","23":"product-type-variable"},"yoast_head":"<!-- This site is optimized with the Yoast SEO plugin v27.3 - https:\/\/yoast.com\/product\/yoast-seo-wordpress\/ -->\n<title>PRO LED Icicle Lights - Best quality - Decolights.eu<\/title>\n<meta name=\"description\" content=\"PRO Icicle LED lights will create a magical and shiny atmosphere. Festive mood in guaranteed! Buy now to get the best price.\" \/>\n<meta name=\"robots\" content=\"index, follow, max-snippet:-1, max-image-preview:large, max-video-preview:-1\" \/>\n<link rel=\"canonical\" href=\"https:\/\/decolights.eu\/pl\/produkt-2\/pro-led-icicle-lights\/\" \/>\n<meta property=\"og:locale\" content=\"pl_PL\" \/>\n<meta property=\"og:type\" content=\"article\" \/>\n<meta property=\"og:title\" content=\"PRO LED Icicle Lights - Best quality - Decolights.eu\" \/>\n<meta property=\"og:description\" content=\"PRO Icicle LED lights will create a magical and shiny atmosphere. Festive mood in guaranteed! Buy now to get the best price.\" \/>\n<meta property=\"og:url\" content=\"https:\/\/decolights.eu\/pl\/produkt-2\/pro-led-icicle-lights\/\" \/>\n<meta property=\"og:site_name\" content=\"Decolights.eu\" \/>\n<meta property=\"article:modified_time\" content=\"2023-05-12T06:55:13+00:00\" \/>\n<meta property=\"og:image\" content=\"https:\/\/decolights.eu\/wp-content\/uploads\/2023\/04\/yan1308.jpg\" \/>\n\t<meta property=\"og:image:width\" content=\"495\" \/>\n\t<meta property=\"og:image:height\" content=\"400\" \/>\n\t<meta property=\"og:image:type\" content=\"image\/jpeg\" \/>\n<meta name=\"twitter:card\" content=\"summary_large_image\" \/>\n<meta name=\"twitter:label1\" content=\"Szacowany czas czytania\" \/>\n\t<meta name=\"twitter:data1\" content=\"1 minuta\" \/>\n<script type=\"application\/ld+json\" class=\"yoast-schema-graph\">{\"@context\":\"https:\\\/\\\/schema.org\",\"@graph\":[{\"@type\":\"WebPage\",\"@id\":\"https:\\\/\\\/decolights.eu\\\/product\\\/pro-led-icicle-lights\\\/\",\"url\":\"https:\\\/\\\/decolights.eu\\\/product\\\/pro-led-icicle-lights\\\/\",\"name\":\"PRO LED Icicle Lights - Best quality - Decolights.eu\",\"isPartOf\":{\"@id\":\"https:\\\/\\\/decolights.eu\\\/#website\"},\"primaryImageOfPage\":{\"@id\":\"https:\\\/\\\/decolights.eu\\\/product\\\/pro-led-icicle-lights\\\/#primaryimage\"},\"image\":{\"@id\":\"https:\\\/\\\/decolights.eu\\\/product\\\/pro-led-icicle-lights\\\/#primaryimage\"},\"thumbnailUrl\":\"https:\\\/\\\/decolights.eu\\\/wp-content\\\/uploads\\\/2023\\\/04\\\/yan1308.jpg\",\"datePublished\":\"2023-04-01T04:22:58+00:00\",\"dateModified\":\"2023-05-12T06:55:13+00:00\",\"description\":\"PRO Icicle LED lights will create a magical and shiny atmosphere. Festive mood in guaranteed! Buy now to get the best price.\",\"breadcrumb\":{\"@id\":\"https:\\\/\\\/decolights.eu\\\/product\\\/pro-led-icicle-lights\\\/#breadcrumb\"},\"inLanguage\":\"pl-PL\",\"potentialAction\":[{\"@type\":\"ReadAction\",\"target\":[\"https:\\\/\\\/decolights.eu\\\/product\\\/pro-led-icicle-lights\\\/\"]}]},{\"@type\":\"ImageObject\",\"inLanguage\":\"pl-PL\",\"@id\":\"https:\\\/\\\/decolights.eu\\\/product\\\/pro-led-icicle-lights\\\/#primaryimage\",\"url\":\"https:\\\/\\\/decolights.eu\\\/wp-content\\\/uploads\\\/2023\\\/04\\\/yan1308.jpg\",\"contentUrl\":\"https:\\\/\\\/decolights.eu\\\/wp-content\\\/uploads\\\/2023\\\/04\\\/yan1308.jpg\",\"width\":495,\"height\":400},{\"@type\":\"BreadcrumbList\",\"@id\":\"https:\\\/\\\/decolights.eu\\\/product\\\/pro-led-icicle-lights\\\/#breadcrumb\",\"itemListElement\":[{\"@type\":\"ListItem\",\"position\":1,\"name\":\"Shop\",\"item\":\"https:\\\/\\\/decolights.eu\\\/shop\\\/\"},{\"@type\":\"ListItem\",\"position\":2,\"name\":\"PRO LED Icicle Lights\"}]},{\"@type\":\"WebSite\",\"@id\":\"https:\\\/\\\/decolights.eu\\\/#website\",\"url\":\"https:\\\/\\\/decolights.eu\\\/\",\"name\":\"decolights\",\"description\":\"Led Decorations for Home and Garden\",\"publisher\":{\"@id\":\"https:\\\/\\\/decolights.eu\\\/#organization\"},\"alternateName\":\"decolights.eu\",\"potentialAction\":[{\"@type\":\"SearchAction\",\"target\":{\"@type\":\"EntryPoint\",\"urlTemplate\":\"https:\\\/\\\/decolights.eu\\\/?s={search_term_string}\"},\"query-input\":{\"@type\":\"PropertyValueSpecification\",\"valueRequired\":true,\"valueName\":\"search_term_string\"}}],\"inLanguage\":\"pl-PL\"},{\"@type\":\"Organization\",\"@id\":\"https:\\\/\\\/decolights.eu\\\/#organization\",\"name\":\"decolights\",\"url\":\"https:\\\/\\\/decolights.eu\\\/\",\"logo\":{\"@type\":\"ImageObject\",\"inLanguage\":\"pl-PL\",\"@id\":\"https:\\\/\\\/decolights.eu\\\/#\\\/schema\\\/logo\\\/image\\\/\",\"url\":\"https:\\\/\\\/decolights.eu\\\/wp-content\\\/uploads\\\/2023\\\/07\\\/cropped-decolight-siteicon.png\",\"contentUrl\":\"https:\\\/\\\/decolights.eu\\\/wp-content\\\/uploads\\\/2023\\\/07\\\/cropped-decolight-siteicon.png\",\"width\":512,\"height\":512,\"caption\":\"decolights\"},\"image\":{\"@id\":\"https:\\\/\\\/decolights.eu\\\/#\\\/schema\\\/logo\\\/image\\\/\"}}]}<\/script>\n<!-- \/ Yoast SEO plugin. -->","yoast_head_json":{"title":"PRO LED Icicle Lights - Najlepsza jako\u015b\u0107 - Decolights.eu","description":"\u015awiat\u0142a LED PRO Icicle stworz\u0105 magiczn\u0105 i b\u0142yszcz\u0105c\u0105 atmosfer\u0119. \u015awi\u0105teczny nastr\u00f3j gwarantowany! Kup teraz, aby uzyska\u0107 najlepsz\u0105 cen\u0119.","robots":{"index":"index","follow":"follow","max-snippet":"max-snippet:-1","max-image-preview":"max-image-preview:large","max-video-preview":"max-video-preview:-1"},"canonical":"https:\/\/decolights.eu\/pl\/produkt-2\/pro-led-icicle-lights\/","og_locale":"pl_PL","og_type":"article","og_title":"PRO LED Icicle Lights - Best quality - Decolights.eu","og_description":"PRO Icicle LED lights will create a magical and shiny atmosphere. Festive mood in guaranteed! Buy now to get the best price.","og_url":"https:\/\/decolights.eu\/pl\/produkt-2\/pro-led-icicle-lights\/","og_site_name":"Decolights.eu","article_modified_time":"2023-05-12T06:55:13+00:00","og_image":[{"width":495,"height":400,"url":"https:\/\/decolights.eu\/wp-content\/uploads\/2023\/04\/yan1308.jpg","type":"image\/jpeg"}],"twitter_card":"summary_large_image","twitter_misc":{"Szacowany czas czytania":"1 minuta"},"schema":{"@context":"https:\/\/schema.org","@graph":[{"@type":"WebPage","@id":"https:\/\/decolights.eu\/product\/pro-led-icicle-lights\/","url":"https:\/\/decolights.eu\/product\/pro-led-icicle-lights\/","name":"PRO LED Icicle Lights - Najlepsza jako\u015b\u0107 - Decolights.eu","isPartOf":{"@id":"https:\/\/decolights.eu\/#website"},"primaryImageOfPage":{"@id":"https:\/\/decolights.eu\/product\/pro-led-icicle-lights\/#primaryimage"},"image":{"@id":"https:\/\/decolights.eu\/product\/pro-led-icicle-lights\/#primaryimage"},"thumbnailUrl":"https:\/\/decolights.eu\/wp-content\/uploads\/2023\/04\/yan1308.jpg","datePublished":"2023-04-01T04:22:58+00:00","dateModified":"2023-05-12T06:55:13+00:00","description":"\u015awiat\u0142a LED PRO Icicle stworz\u0105 magiczn\u0105 i b\u0142yszcz\u0105c\u0105 atmosfer\u0119. \u015awi\u0105teczny nastr\u00f3j gwarantowany! Kup teraz, aby uzyska\u0107 najlepsz\u0105 cen\u0119.","breadcrumb":{"@id":"https:\/\/decolights.eu\/product\/pro-led-icicle-lights\/#breadcrumb"},"inLanguage":"pl-PL","potentialAction":[{"@type":"ReadAction","target":["https:\/\/decolights.eu\/product\/pro-led-icicle-lights\/"]}]},{"@type":"ImageObject","inLanguage":"pl-PL","@id":"https:\/\/decolights.eu\/product\/pro-led-icicle-lights\/#primaryimage","url":"https:\/\/decolights.eu\/wp-content\/uploads\/2023\/04\/yan1308.jpg","contentUrl":"https:\/\/decolights.eu\/wp-content\/uploads\/2023\/04\/yan1308.jpg","width":495,"height":400},{"@type":"BreadcrumbList","@id":"https:\/\/decolights.eu\/product\/pro-led-icicle-lights\/#breadcrumb","itemListElement":[{"@type":"ListItem","position":1,"name":"Shop","item":"https:\/\/decolights.eu\/shop\/"},{"@type":"ListItem","position":2,"name":"PRO LED Icicle Lights"}]},{"@type":"WebSite","@id":"https:\/\/decolights.eu\/#website","url":"https:\/\/decolights.eu\/","name":"dekoracje","description":"Dekoracje LED do domu i ogrodu","publisher":{"@id":"https:\/\/decolights.eu\/#organization"},"alternateName":"decolights.eu","potentialAction":[{"@type":"SearchAction","target":{"@type":"EntryPoint","urlTemplate":"https:\/\/decolights.eu\/?s={search_term_string}"},"query-input":{"@type":"PropertyValueSpecification","valueRequired":true,"valueName":"search_term_string"}}],"inLanguage":"pl-PL"},{"@type":"Organization","@id":"https:\/\/decolights.eu\/#organization","name":"dekoracje","url":"https:\/\/decolights.eu\/","logo":{"@type":"ImageObject","inLanguage":"pl-PL","@id":"https:\/\/decolights.eu\/#\/schema\/logo\/image\/","url":"https:\/\/decolights.eu\/wp-content\/uploads\/2023\/07\/cropped-decolight-siteicon.png","contentUrl":"https:\/\/decolights.eu\/wp-content\/uploads\/2023\/07\/cropped-decolight-siteicon.png","width":512,"height":512,"caption":"decolights"},"image":{"@id":"https:\/\/decolights.eu\/#\/schema\/logo\/image\/"}}]}},"jetpack_sharing_enabled":true,"_links":{"self":[{"href":"https:\/\/decolights.eu\/pl\/wp-json\/wp\/v2\/product\/4736","targetHints":{"allow":["GET"]}}],"collection":[{"href":"https:\/\/decolights.eu\/pl\/wp-json\/wp\/v2\/product"}],"about":[{"href":"https:\/\/decolights.eu\/pl\/wp-json\/wp\/v2\/types\/product"}],"replies":[{"embeddable":true,"href":"https:\/\/decolights.eu\/pl\/wp-json\/wp\/v2\/comments?post=4736"}],"wp:featuredmedia":[{"embeddable":true,"href":"https:\/\/decolights.eu\/pl\/wp-json\/wp\/v2\/media\/4771"}],"wp:attachment":[{"href":"https:\/\/decolights.eu\/pl\/wp-json\/wp\/v2\/media?parent=4736"}],"wp:term":[{"taxonomy":"product_brand","embeddable":true,"href":"https:\/\/decolights.eu\/pl\/wp-json\/wp\/v2\/product_brand?post=4736"},{"taxonomy":"product_cat","embeddable":true,"href":"https:\/\/decolights.eu\/pl\/wp-json\/wp\/v2\/product_cat?post=4736"},{"taxonomy":"product_tag","embeddable":true,"href":"https:\/\/decolights.eu\/pl\/wp-json\/wp\/v2\/product_tag?post=4736"}],"curies":[{"name":"wp","href":"https:\/\/api.w.org\/{rel}","templated":true}]}}