{"id":5052,"date":"2023-04-01T04:26:07","date_gmt":"2023-04-01T04:26:07","guid":{"rendered":"https:\/\/decolights.eu\/?post_type=product&#038;p=5052"},"modified":"2023-05-01T14:55:54","modified_gmt":"2023-05-01T14:55:54","slug":"rgb-festoon-led-lights-15m-15-bulbs","status":"publish","type":"product","link":"https:\/\/decolights.eu\/pl\/produkt-2\/rgb-festoon-led-lights-15m-15-bulbs\/","title":{"rendered":"\u015awiat\u0142a LED RGB Festoon 15M 15 \u017car\u00f3wek"},"content":{"rendered":"<p><strong>DOP\u00d3KI\u00a0<\/strong><strong>21<\/strong><strong>\u00a0TRYBY O\u015aWIETLENIA \u2013<\/strong>\u00a0to wyj\u0105tkowe o\u015bwietlenie posiada a\u017c 21 r\u00f3\u017cnych tryb\u00f3w \u015bwiecenia, dzi\u0119ki czemu<strong>\u00a0tworzy niepowtarzaln\u0105 i niepowtarzaln\u0105 dekoracj\u0119 i atmosfer\u0119 ka\u017cdego wn\u0119trza i ogrodu<\/strong>\u00a0. Lampy maj\u0105 r\u00f3\u017cne sekwencje o\u015bwietlenia, kt\u00f3re mo\u017cna kontrolowa\u0107 za pomoc\u0105 do\u0142\u0105czonego pilota. Girlanda jest zasilana z sieci, wi\u0119c nie musisz si\u0119 martwi\u0107 o ci\u0105g\u0142\u0105 wymian\u0119 baterii.<\/p>\n<p><strong>15 \u017bAR\u00d3WEK<\/strong><strong>\u00a0PROWADZONY -\u00a0<\/strong>Dzi\u0119ki temu, \u017ce lampy s\u0105 LED, zu\u017cywaj\u0105 znacznie mniej energii ni\u017c tradycyjne \u017ar\u00f3d\u0142a \u015bwiat\u0142a, poniewa\u017c nie emituj\u0105 ciep\u0142a podczas \u015bwiecenia. Dekoracja posiada a\u017c 15 \u017car\u00f3wek LED, kt\u00f3re rozja\u015bni\u0105 nawet najciemniejsze wn\u0119trze i sprawi\u0105, \u017ce stanie si\u0119 przytulne i nastrojowe.<\/p>\n<p><strong>WODOODPORNA \u2013\u00a0<\/strong>ozdoba jest wodoodporna zgodnie z norm\u0105 IP65, co oznacza, \u017ce jest zabezpieczona przed\u00a0<strong>strumie\u0144 wody (12,5 l\/min) wylewany na obudow\u0119 z dowolnej strony. Posiada zabezpieczenie przed dost\u0119pem do cz\u0119\u015bci niebezpiecznych i zabezpieczenie przeciwpy\u0142owe.<\/strong><\/p>\n<div style=\"width: 1020px;\" class=\"wp-video\"><video class=\"wp-video-shortcode\" id=\"video-5052-1\" width=\"1020\" height=\"609\" preload=\"metadata\" controls=\"controls\"><source type=\"video\/mp4\" src=\"https:\/\/www.joulutuled.ee\/wp-content\/uploads\/2021\/07\/RGB_lambiketi_komplekt_15M_15_lampi.mp4?_=1\" \/><a href=\"https:\/\/www.joulutuled.ee\/wp-content\/uploads\/2021\/07\/RGB_lambiketi_komplekt_15M_15_lampi.mp4\">https:\/\/www.joulutuled.ee\/wp-content\/uploads\/2021\/07\/RGB_lambiketi_komplekt_15M_15_lampi.mp4<\/a><\/video><\/div>\n<p>&nbsp;<\/p>\n<ul>\n<li><strong>Kolor diody:\u00a0<\/strong>RGB<\/li>\n<li><strong>Liczba lamp<\/strong><strong>: <\/strong>15 szt.<\/li>\n<li><strong>D\u0142ugo\u015b\u0107 ca\u0142kowita (z przewodem zasilaj\u0105cym): <\/strong>15M<\/li>\n<li><strong>Przew\u00f3d zasilaj\u0105cy:<\/strong> 1,40 mln<\/li>\n<li><strong>Rozstaw mi\u0119dzy \u017car\u00f3wkami:<\/strong> 90cm<\/li>\n<li><strong>Kolor kabla: <\/strong>czarny<\/li>\n<li><strong>\u017bar\u00f3wki:\u00a0<\/strong>0,60 W<\/li>\n<li><strong>Klasa IP: <\/strong>IP65<\/li>\n<li><strong>\u0179r\u00f3d\u0142o pr\u0105du:\u00a0<\/strong>Pod\u0142\u0105cz<\/li>\n<li><strong>Materia\u0142 kabla:\u00a0<\/strong>PCW<\/li>\n<li><strong>Pilot:\u00a0<\/strong>Tak<\/li>\n<li><strong>Mo\u017cliwo\u015b\u0107 pod\u0142\u0105czenia:\u00a0<\/strong>Tak (maksymalnie 3 zestawy)<\/li>\n<li><strong>Za\u015blepka\/gniazdo:\u00a0<\/strong>Wymienna (E27 tylko do tego samego typu \u017car\u00f3wek RGB)<\/li>\n<li><strong>Certyfikat CE:\u00a0<\/strong>Tak<\/li>\n<li>220-240 V<\/li>\n<\/ul>","protected":false},"excerpt":{"rendered":"<p>UNTIL\u00a021\u00a0LIGHTING MODES &#8211;\u00a0this unique lighting has as many as 21 different lighting modes, thanks to which\u00a0creates a unique and unique decoration and atmosphere of any interior and garden\u00a0. The lamps have different lighting sequences that can be controlled with the included remote control. The garland is powered from the mains, so you do not have [&#8230;]\n","protected":false},"featured_media":5126,"comment_status":"open","ping_status":"closed","template":"","meta":[],"product_brand":[],"product_cat":[227,226],"product_tag":[],"class_list":{"0":"post-5052","1":"product","2":"type-product","3":"status-publish","4":"has-post-thumbnail","6":"product_cat-led-festoon-lights-outdoor-lights","7":"product_cat-outdoor-lights","8":"pa_brand-deco","9":"pa_led-colour-multi-coloured","11":"first","12":"instock","13":"sale","14":"shipping-taxable","15":"purchasable","16":"product-type-simple"},"yoast_head":"<!-- This site is optimized with the Yoast SEO plugin v27.3 - https:\/\/yoast.com\/product\/yoast-seo-wordpress\/ -->\n<title>RGB Festoon LED lights 15M 15 bulbs - Best price - Decolights.eu<\/title>\n<meta name=\"description\" content=\"Decorate your patio or garden with a nice festoon RGB LED lights with hanging bulbs to get an outstanding atmosphere. Buy now the get the best price!\" \/>\n<meta name=\"robots\" content=\"index, follow, max-snippet:-1, max-image-preview:large, max-video-preview:-1\" \/>\n<link rel=\"canonical\" href=\"https:\/\/decolights.eu\/pl\/produkt-2\/rgb-festoon-led-lights-15m-15-bulbs\/\" \/>\n<meta property=\"og:locale\" content=\"pl_PL\" \/>\n<meta property=\"og:type\" content=\"article\" \/>\n<meta property=\"og:title\" content=\"RGB Festoon LED lights 15M 15 bulbs - Best price - Decolights.eu\" \/>\n<meta property=\"og:description\" content=\"Decorate your patio or garden with a nice festoon RGB LED lights with hanging bulbs to get an outstanding atmosphere. Buy now the get the best price!\" \/>\n<meta property=\"og:url\" content=\"https:\/\/decolights.eu\/pl\/produkt-2\/rgb-festoon-led-lights-15m-15-bulbs\/\" \/>\n<meta property=\"og:site_name\" content=\"Decolights.eu\" \/>\n<meta property=\"article:modified_time\" content=\"2023-05-01T14:55:54+00:00\" \/>\n<meta property=\"og:image\" content=\"https:\/\/decolights.eu\/wp-content\/uploads\/2023\/04\/Hanging-garden-garland-15m-12V-IP65-15323_7.jpg\" \/>\n\t<meta property=\"og:image:width\" content=\"1500\" \/>\n\t<meta property=\"og:image:height\" content=\"1457\" \/>\n\t<meta property=\"og:image:type\" content=\"image\/jpeg\" \/>\n<meta name=\"twitter:card\" content=\"summary_large_image\" \/>\n<meta name=\"twitter:label1\" content=\"Szacowany czas czytania\" \/>\n\t<meta name=\"twitter:data1\" content=\"1 minuta\" \/>\n<script type=\"application\/ld+json\" class=\"yoast-schema-graph\">{\"@context\":\"https:\\\/\\\/schema.org\",\"@graph\":[{\"@type\":\"WebPage\",\"@id\":\"https:\\\/\\\/decolights.eu\\\/product\\\/rgb-festoon-led-lights-15m-15-bulbs\\\/\",\"url\":\"https:\\\/\\\/decolights.eu\\\/product\\\/rgb-festoon-led-lights-15m-15-bulbs\\\/\",\"name\":\"RGB Festoon LED lights 15M 15 bulbs - Best price - Decolights.eu\",\"isPartOf\":{\"@id\":\"https:\\\/\\\/decolights.eu\\\/#website\"},\"primaryImageOfPage\":{\"@id\":\"https:\\\/\\\/decolights.eu\\\/product\\\/rgb-festoon-led-lights-15m-15-bulbs\\\/#primaryimage\"},\"image\":{\"@id\":\"https:\\\/\\\/decolights.eu\\\/product\\\/rgb-festoon-led-lights-15m-15-bulbs\\\/#primaryimage\"},\"thumbnailUrl\":\"https:\\\/\\\/decolights.eu\\\/wp-content\\\/uploads\\\/2023\\\/04\\\/Hanging-garden-garland-15m-12V-IP65-15323_7.jpg\",\"datePublished\":\"2023-04-01T04:26:07+00:00\",\"dateModified\":\"2023-05-01T14:55:54+00:00\",\"description\":\"Decorate your patio or garden with a nice festoon RGB LED lights with hanging bulbs to get an outstanding atmosphere. Buy now the get the best price!\",\"breadcrumb\":{\"@id\":\"https:\\\/\\\/decolights.eu\\\/product\\\/rgb-festoon-led-lights-15m-15-bulbs\\\/#breadcrumb\"},\"inLanguage\":\"pl-PL\",\"potentialAction\":[{\"@type\":\"ReadAction\",\"target\":[\"https:\\\/\\\/decolights.eu\\\/product\\\/rgb-festoon-led-lights-15m-15-bulbs\\\/\"]}]},{\"@type\":\"ImageObject\",\"inLanguage\":\"pl-PL\",\"@id\":\"https:\\\/\\\/decolights.eu\\\/product\\\/rgb-festoon-led-lights-15m-15-bulbs\\\/#primaryimage\",\"url\":\"https:\\\/\\\/decolights.eu\\\/wp-content\\\/uploads\\\/2023\\\/04\\\/Hanging-garden-garland-15m-12V-IP65-15323_7.jpg\",\"contentUrl\":\"https:\\\/\\\/decolights.eu\\\/wp-content\\\/uploads\\\/2023\\\/04\\\/Hanging-garden-garland-15m-12V-IP65-15323_7.jpg\",\"width\":1500,\"height\":1457},{\"@type\":\"BreadcrumbList\",\"@id\":\"https:\\\/\\\/decolights.eu\\\/product\\\/rgb-festoon-led-lights-15m-15-bulbs\\\/#breadcrumb\",\"itemListElement\":[{\"@type\":\"ListItem\",\"position\":1,\"name\":\"Shop\",\"item\":\"https:\\\/\\\/decolights.eu\\\/shop\\\/\"},{\"@type\":\"ListItem\",\"position\":2,\"name\":\"RGB Festoon LED lights 15M 15 bulbs\"}]},{\"@type\":\"WebSite\",\"@id\":\"https:\\\/\\\/decolights.eu\\\/#website\",\"url\":\"https:\\\/\\\/decolights.eu\\\/\",\"name\":\"decolights\",\"description\":\"Led Decorations for Home and Garden\",\"publisher\":{\"@id\":\"https:\\\/\\\/decolights.eu\\\/#organization\"},\"alternateName\":\"decolights.eu\",\"potentialAction\":[{\"@type\":\"SearchAction\",\"target\":{\"@type\":\"EntryPoint\",\"urlTemplate\":\"https:\\\/\\\/decolights.eu\\\/?s={search_term_string}\"},\"query-input\":{\"@type\":\"PropertyValueSpecification\",\"valueRequired\":true,\"valueName\":\"search_term_string\"}}],\"inLanguage\":\"pl-PL\"},{\"@type\":\"Organization\",\"@id\":\"https:\\\/\\\/decolights.eu\\\/#organization\",\"name\":\"decolights\",\"url\":\"https:\\\/\\\/decolights.eu\\\/\",\"logo\":{\"@type\":\"ImageObject\",\"inLanguage\":\"pl-PL\",\"@id\":\"https:\\\/\\\/decolights.eu\\\/#\\\/schema\\\/logo\\\/image\\\/\",\"url\":\"https:\\\/\\\/decolights.eu\\\/wp-content\\\/uploads\\\/2023\\\/07\\\/cropped-decolight-siteicon.png\",\"contentUrl\":\"https:\\\/\\\/decolights.eu\\\/wp-content\\\/uploads\\\/2023\\\/07\\\/cropped-decolight-siteicon.png\",\"width\":512,\"height\":512,\"caption\":\"decolights\"},\"image\":{\"@id\":\"https:\\\/\\\/decolights.eu\\\/#\\\/schema\\\/logo\\\/image\\\/\"}}]}<\/script>\n<!-- \/ Yoast SEO plugin. -->","yoast_head_json":{"title":"O\u015bwietlenie girlandowe LED RGB 15M 15 \u017car\u00f3wek - Najlepsza cena - Decolights.eu","description":"Udekoruj sw\u00f3j taras lub ogr\u00f3d \u0142adnym girland\u0105 \u015bwiate\u0142 LED RGB z wisz\u0105cymi \u017car\u00f3wkami, aby uzyska\u0107 wyj\u0105tkow\u0105 atmosfer\u0119. Kup teraz, aby uzyska\u0107 najlepsz\u0105 cen\u0119!","robots":{"index":"index","follow":"follow","max-snippet":"max-snippet:-1","max-image-preview":"max-image-preview:large","max-video-preview":"max-video-preview:-1"},"canonical":"https:\/\/decolights.eu\/pl\/produkt-2\/rgb-festoon-led-lights-15m-15-bulbs\/","og_locale":"pl_PL","og_type":"article","og_title":"RGB Festoon LED lights 15M 15 bulbs - Best price - Decolights.eu","og_description":"Decorate your patio or garden with a nice festoon RGB LED lights with hanging bulbs to get an outstanding atmosphere. Buy now the get the best price!","og_url":"https:\/\/decolights.eu\/pl\/produkt-2\/rgb-festoon-led-lights-15m-15-bulbs\/","og_site_name":"Decolights.eu","article_modified_time":"2023-05-01T14:55:54+00:00","og_image":[{"width":1500,"height":1457,"url":"https:\/\/decolights.eu\/wp-content\/uploads\/2023\/04\/Hanging-garden-garland-15m-12V-IP65-15323_7.jpg","type":"image\/jpeg"}],"twitter_card":"summary_large_image","twitter_misc":{"Szacowany czas czytania":"1 minuta"},"schema":{"@context":"https:\/\/schema.org","@graph":[{"@type":"WebPage","@id":"https:\/\/decolights.eu\/product\/rgb-festoon-led-lights-15m-15-bulbs\/","url":"https:\/\/decolights.eu\/product\/rgb-festoon-led-lights-15m-15-bulbs\/","name":"O\u015bwietlenie girlandowe LED RGB 15M 15 \u017car\u00f3wek - Najlepsza cena - Decolights.eu","isPartOf":{"@id":"https:\/\/decolights.eu\/#website"},"primaryImageOfPage":{"@id":"https:\/\/decolights.eu\/product\/rgb-festoon-led-lights-15m-15-bulbs\/#primaryimage"},"image":{"@id":"https:\/\/decolights.eu\/product\/rgb-festoon-led-lights-15m-15-bulbs\/#primaryimage"},"thumbnailUrl":"https:\/\/decolights.eu\/wp-content\/uploads\/2023\/04\/Hanging-garden-garland-15m-12V-IP65-15323_7.jpg","datePublished":"2023-04-01T04:26:07+00:00","dateModified":"2023-05-01T14:55:54+00:00","description":"Udekoruj sw\u00f3j taras lub ogr\u00f3d \u0142adnym girland\u0105 \u015bwiate\u0142 LED RGB z wisz\u0105cymi \u017car\u00f3wkami, aby uzyska\u0107 wyj\u0105tkow\u0105 atmosfer\u0119. Kup teraz, aby uzyska\u0107 najlepsz\u0105 cen\u0119!","breadcrumb":{"@id":"https:\/\/decolights.eu\/product\/rgb-festoon-led-lights-15m-15-bulbs\/#breadcrumb"},"inLanguage":"pl-PL","potentialAction":[{"@type":"ReadAction","target":["https:\/\/decolights.eu\/product\/rgb-festoon-led-lights-15m-15-bulbs\/"]}]},{"@type":"ImageObject","inLanguage":"pl-PL","@id":"https:\/\/decolights.eu\/product\/rgb-festoon-led-lights-15m-15-bulbs\/#primaryimage","url":"https:\/\/decolights.eu\/wp-content\/uploads\/2023\/04\/Hanging-garden-garland-15m-12V-IP65-15323_7.jpg","contentUrl":"https:\/\/decolights.eu\/wp-content\/uploads\/2023\/04\/Hanging-garden-garland-15m-12V-IP65-15323_7.jpg","width":1500,"height":1457},{"@type":"BreadcrumbList","@id":"https:\/\/decolights.eu\/product\/rgb-festoon-led-lights-15m-15-bulbs\/#breadcrumb","itemListElement":[{"@type":"ListItem","position":1,"name":"Shop","item":"https:\/\/decolights.eu\/shop\/"},{"@type":"ListItem","position":2,"name":"RGB Festoon LED lights 15M 15 bulbs"}]},{"@type":"WebSite","@id":"https:\/\/decolights.eu\/#website","url":"https:\/\/decolights.eu\/","name":"dekoracje","description":"Dekoracje LED do domu i ogrodu","publisher":{"@id":"https:\/\/decolights.eu\/#organization"},"alternateName":"decolights.eu","potentialAction":[{"@type":"SearchAction","target":{"@type":"EntryPoint","urlTemplate":"https:\/\/decolights.eu\/?s={search_term_string}"},"query-input":{"@type":"PropertyValueSpecification","valueRequired":true,"valueName":"search_term_string"}}],"inLanguage":"pl-PL"},{"@type":"Organization","@id":"https:\/\/decolights.eu\/#organization","name":"dekoracje","url":"https:\/\/decolights.eu\/","logo":{"@type":"ImageObject","inLanguage":"pl-PL","@id":"https:\/\/decolights.eu\/#\/schema\/logo\/image\/","url":"https:\/\/decolights.eu\/wp-content\/uploads\/2023\/07\/cropped-decolight-siteicon.png","contentUrl":"https:\/\/decolights.eu\/wp-content\/uploads\/2023\/07\/cropped-decolight-siteicon.png","width":512,"height":512,"caption":"decolights"},"image":{"@id":"https:\/\/decolights.eu\/#\/schema\/logo\/image\/"}}]}},"jetpack_sharing_enabled":true,"_links":{"self":[{"href":"https:\/\/decolights.eu\/pl\/wp-json\/wp\/v2\/product\/5052","targetHints":{"allow":["GET"]}}],"collection":[{"href":"https:\/\/decolights.eu\/pl\/wp-json\/wp\/v2\/product"}],"about":[{"href":"https:\/\/decolights.eu\/pl\/wp-json\/wp\/v2\/types\/product"}],"replies":[{"embeddable":true,"href":"https:\/\/decolights.eu\/pl\/wp-json\/wp\/v2\/comments?post=5052"}],"wp:featuredmedia":[{"embeddable":true,"href":"https:\/\/decolights.eu\/pl\/wp-json\/wp\/v2\/media\/5126"}],"wp:attachment":[{"href":"https:\/\/decolights.eu\/pl\/wp-json\/wp\/v2\/media?parent=5052"}],"wp:term":[{"taxonomy":"product_brand","embeddable":true,"href":"https:\/\/decolights.eu\/pl\/wp-json\/wp\/v2\/product_brand?post=5052"},{"taxonomy":"product_cat","embeddable":true,"href":"https:\/\/decolights.eu\/pl\/wp-json\/wp\/v2\/product_cat?post=5052"},{"taxonomy":"product_tag","embeddable":true,"href":"https:\/\/decolights.eu\/pl\/wp-json\/wp\/v2\/product_tag?post=5052"}],"curies":[{"name":"wp","href":"https:\/\/api.w.org\/{rel}","templated":true}]}}