{"id":5085,"date":"2023-04-01T04:26:33","date_gmt":"2023-04-01T04:26:33","guid":{"rendered":"https:\/\/decolights.eu\/?post_type=product&#038;p=5085"},"modified":"2023-05-09T12:31:23","modified_gmt":"2023-05-09T12:31:23","slug":"smart-twinkly-icicle-lights-special-edition-190-rgbw-leds-gen-ii","status":"publish","type":"product","link":"https:\/\/decolights.eu\/pl\/produkt-2\/smart-twinkly-icicle-lights-special-edition-190-rgbw-leds-gen-ii\/","title":{"rendered":"Inteligentne o\u015bwietlenie Twinkly Icicle Edycja specjalna 190 diod LED RGB+W (Gen II)"},"content":{"rendered":"<p>O\u015bwietlenie \u015bwi\u0105teczne Twinkly \u0142\u0105czy w sobie wielokolorowe \u015bwiat\u0142a LED RGB+W i inteligentne technologie. \u015awiat\u0142em mo\u017cesz sterowa\u0107 poprzez sie\u0107 Wi-Fi lub Bluetooth \u2013 stw\u00f3rz dok\u0142adnie taki rodzaj o\u015bwietlenia i wz\u00f3r, jaki lubisz. U\u017cywaj r\u00f3\u017cnych efekt\u00f3w i animacji. <strong>Synchronizacja muzyki<\/strong> umo\u017cliwia po\u0142\u0105czenie o\u015bwietlenia z muzyk\u0105.<\/p>\n<p>Twinkly wsp\u00f3\u0142pracuje tak\u017ce z wirtualnymi asystentami Google Assistant i Amazon Alexa. Posiada stopie\u0144 ochrony IP44, dzi\u0119ki czemu lampy nadaj\u0105 si\u0119 do u\u017cytku wewn\u0105trz i na zewn\u0105trz.<\/p>\n<p><strong>Ca\u0142kowita d\u0142ugo\u015b\u0107 lampek bo\u017conarodzeniowych w kszta\u0142cie sopli wynosi 8,5 metra (z czego 5 metr\u00f3w jest o\u015bwietlonych) i zawiera 900 diod LED. \u017bywotno\u015b\u0107 \u015bwiate\u0142 wynosi ponad 30 000 godzin.<\/strong><\/p>\n<p>&nbsp;<\/p>\n<p><iframe loading=\"lazy\" title=\"Twinkly Generacja II - Funkcje\" width=\"1020\" height=\"574\" src=\"https:\/\/www.youtube.com\/embed\/w7tGW7_j2jA?feature=oembed\" frameborder=\"0\" allow=\"accelerometer; autoplay; clipboard-write; encrypted-media; gyroscope; picture-in-picture; web-share\" allowfullscreen><\/iframe><\/p>\n<p><em>PS: Film ma charakter pogl\u0105dowy i dany produkt mo\u017ce nie posiada\u0107 wszystkich funkcji pokazanych na filmie.<\/em><\/p>\n<p><strong>Klasa IP:<\/strong> IP44<br \/>\n<strong>Ilo\u015b\u0107 diod LED:<\/strong> 900 szt<br \/>\n<strong>Synchronizacja muzyki:<\/strong> Tak, tylko mikrofon USB Twinkly Music<br \/>\n<strong>\u0141\u0105czno\u015b\u0107:<\/strong> Bluetooth\u00ae i Wi-Fi<\/p>","protected":false},"excerpt":{"rendered":"<p>Twinkly Christmas lighting combines multi-colored RGB+W LED lights and smart technologies. You can control the lights over a Wi-Fi network or using Bluetooth &#8211; create exactly the kind of lighting and pattern you like. Use different effects and animations. MusicSync allows lighting to be connected to music. Twinkly also works with Google Assistant and Amazon [&#8230;]\n","protected":false},"featured_media":5170,"comment_status":"open","ping_status":"closed","template":"","meta":[],"product_brand":[],"product_cat":[226,235],"product_tag":[],"class_list":{"0":"post-5085","1":"product","2":"type-product","3":"status-publish","4":"has-post-thumbnail","6":"product_cat-outdoor-lights","7":"product_cat-twinkly-outdoor-lights","8":"pa_brand-twinkly","9":"pa_led-colour-multi-coloured","11":"first","12":"instock","13":"sale","14":"shipping-taxable","15":"purchasable","16":"product-type-simple"},"yoast_head":"<!-- This site is optimized with the Yoast SEO plugin v27.3 - https:\/\/yoast.com\/product\/yoast-seo-wordpress\/ -->\n<title>Smart Twinkly Icicle lights Special Edition 190 RGB+W LEDs (Gen II) - Decolights.eu<\/title>\n<meta name=\"description\" content=\"Twinkly icicle lights is a smart light chain with RGB+W LED lights that can be controlled via app and voice assistants. Get it now for the best price!\" \/>\n<meta name=\"robots\" content=\"index, follow, max-snippet:-1, max-image-preview:large, max-video-preview:-1\" \/>\n<link rel=\"canonical\" href=\"https:\/\/decolights.eu\/pl\/produkt-2\/smart-twinkly-icicle-lights-special-edition-190-rgbw-leds-gen-ii\/\" \/>\n<meta property=\"og:locale\" content=\"pl_PL\" \/>\n<meta property=\"og:type\" content=\"article\" \/>\n<meta property=\"og:title\" content=\"Smart Twinkly Icicle lights Special Edition 190 RGB+W LEDs (Gen II) - Decolights.eu\" \/>\n<meta property=\"og:description\" content=\"Twinkly icicle lights is a smart light chain with RGB+W LED lights that can be controlled via app and voice assistants. Get it now for the best price!\" \/>\n<meta property=\"og:url\" content=\"https:\/\/decolights.eu\/pl\/produkt-2\/smart-twinkly-icicle-lights-special-edition-190-rgbw-leds-gen-ii\/\" \/>\n<meta property=\"og:site_name\" content=\"Decolights.eu\" \/>\n<meta property=\"article:modified_time\" content=\"2023-05-09T12:31:23+00:00\" \/>\n<meta property=\"og:image\" content=\"https:\/\/decolights.eu\/wp-content\/uploads\/2023\/04\/TWINKLY-ICICLE2.jpg\" \/>\n\t<meta property=\"og:image:width\" content=\"800\" \/>\n\t<meta property=\"og:image:height\" content=\"800\" \/>\n\t<meta property=\"og:image:type\" content=\"image\/jpeg\" \/>\n<meta name=\"twitter:card\" content=\"summary_large_image\" \/>\n<meta name=\"twitter:label1\" content=\"Szacowany czas czytania\" \/>\n\t<meta name=\"twitter:data1\" content=\"1 minuta\" \/>\n<script type=\"application\/ld+json\" class=\"yoast-schema-graph\">{\"@context\":\"https:\\\/\\\/schema.org\",\"@graph\":[{\"@type\":\"WebPage\",\"@id\":\"https:\\\/\\\/decolights.eu\\\/product\\\/smart-twinkly-icicle-lights-special-edition-190-rgbw-leds-gen-ii\\\/\",\"url\":\"https:\\\/\\\/decolights.eu\\\/product\\\/smart-twinkly-icicle-lights-special-edition-190-rgbw-leds-gen-ii\\\/\",\"name\":\"Smart Twinkly Icicle lights Special Edition 190 RGB+W LEDs (Gen II) - Decolights.eu\",\"isPartOf\":{\"@id\":\"https:\\\/\\\/decolights.eu\\\/#website\"},\"primaryImageOfPage\":{\"@id\":\"https:\\\/\\\/decolights.eu\\\/product\\\/smart-twinkly-icicle-lights-special-edition-190-rgbw-leds-gen-ii\\\/#primaryimage\"},\"image\":{\"@id\":\"https:\\\/\\\/decolights.eu\\\/product\\\/smart-twinkly-icicle-lights-special-edition-190-rgbw-leds-gen-ii\\\/#primaryimage\"},\"thumbnailUrl\":\"https:\\\/\\\/decolights.eu\\\/wp-content\\\/uploads\\\/2023\\\/04\\\/TWINKLY-ICICLE2.jpg\",\"datePublished\":\"2023-04-01T04:26:33+00:00\",\"dateModified\":\"2023-05-09T12:31:23+00:00\",\"description\":\"Twinkly icicle lights is a smart light chain with RGB+W LED lights that can be controlled via app and voice assistants. Get it now for the best price!\",\"breadcrumb\":{\"@id\":\"https:\\\/\\\/decolights.eu\\\/product\\\/smart-twinkly-icicle-lights-special-edition-190-rgbw-leds-gen-ii\\\/#breadcrumb\"},\"inLanguage\":\"pl-PL\",\"potentialAction\":[{\"@type\":\"ReadAction\",\"target\":[\"https:\\\/\\\/decolights.eu\\\/product\\\/smart-twinkly-icicle-lights-special-edition-190-rgbw-leds-gen-ii\\\/\"]}]},{\"@type\":\"ImageObject\",\"inLanguage\":\"pl-PL\",\"@id\":\"https:\\\/\\\/decolights.eu\\\/product\\\/smart-twinkly-icicle-lights-special-edition-190-rgbw-leds-gen-ii\\\/#primaryimage\",\"url\":\"https:\\\/\\\/decolights.eu\\\/wp-content\\\/uploads\\\/2023\\\/04\\\/TWINKLY-ICICLE2.jpg\",\"contentUrl\":\"https:\\\/\\\/decolights.eu\\\/wp-content\\\/uploads\\\/2023\\\/04\\\/TWINKLY-ICICLE2.jpg\",\"width\":800,\"height\":800},{\"@type\":\"BreadcrumbList\",\"@id\":\"https:\\\/\\\/decolights.eu\\\/product\\\/smart-twinkly-icicle-lights-special-edition-190-rgbw-leds-gen-ii\\\/#breadcrumb\",\"itemListElement\":[{\"@type\":\"ListItem\",\"position\":1,\"name\":\"Shop\",\"item\":\"https:\\\/\\\/decolights.eu\\\/shop\\\/\"},{\"@type\":\"ListItem\",\"position\":2,\"name\":\"Smart Twinkly Icicle lights Special Edition 190 RGB+W LEDs (Gen II)\"}]},{\"@type\":\"WebSite\",\"@id\":\"https:\\\/\\\/decolights.eu\\\/#website\",\"url\":\"https:\\\/\\\/decolights.eu\\\/\",\"name\":\"decolights\",\"description\":\"Led Decorations for Home and Garden\",\"publisher\":{\"@id\":\"https:\\\/\\\/decolights.eu\\\/#organization\"},\"alternateName\":\"decolights.eu\",\"potentialAction\":[{\"@type\":\"SearchAction\",\"target\":{\"@type\":\"EntryPoint\",\"urlTemplate\":\"https:\\\/\\\/decolights.eu\\\/?s={search_term_string}\"},\"query-input\":{\"@type\":\"PropertyValueSpecification\",\"valueRequired\":true,\"valueName\":\"search_term_string\"}}],\"inLanguage\":\"pl-PL\"},{\"@type\":\"Organization\",\"@id\":\"https:\\\/\\\/decolights.eu\\\/#organization\",\"name\":\"decolights\",\"url\":\"https:\\\/\\\/decolights.eu\\\/\",\"logo\":{\"@type\":\"ImageObject\",\"inLanguage\":\"pl-PL\",\"@id\":\"https:\\\/\\\/decolights.eu\\\/#\\\/schema\\\/logo\\\/image\\\/\",\"url\":\"https:\\\/\\\/decolights.eu\\\/wp-content\\\/uploads\\\/2023\\\/07\\\/cropped-decolight-siteicon.png\",\"contentUrl\":\"https:\\\/\\\/decolights.eu\\\/wp-content\\\/uploads\\\/2023\\\/07\\\/cropped-decolight-siteicon.png\",\"width\":512,\"height\":512,\"caption\":\"decolights\"},\"image\":{\"@id\":\"https:\\\/\\\/decolights.eu\\\/#\\\/schema\\\/logo\\\/image\\\/\"}}]}<\/script>\n<!-- \/ Yoast SEO plugin. -->","yoast_head_json":{"title":"Inteligentne lampki Twinkly Icicle Edycja Specjalna 190 diod LED RGB+W (Gen II) - Decolights.eu","description":"Twinkly Icicle Lights to inteligentny \u0142a\u0144cuch \u015bwietlny ze \u015bwiat\u0142ami LED RGB+W, kt\u00f3rymi mo\u017cna sterowa\u0107 za pomoc\u0105 aplikacji i asystent\u00f3w g\u0142osowych. Zdob\u0105d\u017a go teraz w najlepszej cenie!","robots":{"index":"index","follow":"follow","max-snippet":"max-snippet:-1","max-image-preview":"max-image-preview:large","max-video-preview":"max-video-preview:-1"},"canonical":"https:\/\/decolights.eu\/pl\/produkt-2\/smart-twinkly-icicle-lights-special-edition-190-rgbw-leds-gen-ii\/","og_locale":"pl_PL","og_type":"article","og_title":"Smart Twinkly Icicle lights Special Edition 190 RGB+W LEDs (Gen II) - Decolights.eu","og_description":"Twinkly icicle lights is a smart light chain with RGB+W LED lights that can be controlled via app and voice assistants. Get it now for the best price!","og_url":"https:\/\/decolights.eu\/pl\/produkt-2\/smart-twinkly-icicle-lights-special-edition-190-rgbw-leds-gen-ii\/","og_site_name":"Decolights.eu","article_modified_time":"2023-05-09T12:31:23+00:00","og_image":[{"width":800,"height":800,"url":"https:\/\/decolights.eu\/wp-content\/uploads\/2023\/04\/TWINKLY-ICICLE2.jpg","type":"image\/jpeg"}],"twitter_card":"summary_large_image","twitter_misc":{"Szacowany czas czytania":"1 minuta"},"schema":{"@context":"https:\/\/schema.org","@graph":[{"@type":"WebPage","@id":"https:\/\/decolights.eu\/product\/smart-twinkly-icicle-lights-special-edition-190-rgbw-leds-gen-ii\/","url":"https:\/\/decolights.eu\/product\/smart-twinkly-icicle-lights-special-edition-190-rgbw-leds-gen-ii\/","name":"Inteligentne lampki Twinkly Icicle Edycja Specjalna 190 diod LED RGB+W (Gen II) - Decolights.eu","isPartOf":{"@id":"https:\/\/decolights.eu\/#website"},"primaryImageOfPage":{"@id":"https:\/\/decolights.eu\/product\/smart-twinkly-icicle-lights-special-edition-190-rgbw-leds-gen-ii\/#primaryimage"},"image":{"@id":"https:\/\/decolights.eu\/product\/smart-twinkly-icicle-lights-special-edition-190-rgbw-leds-gen-ii\/#primaryimage"},"thumbnailUrl":"https:\/\/decolights.eu\/wp-content\/uploads\/2023\/04\/TWINKLY-ICICLE2.jpg","datePublished":"2023-04-01T04:26:33+00:00","dateModified":"2023-05-09T12:31:23+00:00","description":"Twinkly Icicle Lights to inteligentny \u0142a\u0144cuch \u015bwietlny ze \u015bwiat\u0142ami LED RGB+W, kt\u00f3rymi mo\u017cna sterowa\u0107 za pomoc\u0105 aplikacji i asystent\u00f3w g\u0142osowych. Zdob\u0105d\u017a go teraz w najlepszej cenie!","breadcrumb":{"@id":"https:\/\/decolights.eu\/product\/smart-twinkly-icicle-lights-special-edition-190-rgbw-leds-gen-ii\/#breadcrumb"},"inLanguage":"pl-PL","potentialAction":[{"@type":"ReadAction","target":["https:\/\/decolights.eu\/product\/smart-twinkly-icicle-lights-special-edition-190-rgbw-leds-gen-ii\/"]}]},{"@type":"ImageObject","inLanguage":"pl-PL","@id":"https:\/\/decolights.eu\/product\/smart-twinkly-icicle-lights-special-edition-190-rgbw-leds-gen-ii\/#primaryimage","url":"https:\/\/decolights.eu\/wp-content\/uploads\/2023\/04\/TWINKLY-ICICLE2.jpg","contentUrl":"https:\/\/decolights.eu\/wp-content\/uploads\/2023\/04\/TWINKLY-ICICLE2.jpg","width":800,"height":800},{"@type":"BreadcrumbList","@id":"https:\/\/decolights.eu\/product\/smart-twinkly-icicle-lights-special-edition-190-rgbw-leds-gen-ii\/#breadcrumb","itemListElement":[{"@type":"ListItem","position":1,"name":"Shop","item":"https:\/\/decolights.eu\/shop\/"},{"@type":"ListItem","position":2,"name":"Smart Twinkly Icicle lights Special Edition 190 RGB+W LEDs (Gen II)"}]},{"@type":"WebSite","@id":"https:\/\/decolights.eu\/#website","url":"https:\/\/decolights.eu\/","name":"dekoracje","description":"Dekoracje LED do domu i ogrodu","publisher":{"@id":"https:\/\/decolights.eu\/#organization"},"alternateName":"decolights.eu","potentialAction":[{"@type":"SearchAction","target":{"@type":"EntryPoint","urlTemplate":"https:\/\/decolights.eu\/?s={search_term_string}"},"query-input":{"@type":"PropertyValueSpecification","valueRequired":true,"valueName":"search_term_string"}}],"inLanguage":"pl-PL"},{"@type":"Organization","@id":"https:\/\/decolights.eu\/#organization","name":"dekoracje","url":"https:\/\/decolights.eu\/","logo":{"@type":"ImageObject","inLanguage":"pl-PL","@id":"https:\/\/decolights.eu\/#\/schema\/logo\/image\/","url":"https:\/\/decolights.eu\/wp-content\/uploads\/2023\/07\/cropped-decolight-siteicon.png","contentUrl":"https:\/\/decolights.eu\/wp-content\/uploads\/2023\/07\/cropped-decolight-siteicon.png","width":512,"height":512,"caption":"decolights"},"image":{"@id":"https:\/\/decolights.eu\/#\/schema\/logo\/image\/"}}]}},"jetpack_sharing_enabled":true,"_links":{"self":[{"href":"https:\/\/decolights.eu\/pl\/wp-json\/wp\/v2\/product\/5085","targetHints":{"allow":["GET"]}}],"collection":[{"href":"https:\/\/decolights.eu\/pl\/wp-json\/wp\/v2\/product"}],"about":[{"href":"https:\/\/decolights.eu\/pl\/wp-json\/wp\/v2\/types\/product"}],"replies":[{"embeddable":true,"href":"https:\/\/decolights.eu\/pl\/wp-json\/wp\/v2\/comments?post=5085"}],"wp:featuredmedia":[{"embeddable":true,"href":"https:\/\/decolights.eu\/pl\/wp-json\/wp\/v2\/media\/5170"}],"wp:attachment":[{"href":"https:\/\/decolights.eu\/pl\/wp-json\/wp\/v2\/media?parent=5085"}],"wp:term":[{"taxonomy":"product_brand","embeddable":true,"href":"https:\/\/decolights.eu\/pl\/wp-json\/wp\/v2\/product_brand?post=5085"},{"taxonomy":"product_cat","embeddable":true,"href":"https:\/\/decolights.eu\/pl\/wp-json\/wp\/v2\/product_cat?post=5085"},{"taxonomy":"product_tag","embeddable":true,"href":"https:\/\/decolights.eu\/pl\/wp-json\/wp\/v2\/product_tag?post=5085"}],"curies":[{"name":"wp","href":"https:\/\/api.w.org\/{rel}","templated":true}]}}