{"id":5218,"date":"2023-04-01T04:28:03","date_gmt":"2023-04-01T04:28:03","guid":{"rendered":"https:\/\/decolights.eu\/?post_type=product&#038;p=5218"},"modified":"2023-04-29T23:43:19","modified_gmt":"2023-04-29T23:43:19","slug":"extentsion-cable-lungo-7m","status":"publish","type":"product","link":"https:\/\/decolights.eu\/pl\/produkt-2\/extentsion-cable-lungo-7m\/","title":{"rendered":"Przed\u0142u\u017cacz Lungo 7M"},"content":{"rendered":"<p>Przed\u0142u\u017cacz do u\u017cytku na zewn\u0105trz. Czarny kabel o d\u0142ugo\u015bci 7 m z jednym gniazdem.<\/p>\n<ul>\n<li><strong>D\u0142ugo\u015b\u0107:<\/strong> 7M<\/li>\n<li><strong>Kolor:<\/strong> czarny<\/li>\n<li><strong>Klasa IP: <\/strong>IP44<\/li>\n<li>230 V AC<\/li>\n<\/ul>","protected":false},"excerpt":{"rendered":"<p>Extension cable for outdoor use. 7 m long black cable with one outlet. Length: 7M Colour: black IP Rating: IP44 230V AC<\/p>","protected":false},"featured_media":5249,"comment_status":"open","ping_status":"closed","template":"","meta":[],"product_brand":[],"product_cat":[211],"product_tag":[],"class_list":{"0":"post-5218","1":"product","2":"type-product","3":"status-publish","4":"has-post-thumbnail","6":"product_cat-accessories","7":"pa_brand-deco","9":"first","10":"instock","11":"sale","12":"shipping-taxable","13":"purchasable","14":"product-type-simple"},"yoast_head":"<!-- This site is optimized with the Yoast SEO plugin v27.3 - https:\/\/yoast.com\/product\/yoast-seo-wordpress\/ -->\n<title>Extentsion Cable Lungo 7M - Best price - Decolights.eu<\/title>\n<meta name=\"description\" content=\"Extention cable is a great accessory for decoration. It allows you to extend the reach of your lights and place them in more creative and unique locations.\" \/>\n<meta name=\"robots\" content=\"index, follow, max-snippet:-1, max-image-preview:large, max-video-preview:-1\" \/>\n<link rel=\"canonical\" href=\"https:\/\/decolights.eu\/pl\/produkt-2\/extentsion-cable-lungo-7m\/\" \/>\n<meta property=\"og:locale\" content=\"pl_PL\" \/>\n<meta property=\"og:type\" content=\"article\" \/>\n<meta property=\"og:title\" content=\"Extentsion Cable Lungo 7M - Best price - Decolights.eu\" \/>\n<meta property=\"og:description\" content=\"Extention cable is a great accessory for decoration. It allows you to extend the reach of your lights and place them in more creative and unique locations.\" \/>\n<meta property=\"og:url\" content=\"https:\/\/decolights.eu\/pl\/produkt-2\/extentsion-cable-lungo-7m\/\" \/>\n<meta property=\"og:site_name\" content=\"Decolights.eu\" \/>\n<meta property=\"article:modified_time\" content=\"2023-04-29T23:43:19+00:00\" \/>\n<meta property=\"og:image\" content=\"https:\/\/decolights.eu\/wp-content\/uploads\/2023\/04\/418-98_MN.png\" \/>\n\t<meta property=\"og:image:width\" content=\"600\" \/>\n\t<meta property=\"og:image:height\" content=\"600\" \/>\n\t<meta property=\"og:image:type\" content=\"image\/png\" \/>\n<meta name=\"twitter:card\" content=\"summary_large_image\" \/>\n<meta name=\"twitter:label1\" content=\"Szacowany czas czytania\" \/>\n\t<meta name=\"twitter:data1\" content=\"1 minuta\" \/>\n<script type=\"application\/ld+json\" class=\"yoast-schema-graph\">{\"@context\":\"https:\\\/\\\/schema.org\",\"@graph\":[{\"@type\":\"WebPage\",\"@id\":\"https:\\\/\\\/decolights.eu\\\/product\\\/extentsion-cable-lungo-7m\\\/\",\"url\":\"https:\\\/\\\/decolights.eu\\\/product\\\/extentsion-cable-lungo-7m\\\/\",\"name\":\"Extentsion Cable Lungo 7M - Best price - Decolights.eu\",\"isPartOf\":{\"@id\":\"https:\\\/\\\/decolights.eu\\\/#website\"},\"primaryImageOfPage\":{\"@id\":\"https:\\\/\\\/decolights.eu\\\/product\\\/extentsion-cable-lungo-7m\\\/#primaryimage\"},\"image\":{\"@id\":\"https:\\\/\\\/decolights.eu\\\/product\\\/extentsion-cable-lungo-7m\\\/#primaryimage\"},\"thumbnailUrl\":\"https:\\\/\\\/decolights.eu\\\/wp-content\\\/uploads\\\/2023\\\/04\\\/418-98_MN.png\",\"datePublished\":\"2023-04-01T04:28:03+00:00\",\"dateModified\":\"2023-04-29T23:43:19+00:00\",\"description\":\"Extention cable is a great accessory for decoration. It allows you to extend the reach of your lights and place them in more creative and unique locations.\",\"breadcrumb\":{\"@id\":\"https:\\\/\\\/decolights.eu\\\/product\\\/extentsion-cable-lungo-7m\\\/#breadcrumb\"},\"inLanguage\":\"pl-PL\",\"potentialAction\":[{\"@type\":\"ReadAction\",\"target\":[\"https:\\\/\\\/decolights.eu\\\/product\\\/extentsion-cable-lungo-7m\\\/\"]}]},{\"@type\":\"ImageObject\",\"inLanguage\":\"pl-PL\",\"@id\":\"https:\\\/\\\/decolights.eu\\\/product\\\/extentsion-cable-lungo-7m\\\/#primaryimage\",\"url\":\"https:\\\/\\\/decolights.eu\\\/wp-content\\\/uploads\\\/2023\\\/04\\\/418-98_MN.png\",\"contentUrl\":\"https:\\\/\\\/decolights.eu\\\/wp-content\\\/uploads\\\/2023\\\/04\\\/418-98_MN.png\",\"width\":600,\"height\":600},{\"@type\":\"BreadcrumbList\",\"@id\":\"https:\\\/\\\/decolights.eu\\\/product\\\/extentsion-cable-lungo-7m\\\/#breadcrumb\",\"itemListElement\":[{\"@type\":\"ListItem\",\"position\":1,\"name\":\"Shop\",\"item\":\"https:\\\/\\\/decolights.eu\\\/shop\\\/\"},{\"@type\":\"ListItem\",\"position\":2,\"name\":\"Extentsion Cable Lungo 7M\"}]},{\"@type\":\"WebSite\",\"@id\":\"https:\\\/\\\/decolights.eu\\\/#website\",\"url\":\"https:\\\/\\\/decolights.eu\\\/\",\"name\":\"decolights\",\"description\":\"Led Decorations for Home and Garden\",\"publisher\":{\"@id\":\"https:\\\/\\\/decolights.eu\\\/#organization\"},\"alternateName\":\"decolights.eu\",\"potentialAction\":[{\"@type\":\"SearchAction\",\"target\":{\"@type\":\"EntryPoint\",\"urlTemplate\":\"https:\\\/\\\/decolights.eu\\\/?s={search_term_string}\"},\"query-input\":{\"@type\":\"PropertyValueSpecification\",\"valueRequired\":true,\"valueName\":\"search_term_string\"}}],\"inLanguage\":\"pl-PL\"},{\"@type\":\"Organization\",\"@id\":\"https:\\\/\\\/decolights.eu\\\/#organization\",\"name\":\"decolights\",\"url\":\"https:\\\/\\\/decolights.eu\\\/\",\"logo\":{\"@type\":\"ImageObject\",\"inLanguage\":\"pl-PL\",\"@id\":\"https:\\\/\\\/decolights.eu\\\/#\\\/schema\\\/logo\\\/image\\\/\",\"url\":\"https:\\\/\\\/decolights.eu\\\/wp-content\\\/uploads\\\/2023\\\/07\\\/cropped-decolight-siteicon.png\",\"contentUrl\":\"https:\\\/\\\/decolights.eu\\\/wp-content\\\/uploads\\\/2023\\\/07\\\/cropped-decolight-siteicon.png\",\"width\":512,\"height\":512,\"caption\":\"decolights\"},\"image\":{\"@id\":\"https:\\\/\\\/decolights.eu\\\/#\\\/schema\\\/logo\\\/image\\\/\"}}]}<\/script>\n<!-- \/ Yoast SEO plugin. -->","yoast_head_json":{"title":"Przed\u0142u\u017cacz Lungo 7M - Najlepsza cena - Decolights.eu","description":"Przed\u0142u\u017cacz to \u015bwietny dodatek do dekoracji. Pozwala rozszerzy\u0107 zasi\u0119g \u015bwiate\u0142 i umie\u015bci\u0107 je w bardziej kreatywnych i unikalnych miejscach.","robots":{"index":"index","follow":"follow","max-snippet":"max-snippet:-1","max-image-preview":"max-image-preview:large","max-video-preview":"max-video-preview:-1"},"canonical":"https:\/\/decolights.eu\/pl\/produkt-2\/extentsion-cable-lungo-7m\/","og_locale":"pl_PL","og_type":"article","og_title":"Extentsion Cable Lungo 7M - Best price - Decolights.eu","og_description":"Extention cable is a great accessory for decoration. It allows you to extend the reach of your lights and place them in more creative and unique locations.","og_url":"https:\/\/decolights.eu\/pl\/produkt-2\/extentsion-cable-lungo-7m\/","og_site_name":"Decolights.eu","article_modified_time":"2023-04-29T23:43:19+00:00","og_image":[{"width":600,"height":600,"url":"https:\/\/decolights.eu\/wp-content\/uploads\/2023\/04\/418-98_MN.png","type":"image\/png"}],"twitter_card":"summary_large_image","twitter_misc":{"Szacowany czas czytania":"1 minuta"},"schema":{"@context":"https:\/\/schema.org","@graph":[{"@type":"WebPage","@id":"https:\/\/decolights.eu\/product\/extentsion-cable-lungo-7m\/","url":"https:\/\/decolights.eu\/product\/extentsion-cable-lungo-7m\/","name":"Przed\u0142u\u017cacz Lungo 7M - Najlepsza cena - Decolights.eu","isPartOf":{"@id":"https:\/\/decolights.eu\/#website"},"primaryImageOfPage":{"@id":"https:\/\/decolights.eu\/product\/extentsion-cable-lungo-7m\/#primaryimage"},"image":{"@id":"https:\/\/decolights.eu\/product\/extentsion-cable-lungo-7m\/#primaryimage"},"thumbnailUrl":"https:\/\/decolights.eu\/wp-content\/uploads\/2023\/04\/418-98_MN.png","datePublished":"2023-04-01T04:28:03+00:00","dateModified":"2023-04-29T23:43:19+00:00","description":"Przed\u0142u\u017cacz to \u015bwietny dodatek do dekoracji. Pozwala rozszerzy\u0107 zasi\u0119g \u015bwiate\u0142 i umie\u015bci\u0107 je w bardziej kreatywnych i unikalnych miejscach.","breadcrumb":{"@id":"https:\/\/decolights.eu\/product\/extentsion-cable-lungo-7m\/#breadcrumb"},"inLanguage":"pl-PL","potentialAction":[{"@type":"ReadAction","target":["https:\/\/decolights.eu\/product\/extentsion-cable-lungo-7m\/"]}]},{"@type":"ImageObject","inLanguage":"pl-PL","@id":"https:\/\/decolights.eu\/product\/extentsion-cable-lungo-7m\/#primaryimage","url":"https:\/\/decolights.eu\/wp-content\/uploads\/2023\/04\/418-98_MN.png","contentUrl":"https:\/\/decolights.eu\/wp-content\/uploads\/2023\/04\/418-98_MN.png","width":600,"height":600},{"@type":"BreadcrumbList","@id":"https:\/\/decolights.eu\/product\/extentsion-cable-lungo-7m\/#breadcrumb","itemListElement":[{"@type":"ListItem","position":1,"name":"Shop","item":"https:\/\/decolights.eu\/shop\/"},{"@type":"ListItem","position":2,"name":"Extentsion Cable Lungo 7M"}]},{"@type":"WebSite","@id":"https:\/\/decolights.eu\/#website","url":"https:\/\/decolights.eu\/","name":"dekoracje","description":"Dekoracje LED do domu i ogrodu","publisher":{"@id":"https:\/\/decolights.eu\/#organization"},"alternateName":"decolights.eu","potentialAction":[{"@type":"SearchAction","target":{"@type":"EntryPoint","urlTemplate":"https:\/\/decolights.eu\/?s={search_term_string}"},"query-input":{"@type":"PropertyValueSpecification","valueRequired":true,"valueName":"search_term_string"}}],"inLanguage":"pl-PL"},{"@type":"Organization","@id":"https:\/\/decolights.eu\/#organization","name":"dekoracje","url":"https:\/\/decolights.eu\/","logo":{"@type":"ImageObject","inLanguage":"pl-PL","@id":"https:\/\/decolights.eu\/#\/schema\/logo\/image\/","url":"https:\/\/decolights.eu\/wp-content\/uploads\/2023\/07\/cropped-decolight-siteicon.png","contentUrl":"https:\/\/decolights.eu\/wp-content\/uploads\/2023\/07\/cropped-decolight-siteicon.png","width":512,"height":512,"caption":"decolights"},"image":{"@id":"https:\/\/decolights.eu\/#\/schema\/logo\/image\/"}}]}},"jetpack_sharing_enabled":true,"_links":{"self":[{"href":"https:\/\/decolights.eu\/pl\/wp-json\/wp\/v2\/product\/5218","targetHints":{"allow":["GET"]}}],"collection":[{"href":"https:\/\/decolights.eu\/pl\/wp-json\/wp\/v2\/product"}],"about":[{"href":"https:\/\/decolights.eu\/pl\/wp-json\/wp\/v2\/types\/product"}],"replies":[{"embeddable":true,"href":"https:\/\/decolights.eu\/pl\/wp-json\/wp\/v2\/comments?post=5218"}],"wp:featuredmedia":[{"embeddable":true,"href":"https:\/\/decolights.eu\/pl\/wp-json\/wp\/v2\/media\/5249"}],"wp:attachment":[{"href":"https:\/\/decolights.eu\/pl\/wp-json\/wp\/v2\/media?parent=5218"}],"wp:term":[{"taxonomy":"product_brand","embeddable":true,"href":"https:\/\/decolights.eu\/pl\/wp-json\/wp\/v2\/product_brand?post=5218"},{"taxonomy":"product_cat","embeddable":true,"href":"https:\/\/decolights.eu\/pl\/wp-json\/wp\/v2\/product_cat?post=5218"},{"taxonomy":"product_tag","embeddable":true,"href":"https:\/\/decolights.eu\/pl\/wp-json\/wp\/v2\/product_tag?post=5218"}],"curies":[{"name":"wp","href":"https:\/\/api.w.org\/{rel}","templated":true}]}}