{"id":5290,"date":"2023-04-01T04:28:50","date_gmt":"2023-04-01T04:28:50","guid":{"rendered":"https:\/\/decolights.eu\/?post_type=product&#038;p=5290"},"modified":"2023-04-29T14:20:41","modified_gmt":"2023-04-29T14:20:41","slug":"christmas-tree-150cm","status":"publish","type":"product","link":"https:\/\/decolights.eu\/pl\/produkt-2\/christmas-tree-150cm\/","title":{"rendered":"Choinka 150cm"},"content":{"rendered":"<p>Nasze wysokiej jako\u015bci choinki s\u0105 bardzo prawdziwe i pi\u0119kne. B\u0119dzie trwa\u0107 przez dziesi\u0119ciolecia i przyniesie rado\u015b\u0107 Tobie i Twojej rodzinie w ka\u017cde Bo\u017ce Narodzenie!<\/p>\n<ul>\n<li><strong>Kolor: <\/strong>zielony<\/li>\n<li><strong>Wysoko\u015b\u0107: <\/strong>150cm<\/li>\n<li><strong>Szeroko\u015b\u0107: <\/strong>105cm<\/li>\n<li>B\u0119dzie w 2 cz\u0119\u015bciach<\/li>\n<li><strong>Liczba oddzia\u0142\u00f3w<\/strong>: : 420 szt.<\/li>\n<li>W zestawie stojak na choink\u0119<\/li>\n<\/ul>","protected":false},"excerpt":{"rendered":"<p>Our high quality Christmas trees are very truthful and beautiful. It will last for decades and will bring joy to you and your family every Christmas! Colour: green Height: 150cm Width: 105cm It will come in 2 pieces Number of branches: 420 pcs Christmas tree stand included<\/p>","protected":false},"featured_media":5366,"comment_status":"open","ping_status":"closed","template":"","meta":[],"product_brand":[],"product_cat":[224,214],"product_tag":[],"class_list":{"0":"post-5290","1":"product","2":"type-product","3":"status-publish","4":"has-post-thumbnail","6":"product_cat-christmas-trees","7":"product_cat-indoor-lights","8":"pa_brand-deco","10":"first","11":"instock","12":"sale","13":"shipping-taxable","14":"purchasable","15":"product-type-simple"},"yoast_head":"<!-- This site is optimized with the Yoast SEO plugin v27.3 - https:\/\/yoast.com\/product\/yoast-seo-wordpress\/ -->\n<title>Christmas tree 150cm - Best price guarantee - Decolights.eu<\/title>\n<meta name=\"description\" content=\"Our Christmas trees are very truthful and beautiful. It will last for decades and will bring joy to you and your family every Christmas! Buy now!\" \/>\n<meta name=\"robots\" content=\"index, follow, max-snippet:-1, max-image-preview:large, max-video-preview:-1\" \/>\n<link rel=\"canonical\" href=\"https:\/\/decolights.eu\/pl\/produkt-2\/christmas-tree-150cm\/\" \/>\n<meta property=\"og:locale\" content=\"pl_PL\" \/>\n<meta property=\"og:type\" content=\"article\" \/>\n<meta property=\"og:title\" content=\"Christmas tree 150cm - Best price guarantee - Decolights.eu\" \/>\n<meta property=\"og:description\" content=\"Our Christmas trees are very truthful and beautiful. It will last for decades and will bring joy to you and your family every Christmas! Buy now!\" \/>\n<meta property=\"og:url\" content=\"https:\/\/decolights.eu\/pl\/produkt-2\/christmas-tree-150cm\/\" \/>\n<meta property=\"og:site_name\" content=\"Decolights.eu\" \/>\n<meta property=\"article:modified_time\" content=\"2023-04-29T14:20:41+00:00\" \/>\n<meta property=\"og:image\" content=\"https:\/\/decolights.eu\/wp-content\/uploads\/2023\/04\/607-63-1_MN.png\" \/>\n\t<meta property=\"og:image:width\" content=\"600\" \/>\n\t<meta property=\"og:image:height\" content=\"600\" \/>\n\t<meta property=\"og:image:type\" content=\"image\/png\" \/>\n<meta name=\"twitter:card\" content=\"summary_large_image\" \/>\n<meta name=\"twitter:label1\" content=\"Szacowany czas czytania\" \/>\n\t<meta name=\"twitter:data1\" content=\"1 minuta\" \/>\n<script type=\"application\/ld+json\" class=\"yoast-schema-graph\">{\"@context\":\"https:\\\/\\\/schema.org\",\"@graph\":[{\"@type\":\"WebPage\",\"@id\":\"https:\\\/\\\/decolights.eu\\\/product\\\/christmas-tree-150cm\\\/\",\"url\":\"https:\\\/\\\/decolights.eu\\\/product\\\/christmas-tree-150cm\\\/\",\"name\":\"Christmas tree 150cm - Best price guarantee - Decolights.eu\",\"isPartOf\":{\"@id\":\"https:\\\/\\\/decolights.eu\\\/#website\"},\"primaryImageOfPage\":{\"@id\":\"https:\\\/\\\/decolights.eu\\\/product\\\/christmas-tree-150cm\\\/#primaryimage\"},\"image\":{\"@id\":\"https:\\\/\\\/decolights.eu\\\/product\\\/christmas-tree-150cm\\\/#primaryimage\"},\"thumbnailUrl\":\"https:\\\/\\\/decolights.eu\\\/wp-content\\\/uploads\\\/2023\\\/04\\\/607-63-1_MN.png\",\"datePublished\":\"2023-04-01T04:28:50+00:00\",\"dateModified\":\"2023-04-29T14:20:41+00:00\",\"description\":\"Our Christmas trees are very truthful and beautiful. It will last for decades and will bring joy to you and your family every Christmas! Buy now!\",\"breadcrumb\":{\"@id\":\"https:\\\/\\\/decolights.eu\\\/product\\\/christmas-tree-150cm\\\/#breadcrumb\"},\"inLanguage\":\"pl-PL\",\"potentialAction\":[{\"@type\":\"ReadAction\",\"target\":[\"https:\\\/\\\/decolights.eu\\\/product\\\/christmas-tree-150cm\\\/\"]}]},{\"@type\":\"ImageObject\",\"inLanguage\":\"pl-PL\",\"@id\":\"https:\\\/\\\/decolights.eu\\\/product\\\/christmas-tree-150cm\\\/#primaryimage\",\"url\":\"https:\\\/\\\/decolights.eu\\\/wp-content\\\/uploads\\\/2023\\\/04\\\/607-63-1_MN.png\",\"contentUrl\":\"https:\\\/\\\/decolights.eu\\\/wp-content\\\/uploads\\\/2023\\\/04\\\/607-63-1_MN.png\",\"width\":600,\"height\":600},{\"@type\":\"BreadcrumbList\",\"@id\":\"https:\\\/\\\/decolights.eu\\\/product\\\/christmas-tree-150cm\\\/#breadcrumb\",\"itemListElement\":[{\"@type\":\"ListItem\",\"position\":1,\"name\":\"Shop\",\"item\":\"https:\\\/\\\/decolights.eu\\\/shop\\\/\"},{\"@type\":\"ListItem\",\"position\":2,\"name\":\"Christmas tree 150cm\"}]},{\"@type\":\"WebSite\",\"@id\":\"https:\\\/\\\/decolights.eu\\\/#website\",\"url\":\"https:\\\/\\\/decolights.eu\\\/\",\"name\":\"decolights\",\"description\":\"Led Decorations for Home and Garden\",\"publisher\":{\"@id\":\"https:\\\/\\\/decolights.eu\\\/#organization\"},\"alternateName\":\"decolights.eu\",\"potentialAction\":[{\"@type\":\"SearchAction\",\"target\":{\"@type\":\"EntryPoint\",\"urlTemplate\":\"https:\\\/\\\/decolights.eu\\\/?s={search_term_string}\"},\"query-input\":{\"@type\":\"PropertyValueSpecification\",\"valueRequired\":true,\"valueName\":\"search_term_string\"}}],\"inLanguage\":\"pl-PL\"},{\"@type\":\"Organization\",\"@id\":\"https:\\\/\\\/decolights.eu\\\/#organization\",\"name\":\"decolights\",\"url\":\"https:\\\/\\\/decolights.eu\\\/\",\"logo\":{\"@type\":\"ImageObject\",\"inLanguage\":\"pl-PL\",\"@id\":\"https:\\\/\\\/decolights.eu\\\/#\\\/schema\\\/logo\\\/image\\\/\",\"url\":\"https:\\\/\\\/decolights.eu\\\/wp-content\\\/uploads\\\/2023\\\/07\\\/cropped-decolight-siteicon.png\",\"contentUrl\":\"https:\\\/\\\/decolights.eu\\\/wp-content\\\/uploads\\\/2023\\\/07\\\/cropped-decolight-siteicon.png\",\"width\":512,\"height\":512,\"caption\":\"decolights\"},\"image\":{\"@id\":\"https:\\\/\\\/decolights.eu\\\/#\\\/schema\\\/logo\\\/image\\\/\"}}]}<\/script>\n<!-- \/ Yoast SEO plugin. -->","yoast_head_json":{"title":"Choinka 150cm - Gwarancja najlepszej ceny - Decolights.eu","description":"Nasze choinki s\u0105 bardzo prawdziwe i pi\u0119kne. B\u0119d\u0105 s\u0142u\u017cy\u0107 przez dziesi\u0119ciolecia i b\u0119d\u0105 przynosi\u0107 rado\u015b\u0107 Tobie i Twojej rodzinie ka\u017cdego Bo\u017cego Narodzenia! Kup teraz!","robots":{"index":"index","follow":"follow","max-snippet":"max-snippet:-1","max-image-preview":"max-image-preview:large","max-video-preview":"max-video-preview:-1"},"canonical":"https:\/\/decolights.eu\/pl\/produkt-2\/christmas-tree-150cm\/","og_locale":"pl_PL","og_type":"article","og_title":"Christmas tree 150cm - Best price guarantee - Decolights.eu","og_description":"Our Christmas trees are very truthful and beautiful. It will last for decades and will bring joy to you and your family every Christmas! Buy now!","og_url":"https:\/\/decolights.eu\/pl\/produkt-2\/christmas-tree-150cm\/","og_site_name":"Decolights.eu","article_modified_time":"2023-04-29T14:20:41+00:00","og_image":[{"width":600,"height":600,"url":"https:\/\/decolights.eu\/wp-content\/uploads\/2023\/04\/607-63-1_MN.png","type":"image\/png"}],"twitter_card":"summary_large_image","twitter_misc":{"Szacowany czas czytania":"1 minuta"},"schema":{"@context":"https:\/\/schema.org","@graph":[{"@type":"WebPage","@id":"https:\/\/decolights.eu\/product\/christmas-tree-150cm\/","url":"https:\/\/decolights.eu\/product\/christmas-tree-150cm\/","name":"Choinka 150cm - Gwarancja najlepszej ceny - Decolights.eu","isPartOf":{"@id":"https:\/\/decolights.eu\/#website"},"primaryImageOfPage":{"@id":"https:\/\/decolights.eu\/product\/christmas-tree-150cm\/#primaryimage"},"image":{"@id":"https:\/\/decolights.eu\/product\/christmas-tree-150cm\/#primaryimage"},"thumbnailUrl":"https:\/\/decolights.eu\/wp-content\/uploads\/2023\/04\/607-63-1_MN.png","datePublished":"2023-04-01T04:28:50+00:00","dateModified":"2023-04-29T14:20:41+00:00","description":"Nasze choinki s\u0105 bardzo prawdziwe i pi\u0119kne. B\u0119d\u0105 s\u0142u\u017cy\u0107 przez dziesi\u0119ciolecia i b\u0119d\u0105 przynosi\u0107 rado\u015b\u0107 Tobie i Twojej rodzinie ka\u017cdego Bo\u017cego Narodzenia! Kup teraz!","breadcrumb":{"@id":"https:\/\/decolights.eu\/product\/christmas-tree-150cm\/#breadcrumb"},"inLanguage":"pl-PL","potentialAction":[{"@type":"ReadAction","target":["https:\/\/decolights.eu\/product\/christmas-tree-150cm\/"]}]},{"@type":"ImageObject","inLanguage":"pl-PL","@id":"https:\/\/decolights.eu\/product\/christmas-tree-150cm\/#primaryimage","url":"https:\/\/decolights.eu\/wp-content\/uploads\/2023\/04\/607-63-1_MN.png","contentUrl":"https:\/\/decolights.eu\/wp-content\/uploads\/2023\/04\/607-63-1_MN.png","width":600,"height":600},{"@type":"BreadcrumbList","@id":"https:\/\/decolights.eu\/product\/christmas-tree-150cm\/#breadcrumb","itemListElement":[{"@type":"ListItem","position":1,"name":"Shop","item":"https:\/\/decolights.eu\/shop\/"},{"@type":"ListItem","position":2,"name":"Christmas tree 150cm"}]},{"@type":"WebSite","@id":"https:\/\/decolights.eu\/#website","url":"https:\/\/decolights.eu\/","name":"dekoracje","description":"Dekoracje LED do domu i ogrodu","publisher":{"@id":"https:\/\/decolights.eu\/#organization"},"alternateName":"decolights.eu","potentialAction":[{"@type":"SearchAction","target":{"@type":"EntryPoint","urlTemplate":"https:\/\/decolights.eu\/?s={search_term_string}"},"query-input":{"@type":"PropertyValueSpecification","valueRequired":true,"valueName":"search_term_string"}}],"inLanguage":"pl-PL"},{"@type":"Organization","@id":"https:\/\/decolights.eu\/#organization","name":"dekoracje","url":"https:\/\/decolights.eu\/","logo":{"@type":"ImageObject","inLanguage":"pl-PL","@id":"https:\/\/decolights.eu\/#\/schema\/logo\/image\/","url":"https:\/\/decolights.eu\/wp-content\/uploads\/2023\/07\/cropped-decolight-siteicon.png","contentUrl":"https:\/\/decolights.eu\/wp-content\/uploads\/2023\/07\/cropped-decolight-siteicon.png","width":512,"height":512,"caption":"decolights"},"image":{"@id":"https:\/\/decolights.eu\/#\/schema\/logo\/image\/"}}]}},"jetpack_sharing_enabled":true,"_links":{"self":[{"href":"https:\/\/decolights.eu\/pl\/wp-json\/wp\/v2\/product\/5290","targetHints":{"allow":["GET"]}}],"collection":[{"href":"https:\/\/decolights.eu\/pl\/wp-json\/wp\/v2\/product"}],"about":[{"href":"https:\/\/decolights.eu\/pl\/wp-json\/wp\/v2\/types\/product"}],"replies":[{"embeddable":true,"href":"https:\/\/decolights.eu\/pl\/wp-json\/wp\/v2\/comments?post=5290"}],"wp:featuredmedia":[{"embeddable":true,"href":"https:\/\/decolights.eu\/pl\/wp-json\/wp\/v2\/media\/5366"}],"wp:attachment":[{"href":"https:\/\/decolights.eu\/pl\/wp-json\/wp\/v2\/media?parent=5290"}],"wp:term":[{"taxonomy":"product_brand","embeddable":true,"href":"https:\/\/decolights.eu\/pl\/wp-json\/wp\/v2\/product_brand?post=5290"},{"taxonomy":"product_cat","embeddable":true,"href":"https:\/\/decolights.eu\/pl\/wp-json\/wp\/v2\/product_cat?post=5290"},{"taxonomy":"product_tag","embeddable":true,"href":"https:\/\/decolights.eu\/pl\/wp-json\/wp\/v2\/product_tag?post=5290"}],"curies":[{"name":"wp","href":"https:\/\/api.w.org\/{rel}","templated":true}]}}