{"id":5515,"date":"2023-04-01T04:32:00","date_gmt":"2023-04-01T04:32:00","guid":{"rendered":"https:\/\/decolights.eu\/?post_type=product&#038;p=5515"},"modified":"2023-04-24T12:11:10","modified_gmt":"2023-04-24T12:11:10","slug":"solar-light-chain-chania","status":"publish","type":"product","link":"https:\/\/decolights.eu\/pl\/produkt-2\/solar-light-chain-chania\/","title":{"rendered":"S\u0142oneczny \u0142a\u0144cuch \u015bwietlny Chania"},"content":{"rendered":"<p>\u0141a\u0144cuch \u015bwietlny zasilany energi\u0105 s\u0142oneczn\u0105 z o\u015bmioma du\u017cymi plastikowymi kulkami, ka\u017cda o \u015brednicy 8 cm, w ka\u017cdej kulce znajduje si\u0119 wygrawerowany plastikowy kr\u0105\u017cek, kt\u00f3ry rozprasza ciep\u0142\u0105, bia\u0142\u0105 po\u015bwiat\u0119. Oddzielny panel, kt\u00f3ry u\u0142atwia umieszczenie \u0142a\u0144cucha \u015bwietlnego w cieniu, a panel na s\u0142o\u0144cu.<\/p>\n<ul>\n<li><strong>Kolor diody<\/strong>: ciep\u0142y bia\u0142y<\/li>\n<li><strong>Liczba \u017car\u00f3wek<\/strong><strong>: <\/strong>8szt<\/li>\n<li><strong>D\u0142ugo\u015b\u0107 ca\u0142kowita (z przewodem zasilaj\u0105cym): <\/strong>4,45 mln<\/li>\n<li><strong>D\u0142ugo\u015b\u0107 \u015bwiat\u0142a:\u00a0<\/strong>2,45 mln<\/li>\n<li><strong>Przew\u00f3d zasilaj\u0105cy:<\/strong> 2M<\/li>\n<li><strong>Rozmiar \u017car\u00f3wki:\u00a0<\/strong>8CM<\/li>\n<li><strong>Rozstaw mi\u0119dzy \u017car\u00f3wkami:<\/strong> 35CM<\/li>\n<li><strong>Kolor kabla: <\/strong>przezroczysty<\/li>\n<li><strong>Klasa IP: <\/strong>IP44<\/li>\n<li><strong>\u0179r\u00f3d\u0142o pr\u0105du:\u00a0<\/strong>S\u0142oneczny<\/li>\n<li><strong>Regulator czasowy:\u00a0<\/strong>\u015awieci w ciemno\u015bci<\/li>\n<li><strong>Materia\u0142 kabla:\u00a0<\/strong>PCW<\/li>\n<li><strong>Mo\u017cliwo\u015b\u0107 pod\u0142\u0105czenia:\u00a0<\/strong>NIE<\/li>\n<li><strong>Za\u015blepka\/gniazdo:\u00a0<\/strong>Niewymienne<\/li>\n<li><strong>Certyfikat CE:\u00a0<\/strong>Tak<\/li>\n<li>\u017bar\u00f3wki:<\/li>\n<li>1,2V DC 0,24W<\/li>\n<\/ul>","protected":false},"excerpt":{"rendered":"<p>Solar-powered light chain with eight large plastic balls, each 8 cm, in each ball there is an engraved plastic disc that spreads out the warm white glow. Separate panel that makes it easy to have the light chain placed in the shadow, and the panel into the sun. LED colour: warm white Number of bulbs: [&#8230;]\n","protected":false},"featured_media":5621,"comment_status":"open","ping_status":"closed","template":"","meta":[],"product_brand":[],"product_cat":[226,195,232,171],"product_tag":[],"class_list":{"0":"post-5515","1":"product","2":"type-product","3":"status-publish","4":"has-post-thumbnail","6":"product_cat-outdoor-lights","7":"product_cat-solar-festoon-lights","8":"product_cat-solar-festoon-lights-outdoor-lights","9":"product_cat-solar-lights","10":"pa_brand-deco","11":"pa_led-colour-warm-white","13":"first","14":"instock","15":"sale","16":"shipping-taxable","17":"purchasable","18":"product-type-simple"},"yoast_head":"<!-- This site is optimized with the Yoast SEO plugin v27.3 - https:\/\/yoast.com\/product\/yoast-seo-wordpress\/ -->\n<title>Solar light chain Chania - Best price - Decolights.eu<\/title>\n<meta name=\"description\" content=\"Decorate your patio or garden with a nice solar LED light chain to get a cosy atmosphere. Do not hesitate and buy now the get the best price!\" \/>\n<meta name=\"robots\" content=\"index, follow, max-snippet:-1, max-image-preview:large, max-video-preview:-1\" \/>\n<link rel=\"canonical\" href=\"https:\/\/decolights.eu\/pl\/produkt-2\/solar-light-chain-chania\/\" \/>\n<meta property=\"og:locale\" content=\"pl_PL\" \/>\n<meta property=\"og:type\" content=\"article\" \/>\n<meta property=\"og:title\" content=\"Solar light chain Chania - Best price - Decolights.eu\" \/>\n<meta property=\"og:description\" content=\"Decorate your patio or garden with a nice solar LED light chain to get a cosy atmosphere. Do not hesitate and buy now the get the best price!\" \/>\n<meta property=\"og:url\" content=\"https:\/\/decolights.eu\/pl\/produkt-2\/solar-light-chain-chania\/\" \/>\n<meta property=\"og:site_name\" content=\"Decolights.eu\" \/>\n<meta property=\"article:modified_time\" content=\"2023-04-24T12:11:10+00:00\" \/>\n<meta property=\"og:image\" content=\"https:\/\/decolights.eu\/wp-content\/uploads\/2023\/04\/481-05_M2.png\" \/>\n\t<meta property=\"og:image:width\" content=\"600\" \/>\n\t<meta property=\"og:image:height\" content=\"602\" \/>\n\t<meta property=\"og:image:type\" content=\"image\/png\" \/>\n<meta name=\"twitter:card\" content=\"summary_large_image\" \/>\n<meta name=\"twitter:label1\" content=\"Szacowany czas czytania\" \/>\n\t<meta name=\"twitter:data1\" content=\"1 minuta\" \/>\n<script type=\"application\/ld+json\" class=\"yoast-schema-graph\">{\"@context\":\"https:\\\/\\\/schema.org\",\"@graph\":[{\"@type\":\"WebPage\",\"@id\":\"https:\\\/\\\/decolights.eu\\\/product\\\/solar-light-chain-chania\\\/\",\"url\":\"https:\\\/\\\/decolights.eu\\\/product\\\/solar-light-chain-chania\\\/\",\"name\":\"Solar light chain Chania - Best price - Decolights.eu\",\"isPartOf\":{\"@id\":\"https:\\\/\\\/decolights.eu\\\/#website\"},\"primaryImageOfPage\":{\"@id\":\"https:\\\/\\\/decolights.eu\\\/product\\\/solar-light-chain-chania\\\/#primaryimage\"},\"image\":{\"@id\":\"https:\\\/\\\/decolights.eu\\\/product\\\/solar-light-chain-chania\\\/#primaryimage\"},\"thumbnailUrl\":\"https:\\\/\\\/decolights.eu\\\/wp-content\\\/uploads\\\/2023\\\/04\\\/481-05_M2.png\",\"datePublished\":\"2023-04-01T04:32:00+00:00\",\"dateModified\":\"2023-04-24T12:11:10+00:00\",\"description\":\"Decorate your patio or garden with a nice solar LED light chain to get a cosy atmosphere. Do not hesitate and buy now the get the best price!\",\"breadcrumb\":{\"@id\":\"https:\\\/\\\/decolights.eu\\\/product\\\/solar-light-chain-chania\\\/#breadcrumb\"},\"inLanguage\":\"pl-PL\",\"potentialAction\":[{\"@type\":\"ReadAction\",\"target\":[\"https:\\\/\\\/decolights.eu\\\/product\\\/solar-light-chain-chania\\\/\"]}]},{\"@type\":\"ImageObject\",\"inLanguage\":\"pl-PL\",\"@id\":\"https:\\\/\\\/decolights.eu\\\/product\\\/solar-light-chain-chania\\\/#primaryimage\",\"url\":\"https:\\\/\\\/decolights.eu\\\/wp-content\\\/uploads\\\/2023\\\/04\\\/481-05_M2.png\",\"contentUrl\":\"https:\\\/\\\/decolights.eu\\\/wp-content\\\/uploads\\\/2023\\\/04\\\/481-05_M2.png\",\"width\":600,\"height\":602},{\"@type\":\"BreadcrumbList\",\"@id\":\"https:\\\/\\\/decolights.eu\\\/product\\\/solar-light-chain-chania\\\/#breadcrumb\",\"itemListElement\":[{\"@type\":\"ListItem\",\"position\":1,\"name\":\"Shop\",\"item\":\"https:\\\/\\\/decolights.eu\\\/shop\\\/\"},{\"@type\":\"ListItem\",\"position\":2,\"name\":\"Solar light chain Chania\"}]},{\"@type\":\"WebSite\",\"@id\":\"https:\\\/\\\/decolights.eu\\\/#website\",\"url\":\"https:\\\/\\\/decolights.eu\\\/\",\"name\":\"decolights\",\"description\":\"Led Decorations for Home and Garden\",\"publisher\":{\"@id\":\"https:\\\/\\\/decolights.eu\\\/#organization\"},\"alternateName\":\"decolights.eu\",\"potentialAction\":[{\"@type\":\"SearchAction\",\"target\":{\"@type\":\"EntryPoint\",\"urlTemplate\":\"https:\\\/\\\/decolights.eu\\\/?s={search_term_string}\"},\"query-input\":{\"@type\":\"PropertyValueSpecification\",\"valueRequired\":true,\"valueName\":\"search_term_string\"}}],\"inLanguage\":\"pl-PL\"},{\"@type\":\"Organization\",\"@id\":\"https:\\\/\\\/decolights.eu\\\/#organization\",\"name\":\"decolights\",\"url\":\"https:\\\/\\\/decolights.eu\\\/\",\"logo\":{\"@type\":\"ImageObject\",\"inLanguage\":\"pl-PL\",\"@id\":\"https:\\\/\\\/decolights.eu\\\/#\\\/schema\\\/logo\\\/image\\\/\",\"url\":\"https:\\\/\\\/decolights.eu\\\/wp-content\\\/uploads\\\/2023\\\/07\\\/cropped-decolight-siteicon.png\",\"contentUrl\":\"https:\\\/\\\/decolights.eu\\\/wp-content\\\/uploads\\\/2023\\\/07\\\/cropped-decolight-siteicon.png\",\"width\":512,\"height\":512,\"caption\":\"decolights\"},\"image\":{\"@id\":\"https:\\\/\\\/decolights.eu\\\/#\\\/schema\\\/logo\\\/image\\\/\"}}]}<\/script>\n<!-- \/ Yoast SEO plugin. -->","yoast_head_json":{"title":"Solarny \u0142a\u0144cuch \u015bwietlny Chania - Najlepsza cena - Decolights.eu","description":"Udekoruj swoje patio lub ogr\u00f3d \u0142adnym \u0142a\u0144cuchem \u015bwietlnym LED na energi\u0119 s\u0142oneczn\u0105, aby uzyska\u0107 przytuln\u0105 atmosfer\u0119. Nie wahaj si\u0119 i kup teraz, aby uzyska\u0107 najlepsz\u0105 cen\u0119!","robots":{"index":"index","follow":"follow","max-snippet":"max-snippet:-1","max-image-preview":"max-image-preview:large","max-video-preview":"max-video-preview:-1"},"canonical":"https:\/\/decolights.eu\/pl\/produkt-2\/solar-light-chain-chania\/","og_locale":"pl_PL","og_type":"article","og_title":"Solar light chain Chania - Best price - Decolights.eu","og_description":"Decorate your patio or garden with a nice solar LED light chain to get a cosy atmosphere. Do not hesitate and buy now the get the best price!","og_url":"https:\/\/decolights.eu\/pl\/produkt-2\/solar-light-chain-chania\/","og_site_name":"Decolights.eu","article_modified_time":"2023-04-24T12:11:10+00:00","og_image":[{"width":600,"height":602,"url":"https:\/\/decolights.eu\/wp-content\/uploads\/2023\/04\/481-05_M2.png","type":"image\/png"}],"twitter_card":"summary_large_image","twitter_misc":{"Szacowany czas czytania":"1 minuta"},"schema":{"@context":"https:\/\/schema.org","@graph":[{"@type":"WebPage","@id":"https:\/\/decolights.eu\/product\/solar-light-chain-chania\/","url":"https:\/\/decolights.eu\/product\/solar-light-chain-chania\/","name":"Solarny \u0142a\u0144cuch \u015bwietlny Chania - Najlepsza cena - Decolights.eu","isPartOf":{"@id":"https:\/\/decolights.eu\/#website"},"primaryImageOfPage":{"@id":"https:\/\/decolights.eu\/product\/solar-light-chain-chania\/#primaryimage"},"image":{"@id":"https:\/\/decolights.eu\/product\/solar-light-chain-chania\/#primaryimage"},"thumbnailUrl":"https:\/\/decolights.eu\/wp-content\/uploads\/2023\/04\/481-05_M2.png","datePublished":"2023-04-01T04:32:00+00:00","dateModified":"2023-04-24T12:11:10+00:00","description":"Udekoruj swoje patio lub ogr\u00f3d \u0142adnym \u0142a\u0144cuchem \u015bwietlnym LED na energi\u0119 s\u0142oneczn\u0105, aby uzyska\u0107 przytuln\u0105 atmosfer\u0119. Nie wahaj si\u0119 i kup teraz, aby uzyska\u0107 najlepsz\u0105 cen\u0119!","breadcrumb":{"@id":"https:\/\/decolights.eu\/product\/solar-light-chain-chania\/#breadcrumb"},"inLanguage":"pl-PL","potentialAction":[{"@type":"ReadAction","target":["https:\/\/decolights.eu\/product\/solar-light-chain-chania\/"]}]},{"@type":"ImageObject","inLanguage":"pl-PL","@id":"https:\/\/decolights.eu\/product\/solar-light-chain-chania\/#primaryimage","url":"https:\/\/decolights.eu\/wp-content\/uploads\/2023\/04\/481-05_M2.png","contentUrl":"https:\/\/decolights.eu\/wp-content\/uploads\/2023\/04\/481-05_M2.png","width":600,"height":602},{"@type":"BreadcrumbList","@id":"https:\/\/decolights.eu\/product\/solar-light-chain-chania\/#breadcrumb","itemListElement":[{"@type":"ListItem","position":1,"name":"Shop","item":"https:\/\/decolights.eu\/shop\/"},{"@type":"ListItem","position":2,"name":"Solar light chain Chania"}]},{"@type":"WebSite","@id":"https:\/\/decolights.eu\/#website","url":"https:\/\/decolights.eu\/","name":"dekoracje","description":"Dekoracje LED do domu i ogrodu","publisher":{"@id":"https:\/\/decolights.eu\/#organization"},"alternateName":"decolights.eu","potentialAction":[{"@type":"SearchAction","target":{"@type":"EntryPoint","urlTemplate":"https:\/\/decolights.eu\/?s={search_term_string}"},"query-input":{"@type":"PropertyValueSpecification","valueRequired":true,"valueName":"search_term_string"}}],"inLanguage":"pl-PL"},{"@type":"Organization","@id":"https:\/\/decolights.eu\/#organization","name":"dekoracje","url":"https:\/\/decolights.eu\/","logo":{"@type":"ImageObject","inLanguage":"pl-PL","@id":"https:\/\/decolights.eu\/#\/schema\/logo\/image\/","url":"https:\/\/decolights.eu\/wp-content\/uploads\/2023\/07\/cropped-decolight-siteicon.png","contentUrl":"https:\/\/decolights.eu\/wp-content\/uploads\/2023\/07\/cropped-decolight-siteicon.png","width":512,"height":512,"caption":"decolights"},"image":{"@id":"https:\/\/decolights.eu\/#\/schema\/logo\/image\/"}}]}},"jetpack_sharing_enabled":true,"_links":{"self":[{"href":"https:\/\/decolights.eu\/pl\/wp-json\/wp\/v2\/product\/5515","targetHints":{"allow":["GET"]}}],"collection":[{"href":"https:\/\/decolights.eu\/pl\/wp-json\/wp\/v2\/product"}],"about":[{"href":"https:\/\/decolights.eu\/pl\/wp-json\/wp\/v2\/types\/product"}],"replies":[{"embeddable":true,"href":"https:\/\/decolights.eu\/pl\/wp-json\/wp\/v2\/comments?post=5515"}],"wp:featuredmedia":[{"embeddable":true,"href":"https:\/\/decolights.eu\/pl\/wp-json\/wp\/v2\/media\/5621"}],"wp:attachment":[{"href":"https:\/\/decolights.eu\/pl\/wp-json\/wp\/v2\/media?parent=5515"}],"wp:term":[{"taxonomy":"product_brand","embeddable":true,"href":"https:\/\/decolights.eu\/pl\/wp-json\/wp\/v2\/product_brand?post=5515"},{"taxonomy":"product_cat","embeddable":true,"href":"https:\/\/decolights.eu\/pl\/wp-json\/wp\/v2\/product_cat?post=5515"},{"taxonomy":"product_tag","embeddable":true,"href":"https:\/\/decolights.eu\/pl\/wp-json\/wp\/v2\/product_tag?post=5515"}],"curies":[{"name":"wp","href":"https:\/\/api.w.org\/{rel}","templated":true}]}}