{"id":5612,"date":"2023-04-01T04:33:34","date_gmt":"2023-04-01T04:33:34","guid":{"rendered":"https:\/\/decolights.eu\/?post_type=product&#038;p=5612"},"modified":"2023-04-23T11:12:42","modified_gmt":"2023-04-23T11:12:42","slug":"y-splitter-for-pro-icicle-and-string-lights-1-in-2-out","status":"publish","type":"product","link":"https:\/\/decolights.eu\/pl\/produkt-2\/y-splitter-for-pro-icicle-and-string-lights-1-in-2-out\/","title":{"rendered":"Y-Splitter do \u015bwiate\u0142 sopelkowych i sznurkowych PRO (1 wej\u015bcie, 2 wyj\u015bcia)"},"content":{"rendered":"<p>Y-Splitter do \u015bwiate\u0142 sopelkowych i sznurkowych PRO (1 wej\u015bcie, 2 wyj\u015bcia)<\/p>\n<ul>\n<li><strong>D\u0142ugo\u015b\u0107:<\/strong> 0,25m + 2x0,25m<\/li>\n<li><strong>Kolor:<\/strong> czarny<\/li>\n<li><strong>Klasa IP: <\/strong>IP65<\/li>\n<li>Nadaje si\u0119 tylko do naszej serii IP65<\/li>\n<\/ul>","protected":false},"excerpt":{"rendered":"<p>Y-Splitter for PRO icicle and string lights (1 in, 2 out) Length: 0.25m + 2 x 0.25m Colour: black IP Rating: IP65 Suitable only for our IP65 series<\/p>","protected":false},"featured_media":5715,"comment_status":"open","ping_status":"closed","template":"","meta":[],"product_brand":[],"product_cat":[211,212],"product_tag":[],"class_list":{"0":"post-5612","1":"product","2":"type-product","3":"status-publish","4":"has-post-thumbnail","6":"product_cat-accessories","7":"product_cat-pro-accessories","8":"pa_brand-deco","10":"first","11":"instock","12":"sale","13":"shipping-taxable","14":"purchasable","15":"product-type-simple"},"yoast_head":"<!-- This site is optimized with the Yoast SEO plugin v27.3 - https:\/\/yoast.com\/product\/yoast-seo-wordpress\/ -->\n<title>Y-Splitter for PRO icicle and string lights (1 in, 2 out) - Best price - Decolights.eu<\/title>\n<meta name=\"description\" content=\"Splitter cable is a great accessory for decoration. It allows you to extend the reach of your lights and place them in more creative and unique locations.\" \/>\n<meta name=\"robots\" content=\"index, follow, max-snippet:-1, max-image-preview:large, max-video-preview:-1\" \/>\n<link rel=\"canonical\" href=\"https:\/\/decolights.eu\/pl\/produkt-2\/y-splitter-for-pro-icicle-and-string-lights-1-in-2-out\/\" \/>\n<meta property=\"og:locale\" content=\"pl_PL\" \/>\n<meta property=\"og:type\" content=\"article\" \/>\n<meta property=\"og:title\" content=\"Y-Splitter for PRO icicle and string lights (1 in, 2 out) - Best price - Decolights.eu\" \/>\n<meta property=\"og:description\" content=\"Splitter cable is a great accessory for decoration. It allows you to extend the reach of your lights and place them in more creative and unique locations.\" \/>\n<meta property=\"og:url\" content=\"https:\/\/decolights.eu\/pl\/produkt-2\/y-splitter-for-pro-icicle-and-string-lights-1-in-2-out\/\" \/>\n<meta property=\"og:site_name\" content=\"Decolights.eu\" \/>\n<meta property=\"article:modified_time\" content=\"2023-04-23T11:12:42+00:00\" \/>\n<meta property=\"og:image\" content=\"https:\/\/decolights.eu\/wp-content\/uploads\/2023\/04\/0-02-05-c164e448222b58e9535bf5d9b23d7aea1ca5b79f447d53881b03520e07ba5fbe_399c3015e6c5537b.jpg\" \/>\n\t<meta property=\"og:image:width\" content=\"1800\" \/>\n\t<meta property=\"og:image:height\" content=\"2197\" \/>\n\t<meta property=\"og:image:type\" content=\"image\/jpeg\" \/>\n<meta name=\"twitter:card\" content=\"summary_large_image\" \/>\n<meta name=\"twitter:label1\" content=\"Szacowany czas czytania\" \/>\n\t<meta name=\"twitter:data1\" content=\"1 minuta\" \/>\n<script type=\"application\/ld+json\" class=\"yoast-schema-graph\">{\"@context\":\"https:\\\/\\\/schema.org\",\"@graph\":[{\"@type\":\"WebPage\",\"@id\":\"https:\\\/\\\/decolights.eu\\\/product\\\/y-splitter-for-pro-icicle-and-string-lights-1-in-2-out\\\/\",\"url\":\"https:\\\/\\\/decolights.eu\\\/product\\\/y-splitter-for-pro-icicle-and-string-lights-1-in-2-out\\\/\",\"name\":\"Y-Splitter for PRO icicle and string lights (1 in, 2 out) - Best price - Decolights.eu\",\"isPartOf\":{\"@id\":\"https:\\\/\\\/decolights.eu\\\/#website\"},\"primaryImageOfPage\":{\"@id\":\"https:\\\/\\\/decolights.eu\\\/product\\\/y-splitter-for-pro-icicle-and-string-lights-1-in-2-out\\\/#primaryimage\"},\"image\":{\"@id\":\"https:\\\/\\\/decolights.eu\\\/product\\\/y-splitter-for-pro-icicle-and-string-lights-1-in-2-out\\\/#primaryimage\"},\"thumbnailUrl\":\"https:\\\/\\\/decolights.eu\\\/wp-content\\\/uploads\\\/2023\\\/04\\\/0-02-05-c164e448222b58e9535bf5d9b23d7aea1ca5b79f447d53881b03520e07ba5fbe_399c3015e6c5537b.jpg\",\"datePublished\":\"2023-04-01T04:33:34+00:00\",\"dateModified\":\"2023-04-23T11:12:42+00:00\",\"description\":\"Splitter cable is a great accessory for decoration. It allows you to extend the reach of your lights and place them in more creative and unique locations.\",\"breadcrumb\":{\"@id\":\"https:\\\/\\\/decolights.eu\\\/product\\\/y-splitter-for-pro-icicle-and-string-lights-1-in-2-out\\\/#breadcrumb\"},\"inLanguage\":\"pl-PL\",\"potentialAction\":[{\"@type\":\"ReadAction\",\"target\":[\"https:\\\/\\\/decolights.eu\\\/product\\\/y-splitter-for-pro-icicle-and-string-lights-1-in-2-out\\\/\"]}]},{\"@type\":\"ImageObject\",\"inLanguage\":\"pl-PL\",\"@id\":\"https:\\\/\\\/decolights.eu\\\/product\\\/y-splitter-for-pro-icicle-and-string-lights-1-in-2-out\\\/#primaryimage\",\"url\":\"https:\\\/\\\/decolights.eu\\\/wp-content\\\/uploads\\\/2023\\\/04\\\/0-02-05-c164e448222b58e9535bf5d9b23d7aea1ca5b79f447d53881b03520e07ba5fbe_399c3015e6c5537b.jpg\",\"contentUrl\":\"https:\\\/\\\/decolights.eu\\\/wp-content\\\/uploads\\\/2023\\\/04\\\/0-02-05-c164e448222b58e9535bf5d9b23d7aea1ca5b79f447d53881b03520e07ba5fbe_399c3015e6c5537b.jpg\",\"width\":1800,\"height\":2197},{\"@type\":\"BreadcrumbList\",\"@id\":\"https:\\\/\\\/decolights.eu\\\/product\\\/y-splitter-for-pro-icicle-and-string-lights-1-in-2-out\\\/#breadcrumb\",\"itemListElement\":[{\"@type\":\"ListItem\",\"position\":1,\"name\":\"Shop\",\"item\":\"https:\\\/\\\/decolights.eu\\\/shop\\\/\"},{\"@type\":\"ListItem\",\"position\":2,\"name\":\"Y-Splitter for PRO icicle and string lights (1 in, 2 out)\"}]},{\"@type\":\"WebSite\",\"@id\":\"https:\\\/\\\/decolights.eu\\\/#website\",\"url\":\"https:\\\/\\\/decolights.eu\\\/\",\"name\":\"decolights\",\"description\":\"Led Decorations for Home and Garden\",\"publisher\":{\"@id\":\"https:\\\/\\\/decolights.eu\\\/#organization\"},\"alternateName\":\"decolights.eu\",\"potentialAction\":[{\"@type\":\"SearchAction\",\"target\":{\"@type\":\"EntryPoint\",\"urlTemplate\":\"https:\\\/\\\/decolights.eu\\\/?s={search_term_string}\"},\"query-input\":{\"@type\":\"PropertyValueSpecification\",\"valueRequired\":true,\"valueName\":\"search_term_string\"}}],\"inLanguage\":\"pl-PL\"},{\"@type\":\"Organization\",\"@id\":\"https:\\\/\\\/decolights.eu\\\/#organization\",\"name\":\"decolights\",\"url\":\"https:\\\/\\\/decolights.eu\\\/\",\"logo\":{\"@type\":\"ImageObject\",\"inLanguage\":\"pl-PL\",\"@id\":\"https:\\\/\\\/decolights.eu\\\/#\\\/schema\\\/logo\\\/image\\\/\",\"url\":\"https:\\\/\\\/decolights.eu\\\/wp-content\\\/uploads\\\/2023\\\/07\\\/cropped-decolight-siteicon.png\",\"contentUrl\":\"https:\\\/\\\/decolights.eu\\\/wp-content\\\/uploads\\\/2023\\\/07\\\/cropped-decolight-siteicon.png\",\"width\":512,\"height\":512,\"caption\":\"decolights\"},\"image\":{\"@id\":\"https:\\\/\\\/decolights.eu\\\/#\\\/schema\\\/logo\\\/image\\\/\"}}]}<\/script>\n<!-- \/ Yoast SEO plugin. -->","yoast_head_json":{"title":"Y-Splitter do lamp sopelkowych i \u0142a\u0144cuchowych PRO (1 wej\u015bcie, 2 wyj\u015bcia) - Najlepsza cena - Decolights.eu","description":"Kabel rozga\u0142\u0119\u017any to \u015bwietny dodatek do dekoracji. Pozwala rozszerzy\u0107 zasi\u0119g \u015bwiate\u0142 i umie\u015bci\u0107 je w bardziej kreatywnych i unikalnych miejscach.","robots":{"index":"index","follow":"follow","max-snippet":"max-snippet:-1","max-image-preview":"max-image-preview:large","max-video-preview":"max-video-preview:-1"},"canonical":"https:\/\/decolights.eu\/pl\/produkt-2\/y-splitter-for-pro-icicle-and-string-lights-1-in-2-out\/","og_locale":"pl_PL","og_type":"article","og_title":"Y-Splitter for PRO icicle and string lights (1 in, 2 out) - Best price - Decolights.eu","og_description":"Splitter cable is a great accessory for decoration. It allows you to extend the reach of your lights and place them in more creative and unique locations.","og_url":"https:\/\/decolights.eu\/pl\/produkt-2\/y-splitter-for-pro-icicle-and-string-lights-1-in-2-out\/","og_site_name":"Decolights.eu","article_modified_time":"2023-04-23T11:12:42+00:00","og_image":[{"width":1800,"height":2197,"url":"https:\/\/decolights.eu\/wp-content\/uploads\/2023\/04\/0-02-05-c164e448222b58e9535bf5d9b23d7aea1ca5b79f447d53881b03520e07ba5fbe_399c3015e6c5537b.jpg","type":"image\/jpeg"}],"twitter_card":"summary_large_image","twitter_misc":{"Szacowany czas czytania":"1 minuta"},"schema":{"@context":"https:\/\/schema.org","@graph":[{"@type":"WebPage","@id":"https:\/\/decolights.eu\/product\/y-splitter-for-pro-icicle-and-string-lights-1-in-2-out\/","url":"https:\/\/decolights.eu\/product\/y-splitter-for-pro-icicle-and-string-lights-1-in-2-out\/","name":"Y-Splitter do lamp sopelkowych i \u0142a\u0144cuchowych PRO (1 wej\u015bcie, 2 wyj\u015bcia) - Najlepsza cena - Decolights.eu","isPartOf":{"@id":"https:\/\/decolights.eu\/#website"},"primaryImageOfPage":{"@id":"https:\/\/decolights.eu\/product\/y-splitter-for-pro-icicle-and-string-lights-1-in-2-out\/#primaryimage"},"image":{"@id":"https:\/\/decolights.eu\/product\/y-splitter-for-pro-icicle-and-string-lights-1-in-2-out\/#primaryimage"},"thumbnailUrl":"https:\/\/decolights.eu\/wp-content\/uploads\/2023\/04\/0-02-05-c164e448222b58e9535bf5d9b23d7aea1ca5b79f447d53881b03520e07ba5fbe_399c3015e6c5537b.jpg","datePublished":"2023-04-01T04:33:34+00:00","dateModified":"2023-04-23T11:12:42+00:00","description":"Kabel rozga\u0142\u0119\u017any to \u015bwietny dodatek do dekoracji. Pozwala rozszerzy\u0107 zasi\u0119g \u015bwiate\u0142 i umie\u015bci\u0107 je w bardziej kreatywnych i unikalnych miejscach.","breadcrumb":{"@id":"https:\/\/decolights.eu\/product\/y-splitter-for-pro-icicle-and-string-lights-1-in-2-out\/#breadcrumb"},"inLanguage":"pl-PL","potentialAction":[{"@type":"ReadAction","target":["https:\/\/decolights.eu\/product\/y-splitter-for-pro-icicle-and-string-lights-1-in-2-out\/"]}]},{"@type":"ImageObject","inLanguage":"pl-PL","@id":"https:\/\/decolights.eu\/product\/y-splitter-for-pro-icicle-and-string-lights-1-in-2-out\/#primaryimage","url":"https:\/\/decolights.eu\/wp-content\/uploads\/2023\/04\/0-02-05-c164e448222b58e9535bf5d9b23d7aea1ca5b79f447d53881b03520e07ba5fbe_399c3015e6c5537b.jpg","contentUrl":"https:\/\/decolights.eu\/wp-content\/uploads\/2023\/04\/0-02-05-c164e448222b58e9535bf5d9b23d7aea1ca5b79f447d53881b03520e07ba5fbe_399c3015e6c5537b.jpg","width":1800,"height":2197},{"@type":"BreadcrumbList","@id":"https:\/\/decolights.eu\/product\/y-splitter-for-pro-icicle-and-string-lights-1-in-2-out\/#breadcrumb","itemListElement":[{"@type":"ListItem","position":1,"name":"Shop","item":"https:\/\/decolights.eu\/shop\/"},{"@type":"ListItem","position":2,"name":"Y-Splitter for PRO icicle and string lights (1 in, 2 out)"}]},{"@type":"WebSite","@id":"https:\/\/decolights.eu\/#website","url":"https:\/\/decolights.eu\/","name":"dekoracje","description":"Dekoracje LED do domu i ogrodu","publisher":{"@id":"https:\/\/decolights.eu\/#organization"},"alternateName":"decolights.eu","potentialAction":[{"@type":"SearchAction","target":{"@type":"EntryPoint","urlTemplate":"https:\/\/decolights.eu\/?s={search_term_string}"},"query-input":{"@type":"PropertyValueSpecification","valueRequired":true,"valueName":"search_term_string"}}],"inLanguage":"pl-PL"},{"@type":"Organization","@id":"https:\/\/decolights.eu\/#organization","name":"dekoracje","url":"https:\/\/decolights.eu\/","logo":{"@type":"ImageObject","inLanguage":"pl-PL","@id":"https:\/\/decolights.eu\/#\/schema\/logo\/image\/","url":"https:\/\/decolights.eu\/wp-content\/uploads\/2023\/07\/cropped-decolight-siteicon.png","contentUrl":"https:\/\/decolights.eu\/wp-content\/uploads\/2023\/07\/cropped-decolight-siteicon.png","width":512,"height":512,"caption":"decolights"},"image":{"@id":"https:\/\/decolights.eu\/#\/schema\/logo\/image\/"}}]}},"jetpack_sharing_enabled":true,"_links":{"self":[{"href":"https:\/\/decolights.eu\/pl\/wp-json\/wp\/v2\/product\/5612","targetHints":{"allow":["GET"]}}],"collection":[{"href":"https:\/\/decolights.eu\/pl\/wp-json\/wp\/v2\/product"}],"about":[{"href":"https:\/\/decolights.eu\/pl\/wp-json\/wp\/v2\/types\/product"}],"replies":[{"embeddable":true,"href":"https:\/\/decolights.eu\/pl\/wp-json\/wp\/v2\/comments?post=5612"}],"wp:featuredmedia":[{"embeddable":true,"href":"https:\/\/decolights.eu\/pl\/wp-json\/wp\/v2\/media\/5715"}],"wp:attachment":[{"href":"https:\/\/decolights.eu\/pl\/wp-json\/wp\/v2\/media?parent=5612"}],"wp:term":[{"taxonomy":"product_brand","embeddable":true,"href":"https:\/\/decolights.eu\/pl\/wp-json\/wp\/v2\/product_brand?post=5612"},{"taxonomy":"product_cat","embeddable":true,"href":"https:\/\/decolights.eu\/pl\/wp-json\/wp\/v2\/product_cat?post=5612"},{"taxonomy":"product_tag","embeddable":true,"href":"https:\/\/decolights.eu\/pl\/wp-json\/wp\/v2\/product_tag?post=5612"}],"curies":[{"name":"wp","href":"https:\/\/api.w.org\/{rel}","templated":true}]}}